{"id":58701,"date":"2026-04-26T09:17:25","date_gmt":"2026-04-26T09:17:25","guid":{"rendered":""},"modified":"2026-04-26T09:17:25","modified_gmt":"2026-04-26T09:17:25","slug":"znackovy-sapho-vienna-nastenna-sprchova-baterie-bronz-vo011br-58701","status":"publish","type":"product","link":"https:\/\/www.koupelnapro.com\/index.php\/produkt\/znackovy-sapho-vienna-nastenna-sprchova-baterie-bronz-vo011br-58701\/","title":{"rendered":"Zna\u010dkov\u00fd Sapho VIENNA n\u00e1st\u011bnn\u00e1 sprchov\u00e1 baterie, bronz VO011BR"},"content":{"rendered":"<div class=\"basic-description\">\n<h3>Detailn\u00ed popis produktu<\/h3>\n<p><\/p>\n<p style=\"text-align: justify;\">Retro styl je v dne\u0161n\u00ed dob\u011b v kurzu. Nab\u00eddka vodovodn\u00edch bateri\u00ed kombinuje vzhled retro s pokro\u010dilou technologi\u00ed. V s\u00e9rii VIENNA naleznete p\u00e1kov\u00e9 baterie s b\u00edlou p\u00e1\u010dkou. Na v\u00fdb\u011br je proveden\u00ed v chromu a bronzu.&nbsp;<\/p>\n<h2 class=\"props-title\">Vlastnosti<\/h2>\n<table>\n<tr>\n<th>Zna\u010dka<\/th>\n<td>SAPHO<\/td>\n<\/tr>\n<tr>\n<th>S\u00e9rie<\/th>\n<td>VIENNA<\/td>\n<\/tr>\n<tr>\n<th>3D model<\/th>\n<td>ANO<\/td>\n<\/tr>\n<tr>\n<th>\u0160\u00ed\u0159ka<\/th>\n<td>281&nbsp;mm<\/td>\n<\/tr>\n<tr>\n<th>Hloubka<\/th>\n<td>144&nbsp;mm<\/td>\n<\/tr>\n<tr>\n<th>Barva<\/th>\n<td>Bronz<\/td>\n<\/tr>\n<tr>\n<th>Materi\u00e1l<\/th>\n<td>Mosaz<\/td>\n<\/tr>\n<tr>\n<th>Tvar<\/th>\n<td>Retro<\/td>\n<\/tr>\n<tr>\n<th>Instalace<\/th>\n<td>N\u00e1st\u011bnn\u00e1 150 mm<\/td>\n<\/tr>\n<tr>\n<th>Druh ovl\u00e1d\u00e1n\u00ed<\/th>\n<td>P\u00e1ka<\/td>\n<\/tr>\n<tr>\n<th>Pr\u016fm\u011br kartu\u0161e<\/th>\n<td>35&nbsp;mm<\/td>\n<\/tr>\n<tr>\n<th>Hmotnost \/ ks<\/th>\n<td>2.2010&nbsp;kg<\/td>\n<\/tr>\n<tr>\n<th>Balen\u00ed<\/th>\n<td>1&nbsp;ks<\/td>\n<\/tr>\n<tr>\n<th>EAN<\/th>\n<td>8590913866630<\/td>\n<\/tr>\n<tr>\n<th>Taric<\/th>\n<td>84818011<\/td>\n<\/tr>\n<tr>\n<th>Z\u00e1ruka<\/th>\n<td>5 let<\/td>\n<\/tr>\n<\/table>\n<p>   Upozorn\u011bn\u00ed pro z\u00e1kazn\u00edky ke koupi produkt\u016f na objedn\u00e1n\u00ed: Toto zbo\u017e\u00ed nen\u00ed standardn\u00edm s\u00e9riov\u00fdm v\u00fdrobkem. Bude vyrobeno na p\u0159\u00e1n\u00ed z\u00e1kazn\u00edka a proto jej nelze dodavateli v z\u00e1konn\u00e9 lh\u016ft\u011b vr\u00e1tit. (viz \u00a71837 odst.d, ob\u010dansk\u00e9ho z\u00e1kon\u00edku). V tomto p\u0159\u00edpad\u011b m\u016f\u017eeme po\u017eadovat nevratnou z\u00e1lohu a\u017e do v\u00fd\u0161e 100 % z ceny v\u00fdrobku.                            <\/p><\/div>\n","protected":false},"excerpt":{"rendered":"<p>Detailn\u00ed popis produktu Retro styl je v dne\u0161n\u00ed dob\u011b v kurzu. Nab\u00eddka vodovodn\u00edch bateri\u00ed kombinuje vzhled retro s pokro\u010dilou technologi\u00ed. V s\u00e9rii VIENNA naleznete p\u00e1kov\u00e9 baterie s b\u00edlou p\u00e1\u010dkou. Na v\u00fdb\u011br je proveden\u00ed v chromu a bronzu.&nbsp; Vlastnosti Zna\u010dka SAPHO S\u00e9rie VIENNA 3D model ANO \u0160\u00ed\u0159ka 281&nbsp;mm Hloubka 144&nbsp;mm Barva Bronz Materi\u00e1l Mosaz Tvar Retro [&hellip;]<\/p>\n","protected":false},"featured_media":58801,"comment_status":"open","ping_status":"open","template":"","meta":[],"product_brand":[],"product_cat":[124],"product_tag":[],"class_list":{"0":"post-58701","1":"product","2":"type-product","3":"status-publish","4":"has-post-thumbnail","6":"product_cat-vodovodni-baterie","8":"first","9":"instock","10":"sale","11":"shipping-taxable","12":"purchasable","13":"product-type-simple"},"yoast_head":"<!-- This site is optimized with the Yoast SEO plugin v26.8 - https:\/\/yoast.com\/product\/yoast-seo-wordpress\/ -->\n<title>Zna\u010dkov\u00fd Sapho VIENNA n\u00e1st\u011bnn\u00e1 sprchov\u00e1 baterie, bronz VO011BR -<\/title>\n<meta name=\"robots\" content=\"index, follow, max-snippet:-1, max-image-preview:large, max-video-preview:-1\" \/>\n<link rel=\"canonical\" href=\"https:\/\/www.koupelnapro.com\/index.php\/produkt\/znackovy-sapho-vienna-nastenna-sprchova-baterie-bronz-vo011br-58701\/\" \/>\n<meta property=\"og:locale\" content=\"cs_CZ\" \/>\n<meta property=\"og:type\" content=\"article\" \/>\n<meta property=\"og:title\" content=\"Zna\u010dkov\u00fd Sapho VIENNA n\u00e1st\u011bnn\u00e1 sprchov\u00e1 baterie, bronz VO011BR -\" \/>\n<meta property=\"og:description\" content=\"Detailn\u00ed popis produktu Retro styl je v dne\u0161n\u00ed dob\u011b v kurzu. Nab\u00eddka vodovodn\u00edch bateri\u00ed kombinuje vzhled retro s pokro\u010dilou technologi\u00ed. V s\u00e9rii VIENNA naleznete p\u00e1kov\u00e9 baterie s b\u00edlou p\u00e1\u010dkou. Na v\u00fdb\u011br je proveden\u00ed v chromu a bronzu.&nbsp; Vlastnosti Zna\u010dka SAPHO S\u00e9rie VIENNA 3D model ANO \u0160\u00ed\u0159ka 281&nbsp;mm Hloubka 144&nbsp;mm Barva Bronz Materi\u00e1l Mosaz Tvar Retro [&hellip;]\" \/>\n<meta property=\"og:url\" content=\"https:\/\/www.koupelnapro.com\/index.php\/produkt\/znackovy-sapho-vienna-nastenna-sprchova-baterie-bronz-vo011br-58701\/\" \/>\n<meta property=\"og:image\" content=\"https:\/\/www.koupelnapro.com\/wp-content\/uploads\/2026\/SK0003078-CZ20260425-093631-0-1777080994-93369-1_vo011br-137417478665662.webp\" \/>\n\t<meta property=\"og:image:width\" content=\"1000\" \/>\n\t<meta property=\"og:image:height\" content=\"750\" \/>\n\t<meta property=\"og:image:type\" content=\"image\/webp\" \/>\n<meta name=\"twitter:card\" content=\"summary_large_image\" \/>\n<meta name=\"twitter:label1\" content=\"Odhadovan\u00e1 doba \u010dten\u00ed\" \/>\n\t<meta name=\"twitter:data1\" content=\"1 minuta\" \/>\n<script type=\"application\/ld+json\" class=\"yoast-schema-graph\">{\"@context\":\"https:\/\/schema.org\",\"@graph\":[{\"@type\":\"WebPage\",\"@id\":\"https:\/\/www.koupelnapro.com\/index.php\/produkt\/znackovy-sapho-vienna-nastenna-sprchova-baterie-bronz-vo011br-58701\/\",\"url\":\"https:\/\/www.koupelnapro.com\/index.php\/produkt\/znackovy-sapho-vienna-nastenna-sprchova-baterie-bronz-vo011br-58701\/\",\"name\":\"Zna\u010dkov\u00fd Sapho VIENNA n\u00e1st\u011bnn\u00e1 sprchov\u00e1 baterie, bronz VO011BR -\",\"isPartOf\":{\"@id\":\"https:\/\/www.koupelnapro.com\/#website\"},\"primaryImageOfPage\":{\"@id\":\"https:\/\/www.koupelnapro.com\/index.php\/produkt\/znackovy-sapho-vienna-nastenna-sprchova-baterie-bronz-vo011br-58701\/#primaryimage\"},\"image\":{\"@id\":\"https:\/\/www.koupelnapro.com\/index.php\/produkt\/znackovy-sapho-vienna-nastenna-sprchova-baterie-bronz-vo011br-58701\/#primaryimage\"},\"thumbnailUrl\":\"https:\/\/www.koupelnapro.com\/wp-content\/uploads\/2026\/SK0003078-CZ20260425-093631-0-1777080994-93369-1_vo011br-137417478665662.webp\",\"datePublished\":\"2026-04-26T09:17:25+00:00\",\"breadcrumb\":{\"@id\":\"https:\/\/www.koupelnapro.com\/index.php\/produkt\/znackovy-sapho-vienna-nastenna-sprchova-baterie-bronz-vo011br-58701\/#breadcrumb\"},\"inLanguage\":\"cs\",\"potentialAction\":[{\"@type\":\"ReadAction\",\"target\":[\"https:\/\/www.koupelnapro.com\/index.php\/produkt\/znackovy-sapho-vienna-nastenna-sprchova-baterie-bronz-vo011br-58701\/\"]}]},{\"@type\":\"ImageObject\",\"inLanguage\":\"cs\",\"@id\":\"https:\/\/www.koupelnapro.com\/index.php\/produkt\/znackovy-sapho-vienna-nastenna-sprchova-baterie-bronz-vo011br-58701\/#primaryimage\",\"url\":\"https:\/\/www.koupelnapro.com\/wp-content\/uploads\/2026\/SK0003078-CZ20260425-093631-0-1777080994-93369-1_vo011br-137417478665662.webp\",\"contentUrl\":\"https:\/\/www.koupelnapro.com\/wp-content\/uploads\/2026\/SK0003078-CZ20260425-093631-0-1777080994-93369-1_vo011br-137417478665662.webp\",\"width\":1000,\"height\":750},{\"@type\":\"BreadcrumbList\",\"@id\":\"https:\/\/www.koupelnapro.com\/index.php\/produkt\/znackovy-sapho-vienna-nastenna-sprchova-baterie-bronz-vo011br-58701\/#breadcrumb\",\"itemListElement\":[{\"@type\":\"ListItem\",\"position\":1,\"name\":\"Home\",\"item\":\"https:\/\/www.koupelnapro.com\/\"},{\"@type\":\"ListItem\",\"position\":2,\"name\":\"Products\",\"item\":\"https:\/\/www.koupelnapro.com\/index.php\/products\/\"},{\"@type\":\"ListItem\",\"position\":3,\"name\":\"Zna\u010dkov\u00fd Sapho VIENNA n\u00e1st\u011bnn\u00e1 sprchov\u00e1 baterie, bronz VO011BR\"}]},{\"@type\":\"WebSite\",\"@id\":\"https:\/\/www.koupelnapro.com\/#website\",\"url\":\"https:\/\/www.koupelnapro.com\/\",\"name\":\"\",\"description\":\"\",\"potentialAction\":[{\"@type\":\"SearchAction\",\"target\":{\"@type\":\"EntryPoint\",\"urlTemplate\":\"https:\/\/www.koupelnapro.com\/?s={search_term_string}\"},\"query-input\":{\"@type\":\"PropertyValueSpecification\",\"valueRequired\":true,\"valueName\":\"search_term_string\"}}],\"inLanguage\":\"cs\"}]}<\/script>\n<!-- \/ Yoast SEO plugin. -->","yoast_head_json":{"title":"Zna\u010dkov\u00fd Sapho VIENNA n\u00e1st\u011bnn\u00e1 sprchov\u00e1 baterie, bronz VO011BR -","robots":{"index":"index","follow":"follow","max-snippet":"max-snippet:-1","max-image-preview":"max-image-preview:large","max-video-preview":"max-video-preview:-1"},"canonical":"https:\/\/www.koupelnapro.com\/index.php\/produkt\/znackovy-sapho-vienna-nastenna-sprchova-baterie-bronz-vo011br-58701\/","og_locale":"cs_CZ","og_type":"article","og_title":"Zna\u010dkov\u00fd Sapho VIENNA n\u00e1st\u011bnn\u00e1 sprchov\u00e1 baterie, bronz VO011BR -","og_description":"Detailn\u00ed popis produktu Retro styl je v dne\u0161n\u00ed dob\u011b v kurzu. Nab\u00eddka vodovodn\u00edch bateri\u00ed kombinuje vzhled retro s pokro\u010dilou technologi\u00ed. V s\u00e9rii VIENNA naleznete p\u00e1kov\u00e9 baterie s b\u00edlou p\u00e1\u010dkou. Na v\u00fdb\u011br je proveden\u00ed v chromu a bronzu.&nbsp; Vlastnosti Zna\u010dka SAPHO S\u00e9rie VIENNA 3D model ANO \u0160\u00ed\u0159ka 281&nbsp;mm Hloubka 144&nbsp;mm Barva Bronz Materi\u00e1l Mosaz Tvar Retro [&hellip;]","og_url":"https:\/\/www.koupelnapro.com\/index.php\/produkt\/znackovy-sapho-vienna-nastenna-sprchova-baterie-bronz-vo011br-58701\/","og_image":[{"width":1000,"height":750,"url":"https:\/\/www.koupelnapro.com\/wp-content\/uploads\/2026\/SK0003078-CZ20260425-093631-0-1777080994-93369-1_vo011br-137417478665662.webp","type":"image\/webp"}],"twitter_card":"summary_large_image","twitter_misc":{"Odhadovan\u00e1 doba \u010dten\u00ed":"1 minuta"},"schema":{"@context":"https:\/\/schema.org","@graph":[{"@type":"WebPage","@id":"https:\/\/www.koupelnapro.com\/index.php\/produkt\/znackovy-sapho-vienna-nastenna-sprchova-baterie-bronz-vo011br-58701\/","url":"https:\/\/www.koupelnapro.com\/index.php\/produkt\/znackovy-sapho-vienna-nastenna-sprchova-baterie-bronz-vo011br-58701\/","name":"Zna\u010dkov\u00fd Sapho VIENNA n\u00e1st\u011bnn\u00e1 sprchov\u00e1 baterie, bronz VO011BR -","isPartOf":{"@id":"https:\/\/www.koupelnapro.com\/#website"},"primaryImageOfPage":{"@id":"https:\/\/www.koupelnapro.com\/index.php\/produkt\/znackovy-sapho-vienna-nastenna-sprchova-baterie-bronz-vo011br-58701\/#primaryimage"},"image":{"@id":"https:\/\/www.koupelnapro.com\/index.php\/produkt\/znackovy-sapho-vienna-nastenna-sprchova-baterie-bronz-vo011br-58701\/#primaryimage"},"thumbnailUrl":"https:\/\/www.koupelnapro.com\/wp-content\/uploads\/2026\/SK0003078-CZ20260425-093631-0-1777080994-93369-1_vo011br-137417478665662.webp","datePublished":"2026-04-26T09:17:25+00:00","breadcrumb":{"@id":"https:\/\/www.koupelnapro.com\/index.php\/produkt\/znackovy-sapho-vienna-nastenna-sprchova-baterie-bronz-vo011br-58701\/#breadcrumb"},"inLanguage":"cs","potentialAction":[{"@type":"ReadAction","target":["https:\/\/www.koupelnapro.com\/index.php\/produkt\/znackovy-sapho-vienna-nastenna-sprchova-baterie-bronz-vo011br-58701\/"]}]},{"@type":"ImageObject","inLanguage":"cs","@id":"https:\/\/www.koupelnapro.com\/index.php\/produkt\/znackovy-sapho-vienna-nastenna-sprchova-baterie-bronz-vo011br-58701\/#primaryimage","url":"https:\/\/www.koupelnapro.com\/wp-content\/uploads\/2026\/SK0003078-CZ20260425-093631-0-1777080994-93369-1_vo011br-137417478665662.webp","contentUrl":"https:\/\/www.koupelnapro.com\/wp-content\/uploads\/2026\/SK0003078-CZ20260425-093631-0-1777080994-93369-1_vo011br-137417478665662.webp","width":1000,"height":750},{"@type":"BreadcrumbList","@id":"https:\/\/www.koupelnapro.com\/index.php\/produkt\/znackovy-sapho-vienna-nastenna-sprchova-baterie-bronz-vo011br-58701\/#breadcrumb","itemListElement":[{"@type":"ListItem","position":1,"name":"Home","item":"https:\/\/www.koupelnapro.com\/"},{"@type":"ListItem","position":2,"name":"Products","item":"https:\/\/www.koupelnapro.com\/index.php\/products\/"},{"@type":"ListItem","position":3,"name":"Zna\u010dkov\u00fd Sapho VIENNA n\u00e1st\u011bnn\u00e1 sprchov\u00e1 baterie, bronz VO011BR"}]},{"@type":"WebSite","@id":"https:\/\/www.koupelnapro.com\/#website","url":"https:\/\/www.koupelnapro.com\/","name":"","description":"","potentialAction":[{"@type":"SearchAction","target":{"@type":"EntryPoint","urlTemplate":"https:\/\/www.koupelnapro.com\/?s={search_term_string}"},"query-input":{"@type":"PropertyValueSpecification","valueRequired":true,"valueName":"search_term_string"}}],"inLanguage":"cs"}]}},"_links":{"self":[{"href":"https:\/\/www.koupelnapro.com\/index.php\/wp-json\/wp\/v2\/product\/58701","targetHints":{"allow":["GET"]}}],"collection":[{"href":"https:\/\/www.koupelnapro.com\/index.php\/wp-json\/wp\/v2\/product"}],"about":[{"href":"https:\/\/www.koupelnapro.com\/index.php\/wp-json\/wp\/v2\/types\/product"}],"replies":[{"embeddable":true,"href":"https:\/\/www.koupelnapro.com\/index.php\/wp-json\/wp\/v2\/comments?post=58701"}],"wp:featuredmedia":[{"embeddable":true,"href":"https:\/\/www.koupelnapro.com\/index.php\/wp-json\/wp\/v2\/media\/58801"}],"wp:attachment":[{"href":"https:\/\/www.koupelnapro.com\/index.php\/wp-json\/wp\/v2\/media?parent=58701"}],"wp:term":[{"taxonomy":"product_brand","embeddable":true,"href":"https:\/\/www.koupelnapro.com\/index.php\/wp-json\/wp\/v2\/product_brand?post=58701"},{"taxonomy":"product_cat","embeddable":true,"href":"https:\/\/www.koupelnapro.com\/index.php\/wp-json\/wp\/v2\/product_cat?post=58701"},{"taxonomy":"product_tag","embeddable":true,"href":"https:\/\/www.koupelnapro.com\/index.php\/wp-json\/wp\/v2\/product_tag?post=58701"}],"curies":[{"name":"wp","href":"https:\/\/api.w.org\/{rel}","templated":true}]}}