{"id":58691,"date":"2026-04-26T09:17:25","date_gmt":"2026-04-26T09:17:25","guid":{"rendered":""},"modified":"2026-04-26T09:17:25","modified_gmt":"2026-04-26T09:17:25","slug":"znackovy-polysan-plain-nika-panel-160x59cm-72505-58691","status":"publish","type":"product","link":"https:\/\/www.koupelnapro.com\/index.php\/produkt\/znackovy-polysan-plain-nika-panel-160x59cm-72505-58691\/","title":{"rendered":"Zna\u010dkov\u00fd Polysan PLAIN NIKA panel 160x59cm 72505"},"content":{"rendered":"<div class=\"basic-description\">\n<h3>Detailn\u00ed popis produktu<\/h3>\n<div>\n<p>\u010celn\u00ed obkladov\u00fd panel PLAIN je vhodn\u00fd pro v\u0161echny obd\u00e9ln\u00edkov\u00e9 vany Polysan instalovan\u00e9 do niky.<\/p>\n<ul>\n<li>Hladk\u00fd povrch a modern\u00ed vzhled tvo\u0159\u00ed s vanami Polysan kompaktn\u00ed celek.   <\/li>\n<li>Pou\u017eit\u00ed najde v\u0161ude tam, kde nen\u00ed mo\u017en\u00e9 vanu klasicky podezd\u00edt nebo je   pot\u0159eba snadn\u00fd p\u0159\u00edstup pod vanu (hydromas\u00e1\u017en\u00ed syst\u00e9m, baterie instalovan\u00e1 na   okraji vany apod.)   <\/li>\n<li>Panel doporu\u010dujeme instalovat na vanu s nosnou konstrukc\u00ed.<\/li>\n<\/ul>\n<\/div>\n<p><\/p>\n<h2 class=\"props-title\">Vlastnosti<\/h2>\n<table>\n<tr>\n<th>Zna\u010dka<\/th>\n<td>POLYSAN<\/td>\n<\/tr>\n<tr>\n<th>Barva<\/th>\n<td>B\u00edl\u00e1<\/td>\n<\/tr>\n<tr>\n<th>Materi\u00e1l<\/th>\n<td>ABS\/PMMA<\/td>\n<\/tr>\n<tr>\n<th>Instalace<\/th>\n<td>Panel \u010deln\u00ed<\/td>\n<\/tr>\n<tr>\n<th>Balen\u00ed obsahuje<\/th>\n<td>Mont\u00e1\u017en\u00ed sada<\/td>\n<\/tr>\n<tr>\n<th>Hmotnost \/ ks<\/th>\n<td>2.2900&nbsp;kg<\/td>\n<\/tr>\n<tr>\n<th>Balen\u00ed<\/th>\n<td>1&nbsp;ks<\/td>\n<\/tr>\n<tr>\n<th>EAN<\/th>\n<td>8590729076322<\/td>\n<\/tr>\n<tr>\n<th>Taric<\/th>\n<td>39221000<\/td>\n<\/tr>\n<tr>\n<th>Z\u00e1ruka<\/th>\n<td>2 roky<\/td>\n<\/tr>\n<\/table>\n<div class=\"product-explanation-item\">\n<h3><span>ABS\/PMMA<\/span><\/h3>\n<p style=\"text-align: justify;\">ABS\/PMMA je z pohledov\u00e9 \u010d\u00e1sti tvo\u0159en slabou vrstvou akryl\u00e1tu, kter\u00fd je ve spodn\u00ed \u010d\u00e1sti dopln\u011bn vrstvou ABS plastu. Celkov\u00e1 tlou\u0161\u0165ka vstupn\u00edho materi\u00e1lu je 3,2 mm a tuhost fin\u00e1ln\u00edho v\u00fdrobku je na podobn\u00e9 \u00farovni jako u produkt\u016f ze 100% akryl\u00e1tu.<\/p>\n<\/div>\n<ul>\n<li>Dokumenty &#8211; N\u00e1vod<\/li>\n<li>Technick\u00fd list<\/li>\n<\/ul>\n<p>   Upozorn\u011bn\u00ed pro z\u00e1kazn\u00edky ke koupi produkt\u016f na objedn\u00e1n\u00ed: Toto zbo\u017e\u00ed nen\u00ed standardn\u00edm s\u00e9riov\u00fdm v\u00fdrobkem. Bude vyrobeno na p\u0159\u00e1n\u00ed z\u00e1kazn\u00edka a proto jej nelze dodavateli v z\u00e1konn\u00e9 lh\u016ft\u011b vr\u00e1tit. (viz \u00a71837 odst.d, ob\u010dansk\u00e9ho z\u00e1kon\u00edku). V tomto p\u0159\u00edpad\u011b m\u016f\u017eeme po\u017eadovat nevratnou z\u00e1lohu a\u017e do v\u00fd\u0161e 100 % z ceny v\u00fdrobku.                            <\/p><\/div>\n","protected":false},"excerpt":{"rendered":"<p>Detailn\u00ed popis produktu \u010celn\u00ed obkladov\u00fd panel PLAIN je vhodn\u00fd pro v\u0161echny obd\u00e9ln\u00edkov\u00e9 vany Polysan instalovan\u00e9 do niky. Hladk\u00fd povrch a modern\u00ed vzhled tvo\u0159\u00ed s vanami Polysan kompaktn\u00ed celek. Pou\u017eit\u00ed najde v\u0161ude tam, kde nen\u00ed mo\u017en\u00e9 vanu klasicky podezd\u00edt nebo je pot\u0159eba snadn\u00fd p\u0159\u00edstup pod vanu (hydromas\u00e1\u017en\u00ed syst\u00e9m, baterie instalovan\u00e1 na okraji vany apod.) Panel doporu\u010dujeme [&hellip;]<\/p>\n","protected":false},"featured_media":58791,"comment_status":"open","ping_status":"open","template":"","meta":[],"product_brand":[],"product_cat":[129],"product_tag":[],"class_list":{"0":"post-58691","1":"product","2":"type-product","3":"status-publish","4":"has-post-thumbnail","6":"product_cat-vany","8":"first","9":"instock","10":"sale","11":"shipping-taxable","12":"purchasable","13":"product-type-simple"},"yoast_head":"<!-- This site is optimized with the Yoast SEO plugin v26.8 - https:\/\/yoast.com\/product\/yoast-seo-wordpress\/ -->\n<title>Zna\u010dkov\u00fd Polysan PLAIN NIKA panel 160x59cm 72505 -<\/title>\n<meta name=\"robots\" content=\"index, follow, max-snippet:-1, max-image-preview:large, max-video-preview:-1\" \/>\n<link rel=\"canonical\" href=\"https:\/\/www.koupelnapro.com\/index.php\/produkt\/znackovy-polysan-plain-nika-panel-160x59cm-72505-58691\/\" \/>\n<meta property=\"og:locale\" content=\"cs_CZ\" \/>\n<meta property=\"og:type\" content=\"article\" \/>\n<meta property=\"og:title\" content=\"Zna\u010dkov\u00fd Polysan PLAIN NIKA panel 160x59cm 72505 -\" \/>\n<meta property=\"og:description\" content=\"Detailn\u00ed popis produktu \u010celn\u00ed obkladov\u00fd panel PLAIN je vhodn\u00fd pro v\u0161echny obd\u00e9ln\u00edkov\u00e9 vany Polysan instalovan\u00e9 do niky. Hladk\u00fd povrch a modern\u00ed vzhled tvo\u0159\u00ed s vanami Polysan kompaktn\u00ed celek. Pou\u017eit\u00ed najde v\u0161ude tam, kde nen\u00ed mo\u017en\u00e9 vanu klasicky podezd\u00edt nebo je pot\u0159eba snadn\u00fd p\u0159\u00edstup pod vanu (hydromas\u00e1\u017en\u00ed syst\u00e9m, baterie instalovan\u00e1 na okraji vany apod.) Panel doporu\u010dujeme [&hellip;]\" \/>\n<meta property=\"og:url\" content=\"https:\/\/www.koupelnapro.com\/index.php\/produkt\/znackovy-polysan-plain-nika-panel-160x59cm-72505-58691\/\" \/>\n<meta property=\"og:image\" content=\"https:\/\/www.koupelnapro.com\/wp-content\/uploads\/2026\/SK0003068-CZ20260425-093631-0-1777080994-93204-2_polysan-plain-nika-panel-160x59cm-72505.webp\" \/>\n\t<meta property=\"og:image:width\" content=\"1000\" \/>\n\t<meta property=\"og:image:height\" content=\"750\" \/>\n\t<meta property=\"og:image:type\" content=\"image\/webp\" \/>\n<meta name=\"twitter:card\" content=\"summary_large_image\" \/>\n<meta name=\"twitter:label1\" content=\"Odhadovan\u00e1 doba \u010dten\u00ed\" \/>\n\t<meta name=\"twitter:data1\" content=\"1 minuta\" \/>\n<script type=\"application\/ld+json\" class=\"yoast-schema-graph\">{\"@context\":\"https:\/\/schema.org\",\"@graph\":[{\"@type\":\"WebPage\",\"@id\":\"https:\/\/www.koupelnapro.com\/index.php\/produkt\/znackovy-polysan-plain-nika-panel-160x59cm-72505-58691\/\",\"url\":\"https:\/\/www.koupelnapro.com\/index.php\/produkt\/znackovy-polysan-plain-nika-panel-160x59cm-72505-58691\/\",\"name\":\"Zna\u010dkov\u00fd Polysan PLAIN NIKA panel 160x59cm 72505 -\",\"isPartOf\":{\"@id\":\"https:\/\/www.koupelnapro.com\/#website\"},\"primaryImageOfPage\":{\"@id\":\"https:\/\/www.koupelnapro.com\/index.php\/produkt\/znackovy-polysan-plain-nika-panel-160x59cm-72505-58691\/#primaryimage\"},\"image\":{\"@id\":\"https:\/\/www.koupelnapro.com\/index.php\/produkt\/znackovy-polysan-plain-nika-panel-160x59cm-72505-58691\/#primaryimage\"},\"thumbnailUrl\":\"https:\/\/www.koupelnapro.com\/wp-content\/uploads\/2026\/SK0003068-CZ20260425-093631-0-1777080994-93204-2_polysan-plain-nika-panel-160x59cm-72505.webp\",\"datePublished\":\"2026-04-26T09:17:25+00:00\",\"breadcrumb\":{\"@id\":\"https:\/\/www.koupelnapro.com\/index.php\/produkt\/znackovy-polysan-plain-nika-panel-160x59cm-72505-58691\/#breadcrumb\"},\"inLanguage\":\"cs\",\"potentialAction\":[{\"@type\":\"ReadAction\",\"target\":[\"https:\/\/www.koupelnapro.com\/index.php\/produkt\/znackovy-polysan-plain-nika-panel-160x59cm-72505-58691\/\"]}]},{\"@type\":\"ImageObject\",\"inLanguage\":\"cs\",\"@id\":\"https:\/\/www.koupelnapro.com\/index.php\/produkt\/znackovy-polysan-plain-nika-panel-160x59cm-72505-58691\/#primaryimage\",\"url\":\"https:\/\/www.koupelnapro.com\/wp-content\/uploads\/2026\/SK0003068-CZ20260425-093631-0-1777080994-93204-2_polysan-plain-nika-panel-160x59cm-72505.webp\",\"contentUrl\":\"https:\/\/www.koupelnapro.com\/wp-content\/uploads\/2026\/SK0003068-CZ20260425-093631-0-1777080994-93204-2_polysan-plain-nika-panel-160x59cm-72505.webp\",\"width\":1000,\"height\":750},{\"@type\":\"BreadcrumbList\",\"@id\":\"https:\/\/www.koupelnapro.com\/index.php\/produkt\/znackovy-polysan-plain-nika-panel-160x59cm-72505-58691\/#breadcrumb\",\"itemListElement\":[{\"@type\":\"ListItem\",\"position\":1,\"name\":\"Home\",\"item\":\"https:\/\/www.koupelnapro.com\/\"},{\"@type\":\"ListItem\",\"position\":2,\"name\":\"Products\",\"item\":\"https:\/\/www.koupelnapro.com\/index.php\/products\/\"},{\"@type\":\"ListItem\",\"position\":3,\"name\":\"Zna\u010dkov\u00fd Polysan PLAIN NIKA panel 160x59cm 72505\"}]},{\"@type\":\"WebSite\",\"@id\":\"https:\/\/www.koupelnapro.com\/#website\",\"url\":\"https:\/\/www.koupelnapro.com\/\",\"name\":\"\",\"description\":\"\",\"potentialAction\":[{\"@type\":\"SearchAction\",\"target\":{\"@type\":\"EntryPoint\",\"urlTemplate\":\"https:\/\/www.koupelnapro.com\/?s={search_term_string}\"},\"query-input\":{\"@type\":\"PropertyValueSpecification\",\"valueRequired\":true,\"valueName\":\"search_term_string\"}}],\"inLanguage\":\"cs\"}]}<\/script>\n<!-- \/ Yoast SEO plugin. -->","yoast_head_json":{"title":"Zna\u010dkov\u00fd Polysan PLAIN NIKA panel 160x59cm 72505 -","robots":{"index":"index","follow":"follow","max-snippet":"max-snippet:-1","max-image-preview":"max-image-preview:large","max-video-preview":"max-video-preview:-1"},"canonical":"https:\/\/www.koupelnapro.com\/index.php\/produkt\/znackovy-polysan-plain-nika-panel-160x59cm-72505-58691\/","og_locale":"cs_CZ","og_type":"article","og_title":"Zna\u010dkov\u00fd Polysan PLAIN NIKA panel 160x59cm 72505 -","og_description":"Detailn\u00ed popis produktu \u010celn\u00ed obkladov\u00fd panel PLAIN je vhodn\u00fd pro v\u0161echny obd\u00e9ln\u00edkov\u00e9 vany Polysan instalovan\u00e9 do niky. Hladk\u00fd povrch a modern\u00ed vzhled tvo\u0159\u00ed s vanami Polysan kompaktn\u00ed celek. Pou\u017eit\u00ed najde v\u0161ude tam, kde nen\u00ed mo\u017en\u00e9 vanu klasicky podezd\u00edt nebo je pot\u0159eba snadn\u00fd p\u0159\u00edstup pod vanu (hydromas\u00e1\u017en\u00ed syst\u00e9m, baterie instalovan\u00e1 na okraji vany apod.) Panel doporu\u010dujeme [&hellip;]","og_url":"https:\/\/www.koupelnapro.com\/index.php\/produkt\/znackovy-polysan-plain-nika-panel-160x59cm-72505-58691\/","og_image":[{"width":1000,"height":750,"url":"https:\/\/www.koupelnapro.com\/wp-content\/uploads\/2026\/SK0003068-CZ20260425-093631-0-1777080994-93204-2_polysan-plain-nika-panel-160x59cm-72505.webp","type":"image\/webp"}],"twitter_card":"summary_large_image","twitter_misc":{"Odhadovan\u00e1 doba \u010dten\u00ed":"1 minuta"},"schema":{"@context":"https:\/\/schema.org","@graph":[{"@type":"WebPage","@id":"https:\/\/www.koupelnapro.com\/index.php\/produkt\/znackovy-polysan-plain-nika-panel-160x59cm-72505-58691\/","url":"https:\/\/www.koupelnapro.com\/index.php\/produkt\/znackovy-polysan-plain-nika-panel-160x59cm-72505-58691\/","name":"Zna\u010dkov\u00fd Polysan PLAIN NIKA panel 160x59cm 72505 -","isPartOf":{"@id":"https:\/\/www.koupelnapro.com\/#website"},"primaryImageOfPage":{"@id":"https:\/\/www.koupelnapro.com\/index.php\/produkt\/znackovy-polysan-plain-nika-panel-160x59cm-72505-58691\/#primaryimage"},"image":{"@id":"https:\/\/www.koupelnapro.com\/index.php\/produkt\/znackovy-polysan-plain-nika-panel-160x59cm-72505-58691\/#primaryimage"},"thumbnailUrl":"https:\/\/www.koupelnapro.com\/wp-content\/uploads\/2026\/SK0003068-CZ20260425-093631-0-1777080994-93204-2_polysan-plain-nika-panel-160x59cm-72505.webp","datePublished":"2026-04-26T09:17:25+00:00","breadcrumb":{"@id":"https:\/\/www.koupelnapro.com\/index.php\/produkt\/znackovy-polysan-plain-nika-panel-160x59cm-72505-58691\/#breadcrumb"},"inLanguage":"cs","potentialAction":[{"@type":"ReadAction","target":["https:\/\/www.koupelnapro.com\/index.php\/produkt\/znackovy-polysan-plain-nika-panel-160x59cm-72505-58691\/"]}]},{"@type":"ImageObject","inLanguage":"cs","@id":"https:\/\/www.koupelnapro.com\/index.php\/produkt\/znackovy-polysan-plain-nika-panel-160x59cm-72505-58691\/#primaryimage","url":"https:\/\/www.koupelnapro.com\/wp-content\/uploads\/2026\/SK0003068-CZ20260425-093631-0-1777080994-93204-2_polysan-plain-nika-panel-160x59cm-72505.webp","contentUrl":"https:\/\/www.koupelnapro.com\/wp-content\/uploads\/2026\/SK0003068-CZ20260425-093631-0-1777080994-93204-2_polysan-plain-nika-panel-160x59cm-72505.webp","width":1000,"height":750},{"@type":"BreadcrumbList","@id":"https:\/\/www.koupelnapro.com\/index.php\/produkt\/znackovy-polysan-plain-nika-panel-160x59cm-72505-58691\/#breadcrumb","itemListElement":[{"@type":"ListItem","position":1,"name":"Home","item":"https:\/\/www.koupelnapro.com\/"},{"@type":"ListItem","position":2,"name":"Products","item":"https:\/\/www.koupelnapro.com\/index.php\/products\/"},{"@type":"ListItem","position":3,"name":"Zna\u010dkov\u00fd Polysan PLAIN NIKA panel 160x59cm 72505"}]},{"@type":"WebSite","@id":"https:\/\/www.koupelnapro.com\/#website","url":"https:\/\/www.koupelnapro.com\/","name":"","description":"","potentialAction":[{"@type":"SearchAction","target":{"@type":"EntryPoint","urlTemplate":"https:\/\/www.koupelnapro.com\/?s={search_term_string}"},"query-input":{"@type":"PropertyValueSpecification","valueRequired":true,"valueName":"search_term_string"}}],"inLanguage":"cs"}]}},"_links":{"self":[{"href":"https:\/\/www.koupelnapro.com\/index.php\/wp-json\/wp\/v2\/product\/58691","targetHints":{"allow":["GET"]}}],"collection":[{"href":"https:\/\/www.koupelnapro.com\/index.php\/wp-json\/wp\/v2\/product"}],"about":[{"href":"https:\/\/www.koupelnapro.com\/index.php\/wp-json\/wp\/v2\/types\/product"}],"replies":[{"embeddable":true,"href":"https:\/\/www.koupelnapro.com\/index.php\/wp-json\/wp\/v2\/comments?post=58691"}],"wp:featuredmedia":[{"embeddable":true,"href":"https:\/\/www.koupelnapro.com\/index.php\/wp-json\/wp\/v2\/media\/58791"}],"wp:attachment":[{"href":"https:\/\/www.koupelnapro.com\/index.php\/wp-json\/wp\/v2\/media?parent=58691"}],"wp:term":[{"taxonomy":"product_brand","embeddable":true,"href":"https:\/\/www.koupelnapro.com\/index.php\/wp-json\/wp\/v2\/product_brand?post=58691"},{"taxonomy":"product_cat","embeddable":true,"href":"https:\/\/www.koupelnapro.com\/index.php\/wp-json\/wp\/v2\/product_cat?post=58691"},{"taxonomy":"product_tag","embeddable":true,"href":"https:\/\/www.koupelnapro.com\/index.php\/wp-json\/wp\/v2\/product_tag?post=58691"}],"curies":[{"name":"wp","href":"https:\/\/api.w.org\/{rel}","templated":true}]}}