{"id":58556,"date":"2026-04-26T09:17:24","date_gmt":"2026-04-26T09:17:24","guid":{"rendered":""},"modified":"2026-04-26T09:17:24","modified_gmt":"2026-04-26T09:17:24","slug":"znackovy-sapho-wave-umyvadlova-skrinka-60x65x47-8cm-bila-wa060-3030-58556","status":"publish","type":"product","link":"https:\/\/www.koupelnapro.com\/index.php\/produkt\/znackovy-sapho-wave-umyvadlova-skrinka-60x65x47-8cm-bila-wa060-3030-58556\/","title":{"rendered":"Zna\u010dkov\u00fd Sapho WAVE umyvadlov\u00e1 sk\u0159\u00ed\u0148ka 60x65x47,8cm, b\u00edl\u00e1 WA060-3030"},"content":{"rendered":"<div class=\"basic-description\">\n<h3>Detailn\u00ed popis produktu<\/h3>\n<p><\/p>\n<p style=\"text-align: justify;\">Designov\u011b zda\u0159il\u00e1 s\u00e9rie koupelnov\u00e9ho n\u00e1bytku WAVE vynik\u00e1 nad\u010dasovou eleganc\u00ed. Jednot\u00edc\u00edm prvkem je vlna, kter\u00e1 prob\u00edh\u00e1 \u010deln\u00ed plochou n\u00e1bytku, umo\u017e\u0148uje pohodln\u00e9 otev\u00edr\u00e1n\u00ed a z\u00e1rove\u0148 koresponduje s vnit\u0159n\u00ed \u010d\u00e1st\u00ed umyvadla LUCIOLA z lit\u00e9ho mramoru. <br \/>WAVE nab\u00edz\u00edme v \u0161esti variant\u00e1ch \u0161\u00ed\u0159ek umyvadlov\u00fdch sk\u0159\u00edn\u011bk, v\u010detn\u011b dvojumyvadlov\u00fdch. Na sk\u0159\u00ed\u0148ky lze pou\u017e\u00edt i desky z Rockstonu, z kompozitu (HPL lamin\u00e1t) nebo AVICE desku a vybrat si ze \u0161irok\u00e9 nab\u00eddky umyvadel na postaven\u00ed. V nab\u00eddce jsou i dopl\u0148kov\u00e9 vysok\u00e9 sk\u0159\u00ed\u0148ky, kter\u00e9 spole\u010dn\u011b s umyvadlovou sk\u0159\u00ed\u0148kou tvo\u0159\u00ed harmonick\u00fd celek. <br \/>N\u00e1bytek je dod\u00e1v\u00e1n ve smontovan\u00e9m stavu, p\u0159ipraven k okam\u017eit\u00e9 instalaci.<br \/>N\u00e1bytek instalujte na rovnou st\u011bnu. P\u0159i zkroucen\u00ed korpusu sk\u0159\u00ed\u0148ky m\u016f\u017ee doj\u00edt k poru\u0161e funkce dov\u00edrac\u00edch mechanism\u016f. Nevystavujte n\u00e1bytek trval\u00e9 vlhkosti a styku s vodou. Po pou\u017eit\u00ed koupelnu \u0159\u00e1dn\u011b odv\u011btrejte. Proti p\u0159\u00edpadn\u00e9mu zat\u00e9k\u00e1n\u00ed do sk\u0159\u00ed\u0148ky pou\u017eijte silikonov\u00fd tmel.<\/p>\n<p style=\"text-align: justify;\"><span><\/span><\/p>\n<h2 class=\"props-title\">Vlastnosti<\/h2>\n<table>\n<tr>\n<th>Zna\u010dka<\/th>\n<td>SAPHO<\/td>\n<\/tr>\n<tr>\n<th>S\u00e9rie<\/th>\n<td>WAVE<\/td>\n<\/tr>\n<tr>\n<th>3D model<\/th>\n<td>ANO<\/td>\n<\/tr>\n<tr>\n<th>Rozm\u011br<\/th>\n<td>60x65x48 cm<\/td>\n<\/tr>\n<tr>\n<th>\u0160\u00ed\u0159ka<\/th>\n<td>600&nbsp;mm<\/td>\n<\/tr>\n<tr>\n<th>V\u00fd\u0161ka<\/th>\n<td>650&nbsp;mm<\/td>\n<\/tr>\n<tr>\n<th>Hloubka<\/th>\n<td>480&nbsp;mm<\/td>\n<\/tr>\n<tr>\n<th>Barva<\/th>\n<td>B\u00edl\u00e1<\/td>\n<\/tr>\n<tr>\n<th>Jin\u00e9 barevn\u00e9 proveden\u00ed<\/th>\n<td>Dle vzorn\u00edku<\/td>\n<\/tr>\n<tr>\n<th>Materi\u00e1l<\/th>\n<td>MDF\/lamino<\/td>\n<\/tr>\n<tr>\n<th>Instalace<\/th>\n<td>Z\u00e1v\u011bsn\u00e9 na st\u011bnu<\/td>\n<\/tr>\n<tr>\n<th>Typ sk\u0159\u00ed\u0148ky<\/th>\n<td>Z\u00e1suvky<\/td>\n<\/tr>\n<tr>\n<th>Typ umyvadla<\/th>\n<td>Klasick\u00e9 umyvadlo<\/td>\n<\/tr>\n<tr>\n<th>V\u00fdbava<\/th>\n<td>Tich\u00e9 a plynul\u00e9 zav\u00edr\u00e1n\u00ed<\/td>\n<\/tr>\n<tr>\n<th>Balen\u00ed neobsahuje<\/th>\n<td>Umyvadlo<\/td>\n<\/tr>\n<tr>\n<th>Hmotnost \/ ks<\/th>\n<td>14.0000&nbsp;kg<\/td>\n<\/tr>\n<tr>\n<th>Balen\u00ed<\/th>\n<td>1&nbsp;ks<\/td>\n<\/tr>\n<tr>\n<th>EAN<\/th>\n<td>8590913832185<\/td>\n<\/tr>\n<tr>\n<th>Taric<\/th>\n<td>94036090<\/td>\n<\/tr>\n<tr>\n<th>Z\u00e1ruka<\/th>\n<td>2 roky<\/td>\n<\/tr>\n<\/table>\n<div class=\"product-explanation-item\">\n<h3>Lze vyrobit v tomto barevn\u00e9m proveden\u00ed:<\/h3>\n<p>Korpus sk\u0159\u00edn\u011bk: Cenov\u00e1 skupina A, B, C<br \/>Z\u00e1suvky a dv\u00ed\u0159ka: Cenov\u00e1 skupina C<\/p>\n<p><strong>Cenov\u00e1 skupina A  <\/strong>p\u0159\u00edplatek 0%<\/p>\n<div class=\"vzorniky-list\">\n<div class=\"vzorniky-item\">30 B\u00edl\u00e1 lesk<\/div>\n<div class=\"vzorniky-item\">11 Dub st\u0159\u00edbrn\u00fd<\/div>\n<div class=\"vzorniky-item\">16 Borovice rustik<\/div>\n<div class=\"vzorniky-item\">22 Dub alabama<\/div>\n<div class=\"vzorniky-item\">25 Dub cuneo<\/div>\n<\/div>\n<p><strong>Cenov\u00e1 skupina B:<\/strong>  p\u0159\u00edplatek 30%<\/p>\n<div class=\"vzorniky-list\">\n<div class=\"vzorniky-item\">10 Dub polar<\/div>\n<div class=\"vzorniky-item\">12 Dub mocca<\/div>\n<div class=\"vzorniky-item\">20 Dub texas<\/div>\n<div class=\"vzorniky-item\">15 Dub sherwood<\/div>\n<div class=\"vzorniky-item\">13 Jilm bardini<\/div>\n<div class=\"vzorniky-item\">21 Mali wenge<\/div>\n<div class=\"vzorniky-item\">17 O\u0159ech yosemite<\/div>\n<div class=\"vzorniky-item\">18 Dub \u010dern\u00fd<\/div>\n<div class=\"vzorniky-item\">31 B\u00edl\u00e1 mat<\/div>\n<div class=\"vzorniky-item\">32 Ka\u0161m\u00edrov\u00e1 matn\u00e1<\/div>\n<div class=\"vzorniky-item\">33 \u0160ed\u00e1 matn\u00e1<\/div>\n<div class=\"vzorniky-item\">34 Antracit matn\u00fd<\/div>\n<div class=\"vzorniky-item\">35 \u010cern\u00e1 matn\u00e1<\/div>\n<\/div>\n<p><strong>Cenov\u00e1 skupina C:<\/strong> p\u0159\u00edplatek 50%<\/p>\n<div class=\"vzorniky-list\">\n<div class=\"vzorniky-item\">41 Carina<\/div>\n<div class=\"vzorniky-item\">42 Siena<\/div>\n<div class=\"vzorniky-item\">43 Agila<\/div>\n<div class=\"vzorniky-item\">44 Verde<\/div>\n<\/div>\n<p>jak\u00e1koliv barva dle vzorn\u00edku RAL nebo NCS v leskl\u00e9m nebo matn\u00e9m proveden\u00ed<\/p>\n<div class=\"vzorniky-list\">\n<div class=\"vzorniky-item\">RAL1019 \u0160edob\u00e9\u017eov\u00e1<\/div>\n<div class=\"vzorniky-item\">RAL3004 Bord\u00f3<\/div>\n<div class=\"vzorniky-item\">RAL6004 Modrozelen\u00e1<\/div>\n<div class=\"vzorniky-item\">RAL7031 \u0160edomodr\u00e1<\/div>\n<\/div>\n<p>Dodac\u00ed lh\u016fta cenov\u00fdch skupin B a C je 6 t\u00fddn\u016f.<\/p>\n<\/div>\n<div class=\"product-explanation-item\">\n<h3>Tich\u00e9 a plynul\u00e9 zav\u00edr\u00e1n\u00ed<\/h3>\n<p style=\"text-align: justify;\">N\u00e1bytek je vybaven pojezdy z\u00e1suvek s pomal\u00fdm dojezdem a syst\u00e9mem automatick\u00e9ho dov\u0159en\u00ed z\u00e1suvek. Ji\u017e \u017e\u00e1dn\u00e9 hlu\u010dn\u00e9 dov\u00edr\u00e1n\u00ed.<\/p>\n<\/div>\n<p>   Upozorn\u011bn\u00ed pro z\u00e1kazn\u00edky ke koupi produkt\u016f na objedn\u00e1n\u00ed: Toto zbo\u017e\u00ed nen\u00ed standardn\u00edm s\u00e9riov\u00fdm v\u00fdrobkem. Bude vyrobeno na p\u0159\u00e1n\u00ed z\u00e1kazn\u00edka a proto jej nelze dodavateli v z\u00e1konn\u00e9 lh\u016ft\u011b vr\u00e1tit. (viz \u00a71837 odst.d, ob\u010dansk\u00e9ho z\u00e1kon\u00edku). V tomto p\u0159\u00edpad\u011b m\u016f\u017eeme po\u017eadovat nevratnou z\u00e1lohu a\u017e do v\u00fd\u0161e 100 % z ceny v\u00fdrobku.                            <\/p><\/div>\n","protected":false},"excerpt":{"rendered":"<p>Detailn\u00ed popis produktu Designov\u011b zda\u0159il\u00e1 s\u00e9rie koupelnov\u00e9ho n\u00e1bytku WAVE vynik\u00e1 nad\u010dasovou eleganc\u00ed. Jednot\u00edc\u00edm prvkem je vlna, kter\u00e1 prob\u00edh\u00e1 \u010deln\u00ed plochou n\u00e1bytku, umo\u017e\u0148uje pohodln\u00e9 otev\u00edr\u00e1n\u00ed a z\u00e1rove\u0148 koresponduje s vnit\u0159n\u00ed \u010d\u00e1st\u00ed umyvadla LUCIOLA z lit\u00e9ho mramoru. WAVE nab\u00edz\u00edme v \u0161esti variant\u00e1ch \u0161\u00ed\u0159ek umyvadlov\u00fdch sk\u0159\u00edn\u011bk, v\u010detn\u011b dvojumyvadlov\u00fdch. Na sk\u0159\u00ed\u0148ky lze pou\u017e\u00edt i desky z Rockstonu, z kompozitu [&hellip;]<\/p>\n","protected":false},"featured_media":58656,"comment_status":"open","ping_status":"open","template":"","meta":[],"product_brand":[],"product_cat":[128],"product_tag":[],"class_list":{"0":"post-58556","1":"product","2":"type-product","3":"status-publish","4":"has-post-thumbnail","6":"product_cat-koupelnovy-nabytek","8":"first","9":"instock","10":"sale","11":"shipping-taxable","12":"purchasable","13":"product-type-simple"},"yoast_head":"<!-- This site is optimized with the Yoast SEO plugin v26.8 - https:\/\/yoast.com\/product\/yoast-seo-wordpress\/ -->\n<title>Zna\u010dkov\u00fd Sapho WAVE umyvadlov\u00e1 sk\u0159\u00ed\u0148ka 60x65x47,8cm, b\u00edl\u00e1 WA060-3030 -<\/title>\n<meta name=\"robots\" content=\"index, follow, max-snippet:-1, max-image-preview:large, max-video-preview:-1\" \/>\n<link rel=\"canonical\" href=\"https:\/\/www.koupelnapro.com\/index.php\/produkt\/znackovy-sapho-wave-umyvadlova-skrinka-60x65x47-8cm-bila-wa060-3030-58556\/\" \/>\n<meta property=\"og:locale\" content=\"cs_CZ\" \/>\n<meta property=\"og:type\" content=\"article\" \/>\n<meta property=\"og:title\" content=\"Zna\u010dkov\u00fd Sapho WAVE umyvadlov\u00e1 sk\u0159\u00ed\u0148ka 60x65x47,8cm, b\u00edl\u00e1 WA060-3030 -\" \/>\n<meta property=\"og:description\" content=\"Detailn\u00ed popis produktu Designov\u011b zda\u0159il\u00e1 s\u00e9rie koupelnov\u00e9ho n\u00e1bytku WAVE vynik\u00e1 nad\u010dasovou eleganc\u00ed. Jednot\u00edc\u00edm prvkem je vlna, kter\u00e1 prob\u00edh\u00e1 \u010deln\u00ed plochou n\u00e1bytku, umo\u017e\u0148uje pohodln\u00e9 otev\u00edr\u00e1n\u00ed a z\u00e1rove\u0148 koresponduje s vnit\u0159n\u00ed \u010d\u00e1st\u00ed umyvadla LUCIOLA z lit\u00e9ho mramoru. WAVE nab\u00edz\u00edme v \u0161esti variant\u00e1ch \u0161\u00ed\u0159ek umyvadlov\u00fdch sk\u0159\u00edn\u011bk, v\u010detn\u011b dvojumyvadlov\u00fdch. Na sk\u0159\u00ed\u0148ky lze pou\u017e\u00edt i desky z Rockstonu, z kompozitu [&hellip;]\" \/>\n<meta property=\"og:url\" content=\"https:\/\/www.koupelnapro.com\/index.php\/produkt\/znackovy-sapho-wave-umyvadlova-skrinka-60x65x47-8cm-bila-wa060-3030-58556\/\" \/>\n<meta property=\"og:image\" content=\"https:\/\/www.koupelnapro.com\/wp-content\/uploads\/2026\/SK0003033-CZ20260425-093631-0-1777080994-92853_wa060-3030-256027295491254.webp\" \/>\n\t<meta property=\"og:image:width\" content=\"1000\" \/>\n\t<meta property=\"og:image:height\" content=\"750\" \/>\n\t<meta property=\"og:image:type\" content=\"image\/webp\" \/>\n<meta name=\"twitter:card\" content=\"summary_large_image\" \/>\n<meta name=\"twitter:label1\" content=\"Odhadovan\u00e1 doba \u010dten\u00ed\" \/>\n\t<meta name=\"twitter:data1\" content=\"2 minuty\" \/>\n<script type=\"application\/ld+json\" class=\"yoast-schema-graph\">{\"@context\":\"https:\/\/schema.org\",\"@graph\":[{\"@type\":\"WebPage\",\"@id\":\"https:\/\/www.koupelnapro.com\/index.php\/produkt\/znackovy-sapho-wave-umyvadlova-skrinka-60x65x47-8cm-bila-wa060-3030-58556\/\",\"url\":\"https:\/\/www.koupelnapro.com\/index.php\/produkt\/znackovy-sapho-wave-umyvadlova-skrinka-60x65x47-8cm-bila-wa060-3030-58556\/\",\"name\":\"Zna\u010dkov\u00fd Sapho WAVE umyvadlov\u00e1 sk\u0159\u00ed\u0148ka 60x65x47,8cm, b\u00edl\u00e1 WA060-3030 -\",\"isPartOf\":{\"@id\":\"https:\/\/www.koupelnapro.com\/#website\"},\"primaryImageOfPage\":{\"@id\":\"https:\/\/www.koupelnapro.com\/index.php\/produkt\/znackovy-sapho-wave-umyvadlova-skrinka-60x65x47-8cm-bila-wa060-3030-58556\/#primaryimage\"},\"image\":{\"@id\":\"https:\/\/www.koupelnapro.com\/index.php\/produkt\/znackovy-sapho-wave-umyvadlova-skrinka-60x65x47-8cm-bila-wa060-3030-58556\/#primaryimage\"},\"thumbnailUrl\":\"https:\/\/www.koupelnapro.com\/wp-content\/uploads\/2026\/SK0003033-CZ20260425-093631-0-1777080994-92853_wa060-3030-256027295491254.webp\",\"datePublished\":\"2026-04-26T09:17:24+00:00\",\"breadcrumb\":{\"@id\":\"https:\/\/www.koupelnapro.com\/index.php\/produkt\/znackovy-sapho-wave-umyvadlova-skrinka-60x65x47-8cm-bila-wa060-3030-58556\/#breadcrumb\"},\"inLanguage\":\"cs\",\"potentialAction\":[{\"@type\":\"ReadAction\",\"target\":[\"https:\/\/www.koupelnapro.com\/index.php\/produkt\/znackovy-sapho-wave-umyvadlova-skrinka-60x65x47-8cm-bila-wa060-3030-58556\/\"]}]},{\"@type\":\"ImageObject\",\"inLanguage\":\"cs\",\"@id\":\"https:\/\/www.koupelnapro.com\/index.php\/produkt\/znackovy-sapho-wave-umyvadlova-skrinka-60x65x47-8cm-bila-wa060-3030-58556\/#primaryimage\",\"url\":\"https:\/\/www.koupelnapro.com\/wp-content\/uploads\/2026\/SK0003033-CZ20260425-093631-0-1777080994-92853_wa060-3030-256027295491254.webp\",\"contentUrl\":\"https:\/\/www.koupelnapro.com\/wp-content\/uploads\/2026\/SK0003033-CZ20260425-093631-0-1777080994-92853_wa060-3030-256027295491254.webp\",\"width\":1000,\"height\":750},{\"@type\":\"BreadcrumbList\",\"@id\":\"https:\/\/www.koupelnapro.com\/index.php\/produkt\/znackovy-sapho-wave-umyvadlova-skrinka-60x65x47-8cm-bila-wa060-3030-58556\/#breadcrumb\",\"itemListElement\":[{\"@type\":\"ListItem\",\"position\":1,\"name\":\"Home\",\"item\":\"https:\/\/www.koupelnapro.com\/\"},{\"@type\":\"ListItem\",\"position\":2,\"name\":\"Products\",\"item\":\"https:\/\/www.koupelnapro.com\/index.php\/products\/\"},{\"@type\":\"ListItem\",\"position\":3,\"name\":\"Zna\u010dkov\u00fd Sapho WAVE umyvadlov\u00e1 sk\u0159\u00ed\u0148ka 60x65x47,8cm, b\u00edl\u00e1 WA060-3030\"}]},{\"@type\":\"WebSite\",\"@id\":\"https:\/\/www.koupelnapro.com\/#website\",\"url\":\"https:\/\/www.koupelnapro.com\/\",\"name\":\"\",\"description\":\"\",\"potentialAction\":[{\"@type\":\"SearchAction\",\"target\":{\"@type\":\"EntryPoint\",\"urlTemplate\":\"https:\/\/www.koupelnapro.com\/?s={search_term_string}\"},\"query-input\":{\"@type\":\"PropertyValueSpecification\",\"valueRequired\":true,\"valueName\":\"search_term_string\"}}],\"inLanguage\":\"cs\"}]}<\/script>\n<!-- \/ Yoast SEO plugin. -->","yoast_head_json":{"title":"Zna\u010dkov\u00fd Sapho WAVE umyvadlov\u00e1 sk\u0159\u00ed\u0148ka 60x65x47,8cm, b\u00edl\u00e1 WA060-3030 -","robots":{"index":"index","follow":"follow","max-snippet":"max-snippet:-1","max-image-preview":"max-image-preview:large","max-video-preview":"max-video-preview:-1"},"canonical":"https:\/\/www.koupelnapro.com\/index.php\/produkt\/znackovy-sapho-wave-umyvadlova-skrinka-60x65x47-8cm-bila-wa060-3030-58556\/","og_locale":"cs_CZ","og_type":"article","og_title":"Zna\u010dkov\u00fd Sapho WAVE umyvadlov\u00e1 sk\u0159\u00ed\u0148ka 60x65x47,8cm, b\u00edl\u00e1 WA060-3030 -","og_description":"Detailn\u00ed popis produktu Designov\u011b zda\u0159il\u00e1 s\u00e9rie koupelnov\u00e9ho n\u00e1bytku WAVE vynik\u00e1 nad\u010dasovou eleganc\u00ed. Jednot\u00edc\u00edm prvkem je vlna, kter\u00e1 prob\u00edh\u00e1 \u010deln\u00ed plochou n\u00e1bytku, umo\u017e\u0148uje pohodln\u00e9 otev\u00edr\u00e1n\u00ed a z\u00e1rove\u0148 koresponduje s vnit\u0159n\u00ed \u010d\u00e1st\u00ed umyvadla LUCIOLA z lit\u00e9ho mramoru. WAVE nab\u00edz\u00edme v \u0161esti variant\u00e1ch \u0161\u00ed\u0159ek umyvadlov\u00fdch sk\u0159\u00edn\u011bk, v\u010detn\u011b dvojumyvadlov\u00fdch. Na sk\u0159\u00ed\u0148ky lze pou\u017e\u00edt i desky z Rockstonu, z kompozitu [&hellip;]","og_url":"https:\/\/www.koupelnapro.com\/index.php\/produkt\/znackovy-sapho-wave-umyvadlova-skrinka-60x65x47-8cm-bila-wa060-3030-58556\/","og_image":[{"width":1000,"height":750,"url":"https:\/\/www.koupelnapro.com\/wp-content\/uploads\/2026\/SK0003033-CZ20260425-093631-0-1777080994-92853_wa060-3030-256027295491254.webp","type":"image\/webp"}],"twitter_card":"summary_large_image","twitter_misc":{"Odhadovan\u00e1 doba \u010dten\u00ed":"2 minuty"},"schema":{"@context":"https:\/\/schema.org","@graph":[{"@type":"WebPage","@id":"https:\/\/www.koupelnapro.com\/index.php\/produkt\/znackovy-sapho-wave-umyvadlova-skrinka-60x65x47-8cm-bila-wa060-3030-58556\/","url":"https:\/\/www.koupelnapro.com\/index.php\/produkt\/znackovy-sapho-wave-umyvadlova-skrinka-60x65x47-8cm-bila-wa060-3030-58556\/","name":"Zna\u010dkov\u00fd Sapho WAVE umyvadlov\u00e1 sk\u0159\u00ed\u0148ka 60x65x47,8cm, b\u00edl\u00e1 WA060-3030 -","isPartOf":{"@id":"https:\/\/www.koupelnapro.com\/#website"},"primaryImageOfPage":{"@id":"https:\/\/www.koupelnapro.com\/index.php\/produkt\/znackovy-sapho-wave-umyvadlova-skrinka-60x65x47-8cm-bila-wa060-3030-58556\/#primaryimage"},"image":{"@id":"https:\/\/www.koupelnapro.com\/index.php\/produkt\/znackovy-sapho-wave-umyvadlova-skrinka-60x65x47-8cm-bila-wa060-3030-58556\/#primaryimage"},"thumbnailUrl":"https:\/\/www.koupelnapro.com\/wp-content\/uploads\/2026\/SK0003033-CZ20260425-093631-0-1777080994-92853_wa060-3030-256027295491254.webp","datePublished":"2026-04-26T09:17:24+00:00","breadcrumb":{"@id":"https:\/\/www.koupelnapro.com\/index.php\/produkt\/znackovy-sapho-wave-umyvadlova-skrinka-60x65x47-8cm-bila-wa060-3030-58556\/#breadcrumb"},"inLanguage":"cs","potentialAction":[{"@type":"ReadAction","target":["https:\/\/www.koupelnapro.com\/index.php\/produkt\/znackovy-sapho-wave-umyvadlova-skrinka-60x65x47-8cm-bila-wa060-3030-58556\/"]}]},{"@type":"ImageObject","inLanguage":"cs","@id":"https:\/\/www.koupelnapro.com\/index.php\/produkt\/znackovy-sapho-wave-umyvadlova-skrinka-60x65x47-8cm-bila-wa060-3030-58556\/#primaryimage","url":"https:\/\/www.koupelnapro.com\/wp-content\/uploads\/2026\/SK0003033-CZ20260425-093631-0-1777080994-92853_wa060-3030-256027295491254.webp","contentUrl":"https:\/\/www.koupelnapro.com\/wp-content\/uploads\/2026\/SK0003033-CZ20260425-093631-0-1777080994-92853_wa060-3030-256027295491254.webp","width":1000,"height":750},{"@type":"BreadcrumbList","@id":"https:\/\/www.koupelnapro.com\/index.php\/produkt\/znackovy-sapho-wave-umyvadlova-skrinka-60x65x47-8cm-bila-wa060-3030-58556\/#breadcrumb","itemListElement":[{"@type":"ListItem","position":1,"name":"Home","item":"https:\/\/www.koupelnapro.com\/"},{"@type":"ListItem","position":2,"name":"Products","item":"https:\/\/www.koupelnapro.com\/index.php\/products\/"},{"@type":"ListItem","position":3,"name":"Zna\u010dkov\u00fd Sapho WAVE umyvadlov\u00e1 sk\u0159\u00ed\u0148ka 60x65x47,8cm, b\u00edl\u00e1 WA060-3030"}]},{"@type":"WebSite","@id":"https:\/\/www.koupelnapro.com\/#website","url":"https:\/\/www.koupelnapro.com\/","name":"","description":"","potentialAction":[{"@type":"SearchAction","target":{"@type":"EntryPoint","urlTemplate":"https:\/\/www.koupelnapro.com\/?s={search_term_string}"},"query-input":{"@type":"PropertyValueSpecification","valueRequired":true,"valueName":"search_term_string"}}],"inLanguage":"cs"}]}},"_links":{"self":[{"href":"https:\/\/www.koupelnapro.com\/index.php\/wp-json\/wp\/v2\/product\/58556","targetHints":{"allow":["GET"]}}],"collection":[{"href":"https:\/\/www.koupelnapro.com\/index.php\/wp-json\/wp\/v2\/product"}],"about":[{"href":"https:\/\/www.koupelnapro.com\/index.php\/wp-json\/wp\/v2\/types\/product"}],"replies":[{"embeddable":true,"href":"https:\/\/www.koupelnapro.com\/index.php\/wp-json\/wp\/v2\/comments?post=58556"}],"wp:featuredmedia":[{"embeddable":true,"href":"https:\/\/www.koupelnapro.com\/index.php\/wp-json\/wp\/v2\/media\/58656"}],"wp:attachment":[{"href":"https:\/\/www.koupelnapro.com\/index.php\/wp-json\/wp\/v2\/media?parent=58556"}],"wp:term":[{"taxonomy":"product_brand","embeddable":true,"href":"https:\/\/www.koupelnapro.com\/index.php\/wp-json\/wp\/v2\/product_brand?post=58556"},{"taxonomy":"product_cat","embeddable":true,"href":"https:\/\/www.koupelnapro.com\/index.php\/wp-json\/wp\/v2\/product_cat?post=58556"},{"taxonomy":"product_tag","embeddable":true,"href":"https:\/\/www.koupelnapro.com\/index.php\/wp-json\/wp\/v2\/product_tag?post=58556"}],"curies":[{"name":"wp","href":"https:\/\/api.w.org\/{rel}","templated":true}]}}