{"id":58385,"date":"2026-04-26T09:17:23","date_gmt":"2026-04-26T09:17:23","guid":{"rendered":""},"modified":"2026-04-26T09:17:23","modified_gmt":"2026-04-26T09:17:23","slug":"akce-sapho-sott-aqua-keramicke-umyvadlo-60x38cm-bila-10sq50060-58385","status":"publish","type":"product","link":"https:\/\/www.koupelnapro.com\/index.php\/produkt\/akce-sapho-sott-aqua-keramicke-umyvadlo-60x38cm-bila-10sq50060-58385\/","title":{"rendered":"Akce Sapho SOTT AQUA keramick\u00e9 umyvadlo 60x38cm, b\u00edl\u00e1 10SQ50060"},"content":{"rendered":"<div class=\"basic-description\">\n<h3>Detailn\u00ed popis produktu<\/h3>\n<p><\/p>\n<p style=\"text-align: justify;\">Designov\u00e1 umyvadla ze s\u00e9rie SOTT AQUA vynikaj\u00ed tenkou hranou, kter\u00e1 je modern\u00edm trendem ve sv\u011bt\u011b keramiky.&nbsp;Umyvadlo lze pov\u011bsit na st\u011bnu, postavit na desku nebo zapustit do desky.<\/p>\n<h2 class=\"props-title\">Vlastnosti<\/h2>\n<table>\n<tr>\n<th>Zna\u010dka<\/th>\n<td>ISVEA<\/td>\n<\/tr>\n<tr>\n<th>S\u00e9rie<\/th>\n<td>SOTT AQUA<\/td>\n<\/tr>\n<tr>\n<th>3D model<\/th>\n<td>ANO<\/td>\n<\/tr>\n<tr>\n<th>Rozm\u011br<\/th>\n<td>60&#215;38 cm<\/td>\n<\/tr>\n<tr>\n<th>\u0160\u00ed\u0159ka<\/th>\n<td>600&nbsp;mm<\/td>\n<\/tr>\n<tr>\n<th>Hloubka<\/th>\n<td>380&nbsp;mm<\/td>\n<\/tr>\n<tr>\n<th>Barva<\/th>\n<td>B\u00edl\u00e1<\/td>\n<\/tr>\n<tr>\n<th>Materi\u00e1l<\/th>\n<td>Keramika<\/td>\n<\/tr>\n<tr>\n<th>Instalace<\/th>\n<td>Z\u00e1pustn\u00e9<\/td>\n<\/tr>\n<tr>\n<th>Typ umyvadla<\/th>\n<td>Z\u00e1pustn\u00e9 umyvadlo<\/td>\n<\/tr>\n<tr>\n<th>Otvor pro baterii<\/th>\n<td>Bez otvoru<\/td>\n<\/tr>\n<tr>\n<th>P\u0159epad<\/th>\n<td>NE<\/td>\n<\/tr>\n<tr>\n<th>Tvar<\/th>\n<td>Obd\u00e9ln\u00edk<\/td>\n<\/tr>\n<tr>\n<th>Hmotnost \/ ks<\/th>\n<td>12.9600&nbsp;kg<\/td>\n<\/tr>\n<tr>\n<th>Balen\u00ed<\/th>\n<td>1&nbsp;ks<\/td>\n<\/tr>\n<tr>\n<th>EAN<\/th>\n<td>8697687447604<\/td>\n<\/tr>\n<tr>\n<th>Taric<\/th>\n<td>69109000<\/td>\n<\/tr>\n<tr>\n<th>Z\u00e1ruka<\/th>\n<td>2 roky<\/td>\n<\/tr>\n<\/table><\/div>\n","protected":false},"excerpt":{"rendered":"<p>Detailn\u00ed popis produktu Designov\u00e1 umyvadla ze s\u00e9rie SOTT AQUA vynikaj\u00ed tenkou hranou, kter\u00e1 je modern\u00edm trendem ve sv\u011bt\u011b keramiky.&nbsp;Umyvadlo lze pov\u011bsit na st\u011bnu, postavit na desku nebo zapustit do desky. Vlastnosti Zna\u010dka ISVEA S\u00e9rie SOTT AQUA 3D model ANO Rozm\u011br 60&#215;38 cm \u0160\u00ed\u0159ka 600&nbsp;mm Hloubka 380&nbsp;mm Barva B\u00edl\u00e1 Materi\u00e1l Keramika Instalace Z\u00e1pustn\u00e9 Typ umyvadla Z\u00e1pustn\u00e9 [&hellip;]<\/p>\n","protected":false},"featured_media":58485,"comment_status":"open","ping_status":"open","template":"","meta":[],"product_brand":[],"product_cat":[193],"product_tag":[],"class_list":{"0":"post-58385","1":"product","2":"type-product","3":"status-publish","4":"has-post-thumbnail","6":"product_cat-koupelnove-vybaveni","8":"first","9":"instock","10":"sale","11":"shipping-taxable","12":"purchasable","13":"product-type-simple"},"yoast_head":"<!-- This site is optimized with the Yoast SEO plugin v26.8 - https:\/\/yoast.com\/product\/yoast-seo-wordpress\/ -->\n<title>Akce Sapho SOTT AQUA keramick\u00e9 umyvadlo 60x38cm, b\u00edl\u00e1 10SQ50060 -<\/title>\n<meta name=\"robots\" content=\"index, follow, max-snippet:-1, max-image-preview:large, max-video-preview:-1\" \/>\n<link rel=\"canonical\" href=\"https:\/\/www.koupelnapro.com\/index.php\/produkt\/akce-sapho-sott-aqua-keramicke-umyvadlo-60x38cm-bila-10sq50060-58385\/\" \/>\n<meta property=\"og:locale\" content=\"cs_CZ\" \/>\n<meta property=\"og:type\" content=\"article\" \/>\n<meta property=\"og:title\" content=\"Akce Sapho SOTT AQUA keramick\u00e9 umyvadlo 60x38cm, b\u00edl\u00e1 10SQ50060 -\" \/>\n<meta property=\"og:description\" content=\"Detailn\u00ed popis produktu Designov\u00e1 umyvadla ze s\u00e9rie SOTT AQUA vynikaj\u00ed tenkou hranou, kter\u00e1 je modern\u00edm trendem ve sv\u011bt\u011b keramiky.&nbsp;Umyvadlo lze pov\u011bsit na st\u011bnu, postavit na desku nebo zapustit do desky. Vlastnosti Zna\u010dka ISVEA S\u00e9rie SOTT AQUA 3D model ANO Rozm\u011br 60&#215;38 cm \u0160\u00ed\u0159ka 600&nbsp;mm Hloubka 380&nbsp;mm Barva B\u00edl\u00e1 Materi\u00e1l Keramika Instalace Z\u00e1pustn\u00e9 Typ umyvadla Z\u00e1pustn\u00e9 [&hellip;]\" \/>\n<meta property=\"og:url\" content=\"https:\/\/www.koupelnapro.com\/index.php\/produkt\/akce-sapho-sott-aqua-keramicke-umyvadlo-60x38cm-bila-10sq50060-58385\/\" \/>\n<meta property=\"og:image\" content=\"https:\/\/www.koupelnapro.com\/wp-content\/uploads\/2026\/SK0002962-CZ20260425-093631-0-1777080994-92211_10sq50060-137417478674447.webp\" \/>\n\t<meta property=\"og:image:width\" content=\"1000\" \/>\n\t<meta property=\"og:image:height\" content=\"750\" \/>\n\t<meta property=\"og:image:type\" content=\"image\/webp\" \/>\n<meta name=\"twitter:card\" content=\"summary_large_image\" \/>\n<script type=\"application\/ld+json\" class=\"yoast-schema-graph\">{\"@context\":\"https:\/\/schema.org\",\"@graph\":[{\"@type\":\"WebPage\",\"@id\":\"https:\/\/www.koupelnapro.com\/index.php\/produkt\/akce-sapho-sott-aqua-keramicke-umyvadlo-60x38cm-bila-10sq50060-58385\/\",\"url\":\"https:\/\/www.koupelnapro.com\/index.php\/produkt\/akce-sapho-sott-aqua-keramicke-umyvadlo-60x38cm-bila-10sq50060-58385\/\",\"name\":\"Akce Sapho SOTT AQUA keramick\u00e9 umyvadlo 60x38cm, b\u00edl\u00e1 10SQ50060 -\",\"isPartOf\":{\"@id\":\"https:\/\/www.koupelnapro.com\/#website\"},\"primaryImageOfPage\":{\"@id\":\"https:\/\/www.koupelnapro.com\/index.php\/produkt\/akce-sapho-sott-aqua-keramicke-umyvadlo-60x38cm-bila-10sq50060-58385\/#primaryimage\"},\"image\":{\"@id\":\"https:\/\/www.koupelnapro.com\/index.php\/produkt\/akce-sapho-sott-aqua-keramicke-umyvadlo-60x38cm-bila-10sq50060-58385\/#primaryimage\"},\"thumbnailUrl\":\"https:\/\/www.koupelnapro.com\/wp-content\/uploads\/2026\/SK0002962-CZ20260425-093631-0-1777080994-92211_10sq50060-137417478674447.webp\",\"datePublished\":\"2026-04-26T09:17:23+00:00\",\"breadcrumb\":{\"@id\":\"https:\/\/www.koupelnapro.com\/index.php\/produkt\/akce-sapho-sott-aqua-keramicke-umyvadlo-60x38cm-bila-10sq50060-58385\/#breadcrumb\"},\"inLanguage\":\"cs\",\"potentialAction\":[{\"@type\":\"ReadAction\",\"target\":[\"https:\/\/www.koupelnapro.com\/index.php\/produkt\/akce-sapho-sott-aqua-keramicke-umyvadlo-60x38cm-bila-10sq50060-58385\/\"]}]},{\"@type\":\"ImageObject\",\"inLanguage\":\"cs\",\"@id\":\"https:\/\/www.koupelnapro.com\/index.php\/produkt\/akce-sapho-sott-aqua-keramicke-umyvadlo-60x38cm-bila-10sq50060-58385\/#primaryimage\",\"url\":\"https:\/\/www.koupelnapro.com\/wp-content\/uploads\/2026\/SK0002962-CZ20260425-093631-0-1777080994-92211_10sq50060-137417478674447.webp\",\"contentUrl\":\"https:\/\/www.koupelnapro.com\/wp-content\/uploads\/2026\/SK0002962-CZ20260425-093631-0-1777080994-92211_10sq50060-137417478674447.webp\",\"width\":1000,\"height\":750},{\"@type\":\"BreadcrumbList\",\"@id\":\"https:\/\/www.koupelnapro.com\/index.php\/produkt\/akce-sapho-sott-aqua-keramicke-umyvadlo-60x38cm-bila-10sq50060-58385\/#breadcrumb\",\"itemListElement\":[{\"@type\":\"ListItem\",\"position\":1,\"name\":\"Home\",\"item\":\"https:\/\/www.koupelnapro.com\/\"},{\"@type\":\"ListItem\",\"position\":2,\"name\":\"Products\",\"item\":\"https:\/\/www.koupelnapro.com\/index.php\/products\/\"},{\"@type\":\"ListItem\",\"position\":3,\"name\":\"Akce Sapho SOTT AQUA keramick\u00e9 umyvadlo 60x38cm, b\u00edl\u00e1 10SQ50060\"}]},{\"@type\":\"WebSite\",\"@id\":\"https:\/\/www.koupelnapro.com\/#website\",\"url\":\"https:\/\/www.koupelnapro.com\/\",\"name\":\"\",\"description\":\"\",\"potentialAction\":[{\"@type\":\"SearchAction\",\"target\":{\"@type\":\"EntryPoint\",\"urlTemplate\":\"https:\/\/www.koupelnapro.com\/?s={search_term_string}\"},\"query-input\":{\"@type\":\"PropertyValueSpecification\",\"valueRequired\":true,\"valueName\":\"search_term_string\"}}],\"inLanguage\":\"cs\"}]}<\/script>\n<!-- \/ Yoast SEO plugin. -->","yoast_head_json":{"title":"Akce Sapho SOTT AQUA keramick\u00e9 umyvadlo 60x38cm, b\u00edl\u00e1 10SQ50060 -","robots":{"index":"index","follow":"follow","max-snippet":"max-snippet:-1","max-image-preview":"max-image-preview:large","max-video-preview":"max-video-preview:-1"},"canonical":"https:\/\/www.koupelnapro.com\/index.php\/produkt\/akce-sapho-sott-aqua-keramicke-umyvadlo-60x38cm-bila-10sq50060-58385\/","og_locale":"cs_CZ","og_type":"article","og_title":"Akce Sapho SOTT AQUA keramick\u00e9 umyvadlo 60x38cm, b\u00edl\u00e1 10SQ50060 -","og_description":"Detailn\u00ed popis produktu Designov\u00e1 umyvadla ze s\u00e9rie SOTT AQUA vynikaj\u00ed tenkou hranou, kter\u00e1 je modern\u00edm trendem ve sv\u011bt\u011b keramiky.&nbsp;Umyvadlo lze pov\u011bsit na st\u011bnu, postavit na desku nebo zapustit do desky. Vlastnosti Zna\u010dka ISVEA S\u00e9rie SOTT AQUA 3D model ANO Rozm\u011br 60&#215;38 cm \u0160\u00ed\u0159ka 600&nbsp;mm Hloubka 380&nbsp;mm Barva B\u00edl\u00e1 Materi\u00e1l Keramika Instalace Z\u00e1pustn\u00e9 Typ umyvadla Z\u00e1pustn\u00e9 [&hellip;]","og_url":"https:\/\/www.koupelnapro.com\/index.php\/produkt\/akce-sapho-sott-aqua-keramicke-umyvadlo-60x38cm-bila-10sq50060-58385\/","og_image":[{"width":1000,"height":750,"url":"https:\/\/www.koupelnapro.com\/wp-content\/uploads\/2026\/SK0002962-CZ20260425-093631-0-1777080994-92211_10sq50060-137417478674447.webp","type":"image\/webp"}],"twitter_card":"summary_large_image","schema":{"@context":"https:\/\/schema.org","@graph":[{"@type":"WebPage","@id":"https:\/\/www.koupelnapro.com\/index.php\/produkt\/akce-sapho-sott-aqua-keramicke-umyvadlo-60x38cm-bila-10sq50060-58385\/","url":"https:\/\/www.koupelnapro.com\/index.php\/produkt\/akce-sapho-sott-aqua-keramicke-umyvadlo-60x38cm-bila-10sq50060-58385\/","name":"Akce Sapho SOTT AQUA keramick\u00e9 umyvadlo 60x38cm, b\u00edl\u00e1 10SQ50060 -","isPartOf":{"@id":"https:\/\/www.koupelnapro.com\/#website"},"primaryImageOfPage":{"@id":"https:\/\/www.koupelnapro.com\/index.php\/produkt\/akce-sapho-sott-aqua-keramicke-umyvadlo-60x38cm-bila-10sq50060-58385\/#primaryimage"},"image":{"@id":"https:\/\/www.koupelnapro.com\/index.php\/produkt\/akce-sapho-sott-aqua-keramicke-umyvadlo-60x38cm-bila-10sq50060-58385\/#primaryimage"},"thumbnailUrl":"https:\/\/www.koupelnapro.com\/wp-content\/uploads\/2026\/SK0002962-CZ20260425-093631-0-1777080994-92211_10sq50060-137417478674447.webp","datePublished":"2026-04-26T09:17:23+00:00","breadcrumb":{"@id":"https:\/\/www.koupelnapro.com\/index.php\/produkt\/akce-sapho-sott-aqua-keramicke-umyvadlo-60x38cm-bila-10sq50060-58385\/#breadcrumb"},"inLanguage":"cs","potentialAction":[{"@type":"ReadAction","target":["https:\/\/www.koupelnapro.com\/index.php\/produkt\/akce-sapho-sott-aqua-keramicke-umyvadlo-60x38cm-bila-10sq50060-58385\/"]}]},{"@type":"ImageObject","inLanguage":"cs","@id":"https:\/\/www.koupelnapro.com\/index.php\/produkt\/akce-sapho-sott-aqua-keramicke-umyvadlo-60x38cm-bila-10sq50060-58385\/#primaryimage","url":"https:\/\/www.koupelnapro.com\/wp-content\/uploads\/2026\/SK0002962-CZ20260425-093631-0-1777080994-92211_10sq50060-137417478674447.webp","contentUrl":"https:\/\/www.koupelnapro.com\/wp-content\/uploads\/2026\/SK0002962-CZ20260425-093631-0-1777080994-92211_10sq50060-137417478674447.webp","width":1000,"height":750},{"@type":"BreadcrumbList","@id":"https:\/\/www.koupelnapro.com\/index.php\/produkt\/akce-sapho-sott-aqua-keramicke-umyvadlo-60x38cm-bila-10sq50060-58385\/#breadcrumb","itemListElement":[{"@type":"ListItem","position":1,"name":"Home","item":"https:\/\/www.koupelnapro.com\/"},{"@type":"ListItem","position":2,"name":"Products","item":"https:\/\/www.koupelnapro.com\/index.php\/products\/"},{"@type":"ListItem","position":3,"name":"Akce Sapho SOTT AQUA keramick\u00e9 umyvadlo 60x38cm, b\u00edl\u00e1 10SQ50060"}]},{"@type":"WebSite","@id":"https:\/\/www.koupelnapro.com\/#website","url":"https:\/\/www.koupelnapro.com\/","name":"","description":"","potentialAction":[{"@type":"SearchAction","target":{"@type":"EntryPoint","urlTemplate":"https:\/\/www.koupelnapro.com\/?s={search_term_string}"},"query-input":{"@type":"PropertyValueSpecification","valueRequired":true,"valueName":"search_term_string"}}],"inLanguage":"cs"}]}},"_links":{"self":[{"href":"https:\/\/www.koupelnapro.com\/index.php\/wp-json\/wp\/v2\/product\/58385","targetHints":{"allow":["GET"]}}],"collection":[{"href":"https:\/\/www.koupelnapro.com\/index.php\/wp-json\/wp\/v2\/product"}],"about":[{"href":"https:\/\/www.koupelnapro.com\/index.php\/wp-json\/wp\/v2\/types\/product"}],"replies":[{"embeddable":true,"href":"https:\/\/www.koupelnapro.com\/index.php\/wp-json\/wp\/v2\/comments?post=58385"}],"wp:featuredmedia":[{"embeddable":true,"href":"https:\/\/www.koupelnapro.com\/index.php\/wp-json\/wp\/v2\/media\/58485"}],"wp:attachment":[{"href":"https:\/\/www.koupelnapro.com\/index.php\/wp-json\/wp\/v2\/media?parent=58385"}],"wp:term":[{"taxonomy":"product_brand","embeddable":true,"href":"https:\/\/www.koupelnapro.com\/index.php\/wp-json\/wp\/v2\/product_brand?post=58385"},{"taxonomy":"product_cat","embeddable":true,"href":"https:\/\/www.koupelnapro.com\/index.php\/wp-json\/wp\/v2\/product_cat?post=58385"},{"taxonomy":"product_tag","embeddable":true,"href":"https:\/\/www.koupelnapro.com\/index.php\/wp-json\/wp\/v2\/product_tag?post=58385"}],"curies":[{"name":"wp","href":"https:\/\/api.w.org\/{rel}","templated":true}]}}