{"id":58356,"date":"2026-04-26T09:17:23","date_gmt":"2026-04-26T09:17:23","guid":{"rendered":""},"modified":"2026-04-26T09:17:23","modified_gmt":"2026-04-26T09:17:23","slug":"odeslani-ihned-aqualine-samba-dvojity-drzak-rucniku-600mm-chrom-sb111-58356","status":"publish","type":"product","link":"https:\/\/www.koupelnapro.com\/index.php\/produkt\/odeslani-ihned-aqualine-samba-dvojity-drzak-rucniku-600mm-chrom-sb111-58356\/","title":{"rendered":"Odesl\u00e1n\u00ed Ihned Aqualine SAMBA dvojit\u00fd dr\u017e\u00e1k ru\u010dn\u00edk\u016f 600mm, chrom SB111"},"content":{"rendered":"<div class=\"basic-description\">\n<h3>Detailn\u00ed popis produktu<\/h3>\n<li>Rozte\u010d mont\u00e1\u017en\u00edch rozm\u011br\u016f (na st\u0159ed): 23 mm<\/li>\n<p><\/p>\n<p style=\"text-align: justify;\">Cenov\u011b dostupn\u00e1 s\u00e9rie SAMBA obsahuje \u0161irokou nab\u00eddkou sortimentu, pro kterou je obl\u00edben\u00e1 u&nbsp;hoteli\u00e9r\u016f a projektant\u016f.<\/p>\n<h2 class=\"props-title\">Vlastnosti<\/h2>\n<table>\n<tr>\n<th>Zna\u010dka<\/th>\n<td>AQUALINE<\/td>\n<\/tr>\n<tr>\n<th>S\u00e9rie<\/th>\n<td>SAMBA<\/td>\n<\/tr>\n<tr>\n<th>Rozm\u011br<\/th>\n<td>645x52x120 mm<\/td>\n<\/tr>\n<tr>\n<th>D\u00e9lka<\/th>\n<td>645&nbsp;mm<\/td>\n<\/tr>\n<tr>\n<th>\u0160\u00ed\u0159ka<\/th>\n<td>645&nbsp;mm<\/td>\n<\/tr>\n<tr>\n<th>V\u00fd\u0161ka<\/th>\n<td>52&nbsp;mm<\/td>\n<\/tr>\n<tr>\n<th>Hloubka<\/th>\n<td>120&nbsp;mm<\/td>\n<\/tr>\n<tr>\n<th>Barva<\/th>\n<td>Chrom<\/td>\n<\/tr>\n<tr>\n<th>Materi\u00e1l<\/th>\n<td>Slitina<\/td>\n<\/tr>\n<tr>\n<th>Tvar<\/th>\n<td>Kruhov\u00e9<\/td>\n<\/tr>\n<tr>\n<th>Druh<\/th>\n<td>Dr\u017e\u00e1k ru\u010dn\u00edk\u016f v\u00edceramenn\u00fd<\/td>\n<\/tr>\n<tr>\n<th>Instalace<\/th>\n<td>Vrt\u00e1n\u00ed<\/td>\n<\/tr>\n<tr>\n<th>Hmotnost \/ ks<\/th>\n<td>1.3500&nbsp;kg<\/td>\n<\/tr>\n<tr>\n<th>Balen\u00ed<\/th>\n<td>1&nbsp;ks<\/td>\n<\/tr>\n<tr>\n<th>EAN<\/th>\n<td>8590913828126<\/td>\n<\/tr>\n<tr>\n<th>Taric<\/th>\n<td>79070000<\/td>\n<\/tr>\n<tr>\n<th>Z\u00e1ruka<\/th>\n<td>2 roky<\/td>\n<\/tr>\n<\/table>\n<p>   Upozorn\u011bn\u00ed pro z\u00e1kazn\u00edky ke koupi produkt\u016f na objedn\u00e1n\u00ed: Toto zbo\u017e\u00ed nen\u00ed standardn\u00edm s\u00e9riov\u00fdm v\u00fdrobkem. Bude vyrobeno na p\u0159\u00e1n\u00ed z\u00e1kazn\u00edka a proto jej nelze dodavateli v z\u00e1konn\u00e9 lh\u016ft\u011b vr\u00e1tit. (viz \u00a71837 odst.d, ob\u010dansk\u00e9ho z\u00e1kon\u00edku). V tomto p\u0159\u00edpad\u011b m\u016f\u017eeme po\u017eadovat nevratnou z\u00e1lohu a\u017e do v\u00fd\u0161e 100 % z ceny v\u00fdrobku.                            <\/p><\/div>\n","protected":false},"excerpt":{"rendered":"<p>Detailn\u00ed popis produktu Rozte\u010d mont\u00e1\u017en\u00edch rozm\u011br\u016f (na st\u0159ed): 23 mm Cenov\u011b dostupn\u00e1 s\u00e9rie SAMBA obsahuje \u0161irokou nab\u00eddkou sortimentu, pro kterou je obl\u00edben\u00e1 u&nbsp;hoteli\u00e9r\u016f a projektant\u016f. Vlastnosti Zna\u010dka AQUALINE S\u00e9rie SAMBA Rozm\u011br 645x52x120 mm D\u00e9lka 645&nbsp;mm \u0160\u00ed\u0159ka 645&nbsp;mm V\u00fd\u0161ka 52&nbsp;mm Hloubka 120&nbsp;mm Barva Chrom Materi\u00e1l Slitina Tvar Kruhov\u00e9 Druh Dr\u017e\u00e1k ru\u010dn\u00edk\u016f v\u00edceramenn\u00fd Instalace Vrt\u00e1n\u00ed Hmotnost \/ [&hellip;]<\/p>\n","protected":false},"featured_media":58456,"comment_status":"open","ping_status":"open","template":"","meta":[],"product_brand":[],"product_cat":[193],"product_tag":[],"class_list":{"0":"post-58356","1":"product","2":"type-product","3":"status-publish","4":"has-post-thumbnail","6":"product_cat-koupelnove-vybaveni","8":"first","9":"instock","10":"sale","11":"shipping-taxable","12":"purchasable","13":"product-type-simple"},"yoast_head":"<!-- This site is optimized with the Yoast SEO plugin v26.8 - https:\/\/yoast.com\/product\/yoast-seo-wordpress\/ -->\n<title>Odesl\u00e1n\u00ed Ihned Aqualine SAMBA dvojit\u00fd dr\u017e\u00e1k ru\u010dn\u00edk\u016f 600mm, chrom SB111 -<\/title>\n<meta name=\"robots\" content=\"index, follow, max-snippet:-1, max-image-preview:large, max-video-preview:-1\" \/>\n<link rel=\"canonical\" href=\"https:\/\/www.koupelnapro.com\/index.php\/produkt\/odeslani-ihned-aqualine-samba-dvojity-drzak-rucniku-600mm-chrom-sb111-58356\/\" \/>\n<meta property=\"og:locale\" content=\"cs_CZ\" \/>\n<meta property=\"og:type\" content=\"article\" \/>\n<meta property=\"og:title\" content=\"Odesl\u00e1n\u00ed Ihned Aqualine SAMBA dvojit\u00fd dr\u017e\u00e1k ru\u010dn\u00edk\u016f 600mm, chrom SB111 -\" \/>\n<meta property=\"og:description\" content=\"Detailn\u00ed popis produktu Rozte\u010d mont\u00e1\u017en\u00edch rozm\u011br\u016f (na st\u0159ed): 23 mm Cenov\u011b dostupn\u00e1 s\u00e9rie SAMBA obsahuje \u0161irokou nab\u00eddkou sortimentu, pro kterou je obl\u00edben\u00e1 u&nbsp;hoteli\u00e9r\u016f a projektant\u016f. Vlastnosti Zna\u010dka AQUALINE S\u00e9rie SAMBA Rozm\u011br 645x52x120 mm D\u00e9lka 645&nbsp;mm \u0160\u00ed\u0159ka 645&nbsp;mm V\u00fd\u0161ka 52&nbsp;mm Hloubka 120&nbsp;mm Barva Chrom Materi\u00e1l Slitina Tvar Kruhov\u00e9 Druh Dr\u017e\u00e1k ru\u010dn\u00edk\u016f v\u00edceramenn\u00fd Instalace Vrt\u00e1n\u00ed Hmotnost \/ [&hellip;]\" \/>\n<meta property=\"og:url\" content=\"https:\/\/www.koupelnapro.com\/index.php\/produkt\/odeslani-ihned-aqualine-samba-dvojity-drzak-rucniku-600mm-chrom-sb111-58356\/\" \/>\n<meta property=\"og:image\" content=\"https:\/\/www.koupelnapro.com\/wp-content\/uploads\/2026\/SK0002932-CZ20260425-093631-0-1777080994-91392-1_sb111-137417478672001.webp\" \/>\n\t<meta property=\"og:image:width\" content=\"1000\" \/>\n\t<meta property=\"og:image:height\" content=\"750\" \/>\n\t<meta property=\"og:image:type\" content=\"image\/webp\" \/>\n<meta name=\"twitter:card\" content=\"summary_large_image\" \/>\n<meta name=\"twitter:label1\" content=\"Odhadovan\u00e1 doba \u010dten\u00ed\" \/>\n\t<meta name=\"twitter:data1\" content=\"1 minuta\" \/>\n<script type=\"application\/ld+json\" class=\"yoast-schema-graph\">{\"@context\":\"https:\/\/schema.org\",\"@graph\":[{\"@type\":\"WebPage\",\"@id\":\"https:\/\/www.koupelnapro.com\/index.php\/produkt\/odeslani-ihned-aqualine-samba-dvojity-drzak-rucniku-600mm-chrom-sb111-58356\/\",\"url\":\"https:\/\/www.koupelnapro.com\/index.php\/produkt\/odeslani-ihned-aqualine-samba-dvojity-drzak-rucniku-600mm-chrom-sb111-58356\/\",\"name\":\"Odesl\u00e1n\u00ed Ihned Aqualine SAMBA dvojit\u00fd dr\u017e\u00e1k ru\u010dn\u00edk\u016f 600mm, chrom SB111 -\",\"isPartOf\":{\"@id\":\"https:\/\/www.koupelnapro.com\/#website\"},\"primaryImageOfPage\":{\"@id\":\"https:\/\/www.koupelnapro.com\/index.php\/produkt\/odeslani-ihned-aqualine-samba-dvojity-drzak-rucniku-600mm-chrom-sb111-58356\/#primaryimage\"},\"image\":{\"@id\":\"https:\/\/www.koupelnapro.com\/index.php\/produkt\/odeslani-ihned-aqualine-samba-dvojity-drzak-rucniku-600mm-chrom-sb111-58356\/#primaryimage\"},\"thumbnailUrl\":\"https:\/\/www.koupelnapro.com\/wp-content\/uploads\/2026\/SK0002932-CZ20260425-093631-0-1777080994-91392-1_sb111-137417478672001.webp\",\"datePublished\":\"2026-04-26T09:17:23+00:00\",\"breadcrumb\":{\"@id\":\"https:\/\/www.koupelnapro.com\/index.php\/produkt\/odeslani-ihned-aqualine-samba-dvojity-drzak-rucniku-600mm-chrom-sb111-58356\/#breadcrumb\"},\"inLanguage\":\"cs\",\"potentialAction\":[{\"@type\":\"ReadAction\",\"target\":[\"https:\/\/www.koupelnapro.com\/index.php\/produkt\/odeslani-ihned-aqualine-samba-dvojity-drzak-rucniku-600mm-chrom-sb111-58356\/\"]}]},{\"@type\":\"ImageObject\",\"inLanguage\":\"cs\",\"@id\":\"https:\/\/www.koupelnapro.com\/index.php\/produkt\/odeslani-ihned-aqualine-samba-dvojity-drzak-rucniku-600mm-chrom-sb111-58356\/#primaryimage\",\"url\":\"https:\/\/www.koupelnapro.com\/wp-content\/uploads\/2026\/SK0002932-CZ20260425-093631-0-1777080994-91392-1_sb111-137417478672001.webp\",\"contentUrl\":\"https:\/\/www.koupelnapro.com\/wp-content\/uploads\/2026\/SK0002932-CZ20260425-093631-0-1777080994-91392-1_sb111-137417478672001.webp\",\"width\":1000,\"height\":750},{\"@type\":\"BreadcrumbList\",\"@id\":\"https:\/\/www.koupelnapro.com\/index.php\/produkt\/odeslani-ihned-aqualine-samba-dvojity-drzak-rucniku-600mm-chrom-sb111-58356\/#breadcrumb\",\"itemListElement\":[{\"@type\":\"ListItem\",\"position\":1,\"name\":\"Home\",\"item\":\"https:\/\/www.koupelnapro.com\/\"},{\"@type\":\"ListItem\",\"position\":2,\"name\":\"Products\",\"item\":\"https:\/\/www.koupelnapro.com\/index.php\/products\/\"},{\"@type\":\"ListItem\",\"position\":3,\"name\":\"Odesl\u00e1n\u00ed Ihned Aqualine SAMBA dvojit\u00fd dr\u017e\u00e1k ru\u010dn\u00edk\u016f 600mm, chrom SB111\"}]},{\"@type\":\"WebSite\",\"@id\":\"https:\/\/www.koupelnapro.com\/#website\",\"url\":\"https:\/\/www.koupelnapro.com\/\",\"name\":\"\",\"description\":\"\",\"potentialAction\":[{\"@type\":\"SearchAction\",\"target\":{\"@type\":\"EntryPoint\",\"urlTemplate\":\"https:\/\/www.koupelnapro.com\/?s={search_term_string}\"},\"query-input\":{\"@type\":\"PropertyValueSpecification\",\"valueRequired\":true,\"valueName\":\"search_term_string\"}}],\"inLanguage\":\"cs\"}]}<\/script>\n<!-- \/ Yoast SEO plugin. -->","yoast_head_json":{"title":"Odesl\u00e1n\u00ed Ihned Aqualine SAMBA dvojit\u00fd dr\u017e\u00e1k ru\u010dn\u00edk\u016f 600mm, chrom SB111 -","robots":{"index":"index","follow":"follow","max-snippet":"max-snippet:-1","max-image-preview":"max-image-preview:large","max-video-preview":"max-video-preview:-1"},"canonical":"https:\/\/www.koupelnapro.com\/index.php\/produkt\/odeslani-ihned-aqualine-samba-dvojity-drzak-rucniku-600mm-chrom-sb111-58356\/","og_locale":"cs_CZ","og_type":"article","og_title":"Odesl\u00e1n\u00ed Ihned Aqualine SAMBA dvojit\u00fd dr\u017e\u00e1k ru\u010dn\u00edk\u016f 600mm, chrom SB111 -","og_description":"Detailn\u00ed popis produktu Rozte\u010d mont\u00e1\u017en\u00edch rozm\u011br\u016f (na st\u0159ed): 23 mm Cenov\u011b dostupn\u00e1 s\u00e9rie SAMBA obsahuje \u0161irokou nab\u00eddkou sortimentu, pro kterou je obl\u00edben\u00e1 u&nbsp;hoteli\u00e9r\u016f a projektant\u016f. Vlastnosti Zna\u010dka AQUALINE S\u00e9rie SAMBA Rozm\u011br 645x52x120 mm D\u00e9lka 645&nbsp;mm \u0160\u00ed\u0159ka 645&nbsp;mm V\u00fd\u0161ka 52&nbsp;mm Hloubka 120&nbsp;mm Barva Chrom Materi\u00e1l Slitina Tvar Kruhov\u00e9 Druh Dr\u017e\u00e1k ru\u010dn\u00edk\u016f v\u00edceramenn\u00fd Instalace Vrt\u00e1n\u00ed Hmotnost \/ [&hellip;]","og_url":"https:\/\/www.koupelnapro.com\/index.php\/produkt\/odeslani-ihned-aqualine-samba-dvojity-drzak-rucniku-600mm-chrom-sb111-58356\/","og_image":[{"width":1000,"height":750,"url":"https:\/\/www.koupelnapro.com\/wp-content\/uploads\/2026\/SK0002932-CZ20260425-093631-0-1777080994-91392-1_sb111-137417478672001.webp","type":"image\/webp"}],"twitter_card":"summary_large_image","twitter_misc":{"Odhadovan\u00e1 doba \u010dten\u00ed":"1 minuta"},"schema":{"@context":"https:\/\/schema.org","@graph":[{"@type":"WebPage","@id":"https:\/\/www.koupelnapro.com\/index.php\/produkt\/odeslani-ihned-aqualine-samba-dvojity-drzak-rucniku-600mm-chrom-sb111-58356\/","url":"https:\/\/www.koupelnapro.com\/index.php\/produkt\/odeslani-ihned-aqualine-samba-dvojity-drzak-rucniku-600mm-chrom-sb111-58356\/","name":"Odesl\u00e1n\u00ed Ihned Aqualine SAMBA dvojit\u00fd dr\u017e\u00e1k ru\u010dn\u00edk\u016f 600mm, chrom SB111 -","isPartOf":{"@id":"https:\/\/www.koupelnapro.com\/#website"},"primaryImageOfPage":{"@id":"https:\/\/www.koupelnapro.com\/index.php\/produkt\/odeslani-ihned-aqualine-samba-dvojity-drzak-rucniku-600mm-chrom-sb111-58356\/#primaryimage"},"image":{"@id":"https:\/\/www.koupelnapro.com\/index.php\/produkt\/odeslani-ihned-aqualine-samba-dvojity-drzak-rucniku-600mm-chrom-sb111-58356\/#primaryimage"},"thumbnailUrl":"https:\/\/www.koupelnapro.com\/wp-content\/uploads\/2026\/SK0002932-CZ20260425-093631-0-1777080994-91392-1_sb111-137417478672001.webp","datePublished":"2026-04-26T09:17:23+00:00","breadcrumb":{"@id":"https:\/\/www.koupelnapro.com\/index.php\/produkt\/odeslani-ihned-aqualine-samba-dvojity-drzak-rucniku-600mm-chrom-sb111-58356\/#breadcrumb"},"inLanguage":"cs","potentialAction":[{"@type":"ReadAction","target":["https:\/\/www.koupelnapro.com\/index.php\/produkt\/odeslani-ihned-aqualine-samba-dvojity-drzak-rucniku-600mm-chrom-sb111-58356\/"]}]},{"@type":"ImageObject","inLanguage":"cs","@id":"https:\/\/www.koupelnapro.com\/index.php\/produkt\/odeslani-ihned-aqualine-samba-dvojity-drzak-rucniku-600mm-chrom-sb111-58356\/#primaryimage","url":"https:\/\/www.koupelnapro.com\/wp-content\/uploads\/2026\/SK0002932-CZ20260425-093631-0-1777080994-91392-1_sb111-137417478672001.webp","contentUrl":"https:\/\/www.koupelnapro.com\/wp-content\/uploads\/2026\/SK0002932-CZ20260425-093631-0-1777080994-91392-1_sb111-137417478672001.webp","width":1000,"height":750},{"@type":"BreadcrumbList","@id":"https:\/\/www.koupelnapro.com\/index.php\/produkt\/odeslani-ihned-aqualine-samba-dvojity-drzak-rucniku-600mm-chrom-sb111-58356\/#breadcrumb","itemListElement":[{"@type":"ListItem","position":1,"name":"Home","item":"https:\/\/www.koupelnapro.com\/"},{"@type":"ListItem","position":2,"name":"Products","item":"https:\/\/www.koupelnapro.com\/index.php\/products\/"},{"@type":"ListItem","position":3,"name":"Odesl\u00e1n\u00ed Ihned Aqualine SAMBA dvojit\u00fd dr\u017e\u00e1k ru\u010dn\u00edk\u016f 600mm, chrom SB111"}]},{"@type":"WebSite","@id":"https:\/\/www.koupelnapro.com\/#website","url":"https:\/\/www.koupelnapro.com\/","name":"","description":"","potentialAction":[{"@type":"SearchAction","target":{"@type":"EntryPoint","urlTemplate":"https:\/\/www.koupelnapro.com\/?s={search_term_string}"},"query-input":{"@type":"PropertyValueSpecification","valueRequired":true,"valueName":"search_term_string"}}],"inLanguage":"cs"}]}},"_links":{"self":[{"href":"https:\/\/www.koupelnapro.com\/index.php\/wp-json\/wp\/v2\/product\/58356","targetHints":{"allow":["GET"]}}],"collection":[{"href":"https:\/\/www.koupelnapro.com\/index.php\/wp-json\/wp\/v2\/product"}],"about":[{"href":"https:\/\/www.koupelnapro.com\/index.php\/wp-json\/wp\/v2\/types\/product"}],"replies":[{"embeddable":true,"href":"https:\/\/www.koupelnapro.com\/index.php\/wp-json\/wp\/v2\/comments?post=58356"}],"wp:featuredmedia":[{"embeddable":true,"href":"https:\/\/www.koupelnapro.com\/index.php\/wp-json\/wp\/v2\/media\/58456"}],"wp:attachment":[{"href":"https:\/\/www.koupelnapro.com\/index.php\/wp-json\/wp\/v2\/media?parent=58356"}],"wp:term":[{"taxonomy":"product_brand","embeddable":true,"href":"https:\/\/www.koupelnapro.com\/index.php\/wp-json\/wp\/v2\/product_brand?post=58356"},{"taxonomy":"product_cat","embeddable":true,"href":"https:\/\/www.koupelnapro.com\/index.php\/wp-json\/wp\/v2\/product_cat?post=58356"},{"taxonomy":"product_tag","embeddable":true,"href":"https:\/\/www.koupelnapro.com\/index.php\/wp-json\/wp\/v2\/product_tag?post=58356"}],"curies":[{"name":"wp","href":"https:\/\/api.w.org\/{rel}","templated":true}]}}