{"id":58335,"date":"2026-04-26T09:17:23","date_gmt":"2026-04-26T09:17:23","guid":{"rendered":""},"modified":"2026-04-26T09:17:23","modified_gmt":"2026-04-26T09:17:23","slug":"aqualine-rumba-dvojity-drzak-rucniku-otocny-450mm-chrom-rb121-akcni-cena-58335","status":"publish","type":"product","link":"https:\/\/www.koupelnapro.com\/index.php\/produkt\/aqualine-rumba-dvojity-drzak-rucniku-otocny-450mm-chrom-rb121-akcni-cena-58335\/","title":{"rendered":"Aqualine RUMBA dvojit\u00fd dr\u017e\u00e1k ru\u010dn\u00edk\u016f oto\u010dn\u00fd 450mm, chrom RB121 Ak\u010dn\u00ed Cena"},"content":{"rendered":"<div class=\"basic-description\">\n<h3>Detailn\u00ed popis produktu<\/h3>\n<li>Rozte\u010d mont\u00e1\u017en\u00edch rozm\u011br\u016f (na st\u0159ed): 30 mm<\/li>\n<p><\/p>\n<p style=\"text-align: justify;\">Z nab\u00eddky s\u00e9rie RUMBA, charakteristick\u00e9 ladn\u00fdmi k\u0159ivkami, kompletn\u011b dovybav\u00edte koupelnu i WC. Zaj\u00edmavost\u00ed je praktick\u00e1 elegantn\u00ed rohov\u00e1 poli\u010dka ze skla.<\/p>\n<h2 class=\"props-title\">Vlastnosti<\/h2>\n<table>\n<tr>\n<th>Zna\u010dka<\/th>\n<td>AQUALINE<\/td>\n<\/tr>\n<tr>\n<th>S\u00e9rie<\/th>\n<td>RUMBA<\/td>\n<\/tr>\n<tr>\n<th>Rozm\u011br<\/th>\n<td>460x50x30 mm<\/td>\n<\/tr>\n<tr>\n<th>D\u00e9lka<\/th>\n<td>460&nbsp;mm<\/td>\n<\/tr>\n<tr>\n<th>\u0160\u00ed\u0159ka<\/th>\n<td>460&nbsp;mm<\/td>\n<\/tr>\n<tr>\n<th>V\u00fd\u0161ka<\/th>\n<td>50&nbsp;mm<\/td>\n<\/tr>\n<tr>\n<th>Hloubka<\/th>\n<td>30&nbsp;mm<\/td>\n<\/tr>\n<tr>\n<th>Barva<\/th>\n<td>Chrom<\/td>\n<\/tr>\n<tr>\n<th>Materi\u00e1l<\/th>\n<td>Slitina<\/td>\n<\/tr>\n<tr>\n<th>Tvar<\/th>\n<td>Hranat\u00e9<\/td>\n<\/tr>\n<tr>\n<th>Druh<\/th>\n<td>Dr\u017e\u00e1k ru\u010dn\u00edk\u016f oto\u010dn\u00fd<\/td>\n<\/tr>\n<tr>\n<th>Instalace<\/th>\n<td>Vrt\u00e1n\u00ed<\/td>\n<\/tr>\n<tr>\n<th>Hmotnost \/ ks<\/th>\n<td>0.5800&nbsp;kg<\/td>\n<\/tr>\n<tr>\n<th>Balen\u00ed<\/th>\n<td>1&nbsp;ks<\/td>\n<\/tr>\n<tr>\n<th>EAN<\/th>\n<td>8590913828102<\/td>\n<\/tr>\n<tr>\n<th>Taric<\/th>\n<td>79070000<\/td>\n<\/tr>\n<tr>\n<th>Z\u00e1ruka<\/th>\n<td>2 roky<\/td>\n<\/tr>\n<\/table><\/div>\n","protected":false},"excerpt":{"rendered":"<p>Detailn\u00ed popis produktu Rozte\u010d mont\u00e1\u017en\u00edch rozm\u011br\u016f (na st\u0159ed): 30 mm Z nab\u00eddky s\u00e9rie RUMBA, charakteristick\u00e9 ladn\u00fdmi k\u0159ivkami, kompletn\u011b dovybav\u00edte koupelnu i WC. Zaj\u00edmavost\u00ed je praktick\u00e1 elegantn\u00ed rohov\u00e1 poli\u010dka ze skla. Vlastnosti Zna\u010dka AQUALINE S\u00e9rie RUMBA Rozm\u011br 460x50x30 mm D\u00e9lka 460&nbsp;mm \u0160\u00ed\u0159ka 460&nbsp;mm V\u00fd\u0161ka 50&nbsp;mm Hloubka 30&nbsp;mm Barva Chrom Materi\u00e1l Slitina Tvar Hranat\u00e9 Druh Dr\u017e\u00e1k ru\u010dn\u00edk\u016f [&hellip;]<\/p>\n","protected":false},"featured_media":58435,"comment_status":"open","ping_status":"open","template":"","meta":[],"product_brand":[],"product_cat":[193],"product_tag":[],"class_list":{"0":"post-58335","1":"product","2":"type-product","3":"status-publish","4":"has-post-thumbnail","6":"product_cat-koupelnove-vybaveni","8":"first","9":"instock","10":"sale","11":"shipping-taxable","12":"purchasable","13":"product-type-simple"},"yoast_head":"<!-- This site is optimized with the Yoast SEO plugin v26.8 - https:\/\/yoast.com\/product\/yoast-seo-wordpress\/ -->\n<title>Aqualine RUMBA dvojit\u00fd dr\u017e\u00e1k ru\u010dn\u00edk\u016f oto\u010dn\u00fd 450mm, chrom RB121 Ak\u010dn\u00ed Cena -<\/title>\n<meta name=\"robots\" content=\"index, follow, max-snippet:-1, max-image-preview:large, max-video-preview:-1\" \/>\n<link rel=\"canonical\" href=\"https:\/\/www.koupelnapro.com\/index.php\/produkt\/aqualine-rumba-dvojity-drzak-rucniku-otocny-450mm-chrom-rb121-akcni-cena-58335\/\" \/>\n<meta property=\"og:locale\" content=\"cs_CZ\" \/>\n<meta property=\"og:type\" content=\"article\" \/>\n<meta property=\"og:title\" content=\"Aqualine RUMBA dvojit\u00fd dr\u017e\u00e1k ru\u010dn\u00edk\u016f oto\u010dn\u00fd 450mm, chrom RB121 Ak\u010dn\u00ed Cena -\" \/>\n<meta property=\"og:description\" content=\"Detailn\u00ed popis produktu Rozte\u010d mont\u00e1\u017en\u00edch rozm\u011br\u016f (na st\u0159ed): 30 mm Z nab\u00eddky s\u00e9rie RUMBA, charakteristick\u00e9 ladn\u00fdmi k\u0159ivkami, kompletn\u011b dovybav\u00edte koupelnu i WC. Zaj\u00edmavost\u00ed je praktick\u00e1 elegantn\u00ed rohov\u00e1 poli\u010dka ze skla. Vlastnosti Zna\u010dka AQUALINE S\u00e9rie RUMBA Rozm\u011br 460x50x30 mm D\u00e9lka 460&nbsp;mm \u0160\u00ed\u0159ka 460&nbsp;mm V\u00fd\u0161ka 50&nbsp;mm Hloubka 30&nbsp;mm Barva Chrom Materi\u00e1l Slitina Tvar Hranat\u00e9 Druh Dr\u017e\u00e1k ru\u010dn\u00edk\u016f [&hellip;]\" \/>\n<meta property=\"og:url\" content=\"https:\/\/www.koupelnapro.com\/index.php\/produkt\/aqualine-rumba-dvojity-drzak-rucniku-otocny-450mm-chrom-rb121-akcni-cena-58335\/\" \/>\n<meta property=\"og:image\" content=\"https:\/\/www.koupelnapro.com\/wp-content\/uploads\/2026\/SK0002910-CZ20260425-093631-0-1777080994-91176-2_rb121-137417478668750.webp\" \/>\n\t<meta property=\"og:image:width\" content=\"1000\" \/>\n\t<meta property=\"og:image:height\" content=\"750\" \/>\n\t<meta property=\"og:image:type\" content=\"image\/webp\" \/>\n<meta name=\"twitter:card\" content=\"summary_large_image\" \/>\n<script type=\"application\/ld+json\" class=\"yoast-schema-graph\">{\"@context\":\"https:\/\/schema.org\",\"@graph\":[{\"@type\":\"WebPage\",\"@id\":\"https:\/\/www.koupelnapro.com\/index.php\/produkt\/aqualine-rumba-dvojity-drzak-rucniku-otocny-450mm-chrom-rb121-akcni-cena-58335\/\",\"url\":\"https:\/\/www.koupelnapro.com\/index.php\/produkt\/aqualine-rumba-dvojity-drzak-rucniku-otocny-450mm-chrom-rb121-akcni-cena-58335\/\",\"name\":\"Aqualine RUMBA dvojit\u00fd dr\u017e\u00e1k ru\u010dn\u00edk\u016f oto\u010dn\u00fd 450mm, chrom RB121 Ak\u010dn\u00ed Cena -\",\"isPartOf\":{\"@id\":\"https:\/\/www.koupelnapro.com\/#website\"},\"primaryImageOfPage\":{\"@id\":\"https:\/\/www.koupelnapro.com\/index.php\/produkt\/aqualine-rumba-dvojity-drzak-rucniku-otocny-450mm-chrom-rb121-akcni-cena-58335\/#primaryimage\"},\"image\":{\"@id\":\"https:\/\/www.koupelnapro.com\/index.php\/produkt\/aqualine-rumba-dvojity-drzak-rucniku-otocny-450mm-chrom-rb121-akcni-cena-58335\/#primaryimage\"},\"thumbnailUrl\":\"https:\/\/www.koupelnapro.com\/wp-content\/uploads\/2026\/SK0002910-CZ20260425-093631-0-1777080994-91176-2_rb121-137417478668750.webp\",\"datePublished\":\"2026-04-26T09:17:23+00:00\",\"breadcrumb\":{\"@id\":\"https:\/\/www.koupelnapro.com\/index.php\/produkt\/aqualine-rumba-dvojity-drzak-rucniku-otocny-450mm-chrom-rb121-akcni-cena-58335\/#breadcrumb\"},\"inLanguage\":\"cs\",\"potentialAction\":[{\"@type\":\"ReadAction\",\"target\":[\"https:\/\/www.koupelnapro.com\/index.php\/produkt\/aqualine-rumba-dvojity-drzak-rucniku-otocny-450mm-chrom-rb121-akcni-cena-58335\/\"]}]},{\"@type\":\"ImageObject\",\"inLanguage\":\"cs\",\"@id\":\"https:\/\/www.koupelnapro.com\/index.php\/produkt\/aqualine-rumba-dvojity-drzak-rucniku-otocny-450mm-chrom-rb121-akcni-cena-58335\/#primaryimage\",\"url\":\"https:\/\/www.koupelnapro.com\/wp-content\/uploads\/2026\/SK0002910-CZ20260425-093631-0-1777080994-91176-2_rb121-137417478668750.webp\",\"contentUrl\":\"https:\/\/www.koupelnapro.com\/wp-content\/uploads\/2026\/SK0002910-CZ20260425-093631-0-1777080994-91176-2_rb121-137417478668750.webp\",\"width\":1000,\"height\":750},{\"@type\":\"BreadcrumbList\",\"@id\":\"https:\/\/www.koupelnapro.com\/index.php\/produkt\/aqualine-rumba-dvojity-drzak-rucniku-otocny-450mm-chrom-rb121-akcni-cena-58335\/#breadcrumb\",\"itemListElement\":[{\"@type\":\"ListItem\",\"position\":1,\"name\":\"Home\",\"item\":\"https:\/\/www.koupelnapro.com\/\"},{\"@type\":\"ListItem\",\"position\":2,\"name\":\"Products\",\"item\":\"https:\/\/www.koupelnapro.com\/index.php\/products\/\"},{\"@type\":\"ListItem\",\"position\":3,\"name\":\"Aqualine RUMBA dvojit\u00fd dr\u017e\u00e1k ru\u010dn\u00edk\u016f oto\u010dn\u00fd 450mm, chrom RB121 Ak\u010dn\u00ed Cena\"}]},{\"@type\":\"WebSite\",\"@id\":\"https:\/\/www.koupelnapro.com\/#website\",\"url\":\"https:\/\/www.koupelnapro.com\/\",\"name\":\"\",\"description\":\"\",\"potentialAction\":[{\"@type\":\"SearchAction\",\"target\":{\"@type\":\"EntryPoint\",\"urlTemplate\":\"https:\/\/www.koupelnapro.com\/?s={search_term_string}\"},\"query-input\":{\"@type\":\"PropertyValueSpecification\",\"valueRequired\":true,\"valueName\":\"search_term_string\"}}],\"inLanguage\":\"cs\"}]}<\/script>\n<!-- \/ Yoast SEO plugin. -->","yoast_head_json":{"title":"Aqualine RUMBA dvojit\u00fd dr\u017e\u00e1k ru\u010dn\u00edk\u016f oto\u010dn\u00fd 450mm, chrom RB121 Ak\u010dn\u00ed Cena -","robots":{"index":"index","follow":"follow","max-snippet":"max-snippet:-1","max-image-preview":"max-image-preview:large","max-video-preview":"max-video-preview:-1"},"canonical":"https:\/\/www.koupelnapro.com\/index.php\/produkt\/aqualine-rumba-dvojity-drzak-rucniku-otocny-450mm-chrom-rb121-akcni-cena-58335\/","og_locale":"cs_CZ","og_type":"article","og_title":"Aqualine RUMBA dvojit\u00fd dr\u017e\u00e1k ru\u010dn\u00edk\u016f oto\u010dn\u00fd 450mm, chrom RB121 Ak\u010dn\u00ed Cena -","og_description":"Detailn\u00ed popis produktu Rozte\u010d mont\u00e1\u017en\u00edch rozm\u011br\u016f (na st\u0159ed): 30 mm Z nab\u00eddky s\u00e9rie RUMBA, charakteristick\u00e9 ladn\u00fdmi k\u0159ivkami, kompletn\u011b dovybav\u00edte koupelnu i WC. Zaj\u00edmavost\u00ed je praktick\u00e1 elegantn\u00ed rohov\u00e1 poli\u010dka ze skla. Vlastnosti Zna\u010dka AQUALINE S\u00e9rie RUMBA Rozm\u011br 460x50x30 mm D\u00e9lka 460&nbsp;mm \u0160\u00ed\u0159ka 460&nbsp;mm V\u00fd\u0161ka 50&nbsp;mm Hloubka 30&nbsp;mm Barva Chrom Materi\u00e1l Slitina Tvar Hranat\u00e9 Druh Dr\u017e\u00e1k ru\u010dn\u00edk\u016f [&hellip;]","og_url":"https:\/\/www.koupelnapro.com\/index.php\/produkt\/aqualine-rumba-dvojity-drzak-rucniku-otocny-450mm-chrom-rb121-akcni-cena-58335\/","og_image":[{"width":1000,"height":750,"url":"https:\/\/www.koupelnapro.com\/wp-content\/uploads\/2026\/SK0002910-CZ20260425-093631-0-1777080994-91176-2_rb121-137417478668750.webp","type":"image\/webp"}],"twitter_card":"summary_large_image","schema":{"@context":"https:\/\/schema.org","@graph":[{"@type":"WebPage","@id":"https:\/\/www.koupelnapro.com\/index.php\/produkt\/aqualine-rumba-dvojity-drzak-rucniku-otocny-450mm-chrom-rb121-akcni-cena-58335\/","url":"https:\/\/www.koupelnapro.com\/index.php\/produkt\/aqualine-rumba-dvojity-drzak-rucniku-otocny-450mm-chrom-rb121-akcni-cena-58335\/","name":"Aqualine RUMBA dvojit\u00fd dr\u017e\u00e1k ru\u010dn\u00edk\u016f oto\u010dn\u00fd 450mm, chrom RB121 Ak\u010dn\u00ed Cena -","isPartOf":{"@id":"https:\/\/www.koupelnapro.com\/#website"},"primaryImageOfPage":{"@id":"https:\/\/www.koupelnapro.com\/index.php\/produkt\/aqualine-rumba-dvojity-drzak-rucniku-otocny-450mm-chrom-rb121-akcni-cena-58335\/#primaryimage"},"image":{"@id":"https:\/\/www.koupelnapro.com\/index.php\/produkt\/aqualine-rumba-dvojity-drzak-rucniku-otocny-450mm-chrom-rb121-akcni-cena-58335\/#primaryimage"},"thumbnailUrl":"https:\/\/www.koupelnapro.com\/wp-content\/uploads\/2026\/SK0002910-CZ20260425-093631-0-1777080994-91176-2_rb121-137417478668750.webp","datePublished":"2026-04-26T09:17:23+00:00","breadcrumb":{"@id":"https:\/\/www.koupelnapro.com\/index.php\/produkt\/aqualine-rumba-dvojity-drzak-rucniku-otocny-450mm-chrom-rb121-akcni-cena-58335\/#breadcrumb"},"inLanguage":"cs","potentialAction":[{"@type":"ReadAction","target":["https:\/\/www.koupelnapro.com\/index.php\/produkt\/aqualine-rumba-dvojity-drzak-rucniku-otocny-450mm-chrom-rb121-akcni-cena-58335\/"]}]},{"@type":"ImageObject","inLanguage":"cs","@id":"https:\/\/www.koupelnapro.com\/index.php\/produkt\/aqualine-rumba-dvojity-drzak-rucniku-otocny-450mm-chrom-rb121-akcni-cena-58335\/#primaryimage","url":"https:\/\/www.koupelnapro.com\/wp-content\/uploads\/2026\/SK0002910-CZ20260425-093631-0-1777080994-91176-2_rb121-137417478668750.webp","contentUrl":"https:\/\/www.koupelnapro.com\/wp-content\/uploads\/2026\/SK0002910-CZ20260425-093631-0-1777080994-91176-2_rb121-137417478668750.webp","width":1000,"height":750},{"@type":"BreadcrumbList","@id":"https:\/\/www.koupelnapro.com\/index.php\/produkt\/aqualine-rumba-dvojity-drzak-rucniku-otocny-450mm-chrom-rb121-akcni-cena-58335\/#breadcrumb","itemListElement":[{"@type":"ListItem","position":1,"name":"Home","item":"https:\/\/www.koupelnapro.com\/"},{"@type":"ListItem","position":2,"name":"Products","item":"https:\/\/www.koupelnapro.com\/index.php\/products\/"},{"@type":"ListItem","position":3,"name":"Aqualine RUMBA dvojit\u00fd dr\u017e\u00e1k ru\u010dn\u00edk\u016f oto\u010dn\u00fd 450mm, chrom RB121 Ak\u010dn\u00ed Cena"}]},{"@type":"WebSite","@id":"https:\/\/www.koupelnapro.com\/#website","url":"https:\/\/www.koupelnapro.com\/","name":"","description":"","potentialAction":[{"@type":"SearchAction","target":{"@type":"EntryPoint","urlTemplate":"https:\/\/www.koupelnapro.com\/?s={search_term_string}"},"query-input":{"@type":"PropertyValueSpecification","valueRequired":true,"valueName":"search_term_string"}}],"inLanguage":"cs"}]}},"_links":{"self":[{"href":"https:\/\/www.koupelnapro.com\/index.php\/wp-json\/wp\/v2\/product\/58335","targetHints":{"allow":["GET"]}}],"collection":[{"href":"https:\/\/www.koupelnapro.com\/index.php\/wp-json\/wp\/v2\/product"}],"about":[{"href":"https:\/\/www.koupelnapro.com\/index.php\/wp-json\/wp\/v2\/types\/product"}],"replies":[{"embeddable":true,"href":"https:\/\/www.koupelnapro.com\/index.php\/wp-json\/wp\/v2\/comments?post=58335"}],"wp:featuredmedia":[{"embeddable":true,"href":"https:\/\/www.koupelnapro.com\/index.php\/wp-json\/wp\/v2\/media\/58435"}],"wp:attachment":[{"href":"https:\/\/www.koupelnapro.com\/index.php\/wp-json\/wp\/v2\/media?parent=58335"}],"wp:term":[{"taxonomy":"product_brand","embeddable":true,"href":"https:\/\/www.koupelnapro.com\/index.php\/wp-json\/wp\/v2\/product_brand?post=58335"},{"taxonomy":"product_cat","embeddable":true,"href":"https:\/\/www.koupelnapro.com\/index.php\/wp-json\/wp\/v2\/product_cat?post=58335"},{"taxonomy":"product_tag","embeddable":true,"href":"https:\/\/www.koupelnapro.com\/index.php\/wp-json\/wp\/v2\/product_tag?post=58335"}],"curies":[{"name":"wp","href":"https:\/\/api.w.org\/{rel}","templated":true}]}}