{"id":58334,"date":"2026-04-26T09:17:23","date_gmt":"2026-04-26T09:17:23","guid":{"rendered":""},"modified":"2026-04-26T09:17:23","modified_gmt":"2026-04-26T09:17:23","slug":"nizka-cena-aqualine-rumba-davkovac-mydla-160ml-mlecne-sklo-chrom-rb119-58334","status":"publish","type":"product","link":"https:\/\/www.koupelnapro.com\/index.php\/produkt\/nizka-cena-aqualine-rumba-davkovac-mydla-160ml-mlecne-sklo-chrom-rb119-58334\/","title":{"rendered":"N\u00edzk\u00e1 Cena Aqualine RUMBA d\u00e1vkova\u010d m\u00fddla 160ml, ml\u00e9\u010dn\u00e9 sklo, chrom RB119"},"content":{"rendered":"<div class=\"basic-description\">\n<h3>Detailn\u00ed popis produktu<\/h3>\n<li>Rozte\u010d mont\u00e1\u017en\u00edch rozm\u011br\u016f (na st\u0159ed): 30 mm<\/li>\n<p><\/p>\n<p style=\"text-align: justify;\">Z nab\u00eddky s\u00e9rie RUMBA, charakteristick\u00e9 ladn\u00fdmi k\u0159ivkami, kompletn\u011b dovybav\u00edte koupelnu i WC. Zaj\u00edmavost\u00ed je praktick\u00e1 elegantn\u00ed rohov\u00e1 poli\u010dka ze skla.<\/p>\n<h2 class=\"props-title\">Vlastnosti<\/h2>\n<table>\n<tr>\n<th>Zna\u010dka<\/th>\n<td>AQUALINE<\/td>\n<\/tr>\n<tr>\n<th>S\u00e9rie<\/th>\n<td>RUMBA<\/td>\n<\/tr>\n<tr>\n<th>Rozm\u011br<\/th>\n<td>70x160x115 mm<\/td>\n<\/tr>\n<tr>\n<th>\u0160\u00ed\u0159ka<\/th>\n<td>70&nbsp;mm<\/td>\n<\/tr>\n<tr>\n<th>V\u00fd\u0161ka<\/th>\n<td>160&nbsp;mm<\/td>\n<\/tr>\n<tr>\n<th>Hloubka<\/th>\n<td>115&nbsp;mm<\/td>\n<\/tr>\n<tr>\n<th>Barva<\/th>\n<td>Chrom<\/td>\n<\/tr>\n<tr>\n<th>Materi\u00e1l<\/th>\n<td>Slitina<\/td>\n<\/tr>\n<tr>\n<th>Tvar<\/th>\n<td>Hranat\u00e9<\/td>\n<\/tr>\n<tr>\n<th>Druh<\/th>\n<td>D\u00e1vkova\u010d m\u00fddla<\/td>\n<\/tr>\n<tr>\n<th>Instalace<\/th>\n<td>Vrt\u00e1n\u00ed<\/td>\n<\/tr>\n<tr>\n<th>Objem d\u00e1vkova\u010de<\/th>\n<td>160&nbsp;ml<\/td>\n<\/tr>\n<tr>\n<th>Hmotnost \/ ks<\/th>\n<td>0.4900&nbsp;kg<\/td>\n<\/tr>\n<tr>\n<th>Balen\u00ed<\/th>\n<td>1&nbsp;ks<\/td>\n<\/tr>\n<tr>\n<th>EAN<\/th>\n<td>8590913828065<\/td>\n<\/tr>\n<tr>\n<th>Taric<\/th>\n<td>84798997<\/td>\n<\/tr>\n<tr>\n<th>Z\u00e1ruka<\/th>\n<td>2 roky<\/td>\n<\/tr>\n<\/table><\/div>\n","protected":false},"excerpt":{"rendered":"<p>Detailn\u00ed popis produktu Rozte\u010d mont\u00e1\u017en\u00edch rozm\u011br\u016f (na st\u0159ed): 30 mm Z nab\u00eddky s\u00e9rie RUMBA, charakteristick\u00e9 ladn\u00fdmi k\u0159ivkami, kompletn\u011b dovybav\u00edte koupelnu i WC. Zaj\u00edmavost\u00ed je praktick\u00e1 elegantn\u00ed rohov\u00e1 poli\u010dka ze skla. Vlastnosti Zna\u010dka AQUALINE S\u00e9rie RUMBA Rozm\u011br 70x160x115 mm \u0160\u00ed\u0159ka 70&nbsp;mm V\u00fd\u0161ka 160&nbsp;mm Hloubka 115&nbsp;mm Barva Chrom Materi\u00e1l Slitina Tvar Hranat\u00e9 Druh D\u00e1vkova\u010d m\u00fddla Instalace Vrt\u00e1n\u00ed [&hellip;]<\/p>\n","protected":false},"featured_media":58434,"comment_status":"open","ping_status":"open","template":"","meta":[],"product_brand":[],"product_cat":[193],"product_tag":[],"class_list":{"0":"post-58334","1":"product","2":"type-product","3":"status-publish","4":"has-post-thumbnail","6":"product_cat-koupelnove-vybaveni","8":"first","9":"instock","10":"sale","11":"shipping-taxable","12":"purchasable","13":"product-type-simple"},"yoast_head":"<!-- This site is optimized with the Yoast SEO plugin v26.8 - https:\/\/yoast.com\/product\/yoast-seo-wordpress\/ -->\n<title>N\u00edzk\u00e1 Cena Aqualine RUMBA d\u00e1vkova\u010d m\u00fddla 160ml, ml\u00e9\u010dn\u00e9 sklo, chrom RB119 -<\/title>\n<meta name=\"robots\" content=\"index, follow, max-snippet:-1, max-image-preview:large, max-video-preview:-1\" \/>\n<link rel=\"canonical\" href=\"https:\/\/www.koupelnapro.com\/index.php\/produkt\/nizka-cena-aqualine-rumba-davkovac-mydla-160ml-mlecne-sklo-chrom-rb119-58334\/\" \/>\n<meta property=\"og:locale\" content=\"cs_CZ\" \/>\n<meta property=\"og:type\" content=\"article\" \/>\n<meta property=\"og:title\" content=\"N\u00edzk\u00e1 Cena Aqualine RUMBA d\u00e1vkova\u010d m\u00fddla 160ml, ml\u00e9\u010dn\u00e9 sklo, chrom RB119 -\" \/>\n<meta property=\"og:description\" content=\"Detailn\u00ed popis produktu Rozte\u010d mont\u00e1\u017en\u00edch rozm\u011br\u016f (na st\u0159ed): 30 mm Z nab\u00eddky s\u00e9rie RUMBA, charakteristick\u00e9 ladn\u00fdmi k\u0159ivkami, kompletn\u011b dovybav\u00edte koupelnu i WC. Zaj\u00edmavost\u00ed je praktick\u00e1 elegantn\u00ed rohov\u00e1 poli\u010dka ze skla. Vlastnosti Zna\u010dka AQUALINE S\u00e9rie RUMBA Rozm\u011br 70x160x115 mm \u0160\u00ed\u0159ka 70&nbsp;mm V\u00fd\u0161ka 160&nbsp;mm Hloubka 115&nbsp;mm Barva Chrom Materi\u00e1l Slitina Tvar Hranat\u00e9 Druh D\u00e1vkova\u010d m\u00fddla Instalace Vrt\u00e1n\u00ed [&hellip;]\" \/>\n<meta property=\"og:url\" content=\"https:\/\/www.koupelnapro.com\/index.php\/produkt\/nizka-cena-aqualine-rumba-davkovac-mydla-160ml-mlecne-sklo-chrom-rb119-58334\/\" \/>\n<meta property=\"og:image\" content=\"https:\/\/www.koupelnapro.com\/wp-content\/uploads\/2026\/SK0002909-CZ20260425-093631-0-1777080994-91173-1_rb119-137417478669184.webp\" \/>\n\t<meta property=\"og:image:width\" content=\"1000\" \/>\n\t<meta property=\"og:image:height\" content=\"750\" \/>\n\t<meta property=\"og:image:type\" content=\"image\/webp\" \/>\n<meta name=\"twitter:card\" content=\"summary_large_image\" \/>\n<script type=\"application\/ld+json\" class=\"yoast-schema-graph\">{\"@context\":\"https:\/\/schema.org\",\"@graph\":[{\"@type\":\"WebPage\",\"@id\":\"https:\/\/www.koupelnapro.com\/index.php\/produkt\/nizka-cena-aqualine-rumba-davkovac-mydla-160ml-mlecne-sklo-chrom-rb119-58334\/\",\"url\":\"https:\/\/www.koupelnapro.com\/index.php\/produkt\/nizka-cena-aqualine-rumba-davkovac-mydla-160ml-mlecne-sklo-chrom-rb119-58334\/\",\"name\":\"N\u00edzk\u00e1 Cena Aqualine RUMBA d\u00e1vkova\u010d m\u00fddla 160ml, ml\u00e9\u010dn\u00e9 sklo, chrom RB119 -\",\"isPartOf\":{\"@id\":\"https:\/\/www.koupelnapro.com\/#website\"},\"primaryImageOfPage\":{\"@id\":\"https:\/\/www.koupelnapro.com\/index.php\/produkt\/nizka-cena-aqualine-rumba-davkovac-mydla-160ml-mlecne-sklo-chrom-rb119-58334\/#primaryimage\"},\"image\":{\"@id\":\"https:\/\/www.koupelnapro.com\/index.php\/produkt\/nizka-cena-aqualine-rumba-davkovac-mydla-160ml-mlecne-sklo-chrom-rb119-58334\/#primaryimage\"},\"thumbnailUrl\":\"https:\/\/www.koupelnapro.com\/wp-content\/uploads\/2026\/SK0002909-CZ20260425-093631-0-1777080994-91173-1_rb119-137417478669184.webp\",\"datePublished\":\"2026-04-26T09:17:23+00:00\",\"breadcrumb\":{\"@id\":\"https:\/\/www.koupelnapro.com\/index.php\/produkt\/nizka-cena-aqualine-rumba-davkovac-mydla-160ml-mlecne-sklo-chrom-rb119-58334\/#breadcrumb\"},\"inLanguage\":\"cs\",\"potentialAction\":[{\"@type\":\"ReadAction\",\"target\":[\"https:\/\/www.koupelnapro.com\/index.php\/produkt\/nizka-cena-aqualine-rumba-davkovac-mydla-160ml-mlecne-sklo-chrom-rb119-58334\/\"]}]},{\"@type\":\"ImageObject\",\"inLanguage\":\"cs\",\"@id\":\"https:\/\/www.koupelnapro.com\/index.php\/produkt\/nizka-cena-aqualine-rumba-davkovac-mydla-160ml-mlecne-sklo-chrom-rb119-58334\/#primaryimage\",\"url\":\"https:\/\/www.koupelnapro.com\/wp-content\/uploads\/2026\/SK0002909-CZ20260425-093631-0-1777080994-91173-1_rb119-137417478669184.webp\",\"contentUrl\":\"https:\/\/www.koupelnapro.com\/wp-content\/uploads\/2026\/SK0002909-CZ20260425-093631-0-1777080994-91173-1_rb119-137417478669184.webp\",\"width\":1000,\"height\":750},{\"@type\":\"BreadcrumbList\",\"@id\":\"https:\/\/www.koupelnapro.com\/index.php\/produkt\/nizka-cena-aqualine-rumba-davkovac-mydla-160ml-mlecne-sklo-chrom-rb119-58334\/#breadcrumb\",\"itemListElement\":[{\"@type\":\"ListItem\",\"position\":1,\"name\":\"Home\",\"item\":\"https:\/\/www.koupelnapro.com\/\"},{\"@type\":\"ListItem\",\"position\":2,\"name\":\"Products\",\"item\":\"https:\/\/www.koupelnapro.com\/index.php\/products\/\"},{\"@type\":\"ListItem\",\"position\":3,\"name\":\"N\u00edzk\u00e1 Cena Aqualine RUMBA d\u00e1vkova\u010d m\u00fddla 160ml, ml\u00e9\u010dn\u00e9 sklo, chrom RB119\"}]},{\"@type\":\"WebSite\",\"@id\":\"https:\/\/www.koupelnapro.com\/#website\",\"url\":\"https:\/\/www.koupelnapro.com\/\",\"name\":\"\",\"description\":\"\",\"potentialAction\":[{\"@type\":\"SearchAction\",\"target\":{\"@type\":\"EntryPoint\",\"urlTemplate\":\"https:\/\/www.koupelnapro.com\/?s={search_term_string}\"},\"query-input\":{\"@type\":\"PropertyValueSpecification\",\"valueRequired\":true,\"valueName\":\"search_term_string\"}}],\"inLanguage\":\"cs\"}]}<\/script>\n<!-- \/ Yoast SEO plugin. -->","yoast_head_json":{"title":"N\u00edzk\u00e1 Cena Aqualine RUMBA d\u00e1vkova\u010d m\u00fddla 160ml, ml\u00e9\u010dn\u00e9 sklo, chrom RB119 -","robots":{"index":"index","follow":"follow","max-snippet":"max-snippet:-1","max-image-preview":"max-image-preview:large","max-video-preview":"max-video-preview:-1"},"canonical":"https:\/\/www.koupelnapro.com\/index.php\/produkt\/nizka-cena-aqualine-rumba-davkovac-mydla-160ml-mlecne-sklo-chrom-rb119-58334\/","og_locale":"cs_CZ","og_type":"article","og_title":"N\u00edzk\u00e1 Cena Aqualine RUMBA d\u00e1vkova\u010d m\u00fddla 160ml, ml\u00e9\u010dn\u00e9 sklo, chrom RB119 -","og_description":"Detailn\u00ed popis produktu Rozte\u010d mont\u00e1\u017en\u00edch rozm\u011br\u016f (na st\u0159ed): 30 mm Z nab\u00eddky s\u00e9rie RUMBA, charakteristick\u00e9 ladn\u00fdmi k\u0159ivkami, kompletn\u011b dovybav\u00edte koupelnu i WC. Zaj\u00edmavost\u00ed je praktick\u00e1 elegantn\u00ed rohov\u00e1 poli\u010dka ze skla. Vlastnosti Zna\u010dka AQUALINE S\u00e9rie RUMBA Rozm\u011br 70x160x115 mm \u0160\u00ed\u0159ka 70&nbsp;mm V\u00fd\u0161ka 160&nbsp;mm Hloubka 115&nbsp;mm Barva Chrom Materi\u00e1l Slitina Tvar Hranat\u00e9 Druh D\u00e1vkova\u010d m\u00fddla Instalace Vrt\u00e1n\u00ed [&hellip;]","og_url":"https:\/\/www.koupelnapro.com\/index.php\/produkt\/nizka-cena-aqualine-rumba-davkovac-mydla-160ml-mlecne-sklo-chrom-rb119-58334\/","og_image":[{"width":1000,"height":750,"url":"https:\/\/www.koupelnapro.com\/wp-content\/uploads\/2026\/SK0002909-CZ20260425-093631-0-1777080994-91173-1_rb119-137417478669184.webp","type":"image\/webp"}],"twitter_card":"summary_large_image","schema":{"@context":"https:\/\/schema.org","@graph":[{"@type":"WebPage","@id":"https:\/\/www.koupelnapro.com\/index.php\/produkt\/nizka-cena-aqualine-rumba-davkovac-mydla-160ml-mlecne-sklo-chrom-rb119-58334\/","url":"https:\/\/www.koupelnapro.com\/index.php\/produkt\/nizka-cena-aqualine-rumba-davkovac-mydla-160ml-mlecne-sklo-chrom-rb119-58334\/","name":"N\u00edzk\u00e1 Cena Aqualine RUMBA d\u00e1vkova\u010d m\u00fddla 160ml, ml\u00e9\u010dn\u00e9 sklo, chrom RB119 -","isPartOf":{"@id":"https:\/\/www.koupelnapro.com\/#website"},"primaryImageOfPage":{"@id":"https:\/\/www.koupelnapro.com\/index.php\/produkt\/nizka-cena-aqualine-rumba-davkovac-mydla-160ml-mlecne-sklo-chrom-rb119-58334\/#primaryimage"},"image":{"@id":"https:\/\/www.koupelnapro.com\/index.php\/produkt\/nizka-cena-aqualine-rumba-davkovac-mydla-160ml-mlecne-sklo-chrom-rb119-58334\/#primaryimage"},"thumbnailUrl":"https:\/\/www.koupelnapro.com\/wp-content\/uploads\/2026\/SK0002909-CZ20260425-093631-0-1777080994-91173-1_rb119-137417478669184.webp","datePublished":"2026-04-26T09:17:23+00:00","breadcrumb":{"@id":"https:\/\/www.koupelnapro.com\/index.php\/produkt\/nizka-cena-aqualine-rumba-davkovac-mydla-160ml-mlecne-sklo-chrom-rb119-58334\/#breadcrumb"},"inLanguage":"cs","potentialAction":[{"@type":"ReadAction","target":["https:\/\/www.koupelnapro.com\/index.php\/produkt\/nizka-cena-aqualine-rumba-davkovac-mydla-160ml-mlecne-sklo-chrom-rb119-58334\/"]}]},{"@type":"ImageObject","inLanguage":"cs","@id":"https:\/\/www.koupelnapro.com\/index.php\/produkt\/nizka-cena-aqualine-rumba-davkovac-mydla-160ml-mlecne-sklo-chrom-rb119-58334\/#primaryimage","url":"https:\/\/www.koupelnapro.com\/wp-content\/uploads\/2026\/SK0002909-CZ20260425-093631-0-1777080994-91173-1_rb119-137417478669184.webp","contentUrl":"https:\/\/www.koupelnapro.com\/wp-content\/uploads\/2026\/SK0002909-CZ20260425-093631-0-1777080994-91173-1_rb119-137417478669184.webp","width":1000,"height":750},{"@type":"BreadcrumbList","@id":"https:\/\/www.koupelnapro.com\/index.php\/produkt\/nizka-cena-aqualine-rumba-davkovac-mydla-160ml-mlecne-sklo-chrom-rb119-58334\/#breadcrumb","itemListElement":[{"@type":"ListItem","position":1,"name":"Home","item":"https:\/\/www.koupelnapro.com\/"},{"@type":"ListItem","position":2,"name":"Products","item":"https:\/\/www.koupelnapro.com\/index.php\/products\/"},{"@type":"ListItem","position":3,"name":"N\u00edzk\u00e1 Cena Aqualine RUMBA d\u00e1vkova\u010d m\u00fddla 160ml, ml\u00e9\u010dn\u00e9 sklo, chrom RB119"}]},{"@type":"WebSite","@id":"https:\/\/www.koupelnapro.com\/#website","url":"https:\/\/www.koupelnapro.com\/","name":"","description":"","potentialAction":[{"@type":"SearchAction","target":{"@type":"EntryPoint","urlTemplate":"https:\/\/www.koupelnapro.com\/?s={search_term_string}"},"query-input":{"@type":"PropertyValueSpecification","valueRequired":true,"valueName":"search_term_string"}}],"inLanguage":"cs"}]}},"_links":{"self":[{"href":"https:\/\/www.koupelnapro.com\/index.php\/wp-json\/wp\/v2\/product\/58334","targetHints":{"allow":["GET"]}}],"collection":[{"href":"https:\/\/www.koupelnapro.com\/index.php\/wp-json\/wp\/v2\/product"}],"about":[{"href":"https:\/\/www.koupelnapro.com\/index.php\/wp-json\/wp\/v2\/types\/product"}],"replies":[{"embeddable":true,"href":"https:\/\/www.koupelnapro.com\/index.php\/wp-json\/wp\/v2\/comments?post=58334"}],"wp:featuredmedia":[{"embeddable":true,"href":"https:\/\/www.koupelnapro.com\/index.php\/wp-json\/wp\/v2\/media\/58434"}],"wp:attachment":[{"href":"https:\/\/www.koupelnapro.com\/index.php\/wp-json\/wp\/v2\/media?parent=58334"}],"wp:term":[{"taxonomy":"product_brand","embeddable":true,"href":"https:\/\/www.koupelnapro.com\/index.php\/wp-json\/wp\/v2\/product_brand?post=58334"},{"taxonomy":"product_cat","embeddable":true,"href":"https:\/\/www.koupelnapro.com\/index.php\/wp-json\/wp\/v2\/product_cat?post=58334"},{"taxonomy":"product_tag","embeddable":true,"href":"https:\/\/www.koupelnapro.com\/index.php\/wp-json\/wp\/v2\/product_tag?post=58334"}],"curies":[{"name":"wp","href":"https:\/\/api.w.org\/{rel}","templated":true}]}}