{"id":58137,"date":"2026-04-26T09:17:22","date_gmt":"2026-04-26T09:17:22","guid":{"rendered":""},"modified":"2026-04-26T09:17:22","modified_gmt":"2026-04-26T09:17:22","slug":"znackovy-univerzalni-obklad-skleneny-paradyz-tyrkysovy-dekor-a-29-5x59-5-cm-58137","status":"publish","type":"product","link":"https:\/\/www.koupelnapro.com\/index.php\/produkt\/znackovy-univerzalni-obklad-skleneny-paradyz-tyrkysovy-dekor-a-29-5x59-5-cm-58137\/","title":{"rendered":"Zna\u010dkov\u00fd Univerz\u00e1ln\u00ed obklad sklen\u011bn\u00fd Paradyz tyrkysov\u00fd dekor A 29,5&#215;59,5 cm"},"content":{"rendered":"\n<div class=\"extended-description-inner\">\n<div class=\"extended-description\">\n<table class=\"detail-parameters\">\n<tbody>\n<tr>\n<th>        <span class=\"row-header-label\">            Kategorie<span class=\"row-header-label-colon\">:<\/span>        <\/span>    <\/th>\n<td>        Dekorace    <\/td>\n<\/tr>\n<tr class=\"productEan\">\n<th>          <span class=\"row-header-label productEan__label\">              EAN<span class=\"row-header-label-colon\">:<\/span>          <\/span>      <\/th>\n<td>          <span class=\"productEan__value\">5900144033733<\/span>      <\/td>\n<\/tr>\n<tr>\n<th>                <span class=\"row-header-label\">                                            Barva<span class=\"row-header-label-colon\">:<\/span>                                    <\/span>            <\/th>\n<td>                                                            Multicolor                                                <\/td>\n<\/tr>\n<tr>\n<th>                <span class=\"row-header-label\">                                            Rozm\u011br<span class=\"row-header-label-colon\">:<\/span>                                    <\/span>            <\/th>\n<td>                                                            29,5 x 59,5 cm                                                <\/td>\n<\/tr>\n<tr>\n<th>                <span class=\"row-header-label\">                                            Typ produktu<span class=\"row-header-label-colon\">:<\/span>                                    <\/span>            <\/th>\n<td>                                                            Dekorace                                                <\/td>\n<\/tr>\n<tr>\n<th>                <span class=\"row-header-label\">                                            Tvar<span class=\"row-header-label-colon\">:<\/span>                                    <\/span>            <\/th>\n<td>                                                            Obd\u00e9ln\u00edk                                                <\/td>\n<\/tr>\n<tr>\n<th>                <span class=\"row-header-label\">                                            Povrch<span class=\"row-header-label-colon\">:<\/span>                                    <\/span>            <\/th>\n<td>                                                            Leskl\u00fd                                                <\/td>\n<\/tr>\n<tr>\n<th>                <span class=\"row-header-label\">                                            Tlou\u0161\u0165ka<span class=\"row-header-label-colon\">:<\/span>                                    <\/span>            <\/th>\n<td>                                                            6 mm                                                <\/td>\n<\/tr>\n<tr>\n<th>                <span class=\"row-header-label\">                                            Rektifikace<span class=\"row-header-label-colon\">:<\/span>                                    <\/span>            <\/th>\n<td>                                                            Ne                                                <\/td>\n<\/tr>\n<tr>\n<th>                <span class=\"row-header-label\">                                            Mrazuvzdornost<span class=\"row-header-label-colon\">:<\/span>                                    <\/span>            <\/th>\n<td>                                                            Ne                                                <\/td>\n<\/tr>\n<tr>\n<th>                <span class=\"row-header-label\">                                            Kolekce<span class=\"row-header-label-colon\">:<\/span>                                    <\/span>            <\/th>\n<td>                                                            Univerz\u00e1ln\u00ed                                                <\/td>\n<\/tr>\n<tr>\n<th>                <span class=\"row-header-label\">                                                                        Mno\u017estv\u00ed v balen\u00ed<span class=\"row-header-label-colon\">:<\/span>                                                            <\/span>            <\/th>\n<td>1 ks<\/td>\n<\/tr>\n<tr>\n<th>                <span class=\"row-header-label\">                                                                        Technologie<span class=\"row-header-label-colon\">:<\/span>                                                            <\/span>            <\/th>\n<td>Sklo<\/td>\n<\/tr>\n<tr>\n<th>                <span class=\"row-header-label\">                                                                        Minim\u00e1ln\u00ed \u0161\u00ed\u0159ka sp\u00e1ry mezi obklady<span class=\"row-header-label-colon\">:<\/span>                                                            <\/span>            <\/th>\n<td>3,6 mm<\/td>\n<\/tr>\n<\/tbody>\n<\/table><\/div>\n<\/p><\/div>\n<\/p><\/div>\n<\/p><\/div>\n<\/p><\/div>\n<\/p><\/div>\n<\/p><\/div>\n<\/p><\/div>\n<p>                    <\/main>    <\/div>\n<\/p><\/div>\n","protected":false},"excerpt":{"rendered":"<p>Kategorie: Dekorace EAN: 5900144033733 Barva: Multicolor Rozm\u011br: 29,5 x 59,5 cm Typ produktu: Dekorace Tvar: Obd\u00e9ln\u00edk Povrch: Leskl\u00fd Tlou\u0161\u0165ka: 6 mm Rektifikace: Ne Mrazuvzdornost: Ne Kolekce: Univerz\u00e1ln\u00ed Mno\u017estv\u00ed v balen\u00ed: 1 ks Technologie: Sklo Minim\u00e1ln\u00ed \u0161\u00ed\u0159ka sp\u00e1ry mezi obklady: 3,6 mm<\/p>\n","protected":false},"featured_media":58237,"comment_status":"open","ping_status":"open","template":"","meta":[],"product_brand":[],"product_cat":[161],"product_tag":[],"class_list":{"0":"post-58137","1":"product","2":"type-product","3":"status-publish","4":"has-post-thumbnail","6":"product_cat-obklady","8":"first","9":"instock","10":"sale","11":"shipping-taxable","12":"purchasable","13":"product-type-simple"},"yoast_head":"<!-- This site is optimized with the Yoast SEO plugin v26.8 - https:\/\/yoast.com\/product\/yoast-seo-wordpress\/ -->\n<title>Zna\u010dkov\u00fd Univerz\u00e1ln\u00ed obklad sklen\u011bn\u00fd Paradyz tyrkysov\u00fd dekor A 29,5x59,5 cm -<\/title>\n<meta name=\"robots\" content=\"index, follow, max-snippet:-1, max-image-preview:large, max-video-preview:-1\" \/>\n<link rel=\"canonical\" href=\"https:\/\/www.koupelnapro.com\/index.php\/produkt\/znackovy-univerzalni-obklad-skleneny-paradyz-tyrkysovy-dekor-a-29-5x59-5-cm-58137\/\" \/>\n<meta property=\"og:locale\" content=\"cs_CZ\" \/>\n<meta property=\"og:type\" content=\"article\" \/>\n<meta property=\"og:title\" content=\"Zna\u010dkov\u00fd Univerz\u00e1ln\u00ed obklad sklen\u011bn\u00fd Paradyz tyrkysov\u00fd dekor A 29,5x59,5 cm -\" \/>\n<meta property=\"og:description\" content=\"Kategorie: Dekorace EAN: 5900144033733 Barva: Multicolor Rozm\u011br: 29,5 x 59,5 cm Typ produktu: Dekorace Tvar: Obd\u00e9ln\u00edk Povrch: Leskl\u00fd Tlou\u0161\u0165ka: 6 mm Rektifikace: Ne Mrazuvzdornost: Ne Kolekce: Univerz\u00e1ln\u00ed Mno\u017estv\u00ed v balen\u00ed: 1 ks Technologie: Sklo Minim\u00e1ln\u00ed \u0161\u00ed\u0159ka sp\u00e1ry mezi obklady: 3,6 mm\" \/>\n<meta property=\"og:url\" content=\"https:\/\/www.koupelnapro.com\/index.php\/produkt\/znackovy-univerzalni-obklad-skleneny-paradyz-tyrkysovy-dekor-a-29-5x59-5-cm-58137\/\" \/>\n<meta property=\"og:image\" content=\"https:\/\/www.koupelnapro.com\/wp-content\/uploads\/2026\/SK0004216-CZ20260425-093604-0-1777080965-18964_29544-univerzalni-obklad-skleneny-paradyz-tyrkysovy-d.webp\" \/>\n\t<meta property=\"og:image:width\" content=\"1000\" \/>\n\t<meta property=\"og:image:height\" content=\"750\" \/>\n\t<meta property=\"og:image:type\" content=\"image\/webp\" \/>\n<meta name=\"twitter:card\" content=\"summary_large_image\" \/>\n<script type=\"application\/ld+json\" class=\"yoast-schema-graph\">{\"@context\":\"https:\/\/schema.org\",\"@graph\":[{\"@type\":\"WebPage\",\"@id\":\"https:\/\/www.koupelnapro.com\/index.php\/produkt\/znackovy-univerzalni-obklad-skleneny-paradyz-tyrkysovy-dekor-a-29-5x59-5-cm-58137\/\",\"url\":\"https:\/\/www.koupelnapro.com\/index.php\/produkt\/znackovy-univerzalni-obklad-skleneny-paradyz-tyrkysovy-dekor-a-29-5x59-5-cm-58137\/\",\"name\":\"Zna\u010dkov\u00fd Univerz\u00e1ln\u00ed obklad sklen\u011bn\u00fd Paradyz tyrkysov\u00fd dekor A 29,5x59,5 cm -\",\"isPartOf\":{\"@id\":\"https:\/\/www.koupelnapro.com\/#website\"},\"primaryImageOfPage\":{\"@id\":\"https:\/\/www.koupelnapro.com\/index.php\/produkt\/znackovy-univerzalni-obklad-skleneny-paradyz-tyrkysovy-dekor-a-29-5x59-5-cm-58137\/#primaryimage\"},\"image\":{\"@id\":\"https:\/\/www.koupelnapro.com\/index.php\/produkt\/znackovy-univerzalni-obklad-skleneny-paradyz-tyrkysovy-dekor-a-29-5x59-5-cm-58137\/#primaryimage\"},\"thumbnailUrl\":\"https:\/\/www.koupelnapro.com\/wp-content\/uploads\/2026\/SK0004216-CZ20260425-093604-0-1777080965-18964_29544-univerzalni-obklad-skleneny-paradyz-tyrkysovy-d.webp\",\"datePublished\":\"2026-04-26T09:17:22+00:00\",\"breadcrumb\":{\"@id\":\"https:\/\/www.koupelnapro.com\/index.php\/produkt\/znackovy-univerzalni-obklad-skleneny-paradyz-tyrkysovy-dekor-a-29-5x59-5-cm-58137\/#breadcrumb\"},\"inLanguage\":\"cs\",\"potentialAction\":[{\"@type\":\"ReadAction\",\"target\":[\"https:\/\/www.koupelnapro.com\/index.php\/produkt\/znackovy-univerzalni-obklad-skleneny-paradyz-tyrkysovy-dekor-a-29-5x59-5-cm-58137\/\"]}]},{\"@type\":\"ImageObject\",\"inLanguage\":\"cs\",\"@id\":\"https:\/\/www.koupelnapro.com\/index.php\/produkt\/znackovy-univerzalni-obklad-skleneny-paradyz-tyrkysovy-dekor-a-29-5x59-5-cm-58137\/#primaryimage\",\"url\":\"https:\/\/www.koupelnapro.com\/wp-content\/uploads\/2026\/SK0004216-CZ20260425-093604-0-1777080965-18964_29544-univerzalni-obklad-skleneny-paradyz-tyrkysovy-d.webp\",\"contentUrl\":\"https:\/\/www.koupelnapro.com\/wp-content\/uploads\/2026\/SK0004216-CZ20260425-093604-0-1777080965-18964_29544-univerzalni-obklad-skleneny-paradyz-tyrkysovy-d.webp\",\"width\":1000,\"height\":750},{\"@type\":\"BreadcrumbList\",\"@id\":\"https:\/\/www.koupelnapro.com\/index.php\/produkt\/znackovy-univerzalni-obklad-skleneny-paradyz-tyrkysovy-dekor-a-29-5x59-5-cm-58137\/#breadcrumb\",\"itemListElement\":[{\"@type\":\"ListItem\",\"position\":1,\"name\":\"Home\",\"item\":\"https:\/\/www.koupelnapro.com\/\"},{\"@type\":\"ListItem\",\"position\":2,\"name\":\"Products\",\"item\":\"https:\/\/www.koupelnapro.com\/index.php\/products\/\"},{\"@type\":\"ListItem\",\"position\":3,\"name\":\"Zna\u010dkov\u00fd Univerz\u00e1ln\u00ed obklad sklen\u011bn\u00fd Paradyz tyrkysov\u00fd dekor A 29,5&#215;59,5 cm\"}]},{\"@type\":\"WebSite\",\"@id\":\"https:\/\/www.koupelnapro.com\/#website\",\"url\":\"https:\/\/www.koupelnapro.com\/\",\"name\":\"\",\"description\":\"\",\"potentialAction\":[{\"@type\":\"SearchAction\",\"target\":{\"@type\":\"EntryPoint\",\"urlTemplate\":\"https:\/\/www.koupelnapro.com\/?s={search_term_string}\"},\"query-input\":{\"@type\":\"PropertyValueSpecification\",\"valueRequired\":true,\"valueName\":\"search_term_string\"}}],\"inLanguage\":\"cs\"}]}<\/script>\n<!-- \/ Yoast SEO plugin. -->","yoast_head_json":{"title":"Zna\u010dkov\u00fd Univerz\u00e1ln\u00ed obklad sklen\u011bn\u00fd Paradyz tyrkysov\u00fd dekor A 29,5x59,5 cm -","robots":{"index":"index","follow":"follow","max-snippet":"max-snippet:-1","max-image-preview":"max-image-preview:large","max-video-preview":"max-video-preview:-1"},"canonical":"https:\/\/www.koupelnapro.com\/index.php\/produkt\/znackovy-univerzalni-obklad-skleneny-paradyz-tyrkysovy-dekor-a-29-5x59-5-cm-58137\/","og_locale":"cs_CZ","og_type":"article","og_title":"Zna\u010dkov\u00fd Univerz\u00e1ln\u00ed obklad sklen\u011bn\u00fd Paradyz tyrkysov\u00fd dekor A 29,5x59,5 cm -","og_description":"Kategorie: Dekorace EAN: 5900144033733 Barva: Multicolor Rozm\u011br: 29,5 x 59,5 cm Typ produktu: Dekorace Tvar: Obd\u00e9ln\u00edk Povrch: Leskl\u00fd Tlou\u0161\u0165ka: 6 mm Rektifikace: Ne Mrazuvzdornost: Ne Kolekce: Univerz\u00e1ln\u00ed Mno\u017estv\u00ed v balen\u00ed: 1 ks Technologie: Sklo Minim\u00e1ln\u00ed \u0161\u00ed\u0159ka sp\u00e1ry mezi obklady: 3,6 mm","og_url":"https:\/\/www.koupelnapro.com\/index.php\/produkt\/znackovy-univerzalni-obklad-skleneny-paradyz-tyrkysovy-dekor-a-29-5x59-5-cm-58137\/","og_image":[{"width":1000,"height":750,"url":"https:\/\/www.koupelnapro.com\/wp-content\/uploads\/2026\/SK0004216-CZ20260425-093604-0-1777080965-18964_29544-univerzalni-obklad-skleneny-paradyz-tyrkysovy-d.webp","type":"image\/webp"}],"twitter_card":"summary_large_image","schema":{"@context":"https:\/\/schema.org","@graph":[{"@type":"WebPage","@id":"https:\/\/www.koupelnapro.com\/index.php\/produkt\/znackovy-univerzalni-obklad-skleneny-paradyz-tyrkysovy-dekor-a-29-5x59-5-cm-58137\/","url":"https:\/\/www.koupelnapro.com\/index.php\/produkt\/znackovy-univerzalni-obklad-skleneny-paradyz-tyrkysovy-dekor-a-29-5x59-5-cm-58137\/","name":"Zna\u010dkov\u00fd Univerz\u00e1ln\u00ed obklad sklen\u011bn\u00fd Paradyz tyrkysov\u00fd dekor A 29,5x59,5 cm -","isPartOf":{"@id":"https:\/\/www.koupelnapro.com\/#website"},"primaryImageOfPage":{"@id":"https:\/\/www.koupelnapro.com\/index.php\/produkt\/znackovy-univerzalni-obklad-skleneny-paradyz-tyrkysovy-dekor-a-29-5x59-5-cm-58137\/#primaryimage"},"image":{"@id":"https:\/\/www.koupelnapro.com\/index.php\/produkt\/znackovy-univerzalni-obklad-skleneny-paradyz-tyrkysovy-dekor-a-29-5x59-5-cm-58137\/#primaryimage"},"thumbnailUrl":"https:\/\/www.koupelnapro.com\/wp-content\/uploads\/2026\/SK0004216-CZ20260425-093604-0-1777080965-18964_29544-univerzalni-obklad-skleneny-paradyz-tyrkysovy-d.webp","datePublished":"2026-04-26T09:17:22+00:00","breadcrumb":{"@id":"https:\/\/www.koupelnapro.com\/index.php\/produkt\/znackovy-univerzalni-obklad-skleneny-paradyz-tyrkysovy-dekor-a-29-5x59-5-cm-58137\/#breadcrumb"},"inLanguage":"cs","potentialAction":[{"@type":"ReadAction","target":["https:\/\/www.koupelnapro.com\/index.php\/produkt\/znackovy-univerzalni-obklad-skleneny-paradyz-tyrkysovy-dekor-a-29-5x59-5-cm-58137\/"]}]},{"@type":"ImageObject","inLanguage":"cs","@id":"https:\/\/www.koupelnapro.com\/index.php\/produkt\/znackovy-univerzalni-obklad-skleneny-paradyz-tyrkysovy-dekor-a-29-5x59-5-cm-58137\/#primaryimage","url":"https:\/\/www.koupelnapro.com\/wp-content\/uploads\/2026\/SK0004216-CZ20260425-093604-0-1777080965-18964_29544-univerzalni-obklad-skleneny-paradyz-tyrkysovy-d.webp","contentUrl":"https:\/\/www.koupelnapro.com\/wp-content\/uploads\/2026\/SK0004216-CZ20260425-093604-0-1777080965-18964_29544-univerzalni-obklad-skleneny-paradyz-tyrkysovy-d.webp","width":1000,"height":750},{"@type":"BreadcrumbList","@id":"https:\/\/www.koupelnapro.com\/index.php\/produkt\/znackovy-univerzalni-obklad-skleneny-paradyz-tyrkysovy-dekor-a-29-5x59-5-cm-58137\/#breadcrumb","itemListElement":[{"@type":"ListItem","position":1,"name":"Home","item":"https:\/\/www.koupelnapro.com\/"},{"@type":"ListItem","position":2,"name":"Products","item":"https:\/\/www.koupelnapro.com\/index.php\/products\/"},{"@type":"ListItem","position":3,"name":"Zna\u010dkov\u00fd Univerz\u00e1ln\u00ed obklad sklen\u011bn\u00fd Paradyz tyrkysov\u00fd dekor A 29,5&#215;59,5 cm"}]},{"@type":"WebSite","@id":"https:\/\/www.koupelnapro.com\/#website","url":"https:\/\/www.koupelnapro.com\/","name":"","description":"","potentialAction":[{"@type":"SearchAction","target":{"@type":"EntryPoint","urlTemplate":"https:\/\/www.koupelnapro.com\/?s={search_term_string}"},"query-input":{"@type":"PropertyValueSpecification","valueRequired":true,"valueName":"search_term_string"}}],"inLanguage":"cs"}]}},"_links":{"self":[{"href":"https:\/\/www.koupelnapro.com\/index.php\/wp-json\/wp\/v2\/product\/58137","targetHints":{"allow":["GET"]}}],"collection":[{"href":"https:\/\/www.koupelnapro.com\/index.php\/wp-json\/wp\/v2\/product"}],"about":[{"href":"https:\/\/www.koupelnapro.com\/index.php\/wp-json\/wp\/v2\/types\/product"}],"replies":[{"embeddable":true,"href":"https:\/\/www.koupelnapro.com\/index.php\/wp-json\/wp\/v2\/comments?post=58137"}],"wp:featuredmedia":[{"embeddable":true,"href":"https:\/\/www.koupelnapro.com\/index.php\/wp-json\/wp\/v2\/media\/58237"}],"wp:attachment":[{"href":"https:\/\/www.koupelnapro.com\/index.php\/wp-json\/wp\/v2\/media?parent=58137"}],"wp:term":[{"taxonomy":"product_brand","embeddable":true,"href":"https:\/\/www.koupelnapro.com\/index.php\/wp-json\/wp\/v2\/product_brand?post=58137"},{"taxonomy":"product_cat","embeddable":true,"href":"https:\/\/www.koupelnapro.com\/index.php\/wp-json\/wp\/v2\/product_cat?post=58137"},{"taxonomy":"product_tag","embeddable":true,"href":"https:\/\/www.koupelnapro.com\/index.php\/wp-json\/wp\/v2\/product_tag?post=58137"}],"curies":[{"name":"wp","href":"https:\/\/api.w.org\/{rel}","templated":true}]}}