{"id":57530,"date":"2026-04-26T09:17:19","date_gmt":"2026-04-26T09:17:19","guid":{"rendered":""},"modified":"2026-04-26T09:17:19","modified_gmt":"2026-04-26T09:17:19","slug":"znackovy-mereo-sprchovy-kout-lima-obdelnik-do-prostoru-u-pivotovy-80x90x80-cm-chrom-alu-sklo-point-57530","status":"publish","type":"product","link":"https:\/\/www.koupelnapro.com\/index.php\/produkt\/znackovy-mereo-sprchovy-kout-lima-obdelnik-do-prostoru-u-pivotovy-80x90x80-cm-chrom-alu-sklo-point-57530\/","title":{"rendered":"Zna\u010dkov\u00fd Mereo Sprchov\u00fd kout Lima, obd\u00e9ln\u00edk do prostoru U, pivotov\u00fd, 80x90x80 cm, chrom ALU, sklo Point"},"content":{"rendered":"<p>                Lima je \u0159ada sprchov\u00fdch kout\u016f Mereo, kter\u00e1 navod\u00ed pocit \u010dist\u00e9ho designu v ka\u017ed\u00e9 modern\u00ed koupeln\u011b. Rovn\u00e9 hladk\u00e9 plochy, \u010dist\u00e9 linie a ostr\u00e9 hrany profil\u016f umoc\u0148uj\u00ed pocit exkluzivity. Kvalitn\u00ed sklen\u011bn\u00e9 v\u00fdpln\u011b s bezpe\u010dnostn\u00edm sklem. Tento kout nab\u00edz\u00edme v nepr\u016fhledn\u00e9m proveden\u00ed se sklem Point, kter\u00e9 navod\u00ed lep\u0161\u00ed pocit intimity p\u0159i sprchov\u00e1n\u00ed.<\/p>\n<p>Snadn\u00e9 zav\u0159en\u00ed a t\u011bsnost zaji\u0161\u0165uj\u00ed st\u00edrac\u00ed a silikonov\u00e9 li\u0161ty, opat\u0159en\u00e9 na vstupn\u00ed \u010d\u00e1sti magnetem, nejedn\u00e1 se v\u0161ak o hermeticky uzav\u0159en\u00fd v\u00fdrobek.<\/p>\n<p>Za zm\u00ednku pak jist\u011b stoj\u00ed inovativn\u00ed syst\u00e9m mont\u00e1\u017ee pomoc\u00ed CLICK syst\u00e9mu. Tento syst\u00e9m mont\u00e1\u017ee sni\u017euje po\u010det operac\u00ed, nutn\u00fdch pro sestaven\u00ed cel\u00e9ho koutu a odbour\u00e1v\u00e1 n\u011bkter\u00e9 slo\u017eit\u011bj\u0161\u00ed operace, jako je vrt\u00e1n\u00ed do profil\u016f. Tak\u00e9 dal\u0161\u00ed \u010d\u00e1sti koutu jsou dod\u00e1v\u00e1ny s ohledem na maxim\u00e1ln\u00ed rychlost mont\u00e1\u017ee sv\u00e9pomoc\u00ed.<\/p>\n<p>V cen\u011b koutu nen\u00ed zahrnuta cena vani\u010dky.            <\/div>\n<div id=\"parametes\">\n<div class=\"param-wrapper\">\n<div class=\"param-item\">        \t        <span>Typ<\/span>        \t        <strong>        \t                Sprchov\u00fd kout            \t    <\/strong>        \t    <\/div>\n<div class=\"param-item\">        \t        <span>Barva<\/span>        \t        <strong>        \t                Chrom            \t    <\/strong>        \t    <\/div>\n<div class=\"param-item\">        \t        <span>S\u00e9rie<\/span>        \t        <strong>        \t                Lima            \t    <\/strong>        \t    <\/div>\n<div class=\"param-item\">        \t        <span>Sklo<\/span>        \t        <strong>        \t                Point            \t    <\/strong>        \t    <\/div>\n<div class=\"param-item\">        \t        <span>Proveden\u00ed<\/span>        \t        <strong>        \t                L\/P univers\u00e1ln\u00ed            \t    <\/strong>        \t    <\/div>\n<div class=\"param-item\">        \t        <span>Tvar<\/span>        \t        <strong>        \t                Obd\u00e9ln\u00edk        \t                &quot;U&quot; kout            \t    <\/strong>        \t    <\/div>\n<div class=\"param-item\">        \t        <span>Tlou\u0161\u0165ka skla<\/span>        \t        <strong>        \t                6 mm            \t    <\/strong>        \t    <\/div>\n<div class=\"param-item\">        \t        <span>Zp\u016fsob otev\u00edr\u00e1n\u00ed<\/span>        \t        <strong>        \t                Pivotov\u00e9            \t    <\/strong>        \t    <\/div>\n<div class=\"param-item\">        \t        <span>Konstrukce<\/span>        \t        <strong>        \t                Pevn\u00fd d\u00edl \/ Dve\u0159e \/ Pevn\u00fd d\u00edl            \t    <\/strong>        \t    <\/div>\n<div class=\"param-item\">        \t        <span>Stavitelnost<\/span>        \t        <strong>        \t                770-780 x 870-880 x 770-780            \t    <\/strong>        \t    <\/div>\n<div class=\"param-item\">        \t        <span>\u0160\u00ed\u0159ka<\/span>        \t        <strong>        \t                900 mm            \t    <\/strong>        \t    <\/div>\n<div class=\"param-item\">        \t        <span>Hloubka<\/span>        \t        <strong>        \t                800 mm            \t    <\/strong>        \t    <\/div>\n<div class=\"param-item\">        \t        <span>D\u00e9lka\/V\u00fd\u0161ka<\/span>        \t        <strong>        \t                1900 mm            \t    <\/strong>        \t    <\/div>\n<div class=\"param-item\">        \t        <span>Vstupn\u00ed otvor<\/span>        \t        <strong>        \t                580            \t    <\/strong>        \t    <\/div>\n<div class=\"param-item\">        \t        <span>Materi\u00e1l<\/span>        \t        <strong>        \t                Hlin\u00edkov\u00e9 profily            \t    <\/strong>        \t    <\/div>\n<\/p><\/div>\n<\/p><\/div>\n<div id=\"download\">\n<div class=\"downloads-wrapper underline\">                    \t    <i class=\"icon-download\" aria-hidden=\"true\"><\/i><span>N\u00e1vod k instalaci.pdf<\/span>                    \t    <i class=\"icon-download\" aria-hidden=\"true\"><\/i><span>N\u00e1hradn\u00ed d\u00edly Lima, dve\u0159e pivotov\u00e9.pdf<\/span>                    \t    <i class=\"icon-download\" aria-hidden=\"true\"><\/i><span>N\u00e1hradn\u00ed d\u00edly Lima bo\u010dn\u00ed st\u011bna.pdf<\/span>                    \t    <i class=\"icon-download\" aria-hidden=\"true\"><\/i><span>Prodlou\u017een\u00e1 z\u00e1ruka.pdf<\/span>                \t<\/div>\n<\/p><\/div>\n<\/p><\/div>\n<div id=\"video\">\n<div class=\"swiper swiper-youtube\">\n<div class=\"swiper-wrapper\">\n<div class=\"swiper-slide\">                                <\/div>\n<\/p><\/div>\n<div class=\"control-wrapper\">\n<div class=\"sb-prev youtube-prev\"><i class=\"icon-arrow-left\"><\/i>P\u0159edchoz\u00ed<\/div>\n<div class=\"swiper-pagination\"><\/div>\n<div class=\"sb-next youtube-next\">Dal\u0161\u00ed<i class=\"icon-arrow-right\"><\/i><\/div>\n<\/p><\/div>\n<\/p><\/div>\n<\/p><\/div>\n<\/p><\/div>\n<\/p><\/div>\n<\/div>\n","protected":false},"excerpt":{"rendered":"<p>Lima je \u0159ada sprchov\u00fdch kout\u016f Mereo, kter\u00e1 navod\u00ed pocit \u010dist\u00e9ho designu v ka\u017ed\u00e9 modern\u00ed koupeln\u011b. Rovn\u00e9 hladk\u00e9 plochy, \u010dist\u00e9 linie a ostr\u00e9 hrany profil\u016f umoc\u0148uj\u00ed pocit exkluzivity. Kvalitn\u00ed sklen\u011bn\u00e9 v\u00fdpln\u011b s bezpe\u010dnostn\u00edm sklem. Tento kout nab\u00edz\u00edme v nepr\u016fhledn\u00e9m proveden\u00ed se sklem Point, kter\u00e9 navod\u00ed lep\u0161\u00ed pocit intimity p\u0159i sprchov\u00e1n\u00ed. Snadn\u00e9 zav\u0159en\u00ed a t\u011bsnost zaji\u0161\u0165uj\u00ed st\u00edrac\u00ed [&hellip;]<\/p>\n","protected":false},"featured_media":57630,"comment_status":"open","ping_status":"open","template":"","meta":[],"product_brand":[],"product_cat":[189],"product_tag":[],"class_list":{"0":"post-57530","1":"product","2":"type-product","3":"status-publish","4":"has-post-thumbnail","6":"product_cat-sprchove-kouty-a-vanicky","8":"first","9":"instock","10":"sale","11":"shipping-taxable","12":"purchasable","13":"product-type-simple"},"yoast_head":"<!-- This site is optimized with the Yoast SEO plugin v26.8 - https:\/\/yoast.com\/product\/yoast-seo-wordpress\/ -->\n<title>Zna\u010dkov\u00fd Mereo Sprchov\u00fd kout Lima, obd\u00e9ln\u00edk do prostoru U, pivotov\u00fd, 80x90x80 cm, chrom ALU, sklo Point -<\/title>\n<meta name=\"robots\" content=\"index, follow, max-snippet:-1, max-image-preview:large, max-video-preview:-1\" \/>\n<link rel=\"canonical\" href=\"https:\/\/www.koupelnapro.com\/index.php\/produkt\/znackovy-mereo-sprchovy-kout-lima-obdelnik-do-prostoru-u-pivotovy-80x90x80-cm-chrom-alu-sklo-point-57530\/\" \/>\n<meta property=\"og:locale\" content=\"cs_CZ\" \/>\n<meta property=\"og:type\" content=\"article\" \/>\n<meta property=\"og:title\" content=\"Zna\u010dkov\u00fd Mereo Sprchov\u00fd kout Lima, obd\u00e9ln\u00edk do prostoru U, pivotov\u00fd, 80x90x80 cm, chrom ALU, sklo Point -\" \/>\n<meta property=\"og:description\" content=\"Lima je \u0159ada sprchov\u00fdch kout\u016f Mereo, kter\u00e1 navod\u00ed pocit \u010dist\u00e9ho designu v ka\u017ed\u00e9 modern\u00ed koupeln\u011b. Rovn\u00e9 hladk\u00e9 plochy, \u010dist\u00e9 linie a ostr\u00e9 hrany profil\u016f umoc\u0148uj\u00ed pocit exkluzivity. Kvalitn\u00ed sklen\u011bn\u00e9 v\u00fdpln\u011b s bezpe\u010dnostn\u00edm sklem. Tento kout nab\u00edz\u00edme v nepr\u016fhledn\u00e9m proveden\u00ed se sklem Point, kter\u00e9 navod\u00ed lep\u0161\u00ed pocit intimity p\u0159i sprchov\u00e1n\u00ed. Snadn\u00e9 zav\u0159en\u00ed a t\u011bsnost zaji\u0161\u0165uj\u00ed st\u00edrac\u00ed [&hellip;]\" \/>\n<meta property=\"og:url\" content=\"https:\/\/www.koupelnapro.com\/index.php\/produkt\/znackovy-mereo-sprchovy-kout-lima-obdelnik-do-prostoru-u-pivotovy-80x90x80-cm-chrom-alu-sklo-point-57530\/\" \/>\n<meta property=\"og:image\" content=\"https:\/\/www.koupelnapro.com\/wp-content\/uploads\/2026\/SK0003980-CZ20260425-093531-0-1777080932-80a4b4163740399fa070f4f4511327de-ck87882k-2-jpg-2025-06-16-.webp\" \/>\n\t<meta property=\"og:image:width\" content=\"800\" \/>\n\t<meta property=\"og:image:height\" content=\"800\" \/>\n\t<meta property=\"og:image:type\" content=\"image\/webp\" \/>\n<meta name=\"twitter:card\" content=\"summary_large_image\" \/>\n<meta name=\"twitter:label1\" content=\"Odhadovan\u00e1 doba \u010dten\u00ed\" \/>\n\t<meta name=\"twitter:data1\" content=\"1 minuta\" \/>\n<script type=\"application\/ld+json\" class=\"yoast-schema-graph\">{\"@context\":\"https:\/\/schema.org\",\"@graph\":[{\"@type\":\"WebPage\",\"@id\":\"https:\/\/www.koupelnapro.com\/index.php\/produkt\/znackovy-mereo-sprchovy-kout-lima-obdelnik-do-prostoru-u-pivotovy-80x90x80-cm-chrom-alu-sklo-point-57530\/\",\"url\":\"https:\/\/www.koupelnapro.com\/index.php\/produkt\/znackovy-mereo-sprchovy-kout-lima-obdelnik-do-prostoru-u-pivotovy-80x90x80-cm-chrom-alu-sklo-point-57530\/\",\"name\":\"Zna\u010dkov\u00fd Mereo Sprchov\u00fd kout Lima, obd\u00e9ln\u00edk do prostoru U, pivotov\u00fd, 80x90x80 cm, chrom ALU, sklo Point -\",\"isPartOf\":{\"@id\":\"https:\/\/www.koupelnapro.com\/#website\"},\"primaryImageOfPage\":{\"@id\":\"https:\/\/www.koupelnapro.com\/index.php\/produkt\/znackovy-mereo-sprchovy-kout-lima-obdelnik-do-prostoru-u-pivotovy-80x90x80-cm-chrom-alu-sklo-point-57530\/#primaryimage\"},\"image\":{\"@id\":\"https:\/\/www.koupelnapro.com\/index.php\/produkt\/znackovy-mereo-sprchovy-kout-lima-obdelnik-do-prostoru-u-pivotovy-80x90x80-cm-chrom-alu-sklo-point-57530\/#primaryimage\"},\"thumbnailUrl\":\"https:\/\/www.koupelnapro.com\/wp-content\/uploads\/2026\/SK0003980-CZ20260425-093531-0-1777080932-80a4b4163740399fa070f4f4511327de-ck87882k-2-jpg-2025-06-16-.webp\",\"datePublished\":\"2026-04-26T09:17:19+00:00\",\"breadcrumb\":{\"@id\":\"https:\/\/www.koupelnapro.com\/index.php\/produkt\/znackovy-mereo-sprchovy-kout-lima-obdelnik-do-prostoru-u-pivotovy-80x90x80-cm-chrom-alu-sklo-point-57530\/#breadcrumb\"},\"inLanguage\":\"cs\",\"potentialAction\":[{\"@type\":\"ReadAction\",\"target\":[\"https:\/\/www.koupelnapro.com\/index.php\/produkt\/znackovy-mereo-sprchovy-kout-lima-obdelnik-do-prostoru-u-pivotovy-80x90x80-cm-chrom-alu-sklo-point-57530\/\"]}]},{\"@type\":\"ImageObject\",\"inLanguage\":\"cs\",\"@id\":\"https:\/\/www.koupelnapro.com\/index.php\/produkt\/znackovy-mereo-sprchovy-kout-lima-obdelnik-do-prostoru-u-pivotovy-80x90x80-cm-chrom-alu-sklo-point-57530\/#primaryimage\",\"url\":\"https:\/\/www.koupelnapro.com\/wp-content\/uploads\/2026\/SK0003980-CZ20260425-093531-0-1777080932-80a4b4163740399fa070f4f4511327de-ck87882k-2-jpg-2025-06-16-.webp\",\"contentUrl\":\"https:\/\/www.koupelnapro.com\/wp-content\/uploads\/2026\/SK0003980-CZ20260425-093531-0-1777080932-80a4b4163740399fa070f4f4511327de-ck87882k-2-jpg-2025-06-16-.webp\",\"width\":800,\"height\":800},{\"@type\":\"BreadcrumbList\",\"@id\":\"https:\/\/www.koupelnapro.com\/index.php\/produkt\/znackovy-mereo-sprchovy-kout-lima-obdelnik-do-prostoru-u-pivotovy-80x90x80-cm-chrom-alu-sklo-point-57530\/#breadcrumb\",\"itemListElement\":[{\"@type\":\"ListItem\",\"position\":1,\"name\":\"Home\",\"item\":\"https:\/\/www.koupelnapro.com\/\"},{\"@type\":\"ListItem\",\"position\":2,\"name\":\"Products\",\"item\":\"https:\/\/www.koupelnapro.com\/index.php\/products\/\"},{\"@type\":\"ListItem\",\"position\":3,\"name\":\"Zna\u010dkov\u00fd Mereo Sprchov\u00fd kout Lima, obd\u00e9ln\u00edk do prostoru U, pivotov\u00fd, 80x90x80 cm, chrom ALU, sklo Point\"}]},{\"@type\":\"WebSite\",\"@id\":\"https:\/\/www.koupelnapro.com\/#website\",\"url\":\"https:\/\/www.koupelnapro.com\/\",\"name\":\"\",\"description\":\"\",\"potentialAction\":[{\"@type\":\"SearchAction\",\"target\":{\"@type\":\"EntryPoint\",\"urlTemplate\":\"https:\/\/www.koupelnapro.com\/?s={search_term_string}\"},\"query-input\":{\"@type\":\"PropertyValueSpecification\",\"valueRequired\":true,\"valueName\":\"search_term_string\"}}],\"inLanguage\":\"cs\"}]}<\/script>\n<!-- \/ Yoast SEO plugin. -->","yoast_head_json":{"title":"Zna\u010dkov\u00fd Mereo Sprchov\u00fd kout Lima, obd\u00e9ln\u00edk do prostoru U, pivotov\u00fd, 80x90x80 cm, chrom ALU, sklo Point -","robots":{"index":"index","follow":"follow","max-snippet":"max-snippet:-1","max-image-preview":"max-image-preview:large","max-video-preview":"max-video-preview:-1"},"canonical":"https:\/\/www.koupelnapro.com\/index.php\/produkt\/znackovy-mereo-sprchovy-kout-lima-obdelnik-do-prostoru-u-pivotovy-80x90x80-cm-chrom-alu-sklo-point-57530\/","og_locale":"cs_CZ","og_type":"article","og_title":"Zna\u010dkov\u00fd Mereo Sprchov\u00fd kout Lima, obd\u00e9ln\u00edk do prostoru U, pivotov\u00fd, 80x90x80 cm, chrom ALU, sklo Point -","og_description":"Lima je \u0159ada sprchov\u00fdch kout\u016f Mereo, kter\u00e1 navod\u00ed pocit \u010dist\u00e9ho designu v ka\u017ed\u00e9 modern\u00ed koupeln\u011b. Rovn\u00e9 hladk\u00e9 plochy, \u010dist\u00e9 linie a ostr\u00e9 hrany profil\u016f umoc\u0148uj\u00ed pocit exkluzivity. Kvalitn\u00ed sklen\u011bn\u00e9 v\u00fdpln\u011b s bezpe\u010dnostn\u00edm sklem. Tento kout nab\u00edz\u00edme v nepr\u016fhledn\u00e9m proveden\u00ed se sklem Point, kter\u00e9 navod\u00ed lep\u0161\u00ed pocit intimity p\u0159i sprchov\u00e1n\u00ed. Snadn\u00e9 zav\u0159en\u00ed a t\u011bsnost zaji\u0161\u0165uj\u00ed st\u00edrac\u00ed [&hellip;]","og_url":"https:\/\/www.koupelnapro.com\/index.php\/produkt\/znackovy-mereo-sprchovy-kout-lima-obdelnik-do-prostoru-u-pivotovy-80x90x80-cm-chrom-alu-sklo-point-57530\/","og_image":[{"width":800,"height":800,"url":"https:\/\/www.koupelnapro.com\/wp-content\/uploads\/2026\/SK0003980-CZ20260425-093531-0-1777080932-80a4b4163740399fa070f4f4511327de-ck87882k-2-jpg-2025-06-16-.webp","type":"image\/webp"}],"twitter_card":"summary_large_image","twitter_misc":{"Odhadovan\u00e1 doba \u010dten\u00ed":"1 minuta"},"schema":{"@context":"https:\/\/schema.org","@graph":[{"@type":"WebPage","@id":"https:\/\/www.koupelnapro.com\/index.php\/produkt\/znackovy-mereo-sprchovy-kout-lima-obdelnik-do-prostoru-u-pivotovy-80x90x80-cm-chrom-alu-sklo-point-57530\/","url":"https:\/\/www.koupelnapro.com\/index.php\/produkt\/znackovy-mereo-sprchovy-kout-lima-obdelnik-do-prostoru-u-pivotovy-80x90x80-cm-chrom-alu-sklo-point-57530\/","name":"Zna\u010dkov\u00fd Mereo Sprchov\u00fd kout Lima, obd\u00e9ln\u00edk do prostoru U, pivotov\u00fd, 80x90x80 cm, chrom ALU, sklo Point -","isPartOf":{"@id":"https:\/\/www.koupelnapro.com\/#website"},"primaryImageOfPage":{"@id":"https:\/\/www.koupelnapro.com\/index.php\/produkt\/znackovy-mereo-sprchovy-kout-lima-obdelnik-do-prostoru-u-pivotovy-80x90x80-cm-chrom-alu-sklo-point-57530\/#primaryimage"},"image":{"@id":"https:\/\/www.koupelnapro.com\/index.php\/produkt\/znackovy-mereo-sprchovy-kout-lima-obdelnik-do-prostoru-u-pivotovy-80x90x80-cm-chrom-alu-sklo-point-57530\/#primaryimage"},"thumbnailUrl":"https:\/\/www.koupelnapro.com\/wp-content\/uploads\/2026\/SK0003980-CZ20260425-093531-0-1777080932-80a4b4163740399fa070f4f4511327de-ck87882k-2-jpg-2025-06-16-.webp","datePublished":"2026-04-26T09:17:19+00:00","breadcrumb":{"@id":"https:\/\/www.koupelnapro.com\/index.php\/produkt\/znackovy-mereo-sprchovy-kout-lima-obdelnik-do-prostoru-u-pivotovy-80x90x80-cm-chrom-alu-sklo-point-57530\/#breadcrumb"},"inLanguage":"cs","potentialAction":[{"@type":"ReadAction","target":["https:\/\/www.koupelnapro.com\/index.php\/produkt\/znackovy-mereo-sprchovy-kout-lima-obdelnik-do-prostoru-u-pivotovy-80x90x80-cm-chrom-alu-sklo-point-57530\/"]}]},{"@type":"ImageObject","inLanguage":"cs","@id":"https:\/\/www.koupelnapro.com\/index.php\/produkt\/znackovy-mereo-sprchovy-kout-lima-obdelnik-do-prostoru-u-pivotovy-80x90x80-cm-chrom-alu-sklo-point-57530\/#primaryimage","url":"https:\/\/www.koupelnapro.com\/wp-content\/uploads\/2026\/SK0003980-CZ20260425-093531-0-1777080932-80a4b4163740399fa070f4f4511327de-ck87882k-2-jpg-2025-06-16-.webp","contentUrl":"https:\/\/www.koupelnapro.com\/wp-content\/uploads\/2026\/SK0003980-CZ20260425-093531-0-1777080932-80a4b4163740399fa070f4f4511327de-ck87882k-2-jpg-2025-06-16-.webp","width":800,"height":800},{"@type":"BreadcrumbList","@id":"https:\/\/www.koupelnapro.com\/index.php\/produkt\/znackovy-mereo-sprchovy-kout-lima-obdelnik-do-prostoru-u-pivotovy-80x90x80-cm-chrom-alu-sklo-point-57530\/#breadcrumb","itemListElement":[{"@type":"ListItem","position":1,"name":"Home","item":"https:\/\/www.koupelnapro.com\/"},{"@type":"ListItem","position":2,"name":"Products","item":"https:\/\/www.koupelnapro.com\/index.php\/products\/"},{"@type":"ListItem","position":3,"name":"Zna\u010dkov\u00fd Mereo Sprchov\u00fd kout Lima, obd\u00e9ln\u00edk do prostoru U, pivotov\u00fd, 80x90x80 cm, chrom ALU, sklo Point"}]},{"@type":"WebSite","@id":"https:\/\/www.koupelnapro.com\/#website","url":"https:\/\/www.koupelnapro.com\/","name":"","description":"","potentialAction":[{"@type":"SearchAction","target":{"@type":"EntryPoint","urlTemplate":"https:\/\/www.koupelnapro.com\/?s={search_term_string}"},"query-input":{"@type":"PropertyValueSpecification","valueRequired":true,"valueName":"search_term_string"}}],"inLanguage":"cs"}]}},"_links":{"self":[{"href":"https:\/\/www.koupelnapro.com\/index.php\/wp-json\/wp\/v2\/product\/57530","targetHints":{"allow":["GET"]}}],"collection":[{"href":"https:\/\/www.koupelnapro.com\/index.php\/wp-json\/wp\/v2\/product"}],"about":[{"href":"https:\/\/www.koupelnapro.com\/index.php\/wp-json\/wp\/v2\/types\/product"}],"replies":[{"embeddable":true,"href":"https:\/\/www.koupelnapro.com\/index.php\/wp-json\/wp\/v2\/comments?post=57530"}],"wp:featuredmedia":[{"embeddable":true,"href":"https:\/\/www.koupelnapro.com\/index.php\/wp-json\/wp\/v2\/media\/57630"}],"wp:attachment":[{"href":"https:\/\/www.koupelnapro.com\/index.php\/wp-json\/wp\/v2\/media?parent=57530"}],"wp:term":[{"taxonomy":"product_brand","embeddable":true,"href":"https:\/\/www.koupelnapro.com\/index.php\/wp-json\/wp\/v2\/product_brand?post=57530"},{"taxonomy":"product_cat","embeddable":true,"href":"https:\/\/www.koupelnapro.com\/index.php\/wp-json\/wp\/v2\/product_cat?post=57530"},{"taxonomy":"product_tag","embeddable":true,"href":"https:\/\/www.koupelnapro.com\/index.php\/wp-json\/wp\/v2\/product_tag?post=57530"}],"curies":[{"name":"wp","href":"https:\/\/api.w.org\/{rel}","templated":true}]}}