{"id":5744,"date":"2026-04-26T09:13:10","date_gmt":"2026-04-26T09:13:10","guid":{"rendered":""},"modified":"2026-04-26T09:13:10","modified_gmt":"2026-04-26T09:13:10","slug":"znackovy-soler-amp-palau-ventilator-potrubni-td-500-150-ecowatt-kulickova-loziska-usporny-150mm-5744","status":"publish","type":"product","link":"https:\/\/www.koupelnapro.com\/index.php\/produkt\/znackovy-soler-amp-palau-ventilator-potrubni-td-500-150-ecowatt-kulickova-loziska-usporny-150mm-5744\/","title":{"rendered":"Zna\u010dkov\u00fd Soler&amp;Palau ventil\u00e1tor potrubn\u00ed TD 500\/150 ECOWATT &#8211; kuli\u010dkov\u00e1 lo\u017eiska, \u00fasporn\u00fd 150mm"},"content":{"rendered":"<div id=\"e9268335\" class=\"pages\">\n<div id=\"PDDescription\" class=\"UserContentView userContent v1a v1 bs-view dcon dc150 PDDescription\" >\n<h2><span style=\"color: #007980;\">Soler&amp;Palau ventil\u00e1tor potrubn\u00ed TD 500\/150 ECOWATT &#8211; kuli\u010dkov\u00e1 lo\u017eiska, \u00fasporn\u00fd 150mm<\/span><\/h2>\n<p id=\"zalozka_1a\">Potrubn\u00ed ventil\u00e1tory do kruhov\u00e9ho potrub\u00ed vhodn\u00e9 d\u00edky sv\u00e9mu velmi n\u00edzk\u00e9mu profilu, vysok\u00e9 \u00fa\u010dinnosti a n\u00edzk\u00e9 hlu\u010dnosti pro n\u00e1ro\u010dn\u00e9 aplikace, kde se uplatn\u00ed tak\u00e9 jejich velmi \u00fasporn\u00fd chod, vhodn\u00e9 jsou tak\u00e9 pro DCV aplikace (v\u011btr\u00e1n\u00ed \u0159\u00edzen\u00e9 skute\u010dnou spot\u0159ebou).<\/p>\n<table class=\"datatable\" style=\"width: 694px; font-size: 11px; border-collapse: collapse;\">\n<colgroup>\n<col width=\"11%\">\n<col width=\"11%\">\n<col width=\"11%\">\n<col width=\"11%\">\n<col width=\"11%\">\n<col width=\"11%\">\n<col width=\"11%\">\n<col width=\"11%\">\n<col width=\"11%\"><\/colgroup>\n<tbody>\n<tr>\n<th class=\"center\" style=\"padding: 5px; text-align: right; color: white; font-weight: bold; background-color: #999999;\" valign=\"top\" width=\"11%\">X<\/th>\n<th class=\"center\" style=\"padding: 5px; text-align: right; color: white; font-weight: bold; background-color: #999999;\" valign=\"top\" width=\"11%\">A<\/th>\n<th class=\"center\" style=\"padding: 5px; text-align: right; color: white; font-weight: bold; background-color: #999999;\" valign=\"top\" width=\"11%\">\u00d8 B<\/th>\n<th class=\"center\" style=\"padding: 5px; text-align: right; color: white; font-weight: bold; background-color: #999999;\" valign=\"top\" width=\"11%\">C<\/th>\n<th class=\"center\" style=\"padding: 5px; text-align: right; color: white; font-weight: bold; background-color: #999999;\" valign=\"top\" width=\"11%\">\u00d8 D<\/th>\n<th class=\"center\" style=\"padding: 5px; text-align: right; color: white; font-weight: bold; background-color: #999999;\" valign=\"top\" width=\"11%\">E<\/th>\n<th class=\"center\" style=\"padding: 5px; text-align: right; color: white; font-weight: bold; background-color: #999999;\" valign=\"top\" width=\"11%\">F<\/th>\n<th class=\"center\" style=\"padding: 5px; text-align: right; color: white; font-weight: bold; background-color: #999999;\" valign=\"top\" width=\"11%\">G<\/th>\n<th class=\"center\" style=\"padding: 5px; text-align: right; color: white; font-weight: bold; background-color: #999999;\" valign=\"top\" width=\"11%\">H<\/th>\n<\/tr>\n<tr>\n<td class=\"center\" style=\"padding: 5px; text-align: right; background-color: #f3f3f3;\" width=\"11%\">211<\/td>\n<td class=\"center\" style=\"padding: 5px; text-align: right; background-color: #f3f3f3;\" width=\"11%\">295<\/td>\n<td class=\"center\" style=\"padding: 5px; text-align: right; background-color: #f3f3f3;\" width=\"11%\">200<\/td>\n<td class=\"center\" style=\"padding: 5px; text-align: right; background-color: #f3f3f3;\" width=\"11%\">173,5<\/td>\n<td class=\"center\" style=\"padding: 5px; text-align: right; background-color: #f3f3f3;\" width=\"11%\">147<\/td>\n<td class=\"center\" style=\"padding: 5px; text-align: right; background-color: #f3f3f3;\" width=\"11%\">111,5<\/td>\n<td class=\"center\" style=\"padding: 5px; text-align: right; background-color: #f3f3f3;\" width=\"11%\">130<\/td>\n<td class=\"center\" style=\"padding: 5px; text-align: right; background-color: #f3f3f3;\" width=\"11%\">80<\/td>\n<td class=\"center\" style=\"padding: 5px; text-align: right; background-color: #f3f3f3;\" width=\"11%\">60<\/td>\n<\/tr>\n<\/tbody>\n<\/table>\n<p>\u00a0<\/p>\n<div id=\"zalozka_2a\" class=\"zalozka_on\" style=\"background: url('http:\/\/www.elektrodesign.cz\/web\/data-1\/_tpl1\/nadpisbg.gif') repeat-x 50% 0% #ffffff; font: 12px\/normal Arial; padding: 3px 0px 20px; text-align: left; color: #000000; text-transform: none; text-indent: 0px; letter-spacing: normal; word-spacing: 0px; display: block; white-space: normal; widows: 1; -webkit-text-stroke-width: 0px;\"><\/p>\n<table class=\"datatable\" style=\"width: 694px; font-size: 11px; border-collapse: collapse;\">\n<colgroup>\n<col width=\"12%\">\n<col width=\"12%\">\n<col width=\"12%\">\n<col width=\"12%\">\n<col width=\"12%\">\n<col width=\"12%\">\n<col width=\"12%\">\n<col width=\"12%\"><\/colgroup>\n<tbody>\n<tr>\n<th style=\"padding: 5px; text-align: right; color: white; font-weight: bold; background-color: #999999;\" valign=\"top\" width=\"12%\">ot\u00e1\u010dky<br \/><span style=\"font-weight: normal;\">[min-1]<\/span><\/th>\n<th style=\"padding: 5px; text-align: right; color: white; font-weight: bold; background-color: #999999;\" valign=\"top\" width=\"12%\">v\u00fdkon<br \/><span style=\"font-weight: normal;\">[W]<\/span><\/th>\n<th style=\"padding: 5px; text-align: right; color: white; font-weight: bold; background-color: #999999;\" valign=\"top\" width=\"12%\">proud<br \/><span style=\"font-weight: normal;\">[A]<\/span><\/th>\n<th style=\"padding: 5px; text-align: right; color: white; font-weight: bold; background-color: #999999;\" valign=\"top\" width=\"12%\">pr\u016ftok<br \/><span style=\"font-weight: normal;\">[m3\/h]<\/span><\/th>\n<th style=\"padding: 5px; text-align: right; color: white; font-weight: bold; background-color: #999999;\" valign=\"top\" width=\"12%\">teplota<br \/><span style=\"font-weight: normal;\">[\u00b0C]<\/span><\/th>\n<th style=\"padding: 5px; text-align: right; color: white; font-weight: bold; background-color: #999999;\" valign=\"top\" width=\"12%\">akust. tlak<br \/><span style=\"font-weight: normal;\">[dB(A)]<\/span><\/th>\n<th style=\"padding: 5px; text-align: right; color: white; font-weight: bold; background-color: #999999;\" valign=\"top\" width=\"12%\">p\u0159ipojen\u00ed \u00d8<span class=\"Apple-converted-space\">\u00a0<\/span><br \/><span style=\"font-weight: normal;\">[mm]<\/span><\/th>\n<th style=\"padding: 5px; text-align: right; color: white; font-weight: bold; background-color: #999999;\" valign=\"top\" width=\"12%\">hmotnost<br \/><span style=\"font-weight: normal;\">[kg]<\/span><\/th>\n<\/tr>\n<tr>\n<td style=\"padding: 5px; text-align: right; background-color: #f3f3f3;\" width=\"12%\">2670<\/td>\n<td style=\"padding: 5px; text-align: right; background-color: #f3f3f3;\" width=\"12%\">50<\/td>\n<td style=\"padding: 5px; text-align: right; background-color: #f3f3f3;\" width=\"12%\">0,36<\/td>\n<td style=\"padding: 5px; text-align: right; background-color: #f3f3f3;\" width=\"12%\">570<\/td>\n<td style=\"padding: 5px; text-align: right; background-color: #f3f3f3;\" width=\"12%\">-20 a\u017e +60<\/td>\n<td style=\"padding: 5px; text-align: right; background-color: #f3f3f3;\" width=\"12%\">47\/31\/48<\/td>\n<td style=\"padding: 5px; text-align: right; background-color: #f3f3f3;\" width=\"12%\">150<\/td>\n<td style=\"padding: 5px; text-align: right; background-color: #f3f3f3;\" width=\"12%\">2,7<\/td>\n<\/tr>\n<\/tbody>\n<\/table>\n<p style=\"margin: 1em 0px; padding: 0px;\">* akustick\u00fd tlak m\u011b\u0159en ve vzd\u00e1lenosti 3 m ve voln\u00e9m poli, m\u011b\u0159eno v pracovn\u00edch bodech v\u00fdkonov\u00e9 k\u0159ivky 2, 5, 8 a 11. S\u00e1n\u00ed\/v\u00fdtlak\/do okol\u00ed.<\/p>\n<\/div>\n<table class=\"nopadding\" style=\"font: 12px\/normal Arial; padding: 0px; text-align: left; color: #000000; text-transform: none; text-indent: 0px; letter-spacing: normal; word-spacing: 0px; white-space: normal; widows: 1; background-color: #ffffff; -webkit-text-stroke-width: 0px;\">\n<tbody>\n<tr>\n<td style=\"padding: 0px;\" valign=\"top\">\u00a0<\/td>\n<td style=\"padding: 0px;\" width=\"7\">\u00a0<\/td>\n<td style=\"padding: 0px;\" valign=\"top\"><strong>Sk\u0159\u00ed\u0148<\/strong><br \/>Sk\u0159\u00edn\u011b ventil\u00e1tor\u016f TD-160 a\u017e TD-800 jsou vyrobeny z plastu, modely TD-1300 a TD-2000 jsou vyrobeny z ocelov\u00e9ho plechu. Konstrukce umo\u017e\u0148uje demont\u00e1\u017e motorov\u00e9 \u010d\u00e1sti bez nutnosti odpojit potrub\u00ed.<\/td>\n<\/tr>\n<tr>\n<td style=\"padding: 0px;\" colspan=\"3\" height=\"5\">\u00a0<\/td>\n<\/tr>\n<tr>\n<td style=\"padding: 0px;\" valign=\"top\">\u00a0<\/td>\n<td style=\"padding: 0px;\" width=\"7\">\u00a0<\/td>\n<td style=\"padding: 0px;\" valign=\"top\"><strong>Ob\u011b\u017en\u00e9 kolo<\/strong><br \/>Ob\u011b\u017en\u00e9 kolo je plastov\u00e9 (TD-160 a\u017e TD-800) nebo hlin\u00edkov\u00e9 (TD-1300 a TD-2000).<\/td>\n<\/tr>\n<tr>\n<td style=\"padding: 0px;\" colspan=\"3\" height=\"5\">\u00a0<\/td>\n<\/tr>\n<tr>\n<td style=\"padding: 0px;\" valign=\"top\">\u00a0<\/td>\n<td style=\"padding: 0px;\" width=\"7\">\u00a0<\/td>\n<td style=\"padding: 0px;\" valign=\"top\"><strong>Motor<\/strong><br \/>EC motor s tepelnou a elektronickou ochranou proti p\u0159et\u00ed\u017eeni. Lo\u017eiska jsou kuli\u010dkov\u00e1 s tukovou n\u00e1pln\u00ed na dobu \u017eivotnosti. T\u0159\u00edda ochrany II (TD-1300, TD-2000 t\u0159\u00edda ochrany I), kryt\u00ed IP44.<\/td>\n<\/tr>\n<tr>\n<td style=\"padding: 0px;\" colspan=\"3\" height=\"5\">\u00a0<\/td>\n<\/tr>\n<tr>\n<td style=\"padding: 0px;\" valign=\"top\">\u00a0<\/td>\n<td style=\"padding: 0px;\" width=\"7\">\u00a0<\/td>\n<td style=\"padding: 0px;\" valign=\"top\"><strong>Svorkovnice<\/strong><br \/>Svorkovnice je um\u00edst\u011bna na sk\u0159\u00edni ventil\u00e1toru, kde je um\u00edst\u011bna pln\u011b integrovan\u00e1 elektronika.<\/td>\n<\/tr>\n<tr>\n<td style=\"padding: 0px;\" colspan=\"3\" height=\"5\">\u00a0<\/td>\n<\/tr>\n<tr>\n<td style=\"padding: 0px;\" valign=\"top\">\u00a0<\/td>\n<td style=\"padding: 0px;\" width=\"7\">\u00a0<\/td>\n<td style=\"padding: 0px;\" valign=\"top\"><strong>Regulace ot\u00e1\u010dek<\/strong><br \/>Motory jsou regulovateln\u00e9 potenciometrem um\u00edst\u011bn\u00fdm ve svorkovnici (krom\u011b TD-160 ECOWATT) nebo extern\u00edm regul\u00e1torem ot\u00e1\u010dek REB-ECOWATT. Ot\u00e1\u010dky je tak\u00e9 mo\u017eno regulovat line\u00e1rn\u011b sign\u00e1lem 0-10 V DC.<\/td>\n<\/tr>\n<tr>\n<td style=\"padding: 0px;\" colspan=\"3\" height=\"5\">\u00a0<\/td>\n<\/tr>\n<tr>\n<td style=\"padding: 0px;\" valign=\"top\">\u00a0<\/td>\n<td style=\"padding: 0px;\" width=\"7\">\u00a0<\/td>\n<td style=\"padding: 0px;\" valign=\"top\"><strong>Mont\u00e1\u017e<\/strong><br \/>Mont\u00e1\u017e ventil\u00e1toru je mo\u017en\u00e1 v ka\u017ed\u00e9 poloze ventil\u00e1toru. Sk\u0159\u00ed\u0148 nesm\u00ed p\u0159en\u00e1\u0161et mechanick\u00e9 nam\u00e1h\u00e1n\u00ed z potrubn\u00edch rozvod\u016f. Je nutn\u00e9 pou\u017e\u00edt pru\u017en\u00e9 p\u0159ipojen\u00ed k potrub\u00ed.<\/td>\n<\/tr>\n<tr>\n<td style=\"padding: 0px;\" colspan=\"3\" height=\"5\">\u00a0<\/td>\n<\/tr>\n<tr>\n<td style=\"padding: 0px;\" valign=\"top\">\u00a0<\/td>\n<td style=\"padding: 0px;\" width=\"7\">\u00a0<\/td>\n<td style=\"padding: 0px;\" valign=\"top\"><strong>Pokyny<\/strong><br \/>Ventil\u00e1tory jsou d\u00edky sv\u00e9mu velmi n\u00edzk\u00e9mu profilu, vysok\u00e9 \u00fa\u010dinnosti a n\u00edzk\u00e9 hlu\u010dnosti vhodn\u00e9 pro n\u00e1ro\u010dn\u00e9 aplikace, kde se uplatn\u00ed tak\u00e9 jejich velmi \u00fasporn\u00fd chod. Vhodn\u00e9 jsou tak\u00e9 pro DCV aplikace (v\u011btr\u00e1n\u00ed \u0159\u00edzen\u00e9 skute\u010dnou spot\u0159ebou).<\/td>\n<\/tr>\n<\/tbody>\n<\/table>\n<div id=\"PDTable3\" class=\"ProductDetailTableView v3a v3 bs-view dcon dc175 PDTable3\" >\n<table>\n<thead><\/thead>\n<tbody>\n<tr class=\"attribute attr_bsshop_maker\">\n<td class=\"caption\">V\u00fdrobce<\/td>\n<td class=\"value\">Soler&#038;Palau<\/td>\n<\/tr>\n<\/tbody>\n<\/table><\/div>\n<\/div>\n<\/div>\n<div id=\"e9268336\" class=\"tabs\">\n","protected":false},"excerpt":{"rendered":"<p>Soler&amp;Palau ventil\u00e1tor potrubn\u00ed TD 500\/150 ECOWATT &#8211; kuli\u010dkov\u00e1 lo\u017eiska, \u00fasporn\u00fd 150mm Potrubn\u00ed ventil\u00e1tory do kruhov\u00e9ho potrub\u00ed vhodn\u00e9 d\u00edky sv\u00e9mu velmi n\u00edzk\u00e9mu profilu, vysok\u00e9 \u00fa\u010dinnosti a n\u00edzk\u00e9 hlu\u010dnosti pro n\u00e1ro\u010dn\u00e9 aplikace, kde se uplatn\u00ed tak\u00e9 jejich velmi \u00fasporn\u00fd chod, vhodn\u00e9 jsou tak\u00e9 pro DCV aplikace (v\u011btr\u00e1n\u00ed \u0159\u00edzen\u00e9 skute\u010dnou spot\u0159ebou). X A \u00d8 B C \u00d8 D [&hellip;]<\/p>\n","protected":false},"featured_media":5844,"comment_status":"open","ping_status":"open","template":"","meta":[],"product_brand":[],"product_cat":[42],"product_tag":[],"class_list":{"0":"post-5744","1":"product","2":"type-product","3":"status-publish","4":"has-post-thumbnail","6":"product_cat-ventil-225-tory","8":"first","9":"instock","10":"sale","11":"shipping-taxable","12":"purchasable","13":"product-type-simple"},"yoast_head":"<!-- This site is optimized with the Yoast SEO plugin v26.8 - https:\/\/yoast.com\/product\/yoast-seo-wordpress\/ -->\n<title>Zna\u010dkov\u00fd Soler&amp;Palau ventil\u00e1tor potrubn\u00ed TD 500\/150 ECOWATT - kuli\u010dkov\u00e1 lo\u017eiska, \u00fasporn\u00fd 150mm -<\/title>\n<meta name=\"robots\" content=\"index, follow, max-snippet:-1, max-image-preview:large, max-video-preview:-1\" \/>\n<link rel=\"canonical\" href=\"https:\/\/www.koupelnapro.com\/index.php\/produkt\/znackovy-soler-amp-palau-ventilator-potrubni-td-500-150-ecowatt-kulickova-loziska-usporny-150mm-5744\/\" \/>\n<meta property=\"og:locale\" content=\"cs_CZ\" \/>\n<meta property=\"og:type\" content=\"article\" \/>\n<meta property=\"og:title\" content=\"Zna\u010dkov\u00fd Soler&amp;Palau ventil\u00e1tor potrubn\u00ed TD 500\/150 ECOWATT - kuli\u010dkov\u00e1 lo\u017eiska, \u00fasporn\u00fd 150mm -\" \/>\n<meta property=\"og:description\" content=\"Soler&amp;Palau ventil\u00e1tor potrubn\u00ed TD 500\/150 ECOWATT &#8211; kuli\u010dkov\u00e1 lo\u017eiska, \u00fasporn\u00fd 150mm Potrubn\u00ed ventil\u00e1tory do kruhov\u00e9ho potrub\u00ed vhodn\u00e9 d\u00edky sv\u00e9mu velmi n\u00edzk\u00e9mu profilu, vysok\u00e9 \u00fa\u010dinnosti a n\u00edzk\u00e9 hlu\u010dnosti pro n\u00e1ro\u010dn\u00e9 aplikace, kde se uplatn\u00ed tak\u00e9 jejich velmi \u00fasporn\u00fd chod, vhodn\u00e9 jsou tak\u00e9 pro DCV aplikace (v\u011btr\u00e1n\u00ed \u0159\u00edzen\u00e9 skute\u010dnou spot\u0159ebou). X A \u00d8 B C \u00d8 D [&hellip;]\" \/>\n<meta property=\"og:url\" content=\"https:\/\/www.koupelnapro.com\/index.php\/produkt\/znackovy-soler-amp-palau-ventilator-potrubni-td-500-150-ecowatt-kulickova-loziska-usporny-150mm-5744\/\" \/>\n<meta property=\"og:image\" content=\"https:\/\/www.koupelnapro.com\/wp-content\/uploads\/2026\/SK0004118-CZ20260425-091623-0-1777079785-soler-palau-ventilator-potrubni-td-500-150-ecowatt-kulickov.webp\" \/>\n\t<meta property=\"og:image:width\" content=\"1000\" \/>\n\t<meta property=\"og:image:height\" content=\"525\" \/>\n\t<meta property=\"og:image:type\" content=\"image\/webp\" \/>\n<meta name=\"twitter:card\" content=\"summary_large_image\" \/>\n<meta name=\"twitter:label1\" content=\"Odhadovan\u00e1 doba \u010dten\u00ed\" \/>\n\t<meta name=\"twitter:data1\" content=\"2 minuty\" \/>\n<script type=\"application\/ld+json\" class=\"yoast-schema-graph\">{\"@context\":\"https:\/\/schema.org\",\"@graph\":[{\"@type\":\"WebPage\",\"@id\":\"https:\/\/www.koupelnapro.com\/index.php\/produkt\/znackovy-soler-amp-palau-ventilator-potrubni-td-500-150-ecowatt-kulickova-loziska-usporny-150mm-5744\/\",\"url\":\"https:\/\/www.koupelnapro.com\/index.php\/produkt\/znackovy-soler-amp-palau-ventilator-potrubni-td-500-150-ecowatt-kulickova-loziska-usporny-150mm-5744\/\",\"name\":\"Zna\u010dkov\u00fd Soler&amp;Palau ventil\u00e1tor potrubn\u00ed TD 500\/150 ECOWATT - kuli\u010dkov\u00e1 lo\u017eiska, \u00fasporn\u00fd 150mm -\",\"isPartOf\":{\"@id\":\"https:\/\/www.koupelnapro.com\/#website\"},\"primaryImageOfPage\":{\"@id\":\"https:\/\/www.koupelnapro.com\/index.php\/produkt\/znackovy-soler-amp-palau-ventilator-potrubni-td-500-150-ecowatt-kulickova-loziska-usporny-150mm-5744\/#primaryimage\"},\"image\":{\"@id\":\"https:\/\/www.koupelnapro.com\/index.php\/produkt\/znackovy-soler-amp-palau-ventilator-potrubni-td-500-150-ecowatt-kulickova-loziska-usporny-150mm-5744\/#primaryimage\"},\"thumbnailUrl\":\"https:\/\/www.koupelnapro.com\/wp-content\/uploads\/2026\/SK0004118-CZ20260425-091623-0-1777079785-soler-palau-ventilator-potrubni-td-500-150-ecowatt-kulickov.webp\",\"datePublished\":\"2026-04-26T09:13:10+00:00\",\"breadcrumb\":{\"@id\":\"https:\/\/www.koupelnapro.com\/index.php\/produkt\/znackovy-soler-amp-palau-ventilator-potrubni-td-500-150-ecowatt-kulickova-loziska-usporny-150mm-5744\/#breadcrumb\"},\"inLanguage\":\"cs\",\"potentialAction\":[{\"@type\":\"ReadAction\",\"target\":[\"https:\/\/www.koupelnapro.com\/index.php\/produkt\/znackovy-soler-amp-palau-ventilator-potrubni-td-500-150-ecowatt-kulickova-loziska-usporny-150mm-5744\/\"]}]},{\"@type\":\"ImageObject\",\"inLanguage\":\"cs\",\"@id\":\"https:\/\/www.koupelnapro.com\/index.php\/produkt\/znackovy-soler-amp-palau-ventilator-potrubni-td-500-150-ecowatt-kulickova-loziska-usporny-150mm-5744\/#primaryimage\",\"url\":\"https:\/\/www.koupelnapro.com\/wp-content\/uploads\/2026\/SK0004118-CZ20260425-091623-0-1777079785-soler-palau-ventilator-potrubni-td-500-150-ecowatt-kulickov.webp\",\"contentUrl\":\"https:\/\/www.koupelnapro.com\/wp-content\/uploads\/2026\/SK0004118-CZ20260425-091623-0-1777079785-soler-palau-ventilator-potrubni-td-500-150-ecowatt-kulickov.webp\",\"width\":1000,\"height\":525},{\"@type\":\"BreadcrumbList\",\"@id\":\"https:\/\/www.koupelnapro.com\/index.php\/produkt\/znackovy-soler-amp-palau-ventilator-potrubni-td-500-150-ecowatt-kulickova-loziska-usporny-150mm-5744\/#breadcrumb\",\"itemListElement\":[{\"@type\":\"ListItem\",\"position\":1,\"name\":\"Home\",\"item\":\"https:\/\/www.koupelnapro.com\/\"},{\"@type\":\"ListItem\",\"position\":2,\"name\":\"Products\",\"item\":\"https:\/\/www.koupelnapro.com\/index.php\/products\/\"},{\"@type\":\"ListItem\",\"position\":3,\"name\":\"Zna\u010dkov\u00fd Soler&amp;Palau ventil\u00e1tor potrubn\u00ed TD 500\/150 ECOWATT &#8211; kuli\u010dkov\u00e1 lo\u017eiska, \u00fasporn\u00fd 150mm\"}]},{\"@type\":\"WebSite\",\"@id\":\"https:\/\/www.koupelnapro.com\/#website\",\"url\":\"https:\/\/www.koupelnapro.com\/\",\"name\":\"\",\"description\":\"\",\"potentialAction\":[{\"@type\":\"SearchAction\",\"target\":{\"@type\":\"EntryPoint\",\"urlTemplate\":\"https:\/\/www.koupelnapro.com\/?s={search_term_string}\"},\"query-input\":{\"@type\":\"PropertyValueSpecification\",\"valueRequired\":true,\"valueName\":\"search_term_string\"}}],\"inLanguage\":\"cs\"}]}<\/script>\n<!-- \/ Yoast SEO plugin. -->","yoast_head_json":{"title":"Zna\u010dkov\u00fd Soler&amp;Palau ventil\u00e1tor potrubn\u00ed TD 500\/150 ECOWATT - kuli\u010dkov\u00e1 lo\u017eiska, \u00fasporn\u00fd 150mm -","robots":{"index":"index","follow":"follow","max-snippet":"max-snippet:-1","max-image-preview":"max-image-preview:large","max-video-preview":"max-video-preview:-1"},"canonical":"https:\/\/www.koupelnapro.com\/index.php\/produkt\/znackovy-soler-amp-palau-ventilator-potrubni-td-500-150-ecowatt-kulickova-loziska-usporny-150mm-5744\/","og_locale":"cs_CZ","og_type":"article","og_title":"Zna\u010dkov\u00fd Soler&amp;Palau ventil\u00e1tor potrubn\u00ed TD 500\/150 ECOWATT - kuli\u010dkov\u00e1 lo\u017eiska, \u00fasporn\u00fd 150mm -","og_description":"Soler&amp;Palau ventil\u00e1tor potrubn\u00ed TD 500\/150 ECOWATT &#8211; kuli\u010dkov\u00e1 lo\u017eiska, \u00fasporn\u00fd 150mm Potrubn\u00ed ventil\u00e1tory do kruhov\u00e9ho potrub\u00ed vhodn\u00e9 d\u00edky sv\u00e9mu velmi n\u00edzk\u00e9mu profilu, vysok\u00e9 \u00fa\u010dinnosti a n\u00edzk\u00e9 hlu\u010dnosti pro n\u00e1ro\u010dn\u00e9 aplikace, kde se uplatn\u00ed tak\u00e9 jejich velmi \u00fasporn\u00fd chod, vhodn\u00e9 jsou tak\u00e9 pro DCV aplikace (v\u011btr\u00e1n\u00ed \u0159\u00edzen\u00e9 skute\u010dnou spot\u0159ebou). X A \u00d8 B C \u00d8 D [&hellip;]","og_url":"https:\/\/www.koupelnapro.com\/index.php\/produkt\/znackovy-soler-amp-palau-ventilator-potrubni-td-500-150-ecowatt-kulickova-loziska-usporny-150mm-5744\/","og_image":[{"width":1000,"height":525,"url":"https:\/\/www.koupelnapro.com\/wp-content\/uploads\/2026\/SK0004118-CZ20260425-091623-0-1777079785-soler-palau-ventilator-potrubni-td-500-150-ecowatt-kulickov.webp","type":"image\/webp"}],"twitter_card":"summary_large_image","twitter_misc":{"Odhadovan\u00e1 doba \u010dten\u00ed":"2 minuty"},"schema":{"@context":"https:\/\/schema.org","@graph":[{"@type":"WebPage","@id":"https:\/\/www.koupelnapro.com\/index.php\/produkt\/znackovy-soler-amp-palau-ventilator-potrubni-td-500-150-ecowatt-kulickova-loziska-usporny-150mm-5744\/","url":"https:\/\/www.koupelnapro.com\/index.php\/produkt\/znackovy-soler-amp-palau-ventilator-potrubni-td-500-150-ecowatt-kulickova-loziska-usporny-150mm-5744\/","name":"Zna\u010dkov\u00fd Soler&amp;Palau ventil\u00e1tor potrubn\u00ed TD 500\/150 ECOWATT - kuli\u010dkov\u00e1 lo\u017eiska, \u00fasporn\u00fd 150mm -","isPartOf":{"@id":"https:\/\/www.koupelnapro.com\/#website"},"primaryImageOfPage":{"@id":"https:\/\/www.koupelnapro.com\/index.php\/produkt\/znackovy-soler-amp-palau-ventilator-potrubni-td-500-150-ecowatt-kulickova-loziska-usporny-150mm-5744\/#primaryimage"},"image":{"@id":"https:\/\/www.koupelnapro.com\/index.php\/produkt\/znackovy-soler-amp-palau-ventilator-potrubni-td-500-150-ecowatt-kulickova-loziska-usporny-150mm-5744\/#primaryimage"},"thumbnailUrl":"https:\/\/www.koupelnapro.com\/wp-content\/uploads\/2026\/SK0004118-CZ20260425-091623-0-1777079785-soler-palau-ventilator-potrubni-td-500-150-ecowatt-kulickov.webp","datePublished":"2026-04-26T09:13:10+00:00","breadcrumb":{"@id":"https:\/\/www.koupelnapro.com\/index.php\/produkt\/znackovy-soler-amp-palau-ventilator-potrubni-td-500-150-ecowatt-kulickova-loziska-usporny-150mm-5744\/#breadcrumb"},"inLanguage":"cs","potentialAction":[{"@type":"ReadAction","target":["https:\/\/www.koupelnapro.com\/index.php\/produkt\/znackovy-soler-amp-palau-ventilator-potrubni-td-500-150-ecowatt-kulickova-loziska-usporny-150mm-5744\/"]}]},{"@type":"ImageObject","inLanguage":"cs","@id":"https:\/\/www.koupelnapro.com\/index.php\/produkt\/znackovy-soler-amp-palau-ventilator-potrubni-td-500-150-ecowatt-kulickova-loziska-usporny-150mm-5744\/#primaryimage","url":"https:\/\/www.koupelnapro.com\/wp-content\/uploads\/2026\/SK0004118-CZ20260425-091623-0-1777079785-soler-palau-ventilator-potrubni-td-500-150-ecowatt-kulickov.webp","contentUrl":"https:\/\/www.koupelnapro.com\/wp-content\/uploads\/2026\/SK0004118-CZ20260425-091623-0-1777079785-soler-palau-ventilator-potrubni-td-500-150-ecowatt-kulickov.webp","width":1000,"height":525},{"@type":"BreadcrumbList","@id":"https:\/\/www.koupelnapro.com\/index.php\/produkt\/znackovy-soler-amp-palau-ventilator-potrubni-td-500-150-ecowatt-kulickova-loziska-usporny-150mm-5744\/#breadcrumb","itemListElement":[{"@type":"ListItem","position":1,"name":"Home","item":"https:\/\/www.koupelnapro.com\/"},{"@type":"ListItem","position":2,"name":"Products","item":"https:\/\/www.koupelnapro.com\/index.php\/products\/"},{"@type":"ListItem","position":3,"name":"Zna\u010dkov\u00fd Soler&amp;Palau ventil\u00e1tor potrubn\u00ed TD 500\/150 ECOWATT &#8211; kuli\u010dkov\u00e1 lo\u017eiska, \u00fasporn\u00fd 150mm"}]},{"@type":"WebSite","@id":"https:\/\/www.koupelnapro.com\/#website","url":"https:\/\/www.koupelnapro.com\/","name":"","description":"","potentialAction":[{"@type":"SearchAction","target":{"@type":"EntryPoint","urlTemplate":"https:\/\/www.koupelnapro.com\/?s={search_term_string}"},"query-input":{"@type":"PropertyValueSpecification","valueRequired":true,"valueName":"search_term_string"}}],"inLanguage":"cs"}]}},"_links":{"self":[{"href":"https:\/\/www.koupelnapro.com\/index.php\/wp-json\/wp\/v2\/product\/5744","targetHints":{"allow":["GET"]}}],"collection":[{"href":"https:\/\/www.koupelnapro.com\/index.php\/wp-json\/wp\/v2\/product"}],"about":[{"href":"https:\/\/www.koupelnapro.com\/index.php\/wp-json\/wp\/v2\/types\/product"}],"replies":[{"embeddable":true,"href":"https:\/\/www.koupelnapro.com\/index.php\/wp-json\/wp\/v2\/comments?post=5744"}],"wp:featuredmedia":[{"embeddable":true,"href":"https:\/\/www.koupelnapro.com\/index.php\/wp-json\/wp\/v2\/media\/5844"}],"wp:attachment":[{"href":"https:\/\/www.koupelnapro.com\/index.php\/wp-json\/wp\/v2\/media?parent=5744"}],"wp:term":[{"taxonomy":"product_brand","embeddable":true,"href":"https:\/\/www.koupelnapro.com\/index.php\/wp-json\/wp\/v2\/product_brand?post=5744"},{"taxonomy":"product_cat","embeddable":true,"href":"https:\/\/www.koupelnapro.com\/index.php\/wp-json\/wp\/v2\/product_cat?post=5744"},{"taxonomy":"product_tag","embeddable":true,"href":"https:\/\/www.koupelnapro.com\/index.php\/wp-json\/wp\/v2\/product_tag?post=5744"}],"curies":[{"name":"wp","href":"https:\/\/api.w.org\/{rel}","templated":true}]}}