{"id":55916,"date":"2026-04-26T09:17:12","date_gmt":"2026-04-26T09:17:12","guid":{"rendered":""},"modified":"2026-04-26T09:17:12","modified_gmt":"2026-04-26T09:17:12","slug":"bezpecna-platba-mereo-novea-sklo-pro-walk-in-100-x-200-cm-8mm-easy-clean-cire-55916","status":"publish","type":"product","link":"https:\/\/www.koupelnapro.com\/produkt\/bezpecna-platba-mereo-novea-sklo-pro-walk-in-100-x-200-cm-8mm-easy-clean-cire-55916\/","title":{"rendered":"Bezpe\u010dn\u00e1 Platba Mereo Novea sklo pro Walk in 100 x 200 cm, 8mm, EASY CLEAN, \u010cir\u00e9"},"content":{"rendered":"<p>                Sprchov\u00e1 st\u011bna WALK IN sou\u010d\u00e1sti balen\u00ed:<\/p>\n<p>&#8211; sklo<\/p>\n<p>Sprchov\u00e9 st\u011bny WALK IN jsou jedin\u00e9, kter\u00e9 se v\u00e1m opravdu p\u0159izp\u016fsob\u00ed. Sestavte si sv\u016fj sprchovac\u00ed prostor na m\u00edru. Sprchov\u00fd kout typu WALK IN si m\u016f\u017eete poskl\u00e1dat v n\u011bkolika mo\u017en\u00fdch kombinac\u00edch.  Stabilitu bezpe\u010dnostn\u00ed skla zaji\u0161\u0165uje elegantn\u00ed kovov\u00e1 vzp\u011bra a v p\u0159\u00edpad\u011b mont\u00e1\u017ee na ze\u010f i bo\u010dn\u00ed staviteln\u00fd profil, kter\u00e9 nenaru\u0161uj\u00ed designovou \u010distotu cel\u00e9ho koutu, nejedn\u00e1 o hermeticky uzav\u0159en\u00fd v\u00fdrobek.<\/p>\n<p>V\u0161echny detaily sprchov\u00fdch kout\u016f Novea jsou promy\u0161len\u00e9 s ohledem na eleganci i budouc\u00ed \u00fadr\u017ebu. Tlou\u0161\u0165ka bezpe\u010dnostn\u00edho skla je 8 mm. Sklo je nav\u00edc o\u0161et\u0159eno povrchovou \u00fapravou EASY CLEAN. T\u011bsnost zaji\u0161\u0165uj\u00ed silikonov\u00e9 li\u0161ty. Vzp\u011bry na zav\u011btrov\u00e1n\u00ed jsou robustn\u00ed, ale p\u0159esto elegantn\u00ed. Detaily jsou precizn\u011b zpracovan\u00e9 a zaru\u010duj\u00ed dlouhou \u017eivotnost a bezvadn\u00fd stav po celou dobu u\u017e\u00edv\u00e1n\u00ed. To v\u0161e jsou p\u0159ednosti sprchov\u00fdch kout\u016f Novea.<\/p>\n<p>EASY CLEAN je vodoodpudiv\u00e1 ochrann\u00e1 vrstva, d\u00edky kter\u00e9 na skle nedoch\u00e1z\u00ed k usazov\u00e1n\u00ed ne\u010distot a sklo je snadno \u010distiteln\u00e9. Vrstva je odoln\u00e1 v\u016f\u010di \u010dist\u00edc\u00edm p\u0159\u00edpravk\u016fm, b\u011b\u017en\u011b pou\u017e\u00edvan\u00fdm na okna a sklen\u011bn\u00e9 v\u00fdpln\u011b.            <\/p><\/div>\n<div id=\"parametes\">\n<div class=\"param-wrapper\">\n<div class=\"param-item\">        \t        <span>Typ<\/span>        \t        <strong>        \t                N\u00e1hradn\u00ed d\u00edl            \t    <\/strong>        \t    <\/div>\n<div class=\"param-item\">        \t        <span>S\u00e9rie<\/span>        \t        <strong>        \t                Novea            \t    <\/strong>        \t    <\/div>\n<div class=\"param-item\">        \t        <span>Sklo<\/span>        \t        <strong>        \t                \u010cir\u00e9            \t    <\/strong>        \t    <\/div>\n<div class=\"param-item\">        \t        <span>Proveden\u00ed<\/span>        \t        <strong>        \t                L\/P univers\u00e1ln\u00ed            \t    <\/strong>        \t    <\/div>\n<div class=\"param-item\">        \t        <span>Tlou\u0161\u0165ka skla<\/span>        \t        <strong>        \t                8 mm            \t    <\/strong>        \t    <\/div>\n<div class=\"param-item\">        \t        <span>Konstrukce<\/span>        \t        <strong>        \t                WALK IN            \t    <\/strong>        \t    <\/div>\n<div class=\"param-item\">        \t        <span>\u0160\u00ed\u0159ka<\/span>        \t        <strong>        \t                954 mm            \t    <\/strong>        \t    <\/div>\n<div class=\"param-item\">        \t        <span>Hloubka<\/span>        \t        <strong>        \t                8 mm            \t    <\/strong>        \t    <\/div>\n<div class=\"param-item\">        \t        <span>D\u00e9lka\/V\u00fd\u0161ka<\/span>        \t        <strong>        \t                2000 mm            \t    <\/strong>        \t    <\/div>\n<div class=\"param-item\">        \t        <span>Ochrann\u00e1 vrstva skla<\/span>        \t        <strong>        \t                EASY CLEAN            \t    <\/strong>        \t    <\/div>\n<\/p><\/div>\n<\/p><\/div>\n<div id=\"download\">\n<div class=\"downloads-wrapper underline\">                    \t    <i class=\"icon-download\" aria-hidden=\"true\"><\/i><span>N\u00e1hradn\u00ed d\u00edly NOVEA sprchov\u00e1 z\u00e1st\u011bna WALK IN.pdf<\/span>                \t<\/div>\n<\/p><\/div>\n<\/p><\/div>\n<div id=\"video\">\n<div class=\"swiper swiper-youtube\">\n<div class=\"swiper-wrapper\">\n<div class=\"swiper-slide\">                                <\/div>\n<\/p><\/div>\n<div class=\"control-wrapper\">\n<div class=\"sb-prev youtube-prev\"><i class=\"icon-arrow-left\"><\/i>P\u0159edchoz\u00ed<\/div>\n<div class=\"swiper-pagination\"><\/div>\n<div class=\"sb-next youtube-next\">Dal\u0161\u00ed<i class=\"icon-arrow-right\"><\/i><\/div>\n<\/p><\/div>\n<\/p><\/div>\n<\/p><\/div>\n<\/p><\/div>\n<\/p><\/div>\n<\/div>\n","protected":false},"excerpt":{"rendered":"<p>Sprchov\u00e1 st\u011bna WALK IN sou\u010d\u00e1sti balen\u00ed: &#8211; sklo Sprchov\u00e9 st\u011bny WALK IN jsou jedin\u00e9, kter\u00e9 se v\u00e1m opravdu p\u0159izp\u016fsob\u00ed. Sestavte si sv\u016fj sprchovac\u00ed prostor na m\u00edru. Sprchov\u00fd kout typu WALK IN si m\u016f\u017eete poskl\u00e1dat v n\u011bkolika mo\u017en\u00fdch kombinac\u00edch. Stabilitu bezpe\u010dnostn\u00ed skla zaji\u0161\u0165uje elegantn\u00ed kovov\u00e1 vzp\u011bra a v p\u0159\u00edpad\u011b mont\u00e1\u017ee na ze\u010f i bo\u010dn\u00ed staviteln\u00fd profil, [&hellip;]<\/p>\n","protected":false},"featured_media":56016,"comment_status":"open","ping_status":"open","template":"","meta":[],"product_brand":[],"product_cat":[189],"product_tag":[],"class_list":{"0":"post-55916","1":"product","2":"type-product","3":"status-publish","4":"has-post-thumbnail","6":"product_cat-sprchove-kouty-a-vanicky","8":"first","9":"instock","10":"sale","11":"shipping-taxable","12":"purchasable","13":"product-type-simple"},"yoast_head":"<!-- This site is optimized with the Yoast SEO plugin v26.8 - https:\/\/yoast.com\/product\/yoast-seo-wordpress\/ -->\n<title>Bezpe\u010dn\u00e1 Platba Mereo Novea sklo pro Walk in 100 x 200 cm, 8mm, EASY CLEAN, \u010cir\u00e9 -<\/title>\n<meta name=\"robots\" content=\"index, follow, max-snippet:-1, max-image-preview:large, max-video-preview:-1\" \/>\n<link rel=\"canonical\" href=\"https:\/\/www.koupelnapro.com\/index.php\/produkt\/bezpecna-platba-mereo-novea-sklo-pro-walk-in-100-x-200-cm-8mm-easy-clean-cire-55916\/\" \/>\n<meta property=\"og:locale\" content=\"cs_CZ\" \/>\n<meta property=\"og:type\" content=\"article\" \/>\n<meta property=\"og:title\" content=\"Bezpe\u010dn\u00e1 Platba Mereo Novea sklo pro Walk in 100 x 200 cm, 8mm, EASY CLEAN, \u010cir\u00e9 -\" \/>\n<meta property=\"og:description\" content=\"Sprchov\u00e1 st\u011bna WALK IN sou\u010d\u00e1sti balen\u00ed: &#8211; sklo Sprchov\u00e9 st\u011bny WALK IN jsou jedin\u00e9, kter\u00e9 se v\u00e1m opravdu p\u0159izp\u016fsob\u00ed. Sestavte si sv\u016fj sprchovac\u00ed prostor na m\u00edru. Sprchov\u00fd kout typu WALK IN si m\u016f\u017eete poskl\u00e1dat v n\u011bkolika mo\u017en\u00fdch kombinac\u00edch. Stabilitu bezpe\u010dnostn\u00ed skla zaji\u0161\u0165uje elegantn\u00ed kovov\u00e1 vzp\u011bra a v p\u0159\u00edpad\u011b mont\u00e1\u017ee na ze\u010f i bo\u010dn\u00ed staviteln\u00fd profil, [&hellip;]\" \/>\n<meta property=\"og:url\" content=\"https:\/\/www.koupelnapro.com\/index.php\/produkt\/bezpecna-platba-mereo-novea-sklo-pro-walk-in-100-x-200-cm-8mm-easy-clean-cire-55916\/\" \/>\n<meta property=\"og:image\" content=\"https:\/\/www.koupelnapro.com\/wp-content\/uploads\/2026\/SK0002981-CZ20260425-093531-0-1777080932-d8488a39f2416730663734c72784e361-ck10604s-jpg-2024-03-15-06.webp\" \/>\n\t<meta property=\"og:image:width\" content=\"800\" \/>\n\t<meta property=\"og:image:height\" content=\"800\" \/>\n\t<meta property=\"og:image:type\" content=\"image\/webp\" \/>\n<meta name=\"twitter:card\" content=\"summary_large_image\" \/>\n<meta name=\"twitter:label1\" content=\"Odhadovan\u00e1 doba \u010dten\u00ed\" \/>\n\t<meta name=\"twitter:data1\" content=\"1 minuta\" \/>\n<script type=\"application\/ld+json\" class=\"yoast-schema-graph\">{\"@context\":\"https:\/\/schema.org\",\"@graph\":[{\"@type\":\"WebPage\",\"@id\":\"https:\/\/www.koupelnapro.com\/index.php\/produkt\/bezpecna-platba-mereo-novea-sklo-pro-walk-in-100-x-200-cm-8mm-easy-clean-cire-55916\/\",\"url\":\"https:\/\/www.koupelnapro.com\/index.php\/produkt\/bezpecna-platba-mereo-novea-sklo-pro-walk-in-100-x-200-cm-8mm-easy-clean-cire-55916\/\",\"name\":\"Bezpe\u010dn\u00e1 Platba Mereo Novea sklo pro Walk in 100 x 200 cm, 8mm, EASY CLEAN, \u010cir\u00e9 -\",\"isPartOf\":{\"@id\":\"https:\/\/www.koupelnapro.com\/#website\"},\"primaryImageOfPage\":{\"@id\":\"https:\/\/www.koupelnapro.com\/index.php\/produkt\/bezpecna-platba-mereo-novea-sklo-pro-walk-in-100-x-200-cm-8mm-easy-clean-cire-55916\/#primaryimage\"},\"image\":{\"@id\":\"https:\/\/www.koupelnapro.com\/index.php\/produkt\/bezpecna-platba-mereo-novea-sklo-pro-walk-in-100-x-200-cm-8mm-easy-clean-cire-55916\/#primaryimage\"},\"thumbnailUrl\":\"https:\/\/www.koupelnapro.com\/wp-content\/uploads\/2026\/SK0002981-CZ20260425-093531-0-1777080932-d8488a39f2416730663734c72784e361-ck10604s-jpg-2024-03-15-06.webp\",\"datePublished\":\"2026-04-26T09:17:12+00:00\",\"breadcrumb\":{\"@id\":\"https:\/\/www.koupelnapro.com\/index.php\/produkt\/bezpecna-platba-mereo-novea-sklo-pro-walk-in-100-x-200-cm-8mm-easy-clean-cire-55916\/#breadcrumb\"},\"inLanguage\":\"cs\",\"potentialAction\":[{\"@type\":\"ReadAction\",\"target\":[\"https:\/\/www.koupelnapro.com\/index.php\/produkt\/bezpecna-platba-mereo-novea-sklo-pro-walk-in-100-x-200-cm-8mm-easy-clean-cire-55916\/\"]}]},{\"@type\":\"ImageObject\",\"inLanguage\":\"cs\",\"@id\":\"https:\/\/www.koupelnapro.com\/index.php\/produkt\/bezpecna-platba-mereo-novea-sklo-pro-walk-in-100-x-200-cm-8mm-easy-clean-cire-55916\/#primaryimage\",\"url\":\"https:\/\/www.koupelnapro.com\/wp-content\/uploads\/2026\/SK0002981-CZ20260425-093531-0-1777080932-d8488a39f2416730663734c72784e361-ck10604s-jpg-2024-03-15-06.webp\",\"contentUrl\":\"https:\/\/www.koupelnapro.com\/wp-content\/uploads\/2026\/SK0002981-CZ20260425-093531-0-1777080932-d8488a39f2416730663734c72784e361-ck10604s-jpg-2024-03-15-06.webp\",\"width\":800,\"height\":800},{\"@type\":\"BreadcrumbList\",\"@id\":\"https:\/\/www.koupelnapro.com\/index.php\/produkt\/bezpecna-platba-mereo-novea-sklo-pro-walk-in-100-x-200-cm-8mm-easy-clean-cire-55916\/#breadcrumb\",\"itemListElement\":[{\"@type\":\"ListItem\",\"position\":1,\"name\":\"Home\",\"item\":\"https:\/\/www.koupelnapro.com\/\"},{\"@type\":\"ListItem\",\"position\":2,\"name\":\"Products\",\"item\":\"https:\/\/www.koupelnapro.com\/products\/\"},{\"@type\":\"ListItem\",\"position\":3,\"name\":\"Bezpe\u010dn\u00e1 Platba Mereo Novea sklo pro Walk in 100 x 200 cm, 8mm, EASY CLEAN, \u010cir\u00e9\"}]},{\"@type\":\"WebSite\",\"@id\":\"https:\/\/www.koupelnapro.com\/#website\",\"url\":\"https:\/\/www.koupelnapro.com\/\",\"name\":\"\",\"description\":\"\",\"potentialAction\":[{\"@type\":\"SearchAction\",\"target\":{\"@type\":\"EntryPoint\",\"urlTemplate\":\"https:\/\/www.koupelnapro.com\/?s={search_term_string}\"},\"query-input\":{\"@type\":\"PropertyValueSpecification\",\"valueRequired\":true,\"valueName\":\"search_term_string\"}}],\"inLanguage\":\"cs\"}]}<\/script>\n<!-- \/ Yoast SEO plugin. -->","yoast_head_json":{"title":"Bezpe\u010dn\u00e1 Platba Mereo Novea sklo pro Walk in 100 x 200 cm, 8mm, EASY CLEAN, \u010cir\u00e9 -","robots":{"index":"index","follow":"follow","max-snippet":"max-snippet:-1","max-image-preview":"max-image-preview:large","max-video-preview":"max-video-preview:-1"},"canonical":"https:\/\/www.koupelnapro.com\/index.php\/produkt\/bezpecna-platba-mereo-novea-sklo-pro-walk-in-100-x-200-cm-8mm-easy-clean-cire-55916\/","og_locale":"cs_CZ","og_type":"article","og_title":"Bezpe\u010dn\u00e1 Platba Mereo Novea sklo pro Walk in 100 x 200 cm, 8mm, EASY CLEAN, \u010cir\u00e9 -","og_description":"Sprchov\u00e1 st\u011bna WALK IN sou\u010d\u00e1sti balen\u00ed: &#8211; sklo Sprchov\u00e9 st\u011bny WALK IN jsou jedin\u00e9, kter\u00e9 se v\u00e1m opravdu p\u0159izp\u016fsob\u00ed. Sestavte si sv\u016fj sprchovac\u00ed prostor na m\u00edru. Sprchov\u00fd kout typu WALK IN si m\u016f\u017eete poskl\u00e1dat v n\u011bkolika mo\u017en\u00fdch kombinac\u00edch. Stabilitu bezpe\u010dnostn\u00ed skla zaji\u0161\u0165uje elegantn\u00ed kovov\u00e1 vzp\u011bra a v p\u0159\u00edpad\u011b mont\u00e1\u017ee na ze\u010f i bo\u010dn\u00ed staviteln\u00fd profil, [&hellip;]","og_url":"https:\/\/www.koupelnapro.com\/index.php\/produkt\/bezpecna-platba-mereo-novea-sklo-pro-walk-in-100-x-200-cm-8mm-easy-clean-cire-55916\/","og_image":[{"width":800,"height":800,"url":"https:\/\/www.koupelnapro.com\/wp-content\/uploads\/2026\/SK0002981-CZ20260425-093531-0-1777080932-d8488a39f2416730663734c72784e361-ck10604s-jpg-2024-03-15-06.webp","type":"image\/webp"}],"twitter_card":"summary_large_image","twitter_misc":{"Odhadovan\u00e1 doba \u010dten\u00ed":"1 minuta"},"schema":{"@context":"https:\/\/schema.org","@graph":[{"@type":"WebPage","@id":"https:\/\/www.koupelnapro.com\/index.php\/produkt\/bezpecna-platba-mereo-novea-sklo-pro-walk-in-100-x-200-cm-8mm-easy-clean-cire-55916\/","url":"https:\/\/www.koupelnapro.com\/index.php\/produkt\/bezpecna-platba-mereo-novea-sklo-pro-walk-in-100-x-200-cm-8mm-easy-clean-cire-55916\/","name":"Bezpe\u010dn\u00e1 Platba Mereo Novea sklo pro Walk in 100 x 200 cm, 8mm, EASY CLEAN, \u010cir\u00e9 -","isPartOf":{"@id":"https:\/\/www.koupelnapro.com\/#website"},"primaryImageOfPage":{"@id":"https:\/\/www.koupelnapro.com\/index.php\/produkt\/bezpecna-platba-mereo-novea-sklo-pro-walk-in-100-x-200-cm-8mm-easy-clean-cire-55916\/#primaryimage"},"image":{"@id":"https:\/\/www.koupelnapro.com\/index.php\/produkt\/bezpecna-platba-mereo-novea-sklo-pro-walk-in-100-x-200-cm-8mm-easy-clean-cire-55916\/#primaryimage"},"thumbnailUrl":"https:\/\/www.koupelnapro.com\/wp-content\/uploads\/2026\/SK0002981-CZ20260425-093531-0-1777080932-d8488a39f2416730663734c72784e361-ck10604s-jpg-2024-03-15-06.webp","datePublished":"2026-04-26T09:17:12+00:00","breadcrumb":{"@id":"https:\/\/www.koupelnapro.com\/index.php\/produkt\/bezpecna-platba-mereo-novea-sklo-pro-walk-in-100-x-200-cm-8mm-easy-clean-cire-55916\/#breadcrumb"},"inLanguage":"cs","potentialAction":[{"@type":"ReadAction","target":["https:\/\/www.koupelnapro.com\/index.php\/produkt\/bezpecna-platba-mereo-novea-sklo-pro-walk-in-100-x-200-cm-8mm-easy-clean-cire-55916\/"]}]},{"@type":"ImageObject","inLanguage":"cs","@id":"https:\/\/www.koupelnapro.com\/index.php\/produkt\/bezpecna-platba-mereo-novea-sklo-pro-walk-in-100-x-200-cm-8mm-easy-clean-cire-55916\/#primaryimage","url":"https:\/\/www.koupelnapro.com\/wp-content\/uploads\/2026\/SK0002981-CZ20260425-093531-0-1777080932-d8488a39f2416730663734c72784e361-ck10604s-jpg-2024-03-15-06.webp","contentUrl":"https:\/\/www.koupelnapro.com\/wp-content\/uploads\/2026\/SK0002981-CZ20260425-093531-0-1777080932-d8488a39f2416730663734c72784e361-ck10604s-jpg-2024-03-15-06.webp","width":800,"height":800},{"@type":"BreadcrumbList","@id":"https:\/\/www.koupelnapro.com\/index.php\/produkt\/bezpecna-platba-mereo-novea-sklo-pro-walk-in-100-x-200-cm-8mm-easy-clean-cire-55916\/#breadcrumb","itemListElement":[{"@type":"ListItem","position":1,"name":"Home","item":"https:\/\/www.koupelnapro.com\/"},{"@type":"ListItem","position":2,"name":"Products","item":"https:\/\/www.koupelnapro.com\/products\/"},{"@type":"ListItem","position":3,"name":"Bezpe\u010dn\u00e1 Platba Mereo Novea sklo pro Walk in 100 x 200 cm, 8mm, EASY CLEAN, \u010cir\u00e9"}]},{"@type":"WebSite","@id":"https:\/\/www.koupelnapro.com\/#website","url":"https:\/\/www.koupelnapro.com\/","name":"","description":"","potentialAction":[{"@type":"SearchAction","target":{"@type":"EntryPoint","urlTemplate":"https:\/\/www.koupelnapro.com\/?s={search_term_string}"},"query-input":{"@type":"PropertyValueSpecification","valueRequired":true,"valueName":"search_term_string"}}],"inLanguage":"cs"}]}},"_links":{"self":[{"href":"https:\/\/www.koupelnapro.com\/wp-json\/wp\/v2\/product\/55916","targetHints":{"allow":["GET"]}}],"collection":[{"href":"https:\/\/www.koupelnapro.com\/wp-json\/wp\/v2\/product"}],"about":[{"href":"https:\/\/www.koupelnapro.com\/wp-json\/wp\/v2\/types\/product"}],"replies":[{"embeddable":true,"href":"https:\/\/www.koupelnapro.com\/wp-json\/wp\/v2\/comments?post=55916"}],"wp:featuredmedia":[{"embeddable":true,"href":"https:\/\/www.koupelnapro.com\/wp-json\/wp\/v2\/media\/56016"}],"wp:attachment":[{"href":"https:\/\/www.koupelnapro.com\/wp-json\/wp\/v2\/media?parent=55916"}],"wp:term":[{"taxonomy":"product_brand","embeddable":true,"href":"https:\/\/www.koupelnapro.com\/wp-json\/wp\/v2\/product_brand?post=55916"},{"taxonomy":"product_cat","embeddable":true,"href":"https:\/\/www.koupelnapro.com\/wp-json\/wp\/v2\/product_cat?post=55916"},{"taxonomy":"product_tag","embeddable":true,"href":"https:\/\/www.koupelnapro.com\/wp-json\/wp\/v2\/product_tag?post=55916"}],"curies":[{"name":"wp","href":"https:\/\/api.w.org\/{rel}","templated":true}]}}