{"id":55897,"date":"2026-04-26T09:17:12","date_gmt":"2026-04-26T09:17:12","guid":{"rendered":""},"modified":"2026-04-26T09:17:12","modified_gmt":"2026-04-26T09:17:12","slug":"mereo-nastavovaci-bocni-profil-pro-zasouvaci-2-a-4-dilne-a-pivotove-sprchove-kouty-a-dvere-lima-vyprodej-55897","status":"publish","type":"product","link":"https:\/\/www.koupelnapro.com\/produkt\/mereo-nastavovaci-bocni-profil-pro-zasouvaci-2-a-4-dilne-a-pivotove-sprchove-kouty-a-dvere-lima-vyprodej-55897\/","title":{"rendered":"Mereo Nastavovac\u00ed bo\u010dn\u00ed profil pro zasouvac\u00ed 2 a 4 d\u00edln\u00e9 a pivotov\u00e9 sprchov\u00e9 kouty a dve\u0159e Lima V\u00fdprodej"},"content":{"rendered":"<p>                Nastavovac\u00ed bo\u010dn\u00ed profil pro kouty a dve\u0159e LIMA (CK608xxK,CK804xxK, CK809xxK) a pevn\u00e9 d\u00edly (CK101xxK &#8211; CK103xxK), 35 mm, v\u00fd\u0161ka 190 cm, chrom ALU.<br \/>Vymezovac\u00ed li\u0161ta slou\u017e\u00ed k nastaven\u00ed profil\u016f dve\u0159\u00ed a kout\u016f z \u0159ady LIMA. Pomoc\u00ed tohoto nastavovac\u00edho profilu dojde k roz\u0161\u00ed\u0159en\u00ed \u0161\u00ed\u0159ky dve\u0159\u00ed  o 35 mm.<\/p>\n<p>Slou\u017e\u00ed pouze pro nastaven\u00ed profil\u016f u dve\u0159\u00ed (CK608xxK, CK804xxK, CK809xxK) a pevn\u00e9 d\u00edly (CK101xxK &#8211; CK103xxK), 35 mm            <\/p><\/div>\n<div id=\"parametes\">\n<div class=\"param-wrapper\">\n<div class=\"param-item\">        \t        <span>Typ<\/span>        \t        <strong>        \t                N\u00e1hradn\u00ed d\u00edl            \t    <\/strong>        \t    <\/div>\n<div class=\"param-item\">        \t        <span>Barva<\/span>        \t        <strong>        \t                Chrom            \t    <\/strong>        \t    <\/div>\n<div class=\"param-item\">        \t        <span>S\u00e9rie<\/span>        \t        <strong>        \t                Lima            \t    <\/strong>        \t    <\/div>\n<div class=\"param-item\">        \t        <span>Proveden\u00ed<\/span>        \t        <strong>        \t                L\/P univers\u00e1ln\u00ed            \t    <\/strong>        \t    <\/div>\n<div class=\"param-item\">        \t        <span>Stavitelnost<\/span>        \t        <strong>        \t                35            \t    <\/strong>        \t    <\/div>\n<div class=\"param-item\">        \t        <span>D\u00e9lka\/V\u00fd\u0161ka<\/span>        \t        <strong>        \t                1900 mm            \t    <\/strong>        \t    <\/div>\n<div class=\"param-item\">        \t        <span>Materi\u00e1l<\/span>        \t        <strong>        \t                Hlin\u00edkov\u00e9 profily            \t    <\/strong>        \t    <\/div>\n<\/p><\/div>\n<\/p><\/div>\n<\/p><\/div>\n<\/p><\/div>\n<\/p><\/div>\n<\/div>\n","protected":false},"excerpt":{"rendered":"<p>Nastavovac\u00ed bo\u010dn\u00ed profil pro kouty a dve\u0159e LIMA (CK608xxK,CK804xxK, CK809xxK) a pevn\u00e9 d\u00edly (CK101xxK &#8211; CK103xxK), 35 mm, v\u00fd\u0161ka 190 cm, chrom ALU.Vymezovac\u00ed li\u0161ta slou\u017e\u00ed k nastaven\u00ed profil\u016f dve\u0159\u00ed a kout\u016f z \u0159ady LIMA. Pomoc\u00ed tohoto nastavovac\u00edho profilu dojde k roz\u0161\u00ed\u0159en\u00ed \u0161\u00ed\u0159ky dve\u0159\u00ed o 35 mm. Slou\u017e\u00ed pouze pro nastaven\u00ed profil\u016f u dve\u0159\u00ed (CK608xxK, CK804xxK, [&hellip;]<\/p>\n","protected":false},"featured_media":55997,"comment_status":"open","ping_status":"open","template":"","meta":[],"product_brand":[],"product_cat":[189],"product_tag":[],"class_list":{"0":"post-55897","1":"product","2":"type-product","3":"status-publish","4":"has-post-thumbnail","6":"product_cat-sprchove-kouty-a-vanicky","8":"first","9":"instock","10":"sale","11":"shipping-taxable","12":"purchasable","13":"product-type-simple"},"yoast_head":"<!-- This site is optimized with the Yoast SEO plugin v26.8 - https:\/\/yoast.com\/product\/yoast-seo-wordpress\/ -->\n<title>Mereo Nastavovac\u00ed bo\u010dn\u00ed profil pro zasouvac\u00ed 2 a 4 d\u00edln\u00e9 a pivotov\u00e9 sprchov\u00e9 kouty a dve\u0159e Lima V\u00fdprodej -<\/title>\n<meta name=\"robots\" content=\"index, follow, max-snippet:-1, max-image-preview:large, max-video-preview:-1\" \/>\n<link rel=\"canonical\" href=\"https:\/\/www.koupelnapro.com\/index.php\/produkt\/mereo-nastavovaci-bocni-profil-pro-zasouvaci-2-a-4-dilne-a-pivotove-sprchove-kouty-a-dvere-lima-vyprodej-55897\/\" \/>\n<meta property=\"og:locale\" content=\"cs_CZ\" \/>\n<meta property=\"og:type\" content=\"article\" \/>\n<meta property=\"og:title\" content=\"Mereo Nastavovac\u00ed bo\u010dn\u00ed profil pro zasouvac\u00ed 2 a 4 d\u00edln\u00e9 a pivotov\u00e9 sprchov\u00e9 kouty a dve\u0159e Lima V\u00fdprodej -\" \/>\n<meta property=\"og:description\" content=\"Nastavovac\u00ed bo\u010dn\u00ed profil pro kouty a dve\u0159e LIMA (CK608xxK,CK804xxK, CK809xxK) a pevn\u00e9 d\u00edly (CK101xxK &#8211; CK103xxK), 35 mm, v\u00fd\u0161ka 190 cm, chrom ALU.Vymezovac\u00ed li\u0161ta slou\u017e\u00ed k nastaven\u00ed profil\u016f dve\u0159\u00ed a kout\u016f z \u0159ady LIMA. Pomoc\u00ed tohoto nastavovac\u00edho profilu dojde k roz\u0161\u00ed\u0159en\u00ed \u0161\u00ed\u0159ky dve\u0159\u00ed o 35 mm. Slou\u017e\u00ed pouze pro nastaven\u00ed profil\u016f u dve\u0159\u00ed (CK608xxK, CK804xxK, [&hellip;]\" \/>\n<meta property=\"og:url\" content=\"https:\/\/www.koupelnapro.com\/index.php\/produkt\/mereo-nastavovaci-bocni-profil-pro-zasouvaci-2-a-4-dilne-a-pivotove-sprchove-kouty-a-dvere-lima-vyprodej-55897\/\" \/>\n<meta property=\"og:image\" content=\"https:\/\/www.koupelnapro.com\/wp-content\/uploads\/2026\/SK0002952-CZ20260425-093531-0-1777080932-7c3d71c680500cc9165752494dc43fdd-cknd250k-jpg-2025-09-29-11.webp\" \/>\n\t<meta property=\"og:image:width\" content=\"800\" \/>\n\t<meta property=\"og:image:height\" content=\"800\" \/>\n\t<meta property=\"og:image:type\" content=\"image\/webp\" \/>\n<meta name=\"twitter:card\" content=\"summary_large_image\" \/>\n<meta name=\"twitter:label1\" content=\"Odhadovan\u00e1 doba \u010dten\u00ed\" \/>\n\t<meta name=\"twitter:data1\" content=\"1 minuta\" \/>\n<script type=\"application\/ld+json\" class=\"yoast-schema-graph\">{\"@context\":\"https:\/\/schema.org\",\"@graph\":[{\"@type\":\"WebPage\",\"@id\":\"https:\/\/www.koupelnapro.com\/index.php\/produkt\/mereo-nastavovaci-bocni-profil-pro-zasouvaci-2-a-4-dilne-a-pivotove-sprchove-kouty-a-dvere-lima-vyprodej-55897\/\",\"url\":\"https:\/\/www.koupelnapro.com\/index.php\/produkt\/mereo-nastavovaci-bocni-profil-pro-zasouvaci-2-a-4-dilne-a-pivotove-sprchove-kouty-a-dvere-lima-vyprodej-55897\/\",\"name\":\"Mereo Nastavovac\u00ed bo\u010dn\u00ed profil pro zasouvac\u00ed 2 a 4 d\u00edln\u00e9 a pivotov\u00e9 sprchov\u00e9 kouty a dve\u0159e Lima V\u00fdprodej -\",\"isPartOf\":{\"@id\":\"https:\/\/www.koupelnapro.com\/#website\"},\"primaryImageOfPage\":{\"@id\":\"https:\/\/www.koupelnapro.com\/index.php\/produkt\/mereo-nastavovaci-bocni-profil-pro-zasouvaci-2-a-4-dilne-a-pivotove-sprchove-kouty-a-dvere-lima-vyprodej-55897\/#primaryimage\"},\"image\":{\"@id\":\"https:\/\/www.koupelnapro.com\/index.php\/produkt\/mereo-nastavovaci-bocni-profil-pro-zasouvaci-2-a-4-dilne-a-pivotove-sprchove-kouty-a-dvere-lima-vyprodej-55897\/#primaryimage\"},\"thumbnailUrl\":\"https:\/\/www.koupelnapro.com\/wp-content\/uploads\/2026\/SK0002952-CZ20260425-093531-0-1777080932-7c3d71c680500cc9165752494dc43fdd-cknd250k-jpg-2025-09-29-11.webp\",\"datePublished\":\"2026-04-26T09:17:12+00:00\",\"breadcrumb\":{\"@id\":\"https:\/\/www.koupelnapro.com\/index.php\/produkt\/mereo-nastavovaci-bocni-profil-pro-zasouvaci-2-a-4-dilne-a-pivotove-sprchove-kouty-a-dvere-lima-vyprodej-55897\/#breadcrumb\"},\"inLanguage\":\"cs\",\"potentialAction\":[{\"@type\":\"ReadAction\",\"target\":[\"https:\/\/www.koupelnapro.com\/index.php\/produkt\/mereo-nastavovaci-bocni-profil-pro-zasouvaci-2-a-4-dilne-a-pivotove-sprchove-kouty-a-dvere-lima-vyprodej-55897\/\"]}]},{\"@type\":\"ImageObject\",\"inLanguage\":\"cs\",\"@id\":\"https:\/\/www.koupelnapro.com\/index.php\/produkt\/mereo-nastavovaci-bocni-profil-pro-zasouvaci-2-a-4-dilne-a-pivotove-sprchove-kouty-a-dvere-lima-vyprodej-55897\/#primaryimage\",\"url\":\"https:\/\/www.koupelnapro.com\/wp-content\/uploads\/2026\/SK0002952-CZ20260425-093531-0-1777080932-7c3d71c680500cc9165752494dc43fdd-cknd250k-jpg-2025-09-29-11.webp\",\"contentUrl\":\"https:\/\/www.koupelnapro.com\/wp-content\/uploads\/2026\/SK0002952-CZ20260425-093531-0-1777080932-7c3d71c680500cc9165752494dc43fdd-cknd250k-jpg-2025-09-29-11.webp\",\"width\":800,\"height\":800},{\"@type\":\"BreadcrumbList\",\"@id\":\"https:\/\/www.koupelnapro.com\/index.php\/produkt\/mereo-nastavovaci-bocni-profil-pro-zasouvaci-2-a-4-dilne-a-pivotove-sprchove-kouty-a-dvere-lima-vyprodej-55897\/#breadcrumb\",\"itemListElement\":[{\"@type\":\"ListItem\",\"position\":1,\"name\":\"Home\",\"item\":\"https:\/\/www.koupelnapro.com\/\"},{\"@type\":\"ListItem\",\"position\":2,\"name\":\"Products\",\"item\":\"https:\/\/www.koupelnapro.com\/products\/\"},{\"@type\":\"ListItem\",\"position\":3,\"name\":\"Mereo Nastavovac\u00ed bo\u010dn\u00ed profil pro zasouvac\u00ed 2 a 4 d\u00edln\u00e9 a pivotov\u00e9 sprchov\u00e9 kouty a dve\u0159e Lima V\u00fdprodej\"}]},{\"@type\":\"WebSite\",\"@id\":\"https:\/\/www.koupelnapro.com\/#website\",\"url\":\"https:\/\/www.koupelnapro.com\/\",\"name\":\"\",\"description\":\"\",\"potentialAction\":[{\"@type\":\"SearchAction\",\"target\":{\"@type\":\"EntryPoint\",\"urlTemplate\":\"https:\/\/www.koupelnapro.com\/?s={search_term_string}\"},\"query-input\":{\"@type\":\"PropertyValueSpecification\",\"valueRequired\":true,\"valueName\":\"search_term_string\"}}],\"inLanguage\":\"cs\"}]}<\/script>\n<!-- \/ Yoast SEO plugin. -->","yoast_head_json":{"title":"Mereo Nastavovac\u00ed bo\u010dn\u00ed profil pro zasouvac\u00ed 2 a 4 d\u00edln\u00e9 a pivotov\u00e9 sprchov\u00e9 kouty a dve\u0159e Lima V\u00fdprodej -","robots":{"index":"index","follow":"follow","max-snippet":"max-snippet:-1","max-image-preview":"max-image-preview:large","max-video-preview":"max-video-preview:-1"},"canonical":"https:\/\/www.koupelnapro.com\/index.php\/produkt\/mereo-nastavovaci-bocni-profil-pro-zasouvaci-2-a-4-dilne-a-pivotove-sprchove-kouty-a-dvere-lima-vyprodej-55897\/","og_locale":"cs_CZ","og_type":"article","og_title":"Mereo Nastavovac\u00ed bo\u010dn\u00ed profil pro zasouvac\u00ed 2 a 4 d\u00edln\u00e9 a pivotov\u00e9 sprchov\u00e9 kouty a dve\u0159e Lima V\u00fdprodej -","og_description":"Nastavovac\u00ed bo\u010dn\u00ed profil pro kouty a dve\u0159e LIMA (CK608xxK,CK804xxK, CK809xxK) a pevn\u00e9 d\u00edly (CK101xxK &#8211; CK103xxK), 35 mm, v\u00fd\u0161ka 190 cm, chrom ALU.Vymezovac\u00ed li\u0161ta slou\u017e\u00ed k nastaven\u00ed profil\u016f dve\u0159\u00ed a kout\u016f z \u0159ady LIMA. Pomoc\u00ed tohoto nastavovac\u00edho profilu dojde k roz\u0161\u00ed\u0159en\u00ed \u0161\u00ed\u0159ky dve\u0159\u00ed o 35 mm. Slou\u017e\u00ed pouze pro nastaven\u00ed profil\u016f u dve\u0159\u00ed (CK608xxK, CK804xxK, [&hellip;]","og_url":"https:\/\/www.koupelnapro.com\/index.php\/produkt\/mereo-nastavovaci-bocni-profil-pro-zasouvaci-2-a-4-dilne-a-pivotove-sprchove-kouty-a-dvere-lima-vyprodej-55897\/","og_image":[{"width":800,"height":800,"url":"https:\/\/www.koupelnapro.com\/wp-content\/uploads\/2026\/SK0002952-CZ20260425-093531-0-1777080932-7c3d71c680500cc9165752494dc43fdd-cknd250k-jpg-2025-09-29-11.webp","type":"image\/webp"}],"twitter_card":"summary_large_image","twitter_misc":{"Odhadovan\u00e1 doba \u010dten\u00ed":"1 minuta"},"schema":{"@context":"https:\/\/schema.org","@graph":[{"@type":"WebPage","@id":"https:\/\/www.koupelnapro.com\/index.php\/produkt\/mereo-nastavovaci-bocni-profil-pro-zasouvaci-2-a-4-dilne-a-pivotove-sprchove-kouty-a-dvere-lima-vyprodej-55897\/","url":"https:\/\/www.koupelnapro.com\/index.php\/produkt\/mereo-nastavovaci-bocni-profil-pro-zasouvaci-2-a-4-dilne-a-pivotove-sprchove-kouty-a-dvere-lima-vyprodej-55897\/","name":"Mereo Nastavovac\u00ed bo\u010dn\u00ed profil pro zasouvac\u00ed 2 a 4 d\u00edln\u00e9 a pivotov\u00e9 sprchov\u00e9 kouty a dve\u0159e Lima V\u00fdprodej -","isPartOf":{"@id":"https:\/\/www.koupelnapro.com\/#website"},"primaryImageOfPage":{"@id":"https:\/\/www.koupelnapro.com\/index.php\/produkt\/mereo-nastavovaci-bocni-profil-pro-zasouvaci-2-a-4-dilne-a-pivotove-sprchove-kouty-a-dvere-lima-vyprodej-55897\/#primaryimage"},"image":{"@id":"https:\/\/www.koupelnapro.com\/index.php\/produkt\/mereo-nastavovaci-bocni-profil-pro-zasouvaci-2-a-4-dilne-a-pivotove-sprchove-kouty-a-dvere-lima-vyprodej-55897\/#primaryimage"},"thumbnailUrl":"https:\/\/www.koupelnapro.com\/wp-content\/uploads\/2026\/SK0002952-CZ20260425-093531-0-1777080932-7c3d71c680500cc9165752494dc43fdd-cknd250k-jpg-2025-09-29-11.webp","datePublished":"2026-04-26T09:17:12+00:00","breadcrumb":{"@id":"https:\/\/www.koupelnapro.com\/index.php\/produkt\/mereo-nastavovaci-bocni-profil-pro-zasouvaci-2-a-4-dilne-a-pivotove-sprchove-kouty-a-dvere-lima-vyprodej-55897\/#breadcrumb"},"inLanguage":"cs","potentialAction":[{"@type":"ReadAction","target":["https:\/\/www.koupelnapro.com\/index.php\/produkt\/mereo-nastavovaci-bocni-profil-pro-zasouvaci-2-a-4-dilne-a-pivotove-sprchove-kouty-a-dvere-lima-vyprodej-55897\/"]}]},{"@type":"ImageObject","inLanguage":"cs","@id":"https:\/\/www.koupelnapro.com\/index.php\/produkt\/mereo-nastavovaci-bocni-profil-pro-zasouvaci-2-a-4-dilne-a-pivotove-sprchove-kouty-a-dvere-lima-vyprodej-55897\/#primaryimage","url":"https:\/\/www.koupelnapro.com\/wp-content\/uploads\/2026\/SK0002952-CZ20260425-093531-0-1777080932-7c3d71c680500cc9165752494dc43fdd-cknd250k-jpg-2025-09-29-11.webp","contentUrl":"https:\/\/www.koupelnapro.com\/wp-content\/uploads\/2026\/SK0002952-CZ20260425-093531-0-1777080932-7c3d71c680500cc9165752494dc43fdd-cknd250k-jpg-2025-09-29-11.webp","width":800,"height":800},{"@type":"BreadcrumbList","@id":"https:\/\/www.koupelnapro.com\/index.php\/produkt\/mereo-nastavovaci-bocni-profil-pro-zasouvaci-2-a-4-dilne-a-pivotove-sprchove-kouty-a-dvere-lima-vyprodej-55897\/#breadcrumb","itemListElement":[{"@type":"ListItem","position":1,"name":"Home","item":"https:\/\/www.koupelnapro.com\/"},{"@type":"ListItem","position":2,"name":"Products","item":"https:\/\/www.koupelnapro.com\/products\/"},{"@type":"ListItem","position":3,"name":"Mereo Nastavovac\u00ed bo\u010dn\u00ed profil pro zasouvac\u00ed 2 a 4 d\u00edln\u00e9 a pivotov\u00e9 sprchov\u00e9 kouty a dve\u0159e Lima V\u00fdprodej"}]},{"@type":"WebSite","@id":"https:\/\/www.koupelnapro.com\/#website","url":"https:\/\/www.koupelnapro.com\/","name":"","description":"","potentialAction":[{"@type":"SearchAction","target":{"@type":"EntryPoint","urlTemplate":"https:\/\/www.koupelnapro.com\/?s={search_term_string}"},"query-input":{"@type":"PropertyValueSpecification","valueRequired":true,"valueName":"search_term_string"}}],"inLanguage":"cs"}]}},"_links":{"self":[{"href":"https:\/\/www.koupelnapro.com\/wp-json\/wp\/v2\/product\/55897","targetHints":{"allow":["GET"]}}],"collection":[{"href":"https:\/\/www.koupelnapro.com\/wp-json\/wp\/v2\/product"}],"about":[{"href":"https:\/\/www.koupelnapro.com\/wp-json\/wp\/v2\/types\/product"}],"replies":[{"embeddable":true,"href":"https:\/\/www.koupelnapro.com\/wp-json\/wp\/v2\/comments?post=55897"}],"wp:featuredmedia":[{"embeddable":true,"href":"https:\/\/www.koupelnapro.com\/wp-json\/wp\/v2\/media\/55997"}],"wp:attachment":[{"href":"https:\/\/www.koupelnapro.com\/wp-json\/wp\/v2\/media?parent=55897"}],"wp:term":[{"taxonomy":"product_brand","embeddable":true,"href":"https:\/\/www.koupelnapro.com\/wp-json\/wp\/v2\/product_brand?post=55897"},{"taxonomy":"product_cat","embeddable":true,"href":"https:\/\/www.koupelnapro.com\/wp-json\/wp\/v2\/product_cat?post=55897"},{"taxonomy":"product_tag","embeddable":true,"href":"https:\/\/www.koupelnapro.com\/wp-json\/wp\/v2\/product_tag?post=55897"}],"curies":[{"name":"wp","href":"https:\/\/api.w.org\/{rel}","templated":true}]}}