{"id":55896,"date":"2026-04-26T09:17:12","date_gmt":"2026-04-26T09:17:12","guid":{"rendered":""},"modified":"2026-04-26T09:17:12","modified_gmt":"2026-04-26T09:17:12","slug":"pouze-dnes-mereo-nastavovaci-bocni-profil-pro-kouty-fantasy-mistica-ck10111hx-ck10411hx-ck801xxh-ck804xxh-55896","status":"publish","type":"product","link":"https:\/\/www.koupelnapro.com\/produkt\/pouze-dnes-mereo-nastavovaci-bocni-profil-pro-kouty-fantasy-mistica-ck10111hx-ck10411hx-ck801xxh-ck804xxh-55896\/","title":{"rendered":"Pouze Dnes Mereo Nastavovac\u00ed bo\u010dn\u00ed profil pro kouty Fantasy, Mistica CK10111Hx-CK10411Hx, CK801xxH,CK804xxH"},"content":{"rendered":"<p>                Nastavovac\u00ed bo\u010dn\u00ed profil pro kouty Fantasy a Mistica pro CK10111Hx-CK10411Hx, CK801xxH,CK804xxH, CK809xxH, 25 mm, chrom ALU, v\u00fd\u0161ky 190 cm slou\u017e\u00ed k nastaven\u00ed profil\u016f dve\u0159\u00ed. Pomoc\u00ed tohoto nastavovac\u00edho profil\u016f dojde k roz\u0161\u00ed\u0159en\u00ed \u0161\u00ed\u0159ky dve\u0159\u00ed  o 25 mm.<\/p>\n<p>Slou\u017e\u00ed pro nastaven\u00ed profil\u016f u dve\u0159\u00ed CK70101H, CK70104H, CK10111HLR, CK10211HLR, CK10311H, CK10411HLR a v\u0161ech chromov\u00fdch dve\u0159\u00ed \u0159ady Mistica (zalamovac\u00ed, pivotov\u00e9, zasunovac\u00ed).            <\/p><\/div>\n<div id=\"parametes\">\n<div class=\"param-wrapper\">\n<div class=\"param-item\">        \t        <span>Typ<\/span>        \t        <strong>        \t                N\u00e1hradn\u00ed d\u00edl            \t    <\/strong>        \t    <\/div>\n<div class=\"param-item\">        \t        <span>Barva<\/span>        \t        <strong>        \t                Chrom            \t    <\/strong>        \t    <\/div>\n<div class=\"param-item\">        \t        <span>S\u00e9rie<\/span>        \t        <strong>        \t                Fantasy        \t                Mistica            \t    <\/strong>        \t    <\/div>\n<div class=\"param-item\">        \t        <span>Proveden\u00ed<\/span>        \t        <strong>        \t                L\/P univers\u00e1ln\u00ed            \t    <\/strong>        \t    <\/div>\n<div class=\"param-item\">        \t        <span>Materi\u00e1l<\/span>        \t        <strong>        \t                Hlin\u00edkov\u00e9 profily            \t    <\/strong>        \t    <\/div>\n<\/p><\/div>\n<\/p><\/div>\n<\/p><\/div>\n<\/p><\/div>\n<\/p><\/div>\n<\/div>\n","protected":false},"excerpt":{"rendered":"<p>Nastavovac\u00ed bo\u010dn\u00ed profil pro kouty Fantasy a Mistica pro CK10111Hx-CK10411Hx, CK801xxH,CK804xxH, CK809xxH, 25 mm, chrom ALU, v\u00fd\u0161ky 190 cm slou\u017e\u00ed k nastaven\u00ed profil\u016f dve\u0159\u00ed. Pomoc\u00ed tohoto nastavovac\u00edho profil\u016f dojde k roz\u0161\u00ed\u0159en\u00ed \u0161\u00ed\u0159ky dve\u0159\u00ed o 25 mm. Slou\u017e\u00ed pro nastaven\u00ed profil\u016f u dve\u0159\u00ed CK70101H, CK70104H, CK10111HLR, CK10211HLR, CK10311H, CK10411HLR a v\u0161ech chromov\u00fdch dve\u0159\u00ed \u0159ady Mistica (zalamovac\u00ed, [&hellip;]<\/p>\n","protected":false},"featured_media":55996,"comment_status":"open","ping_status":"open","template":"","meta":[],"product_brand":[],"product_cat":[189],"product_tag":[],"class_list":{"0":"post-55896","1":"product","2":"type-product","3":"status-publish","4":"has-post-thumbnail","6":"product_cat-sprchove-kouty-a-vanicky","8":"first","9":"instock","10":"sale","11":"shipping-taxable","12":"purchasable","13":"product-type-simple"},"yoast_head":"<!-- This site is optimized with the Yoast SEO plugin v26.8 - https:\/\/yoast.com\/product\/yoast-seo-wordpress\/ -->\n<title>Pouze Dnes Mereo Nastavovac\u00ed bo\u010dn\u00ed profil pro kouty Fantasy, Mistica CK10111Hx-CK10411Hx, CK801xxH,CK804xxH -<\/title>\n<meta name=\"robots\" content=\"index, follow, max-snippet:-1, max-image-preview:large, max-video-preview:-1\" \/>\n<link rel=\"canonical\" href=\"https:\/\/www.koupelnapro.com\/index.php\/produkt\/pouze-dnes-mereo-nastavovaci-bocni-profil-pro-kouty-fantasy-mistica-ck10111hx-ck10411hx-ck801xxh-ck804xxh-55896\/\" \/>\n<meta property=\"og:locale\" content=\"cs_CZ\" \/>\n<meta property=\"og:type\" content=\"article\" \/>\n<meta property=\"og:title\" content=\"Pouze Dnes Mereo Nastavovac\u00ed bo\u010dn\u00ed profil pro kouty Fantasy, Mistica CK10111Hx-CK10411Hx, CK801xxH,CK804xxH -\" \/>\n<meta property=\"og:description\" content=\"Nastavovac\u00ed bo\u010dn\u00ed profil pro kouty Fantasy a Mistica pro CK10111Hx-CK10411Hx, CK801xxH,CK804xxH, CK809xxH, 25 mm, chrom ALU, v\u00fd\u0161ky 190 cm slou\u017e\u00ed k nastaven\u00ed profil\u016f dve\u0159\u00ed. Pomoc\u00ed tohoto nastavovac\u00edho profil\u016f dojde k roz\u0161\u00ed\u0159en\u00ed \u0161\u00ed\u0159ky dve\u0159\u00ed o 25 mm. Slou\u017e\u00ed pro nastaven\u00ed profil\u016f u dve\u0159\u00ed CK70101H, CK70104H, CK10111HLR, CK10211HLR, CK10311H, CK10411HLR a v\u0161ech chromov\u00fdch dve\u0159\u00ed \u0159ady Mistica (zalamovac\u00ed, [&hellip;]\" \/>\n<meta property=\"og:url\" content=\"https:\/\/www.koupelnapro.com\/index.php\/produkt\/pouze-dnes-mereo-nastavovaci-bocni-profil-pro-kouty-fantasy-mistica-ck10111hx-ck10411hx-ck801xxh-ck804xxh-55896\/\" \/>\n<meta property=\"og:image\" content=\"https:\/\/www.koupelnapro.com\/wp-content\/uploads\/2026\/SK0002951-CZ20260425-093531-0-1777080932-4478412c2d1fa4fc2c77c86ba3d2b500-cknd250h-jpg-2023-12-08-12.webp\" \/>\n\t<meta property=\"og:image:width\" content=\"800\" \/>\n\t<meta property=\"og:image:height\" content=\"800\" \/>\n\t<meta property=\"og:image:type\" content=\"image\/webp\" \/>\n<meta name=\"twitter:card\" content=\"summary_large_image\" \/>\n<script type=\"application\/ld+json\" class=\"yoast-schema-graph\">{\"@context\":\"https:\/\/schema.org\",\"@graph\":[{\"@type\":\"WebPage\",\"@id\":\"https:\/\/www.koupelnapro.com\/index.php\/produkt\/pouze-dnes-mereo-nastavovaci-bocni-profil-pro-kouty-fantasy-mistica-ck10111hx-ck10411hx-ck801xxh-ck804xxh-55896\/\",\"url\":\"https:\/\/www.koupelnapro.com\/index.php\/produkt\/pouze-dnes-mereo-nastavovaci-bocni-profil-pro-kouty-fantasy-mistica-ck10111hx-ck10411hx-ck801xxh-ck804xxh-55896\/\",\"name\":\"Pouze Dnes Mereo Nastavovac\u00ed bo\u010dn\u00ed profil pro kouty Fantasy, Mistica CK10111Hx-CK10411Hx, CK801xxH,CK804xxH -\",\"isPartOf\":{\"@id\":\"https:\/\/www.koupelnapro.com\/#website\"},\"primaryImageOfPage\":{\"@id\":\"https:\/\/www.koupelnapro.com\/index.php\/produkt\/pouze-dnes-mereo-nastavovaci-bocni-profil-pro-kouty-fantasy-mistica-ck10111hx-ck10411hx-ck801xxh-ck804xxh-55896\/#primaryimage\"},\"image\":{\"@id\":\"https:\/\/www.koupelnapro.com\/index.php\/produkt\/pouze-dnes-mereo-nastavovaci-bocni-profil-pro-kouty-fantasy-mistica-ck10111hx-ck10411hx-ck801xxh-ck804xxh-55896\/#primaryimage\"},\"thumbnailUrl\":\"https:\/\/www.koupelnapro.com\/wp-content\/uploads\/2026\/SK0002951-CZ20260425-093531-0-1777080932-4478412c2d1fa4fc2c77c86ba3d2b500-cknd250h-jpg-2023-12-08-12.webp\",\"datePublished\":\"2026-04-26T09:17:12+00:00\",\"breadcrumb\":{\"@id\":\"https:\/\/www.koupelnapro.com\/index.php\/produkt\/pouze-dnes-mereo-nastavovaci-bocni-profil-pro-kouty-fantasy-mistica-ck10111hx-ck10411hx-ck801xxh-ck804xxh-55896\/#breadcrumb\"},\"inLanguage\":\"cs\",\"potentialAction\":[{\"@type\":\"ReadAction\",\"target\":[\"https:\/\/www.koupelnapro.com\/index.php\/produkt\/pouze-dnes-mereo-nastavovaci-bocni-profil-pro-kouty-fantasy-mistica-ck10111hx-ck10411hx-ck801xxh-ck804xxh-55896\/\"]}]},{\"@type\":\"ImageObject\",\"inLanguage\":\"cs\",\"@id\":\"https:\/\/www.koupelnapro.com\/index.php\/produkt\/pouze-dnes-mereo-nastavovaci-bocni-profil-pro-kouty-fantasy-mistica-ck10111hx-ck10411hx-ck801xxh-ck804xxh-55896\/#primaryimage\",\"url\":\"https:\/\/www.koupelnapro.com\/wp-content\/uploads\/2026\/SK0002951-CZ20260425-093531-0-1777080932-4478412c2d1fa4fc2c77c86ba3d2b500-cknd250h-jpg-2023-12-08-12.webp\",\"contentUrl\":\"https:\/\/www.koupelnapro.com\/wp-content\/uploads\/2026\/SK0002951-CZ20260425-093531-0-1777080932-4478412c2d1fa4fc2c77c86ba3d2b500-cknd250h-jpg-2023-12-08-12.webp\",\"width\":800,\"height\":800},{\"@type\":\"BreadcrumbList\",\"@id\":\"https:\/\/www.koupelnapro.com\/index.php\/produkt\/pouze-dnes-mereo-nastavovaci-bocni-profil-pro-kouty-fantasy-mistica-ck10111hx-ck10411hx-ck801xxh-ck804xxh-55896\/#breadcrumb\",\"itemListElement\":[{\"@type\":\"ListItem\",\"position\":1,\"name\":\"Home\",\"item\":\"https:\/\/www.koupelnapro.com\/\"},{\"@type\":\"ListItem\",\"position\":2,\"name\":\"Products\",\"item\":\"https:\/\/www.koupelnapro.com\/products\/\"},{\"@type\":\"ListItem\",\"position\":3,\"name\":\"Pouze Dnes Mereo Nastavovac\u00ed bo\u010dn\u00ed profil pro kouty Fantasy, Mistica CK10111Hx-CK10411Hx, CK801xxH,CK804xxH\"}]},{\"@type\":\"WebSite\",\"@id\":\"https:\/\/www.koupelnapro.com\/#website\",\"url\":\"https:\/\/www.koupelnapro.com\/\",\"name\":\"\",\"description\":\"\",\"potentialAction\":[{\"@type\":\"SearchAction\",\"target\":{\"@type\":\"EntryPoint\",\"urlTemplate\":\"https:\/\/www.koupelnapro.com\/?s={search_term_string}\"},\"query-input\":{\"@type\":\"PropertyValueSpecification\",\"valueRequired\":true,\"valueName\":\"search_term_string\"}}],\"inLanguage\":\"cs\"}]}<\/script>\n<!-- \/ Yoast SEO plugin. -->","yoast_head_json":{"title":"Pouze Dnes Mereo Nastavovac\u00ed bo\u010dn\u00ed profil pro kouty Fantasy, Mistica CK10111Hx-CK10411Hx, CK801xxH,CK804xxH -","robots":{"index":"index","follow":"follow","max-snippet":"max-snippet:-1","max-image-preview":"max-image-preview:large","max-video-preview":"max-video-preview:-1"},"canonical":"https:\/\/www.koupelnapro.com\/index.php\/produkt\/pouze-dnes-mereo-nastavovaci-bocni-profil-pro-kouty-fantasy-mistica-ck10111hx-ck10411hx-ck801xxh-ck804xxh-55896\/","og_locale":"cs_CZ","og_type":"article","og_title":"Pouze Dnes Mereo Nastavovac\u00ed bo\u010dn\u00ed profil pro kouty Fantasy, Mistica CK10111Hx-CK10411Hx, CK801xxH,CK804xxH -","og_description":"Nastavovac\u00ed bo\u010dn\u00ed profil pro kouty Fantasy a Mistica pro CK10111Hx-CK10411Hx, CK801xxH,CK804xxH, CK809xxH, 25 mm, chrom ALU, v\u00fd\u0161ky 190 cm slou\u017e\u00ed k nastaven\u00ed profil\u016f dve\u0159\u00ed. Pomoc\u00ed tohoto nastavovac\u00edho profil\u016f dojde k roz\u0161\u00ed\u0159en\u00ed \u0161\u00ed\u0159ky dve\u0159\u00ed o 25 mm. Slou\u017e\u00ed pro nastaven\u00ed profil\u016f u dve\u0159\u00ed CK70101H, CK70104H, CK10111HLR, CK10211HLR, CK10311H, CK10411HLR a v\u0161ech chromov\u00fdch dve\u0159\u00ed \u0159ady Mistica (zalamovac\u00ed, [&hellip;]","og_url":"https:\/\/www.koupelnapro.com\/index.php\/produkt\/pouze-dnes-mereo-nastavovaci-bocni-profil-pro-kouty-fantasy-mistica-ck10111hx-ck10411hx-ck801xxh-ck804xxh-55896\/","og_image":[{"width":800,"height":800,"url":"https:\/\/www.koupelnapro.com\/wp-content\/uploads\/2026\/SK0002951-CZ20260425-093531-0-1777080932-4478412c2d1fa4fc2c77c86ba3d2b500-cknd250h-jpg-2023-12-08-12.webp","type":"image\/webp"}],"twitter_card":"summary_large_image","schema":{"@context":"https:\/\/schema.org","@graph":[{"@type":"WebPage","@id":"https:\/\/www.koupelnapro.com\/index.php\/produkt\/pouze-dnes-mereo-nastavovaci-bocni-profil-pro-kouty-fantasy-mistica-ck10111hx-ck10411hx-ck801xxh-ck804xxh-55896\/","url":"https:\/\/www.koupelnapro.com\/index.php\/produkt\/pouze-dnes-mereo-nastavovaci-bocni-profil-pro-kouty-fantasy-mistica-ck10111hx-ck10411hx-ck801xxh-ck804xxh-55896\/","name":"Pouze Dnes Mereo Nastavovac\u00ed bo\u010dn\u00ed profil pro kouty Fantasy, Mistica CK10111Hx-CK10411Hx, CK801xxH,CK804xxH -","isPartOf":{"@id":"https:\/\/www.koupelnapro.com\/#website"},"primaryImageOfPage":{"@id":"https:\/\/www.koupelnapro.com\/index.php\/produkt\/pouze-dnes-mereo-nastavovaci-bocni-profil-pro-kouty-fantasy-mistica-ck10111hx-ck10411hx-ck801xxh-ck804xxh-55896\/#primaryimage"},"image":{"@id":"https:\/\/www.koupelnapro.com\/index.php\/produkt\/pouze-dnes-mereo-nastavovaci-bocni-profil-pro-kouty-fantasy-mistica-ck10111hx-ck10411hx-ck801xxh-ck804xxh-55896\/#primaryimage"},"thumbnailUrl":"https:\/\/www.koupelnapro.com\/wp-content\/uploads\/2026\/SK0002951-CZ20260425-093531-0-1777080932-4478412c2d1fa4fc2c77c86ba3d2b500-cknd250h-jpg-2023-12-08-12.webp","datePublished":"2026-04-26T09:17:12+00:00","breadcrumb":{"@id":"https:\/\/www.koupelnapro.com\/index.php\/produkt\/pouze-dnes-mereo-nastavovaci-bocni-profil-pro-kouty-fantasy-mistica-ck10111hx-ck10411hx-ck801xxh-ck804xxh-55896\/#breadcrumb"},"inLanguage":"cs","potentialAction":[{"@type":"ReadAction","target":["https:\/\/www.koupelnapro.com\/index.php\/produkt\/pouze-dnes-mereo-nastavovaci-bocni-profil-pro-kouty-fantasy-mistica-ck10111hx-ck10411hx-ck801xxh-ck804xxh-55896\/"]}]},{"@type":"ImageObject","inLanguage":"cs","@id":"https:\/\/www.koupelnapro.com\/index.php\/produkt\/pouze-dnes-mereo-nastavovaci-bocni-profil-pro-kouty-fantasy-mistica-ck10111hx-ck10411hx-ck801xxh-ck804xxh-55896\/#primaryimage","url":"https:\/\/www.koupelnapro.com\/wp-content\/uploads\/2026\/SK0002951-CZ20260425-093531-0-1777080932-4478412c2d1fa4fc2c77c86ba3d2b500-cknd250h-jpg-2023-12-08-12.webp","contentUrl":"https:\/\/www.koupelnapro.com\/wp-content\/uploads\/2026\/SK0002951-CZ20260425-093531-0-1777080932-4478412c2d1fa4fc2c77c86ba3d2b500-cknd250h-jpg-2023-12-08-12.webp","width":800,"height":800},{"@type":"BreadcrumbList","@id":"https:\/\/www.koupelnapro.com\/index.php\/produkt\/pouze-dnes-mereo-nastavovaci-bocni-profil-pro-kouty-fantasy-mistica-ck10111hx-ck10411hx-ck801xxh-ck804xxh-55896\/#breadcrumb","itemListElement":[{"@type":"ListItem","position":1,"name":"Home","item":"https:\/\/www.koupelnapro.com\/"},{"@type":"ListItem","position":2,"name":"Products","item":"https:\/\/www.koupelnapro.com\/products\/"},{"@type":"ListItem","position":3,"name":"Pouze Dnes Mereo Nastavovac\u00ed bo\u010dn\u00ed profil pro kouty Fantasy, Mistica CK10111Hx-CK10411Hx, CK801xxH,CK804xxH"}]},{"@type":"WebSite","@id":"https:\/\/www.koupelnapro.com\/#website","url":"https:\/\/www.koupelnapro.com\/","name":"","description":"","potentialAction":[{"@type":"SearchAction","target":{"@type":"EntryPoint","urlTemplate":"https:\/\/www.koupelnapro.com\/?s={search_term_string}"},"query-input":{"@type":"PropertyValueSpecification","valueRequired":true,"valueName":"search_term_string"}}],"inLanguage":"cs"}]}},"_links":{"self":[{"href":"https:\/\/www.koupelnapro.com\/wp-json\/wp\/v2\/product\/55896","targetHints":{"allow":["GET"]}}],"collection":[{"href":"https:\/\/www.koupelnapro.com\/wp-json\/wp\/v2\/product"}],"about":[{"href":"https:\/\/www.koupelnapro.com\/wp-json\/wp\/v2\/types\/product"}],"replies":[{"embeddable":true,"href":"https:\/\/www.koupelnapro.com\/wp-json\/wp\/v2\/comments?post=55896"}],"wp:featuredmedia":[{"embeddable":true,"href":"https:\/\/www.koupelnapro.com\/wp-json\/wp\/v2\/media\/55996"}],"wp:attachment":[{"href":"https:\/\/www.koupelnapro.com\/wp-json\/wp\/v2\/media?parent=55896"}],"wp:term":[{"taxonomy":"product_brand","embeddable":true,"href":"https:\/\/www.koupelnapro.com\/wp-json\/wp\/v2\/product_brand?post=55896"},{"taxonomy":"product_cat","embeddable":true,"href":"https:\/\/www.koupelnapro.com\/wp-json\/wp\/v2\/product_cat?post=55896"},{"taxonomy":"product_tag","embeddable":true,"href":"https:\/\/www.koupelnapro.com\/wp-json\/wp\/v2\/product_tag?post=55896"}],"curies":[{"name":"wp","href":"https:\/\/api.w.org\/{rel}","templated":true}]}}