{"id":55779,"date":"2026-04-26T09:17:11","date_gmt":"2026-04-26T09:17:11","guid":{"rendered":""},"modified":"2026-04-26T09:17:11","modified_gmt":"2026-04-26T09:17:11","slug":"vikendova-akce-mereo-nahradni-sprchove-dvere-litaci-leve-pro-ck80533k-55779","status":"publish","type":"product","link":"https:\/\/www.koupelnapro.com\/produkt\/vikendova-akce-mereo-nahradni-sprchove-dvere-litaci-leve-pro-ck80533k-55779\/","title":{"rendered":"V\u00edkendov\u00e1 Akce Mereo N\u00e1hradn\u00ed sprchov\u00e9 dve\u0159e l\u00edtac\u00ed, lev\u00e9, pro CK80533K"},"content":{"rendered":"<p>                N\u00e1hradn\u00ed sklo pro LIMA sprchov\u00e9 dve\u0159e l\u00edtac\u00ed 100 cm. Balen\u00ed obsahuje sklo se zvedac\u00edm profilem. Sklo je opat\u0159eno povrchovou \u00fapravou EASY CLEAN.            <\/div>\n<div id=\"parametes\">\n<div class=\"param-wrapper\">\n<div class=\"param-item\">        \t        <span>Typ<\/span>        \t        <strong>        \t                N\u00e1hradn\u00ed d\u00edl            \t    <\/strong>        \t    <\/div>\n<div class=\"param-item\">        \t        <span>Barva<\/span>        \t        <strong>        \t                Chrom            \t    <\/strong>        \t    <\/div>\n<div class=\"param-item\">        \t        <span>S\u00e9rie<\/span>        \t        <strong>        \t                Lima            \t    <\/strong>        \t    <\/div>\n<div class=\"param-item\">        \t        <span>Sklo<\/span>        \t        <strong>        \t                \u010cir\u00e9            \t    <\/strong>        \t    <\/div>\n<div class=\"param-item\">        \t        <span>Proveden\u00ed<\/span>        \t        <strong>        \t                L\/P univers\u00e1ln\u00ed            \t    <\/strong>        \t    <\/div>\n<div class=\"param-item\">        \t        <span>Tlou\u0161\u0165ka skla<\/span>        \t        <strong>        \t                6 mm            \t    <\/strong>        \t    <\/div>\n<div class=\"param-item\">        \t        <span>Zp\u016fsob otev\u00edr\u00e1n\u00ed<\/span>        \t        <strong>        \t                L\u00edtac\u00ed            \t    <\/strong>        \t    <\/div>\n<div class=\"param-item\">        \t        <span>Konstrukce<\/span>        \t        <strong>        \t                Dve\u0159e            \t    <\/strong>        \t    <\/div>\n<div class=\"param-item\">        \t        <span>Stavitelnost<\/span>        \t        <strong>        \t                980 &#8211; 1005            \t    <\/strong>        \t    <\/div>\n<div class=\"param-item\">        \t        <span>\u0160\u00ed\u0159ka<\/span>        \t        <strong>        \t                1000 mm            \t    <\/strong>        \t    <\/div>\n<div class=\"param-item\">        \t        <span>Hloubka<\/span>        \t        <strong>        \t                6 mm            \t    <\/strong>        \t    <\/div>\n<div class=\"param-item\">        \t        <span>D\u00e9lka\/V\u00fd\u0161ka<\/span>        \t        <strong>        \t                1900 mm            \t    <\/strong>        \t    <\/div>\n<div class=\"param-item\">        \t        <span>Vstupn\u00ed otvor<\/span>        \t        <strong>        \t                870            \t    <\/strong>        \t    <\/div>\n<div class=\"param-item\">        \t        <span>Ochrann\u00e1 vrstva skla<\/span>        \t        <strong>        \t                EASY CLEAN            \t    <\/strong>        \t    <\/div>\n<\/p><\/div>\n<\/p><\/div>\n<div id=\"download\">\n<div class=\"downloads-wrapper underline\">                    \t    <i class=\"icon-download\" aria-hidden=\"true\"><\/i><span> N\u00e1hradn\u00ed d\u00edly Lima, dve\u0159e dvouk\u0159\u00edldl\u00e9 l\u00edtac\u00ed.pdf<\/span>                    \t    <i class=\"icon-download\" aria-hidden=\"true\"><\/i><span><\/span>                \t<\/div>\n<\/p><\/div>\n<\/p><\/div>\n<\/p><\/div>\n<\/p><\/div>\n<\/div>\n","protected":false},"excerpt":{"rendered":"<p>N\u00e1hradn\u00ed sklo pro LIMA sprchov\u00e9 dve\u0159e l\u00edtac\u00ed 100 cm. Balen\u00ed obsahuje sklo se zvedac\u00edm profilem. Sklo je opat\u0159eno povrchovou \u00fapravou EASY CLEAN. Typ N\u00e1hradn\u00ed d\u00edl Barva Chrom S\u00e9rie Lima Sklo \u010cir\u00e9 Proveden\u00ed L\/P univers\u00e1ln\u00ed Tlou\u0161\u0165ka skla 6 mm Zp\u016fsob otev\u00edr\u00e1n\u00ed L\u00edtac\u00ed Konstrukce Dve\u0159e Stavitelnost 980 &#8211; 1005 \u0160\u00ed\u0159ka 1000 mm Hloubka 6 mm D\u00e9lka\/V\u00fd\u0161ka 1900 [&hellip;]<\/p>\n","protected":false},"featured_media":55879,"comment_status":"open","ping_status":"open","template":"","meta":[],"product_brand":[],"product_cat":[189],"product_tag":[],"class_list":{"0":"post-55779","1":"product","2":"type-product","3":"status-publish","4":"has-post-thumbnail","6":"product_cat-sprchove-kouty-a-vanicky","8":"first","9":"instock","10":"sale","11":"shipping-taxable","12":"purchasable","13":"product-type-simple"},"yoast_head":"<!-- This site is optimized with the Yoast SEO plugin v26.8 - https:\/\/yoast.com\/product\/yoast-seo-wordpress\/ -->\n<title>V\u00edkendov\u00e1 Akce Mereo N\u00e1hradn\u00ed sprchov\u00e9 dve\u0159e l\u00edtac\u00ed, lev\u00e9, pro CK80533K - Vybaven\u00ed pro d\u016fm<\/title>\n<meta name=\"robots\" content=\"index, follow, max-snippet:-1, max-image-preview:large, max-video-preview:-1\" \/>\n<link rel=\"canonical\" href=\"https:\/\/www.koupelnapro.com\/index.php\/produkt\/vikendova-akce-mereo-nahradni-sprchove-dvere-litaci-leve-pro-ck80533k-55779\/\" \/>\n<meta property=\"og:locale\" content=\"cs_CZ\" \/>\n<meta property=\"og:type\" content=\"article\" \/>\n<meta property=\"og:title\" content=\"V\u00edkendov\u00e1 Akce Mereo N\u00e1hradn\u00ed sprchov\u00e9 dve\u0159e l\u00edtac\u00ed, lev\u00e9, pro CK80533K - Vybaven\u00ed pro d\u016fm\" \/>\n<meta property=\"og:description\" content=\"N\u00e1hradn\u00ed sklo pro LIMA sprchov\u00e9 dve\u0159e l\u00edtac\u00ed 100 cm. Balen\u00ed obsahuje sklo se zvedac\u00edm profilem. Sklo je opat\u0159eno povrchovou \u00fapravou EASY CLEAN. Typ N\u00e1hradn\u00ed d\u00edl Barva Chrom S\u00e9rie Lima Sklo \u010cir\u00e9 Proveden\u00ed L\/P univers\u00e1ln\u00ed Tlou\u0161\u0165ka skla 6 mm Zp\u016fsob otev\u00edr\u00e1n\u00ed L\u00edtac\u00ed Konstrukce Dve\u0159e Stavitelnost 980 &#8211; 1005 \u0160\u00ed\u0159ka 1000 mm Hloubka 6 mm D\u00e9lka\/V\u00fd\u0161ka 1900 [&hellip;]\" \/>\n<meta property=\"og:url\" content=\"https:\/\/www.koupelnapro.com\/index.php\/produkt\/vikendova-akce-mereo-nahradni-sprchove-dvere-litaci-leve-pro-ck80533k-55779\/\" \/>\n<meta property=\"og:site_name\" content=\"Vybaven\u00ed pro d\u016fm\" \/>\n<meta property=\"og:image\" content=\"https:\/\/www.koupelnapro.com\/wp-content\/uploads\/2026\/SK0002931-CZ20260425-093531-0-1777080932-76c5289ba2f9570a7c3f1a5a297e5082-ck80553kl-jpg-2024-04-15-0.webp\" \/>\n\t<meta property=\"og:image:width\" content=\"800\" \/>\n\t<meta property=\"og:image:height\" content=\"800\" \/>\n\t<meta property=\"og:image:type\" content=\"image\/webp\" \/>\n<meta name=\"twitter:card\" content=\"summary_large_image\" \/>\n<script type=\"application\/ld+json\" class=\"yoast-schema-graph\">{\"@context\":\"https:\/\/schema.org\",\"@graph\":[{\"@type\":\"WebPage\",\"@id\":\"https:\/\/www.koupelnapro.com\/index.php\/produkt\/vikendova-akce-mereo-nahradni-sprchove-dvere-litaci-leve-pro-ck80533k-55779\/\",\"url\":\"https:\/\/www.koupelnapro.com\/index.php\/produkt\/vikendova-akce-mereo-nahradni-sprchove-dvere-litaci-leve-pro-ck80533k-55779\/\",\"name\":\"V\u00edkendov\u00e1 Akce Mereo N\u00e1hradn\u00ed sprchov\u00e9 dve\u0159e l\u00edtac\u00ed, lev\u00e9, pro CK80533K - Vybaven\u00ed pro d\u016fm\",\"isPartOf\":{\"@id\":\"https:\/\/www.koupelnapro.com\/#website\"},\"primaryImageOfPage\":{\"@id\":\"https:\/\/www.koupelnapro.com\/index.php\/produkt\/vikendova-akce-mereo-nahradni-sprchove-dvere-litaci-leve-pro-ck80533k-55779\/#primaryimage\"},\"image\":{\"@id\":\"https:\/\/www.koupelnapro.com\/index.php\/produkt\/vikendova-akce-mereo-nahradni-sprchove-dvere-litaci-leve-pro-ck80533k-55779\/#primaryimage\"},\"thumbnailUrl\":\"https:\/\/www.koupelnapro.com\/wp-content\/uploads\/2026\/SK0002931-CZ20260425-093531-0-1777080932-76c5289ba2f9570a7c3f1a5a297e5082-ck80553kl-jpg-2024-04-15-0.webp\",\"datePublished\":\"2026-04-26T09:17:11+00:00\",\"breadcrumb\":{\"@id\":\"https:\/\/www.koupelnapro.com\/index.php\/produkt\/vikendova-akce-mereo-nahradni-sprchove-dvere-litaci-leve-pro-ck80533k-55779\/#breadcrumb\"},\"inLanguage\":\"cs\",\"potentialAction\":[{\"@type\":\"ReadAction\",\"target\":[\"https:\/\/www.koupelnapro.com\/index.php\/produkt\/vikendova-akce-mereo-nahradni-sprchove-dvere-litaci-leve-pro-ck80533k-55779\/\"]}]},{\"@type\":\"ImageObject\",\"inLanguage\":\"cs\",\"@id\":\"https:\/\/www.koupelnapro.com\/index.php\/produkt\/vikendova-akce-mereo-nahradni-sprchove-dvere-litaci-leve-pro-ck80533k-55779\/#primaryimage\",\"url\":\"https:\/\/www.koupelnapro.com\/wp-content\/uploads\/2026\/SK0002931-CZ20260425-093531-0-1777080932-76c5289ba2f9570a7c3f1a5a297e5082-ck80553kl-jpg-2024-04-15-0.webp\",\"contentUrl\":\"https:\/\/www.koupelnapro.com\/wp-content\/uploads\/2026\/SK0002931-CZ20260425-093531-0-1777080932-76c5289ba2f9570a7c3f1a5a297e5082-ck80553kl-jpg-2024-04-15-0.webp\",\"width\":800,\"height\":800},{\"@type\":\"BreadcrumbList\",\"@id\":\"https:\/\/www.koupelnapro.com\/index.php\/produkt\/vikendova-akce-mereo-nahradni-sprchove-dvere-litaci-leve-pro-ck80533k-55779\/#breadcrumb\",\"itemListElement\":[{\"@type\":\"ListItem\",\"position\":1,\"name\":\"Home\",\"item\":\"https:\/\/www.koupelnapro.com\/\"},{\"@type\":\"ListItem\",\"position\":2,\"name\":\"Products\",\"item\":\"https:\/\/www.koupelnapro.com\/products\/\"},{\"@type\":\"ListItem\",\"position\":3,\"name\":\"V\u00edkendov\u00e1 Akce Mereo N\u00e1hradn\u00ed sprchov\u00e9 dve\u0159e l\u00edtac\u00ed, lev\u00e9, pro CK80533K\"}]},{\"@type\":\"WebSite\",\"@id\":\"https:\/\/www.koupelnapro.com\/#website\",\"url\":\"https:\/\/www.koupelnapro.com\/\",\"name\":\"Vybaven\u00ed pro d\u016fm\",\"description\":\"Vybaven\u00ed pro d\u016fm\",\"publisher\":{\"@id\":\"https:\/\/www.koupelnapro.com\/#organization\"},\"potentialAction\":[{\"@type\":\"SearchAction\",\"target\":{\"@type\":\"EntryPoint\",\"urlTemplate\":\"https:\/\/www.koupelnapro.com\/?s={search_term_string}\"},\"query-input\":{\"@type\":\"PropertyValueSpecification\",\"valueRequired\":true,\"valueName\":\"search_term_string\"}}],\"inLanguage\":\"cs\"},{\"@type\":\"Organization\",\"@id\":\"https:\/\/www.koupelnapro.com\/#organization\",\"name\":\"Vybaven\u00ed pro d\u016fm\",\"url\":\"https:\/\/www.koupelnapro.com\/\",\"logo\":{\"@type\":\"ImageObject\",\"inLanguage\":\"cs\",\"@id\":\"https:\/\/www.koupelnapro.com\/#\/schema\/logo\/image\/\",\"url\":\"https:\/\/www.koupelnapro.com\/wp-content\/uploads\/2026\/04\/koupelnapro-logo-deep-green.svg\",\"contentUrl\":\"https:\/\/www.koupelnapro.com\/wp-content\/uploads\/2026\/04\/koupelnapro-logo-deep-green.svg\",\"width\":920,\"height\":160,\"caption\":\"Vybaven\u00ed pro d\u016fm\"},\"image\":{\"@id\":\"https:\/\/www.koupelnapro.com\/#\/schema\/logo\/image\/\"}}]}<\/script>\n<!-- \/ Yoast SEO plugin. -->","yoast_head_json":{"title":"V\u00edkendov\u00e1 Akce Mereo N\u00e1hradn\u00ed sprchov\u00e9 dve\u0159e l\u00edtac\u00ed, lev\u00e9, pro CK80533K - Vybaven\u00ed pro d\u016fm","robots":{"index":"index","follow":"follow","max-snippet":"max-snippet:-1","max-image-preview":"max-image-preview:large","max-video-preview":"max-video-preview:-1"},"canonical":"https:\/\/www.koupelnapro.com\/index.php\/produkt\/vikendova-akce-mereo-nahradni-sprchove-dvere-litaci-leve-pro-ck80533k-55779\/","og_locale":"cs_CZ","og_type":"article","og_title":"V\u00edkendov\u00e1 Akce Mereo N\u00e1hradn\u00ed sprchov\u00e9 dve\u0159e l\u00edtac\u00ed, lev\u00e9, pro CK80533K - Vybaven\u00ed pro d\u016fm","og_description":"N\u00e1hradn\u00ed sklo pro LIMA sprchov\u00e9 dve\u0159e l\u00edtac\u00ed 100 cm. Balen\u00ed obsahuje sklo se zvedac\u00edm profilem. Sklo je opat\u0159eno povrchovou \u00fapravou EASY CLEAN. Typ N\u00e1hradn\u00ed d\u00edl Barva Chrom S\u00e9rie Lima Sklo \u010cir\u00e9 Proveden\u00ed L\/P univers\u00e1ln\u00ed Tlou\u0161\u0165ka skla 6 mm Zp\u016fsob otev\u00edr\u00e1n\u00ed L\u00edtac\u00ed Konstrukce Dve\u0159e Stavitelnost 980 &#8211; 1005 \u0160\u00ed\u0159ka 1000 mm Hloubka 6 mm D\u00e9lka\/V\u00fd\u0161ka 1900 [&hellip;]","og_url":"https:\/\/www.koupelnapro.com\/index.php\/produkt\/vikendova-akce-mereo-nahradni-sprchove-dvere-litaci-leve-pro-ck80533k-55779\/","og_site_name":"Vybaven\u00ed pro d\u016fm","og_image":[{"width":800,"height":800,"url":"https:\/\/www.koupelnapro.com\/wp-content\/uploads\/2026\/SK0002931-CZ20260425-093531-0-1777080932-76c5289ba2f9570a7c3f1a5a297e5082-ck80553kl-jpg-2024-04-15-0.webp","type":"image\/webp"}],"twitter_card":"summary_large_image","schema":{"@context":"https:\/\/schema.org","@graph":[{"@type":"WebPage","@id":"https:\/\/www.koupelnapro.com\/index.php\/produkt\/vikendova-akce-mereo-nahradni-sprchove-dvere-litaci-leve-pro-ck80533k-55779\/","url":"https:\/\/www.koupelnapro.com\/index.php\/produkt\/vikendova-akce-mereo-nahradni-sprchove-dvere-litaci-leve-pro-ck80533k-55779\/","name":"V\u00edkendov\u00e1 Akce Mereo N\u00e1hradn\u00ed sprchov\u00e9 dve\u0159e l\u00edtac\u00ed, lev\u00e9, pro CK80533K - Vybaven\u00ed pro d\u016fm","isPartOf":{"@id":"https:\/\/www.koupelnapro.com\/#website"},"primaryImageOfPage":{"@id":"https:\/\/www.koupelnapro.com\/index.php\/produkt\/vikendova-akce-mereo-nahradni-sprchove-dvere-litaci-leve-pro-ck80533k-55779\/#primaryimage"},"image":{"@id":"https:\/\/www.koupelnapro.com\/index.php\/produkt\/vikendova-akce-mereo-nahradni-sprchove-dvere-litaci-leve-pro-ck80533k-55779\/#primaryimage"},"thumbnailUrl":"https:\/\/www.koupelnapro.com\/wp-content\/uploads\/2026\/SK0002931-CZ20260425-093531-0-1777080932-76c5289ba2f9570a7c3f1a5a297e5082-ck80553kl-jpg-2024-04-15-0.webp","datePublished":"2026-04-26T09:17:11+00:00","breadcrumb":{"@id":"https:\/\/www.koupelnapro.com\/index.php\/produkt\/vikendova-akce-mereo-nahradni-sprchove-dvere-litaci-leve-pro-ck80533k-55779\/#breadcrumb"},"inLanguage":"cs","potentialAction":[{"@type":"ReadAction","target":["https:\/\/www.koupelnapro.com\/index.php\/produkt\/vikendova-akce-mereo-nahradni-sprchove-dvere-litaci-leve-pro-ck80533k-55779\/"]}]},{"@type":"ImageObject","inLanguage":"cs","@id":"https:\/\/www.koupelnapro.com\/index.php\/produkt\/vikendova-akce-mereo-nahradni-sprchove-dvere-litaci-leve-pro-ck80533k-55779\/#primaryimage","url":"https:\/\/www.koupelnapro.com\/wp-content\/uploads\/2026\/SK0002931-CZ20260425-093531-0-1777080932-76c5289ba2f9570a7c3f1a5a297e5082-ck80553kl-jpg-2024-04-15-0.webp","contentUrl":"https:\/\/www.koupelnapro.com\/wp-content\/uploads\/2026\/SK0002931-CZ20260425-093531-0-1777080932-76c5289ba2f9570a7c3f1a5a297e5082-ck80553kl-jpg-2024-04-15-0.webp","width":800,"height":800},{"@type":"BreadcrumbList","@id":"https:\/\/www.koupelnapro.com\/index.php\/produkt\/vikendova-akce-mereo-nahradni-sprchove-dvere-litaci-leve-pro-ck80533k-55779\/#breadcrumb","itemListElement":[{"@type":"ListItem","position":1,"name":"Home","item":"https:\/\/www.koupelnapro.com\/"},{"@type":"ListItem","position":2,"name":"Products","item":"https:\/\/www.koupelnapro.com\/products\/"},{"@type":"ListItem","position":3,"name":"V\u00edkendov\u00e1 Akce Mereo N\u00e1hradn\u00ed sprchov\u00e9 dve\u0159e l\u00edtac\u00ed, lev\u00e9, pro CK80533K"}]},{"@type":"WebSite","@id":"https:\/\/www.koupelnapro.com\/#website","url":"https:\/\/www.koupelnapro.com\/","name":"Vybaven\u00ed pro d\u016fm","description":"Vybaven\u00ed pro d\u016fm","publisher":{"@id":"https:\/\/www.koupelnapro.com\/#organization"},"potentialAction":[{"@type":"SearchAction","target":{"@type":"EntryPoint","urlTemplate":"https:\/\/www.koupelnapro.com\/?s={search_term_string}"},"query-input":{"@type":"PropertyValueSpecification","valueRequired":true,"valueName":"search_term_string"}}],"inLanguage":"cs"},{"@type":"Organization","@id":"https:\/\/www.koupelnapro.com\/#organization","name":"Vybaven\u00ed pro d\u016fm","url":"https:\/\/www.koupelnapro.com\/","logo":{"@type":"ImageObject","inLanguage":"cs","@id":"https:\/\/www.koupelnapro.com\/#\/schema\/logo\/image\/","url":"https:\/\/www.koupelnapro.com\/wp-content\/uploads\/2026\/04\/koupelnapro-logo-deep-green.svg","contentUrl":"https:\/\/www.koupelnapro.com\/wp-content\/uploads\/2026\/04\/koupelnapro-logo-deep-green.svg","width":920,"height":160,"caption":"Vybaven\u00ed pro d\u016fm"},"image":{"@id":"https:\/\/www.koupelnapro.com\/#\/schema\/logo\/image\/"}}]}},"_links":{"self":[{"href":"https:\/\/www.koupelnapro.com\/wp-json\/wp\/v2\/product\/55779","targetHints":{"allow":["GET"]}}],"collection":[{"href":"https:\/\/www.koupelnapro.com\/wp-json\/wp\/v2\/product"}],"about":[{"href":"https:\/\/www.koupelnapro.com\/wp-json\/wp\/v2\/types\/product"}],"replies":[{"embeddable":true,"href":"https:\/\/www.koupelnapro.com\/wp-json\/wp\/v2\/comments?post=55779"}],"wp:featuredmedia":[{"embeddable":true,"href":"https:\/\/www.koupelnapro.com\/wp-json\/wp\/v2\/media\/55879"}],"wp:attachment":[{"href":"https:\/\/www.koupelnapro.com\/wp-json\/wp\/v2\/media?parent=55779"}],"wp:term":[{"taxonomy":"product_brand","embeddable":true,"href":"https:\/\/www.koupelnapro.com\/wp-json\/wp\/v2\/product_brand?post=55779"},{"taxonomy":"product_cat","embeddable":true,"href":"https:\/\/www.koupelnapro.com\/wp-json\/wp\/v2\/product_cat?post=55779"},{"taxonomy":"product_tag","embeddable":true,"href":"https:\/\/www.koupelnapro.com\/wp-json\/wp\/v2\/product_tag?post=55779"}],"curies":[{"name":"wp","href":"https:\/\/api.w.org\/{rel}","templated":true}]}}