{"id":55159,"date":"2026-04-26T09:17:08","date_gmt":"2026-04-26T09:17:08","guid":{"rendered":""},"modified":"2026-04-26T09:17:08","modified_gmt":"2026-04-26T09:17:08","slug":"znackovy-p-m-h-kronos-kr1w-600-800-55159","status":"publish","type":"product","link":"https:\/\/www.koupelnapro.com\/index.php\/produkt\/znackovy-p-m-h-kronos-kr1w-600-800-55159\/","title":{"rendered":"Zna\u010dkov\u00fd P.M.H. KRONOS KR1W 600\/ 800"},"content":{"rendered":"<div id=\"e7612998\" class=\"pages\">\n<div>\n<div id=\"PDDescription\" class=\"UserContentView userContent v1a v1 bs-view dcon dc159 PDDescription\" ><dc-con><dc-con><bs-empty><\/bs-empty><\/dc-con><dc-con>        <\/p>\n<div class=\"customDescription\">\n<p> <strong>Obr\u00e1zek radi\u00e1toru je pouze ilustra\u010dn\u00ed, radi\u00e1tor je dod\u00e1v\u00e1n bez p\u0159ipojen\u00ed, armatury a termostatick\u00e9 hlavice!!<\/strong><\/p>\n<\/p><\/div>\n<p><\/dc-con><dc-con><\/p>\n<p>Rovn\u00e9<\/p>\n<p><strong><span style=\"color: #ff0000;\">Na v\u0161echny koupelnov\u00e9 radi\u00e1tory zna\u010dky P.M.H. po\u017eadujeme 50% z\u00e1lohu!!<\/span><\/strong><\/p>\n<p><\/dc-con><\/dc-con><\/div>\n<div id=\"PDDescription2\" class=\"UserContentView userContent v1a v1 bs-view dcon dc160 PDDescription2\" >\n<p><span style=\"font-weight: bold;\">Kronos 600 x 800 mm &#8211; B\u00edl\u00fd<br \/><\/span><br \/>Kronos znamen\u00e1 zm\u011bnu pro va\u0161\u00ed koupelnu. Konstrukce tohoto radi\u00e1toru nab\u00edz\u00ed v\u00fdhodu jednoduch\u00e9ho zav\u011b\u0161en\u00ed<br \/>ru\u010dn\u00edk\u016f ze strany. Na 2 svisl\u00e9 trubky o rozm\u011brech 50 x 30 mm navazuj\u00ed p\u0159\u00ed\u010dn\u00e9 trubky o pr\u016fm\u011bru 26 mm<br \/>s nen\u00e1padn\u00fdm 3-bodov\u00fdm syst\u00e9mem uchycen\u00ed na st\u011bnu. P\u0159ipojovac\u00ed rozte\u010d je 50 mm.<\/p>\n<p>Uv\u00e1d\u011bn\u00fd v\u00fdkon p\u0159i 75\/65\u00b0C (W)<\/p>\n<p><img decoding=\"async\" title=\"\" style=\"width: 699px; height: 537px;\" src=\"\/\/cdn.topenilevne.cz\/data\/user-content\/tabulky radiatory\/kronos rozkres.jpg\"><\/p>\n<p><img decoding=\"async\" title=\"\" style=\"width: 692px; height: 160px;\" src=\"\/\/cdn.topenilevne.cz\/data\/user-content\/tabulky radiatory\/kronos tabulka.jpg\"><\/p>\n<\/div><\/div>\n<div id=\"PDTable3\" class=\"ProductDetailTableView v3a v3 bs-view dcon dc180 PDTable3\" >\n<table>\n<thead><\/thead>\n<tbody>\n<tr class=\"attribute attr_sirka\">\n<td class=\"caption\">\u0160\u00ed\u0159ka v mm<\/td>\n<td class=\"value\">600<\/td>\n<\/tr>\n<tr class=\"attribute attr_Vyska\">\n<td class=\"caption\">V\u00fd\u0161ka v mm<\/td>\n<td class=\"value\">800<\/td>\n<\/tr>\n<tr class=\"attribute attr_pripojeni\">\n<td class=\"caption\">P\u0159ipojen\u00ed<\/td>\n<td class=\"value\">St\u0159edov\u00e9<\/td>\n<\/tr>\n<tr class=\"attribute attr_Novy attr_atribut attr_rozsah attr_vykonu attr_ve attr_W\">\n<td class=\"caption\">Rozsah v\u00fdkonu ve W<\/td>\n<td class=\"value\">400 &#8211; 500<\/td>\n<\/tr>\n<tr class=\"attribute attr_vyrobce\">\n<td class=\"caption\">V\u00fdrobce<\/td>\n<td class=\"value\">PMH<\/td>\n<\/tr>\n<tr class=\"attribute attr_bsshop_e1_VPrBsVykonRad\">\n<td class=\"caption\">V\u00fdkon<\/td>\n<td class=\"value\">300.00<\/td>\n<\/tr>\n<tr class=\"weight\">\n<td class=\"caption\"><span>Hmotnost<\/span><\/td>\n<td class=\"value\"><span>9,20 kg<\/span><\/td>\n<\/tr>\n<\/tbody>\n<\/table>\n<\/div>\n<div id=\"PdProductGpsr\" class=\"ProductGpsrView v1a v1 bs-view dcon dc212 PdProductGpsr\" >\n<div class=\"subject\"><dc-root class=\"dcon dc214\"><span class=\"title\">Zodpov\u011bdn&#253; subjekt:<\/span><dc-con><dc-con><span class=\"company\">P.M.H. Design s.r.o.<\/span><span class=\"name\">P.M.H. Design<\/span><\/dc-con><dc-con><span class=\"street\">P\u0159&#237;se\u010dn&#225; 556<\/span><span class=\"city\">\u010cesk&#253; Krumlov<\/span><span class=\"zip\">381 01<\/span><span class=\"country\">\u010cesko<\/span><\/dc-con><span class=\"email\">info@pmh-co.cz<\/span><span class=\"phone\">380 711 237<\/span><bs-empty><\/bs-empty><a href=\"https:\/\/www.pmh-co.eu\/\" class=\"link\" target=\"_blank\">https:\/\/www.pmh-co.eu\/<\/a><\/dc-con><bs-empty><\/bs-empty><\/dc-root><\/div>\n<p><bs-empty><\/bs-empty><\/div>\n<\/div>\n<div id=\"e7612999\" class=\"tabs\">\n","protected":false},"excerpt":{"rendered":"<p>Obr\u00e1zek radi\u00e1toru je pouze ilustra\u010dn\u00ed, radi\u00e1tor je dod\u00e1v\u00e1n bez p\u0159ipojen\u00ed, armatury a termostatick\u00e9 hlavice!! Rovn\u00e9 Na v\u0161echny koupelnov\u00e9 radi\u00e1tory zna\u010dky P.M.H. po\u017eadujeme 50% z\u00e1lohu!! Kronos 600 x 800 mm &#8211; B\u00edl\u00fdKronos znamen\u00e1 zm\u011bnu pro va\u0161\u00ed koupelnu. Konstrukce tohoto radi\u00e1toru nab\u00edz\u00ed v\u00fdhodu jednoduch\u00e9ho zav\u011b\u0161en\u00edru\u010dn\u00edk\u016f ze strany. Na 2 svisl\u00e9 trubky o rozm\u011brech 50 x 30 mm [&hellip;]<\/p>\n","protected":false},"featured_media":55259,"comment_status":"open","ping_status":"open","template":"","meta":[],"product_brand":[],"product_cat":[173],"product_tag":[],"class_list":{"0":"post-55159","1":"product","2":"type-product","3":"status-publish","4":"has-post-thumbnail","6":"product_cat-radi-225-tory","8":"first","9":"instock","10":"sale","11":"shipping-taxable","12":"purchasable","13":"product-type-simple"},"yoast_head":"<!-- This site is optimized with the Yoast SEO plugin v26.8 - https:\/\/yoast.com\/product\/yoast-seo-wordpress\/ -->\n<title>Zna\u010dkov\u00fd P.M.H. KRONOS KR1W 600\/ 800 -<\/title>\n<meta name=\"robots\" content=\"index, follow, max-snippet:-1, max-image-preview:large, max-video-preview:-1\" \/>\n<link rel=\"canonical\" href=\"https:\/\/www.koupelnapro.com\/index.php\/produkt\/znackovy-p-m-h-kronos-kr1w-600-800-55159\/\" \/>\n<meta property=\"og:locale\" content=\"cs_CZ\" \/>\n<meta property=\"og:type\" content=\"article\" \/>\n<meta property=\"og:title\" content=\"Zna\u010dkov\u00fd P.M.H. KRONOS KR1W 600\/ 800 -\" \/>\n<meta property=\"og:description\" content=\"Obr\u00e1zek radi\u00e1toru je pouze ilustra\u010dn\u00ed, radi\u00e1tor je dod\u00e1v\u00e1n bez p\u0159ipojen\u00ed, armatury a termostatick\u00e9 hlavice!! Rovn\u00e9 Na v\u0161echny koupelnov\u00e9 radi\u00e1tory zna\u010dky P.M.H. po\u017eadujeme 50% z\u00e1lohu!! Kronos 600 x 800 mm &#8211; B\u00edl\u00fdKronos znamen\u00e1 zm\u011bnu pro va\u0161\u00ed koupelnu. Konstrukce tohoto radi\u00e1toru nab\u00edz\u00ed v\u00fdhodu jednoduch\u00e9ho zav\u011b\u0161en\u00edru\u010dn\u00edk\u016f ze strany. Na 2 svisl\u00e9 trubky o rozm\u011brech 50 x 30 mm [&hellip;]\" \/>\n<meta property=\"og:url\" content=\"https:\/\/www.koupelnapro.com\/index.php\/produkt\/znackovy-p-m-h-kronos-kr1w-600-800-55159\/\" \/>\n<meta property=\"og:image\" content=\"https:\/\/www.koupelnapro.com\/wp-content\/uploads\/2026\/SK0004002-CZ20260425-093449-0-1777080895-p-m-h-kronos-kr1w-600-800.webp\" \/>\n\t<meta property=\"og:image:width\" content=\"1000\" \/>\n\t<meta property=\"og:image:height\" content=\"525\" \/>\n\t<meta property=\"og:image:type\" content=\"image\/webp\" \/>\n<meta name=\"twitter:card\" content=\"summary_large_image\" \/>\n<meta name=\"twitter:label1\" content=\"Odhadovan\u00e1 doba \u010dten\u00ed\" \/>\n\t<meta name=\"twitter:data1\" content=\"1 minuta\" \/>\n<script type=\"application\/ld+json\" class=\"yoast-schema-graph\">{\"@context\":\"https:\/\/schema.org\",\"@graph\":[{\"@type\":\"WebPage\",\"@id\":\"https:\/\/www.koupelnapro.com\/index.php\/produkt\/znackovy-p-m-h-kronos-kr1w-600-800-55159\/\",\"url\":\"https:\/\/www.koupelnapro.com\/index.php\/produkt\/znackovy-p-m-h-kronos-kr1w-600-800-55159\/\",\"name\":\"Zna\u010dkov\u00fd P.M.H. KRONOS KR1W 600\/ 800 -\",\"isPartOf\":{\"@id\":\"https:\/\/www.koupelnapro.com\/#website\"},\"primaryImageOfPage\":{\"@id\":\"https:\/\/www.koupelnapro.com\/index.php\/produkt\/znackovy-p-m-h-kronos-kr1w-600-800-55159\/#primaryimage\"},\"image\":{\"@id\":\"https:\/\/www.koupelnapro.com\/index.php\/produkt\/znackovy-p-m-h-kronos-kr1w-600-800-55159\/#primaryimage\"},\"thumbnailUrl\":\"https:\/\/www.koupelnapro.com\/wp-content\/uploads\/2026\/SK0004002-CZ20260425-093449-0-1777080895-p-m-h-kronos-kr1w-600-800.webp\",\"datePublished\":\"2026-04-26T09:17:08+00:00\",\"breadcrumb\":{\"@id\":\"https:\/\/www.koupelnapro.com\/index.php\/produkt\/znackovy-p-m-h-kronos-kr1w-600-800-55159\/#breadcrumb\"},\"inLanguage\":\"cs\",\"potentialAction\":[{\"@type\":\"ReadAction\",\"target\":[\"https:\/\/www.koupelnapro.com\/index.php\/produkt\/znackovy-p-m-h-kronos-kr1w-600-800-55159\/\"]}]},{\"@type\":\"ImageObject\",\"inLanguage\":\"cs\",\"@id\":\"https:\/\/www.koupelnapro.com\/index.php\/produkt\/znackovy-p-m-h-kronos-kr1w-600-800-55159\/#primaryimage\",\"url\":\"https:\/\/www.koupelnapro.com\/wp-content\/uploads\/2026\/SK0004002-CZ20260425-093449-0-1777080895-p-m-h-kronos-kr1w-600-800.webp\",\"contentUrl\":\"https:\/\/www.koupelnapro.com\/wp-content\/uploads\/2026\/SK0004002-CZ20260425-093449-0-1777080895-p-m-h-kronos-kr1w-600-800.webp\",\"width\":1000,\"height\":525},{\"@type\":\"BreadcrumbList\",\"@id\":\"https:\/\/www.koupelnapro.com\/index.php\/produkt\/znackovy-p-m-h-kronos-kr1w-600-800-55159\/#breadcrumb\",\"itemListElement\":[{\"@type\":\"ListItem\",\"position\":1,\"name\":\"Home\",\"item\":\"https:\/\/www.koupelnapro.com\/\"},{\"@type\":\"ListItem\",\"position\":2,\"name\":\"Products\",\"item\":\"https:\/\/www.koupelnapro.com\/index.php\/products\/\"},{\"@type\":\"ListItem\",\"position\":3,\"name\":\"Zna\u010dkov\u00fd P.M.H. KRONOS KR1W 600\/ 800\"}]},{\"@type\":\"WebSite\",\"@id\":\"https:\/\/www.koupelnapro.com\/#website\",\"url\":\"https:\/\/www.koupelnapro.com\/\",\"name\":\"\",\"description\":\"\",\"potentialAction\":[{\"@type\":\"SearchAction\",\"target\":{\"@type\":\"EntryPoint\",\"urlTemplate\":\"https:\/\/www.koupelnapro.com\/?s={search_term_string}\"},\"query-input\":{\"@type\":\"PropertyValueSpecification\",\"valueRequired\":true,\"valueName\":\"search_term_string\"}}],\"inLanguage\":\"cs\"}]}<\/script>\n<!-- \/ Yoast SEO plugin. -->","yoast_head_json":{"title":"Zna\u010dkov\u00fd P.M.H. KRONOS KR1W 600\/ 800 -","robots":{"index":"index","follow":"follow","max-snippet":"max-snippet:-1","max-image-preview":"max-image-preview:large","max-video-preview":"max-video-preview:-1"},"canonical":"https:\/\/www.koupelnapro.com\/index.php\/produkt\/znackovy-p-m-h-kronos-kr1w-600-800-55159\/","og_locale":"cs_CZ","og_type":"article","og_title":"Zna\u010dkov\u00fd P.M.H. KRONOS KR1W 600\/ 800 -","og_description":"Obr\u00e1zek radi\u00e1toru je pouze ilustra\u010dn\u00ed, radi\u00e1tor je dod\u00e1v\u00e1n bez p\u0159ipojen\u00ed, armatury a termostatick\u00e9 hlavice!! Rovn\u00e9 Na v\u0161echny koupelnov\u00e9 radi\u00e1tory zna\u010dky P.M.H. po\u017eadujeme 50% z\u00e1lohu!! Kronos 600 x 800 mm &#8211; B\u00edl\u00fdKronos znamen\u00e1 zm\u011bnu pro va\u0161\u00ed koupelnu. Konstrukce tohoto radi\u00e1toru nab\u00edz\u00ed v\u00fdhodu jednoduch\u00e9ho zav\u011b\u0161en\u00edru\u010dn\u00edk\u016f ze strany. Na 2 svisl\u00e9 trubky o rozm\u011brech 50 x 30 mm [&hellip;]","og_url":"https:\/\/www.koupelnapro.com\/index.php\/produkt\/znackovy-p-m-h-kronos-kr1w-600-800-55159\/","og_image":[{"width":1000,"height":525,"url":"https:\/\/www.koupelnapro.com\/wp-content\/uploads\/2026\/SK0004002-CZ20260425-093449-0-1777080895-p-m-h-kronos-kr1w-600-800.webp","type":"image\/webp"}],"twitter_card":"summary_large_image","twitter_misc":{"Odhadovan\u00e1 doba \u010dten\u00ed":"1 minuta"},"schema":{"@context":"https:\/\/schema.org","@graph":[{"@type":"WebPage","@id":"https:\/\/www.koupelnapro.com\/index.php\/produkt\/znackovy-p-m-h-kronos-kr1w-600-800-55159\/","url":"https:\/\/www.koupelnapro.com\/index.php\/produkt\/znackovy-p-m-h-kronos-kr1w-600-800-55159\/","name":"Zna\u010dkov\u00fd P.M.H. KRONOS KR1W 600\/ 800 -","isPartOf":{"@id":"https:\/\/www.koupelnapro.com\/#website"},"primaryImageOfPage":{"@id":"https:\/\/www.koupelnapro.com\/index.php\/produkt\/znackovy-p-m-h-kronos-kr1w-600-800-55159\/#primaryimage"},"image":{"@id":"https:\/\/www.koupelnapro.com\/index.php\/produkt\/znackovy-p-m-h-kronos-kr1w-600-800-55159\/#primaryimage"},"thumbnailUrl":"https:\/\/www.koupelnapro.com\/wp-content\/uploads\/2026\/SK0004002-CZ20260425-093449-0-1777080895-p-m-h-kronos-kr1w-600-800.webp","datePublished":"2026-04-26T09:17:08+00:00","breadcrumb":{"@id":"https:\/\/www.koupelnapro.com\/index.php\/produkt\/znackovy-p-m-h-kronos-kr1w-600-800-55159\/#breadcrumb"},"inLanguage":"cs","potentialAction":[{"@type":"ReadAction","target":["https:\/\/www.koupelnapro.com\/index.php\/produkt\/znackovy-p-m-h-kronos-kr1w-600-800-55159\/"]}]},{"@type":"ImageObject","inLanguage":"cs","@id":"https:\/\/www.koupelnapro.com\/index.php\/produkt\/znackovy-p-m-h-kronos-kr1w-600-800-55159\/#primaryimage","url":"https:\/\/www.koupelnapro.com\/wp-content\/uploads\/2026\/SK0004002-CZ20260425-093449-0-1777080895-p-m-h-kronos-kr1w-600-800.webp","contentUrl":"https:\/\/www.koupelnapro.com\/wp-content\/uploads\/2026\/SK0004002-CZ20260425-093449-0-1777080895-p-m-h-kronos-kr1w-600-800.webp","width":1000,"height":525},{"@type":"BreadcrumbList","@id":"https:\/\/www.koupelnapro.com\/index.php\/produkt\/znackovy-p-m-h-kronos-kr1w-600-800-55159\/#breadcrumb","itemListElement":[{"@type":"ListItem","position":1,"name":"Home","item":"https:\/\/www.koupelnapro.com\/"},{"@type":"ListItem","position":2,"name":"Products","item":"https:\/\/www.koupelnapro.com\/index.php\/products\/"},{"@type":"ListItem","position":3,"name":"Zna\u010dkov\u00fd P.M.H. KRONOS KR1W 600\/ 800"}]},{"@type":"WebSite","@id":"https:\/\/www.koupelnapro.com\/#website","url":"https:\/\/www.koupelnapro.com\/","name":"","description":"","potentialAction":[{"@type":"SearchAction","target":{"@type":"EntryPoint","urlTemplate":"https:\/\/www.koupelnapro.com\/?s={search_term_string}"},"query-input":{"@type":"PropertyValueSpecification","valueRequired":true,"valueName":"search_term_string"}}],"inLanguage":"cs"}]}},"_links":{"self":[{"href":"https:\/\/www.koupelnapro.com\/index.php\/wp-json\/wp\/v2\/product\/55159","targetHints":{"allow":["GET"]}}],"collection":[{"href":"https:\/\/www.koupelnapro.com\/index.php\/wp-json\/wp\/v2\/product"}],"about":[{"href":"https:\/\/www.koupelnapro.com\/index.php\/wp-json\/wp\/v2\/types\/product"}],"replies":[{"embeddable":true,"href":"https:\/\/www.koupelnapro.com\/index.php\/wp-json\/wp\/v2\/comments?post=55159"}],"wp:featuredmedia":[{"embeddable":true,"href":"https:\/\/www.koupelnapro.com\/index.php\/wp-json\/wp\/v2\/media\/55259"}],"wp:attachment":[{"href":"https:\/\/www.koupelnapro.com\/index.php\/wp-json\/wp\/v2\/media?parent=55159"}],"wp:term":[{"taxonomy":"product_brand","embeddable":true,"href":"https:\/\/www.koupelnapro.com\/index.php\/wp-json\/wp\/v2\/product_brand?post=55159"},{"taxonomy":"product_cat","embeddable":true,"href":"https:\/\/www.koupelnapro.com\/index.php\/wp-json\/wp\/v2\/product_cat?post=55159"},{"taxonomy":"product_tag","embeddable":true,"href":"https:\/\/www.koupelnapro.com\/index.php\/wp-json\/wp\/v2\/product_tag?post=55159"}],"curies":[{"name":"wp","href":"https:\/\/api.w.org\/{rel}","templated":true}]}}