{"id":54337,"date":"2026-04-26T09:17:04","date_gmt":"2026-04-26T09:17:04","guid":{"rendered":""},"modified":"2026-04-26T09:17:04","modified_gmt":"2026-04-26T09:17:04","slug":"znackovy-tesneni-prirubove-pn-16-40-dn-25-25-70x2-temafast-54337","status":"publish","type":"product","link":"https:\/\/www.koupelnapro.com\/index.php\/produkt\/znackovy-tesneni-prirubove-pn-16-40-dn-25-25-70x2-temafast-54337\/","title":{"rendered":"Zna\u010dkov\u00fd T\u011bsn\u011bn\u00ed p\u0159\u00edrubov\u00e9 PN 16-40 &#8211; DN 25 &#8211;  25\/70&#215;2 Temafast"},"content":{"rendered":"<div id=\"e7353404\" class=\"pages\">\n<div>\n<div id=\"PDDescription\" class=\"UserContentView userContent v1a v1 bs-view dcon dc159 PDDescription\" ><dc-con><dc-con><bs-empty><\/bs-empty><\/dc-con><dc-con>        <\/p>\n<div class=\"customDescription\">                    <\/div>\n<p><\/dc-con><dc-con><\/p>\n<p><strong>Bezazbestov\u00e9 t\u011bsn\u011bn\u00ed k p\u0159\u00edrubov\u00fdm armatur\u00e1m<\/strong><\/p>\n<p>Max. teplota: 210\u00b0C, Trval\u00e1 140\u00b0C\u00a0<br \/>Jmenovit\u00fd tlak: PN 10-40<\/p>\n<p>Bezazbeztov\u00e9 t\u011bsn\u011bn\u00ed pro kovov\u00e9 p\u0159\u00edruby pro horkou vodu i parn\u00ed aplikace.<\/p>\n<p><\/dc-con><\/dc-con><\/div>\n<div id=\"PDDescription2\" class=\"UserContentView userContent v1a v1 bs-view dcon dc160 PDDescription2\" >\n<p><strong>pro p\u0159\u00edruby s hrubou t\u011bsn\u00edc\u00ed li\u0161tou<\/strong><\/p>\n<table class=\"tabulka\" style=\"width: auto; height: auto; border-collapse: collapse;\">\n<tbody>\n<tr>\n<td style=\"border: 1px solid black; text-align: center;\"><strong>DN<\/strong><\/td>\n<td style=\"border: 1px solid black; text-align: center;\"><strong>PN 6<\/strong><\/td>\n<td style=\"border: 1px solid black; text-align: center;\"><strong>PN 10 &#8211; PN 16<\/strong><\/td>\n<td style=\"border: 1px solid black; text-align: center;\"><strong>PN 40<\/strong><\/td>\n<\/tr>\n<tr>\n<td style=\"border: 1px solid black; text-align: center;\"><strong>15<\/strong><\/td>\n<td style=\"border: 1px solid black; text-align: center;\">22&#215;43<\/td>\n<td style=\"border: 1px solid black; text-align: center;\">22&#215;51<\/td>\n<td style=\"border: 1px solid black; text-align: center;\">\n<p>&lt;-<\/p>\n<\/td>\n<\/tr>\n<tr>\n<td style=\"border: 1px solid black; text-align: center;\"><strong>20<\/strong><\/td>\n<td style=\"border: 1px solid black; text-align: center;\">28&#215;53<\/td>\n<td style=\"border: 1px solid black; text-align: center;\">28&#215;51<\/td>\n<td style=\"border: 1px solid black; text-align: center;\">&lt;-<\/td>\n<\/tr>\n<tr>\n<td style=\"border: 1px solid black; text-align: center;\"><strong>25<\/strong><\/td>\n<td style=\"border: 1px solid black; text-align: center;\">34&#215;63<\/td>\n<td style=\"border: 1px solid black; text-align: center;\">34&#215;61<\/td>\n<td style=\"border: 1px solid black; text-align: center;\">&lt;-<\/td>\n<\/tr>\n<tr>\n<td style=\"border: 1px solid black; text-align: center;\"><strong>32<\/strong><\/td>\n<td style=\"border: 1px solid black; text-align: center;\">43&#215;75<\/td>\n<td style=\"border: 1px solid black; text-align: center;\">43&#215;82<\/td>\n<td style=\"border: 1px solid black; text-align: center;\">&lt;-<\/td>\n<\/tr>\n<tr>\n<td style=\"border: 1px solid black; text-align: center;\"><strong>40<\/strong><\/td>\n<td style=\"border: 1px solid black; text-align: center;\">49&#215;85<\/td>\n<td style=\"border: 1px solid black; text-align: center;\">49&#215;92<\/td>\n<td style=\"border: 1px solid black; text-align: center;\">&lt;-<\/td>\n<\/tr>\n<tr>\n<td style=\"border: 1px solid black; text-align: center;\"><strong>50<\/strong><\/td>\n<td style=\"border: 1px solid black; text-align: center;\">61&#215;95<\/td>\n<td style=\"border: 1px solid black; text-align: center;\">61&#215;107<\/td>\n<td style=\"border: 1px solid black; text-align: center;\">&lt;-<\/td>\n<\/tr>\n<tr>\n<td style=\"border: 1px solid black; text-align: center;\"><strong>65<\/strong><\/td>\n<td style=\"border: 1px solid black; text-align: center;\">76&#215;115<\/td>\n<td style=\"border: 1px solid black; text-align: center;\">76&#215;127<\/td>\n<td style=\"border: 1px solid black; text-align: center;\">&lt;-<\/td>\n<\/tr>\n<tr>\n<td style=\"border: 1px solid black; text-align: center;\"><strong>80<\/strong><\/td>\n<td style=\"border: 1px solid black; text-align: center;\">89&#215;132<\/td>\n<td style=\"border: 1px solid black; text-align: center;\">89&#215;138<\/td>\n<td style=\"border: 1px solid black; text-align: center;\">&lt;-<\/td>\n<\/tr>\n<tr>\n<td style=\"border: 1px solid black; text-align: center;\"><strong>100<\/strong><\/td>\n<td style=\"border: 1px solid black; text-align: center;\">114&#215;152<\/td>\n<td style=\"border: 1px solid black; text-align: center;\">114&#215;162<\/td>\n<td style=\"border: 1px solid black; text-align: center;\">&lt;-<\/td>\n<\/tr>\n<tr>\n<td style=\"border: 1px solid black; text-align: center;\"><strong>125<\/strong><\/td>\n<td style=\"border: 1px solid black; text-align: center;\">140&#215;182<\/td>\n<td style=\"border: 1px solid black; text-align: center;\">140&#215;192<\/td>\n<td style=\"border: 1px solid black; text-align: center;\">&lt;-<\/td>\n<\/tr>\n<tr>\n<td style=\"border: 1px solid black; text-align: center;\"><strong>150<\/strong><\/td>\n<td style=\"border: 1px solid black; text-align: center;\">165&#215;207<\/td>\n<td style=\"border: 1px solid black; text-align: center;\">165&#215;217<\/td>\n<td style=\"border: 1px solid black; text-align: center;\">&lt;-<\/td>\n<\/tr>\n<tr>\n<td style=\"border: 1px solid black; text-align: center;\"><strong>200<\/strong><\/td>\n<td style=\"border: 1px solid black; text-align: center;\">220&#215;262<\/td>\n<td style=\"border: 1px solid black; text-align: center;\">220&#215;273<\/td>\n<td style=\"border: 1px solid black; text-align: center;\">&lt;-<\/td>\n<\/tr>\n<tr>\n<td style=\"border: 1px solid black; text-align: center;\"><strong>250<\/strong><\/td>\n<td style=\"border: 1px solid black; text-align: center;\">275&#215;317<\/td>\n<td style=\"border: 1px solid black; text-align: center;\">275&#215;327<\/td>\n<td style=\"border: 1px solid black; text-align: center;\">375&#215;340<\/td>\n<\/tr>\n<tr>\n<td style=\"border: 1px solid black; text-align: center;\"><strong>300<\/strong><\/td>\n<td style=\"border: 1px solid black; text-align: center;\">325&#215;370<\/td>\n<td style=\"border: 1px solid black; text-align: center;\">325&#215;377<\/td>\n<td style=\"border: 1px solid black; text-align: center;\">325&#215;398<\/td>\n<\/tr>\n<tr>\n<td style=\"border: 1px solid black; text-align: center;\"><strong>350<\/strong><\/td>\n<td style=\"border: 1px solid black; text-align: center;\">370&#215;423<\/td>\n<td style=\"border: 1px solid black; text-align: center;\">370&#215;438<\/td>\n<td style=\"border: 1px solid black; text-align: center;\">370&#215;458<\/td>\n<\/tr>\n<tr>\n<td style=\"border: 1px solid black; text-align: center;\"><strong>400<\/strong><\/td>\n<td style=\"border: 1px solid black; text-align: center;\">420&#215;473<\/td>\n<td style=\"border: 1px solid black; text-align: center;\">420&#215;488<\/td>\n<td style=\"border: 1px solid black; text-align: center;\">420&#215;488<\/td>\n<\/tr>\n<tr>\n<td style=\"border: 1px solid black; text-align: center;\"><strong>500<\/strong><\/td>\n<td style=\"border: 1px solid black; text-align: center;\">520&#215;577<\/td>\n<td style=\"border: 1px solid black; text-align: center;\">520&#215;593<\/td>\n<td style=\"border: 1px solid black; text-align: center;\">520&#215;618<\/td>\n<\/tr>\n<\/tbody>\n<\/table>\n<p><strong>&lt;-\u00a0 shodn\u00e9 s rozm\u011brem t\u011bsn\u011bn\u00ed pro ni\u017e\u0161\u00ed PN<\/strong><\/p>\n<p><strong>s\u00edla t\u011bsn\u011bn\u00ed: <\/strong><\/p>\n<p><strong>s = 2mm pro DN \u2264 400<\/strong><br \/><strong>s = 3mm pro DN\u00a0&gt; 400<\/strong><\/p>\n<p>Standartn\u011b dod\u00e1v\u00e1me p\u0159\u00edrubov\u00e9 t\u011bsn\u011bn\u00ed: POWERgraf 1 economy<br \/>Maxim\u00e1ln\u00ed trval\u00e1 provozn\u00ed teplota pro p\u00e1ru: +450\u00b0C<\/p>\n<p>Pou\u017eit\u00ed: voda, p\u00e1ra, zemn\u00ed plyn, m\u00edrn\u011b agresivn\u00ed media<\/p>\n<p><img decoding=\"async\" title=\"\" src=\"\/\/cdn.topenilevne.cz\/data\/user-content\/tesneni\/graf armex tesneni.jpg\"><\/p>\n<\/div><\/div>\n<div id=\"PDTable3\" class=\"ProductDetailTableView v3a v3 bs-view dcon dc180 PDTable3\" >\n<table>\n<thead><\/thead>\n<tbody>\n<tr class=\"attribute attr_dimenze\">\n<td class=\"caption\">Dimenze &#8211; DN<\/td>\n<td class=\"value\">25<\/td>\n<\/tr>\n<tr class=\"attribute attr_bsshop_maker\">\n<td class=\"caption\">V\u00fdrobce<\/td>\n<td class=\"value\">EU<\/td>\n<\/tr>\n<tr class=\"weight\">\n<td class=\"caption\"><span>Hmotnost<\/span><\/td>\n<td class=\"value\"><span>0,10 kg<\/span><\/td>\n<\/tr>\n<\/tbody>\n<\/table>\n<\/div>\n<\/div>\n<div id=\"e7353405\" class=\"tabs\">\n","protected":false},"excerpt":{"rendered":"<p>Bezazbestov\u00e9 t\u011bsn\u011bn\u00ed k p\u0159\u00edrubov\u00fdm armatur\u00e1m Max. teplota: 210\u00b0C, Trval\u00e1 140\u00b0C\u00a0Jmenovit\u00fd tlak: PN 10-40 Bezazbeztov\u00e9 t\u011bsn\u011bn\u00ed pro kovov\u00e9 p\u0159\u00edruby pro horkou vodu i parn\u00ed aplikace. pro p\u0159\u00edruby s hrubou t\u011bsn\u00edc\u00ed li\u0161tou DN PN 6 PN 10 &#8211; PN 16 PN 40 15 22&#215;43 22&#215;51 &lt;- 20 28&#215;53 28&#215;51 &lt;- 25 34&#215;63 34&#215;61 &lt;- 32 43&#215;75 43&#215;82 [&hellip;]<\/p>\n","protected":false},"featured_media":54437,"comment_status":"open","ping_status":"open","template":"","meta":[],"product_brand":[],"product_cat":[170],"product_tag":[],"class_list":{"0":"post-54337","1":"product","2":"type-product","3":"status-publish","4":"has-post-thumbnail","6":"product_cat-armatury","8":"first","9":"instock","10":"sale","11":"shipping-taxable","12":"purchasable","13":"product-type-simple"},"yoast_head":"<!-- This site is optimized with the Yoast SEO plugin v26.8 - https:\/\/yoast.com\/product\/yoast-seo-wordpress\/ -->\n<title>Zna\u010dkov\u00fd T\u011bsn\u011bn\u00ed p\u0159\u00edrubov\u00e9 PN 16-40 - DN 25 - 25\/70x2 Temafast -<\/title>\n<meta name=\"robots\" content=\"index, follow, max-snippet:-1, max-image-preview:large, max-video-preview:-1\" \/>\n<link rel=\"canonical\" href=\"https:\/\/www.koupelnapro.com\/index.php\/produkt\/znackovy-tesneni-prirubove-pn-16-40-dn-25-25-70x2-temafast-54337\/\" \/>\n<meta property=\"og:locale\" content=\"cs_CZ\" \/>\n<meta property=\"og:type\" content=\"article\" \/>\n<meta property=\"og:title\" content=\"Zna\u010dkov\u00fd T\u011bsn\u011bn\u00ed p\u0159\u00edrubov\u00e9 PN 16-40 - DN 25 - 25\/70x2 Temafast -\" \/>\n<meta property=\"og:description\" content=\"Bezazbestov\u00e9 t\u011bsn\u011bn\u00ed k p\u0159\u00edrubov\u00fdm armatur\u00e1m Max. teplota: 210\u00b0C, Trval\u00e1 140\u00b0C\u00a0Jmenovit\u00fd tlak: PN 10-40 Bezazbeztov\u00e9 t\u011bsn\u011bn\u00ed pro kovov\u00e9 p\u0159\u00edruby pro horkou vodu i parn\u00ed aplikace. pro p\u0159\u00edruby s hrubou t\u011bsn\u00edc\u00ed li\u0161tou DN PN 6 PN 10 &#8211; PN 16 PN 40 15 22&#215;43 22&#215;51 &lt;- 20 28&#215;53 28&#215;51 &lt;- 25 34&#215;63 34&#215;61 &lt;- 32 43&#215;75 43&#215;82 [&hellip;]\" \/>\n<meta property=\"og:url\" content=\"https:\/\/www.koupelnapro.com\/index.php\/produkt\/znackovy-tesneni-prirubove-pn-16-40-dn-25-25-70x2-temafast-54337\/\" \/>\n<meta property=\"og:image\" content=\"https:\/\/www.koupelnapro.com\/wp-content\/uploads\/2026\/SK0003485-CZ20260425-093449-0-1777080895-tesneni-prirubove-pn-16-40-dn-25-25-70x2-temafast.webp\" \/>\n\t<meta property=\"og:image:width\" content=\"1000\" \/>\n\t<meta property=\"og:image:height\" content=\"525\" \/>\n\t<meta property=\"og:image:type\" content=\"image\/webp\" \/>\n<meta name=\"twitter:card\" content=\"summary_large_image\" \/>\n<meta name=\"twitter:label1\" content=\"Odhadovan\u00e1 doba \u010dten\u00ed\" \/>\n\t<meta name=\"twitter:data1\" content=\"1 minuta\" \/>\n<script type=\"application\/ld+json\" class=\"yoast-schema-graph\">{\"@context\":\"https:\/\/schema.org\",\"@graph\":[{\"@type\":\"WebPage\",\"@id\":\"https:\/\/www.koupelnapro.com\/index.php\/produkt\/znackovy-tesneni-prirubove-pn-16-40-dn-25-25-70x2-temafast-54337\/\",\"url\":\"https:\/\/www.koupelnapro.com\/index.php\/produkt\/znackovy-tesneni-prirubove-pn-16-40-dn-25-25-70x2-temafast-54337\/\",\"name\":\"Zna\u010dkov\u00fd T\u011bsn\u011bn\u00ed p\u0159\u00edrubov\u00e9 PN 16-40 - DN 25 - 25\/70x2 Temafast -\",\"isPartOf\":{\"@id\":\"https:\/\/www.koupelnapro.com\/#website\"},\"primaryImageOfPage\":{\"@id\":\"https:\/\/www.koupelnapro.com\/index.php\/produkt\/znackovy-tesneni-prirubove-pn-16-40-dn-25-25-70x2-temafast-54337\/#primaryimage\"},\"image\":{\"@id\":\"https:\/\/www.koupelnapro.com\/index.php\/produkt\/znackovy-tesneni-prirubove-pn-16-40-dn-25-25-70x2-temafast-54337\/#primaryimage\"},\"thumbnailUrl\":\"https:\/\/www.koupelnapro.com\/wp-content\/uploads\/2026\/SK0003485-CZ20260425-093449-0-1777080895-tesneni-prirubove-pn-16-40-dn-25-25-70x2-temafast.webp\",\"datePublished\":\"2026-04-26T09:17:04+00:00\",\"breadcrumb\":{\"@id\":\"https:\/\/www.koupelnapro.com\/index.php\/produkt\/znackovy-tesneni-prirubove-pn-16-40-dn-25-25-70x2-temafast-54337\/#breadcrumb\"},\"inLanguage\":\"cs\",\"potentialAction\":[{\"@type\":\"ReadAction\",\"target\":[\"https:\/\/www.koupelnapro.com\/index.php\/produkt\/znackovy-tesneni-prirubove-pn-16-40-dn-25-25-70x2-temafast-54337\/\"]}]},{\"@type\":\"ImageObject\",\"inLanguage\":\"cs\",\"@id\":\"https:\/\/www.koupelnapro.com\/index.php\/produkt\/znackovy-tesneni-prirubove-pn-16-40-dn-25-25-70x2-temafast-54337\/#primaryimage\",\"url\":\"https:\/\/www.koupelnapro.com\/wp-content\/uploads\/2026\/SK0003485-CZ20260425-093449-0-1777080895-tesneni-prirubove-pn-16-40-dn-25-25-70x2-temafast.webp\",\"contentUrl\":\"https:\/\/www.koupelnapro.com\/wp-content\/uploads\/2026\/SK0003485-CZ20260425-093449-0-1777080895-tesneni-prirubove-pn-16-40-dn-25-25-70x2-temafast.webp\",\"width\":1000,\"height\":525},{\"@type\":\"BreadcrumbList\",\"@id\":\"https:\/\/www.koupelnapro.com\/index.php\/produkt\/znackovy-tesneni-prirubove-pn-16-40-dn-25-25-70x2-temafast-54337\/#breadcrumb\",\"itemListElement\":[{\"@type\":\"ListItem\",\"position\":1,\"name\":\"Home\",\"item\":\"https:\/\/www.koupelnapro.com\/\"},{\"@type\":\"ListItem\",\"position\":2,\"name\":\"Products\",\"item\":\"https:\/\/www.koupelnapro.com\/index.php\/products\/\"},{\"@type\":\"ListItem\",\"position\":3,\"name\":\"Zna\u010dkov\u00fd T\u011bsn\u011bn\u00ed p\u0159\u00edrubov\u00e9 PN 16-40 &#8211; DN 25 &#8211; 25\/70&#215;2 Temafast\"}]},{\"@type\":\"WebSite\",\"@id\":\"https:\/\/www.koupelnapro.com\/#website\",\"url\":\"https:\/\/www.koupelnapro.com\/\",\"name\":\"\",\"description\":\"\",\"potentialAction\":[{\"@type\":\"SearchAction\",\"target\":{\"@type\":\"EntryPoint\",\"urlTemplate\":\"https:\/\/www.koupelnapro.com\/?s={search_term_string}\"},\"query-input\":{\"@type\":\"PropertyValueSpecification\",\"valueRequired\":true,\"valueName\":\"search_term_string\"}}],\"inLanguage\":\"cs\"}]}<\/script>\n<!-- \/ Yoast SEO plugin. -->","yoast_head_json":{"title":"Zna\u010dkov\u00fd T\u011bsn\u011bn\u00ed p\u0159\u00edrubov\u00e9 PN 16-40 - DN 25 - 25\/70x2 Temafast -","robots":{"index":"index","follow":"follow","max-snippet":"max-snippet:-1","max-image-preview":"max-image-preview:large","max-video-preview":"max-video-preview:-1"},"canonical":"https:\/\/www.koupelnapro.com\/index.php\/produkt\/znackovy-tesneni-prirubove-pn-16-40-dn-25-25-70x2-temafast-54337\/","og_locale":"cs_CZ","og_type":"article","og_title":"Zna\u010dkov\u00fd T\u011bsn\u011bn\u00ed p\u0159\u00edrubov\u00e9 PN 16-40 - DN 25 - 25\/70x2 Temafast -","og_description":"Bezazbestov\u00e9 t\u011bsn\u011bn\u00ed k p\u0159\u00edrubov\u00fdm armatur\u00e1m Max. teplota: 210\u00b0C, Trval\u00e1 140\u00b0C\u00a0Jmenovit\u00fd tlak: PN 10-40 Bezazbeztov\u00e9 t\u011bsn\u011bn\u00ed pro kovov\u00e9 p\u0159\u00edruby pro horkou vodu i parn\u00ed aplikace. pro p\u0159\u00edruby s hrubou t\u011bsn\u00edc\u00ed li\u0161tou DN PN 6 PN 10 &#8211; PN 16 PN 40 15 22&#215;43 22&#215;51 &lt;- 20 28&#215;53 28&#215;51 &lt;- 25 34&#215;63 34&#215;61 &lt;- 32 43&#215;75 43&#215;82 [&hellip;]","og_url":"https:\/\/www.koupelnapro.com\/index.php\/produkt\/znackovy-tesneni-prirubove-pn-16-40-dn-25-25-70x2-temafast-54337\/","og_image":[{"width":1000,"height":525,"url":"https:\/\/www.koupelnapro.com\/wp-content\/uploads\/2026\/SK0003485-CZ20260425-093449-0-1777080895-tesneni-prirubove-pn-16-40-dn-25-25-70x2-temafast.webp","type":"image\/webp"}],"twitter_card":"summary_large_image","twitter_misc":{"Odhadovan\u00e1 doba \u010dten\u00ed":"1 minuta"},"schema":{"@context":"https:\/\/schema.org","@graph":[{"@type":"WebPage","@id":"https:\/\/www.koupelnapro.com\/index.php\/produkt\/znackovy-tesneni-prirubove-pn-16-40-dn-25-25-70x2-temafast-54337\/","url":"https:\/\/www.koupelnapro.com\/index.php\/produkt\/znackovy-tesneni-prirubove-pn-16-40-dn-25-25-70x2-temafast-54337\/","name":"Zna\u010dkov\u00fd T\u011bsn\u011bn\u00ed p\u0159\u00edrubov\u00e9 PN 16-40 - DN 25 - 25\/70x2 Temafast -","isPartOf":{"@id":"https:\/\/www.koupelnapro.com\/#website"},"primaryImageOfPage":{"@id":"https:\/\/www.koupelnapro.com\/index.php\/produkt\/znackovy-tesneni-prirubove-pn-16-40-dn-25-25-70x2-temafast-54337\/#primaryimage"},"image":{"@id":"https:\/\/www.koupelnapro.com\/index.php\/produkt\/znackovy-tesneni-prirubove-pn-16-40-dn-25-25-70x2-temafast-54337\/#primaryimage"},"thumbnailUrl":"https:\/\/www.koupelnapro.com\/wp-content\/uploads\/2026\/SK0003485-CZ20260425-093449-0-1777080895-tesneni-prirubove-pn-16-40-dn-25-25-70x2-temafast.webp","datePublished":"2026-04-26T09:17:04+00:00","breadcrumb":{"@id":"https:\/\/www.koupelnapro.com\/index.php\/produkt\/znackovy-tesneni-prirubove-pn-16-40-dn-25-25-70x2-temafast-54337\/#breadcrumb"},"inLanguage":"cs","potentialAction":[{"@type":"ReadAction","target":["https:\/\/www.koupelnapro.com\/index.php\/produkt\/znackovy-tesneni-prirubove-pn-16-40-dn-25-25-70x2-temafast-54337\/"]}]},{"@type":"ImageObject","inLanguage":"cs","@id":"https:\/\/www.koupelnapro.com\/index.php\/produkt\/znackovy-tesneni-prirubove-pn-16-40-dn-25-25-70x2-temafast-54337\/#primaryimage","url":"https:\/\/www.koupelnapro.com\/wp-content\/uploads\/2026\/SK0003485-CZ20260425-093449-0-1777080895-tesneni-prirubove-pn-16-40-dn-25-25-70x2-temafast.webp","contentUrl":"https:\/\/www.koupelnapro.com\/wp-content\/uploads\/2026\/SK0003485-CZ20260425-093449-0-1777080895-tesneni-prirubove-pn-16-40-dn-25-25-70x2-temafast.webp","width":1000,"height":525},{"@type":"BreadcrumbList","@id":"https:\/\/www.koupelnapro.com\/index.php\/produkt\/znackovy-tesneni-prirubove-pn-16-40-dn-25-25-70x2-temafast-54337\/#breadcrumb","itemListElement":[{"@type":"ListItem","position":1,"name":"Home","item":"https:\/\/www.koupelnapro.com\/"},{"@type":"ListItem","position":2,"name":"Products","item":"https:\/\/www.koupelnapro.com\/index.php\/products\/"},{"@type":"ListItem","position":3,"name":"Zna\u010dkov\u00fd T\u011bsn\u011bn\u00ed p\u0159\u00edrubov\u00e9 PN 16-40 &#8211; DN 25 &#8211; 25\/70&#215;2 Temafast"}]},{"@type":"WebSite","@id":"https:\/\/www.koupelnapro.com\/#website","url":"https:\/\/www.koupelnapro.com\/","name":"","description":"","potentialAction":[{"@type":"SearchAction","target":{"@type":"EntryPoint","urlTemplate":"https:\/\/www.koupelnapro.com\/?s={search_term_string}"},"query-input":{"@type":"PropertyValueSpecification","valueRequired":true,"valueName":"search_term_string"}}],"inLanguage":"cs"}]}},"_links":{"self":[{"href":"https:\/\/www.koupelnapro.com\/index.php\/wp-json\/wp\/v2\/product\/54337","targetHints":{"allow":["GET"]}}],"collection":[{"href":"https:\/\/www.koupelnapro.com\/index.php\/wp-json\/wp\/v2\/product"}],"about":[{"href":"https:\/\/www.koupelnapro.com\/index.php\/wp-json\/wp\/v2\/types\/product"}],"replies":[{"embeddable":true,"href":"https:\/\/www.koupelnapro.com\/index.php\/wp-json\/wp\/v2\/comments?post=54337"}],"wp:featuredmedia":[{"embeddable":true,"href":"https:\/\/www.koupelnapro.com\/index.php\/wp-json\/wp\/v2\/media\/54437"}],"wp:attachment":[{"href":"https:\/\/www.koupelnapro.com\/index.php\/wp-json\/wp\/v2\/media?parent=54337"}],"wp:term":[{"taxonomy":"product_brand","embeddable":true,"href":"https:\/\/www.koupelnapro.com\/index.php\/wp-json\/wp\/v2\/product_brand?post=54337"},{"taxonomy":"product_cat","embeddable":true,"href":"https:\/\/www.koupelnapro.com\/index.php\/wp-json\/wp\/v2\/product_cat?post=54337"},{"taxonomy":"product_tag","embeddable":true,"href":"https:\/\/www.koupelnapro.com\/index.php\/wp-json\/wp\/v2\/product_tag?post=54337"}],"curies":[{"name":"wp","href":"https:\/\/api.w.org\/{rel}","templated":true}]}}