{"id":54125,"date":"2026-04-26T09:17:02","date_gmt":"2026-04-26T09:17:02","guid":{"rendered":""},"modified":"2026-04-26T09:17:02","modified_gmt":"2026-04-26T09:17:02","slug":"znackovy-ravak-sprchova-akrylatova-vanicka-angela-90-ex-white-54125","status":"publish","type":"product","link":"https:\/\/www.koupelnapro.com\/index.php\/produkt\/znackovy-ravak-sprchova-akrylatova-vanicka-angela-90-ex-white-54125\/","title":{"rendered":"Zna\u010dkov\u00fd Ravak sprchov\u00e1 akryl\u00e1tov\u00e1 vani\u010dka Angela-90 EX white"},"content":{"rendered":"<div id=\"e7300358\" class=\"pages\">\n<div>\n<div id=\"PDDescription\" class=\"UserContentView userContent v1a v1 bs-view dcon dc159 PDDescription\" ><dc-con><dc-con><bs-empty><\/bs-empty><\/dc-con><dc-con>        <\/p>\n<div class=\"customDescription\">                    <\/div>\n<p><\/dc-con><dc-con>\u010ctvercov\u00e1 samonosn\u00e1 sprchov\u00e1 vani\u010dka Angela EX bez panelu je ur\u010den\u00e1 pro oblo\u017een\u00ed. Vyrobena z akryl\u00e1tu v b\u00edl\u00e9 barv\u011b a s ochrannou vrstvou AntiBac\u00ae.<\/dc-con><\/dc-con><\/div>\n<div id=\"PDDescription2\" class=\"UserContentView userContent v1a v1 bs-view dcon dc160 PDDescription2\" >\n<ul>\n<li>rozm\u011bry: 90&#215;90 cm<\/li>\n<li>materi\u00e1l: ABS\/PMMA &#8211; sendvi\u010d akryl\u00e1tu a ABS<\/li>\n<li>barva: b\u00edl\u00e1<\/li>\n<li>vyztu\u017een\u00ed: polyuretanov\u00e1 p\u011bna se skeln\u00fdm vl\u00e1knem<\/li>\n<li>zp\u016fsob mont\u00e1\u017ee: samonosn\u00e1 k oblo\u017een\u00ed &#8211; \u010deln\u00ed plochu lze oblo\u017eit keramick\u00fdm obkladem<\/li>\n<li>hloubka vani\u010dky: 9 cm<\/li>\n<li>mont\u00e1\u017en\u00ed v\u00fd\u0161ka: 18,5 cm<\/li>\n<li>pr\u016fm\u011br sifonu: 9 cm<\/li>\n<li>dopl\u0148ky k dokoupen\u00ed:\u00a0vani\u010dkov\u00fd sifon, no\u017ei\u010dky (podpora), p\u0159\u00edslu\u0161enstv\u00ed k mont\u00e1\u017ei<\/li>\n<\/ul>\n<p>Vani\u010dka Angela je vhodn\u00e1 pro sprchov\u00e9 kouty SRV2+SRV2, ASRV3+ASRV3, BLRVK2+BLRVK2, BLRV 80, 90, SMSRV4, BSRV4 80, 90, BSDPS, 10RV2+10RV2, 10RV2K+10RV2K a pro sprchovac\u00ed prostory \u0159e\u0161en\u00e9 sprchov\u00fdmi dve\u0159mi ASDP3, SDZ3, SDOP, PDOP1, BSD2, BLDP2, SMSD2.<\/p>\n<\/div><\/div>\n<div id=\"PDTable3\" class=\"ProductDetailTableView v3a v3 bs-view dcon dc180 PDTable3\" >\n<table>\n<thead><\/thead>\n<tbody>\n<tr class=\"attribute attr_typ\">\n<td class=\"caption\">Typ<\/td>\n<td class=\"value\">\u010ctvercov\u00e9<\/td>\n<\/tr>\n<tr class=\"attribute attr_barva\">\n<td class=\"caption\">Barva<\/td>\n<td class=\"value\">B\u00edl\u00e1<\/td>\n<\/tr>\n<tr class=\"attribute attr_rozmersifonu\">\n<td class=\"caption\">Rozm\u011br sifonu(mm)<\/td>\n<td class=\"value\">90<\/td>\n<\/tr>\n<tr class=\"attribute attr_material\">\n<td class=\"caption\">Materi\u00e1l<\/td>\n<td class=\"value\">Lit\u00fd akryl\u00e1t<\/td>\n<\/tr>\n<tr class=\"attribute attr_bsshop_maker\">\n<td class=\"caption\">V\u00fdrobce<\/td>\n<td class=\"value\">Ravak<\/td>\n<\/tr>\n<tr class=\"attribute attr_delka\">\n<td class=\"caption\">D\u00e9lka v mm<\/td>\n<td class=\"value\">90,5<\/td>\n<\/tr>\n<tr class=\"attribute attr_sirka\">\n<td class=\"caption\">\u0160\u00ed\u0159ka v mm<\/td>\n<td class=\"value\">90<\/td>\n<\/tr>\n<tr class=\"attribute attr_Vyska\">\n<td class=\"caption\">V\u00fd\u0161ka v mm<\/td>\n<td class=\"value\">18<\/td>\n<\/tr>\n<tr class=\"weight\">\n<td class=\"caption\"><span>Hmotnost<\/span><\/td>\n<td class=\"value\"><span>7,05 kg<\/span><\/td>\n<\/tr>\n<\/tbody>\n<\/table>\n<\/div>\n<div id=\"ProductMedia\" class=\"ProductMediaView MediaViewBase v1a v1 bs-view dcon dc404 ProductMedia\" ><bs-empty><\/bs-empty><\/p>\n<div class=\"files\">\n<div class=\"title sub\">Soubory<\/div>\n<p><a href=\"\/media\/3413\/mn-kaskada-ex.pdf?&amp;key=ZGpmIyQwNUZfMzQxMw==\" class=\"pdf\">mn_kaskada-ex.pdf<\/a><a href=\"\/media\/3414\/pov-shower-trays.zip?&amp;key=ZGpmIyQwNUZfMzQxNA==\" class=\"zip\">pov_shower-trays.zip<\/a><a href=\"\/media\/26220\/20231003114220-pov-shower-trays.zip?&amp;key=ZGpmIyQwNUZfMjYyMjA=\" class=\"zip\">20231003114220.pov_shower-trays.zip<\/a><a href=\"\/media\/26221\/20231003114220-mn-kaskada-ex.pdf?&amp;key=ZGpmIyQwNUZfMjYyMjE=\" class=\"pdf\">20231003114220.mn_kaskada-ex.pdf<\/a><\/div>\n<p><bs-empty><\/bs-empty><\/div>\n<\/div>\n<div id=\"e7300359\" class=\"tabs\">\n","protected":false},"excerpt":{"rendered":"<p>\u010ctvercov\u00e1 samonosn\u00e1 sprchov\u00e1 vani\u010dka Angela EX bez panelu je ur\u010den\u00e1 pro oblo\u017een\u00ed. Vyrobena z akryl\u00e1tu v b\u00edl\u00e9 barv\u011b a s ochrannou vrstvou AntiBac\u00ae. rozm\u011bry: 90&#215;90 cm materi\u00e1l: ABS\/PMMA &#8211; sendvi\u010d akryl\u00e1tu a ABS barva: b\u00edl\u00e1 vyztu\u017een\u00ed: polyuretanov\u00e1 p\u011bna se skeln\u00fdm vl\u00e1knem zp\u016fsob mont\u00e1\u017ee: samonosn\u00e1 k oblo\u017een\u00ed &#8211; \u010deln\u00ed plochu lze oblo\u017eit keramick\u00fdm obkladem hloubka vani\u010dky: [&hellip;]<\/p>\n","protected":false},"featured_media":54225,"comment_status":"open","ping_status":"open","template":"","meta":[],"product_brand":[],"product_cat":[171],"product_tag":[],"class_list":{"0":"post-54125","1":"product","2":"type-product","3":"status-publish","4":"has-post-thumbnail","6":"product_cat-vybaven-237-koupelny","8":"first","9":"instock","10":"sale","11":"shipping-taxable","12":"purchasable","13":"product-type-simple"},"yoast_head":"<!-- This site is optimized with the Yoast SEO plugin v26.8 - https:\/\/yoast.com\/product\/yoast-seo-wordpress\/ -->\n<title>Zna\u010dkov\u00fd Ravak sprchov\u00e1 akryl\u00e1tov\u00e1 vani\u010dka Angela-90 EX white -<\/title>\n<meta name=\"robots\" content=\"index, follow, max-snippet:-1, max-image-preview:large, max-video-preview:-1\" \/>\n<link rel=\"canonical\" href=\"https:\/\/www.koupelnapro.com\/index.php\/produkt\/znackovy-ravak-sprchova-akrylatova-vanicka-angela-90-ex-white-54125\/\" \/>\n<meta property=\"og:locale\" content=\"cs_CZ\" \/>\n<meta property=\"og:type\" content=\"article\" \/>\n<meta property=\"og:title\" content=\"Zna\u010dkov\u00fd Ravak sprchov\u00e1 akryl\u00e1tov\u00e1 vani\u010dka Angela-90 EX white -\" \/>\n<meta property=\"og:description\" content=\"\u010ctvercov\u00e1 samonosn\u00e1 sprchov\u00e1 vani\u010dka Angela EX bez panelu je ur\u010den\u00e1 pro oblo\u017een\u00ed. Vyrobena z akryl\u00e1tu v b\u00edl\u00e9 barv\u011b a s ochrannou vrstvou AntiBac\u00ae. rozm\u011bry: 90&#215;90 cm materi\u00e1l: ABS\/PMMA &#8211; sendvi\u010d akryl\u00e1tu a ABS barva: b\u00edl\u00e1 vyztu\u017een\u00ed: polyuretanov\u00e1 p\u011bna se skeln\u00fdm vl\u00e1knem zp\u016fsob mont\u00e1\u017ee: samonosn\u00e1 k oblo\u017een\u00ed &#8211; \u010deln\u00ed plochu lze oblo\u017eit keramick\u00fdm obkladem hloubka vani\u010dky: [&hellip;]\" \/>\n<meta property=\"og:url\" content=\"https:\/\/www.koupelnapro.com\/index.php\/produkt\/znackovy-ravak-sprchova-akrylatova-vanicka-angela-90-ex-white-54125\/\" \/>\n<meta property=\"og:image\" content=\"https:\/\/www.koupelnapro.com\/wp-content\/uploads\/2026\/SK0003366-CZ20260425-093449-0-1777080895-ravak-sprchova-akrylatova-vanicka-angela-90-ex-white.webp\" \/>\n\t<meta property=\"og:image:width\" content=\"1000\" \/>\n\t<meta property=\"og:image:height\" content=\"525\" \/>\n\t<meta property=\"og:image:type\" content=\"image\/webp\" \/>\n<meta name=\"twitter:card\" content=\"summary_large_image\" \/>\n<meta name=\"twitter:label1\" content=\"Odhadovan\u00e1 doba \u010dten\u00ed\" \/>\n\t<meta name=\"twitter:data1\" content=\"1 minuta\" \/>\n<script type=\"application\/ld+json\" class=\"yoast-schema-graph\">{\"@context\":\"https:\/\/schema.org\",\"@graph\":[{\"@type\":\"WebPage\",\"@id\":\"https:\/\/www.koupelnapro.com\/index.php\/produkt\/znackovy-ravak-sprchova-akrylatova-vanicka-angela-90-ex-white-54125\/\",\"url\":\"https:\/\/www.koupelnapro.com\/index.php\/produkt\/znackovy-ravak-sprchova-akrylatova-vanicka-angela-90-ex-white-54125\/\",\"name\":\"Zna\u010dkov\u00fd Ravak sprchov\u00e1 akryl\u00e1tov\u00e1 vani\u010dka Angela-90 EX white -\",\"isPartOf\":{\"@id\":\"https:\/\/www.koupelnapro.com\/#website\"},\"primaryImageOfPage\":{\"@id\":\"https:\/\/www.koupelnapro.com\/index.php\/produkt\/znackovy-ravak-sprchova-akrylatova-vanicka-angela-90-ex-white-54125\/#primaryimage\"},\"image\":{\"@id\":\"https:\/\/www.koupelnapro.com\/index.php\/produkt\/znackovy-ravak-sprchova-akrylatova-vanicka-angela-90-ex-white-54125\/#primaryimage\"},\"thumbnailUrl\":\"https:\/\/www.koupelnapro.com\/wp-content\/uploads\/2026\/SK0003366-CZ20260425-093449-0-1777080895-ravak-sprchova-akrylatova-vanicka-angela-90-ex-white.webp\",\"datePublished\":\"2026-04-26T09:17:02+00:00\",\"breadcrumb\":{\"@id\":\"https:\/\/www.koupelnapro.com\/index.php\/produkt\/znackovy-ravak-sprchova-akrylatova-vanicka-angela-90-ex-white-54125\/#breadcrumb\"},\"inLanguage\":\"cs\",\"potentialAction\":[{\"@type\":\"ReadAction\",\"target\":[\"https:\/\/www.koupelnapro.com\/index.php\/produkt\/znackovy-ravak-sprchova-akrylatova-vanicka-angela-90-ex-white-54125\/\"]}]},{\"@type\":\"ImageObject\",\"inLanguage\":\"cs\",\"@id\":\"https:\/\/www.koupelnapro.com\/index.php\/produkt\/znackovy-ravak-sprchova-akrylatova-vanicka-angela-90-ex-white-54125\/#primaryimage\",\"url\":\"https:\/\/www.koupelnapro.com\/wp-content\/uploads\/2026\/SK0003366-CZ20260425-093449-0-1777080895-ravak-sprchova-akrylatova-vanicka-angela-90-ex-white.webp\",\"contentUrl\":\"https:\/\/www.koupelnapro.com\/wp-content\/uploads\/2026\/SK0003366-CZ20260425-093449-0-1777080895-ravak-sprchova-akrylatova-vanicka-angela-90-ex-white.webp\",\"width\":1000,\"height\":525},{\"@type\":\"BreadcrumbList\",\"@id\":\"https:\/\/www.koupelnapro.com\/index.php\/produkt\/znackovy-ravak-sprchova-akrylatova-vanicka-angela-90-ex-white-54125\/#breadcrumb\",\"itemListElement\":[{\"@type\":\"ListItem\",\"position\":1,\"name\":\"Home\",\"item\":\"https:\/\/www.koupelnapro.com\/\"},{\"@type\":\"ListItem\",\"position\":2,\"name\":\"Products\",\"item\":\"https:\/\/www.koupelnapro.com\/index.php\/products\/\"},{\"@type\":\"ListItem\",\"position\":3,\"name\":\"Zna\u010dkov\u00fd Ravak sprchov\u00e1 akryl\u00e1tov\u00e1 vani\u010dka Angela-90 EX white\"}]},{\"@type\":\"WebSite\",\"@id\":\"https:\/\/www.koupelnapro.com\/#website\",\"url\":\"https:\/\/www.koupelnapro.com\/\",\"name\":\"\",\"description\":\"\",\"potentialAction\":[{\"@type\":\"SearchAction\",\"target\":{\"@type\":\"EntryPoint\",\"urlTemplate\":\"https:\/\/www.koupelnapro.com\/?s={search_term_string}\"},\"query-input\":{\"@type\":\"PropertyValueSpecification\",\"valueRequired\":true,\"valueName\":\"search_term_string\"}}],\"inLanguage\":\"cs\"}]}<\/script>\n<!-- \/ Yoast SEO plugin. -->","yoast_head_json":{"title":"Zna\u010dkov\u00fd Ravak sprchov\u00e1 akryl\u00e1tov\u00e1 vani\u010dka Angela-90 EX white -","robots":{"index":"index","follow":"follow","max-snippet":"max-snippet:-1","max-image-preview":"max-image-preview:large","max-video-preview":"max-video-preview:-1"},"canonical":"https:\/\/www.koupelnapro.com\/index.php\/produkt\/znackovy-ravak-sprchova-akrylatova-vanicka-angela-90-ex-white-54125\/","og_locale":"cs_CZ","og_type":"article","og_title":"Zna\u010dkov\u00fd Ravak sprchov\u00e1 akryl\u00e1tov\u00e1 vani\u010dka Angela-90 EX white -","og_description":"\u010ctvercov\u00e1 samonosn\u00e1 sprchov\u00e1 vani\u010dka Angela EX bez panelu je ur\u010den\u00e1 pro oblo\u017een\u00ed. Vyrobena z akryl\u00e1tu v b\u00edl\u00e9 barv\u011b a s ochrannou vrstvou AntiBac\u00ae. rozm\u011bry: 90&#215;90 cm materi\u00e1l: ABS\/PMMA &#8211; sendvi\u010d akryl\u00e1tu a ABS barva: b\u00edl\u00e1 vyztu\u017een\u00ed: polyuretanov\u00e1 p\u011bna se skeln\u00fdm vl\u00e1knem zp\u016fsob mont\u00e1\u017ee: samonosn\u00e1 k oblo\u017een\u00ed &#8211; \u010deln\u00ed plochu lze oblo\u017eit keramick\u00fdm obkladem hloubka vani\u010dky: [&hellip;]","og_url":"https:\/\/www.koupelnapro.com\/index.php\/produkt\/znackovy-ravak-sprchova-akrylatova-vanicka-angela-90-ex-white-54125\/","og_image":[{"width":1000,"height":525,"url":"https:\/\/www.koupelnapro.com\/wp-content\/uploads\/2026\/SK0003366-CZ20260425-093449-0-1777080895-ravak-sprchova-akrylatova-vanicka-angela-90-ex-white.webp","type":"image\/webp"}],"twitter_card":"summary_large_image","twitter_misc":{"Odhadovan\u00e1 doba \u010dten\u00ed":"1 minuta"},"schema":{"@context":"https:\/\/schema.org","@graph":[{"@type":"WebPage","@id":"https:\/\/www.koupelnapro.com\/index.php\/produkt\/znackovy-ravak-sprchova-akrylatova-vanicka-angela-90-ex-white-54125\/","url":"https:\/\/www.koupelnapro.com\/index.php\/produkt\/znackovy-ravak-sprchova-akrylatova-vanicka-angela-90-ex-white-54125\/","name":"Zna\u010dkov\u00fd Ravak sprchov\u00e1 akryl\u00e1tov\u00e1 vani\u010dka Angela-90 EX white -","isPartOf":{"@id":"https:\/\/www.koupelnapro.com\/#website"},"primaryImageOfPage":{"@id":"https:\/\/www.koupelnapro.com\/index.php\/produkt\/znackovy-ravak-sprchova-akrylatova-vanicka-angela-90-ex-white-54125\/#primaryimage"},"image":{"@id":"https:\/\/www.koupelnapro.com\/index.php\/produkt\/znackovy-ravak-sprchova-akrylatova-vanicka-angela-90-ex-white-54125\/#primaryimage"},"thumbnailUrl":"https:\/\/www.koupelnapro.com\/wp-content\/uploads\/2026\/SK0003366-CZ20260425-093449-0-1777080895-ravak-sprchova-akrylatova-vanicka-angela-90-ex-white.webp","datePublished":"2026-04-26T09:17:02+00:00","breadcrumb":{"@id":"https:\/\/www.koupelnapro.com\/index.php\/produkt\/znackovy-ravak-sprchova-akrylatova-vanicka-angela-90-ex-white-54125\/#breadcrumb"},"inLanguage":"cs","potentialAction":[{"@type":"ReadAction","target":["https:\/\/www.koupelnapro.com\/index.php\/produkt\/znackovy-ravak-sprchova-akrylatova-vanicka-angela-90-ex-white-54125\/"]}]},{"@type":"ImageObject","inLanguage":"cs","@id":"https:\/\/www.koupelnapro.com\/index.php\/produkt\/znackovy-ravak-sprchova-akrylatova-vanicka-angela-90-ex-white-54125\/#primaryimage","url":"https:\/\/www.koupelnapro.com\/wp-content\/uploads\/2026\/SK0003366-CZ20260425-093449-0-1777080895-ravak-sprchova-akrylatova-vanicka-angela-90-ex-white.webp","contentUrl":"https:\/\/www.koupelnapro.com\/wp-content\/uploads\/2026\/SK0003366-CZ20260425-093449-0-1777080895-ravak-sprchova-akrylatova-vanicka-angela-90-ex-white.webp","width":1000,"height":525},{"@type":"BreadcrumbList","@id":"https:\/\/www.koupelnapro.com\/index.php\/produkt\/znackovy-ravak-sprchova-akrylatova-vanicka-angela-90-ex-white-54125\/#breadcrumb","itemListElement":[{"@type":"ListItem","position":1,"name":"Home","item":"https:\/\/www.koupelnapro.com\/"},{"@type":"ListItem","position":2,"name":"Products","item":"https:\/\/www.koupelnapro.com\/index.php\/products\/"},{"@type":"ListItem","position":3,"name":"Zna\u010dkov\u00fd Ravak sprchov\u00e1 akryl\u00e1tov\u00e1 vani\u010dka Angela-90 EX white"}]},{"@type":"WebSite","@id":"https:\/\/www.koupelnapro.com\/#website","url":"https:\/\/www.koupelnapro.com\/","name":"","description":"","potentialAction":[{"@type":"SearchAction","target":{"@type":"EntryPoint","urlTemplate":"https:\/\/www.koupelnapro.com\/?s={search_term_string}"},"query-input":{"@type":"PropertyValueSpecification","valueRequired":true,"valueName":"search_term_string"}}],"inLanguage":"cs"}]}},"_links":{"self":[{"href":"https:\/\/www.koupelnapro.com\/index.php\/wp-json\/wp\/v2\/product\/54125","targetHints":{"allow":["GET"]}}],"collection":[{"href":"https:\/\/www.koupelnapro.com\/index.php\/wp-json\/wp\/v2\/product"}],"about":[{"href":"https:\/\/www.koupelnapro.com\/index.php\/wp-json\/wp\/v2\/types\/product"}],"replies":[{"embeddable":true,"href":"https:\/\/www.koupelnapro.com\/index.php\/wp-json\/wp\/v2\/comments?post=54125"}],"wp:featuredmedia":[{"embeddable":true,"href":"https:\/\/www.koupelnapro.com\/index.php\/wp-json\/wp\/v2\/media\/54225"}],"wp:attachment":[{"href":"https:\/\/www.koupelnapro.com\/index.php\/wp-json\/wp\/v2\/media?parent=54125"}],"wp:term":[{"taxonomy":"product_brand","embeddable":true,"href":"https:\/\/www.koupelnapro.com\/index.php\/wp-json\/wp\/v2\/product_brand?post=54125"},{"taxonomy":"product_cat","embeddable":true,"href":"https:\/\/www.koupelnapro.com\/index.php\/wp-json\/wp\/v2\/product_cat?post=54125"},{"taxonomy":"product_tag","embeddable":true,"href":"https:\/\/www.koupelnapro.com\/index.php\/wp-json\/wp\/v2\/product_tag?post=54125"}],"curies":[{"name":"wp","href":"https:\/\/api.w.org\/{rel}","templated":true}]}}