{"id":53955,"date":"2026-04-26T09:17:02","date_gmt":"2026-04-26T09:17:02","guid":{"rendered":""},"modified":"2026-04-26T09:17:02","modified_gmt":"2026-04-26T09:17:02","slug":"p-m-h-marabu-m4a-600-1233-overeny-53955","status":"publish","type":"product","link":"https:\/\/www.koupelnapro.com\/produkt\/p-m-h-marabu-m4a-600-1233-overeny-53955\/","title":{"rendered":"P.M.H. MARABU M4A 600\/1233 Ov\u011b\u0159en\u00fd"},"content":{"rendered":"<div id=\"e7265921\" class=\"pages\">\n<div>\n<div id=\"PDDescription\" class=\"UserContentView userContent v1a v1 bs-view dcon dc159 PDDescription\" ><dc-con><dc-con><bs-empty><\/bs-empty><\/dc-con><dc-con>        <\/p>\n<div class=\"customDescription\">\n<p> <strong>Obr\u00e1zek radi\u00e1toru je pouze ilustra\u010dn\u00ed, radi\u00e1tor je dod\u00e1v\u00e1n bez p\u0159ipojen\u00ed, armatury a termostatick\u00e9 hlavice!!<\/strong><\/p>\n<\/p><\/div>\n<p><\/dc-con><dc-con><\/p>\n<p>Prohnut\u00e9<\/p>\n<p><span style=\"color: #ff0000;\"><strong>Na v\u0161echny koupelnov\u00e9 radi\u00e1tory zna\u010dky P.M.H. po\u017eadujeme 50% z\u00e1lohu!!<\/strong><\/span><\/p>\n<p><\/dc-con><\/dc-con><\/div>\n<div id=\"PDDescription2\" class=\"UserContentView userContent v1a v1 bs-view dcon dc160 PDDescription2\" >\n<p><span style=\"font-weight: bold;\">Marabu 600 x\u00a01233 mm &#8211; Metalick\u00e1 antracit<\/span><\/p>\n<p>Marabu je tvo\u0159en z m\u00edrn\u011b prohnut\u00fdch ov\u00e1ln\u00fdch ocelov\u00fdch trubek o rozm\u011brech 30 x 15 x 1,5 mm<br \/>a dvou horizont\u00e1ln\u00edch tunelov\u00fdch profil\u016f o rozm\u011brech 41 x 35 x 1,5 mm.<br \/>Tento radi\u00e1tor nabiz\u00ed v\u00fdjime\u010dnou kombinac\u00ed esteti\u010dnosti, <br \/>funk\u010dnosti a komfortu pro vytvo\u0159en\u00ed harmonizuj\u00edc\u00ed atmosf\u00e9ry ve Va\u0161i koupeln\u011b. <br \/>Vyj\u00edme\u010dn\u011b atraktivn\u00ed d\u011bl\u00e1 tento radi\u00e1tor kombinace tepla, komfortu a jedine\u010dnosti.<\/p>\n<p><img decoding=\"async\" title=\"\" style=\"width: 637px; height: 630px;\" src=\"\/\/cdn.topenilevne.cz\/data\/user-content\/tabulky radiatory\/rozkres marabu2.jpg\"><\/p>\n<p><img decoding=\"async\" title=\"\" src=\"\/\/cdn.topenilevne.cz\/data\/user-content\/tabulky radiatory\/roztec blenheim2.jpg\"><\/p>\n<p><img decoding=\"async\" title=\"\" style=\"width: 704px; height: 213px;\" src=\"\/\/cdn.topenilevne.cz\/data\/user-content\/tabulky radiatory\/tabulka marabu.jpg\"><\/p>\n<\/div><\/div>\n<div id=\"PDTable3\" class=\"ProductDetailTableView v3a v3 bs-view dcon dc180 PDTable3\" >\n<table>\n<thead><\/thead>\n<tbody>\n<tr class=\"attribute attr_sirka\">\n<td class=\"caption\">\u0160\u00ed\u0159ka v mm<\/td>\n<td class=\"value\">600<\/td>\n<\/tr>\n<tr class=\"attribute attr_Vyska\">\n<td class=\"caption\">V\u00fd\u0161ka v mm<\/td>\n<td class=\"value\">1233<\/td>\n<\/tr>\n<tr class=\"attribute attr_pripojeni\">\n<td class=\"caption\">P\u0159ipojen\u00ed<\/td>\n<td class=\"value\">Spodn\u00ed<\/td>\n<\/tr>\n<tr class=\"attribute attr_vyrobce\">\n<td class=\"caption\">V\u00fdrobce<\/td>\n<td class=\"value\">PMH<\/td>\n<\/tr>\n<tr class=\"attribute attr_bsshop_e1_VPrBsVykonRad\">\n<td class=\"caption\">V\u00fdkon<\/td>\n<td class=\"value\">400.00<\/td>\n<\/tr>\n<tr class=\"weight\">\n<td class=\"caption\"><span>Hmotnost<\/span><\/td>\n<td class=\"value\"><span>10,60 kg<\/span><\/td>\n<\/tr>\n<\/tbody>\n<\/table>\n<\/div>\n<div id=\"PdProductGpsr\" class=\"ProductGpsrView v1a v1 bs-view dcon dc212 PdProductGpsr\" >\n<div class=\"subject\"><dc-root class=\"dcon dc214\"><span class=\"title\">Zodpov\u011bdn&#253; subjekt:<\/span><dc-con><dc-con><span class=\"company\">P.M.H. Design s.r.o.<\/span><span class=\"name\">P.M.H. Design<\/span><\/dc-con><dc-con><span class=\"street\">P\u0159&#237;se\u010dn&#225; 556<\/span><span class=\"city\">\u010cesk&#253; Krumlov<\/span><span class=\"zip\">381 01<\/span><span class=\"country\">\u010cesko<\/span><\/dc-con><span class=\"email\">info@pmh-co.cz<\/span><span class=\"phone\">380 711 237<\/span><bs-empty><\/bs-empty><a href=\"https:\/\/www.pmh-co.eu\/\" class=\"link\" target=\"_blank\">https:\/\/www.pmh-co.eu\/<\/a><\/dc-con><bs-empty><\/bs-empty><\/dc-root><\/div>\n<p><bs-empty><\/bs-empty><\/div>\n<\/div>\n<div id=\"e7265922\" class=\"tabs\">\n","protected":false},"excerpt":{"rendered":"<p>Obr\u00e1zek radi\u00e1toru je pouze ilustra\u010dn\u00ed, radi\u00e1tor je dod\u00e1v\u00e1n bez p\u0159ipojen\u00ed, armatury a termostatick\u00e9 hlavice!! Prohnut\u00e9 Na v\u0161echny koupelnov\u00e9 radi\u00e1tory zna\u010dky P.M.H. po\u017eadujeme 50% z\u00e1lohu!! Marabu 600 x\u00a01233 mm &#8211; Metalick\u00e1 antracit Marabu je tvo\u0159en z m\u00edrn\u011b prohnut\u00fdch ov\u00e1ln\u00fdch ocelov\u00fdch trubek o rozm\u011brech 30 x 15 x 1,5 mma dvou horizont\u00e1ln\u00edch tunelov\u00fdch profil\u016f o rozm\u011brech 41 [&hellip;]<\/p>\n","protected":false},"featured_media":54055,"template":"","meta":[],"product_brand":[],"product_cat":[173],"product_tag":[],"class_list":{"0":"post-53955","1":"product","2":"type-product","3":"status-publish","4":"has-post-thumbnail","6":"product_cat-radi-225-tory","8":"first","9":"instock","10":"sale","11":"shipping-taxable","12":"purchasable","13":"product-type-simple"},"yoast_head":"<!-- This site is optimized with the Yoast SEO plugin v26.8 - https:\/\/yoast.com\/product\/yoast-seo-wordpress\/ -->\n<title>P.M.H. MARABU M4A 600\/1233 Ov\u011b\u0159en\u00fd - Vybaven\u00ed pro d\u016fm<\/title>\n<meta name=\"robots\" content=\"index, follow, max-snippet:-1, max-image-preview:large, max-video-preview:-1\" \/>\n<link rel=\"canonical\" href=\"https:\/\/www.koupelnapro.com\/index.php\/produkt\/p-m-h-marabu-m4a-600-1233-overeny-53955\/\" \/>\n<meta property=\"og:locale\" content=\"cs_CZ\" \/>\n<meta property=\"og:type\" content=\"article\" \/>\n<meta property=\"og:title\" content=\"P.M.H. MARABU M4A 600\/1233 Ov\u011b\u0159en\u00fd - Vybaven\u00ed pro d\u016fm\" \/>\n<meta property=\"og:description\" content=\"Obr\u00e1zek radi\u00e1toru je pouze ilustra\u010dn\u00ed, radi\u00e1tor je dod\u00e1v\u00e1n bez p\u0159ipojen\u00ed, armatury a termostatick\u00e9 hlavice!! Prohnut\u00e9 Na v\u0161echny koupelnov\u00e9 radi\u00e1tory zna\u010dky P.M.H. po\u017eadujeme 50% z\u00e1lohu!! Marabu 600 x\u00a01233 mm &#8211; Metalick\u00e1 antracit Marabu je tvo\u0159en z m\u00edrn\u011b prohnut\u00fdch ov\u00e1ln\u00fdch ocelov\u00fdch trubek o rozm\u011brech 30 x 15 x 1,5 mma dvou horizont\u00e1ln\u00edch tunelov\u00fdch profil\u016f o rozm\u011brech 41 [&hellip;]\" \/>\n<meta property=\"og:url\" content=\"https:\/\/www.koupelnapro.com\/index.php\/produkt\/p-m-h-marabu-m4a-600-1233-overeny-53955\/\" \/>\n<meta property=\"og:site_name\" content=\"Vybaven\u00ed pro d\u016fm\" \/>\n<meta property=\"og:image\" content=\"https:\/\/www.koupelnapro.com\/wp-content\/uploads\/2026\/SK0003292-CZ20260425-093449-0-1777080895-p-m-h-marabu-m4a-600-1233.webp\" \/>\n\t<meta property=\"og:image:width\" content=\"1000\" \/>\n\t<meta property=\"og:image:height\" content=\"525\" \/>\n\t<meta property=\"og:image:type\" content=\"image\/webp\" \/>\n<meta name=\"twitter:card\" content=\"summary_large_image\" \/>\n<meta name=\"twitter:label1\" content=\"Odhadovan\u00e1 doba \u010dten\u00ed\" \/>\n\t<meta name=\"twitter:data1\" content=\"1 minuta\" \/>\n<script type=\"application\/ld+json\" class=\"yoast-schema-graph\">{\"@context\":\"https:\/\/schema.org\",\"@graph\":[{\"@type\":\"WebPage\",\"@id\":\"https:\/\/www.koupelnapro.com\/index.php\/produkt\/p-m-h-marabu-m4a-600-1233-overeny-53955\/\",\"url\":\"https:\/\/www.koupelnapro.com\/index.php\/produkt\/p-m-h-marabu-m4a-600-1233-overeny-53955\/\",\"name\":\"P.M.H. MARABU M4A 600\/1233 Ov\u011b\u0159en\u00fd - Vybaven\u00ed pro d\u016fm\",\"isPartOf\":{\"@id\":\"https:\/\/www.koupelnapro.com\/#website\"},\"primaryImageOfPage\":{\"@id\":\"https:\/\/www.koupelnapro.com\/index.php\/produkt\/p-m-h-marabu-m4a-600-1233-overeny-53955\/#primaryimage\"},\"image\":{\"@id\":\"https:\/\/www.koupelnapro.com\/index.php\/produkt\/p-m-h-marabu-m4a-600-1233-overeny-53955\/#primaryimage\"},\"thumbnailUrl\":\"https:\/\/www.koupelnapro.com\/wp-content\/uploads\/2026\/SK0003292-CZ20260425-093449-0-1777080895-p-m-h-marabu-m4a-600-1233.webp\",\"datePublished\":\"2026-04-26T09:17:02+00:00\",\"breadcrumb\":{\"@id\":\"https:\/\/www.koupelnapro.com\/index.php\/produkt\/p-m-h-marabu-m4a-600-1233-overeny-53955\/#breadcrumb\"},\"inLanguage\":\"cs\",\"potentialAction\":[{\"@type\":\"ReadAction\",\"target\":[\"https:\/\/www.koupelnapro.com\/index.php\/produkt\/p-m-h-marabu-m4a-600-1233-overeny-53955\/\"]}]},{\"@type\":\"ImageObject\",\"inLanguage\":\"cs\",\"@id\":\"https:\/\/www.koupelnapro.com\/index.php\/produkt\/p-m-h-marabu-m4a-600-1233-overeny-53955\/#primaryimage\",\"url\":\"https:\/\/www.koupelnapro.com\/wp-content\/uploads\/2026\/SK0003292-CZ20260425-093449-0-1777080895-p-m-h-marabu-m4a-600-1233.webp\",\"contentUrl\":\"https:\/\/www.koupelnapro.com\/wp-content\/uploads\/2026\/SK0003292-CZ20260425-093449-0-1777080895-p-m-h-marabu-m4a-600-1233.webp\",\"width\":1000,\"height\":525},{\"@type\":\"BreadcrumbList\",\"@id\":\"https:\/\/www.koupelnapro.com\/index.php\/produkt\/p-m-h-marabu-m4a-600-1233-overeny-53955\/#breadcrumb\",\"itemListElement\":[{\"@type\":\"ListItem\",\"position\":1,\"name\":\"Home\",\"item\":\"https:\/\/www.koupelnapro.com\/\"},{\"@type\":\"ListItem\",\"position\":2,\"name\":\"Products\",\"item\":\"https:\/\/www.koupelnapro.com\/products\/\"},{\"@type\":\"ListItem\",\"position\":3,\"name\":\"P.M.H. MARABU M4A 600\/1233 Ov\u011b\u0159en\u00fd\"}]},{\"@type\":\"WebSite\",\"@id\":\"https:\/\/www.koupelnapro.com\/#website\",\"url\":\"https:\/\/www.koupelnapro.com\/\",\"name\":\"Vybaven\u00ed pro d\u016fm\",\"description\":\"Vybaven\u00ed pro d\u016fm\",\"publisher\":{\"@id\":\"https:\/\/www.koupelnapro.com\/#organization\"},\"potentialAction\":[{\"@type\":\"SearchAction\",\"target\":{\"@type\":\"EntryPoint\",\"urlTemplate\":\"https:\/\/www.koupelnapro.com\/?s={search_term_string}\"},\"query-input\":{\"@type\":\"PropertyValueSpecification\",\"valueRequired\":true,\"valueName\":\"search_term_string\"}}],\"inLanguage\":\"cs\"},{\"@type\":\"Organization\",\"@id\":\"https:\/\/www.koupelnapro.com\/#organization\",\"name\":\"Vybaven\u00ed pro d\u016fm\",\"url\":\"https:\/\/www.koupelnapro.com\/\",\"logo\":{\"@type\":\"ImageObject\",\"inLanguage\":\"cs\",\"@id\":\"https:\/\/www.koupelnapro.com\/#\/schema\/logo\/image\/\",\"url\":\"https:\/\/www.koupelnapro.com\/wp-content\/uploads\/2026\/04\/koupelnapro-logo-deep-green.svg\",\"contentUrl\":\"https:\/\/www.koupelnapro.com\/wp-content\/uploads\/2026\/04\/koupelnapro-logo-deep-green.svg\",\"width\":920,\"height\":160,\"caption\":\"Vybaven\u00ed pro d\u016fm\"},\"image\":{\"@id\":\"https:\/\/www.koupelnapro.com\/#\/schema\/logo\/image\/\"}}]}<\/script>\n<!-- \/ Yoast SEO plugin. -->","yoast_head_json":{"title":"P.M.H. MARABU M4A 600\/1233 Ov\u011b\u0159en\u00fd - Vybaven\u00ed pro d\u016fm","robots":{"index":"index","follow":"follow","max-snippet":"max-snippet:-1","max-image-preview":"max-image-preview:large","max-video-preview":"max-video-preview:-1"},"canonical":"https:\/\/www.koupelnapro.com\/index.php\/produkt\/p-m-h-marabu-m4a-600-1233-overeny-53955\/","og_locale":"cs_CZ","og_type":"article","og_title":"P.M.H. MARABU M4A 600\/1233 Ov\u011b\u0159en\u00fd - Vybaven\u00ed pro d\u016fm","og_description":"Obr\u00e1zek radi\u00e1toru je pouze ilustra\u010dn\u00ed, radi\u00e1tor je dod\u00e1v\u00e1n bez p\u0159ipojen\u00ed, armatury a termostatick\u00e9 hlavice!! Prohnut\u00e9 Na v\u0161echny koupelnov\u00e9 radi\u00e1tory zna\u010dky P.M.H. po\u017eadujeme 50% z\u00e1lohu!! Marabu 600 x\u00a01233 mm &#8211; Metalick\u00e1 antracit Marabu je tvo\u0159en z m\u00edrn\u011b prohnut\u00fdch ov\u00e1ln\u00fdch ocelov\u00fdch trubek o rozm\u011brech 30 x 15 x 1,5 mma dvou horizont\u00e1ln\u00edch tunelov\u00fdch profil\u016f o rozm\u011brech 41 [&hellip;]","og_url":"https:\/\/www.koupelnapro.com\/index.php\/produkt\/p-m-h-marabu-m4a-600-1233-overeny-53955\/","og_site_name":"Vybaven\u00ed pro d\u016fm","og_image":[{"width":1000,"height":525,"url":"https:\/\/www.koupelnapro.com\/wp-content\/uploads\/2026\/SK0003292-CZ20260425-093449-0-1777080895-p-m-h-marabu-m4a-600-1233.webp","type":"image\/webp"}],"twitter_card":"summary_large_image","twitter_misc":{"Odhadovan\u00e1 doba \u010dten\u00ed":"1 minuta"},"schema":{"@context":"https:\/\/schema.org","@graph":[{"@type":"WebPage","@id":"https:\/\/www.koupelnapro.com\/index.php\/produkt\/p-m-h-marabu-m4a-600-1233-overeny-53955\/","url":"https:\/\/www.koupelnapro.com\/index.php\/produkt\/p-m-h-marabu-m4a-600-1233-overeny-53955\/","name":"P.M.H. MARABU M4A 600\/1233 Ov\u011b\u0159en\u00fd - Vybaven\u00ed pro d\u016fm","isPartOf":{"@id":"https:\/\/www.koupelnapro.com\/#website"},"primaryImageOfPage":{"@id":"https:\/\/www.koupelnapro.com\/index.php\/produkt\/p-m-h-marabu-m4a-600-1233-overeny-53955\/#primaryimage"},"image":{"@id":"https:\/\/www.koupelnapro.com\/index.php\/produkt\/p-m-h-marabu-m4a-600-1233-overeny-53955\/#primaryimage"},"thumbnailUrl":"https:\/\/www.koupelnapro.com\/wp-content\/uploads\/2026\/SK0003292-CZ20260425-093449-0-1777080895-p-m-h-marabu-m4a-600-1233.webp","datePublished":"2026-04-26T09:17:02+00:00","breadcrumb":{"@id":"https:\/\/www.koupelnapro.com\/index.php\/produkt\/p-m-h-marabu-m4a-600-1233-overeny-53955\/#breadcrumb"},"inLanguage":"cs","potentialAction":[{"@type":"ReadAction","target":["https:\/\/www.koupelnapro.com\/index.php\/produkt\/p-m-h-marabu-m4a-600-1233-overeny-53955\/"]}]},{"@type":"ImageObject","inLanguage":"cs","@id":"https:\/\/www.koupelnapro.com\/index.php\/produkt\/p-m-h-marabu-m4a-600-1233-overeny-53955\/#primaryimage","url":"https:\/\/www.koupelnapro.com\/wp-content\/uploads\/2026\/SK0003292-CZ20260425-093449-0-1777080895-p-m-h-marabu-m4a-600-1233.webp","contentUrl":"https:\/\/www.koupelnapro.com\/wp-content\/uploads\/2026\/SK0003292-CZ20260425-093449-0-1777080895-p-m-h-marabu-m4a-600-1233.webp","width":1000,"height":525},{"@type":"BreadcrumbList","@id":"https:\/\/www.koupelnapro.com\/index.php\/produkt\/p-m-h-marabu-m4a-600-1233-overeny-53955\/#breadcrumb","itemListElement":[{"@type":"ListItem","position":1,"name":"Home","item":"https:\/\/www.koupelnapro.com\/"},{"@type":"ListItem","position":2,"name":"Products","item":"https:\/\/www.koupelnapro.com\/products\/"},{"@type":"ListItem","position":3,"name":"P.M.H. MARABU M4A 600\/1233 Ov\u011b\u0159en\u00fd"}]},{"@type":"WebSite","@id":"https:\/\/www.koupelnapro.com\/#website","url":"https:\/\/www.koupelnapro.com\/","name":"Vybaven\u00ed pro d\u016fm","description":"Vybaven\u00ed pro d\u016fm","publisher":{"@id":"https:\/\/www.koupelnapro.com\/#organization"},"potentialAction":[{"@type":"SearchAction","target":{"@type":"EntryPoint","urlTemplate":"https:\/\/www.koupelnapro.com\/?s={search_term_string}"},"query-input":{"@type":"PropertyValueSpecification","valueRequired":true,"valueName":"search_term_string"}}],"inLanguage":"cs"},{"@type":"Organization","@id":"https:\/\/www.koupelnapro.com\/#organization","name":"Vybaven\u00ed pro d\u016fm","url":"https:\/\/www.koupelnapro.com\/","logo":{"@type":"ImageObject","inLanguage":"cs","@id":"https:\/\/www.koupelnapro.com\/#\/schema\/logo\/image\/","url":"https:\/\/www.koupelnapro.com\/wp-content\/uploads\/2026\/04\/koupelnapro-logo-deep-green.svg","contentUrl":"https:\/\/www.koupelnapro.com\/wp-content\/uploads\/2026\/04\/koupelnapro-logo-deep-green.svg","width":920,"height":160,"caption":"Vybaven\u00ed pro d\u016fm"},"image":{"@id":"https:\/\/www.koupelnapro.com\/#\/schema\/logo\/image\/"}}]}},"_links":{"self":[{"href":"https:\/\/www.koupelnapro.com\/wp-json\/wp\/v2\/product\/53955","targetHints":{"allow":["GET"]}}],"collection":[{"href":"https:\/\/www.koupelnapro.com\/wp-json\/wp\/v2\/product"}],"about":[{"href":"https:\/\/www.koupelnapro.com\/wp-json\/wp\/v2\/types\/product"}],"wp:featuredmedia":[{"embeddable":true,"href":"https:\/\/www.koupelnapro.com\/wp-json\/wp\/v2\/media\/54055"}],"wp:attachment":[{"href":"https:\/\/www.koupelnapro.com\/wp-json\/wp\/v2\/media?parent=53955"}],"wp:term":[{"taxonomy":"product_brand","embeddable":true,"href":"https:\/\/www.koupelnapro.com\/wp-json\/wp\/v2\/product_brand?post=53955"},{"taxonomy":"product_cat","embeddable":true,"href":"https:\/\/www.koupelnapro.com\/wp-json\/wp\/v2\/product_cat?post=53955"},{"taxonomy":"product_tag","embeddable":true,"href":"https:\/\/www.koupelnapro.com\/wp-json\/wp\/v2\/product_tag?post=53955"}],"curies":[{"name":"wp","href":"https:\/\/api.w.org\/{rel}","templated":true}]}}