{"id":53766,"date":"2026-04-26T09:17:01","date_gmt":"2026-04-26T09:17:01","guid":{"rendered":""},"modified":"2026-04-26T09:17:01","modified_gmt":"2026-04-26T09:17:01","slug":"znackovy-jika-cubito-umyvatko-45cm-s-otvorem-pro-baterii-53766","status":"publish","type":"product","link":"https:\/\/www.koupelnapro.com\/index.php\/produkt\/znackovy-jika-cubito-umyvatko-45cm-s-otvorem-pro-baterii-53766\/","title":{"rendered":"Zna\u010dkov\u00fd JIKA CUBITO Um\u00fdv\u00e1tko 45cm s otvorem pro baterii"},"content":{"rendered":"<div id=\"e18541151\" class=\"pages\">\n<div>\n<div id=\"PDDescription\" class=\"UserContentView userContent v1a v1 bs-view dcon dc159 PDDescription\" ><dc-con><dc-con><bs-empty><\/bs-empty><\/dc-con><dc-con>        <\/p>\n<div class=\"customDescription\">                    <\/div>\n<p><\/dc-con><dc-con>Koupelnov\u00e1 s\u00e9rie Cubito ct\u00ed nejnov\u011bj\u0161\u00ed trendy ve vybaven\u00ed koupelen a to p\u0159ekvapivou jednoduchost\u00ed na prvn\u00ed pohled. Um\u00fdv\u00e1tko o \u0161\u00ed\u0159ce 450 mm ide\u00e1ln\u011b \u0159e\u0161\u00ed pot\u0159eby mal\u00fdch koupelnov\u00fdch prostor. Pro snadn\u011bj\u0161\u00ed \u00fadr\u017ebu lze umyvadlo objednat se speci\u00e1ln\u011b vyvinutou povrchovou \u00fapravou keramiky JIKA Perla, kter\u00e1 prodlu\u017euje \u017eivotnost v\u00fdrobku. Tato speci\u00e1ln\u00ed voduodpudiv\u00e1 \u00faprava m\u00e1 v\u00fdjime\u010dn\u00e9 hygienick\u00e9 vlastnosti, kter\u00e9 zabra\u0148uj\u00ed usazov\u00e1n\u00ed ne\u010distot a vodn\u00edho kamene. K um\u00fdv\u00e1tku doporu\u010dujeme praktick\u00fd n\u00e1bytek Cubito, kter\u00fd nab\u00edz\u00ed \u0161irokou \u0161k\u00e1lu kombinac\u00ed r\u016fzn\u00fdch typ\u016f sk\u0159\u00edn\u011bk a jejich povrchov\u00fdch \u00faprav a d\u00edku tomu velkoryse dopln\u00ed interi\u00e9r va\u0161\u00ed koupelny, p\u0159\u00edpadn\u011b designov\u00fd sifon Mio nebo Mio Style v modern\u00ed \u010dern\u00e9 matn\u00e9 barv\u011b. Na keramick\u00e9 v\u00fdrobky JIKA poskytujeme prodlou\u017eenou z\u00e1ruku 10 let.<\/dc-con><\/dc-con><\/div>\n<div id=\"PDDescription2\" class=\"UserContentView userContent v1a v1 bs-view dcon dc160 PDDescription2\" >\n<table class=\"params-table\">\n<tr>\n<td>Modelov\u00e9 \u010d\u00edslo<\/td>\n<td>811422<\/td>\n<\/tr>\n<tr>\n<td>D\u00e9lka (mm)<\/td>\n<td>450<\/td>\n<\/tr>\n<tr>\n<td>Tvar<\/td>\n<td>Hranat\u00e9<\/td>\n<\/tr>\n<tr>\n<td>\u0160\u00ed\u0159ka (mm)<\/td>\n<td>340<\/td>\n<\/tr>\n<tr>\n<td>Materi\u00e1l<\/td>\n<td>Sanit\u00e1rn\u00ed keramika<\/td>\n<\/tr>\n<tr>\n<td>Rohov\u00e9 umyvadlo<\/td>\n<td>false<\/td>\n<\/tr>\n<tr>\n<td>Typ instalace<\/td>\n<td>Z\u00e1v\u011bsn\u00e9<\/td>\n<\/tr>\n<tr>\n<td>Dvojit\u00e9 umyvadlo<\/td>\n<td>false<\/td>\n<\/tr>\n<tr>\n<td>V\u00fd\u0161ka (mm)<\/td>\n<td>155<\/td>\n<\/tr>\n<\/table>\n<\/div><\/div>\n<div id=\"PDTable3\" class=\"ProductDetailTableView v3a v3 bs-view dcon dc180 PDTable3\" >\n<table>\n<thead><\/thead>\n<tbody>\n<tr class=\"attribute attr_bsshop_maker\">\n<td class=\"caption\">V\u00fdrobce<\/td>\n<td class=\"value\">Jika<\/td>\n<\/tr>\n<tr class=\"attribute attr_delka\">\n<td class=\"caption\">D\u00e9lka v mm<\/td>\n<td class=\"value\">450<\/td>\n<\/tr>\n<tr class=\"attribute attr_material\">\n<td class=\"caption\">Materi\u00e1l<\/td>\n<td class=\"value\">Sanit\u00e1rn\u00ed keramika<\/td>\n<\/tr>\n<tr class=\"attribute attr_sirka\">\n<td class=\"caption\">\u0160\u00ed\u0159ka v mm<\/td>\n<td class=\"value\">340<\/td>\n<\/tr>\n<tr class=\"attribute attr_Vyska\">\n<td class=\"caption\">V\u00fd\u0161ka v mm<\/td>\n<td class=\"value\">155<\/td>\n<\/tr>\n<tr class=\"weight\">\n<td class=\"caption\"><span>Hmotnost<\/span><\/td>\n<td class=\"value\"><span>8,80 kg<\/span><\/td>\n<\/tr>\n<\/tbody>\n<\/table>\n<\/div>\n<div id=\"ProductMedia\" class=\"ProductMediaView MediaViewBase v1a v1 bs-view dcon dc404 ProductMedia\" ><bs-empty><\/bs-empty><\/p>\n<div class=\"files\">\n<div class=\"title sub\">Soubory<\/div>\n<p><a href=\"\/media\/10488\/td01-jika-811422.pdf?&amp;key=ZGpmIyQwNUZfMTA0ODg=\" class=\"pdf\">Technick&#253; v&#253;kres<\/a><a href=\"\/media\/40266\/mi01-washbasins-cubito-pure.pdf?&amp;key=ZGpmIyQwNUZfNDAyNjY=\" class=\"pdf\">Mont&#225;\u017en&#237; n&#225;vod<\/a><\/div>\n<p><bs-empty><\/bs-empty><\/div>\n<\/div>\n<div id=\"e18541152\" class=\"tabs\">\n","protected":false},"excerpt":{"rendered":"<p>Koupelnov\u00e1 s\u00e9rie Cubito ct\u00ed nejnov\u011bj\u0161\u00ed trendy ve vybaven\u00ed koupelen a to p\u0159ekvapivou jednoduchost\u00ed na prvn\u00ed pohled. Um\u00fdv\u00e1tko o \u0161\u00ed\u0159ce 450 mm ide\u00e1ln\u011b \u0159e\u0161\u00ed pot\u0159eby mal\u00fdch koupelnov\u00fdch prostor. Pro snadn\u011bj\u0161\u00ed \u00fadr\u017ebu lze umyvadlo objednat se speci\u00e1ln\u011b vyvinutou povrchovou \u00fapravou keramiky JIKA Perla, kter\u00e1 prodlu\u017euje \u017eivotnost v\u00fdrobku. Tato speci\u00e1ln\u00ed voduodpudiv\u00e1 \u00faprava m\u00e1 v\u00fdjime\u010dn\u00e9 hygienick\u00e9 vlastnosti, kter\u00e9 zabra\u0148uj\u00ed [&hellip;]<\/p>\n","protected":false},"featured_media":53866,"comment_status":"open","ping_status":"open","template":"","meta":[],"product_brand":[],"product_cat":[171],"product_tag":[],"class_list":{"0":"post-53766","1":"product","2":"type-product","3":"status-publish","4":"has-post-thumbnail","6":"product_cat-vybaven-237-koupelny","8":"first","9":"instock","10":"sale","11":"shipping-taxable","12":"purchasable","13":"product-type-simple"},"yoast_head":"<!-- This site is optimized with the Yoast SEO plugin v26.8 - https:\/\/yoast.com\/product\/yoast-seo-wordpress\/ -->\n<title>Zna\u010dkov\u00fd JIKA CUBITO Um\u00fdv\u00e1tko 45cm s otvorem pro baterii -<\/title>\n<meta name=\"robots\" content=\"index, follow, max-snippet:-1, max-image-preview:large, max-video-preview:-1\" \/>\n<link rel=\"canonical\" href=\"https:\/\/www.koupelnapro.com\/index.php\/produkt\/znackovy-jika-cubito-umyvatko-45cm-s-otvorem-pro-baterii-53766\/\" \/>\n<meta property=\"og:locale\" content=\"cs_CZ\" \/>\n<meta property=\"og:type\" content=\"article\" \/>\n<meta property=\"og:title\" content=\"Zna\u010dkov\u00fd JIKA CUBITO Um\u00fdv\u00e1tko 45cm s otvorem pro baterii -\" \/>\n<meta property=\"og:description\" content=\"Koupelnov\u00e1 s\u00e9rie Cubito ct\u00ed nejnov\u011bj\u0161\u00ed trendy ve vybaven\u00ed koupelen a to p\u0159ekvapivou jednoduchost\u00ed na prvn\u00ed pohled. Um\u00fdv\u00e1tko o \u0161\u00ed\u0159ce 450 mm ide\u00e1ln\u011b \u0159e\u0161\u00ed pot\u0159eby mal\u00fdch koupelnov\u00fdch prostor. Pro snadn\u011bj\u0161\u00ed \u00fadr\u017ebu lze umyvadlo objednat se speci\u00e1ln\u011b vyvinutou povrchovou \u00fapravou keramiky JIKA Perla, kter\u00e1 prodlu\u017euje \u017eivotnost v\u00fdrobku. Tato speci\u00e1ln\u00ed voduodpudiv\u00e1 \u00faprava m\u00e1 v\u00fdjime\u010dn\u00e9 hygienick\u00e9 vlastnosti, kter\u00e9 zabra\u0148uj\u00ed [&hellip;]\" \/>\n<meta property=\"og:url\" content=\"https:\/\/www.koupelnapro.com\/index.php\/produkt\/znackovy-jika-cubito-umyvatko-45cm-s-otvorem-pro-baterii-53766\/\" \/>\n<meta property=\"og:image\" content=\"https:\/\/www.koupelnapro.com\/wp-content\/uploads\/2026\/SK0003202-CZ20260425-093449-0-1777080895-jika-cubito-umyvatko-45cm-s-otvorem-pro-baterii.webp\" \/>\n\t<meta property=\"og:image:width\" content=\"1000\" \/>\n\t<meta property=\"og:image:height\" content=\"525\" \/>\n\t<meta property=\"og:image:type\" content=\"image\/webp\" \/>\n<meta name=\"twitter:card\" content=\"summary_large_image\" \/>\n<meta name=\"twitter:label1\" content=\"Odhadovan\u00e1 doba \u010dten\u00ed\" \/>\n\t<meta name=\"twitter:data1\" content=\"1 minuta\" \/>\n<script type=\"application\/ld+json\" class=\"yoast-schema-graph\">{\"@context\":\"https:\/\/schema.org\",\"@graph\":[{\"@type\":\"WebPage\",\"@id\":\"https:\/\/www.koupelnapro.com\/index.php\/produkt\/znackovy-jika-cubito-umyvatko-45cm-s-otvorem-pro-baterii-53766\/\",\"url\":\"https:\/\/www.koupelnapro.com\/index.php\/produkt\/znackovy-jika-cubito-umyvatko-45cm-s-otvorem-pro-baterii-53766\/\",\"name\":\"Zna\u010dkov\u00fd JIKA CUBITO Um\u00fdv\u00e1tko 45cm s otvorem pro baterii -\",\"isPartOf\":{\"@id\":\"https:\/\/www.koupelnapro.com\/#website\"},\"primaryImageOfPage\":{\"@id\":\"https:\/\/www.koupelnapro.com\/index.php\/produkt\/znackovy-jika-cubito-umyvatko-45cm-s-otvorem-pro-baterii-53766\/#primaryimage\"},\"image\":{\"@id\":\"https:\/\/www.koupelnapro.com\/index.php\/produkt\/znackovy-jika-cubito-umyvatko-45cm-s-otvorem-pro-baterii-53766\/#primaryimage\"},\"thumbnailUrl\":\"https:\/\/www.koupelnapro.com\/wp-content\/uploads\/2026\/SK0003202-CZ20260425-093449-0-1777080895-jika-cubito-umyvatko-45cm-s-otvorem-pro-baterii.webp\",\"datePublished\":\"2026-04-26T09:17:01+00:00\",\"breadcrumb\":{\"@id\":\"https:\/\/www.koupelnapro.com\/index.php\/produkt\/znackovy-jika-cubito-umyvatko-45cm-s-otvorem-pro-baterii-53766\/#breadcrumb\"},\"inLanguage\":\"cs\",\"potentialAction\":[{\"@type\":\"ReadAction\",\"target\":[\"https:\/\/www.koupelnapro.com\/index.php\/produkt\/znackovy-jika-cubito-umyvatko-45cm-s-otvorem-pro-baterii-53766\/\"]}]},{\"@type\":\"ImageObject\",\"inLanguage\":\"cs\",\"@id\":\"https:\/\/www.koupelnapro.com\/index.php\/produkt\/znackovy-jika-cubito-umyvatko-45cm-s-otvorem-pro-baterii-53766\/#primaryimage\",\"url\":\"https:\/\/www.koupelnapro.com\/wp-content\/uploads\/2026\/SK0003202-CZ20260425-093449-0-1777080895-jika-cubito-umyvatko-45cm-s-otvorem-pro-baterii.webp\",\"contentUrl\":\"https:\/\/www.koupelnapro.com\/wp-content\/uploads\/2026\/SK0003202-CZ20260425-093449-0-1777080895-jika-cubito-umyvatko-45cm-s-otvorem-pro-baterii.webp\",\"width\":1000,\"height\":525},{\"@type\":\"BreadcrumbList\",\"@id\":\"https:\/\/www.koupelnapro.com\/index.php\/produkt\/znackovy-jika-cubito-umyvatko-45cm-s-otvorem-pro-baterii-53766\/#breadcrumb\",\"itemListElement\":[{\"@type\":\"ListItem\",\"position\":1,\"name\":\"Home\",\"item\":\"https:\/\/www.koupelnapro.com\/\"},{\"@type\":\"ListItem\",\"position\":2,\"name\":\"Products\",\"item\":\"https:\/\/www.koupelnapro.com\/index.php\/products\/\"},{\"@type\":\"ListItem\",\"position\":3,\"name\":\"Zna\u010dkov\u00fd JIKA CUBITO Um\u00fdv\u00e1tko 45cm s otvorem pro baterii\"}]},{\"@type\":\"WebSite\",\"@id\":\"https:\/\/www.koupelnapro.com\/#website\",\"url\":\"https:\/\/www.koupelnapro.com\/\",\"name\":\"\",\"description\":\"\",\"potentialAction\":[{\"@type\":\"SearchAction\",\"target\":{\"@type\":\"EntryPoint\",\"urlTemplate\":\"https:\/\/www.koupelnapro.com\/?s={search_term_string}\"},\"query-input\":{\"@type\":\"PropertyValueSpecification\",\"valueRequired\":true,\"valueName\":\"search_term_string\"}}],\"inLanguage\":\"cs\"}]}<\/script>\n<!-- \/ Yoast SEO plugin. -->","yoast_head_json":{"title":"Zna\u010dkov\u00fd JIKA CUBITO Um\u00fdv\u00e1tko 45cm s otvorem pro baterii -","robots":{"index":"index","follow":"follow","max-snippet":"max-snippet:-1","max-image-preview":"max-image-preview:large","max-video-preview":"max-video-preview:-1"},"canonical":"https:\/\/www.koupelnapro.com\/index.php\/produkt\/znackovy-jika-cubito-umyvatko-45cm-s-otvorem-pro-baterii-53766\/","og_locale":"cs_CZ","og_type":"article","og_title":"Zna\u010dkov\u00fd JIKA CUBITO Um\u00fdv\u00e1tko 45cm s otvorem pro baterii -","og_description":"Koupelnov\u00e1 s\u00e9rie Cubito ct\u00ed nejnov\u011bj\u0161\u00ed trendy ve vybaven\u00ed koupelen a to p\u0159ekvapivou jednoduchost\u00ed na prvn\u00ed pohled. Um\u00fdv\u00e1tko o \u0161\u00ed\u0159ce 450 mm ide\u00e1ln\u011b \u0159e\u0161\u00ed pot\u0159eby mal\u00fdch koupelnov\u00fdch prostor. Pro snadn\u011bj\u0161\u00ed \u00fadr\u017ebu lze umyvadlo objednat se speci\u00e1ln\u011b vyvinutou povrchovou \u00fapravou keramiky JIKA Perla, kter\u00e1 prodlu\u017euje \u017eivotnost v\u00fdrobku. Tato speci\u00e1ln\u00ed voduodpudiv\u00e1 \u00faprava m\u00e1 v\u00fdjime\u010dn\u00e9 hygienick\u00e9 vlastnosti, kter\u00e9 zabra\u0148uj\u00ed [&hellip;]","og_url":"https:\/\/www.koupelnapro.com\/index.php\/produkt\/znackovy-jika-cubito-umyvatko-45cm-s-otvorem-pro-baterii-53766\/","og_image":[{"width":1000,"height":525,"url":"https:\/\/www.koupelnapro.com\/wp-content\/uploads\/2026\/SK0003202-CZ20260425-093449-0-1777080895-jika-cubito-umyvatko-45cm-s-otvorem-pro-baterii.webp","type":"image\/webp"}],"twitter_card":"summary_large_image","twitter_misc":{"Odhadovan\u00e1 doba \u010dten\u00ed":"1 minuta"},"schema":{"@context":"https:\/\/schema.org","@graph":[{"@type":"WebPage","@id":"https:\/\/www.koupelnapro.com\/index.php\/produkt\/znackovy-jika-cubito-umyvatko-45cm-s-otvorem-pro-baterii-53766\/","url":"https:\/\/www.koupelnapro.com\/index.php\/produkt\/znackovy-jika-cubito-umyvatko-45cm-s-otvorem-pro-baterii-53766\/","name":"Zna\u010dkov\u00fd JIKA CUBITO Um\u00fdv\u00e1tko 45cm s otvorem pro baterii -","isPartOf":{"@id":"https:\/\/www.koupelnapro.com\/#website"},"primaryImageOfPage":{"@id":"https:\/\/www.koupelnapro.com\/index.php\/produkt\/znackovy-jika-cubito-umyvatko-45cm-s-otvorem-pro-baterii-53766\/#primaryimage"},"image":{"@id":"https:\/\/www.koupelnapro.com\/index.php\/produkt\/znackovy-jika-cubito-umyvatko-45cm-s-otvorem-pro-baterii-53766\/#primaryimage"},"thumbnailUrl":"https:\/\/www.koupelnapro.com\/wp-content\/uploads\/2026\/SK0003202-CZ20260425-093449-0-1777080895-jika-cubito-umyvatko-45cm-s-otvorem-pro-baterii.webp","datePublished":"2026-04-26T09:17:01+00:00","breadcrumb":{"@id":"https:\/\/www.koupelnapro.com\/index.php\/produkt\/znackovy-jika-cubito-umyvatko-45cm-s-otvorem-pro-baterii-53766\/#breadcrumb"},"inLanguage":"cs","potentialAction":[{"@type":"ReadAction","target":["https:\/\/www.koupelnapro.com\/index.php\/produkt\/znackovy-jika-cubito-umyvatko-45cm-s-otvorem-pro-baterii-53766\/"]}]},{"@type":"ImageObject","inLanguage":"cs","@id":"https:\/\/www.koupelnapro.com\/index.php\/produkt\/znackovy-jika-cubito-umyvatko-45cm-s-otvorem-pro-baterii-53766\/#primaryimage","url":"https:\/\/www.koupelnapro.com\/wp-content\/uploads\/2026\/SK0003202-CZ20260425-093449-0-1777080895-jika-cubito-umyvatko-45cm-s-otvorem-pro-baterii.webp","contentUrl":"https:\/\/www.koupelnapro.com\/wp-content\/uploads\/2026\/SK0003202-CZ20260425-093449-0-1777080895-jika-cubito-umyvatko-45cm-s-otvorem-pro-baterii.webp","width":1000,"height":525},{"@type":"BreadcrumbList","@id":"https:\/\/www.koupelnapro.com\/index.php\/produkt\/znackovy-jika-cubito-umyvatko-45cm-s-otvorem-pro-baterii-53766\/#breadcrumb","itemListElement":[{"@type":"ListItem","position":1,"name":"Home","item":"https:\/\/www.koupelnapro.com\/"},{"@type":"ListItem","position":2,"name":"Products","item":"https:\/\/www.koupelnapro.com\/index.php\/products\/"},{"@type":"ListItem","position":3,"name":"Zna\u010dkov\u00fd JIKA CUBITO Um\u00fdv\u00e1tko 45cm s otvorem pro baterii"}]},{"@type":"WebSite","@id":"https:\/\/www.koupelnapro.com\/#website","url":"https:\/\/www.koupelnapro.com\/","name":"","description":"","potentialAction":[{"@type":"SearchAction","target":{"@type":"EntryPoint","urlTemplate":"https:\/\/www.koupelnapro.com\/?s={search_term_string}"},"query-input":{"@type":"PropertyValueSpecification","valueRequired":true,"valueName":"search_term_string"}}],"inLanguage":"cs"}]}},"_links":{"self":[{"href":"https:\/\/www.koupelnapro.com\/index.php\/wp-json\/wp\/v2\/product\/53766","targetHints":{"allow":["GET"]}}],"collection":[{"href":"https:\/\/www.koupelnapro.com\/index.php\/wp-json\/wp\/v2\/product"}],"about":[{"href":"https:\/\/www.koupelnapro.com\/index.php\/wp-json\/wp\/v2\/types\/product"}],"replies":[{"embeddable":true,"href":"https:\/\/www.koupelnapro.com\/index.php\/wp-json\/wp\/v2\/comments?post=53766"}],"wp:featuredmedia":[{"embeddable":true,"href":"https:\/\/www.koupelnapro.com\/index.php\/wp-json\/wp\/v2\/media\/53866"}],"wp:attachment":[{"href":"https:\/\/www.koupelnapro.com\/index.php\/wp-json\/wp\/v2\/media?parent=53766"}],"wp:term":[{"taxonomy":"product_brand","embeddable":true,"href":"https:\/\/www.koupelnapro.com\/index.php\/wp-json\/wp\/v2\/product_brand?post=53766"},{"taxonomy":"product_cat","embeddable":true,"href":"https:\/\/www.koupelnapro.com\/index.php\/wp-json\/wp\/v2\/product_cat?post=53766"},{"taxonomy":"product_tag","embeddable":true,"href":"https:\/\/www.koupelnapro.com\/index.php\/wp-json\/wp\/v2\/product_tag?post=53766"}],"curies":[{"name":"wp","href":"https:\/\/api.w.org\/{rel}","templated":true}]}}