{"id":53759,"date":"2026-04-26T09:17:01","date_gmt":"2026-04-26T09:17:01","guid":{"rendered":""},"modified":"2026-04-26T09:17:01","modified_gmt":"2026-04-26T09:17:01","slug":"jika-cubito-polosloup-k-umyvadlu-vyprodej-53759","status":"publish","type":"product","link":"https:\/\/www.koupelnapro.com\/index.php\/produkt\/jika-cubito-polosloup-k-umyvadlu-vyprodej-53759\/","title":{"rendered":"JIKA CUBITO Polosloup k umyvadlu V\u00fdprodej"},"content":{"rendered":"<div id=\"e18538794\" class=\"pages\">\n<div>\n<div id=\"PDDescription\" class=\"UserContentView userContent v1a v1 bs-view dcon dc159 PDDescription\" ><dc-con><dc-con><bs-empty><\/bs-empty><\/dc-con><dc-con>        <\/p>\n<div class=\"customDescription\">                    <\/div>\n<p><\/dc-con><dc-con>Keramick\u00fd kryt na sifon lze kombinovat pouze s umyvadly s\u00e9rie Cubito (vyjma um\u00fdv\u00e1tka 811422). Kryt obsahuje 1 p\u00e1r nastaviteln\u00fdch mont\u00e1\u017en\u00edch \u00fachyt\u016f. Mont\u00e1\u017en\u00ed n\u00e1vod k instalaci umyvadla s krytem na sifon naleznete v dokumentech ke sta\u017een\u00ed. Na keramick\u00e9 v\u00fdrobky poskytujeme prodlou\u017eenou z\u00e1ruku 10 let.<\/dc-con><\/dc-con><\/div>\n<div id=\"PDDescription2\" class=\"UserContentView userContent v1a v1 bs-view dcon dc160 PDDescription2\" >\n<table class=\"params-table\">\n<tr>\n<td>Modelov\u00e9 \u010d\u00edslo<\/td>\n<td>819951<\/td>\n<\/tr>\n<tr>\n<td>D\u00e9lka (mm)<\/td>\n<td>210<\/td>\n<\/tr>\n<tr>\n<td>\u0160\u00ed\u0159ka (mm)<\/td>\n<td>285<\/td>\n<\/tr>\n<tr>\n<td>V\u00fd\u0161ka (mm)<\/td>\n<td>345<\/td>\n<\/tr>\n<\/table>\n<\/div><\/div>\n<div id=\"PDTable3\" class=\"ProductDetailTableView v3a v3 bs-view dcon dc180 PDTable3\" >\n<table>\n<thead><\/thead>\n<tbody>\n<tr class=\"attribute attr_typ\">\n<td class=\"caption\">Typ<\/td>\n<td class=\"value\">Kryty na sifon<\/td>\n<\/tr>\n<tr class=\"attribute attr_bsshop_maker\">\n<td class=\"caption\">V\u00fdrobce<\/td>\n<td class=\"value\">Jika<\/td>\n<\/tr>\n<tr class=\"attribute attr_delka\">\n<td class=\"caption\">D\u00e9lka v mm<\/td>\n<td class=\"value\">210<\/td>\n<\/tr>\n<tr class=\"attribute attr_sirka\">\n<td class=\"caption\">\u0160\u00ed\u0159ka v mm<\/td>\n<td class=\"value\">285<\/td>\n<\/tr>\n<tr class=\"attribute attr_Vyska\">\n<td class=\"caption\">V\u00fd\u0161ka v mm<\/td>\n<td class=\"value\">345<\/td>\n<\/tr>\n<tr class=\"weight\">\n<td class=\"caption\"><span>Hmotnost<\/span><\/td>\n<td class=\"value\"><span>8,20 kg<\/span><\/td>\n<\/tr>\n<\/tbody>\n<\/table>\n<\/div>\n<div id=\"ProductMedia\" class=\"ProductMediaView MediaViewBase v1a v1 bs-view dcon dc404 ProductMedia\" ><bs-empty><\/bs-empty><\/p>\n<div class=\"files\">\n<div class=\"title sub\">Soubory<\/div>\n<p><a href=\"\/media\/11024\/mi01-819951-fixing-for-ceramic-siphon-cover.pdf?&amp;key=ZGpmIyQwNUZfMTEwMjQ=\" class=\"pdf\">Mont&#225;\u017en&#237; n&#225;vod<\/a><\/div>\n<p><bs-empty><\/bs-empty><\/div>\n<\/div>\n<div id=\"e18538795\" class=\"tabs\">\n","protected":false},"excerpt":{"rendered":"<p>Keramick\u00fd kryt na sifon lze kombinovat pouze s umyvadly s\u00e9rie Cubito (vyjma um\u00fdv\u00e1tka 811422). Kryt obsahuje 1 p\u00e1r nastaviteln\u00fdch mont\u00e1\u017en\u00edch \u00fachyt\u016f. Mont\u00e1\u017en\u00ed n\u00e1vod k instalaci umyvadla s krytem na sifon naleznete v dokumentech ke sta\u017een\u00ed. Na keramick\u00e9 v\u00fdrobky poskytujeme prodlou\u017eenou z\u00e1ruku 10 let. Modelov\u00e9 \u010d\u00edslo 819951 D\u00e9lka (mm) 210 \u0160\u00ed\u0159ka (mm) 285 V\u00fd\u0161ka (mm) 345 [&hellip;]<\/p>\n","protected":false},"featured_media":53859,"comment_status":"open","ping_status":"open","template":"","meta":[],"product_brand":[],"product_cat":[171],"product_tag":[],"class_list":{"0":"post-53759","1":"product","2":"type-product","3":"status-publish","4":"has-post-thumbnail","6":"product_cat-vybaven-237-koupelny","8":"first","9":"instock","10":"sale","11":"shipping-taxable","12":"purchasable","13":"product-type-simple"},"yoast_head":"<!-- This site is optimized with the Yoast SEO plugin v26.8 - https:\/\/yoast.com\/product\/yoast-seo-wordpress\/ -->\n<title>JIKA CUBITO Polosloup k umyvadlu V\u00fdprodej -<\/title>\n<meta name=\"robots\" content=\"index, follow, max-snippet:-1, max-image-preview:large, max-video-preview:-1\" \/>\n<link rel=\"canonical\" href=\"https:\/\/www.koupelnapro.com\/index.php\/produkt\/jika-cubito-polosloup-k-umyvadlu-vyprodej-53759\/\" \/>\n<meta property=\"og:locale\" content=\"cs_CZ\" \/>\n<meta property=\"og:type\" content=\"article\" \/>\n<meta property=\"og:title\" content=\"JIKA CUBITO Polosloup k umyvadlu V\u00fdprodej -\" \/>\n<meta property=\"og:description\" content=\"Keramick\u00fd kryt na sifon lze kombinovat pouze s umyvadly s\u00e9rie Cubito (vyjma um\u00fdv\u00e1tka 811422). Kryt obsahuje 1 p\u00e1r nastaviteln\u00fdch mont\u00e1\u017en\u00edch \u00fachyt\u016f. Mont\u00e1\u017en\u00ed n\u00e1vod k instalaci umyvadla s krytem na sifon naleznete v dokumentech ke sta\u017een\u00ed. Na keramick\u00e9 v\u00fdrobky poskytujeme prodlou\u017eenou z\u00e1ruku 10 let. Modelov\u00e9 \u010d\u00edslo 819951 D\u00e9lka (mm) 210 \u0160\u00ed\u0159ka (mm) 285 V\u00fd\u0161ka (mm) 345 [&hellip;]\" \/>\n<meta property=\"og:url\" content=\"https:\/\/www.koupelnapro.com\/index.php\/produkt\/jika-cubito-polosloup-k-umyvadlu-vyprodej-53759\/\" \/>\n<meta property=\"og:image\" content=\"https:\/\/www.koupelnapro.com\/wp-content\/uploads\/2026\/SK0003195-CZ20260425-093449-0-1777080895-jika-cubito-polosloup-k-umyvadlu.webp\" \/>\n\t<meta property=\"og:image:width\" content=\"1000\" \/>\n\t<meta property=\"og:image:height\" content=\"525\" \/>\n\t<meta property=\"og:image:type\" content=\"image\/webp\" \/>\n<meta name=\"twitter:card\" content=\"summary_large_image\" \/>\n<script type=\"application\/ld+json\" class=\"yoast-schema-graph\">{\"@context\":\"https:\/\/schema.org\",\"@graph\":[{\"@type\":\"WebPage\",\"@id\":\"https:\/\/www.koupelnapro.com\/index.php\/produkt\/jika-cubito-polosloup-k-umyvadlu-vyprodej-53759\/\",\"url\":\"https:\/\/www.koupelnapro.com\/index.php\/produkt\/jika-cubito-polosloup-k-umyvadlu-vyprodej-53759\/\",\"name\":\"JIKA CUBITO Polosloup k umyvadlu V\u00fdprodej -\",\"isPartOf\":{\"@id\":\"https:\/\/www.koupelnapro.com\/#website\"},\"primaryImageOfPage\":{\"@id\":\"https:\/\/www.koupelnapro.com\/index.php\/produkt\/jika-cubito-polosloup-k-umyvadlu-vyprodej-53759\/#primaryimage\"},\"image\":{\"@id\":\"https:\/\/www.koupelnapro.com\/index.php\/produkt\/jika-cubito-polosloup-k-umyvadlu-vyprodej-53759\/#primaryimage\"},\"thumbnailUrl\":\"https:\/\/www.koupelnapro.com\/wp-content\/uploads\/2026\/SK0003195-CZ20260425-093449-0-1777080895-jika-cubito-polosloup-k-umyvadlu.webp\",\"datePublished\":\"2026-04-26T09:17:01+00:00\",\"breadcrumb\":{\"@id\":\"https:\/\/www.koupelnapro.com\/index.php\/produkt\/jika-cubito-polosloup-k-umyvadlu-vyprodej-53759\/#breadcrumb\"},\"inLanguage\":\"cs\",\"potentialAction\":[{\"@type\":\"ReadAction\",\"target\":[\"https:\/\/www.koupelnapro.com\/index.php\/produkt\/jika-cubito-polosloup-k-umyvadlu-vyprodej-53759\/\"]}]},{\"@type\":\"ImageObject\",\"inLanguage\":\"cs\",\"@id\":\"https:\/\/www.koupelnapro.com\/index.php\/produkt\/jika-cubito-polosloup-k-umyvadlu-vyprodej-53759\/#primaryimage\",\"url\":\"https:\/\/www.koupelnapro.com\/wp-content\/uploads\/2026\/SK0003195-CZ20260425-093449-0-1777080895-jika-cubito-polosloup-k-umyvadlu.webp\",\"contentUrl\":\"https:\/\/www.koupelnapro.com\/wp-content\/uploads\/2026\/SK0003195-CZ20260425-093449-0-1777080895-jika-cubito-polosloup-k-umyvadlu.webp\",\"width\":1000,\"height\":525},{\"@type\":\"BreadcrumbList\",\"@id\":\"https:\/\/www.koupelnapro.com\/index.php\/produkt\/jika-cubito-polosloup-k-umyvadlu-vyprodej-53759\/#breadcrumb\",\"itemListElement\":[{\"@type\":\"ListItem\",\"position\":1,\"name\":\"Home\",\"item\":\"https:\/\/www.koupelnapro.com\/\"},{\"@type\":\"ListItem\",\"position\":2,\"name\":\"Products\",\"item\":\"https:\/\/www.koupelnapro.com\/index.php\/products\/\"},{\"@type\":\"ListItem\",\"position\":3,\"name\":\"JIKA CUBITO Polosloup k umyvadlu V\u00fdprodej\"}]},{\"@type\":\"WebSite\",\"@id\":\"https:\/\/www.koupelnapro.com\/#website\",\"url\":\"https:\/\/www.koupelnapro.com\/\",\"name\":\"\",\"description\":\"\",\"potentialAction\":[{\"@type\":\"SearchAction\",\"target\":{\"@type\":\"EntryPoint\",\"urlTemplate\":\"https:\/\/www.koupelnapro.com\/?s={search_term_string}\"},\"query-input\":{\"@type\":\"PropertyValueSpecification\",\"valueRequired\":true,\"valueName\":\"search_term_string\"}}],\"inLanguage\":\"cs\"}]}<\/script>\n<!-- \/ Yoast SEO plugin. -->","yoast_head_json":{"title":"JIKA CUBITO Polosloup k umyvadlu V\u00fdprodej -","robots":{"index":"index","follow":"follow","max-snippet":"max-snippet:-1","max-image-preview":"max-image-preview:large","max-video-preview":"max-video-preview:-1"},"canonical":"https:\/\/www.koupelnapro.com\/index.php\/produkt\/jika-cubito-polosloup-k-umyvadlu-vyprodej-53759\/","og_locale":"cs_CZ","og_type":"article","og_title":"JIKA CUBITO Polosloup k umyvadlu V\u00fdprodej -","og_description":"Keramick\u00fd kryt na sifon lze kombinovat pouze s umyvadly s\u00e9rie Cubito (vyjma um\u00fdv\u00e1tka 811422). Kryt obsahuje 1 p\u00e1r nastaviteln\u00fdch mont\u00e1\u017en\u00edch \u00fachyt\u016f. Mont\u00e1\u017en\u00ed n\u00e1vod k instalaci umyvadla s krytem na sifon naleznete v dokumentech ke sta\u017een\u00ed. Na keramick\u00e9 v\u00fdrobky poskytujeme prodlou\u017eenou z\u00e1ruku 10 let. Modelov\u00e9 \u010d\u00edslo 819951 D\u00e9lka (mm) 210 \u0160\u00ed\u0159ka (mm) 285 V\u00fd\u0161ka (mm) 345 [&hellip;]","og_url":"https:\/\/www.koupelnapro.com\/index.php\/produkt\/jika-cubito-polosloup-k-umyvadlu-vyprodej-53759\/","og_image":[{"width":1000,"height":525,"url":"https:\/\/www.koupelnapro.com\/wp-content\/uploads\/2026\/SK0003195-CZ20260425-093449-0-1777080895-jika-cubito-polosloup-k-umyvadlu.webp","type":"image\/webp"}],"twitter_card":"summary_large_image","schema":{"@context":"https:\/\/schema.org","@graph":[{"@type":"WebPage","@id":"https:\/\/www.koupelnapro.com\/index.php\/produkt\/jika-cubito-polosloup-k-umyvadlu-vyprodej-53759\/","url":"https:\/\/www.koupelnapro.com\/index.php\/produkt\/jika-cubito-polosloup-k-umyvadlu-vyprodej-53759\/","name":"JIKA CUBITO Polosloup k umyvadlu V\u00fdprodej -","isPartOf":{"@id":"https:\/\/www.koupelnapro.com\/#website"},"primaryImageOfPage":{"@id":"https:\/\/www.koupelnapro.com\/index.php\/produkt\/jika-cubito-polosloup-k-umyvadlu-vyprodej-53759\/#primaryimage"},"image":{"@id":"https:\/\/www.koupelnapro.com\/index.php\/produkt\/jika-cubito-polosloup-k-umyvadlu-vyprodej-53759\/#primaryimage"},"thumbnailUrl":"https:\/\/www.koupelnapro.com\/wp-content\/uploads\/2026\/SK0003195-CZ20260425-093449-0-1777080895-jika-cubito-polosloup-k-umyvadlu.webp","datePublished":"2026-04-26T09:17:01+00:00","breadcrumb":{"@id":"https:\/\/www.koupelnapro.com\/index.php\/produkt\/jika-cubito-polosloup-k-umyvadlu-vyprodej-53759\/#breadcrumb"},"inLanguage":"cs","potentialAction":[{"@type":"ReadAction","target":["https:\/\/www.koupelnapro.com\/index.php\/produkt\/jika-cubito-polosloup-k-umyvadlu-vyprodej-53759\/"]}]},{"@type":"ImageObject","inLanguage":"cs","@id":"https:\/\/www.koupelnapro.com\/index.php\/produkt\/jika-cubito-polosloup-k-umyvadlu-vyprodej-53759\/#primaryimage","url":"https:\/\/www.koupelnapro.com\/wp-content\/uploads\/2026\/SK0003195-CZ20260425-093449-0-1777080895-jika-cubito-polosloup-k-umyvadlu.webp","contentUrl":"https:\/\/www.koupelnapro.com\/wp-content\/uploads\/2026\/SK0003195-CZ20260425-093449-0-1777080895-jika-cubito-polosloup-k-umyvadlu.webp","width":1000,"height":525},{"@type":"BreadcrumbList","@id":"https:\/\/www.koupelnapro.com\/index.php\/produkt\/jika-cubito-polosloup-k-umyvadlu-vyprodej-53759\/#breadcrumb","itemListElement":[{"@type":"ListItem","position":1,"name":"Home","item":"https:\/\/www.koupelnapro.com\/"},{"@type":"ListItem","position":2,"name":"Products","item":"https:\/\/www.koupelnapro.com\/index.php\/products\/"},{"@type":"ListItem","position":3,"name":"JIKA CUBITO Polosloup k umyvadlu V\u00fdprodej"}]},{"@type":"WebSite","@id":"https:\/\/www.koupelnapro.com\/#website","url":"https:\/\/www.koupelnapro.com\/","name":"","description":"","potentialAction":[{"@type":"SearchAction","target":{"@type":"EntryPoint","urlTemplate":"https:\/\/www.koupelnapro.com\/?s={search_term_string}"},"query-input":{"@type":"PropertyValueSpecification","valueRequired":true,"valueName":"search_term_string"}}],"inLanguage":"cs"}]}},"_links":{"self":[{"href":"https:\/\/www.koupelnapro.com\/index.php\/wp-json\/wp\/v2\/product\/53759","targetHints":{"allow":["GET"]}}],"collection":[{"href":"https:\/\/www.koupelnapro.com\/index.php\/wp-json\/wp\/v2\/product"}],"about":[{"href":"https:\/\/www.koupelnapro.com\/index.php\/wp-json\/wp\/v2\/types\/product"}],"replies":[{"embeddable":true,"href":"https:\/\/www.koupelnapro.com\/index.php\/wp-json\/wp\/v2\/comments?post=53759"}],"wp:featuredmedia":[{"embeddable":true,"href":"https:\/\/www.koupelnapro.com\/index.php\/wp-json\/wp\/v2\/media\/53859"}],"wp:attachment":[{"href":"https:\/\/www.koupelnapro.com\/index.php\/wp-json\/wp\/v2\/media?parent=53759"}],"wp:term":[{"taxonomy":"product_brand","embeddable":true,"href":"https:\/\/www.koupelnapro.com\/index.php\/wp-json\/wp\/v2\/product_brand?post=53759"},{"taxonomy":"product_cat","embeddable":true,"href":"https:\/\/www.koupelnapro.com\/index.php\/wp-json\/wp\/v2\/product_cat?post=53759"},{"taxonomy":"product_tag","embeddable":true,"href":"https:\/\/www.koupelnapro.com\/index.php\/wp-json\/wp\/v2\/product_tag?post=53759"}],"curies":[{"name":"wp","href":"https:\/\/api.w.org\/{rel}","templated":true}]}}