{"id":53702,"date":"2026-04-26T09:17:01","date_gmt":"2026-04-26T09:17:01","guid":{"rendered":""},"modified":"2026-04-26T09:17:01","modified_gmt":"2026-04-26T09:17:01","slug":"casove-omezene-esbe-vrg-131-dn-40-53702","status":"publish","type":"product","link":"https:\/\/www.koupelnapro.com\/index.php\/produkt\/casove-omezene-esbe-vrg-131-dn-40-53702\/","title":{"rendered":"\u010casov\u011b Omezen\u00e9 ESBE VRG 131 DN 40"},"content":{"rendered":"<div id=\"e18506338\" class=\"pages\">\n<div>\n<div id=\"PDDescription\" class=\"UserContentView userContent v1a v1 bs-view dcon dc159 PDDescription\" ><dc-con><dc-con><bs-empty><\/bs-empty><\/dc-con><dc-con>        <\/p>\n<div class=\"customDescription\">                    <\/div>\n<p><\/dc-con><dc-con><\/p>\n<p>Trojcestn\u00fd\u00a0sm\u011b\u0161ovac\u00ed ventil ESBE\u00a0VRG 131 je vyroben z mosazi typu DZR s ochranou proti vyluhov\u00e1n\u00ed zinku. Ventil je vybaven nastavovac\u00edm\u00a0ru\u010dn\u00edm kole\u010dkem\u00a0se stupnic\u00ed, kter\u00e9 je nav\u00edc vybaveno koncov\u00fdmi dorazy. Ak\u010dn\u00ed r\u00e1dius ventilu je max. 90\u00b0. Stupnice um\u00edst\u011bn\u00e1 pod nastavovac\u00edm knofl\u00edkem m\u016f\u017ee b\u00fdt um\u00edst\u011bna libovoln\u011b po dr\u00e1ze ot\u00e1\u010den\u00ed srdce sm\u011b\u0161ovac\u00edho ventilu v z\u00e1vislosti na orientaci ventilu v aplikaci.<\/p>\n<h3>P\u0159\u00edklady pou\u017eit\u00ed<\/h3>\n<ul>\n<li>Topen\u00e1\u0159sk\u00e9 aplikace<\/li>\n<li>Chlazen\u00ed<\/li>\n<li>Podlahov\u00e9 topen\u00ed<\/li>\n<li>Sol\u00e1rn\u00ed syst\u00e9my<\/li>\n<li>Ventilace<\/li>\n<li>Centr\u00e1ln\u00ed rozvody<\/li>\n<li>N\u00e1hrada za p\u016fvodn\u00ed typ ESBE 3MG20-4<\/li>\n<\/ul>\n<p>Ventil VRG 131 je mo\u017en\u00e9 pou\u017e\u00edt bu\u010f jako\u00a0sm\u011b\u0161ovac\u00ed\u00a0nebo jako\u00a0rozd\u011blovac\u00ed.<\/p>\n<h3>P\u0159\u00edklad instalace<\/h3>\n<p><a target=\"_blank\" href=\"https:\/\/www.bola.cz\/upload\/images\/VRG_130_priklady.png\" data-target=\"prettyPhoto&lt;div id=&#039;gallery-1&#039; class=&#039;gallery galleryid-53702 gallery-columns-3 gallery-size-thumbnail&#039;&gt;&lt;figure class=&#039;gallery-item&#039;&gt;\n\t\t\t&lt;div class=&#039;gallery-icon landscape&#039;&gt;\n\t\t\t\t&lt;a href=&#039;https:\/\/www.koupelnapro.com\/?attachment_id=53802&#039;&gt;&lt;img width=&quot;150&quot; height=&quot;79&quot; src=&quot;https:\/\/www.koupelnapro.com\/wp-content\/uploads\/2026\/SK0003136-CZ20260425-093449-0-1777080895-esbe-vrg-131-dn-40.webp&quot; class=&quot;attachment-thumbnail size-thumbnail&quot; alt=&quot;&quot; \/&gt;&lt;\/a&gt;\n\t\t\t&lt;\/div&gt;&lt;\/figure&gt;\n\t\t&lt;\/div&gt;\n\"><img decoding=\"async\" alt=\"\" src=\"https:\/\/www.bola.cz\/upload\/images\/VRG_130_priklady.png\"><\/a><\/p>\n<h3>Vhodn\u00e9 servopohony<\/h3>\n<ul>\n<li>Kompletn\u00ed \u0159ada servopohon\u016f ESBE \u0159ady\u00a0ARA 600\u00a0(adapt\u00e9r je sou\u010d\u00e1st\u00ed servopohonu).<\/li>\n<li>\u0158ada servopohon\u016f ESBE \u0159ady 90 (v\u010d. regul\u00e1tor\u016f 90C apod.).\u00a0Je nutn\u00e9 osadit adapt\u00e9rem VRG 801 &#8211; obj. \u010d\u00edslo\u00a016053300<\/li>\n<li>VZT servopohony BELIMO &#8211; je mo\u017en\u00e9 vyu\u017e\u00edt jak\u00e9koliv servo (nap\u0159. LM-A, NM-A, LF apod.) ve spojen\u00ed\u00a0s adapt\u00e9rem typu MK-VRG&#8230;.<\/li>\n<li>Servopohony pro sm\u011b\u0161ovac\u00ed armatury BELIMO NRD, HT ve spojen\u00ed s\u00a0adapt\u00e9rem MS-NRE6.\u00a0<\/li>\n<\/ul>\n<h3>\u00a0<\/h3>\n<p><\/dc-con><\/dc-con><\/div>\n<div id=\"PDDescription2\" class=\"UserContentView userContent v1a v1 bs-view dcon dc160 PDDescription2\" >\n<p><span style=\"color: #000000;\">\u00a0<\/span><\/p>\n<\/div><\/div>\n<div id=\"PDTable3\" class=\"ProductDetailTableView v3a v3 bs-view dcon dc180 PDTable3\" >\n<table>\n<thead><\/thead>\n<tbody>\n<tr class=\"attribute attr_bsshop_maker\">\n<td class=\"caption\">V\u00fdrobce<\/td>\n<td class=\"value\">ESBE<\/td>\n<\/tr>\n<\/tbody>\n<\/table>\n<\/div>\n<div id=\"PdProductGpsr\" class=\"ProductGpsrView v1a v1 bs-view dcon dc212 PdProductGpsr\" >\n<div class=\"subject\"><dc-root class=\"dcon dc214\"><span class=\"title\">Zodpov\u011bdn&#253; subjekt:<\/span><dc-con><dc-con><span class=\"company\">REMAK a.s.<\/span><span class=\"name\">Esbe<\/span><\/dc-con><dc-con><span class=\"street\">Zubersk&#225; 2601<\/span><span class=\"city\">Ro\u017enov pod Radho\u0161t\u011bm<\/span><span class=\"zip\">756 61<\/span><span class=\"country\">\u010cesko<\/span><\/dc-con><span class=\"email\">remak@remak.cz<\/span><span class=\"phone\">571 877 778<\/span><bs-empty><\/bs-empty><a href=\"https:\/\/www.esbe.cz\/kontakt\/\" class=\"link\" target=\"_blank\">https:\/\/www.esbe.cz\/kontakt\/<\/a><\/dc-con><bs-empty><\/bs-empty><\/dc-root><\/div>\n<p><bs-empty><\/bs-empty><\/div>\n<\/div>\n<div id=\"e18506339\" class=\"tabs\">\n","protected":false},"excerpt":{"rendered":"<p>Trojcestn\u00fd\u00a0sm\u011b\u0161ovac\u00ed ventil ESBE\u00a0VRG 131 je vyroben z mosazi typu DZR s ochranou proti vyluhov\u00e1n\u00ed zinku. Ventil je vybaven nastavovac\u00edm\u00a0ru\u010dn\u00edm kole\u010dkem\u00a0se stupnic\u00ed, kter\u00e9 je nav\u00edc vybaveno koncov\u00fdmi dorazy. Ak\u010dn\u00ed r\u00e1dius ventilu je max. 90\u00b0. Stupnice um\u00edst\u011bn\u00e1 pod nastavovac\u00edm knofl\u00edkem m\u016f\u017ee b\u00fdt um\u00edst\u011bna libovoln\u011b po dr\u00e1ze ot\u00e1\u010den\u00ed srdce sm\u011b\u0161ovac\u00edho ventilu v z\u00e1vislosti na orientaci ventilu v aplikaci. [&hellip;]<\/p>\n","protected":false},"featured_media":53802,"comment_status":"open","ping_status":"open","template":"","meta":[],"product_brand":[],"product_cat":[170],"product_tag":[],"class_list":{"0":"post-53702","1":"product","2":"type-product","3":"status-publish","4":"has-post-thumbnail","6":"product_cat-armatury","8":"first","9":"instock","10":"sale","11":"shipping-taxable","12":"purchasable","13":"product-type-simple"},"yoast_head":"<!-- This site is optimized with the Yoast SEO plugin v26.8 - https:\/\/yoast.com\/product\/yoast-seo-wordpress\/ -->\n<title>\u010casov\u011b Omezen\u00e9 ESBE VRG 131 DN 40 -<\/title>\n<meta name=\"robots\" content=\"index, follow, max-snippet:-1, max-image-preview:large, max-video-preview:-1\" \/>\n<link rel=\"canonical\" href=\"https:\/\/www.koupelnapro.com\/index.php\/produkt\/casove-omezene-esbe-vrg-131-dn-40-53702\/\" \/>\n<meta property=\"og:locale\" content=\"cs_CZ\" \/>\n<meta property=\"og:type\" content=\"article\" \/>\n<meta property=\"og:title\" content=\"\u010casov\u011b Omezen\u00e9 ESBE VRG 131 DN 40 -\" \/>\n<meta property=\"og:description\" content=\"Trojcestn\u00fd\u00a0sm\u011b\u0161ovac\u00ed ventil ESBE\u00a0VRG 131 je vyroben z mosazi typu DZR s ochranou proti vyluhov\u00e1n\u00ed zinku. Ventil je vybaven nastavovac\u00edm\u00a0ru\u010dn\u00edm kole\u010dkem\u00a0se stupnic\u00ed, kter\u00e9 je nav\u00edc vybaveno koncov\u00fdmi dorazy. Ak\u010dn\u00ed r\u00e1dius ventilu je max. 90\u00b0. Stupnice um\u00edst\u011bn\u00e1 pod nastavovac\u00edm knofl\u00edkem m\u016f\u017ee b\u00fdt um\u00edst\u011bna libovoln\u011b po dr\u00e1ze ot\u00e1\u010den\u00ed srdce sm\u011b\u0161ovac\u00edho ventilu v z\u00e1vislosti na orientaci ventilu v aplikaci. [&hellip;]\" \/>\n<meta property=\"og:url\" content=\"https:\/\/www.koupelnapro.com\/index.php\/produkt\/casove-omezene-esbe-vrg-131-dn-40-53702\/\" \/>\n<meta property=\"og:image\" content=\"https:\/\/www.koupelnapro.com\/wp-content\/uploads\/2026\/SK0003136-CZ20260425-093449-0-1777080895-esbe-vrg-131-dn-40.webp\" \/>\n\t<meta property=\"og:image:width\" content=\"1000\" \/>\n\t<meta property=\"og:image:height\" content=\"525\" \/>\n\t<meta property=\"og:image:type\" content=\"image\/webp\" \/>\n<meta name=\"twitter:card\" content=\"summary_large_image\" \/>\n<meta name=\"twitter:label1\" content=\"Odhadovan\u00e1 doba \u010dten\u00ed\" \/>\n\t<meta name=\"twitter:data1\" content=\"1 minuta\" \/>\n<script type=\"application\/ld+json\" class=\"yoast-schema-graph\">{\"@context\":\"https:\/\/schema.org\",\"@graph\":[{\"@type\":\"WebPage\",\"@id\":\"https:\/\/www.koupelnapro.com\/index.php\/produkt\/casove-omezene-esbe-vrg-131-dn-40-53702\/\",\"url\":\"https:\/\/www.koupelnapro.com\/index.php\/produkt\/casove-omezene-esbe-vrg-131-dn-40-53702\/\",\"name\":\"\u010casov\u011b Omezen\u00e9 ESBE VRG 131 DN 40 -\",\"isPartOf\":{\"@id\":\"https:\/\/www.koupelnapro.com\/#website\"},\"primaryImageOfPage\":{\"@id\":\"https:\/\/www.koupelnapro.com\/index.php\/produkt\/casove-omezene-esbe-vrg-131-dn-40-53702\/#primaryimage\"},\"image\":{\"@id\":\"https:\/\/www.koupelnapro.com\/index.php\/produkt\/casove-omezene-esbe-vrg-131-dn-40-53702\/#primaryimage\"},\"thumbnailUrl\":\"https:\/\/www.koupelnapro.com\/wp-content\/uploads\/2026\/SK0003136-CZ20260425-093449-0-1777080895-esbe-vrg-131-dn-40.webp\",\"datePublished\":\"2026-04-26T09:17:01+00:00\",\"breadcrumb\":{\"@id\":\"https:\/\/www.koupelnapro.com\/index.php\/produkt\/casove-omezene-esbe-vrg-131-dn-40-53702\/#breadcrumb\"},\"inLanguage\":\"cs\",\"potentialAction\":[{\"@type\":\"ReadAction\",\"target\":[\"https:\/\/www.koupelnapro.com\/index.php\/produkt\/casove-omezene-esbe-vrg-131-dn-40-53702\/\"]}]},{\"@type\":\"ImageObject\",\"inLanguage\":\"cs\",\"@id\":\"https:\/\/www.koupelnapro.com\/index.php\/produkt\/casove-omezene-esbe-vrg-131-dn-40-53702\/#primaryimage\",\"url\":\"https:\/\/www.koupelnapro.com\/wp-content\/uploads\/2026\/SK0003136-CZ20260425-093449-0-1777080895-esbe-vrg-131-dn-40.webp\",\"contentUrl\":\"https:\/\/www.koupelnapro.com\/wp-content\/uploads\/2026\/SK0003136-CZ20260425-093449-0-1777080895-esbe-vrg-131-dn-40.webp\",\"width\":1000,\"height\":525},{\"@type\":\"BreadcrumbList\",\"@id\":\"https:\/\/www.koupelnapro.com\/index.php\/produkt\/casove-omezene-esbe-vrg-131-dn-40-53702\/#breadcrumb\",\"itemListElement\":[{\"@type\":\"ListItem\",\"position\":1,\"name\":\"Home\",\"item\":\"https:\/\/www.koupelnapro.com\/\"},{\"@type\":\"ListItem\",\"position\":2,\"name\":\"Products\",\"item\":\"https:\/\/www.koupelnapro.com\/index.php\/products\/\"},{\"@type\":\"ListItem\",\"position\":3,\"name\":\"\u010casov\u011b Omezen\u00e9 ESBE VRG 131 DN 40\"}]},{\"@type\":\"WebSite\",\"@id\":\"https:\/\/www.koupelnapro.com\/#website\",\"url\":\"https:\/\/www.koupelnapro.com\/\",\"name\":\"\",\"description\":\"\",\"potentialAction\":[{\"@type\":\"SearchAction\",\"target\":{\"@type\":\"EntryPoint\",\"urlTemplate\":\"https:\/\/www.koupelnapro.com\/?s={search_term_string}\"},\"query-input\":{\"@type\":\"PropertyValueSpecification\",\"valueRequired\":true,\"valueName\":\"search_term_string\"}}],\"inLanguage\":\"cs\"}]}<\/script>\n<!-- \/ Yoast SEO plugin. -->","yoast_head_json":{"title":"\u010casov\u011b Omezen\u00e9 ESBE VRG 131 DN 40 -","robots":{"index":"index","follow":"follow","max-snippet":"max-snippet:-1","max-image-preview":"max-image-preview:large","max-video-preview":"max-video-preview:-1"},"canonical":"https:\/\/www.koupelnapro.com\/index.php\/produkt\/casove-omezene-esbe-vrg-131-dn-40-53702\/","og_locale":"cs_CZ","og_type":"article","og_title":"\u010casov\u011b Omezen\u00e9 ESBE VRG 131 DN 40 -","og_description":"Trojcestn\u00fd\u00a0sm\u011b\u0161ovac\u00ed ventil ESBE\u00a0VRG 131 je vyroben z mosazi typu DZR s ochranou proti vyluhov\u00e1n\u00ed zinku. Ventil je vybaven nastavovac\u00edm\u00a0ru\u010dn\u00edm kole\u010dkem\u00a0se stupnic\u00ed, kter\u00e9 je nav\u00edc vybaveno koncov\u00fdmi dorazy. Ak\u010dn\u00ed r\u00e1dius ventilu je max. 90\u00b0. Stupnice um\u00edst\u011bn\u00e1 pod nastavovac\u00edm knofl\u00edkem m\u016f\u017ee b\u00fdt um\u00edst\u011bna libovoln\u011b po dr\u00e1ze ot\u00e1\u010den\u00ed srdce sm\u011b\u0161ovac\u00edho ventilu v z\u00e1vislosti na orientaci ventilu v aplikaci. [&hellip;]","og_url":"https:\/\/www.koupelnapro.com\/index.php\/produkt\/casove-omezene-esbe-vrg-131-dn-40-53702\/","og_image":[{"width":1000,"height":525,"url":"https:\/\/www.koupelnapro.com\/wp-content\/uploads\/2026\/SK0003136-CZ20260425-093449-0-1777080895-esbe-vrg-131-dn-40.webp","type":"image\/webp"}],"twitter_card":"summary_large_image","twitter_misc":{"Odhadovan\u00e1 doba \u010dten\u00ed":"1 minuta"},"schema":{"@context":"https:\/\/schema.org","@graph":[{"@type":"WebPage","@id":"https:\/\/www.koupelnapro.com\/index.php\/produkt\/casove-omezene-esbe-vrg-131-dn-40-53702\/","url":"https:\/\/www.koupelnapro.com\/index.php\/produkt\/casove-omezene-esbe-vrg-131-dn-40-53702\/","name":"\u010casov\u011b Omezen\u00e9 ESBE VRG 131 DN 40 -","isPartOf":{"@id":"https:\/\/www.koupelnapro.com\/#website"},"primaryImageOfPage":{"@id":"https:\/\/www.koupelnapro.com\/index.php\/produkt\/casove-omezene-esbe-vrg-131-dn-40-53702\/#primaryimage"},"image":{"@id":"https:\/\/www.koupelnapro.com\/index.php\/produkt\/casove-omezene-esbe-vrg-131-dn-40-53702\/#primaryimage"},"thumbnailUrl":"https:\/\/www.koupelnapro.com\/wp-content\/uploads\/2026\/SK0003136-CZ20260425-093449-0-1777080895-esbe-vrg-131-dn-40.webp","datePublished":"2026-04-26T09:17:01+00:00","breadcrumb":{"@id":"https:\/\/www.koupelnapro.com\/index.php\/produkt\/casove-omezene-esbe-vrg-131-dn-40-53702\/#breadcrumb"},"inLanguage":"cs","potentialAction":[{"@type":"ReadAction","target":["https:\/\/www.koupelnapro.com\/index.php\/produkt\/casove-omezene-esbe-vrg-131-dn-40-53702\/"]}]},{"@type":"ImageObject","inLanguage":"cs","@id":"https:\/\/www.koupelnapro.com\/index.php\/produkt\/casove-omezene-esbe-vrg-131-dn-40-53702\/#primaryimage","url":"https:\/\/www.koupelnapro.com\/wp-content\/uploads\/2026\/SK0003136-CZ20260425-093449-0-1777080895-esbe-vrg-131-dn-40.webp","contentUrl":"https:\/\/www.koupelnapro.com\/wp-content\/uploads\/2026\/SK0003136-CZ20260425-093449-0-1777080895-esbe-vrg-131-dn-40.webp","width":1000,"height":525},{"@type":"BreadcrumbList","@id":"https:\/\/www.koupelnapro.com\/index.php\/produkt\/casove-omezene-esbe-vrg-131-dn-40-53702\/#breadcrumb","itemListElement":[{"@type":"ListItem","position":1,"name":"Home","item":"https:\/\/www.koupelnapro.com\/"},{"@type":"ListItem","position":2,"name":"Products","item":"https:\/\/www.koupelnapro.com\/index.php\/products\/"},{"@type":"ListItem","position":3,"name":"\u010casov\u011b Omezen\u00e9 ESBE VRG 131 DN 40"}]},{"@type":"WebSite","@id":"https:\/\/www.koupelnapro.com\/#website","url":"https:\/\/www.koupelnapro.com\/","name":"","description":"","potentialAction":[{"@type":"SearchAction","target":{"@type":"EntryPoint","urlTemplate":"https:\/\/www.koupelnapro.com\/?s={search_term_string}"},"query-input":{"@type":"PropertyValueSpecification","valueRequired":true,"valueName":"search_term_string"}}],"inLanguage":"cs"}]}},"_links":{"self":[{"href":"https:\/\/www.koupelnapro.com\/index.php\/wp-json\/wp\/v2\/product\/53702","targetHints":{"allow":["GET"]}}],"collection":[{"href":"https:\/\/www.koupelnapro.com\/index.php\/wp-json\/wp\/v2\/product"}],"about":[{"href":"https:\/\/www.koupelnapro.com\/index.php\/wp-json\/wp\/v2\/types\/product"}],"replies":[{"embeddable":true,"href":"https:\/\/www.koupelnapro.com\/index.php\/wp-json\/wp\/v2\/comments?post=53702"}],"wp:featuredmedia":[{"embeddable":true,"href":"https:\/\/www.koupelnapro.com\/index.php\/wp-json\/wp\/v2\/media\/53802"}],"wp:attachment":[{"href":"https:\/\/www.koupelnapro.com\/index.php\/wp-json\/wp\/v2\/media?parent=53702"}],"wp:term":[{"taxonomy":"product_brand","embeddable":true,"href":"https:\/\/www.koupelnapro.com\/index.php\/wp-json\/wp\/v2\/product_brand?post=53702"},{"taxonomy":"product_cat","embeddable":true,"href":"https:\/\/www.koupelnapro.com\/index.php\/wp-json\/wp\/v2\/product_cat?post=53702"},{"taxonomy":"product_tag","embeddable":true,"href":"https:\/\/www.koupelnapro.com\/index.php\/wp-json\/wp\/v2\/product_tag?post=53702"}],"curies":[{"name":"wp","href":"https:\/\/api.w.org\/{rel}","templated":true}]}}