{"id":53554,"date":"2026-04-26T09:17:00","date_gmt":"2026-04-26T09:17:00","guid":{"rendered":""},"modified":"2026-04-26T09:17:00","modified_gmt":"2026-04-26T09:17:00","slug":"osma-kgem-trubka-dn-200-2m-jen-po-omezenou-doba-53554","status":"publish","type":"product","link":"https:\/\/www.koupelnapro.com\/produkt\/osma-kgem-trubka-dn-200-2m-jen-po-omezenou-doba-53554\/","title":{"rendered":"Osma KGEM trubka DN 200 &#8211; 2m Jen Po Omezenou Doba"},"content":{"rendered":"<div id=\"e7134769\" class=\"pages\">\n<div>\n<div id=\"PDDescription\" class=\"UserContentView userContent v1a v1 bs-view dcon dc159 PDDescription\" ><dc-con><dc-con><bs-empty><\/bs-empty><\/dc-con><dc-con>        <\/p>\n<div class=\"customDescription\">                    <\/div>\n<p><\/dc-con><dc-con><\/p>\n<p><strong>KGEM trubka DN 200 &#8211; 2m<\/strong><\/p>\n<p>Hladk\u00e9 kanaliza\u010dn\u00ed trubky a p\u0159\u00edslu\u0161n\u00e9 tvarovky\u00a0jsou vyr\u00e1b\u011bny modern\u00ed technologi\u00ed z polyvinylchloridu (PVC) kter\u00fd neobsahuje zm\u011bk\u010dovadla (tzv.tvrd\u00e9 PVC, nem\u011bk\u010den\u00e9 PVC, PVC-U). Jejich rozm\u011bry a dal\u0161\u00ed <strong>technick\u00e9 parametry odpov\u00eddaj\u00ed norm\u011b prEN 13 476.<\/strong><\/p>\n<p>Trubky a tvarovky jsou dod\u00e1v\u00e1ny v proveden\u00ed s n\u00e1str\u010dn\u00fdm hrdlem opat\u0159en\u00fdm t\u011bsnic\u00edm krou\u017ekem z elastomeru. Tento syst\u00e9m zaru\u010duje p\u0159i spr\u00e1vn\u00e9 mont\u00e1\u017ei dokonalou t\u011bsnost a t\u00edm i ekologickou jistotu kanaliza\u010dn\u00edho syst\u00e9mu. Pro trubky SN 4 i SN 8 (a pro oba druhy trubky JUMBO) se dod\u00e1vaj\u00ed tyt\u00e9\u017e tvarovky.<\/p>\n<p>Syst\u00e9m je p\u0159edev\u0161\u00edm ur\u010den pro pou\u017eit\u00ed k beztlakov\u00e9 doprav\u011b spla\u0161kov\u00fdch vod (syst\u00e9m s volnou hladinou). Po\u010d\u00edt\u00e1 se s p\u0159ev\u00e1\u017en\u00fdm pou\u017eit\u00edm v zemi, bez nutnosti potrub\u00ed obetonovat. Komponenty syst\u00e9mu nebyly testov\u00e1ny pro dopravu pitn\u00e9 vody. Potrub\u00ed je vhodn\u00e9 i pro vzduchotechnick\u00e9 \u00fa\u010dely (vzduch o n\u00edzk\u00e9m tlaku), nelze je v\u0161ak pou\u017e\u00edt pro v\u00fdbu\u0161n\u00e9 sm\u011bsi vzduchu (mo\u017enost elektrostatick\u00e9ho nabit\u00ed).479<\/p>\n<p><\/dc-con><\/dc-con><\/div>\n<div id=\"PDDescription2\" class=\"UserContentView userContent v1a v1 bs-view dcon dc160 PDDescription2\" >\n<p><strong>Kruhov\u00e1 tvrdost:<\/strong> SN4<\/p>\n<\/div><\/div>\n<div id=\"PDTable3\" class=\"ProductDetailTableView v3a v3 bs-view dcon dc180 PDTable3\" >\n<table>\n<thead><\/thead>\n<tbody>\n<tr class=\"attribute attr_delka\">\n<td class=\"caption\">D\u00e9lka v mm<\/td>\n<td class=\"value\">2000<\/td>\n<\/tr>\n<tr class=\"attribute attr_prumer\">\n<td class=\"caption\">Pr\u016fm\u011br<\/td>\n<td class=\"value\">DN 200<\/td>\n<\/tr>\n<tr class=\"attribute attr_bsshop_maker\">\n<td class=\"caption\">V\u00fdrobce<\/td>\n<td class=\"value\">EU<\/td>\n<\/tr>\n<\/tbody>\n<\/table>\n<\/div>\n<\/div>\n<div id=\"e7134770\" class=\"tabs\">\n","protected":false},"excerpt":{"rendered":"<p>KGEM trubka DN 200 &#8211; 2m Hladk\u00e9 kanaliza\u010dn\u00ed trubky a p\u0159\u00edslu\u0161n\u00e9 tvarovky\u00a0jsou vyr\u00e1b\u011bny modern\u00ed technologi\u00ed z polyvinylchloridu (PVC) kter\u00fd neobsahuje zm\u011bk\u010dovadla (tzv.tvrd\u00e9 PVC, nem\u011bk\u010den\u00e9 PVC, PVC-U). Jejich rozm\u011bry a dal\u0161\u00ed technick\u00e9 parametry odpov\u00eddaj\u00ed norm\u011b prEN 13 476. Trubky a tvarovky jsou dod\u00e1v\u00e1ny v proveden\u00ed s n\u00e1str\u010dn\u00fdm hrdlem opat\u0159en\u00fdm t\u011bsnic\u00edm krou\u017ekem z elastomeru. Tento syst\u00e9m zaru\u010duje [&hellip;]<\/p>\n","protected":false},"featured_media":53654,"template":"","meta":[],"product_brand":[],"product_cat":[168],"product_tag":[],"class_list":{"0":"post-53554","1":"product","2":"type-product","3":"status-publish","4":"has-post-thumbnail","6":"product_cat-trubky","8":"first","9":"instock","10":"sale","11":"shipping-taxable","12":"purchasable","13":"product-type-simple"},"yoast_head":"<!-- This site is optimized with the Yoast SEO plugin v26.8 - https:\/\/yoast.com\/product\/yoast-seo-wordpress\/ -->\n<title>Osma KGEM trubka DN 200 - 2m Jen Po Omezenou Doba - Vybaven\u00ed pro d\u016fm<\/title>\n<meta name=\"robots\" content=\"index, follow, max-snippet:-1, max-image-preview:large, max-video-preview:-1\" \/>\n<link rel=\"canonical\" href=\"https:\/\/www.koupelnapro.com\/index.php\/produkt\/osma-kgem-trubka-dn-200-2m-jen-po-omezenou-doba-53554\/\" \/>\n<meta property=\"og:locale\" content=\"cs_CZ\" \/>\n<meta property=\"og:type\" content=\"article\" \/>\n<meta property=\"og:title\" content=\"Osma KGEM trubka DN 200 - 2m Jen Po Omezenou Doba - Vybaven\u00ed pro d\u016fm\" \/>\n<meta property=\"og:description\" content=\"KGEM trubka DN 200 &#8211; 2m Hladk\u00e9 kanaliza\u010dn\u00ed trubky a p\u0159\u00edslu\u0161n\u00e9 tvarovky\u00a0jsou vyr\u00e1b\u011bny modern\u00ed technologi\u00ed z polyvinylchloridu (PVC) kter\u00fd neobsahuje zm\u011bk\u010dovadla (tzv.tvrd\u00e9 PVC, nem\u011bk\u010den\u00e9 PVC, PVC-U). Jejich rozm\u011bry a dal\u0161\u00ed technick\u00e9 parametry odpov\u00eddaj\u00ed norm\u011b prEN 13 476. Trubky a tvarovky jsou dod\u00e1v\u00e1ny v proveden\u00ed s n\u00e1str\u010dn\u00fdm hrdlem opat\u0159en\u00fdm t\u011bsnic\u00edm krou\u017ekem z elastomeru. Tento syst\u00e9m zaru\u010duje [&hellip;]\" \/>\n<meta property=\"og:url\" content=\"https:\/\/www.koupelnapro.com\/index.php\/produkt\/osma-kgem-trubka-dn-200-2m-jen-po-omezenou-doba-53554\/\" \/>\n<meta property=\"og:site_name\" content=\"Vybaven\u00ed pro d\u016fm\" \/>\n<meta property=\"og:image\" content=\"https:\/\/www.koupelnapro.com\/wp-content\/uploads\/2026\/SK0003088-CZ20260425-093449-0-1777080895-osma-kgem-trubka-dn-200-2m.webp\" \/>\n\t<meta property=\"og:image:width\" content=\"1000\" \/>\n\t<meta property=\"og:image:height\" content=\"525\" \/>\n\t<meta property=\"og:image:type\" content=\"image\/webp\" \/>\n<meta name=\"twitter:card\" content=\"summary_large_image\" \/>\n<meta name=\"twitter:label1\" content=\"Odhadovan\u00e1 doba \u010dten\u00ed\" \/>\n\t<meta name=\"twitter:data1\" content=\"1 minuta\" \/>\n<script type=\"application\/ld+json\" class=\"yoast-schema-graph\">{\"@context\":\"https:\/\/schema.org\",\"@graph\":[{\"@type\":\"WebPage\",\"@id\":\"https:\/\/www.koupelnapro.com\/index.php\/produkt\/osma-kgem-trubka-dn-200-2m-jen-po-omezenou-doba-53554\/\",\"url\":\"https:\/\/www.koupelnapro.com\/index.php\/produkt\/osma-kgem-trubka-dn-200-2m-jen-po-omezenou-doba-53554\/\",\"name\":\"Osma KGEM trubka DN 200 - 2m Jen Po Omezenou Doba - Vybaven\u00ed pro d\u016fm\",\"isPartOf\":{\"@id\":\"https:\/\/www.koupelnapro.com\/#website\"},\"primaryImageOfPage\":{\"@id\":\"https:\/\/www.koupelnapro.com\/index.php\/produkt\/osma-kgem-trubka-dn-200-2m-jen-po-omezenou-doba-53554\/#primaryimage\"},\"image\":{\"@id\":\"https:\/\/www.koupelnapro.com\/index.php\/produkt\/osma-kgem-trubka-dn-200-2m-jen-po-omezenou-doba-53554\/#primaryimage\"},\"thumbnailUrl\":\"https:\/\/www.koupelnapro.com\/wp-content\/uploads\/2026\/SK0003088-CZ20260425-093449-0-1777080895-osma-kgem-trubka-dn-200-2m.webp\",\"datePublished\":\"2026-04-26T09:17:00+00:00\",\"breadcrumb\":{\"@id\":\"https:\/\/www.koupelnapro.com\/index.php\/produkt\/osma-kgem-trubka-dn-200-2m-jen-po-omezenou-doba-53554\/#breadcrumb\"},\"inLanguage\":\"cs\",\"potentialAction\":[{\"@type\":\"ReadAction\",\"target\":[\"https:\/\/www.koupelnapro.com\/index.php\/produkt\/osma-kgem-trubka-dn-200-2m-jen-po-omezenou-doba-53554\/\"]}]},{\"@type\":\"ImageObject\",\"inLanguage\":\"cs\",\"@id\":\"https:\/\/www.koupelnapro.com\/index.php\/produkt\/osma-kgem-trubka-dn-200-2m-jen-po-omezenou-doba-53554\/#primaryimage\",\"url\":\"https:\/\/www.koupelnapro.com\/wp-content\/uploads\/2026\/SK0003088-CZ20260425-093449-0-1777080895-osma-kgem-trubka-dn-200-2m.webp\",\"contentUrl\":\"https:\/\/www.koupelnapro.com\/wp-content\/uploads\/2026\/SK0003088-CZ20260425-093449-0-1777080895-osma-kgem-trubka-dn-200-2m.webp\",\"width\":1000,\"height\":525},{\"@type\":\"BreadcrumbList\",\"@id\":\"https:\/\/www.koupelnapro.com\/index.php\/produkt\/osma-kgem-trubka-dn-200-2m-jen-po-omezenou-doba-53554\/#breadcrumb\",\"itemListElement\":[{\"@type\":\"ListItem\",\"position\":1,\"name\":\"Home\",\"item\":\"https:\/\/www.koupelnapro.com\/\"},{\"@type\":\"ListItem\",\"position\":2,\"name\":\"Products\",\"item\":\"https:\/\/www.koupelnapro.com\/products\/\"},{\"@type\":\"ListItem\",\"position\":3,\"name\":\"Osma KGEM trubka DN 200 &#8211; 2m Jen Po Omezenou Doba\"}]},{\"@type\":\"WebSite\",\"@id\":\"https:\/\/www.koupelnapro.com\/#website\",\"url\":\"https:\/\/www.koupelnapro.com\/\",\"name\":\"Vybaven\u00ed pro d\u016fm\",\"description\":\"Vybaven\u00ed pro d\u016fm\",\"publisher\":{\"@id\":\"https:\/\/www.koupelnapro.com\/#organization\"},\"potentialAction\":[{\"@type\":\"SearchAction\",\"target\":{\"@type\":\"EntryPoint\",\"urlTemplate\":\"https:\/\/www.koupelnapro.com\/?s={search_term_string}\"},\"query-input\":{\"@type\":\"PropertyValueSpecification\",\"valueRequired\":true,\"valueName\":\"search_term_string\"}}],\"inLanguage\":\"cs\"},{\"@type\":\"Organization\",\"@id\":\"https:\/\/www.koupelnapro.com\/#organization\",\"name\":\"Vybaven\u00ed pro d\u016fm\",\"url\":\"https:\/\/www.koupelnapro.com\/\",\"logo\":{\"@type\":\"ImageObject\",\"inLanguage\":\"cs\",\"@id\":\"https:\/\/www.koupelnapro.com\/#\/schema\/logo\/image\/\",\"url\":\"https:\/\/www.koupelnapro.com\/wp-content\/uploads\/2026\/04\/koupelnapro-logo-deep-green.svg\",\"contentUrl\":\"https:\/\/www.koupelnapro.com\/wp-content\/uploads\/2026\/04\/koupelnapro-logo-deep-green.svg\",\"width\":920,\"height\":160,\"caption\":\"Vybaven\u00ed pro d\u016fm\"},\"image\":{\"@id\":\"https:\/\/www.koupelnapro.com\/#\/schema\/logo\/image\/\"}}]}<\/script>\n<!-- \/ Yoast SEO plugin. -->","yoast_head_json":{"title":"Osma KGEM trubka DN 200 - 2m Jen Po Omezenou Doba - Vybaven\u00ed pro d\u016fm","robots":{"index":"index","follow":"follow","max-snippet":"max-snippet:-1","max-image-preview":"max-image-preview:large","max-video-preview":"max-video-preview:-1"},"canonical":"https:\/\/www.koupelnapro.com\/index.php\/produkt\/osma-kgem-trubka-dn-200-2m-jen-po-omezenou-doba-53554\/","og_locale":"cs_CZ","og_type":"article","og_title":"Osma KGEM trubka DN 200 - 2m Jen Po Omezenou Doba - Vybaven\u00ed pro d\u016fm","og_description":"KGEM trubka DN 200 &#8211; 2m Hladk\u00e9 kanaliza\u010dn\u00ed trubky a p\u0159\u00edslu\u0161n\u00e9 tvarovky\u00a0jsou vyr\u00e1b\u011bny modern\u00ed technologi\u00ed z polyvinylchloridu (PVC) kter\u00fd neobsahuje zm\u011bk\u010dovadla (tzv.tvrd\u00e9 PVC, nem\u011bk\u010den\u00e9 PVC, PVC-U). Jejich rozm\u011bry a dal\u0161\u00ed technick\u00e9 parametry odpov\u00eddaj\u00ed norm\u011b prEN 13 476. Trubky a tvarovky jsou dod\u00e1v\u00e1ny v proveden\u00ed s n\u00e1str\u010dn\u00fdm hrdlem opat\u0159en\u00fdm t\u011bsnic\u00edm krou\u017ekem z elastomeru. Tento syst\u00e9m zaru\u010duje [&hellip;]","og_url":"https:\/\/www.koupelnapro.com\/index.php\/produkt\/osma-kgem-trubka-dn-200-2m-jen-po-omezenou-doba-53554\/","og_site_name":"Vybaven\u00ed pro d\u016fm","og_image":[{"width":1000,"height":525,"url":"https:\/\/www.koupelnapro.com\/wp-content\/uploads\/2026\/SK0003088-CZ20260425-093449-0-1777080895-osma-kgem-trubka-dn-200-2m.webp","type":"image\/webp"}],"twitter_card":"summary_large_image","twitter_misc":{"Odhadovan\u00e1 doba \u010dten\u00ed":"1 minuta"},"schema":{"@context":"https:\/\/schema.org","@graph":[{"@type":"WebPage","@id":"https:\/\/www.koupelnapro.com\/index.php\/produkt\/osma-kgem-trubka-dn-200-2m-jen-po-omezenou-doba-53554\/","url":"https:\/\/www.koupelnapro.com\/index.php\/produkt\/osma-kgem-trubka-dn-200-2m-jen-po-omezenou-doba-53554\/","name":"Osma KGEM trubka DN 200 - 2m Jen Po Omezenou Doba - Vybaven\u00ed pro d\u016fm","isPartOf":{"@id":"https:\/\/www.koupelnapro.com\/#website"},"primaryImageOfPage":{"@id":"https:\/\/www.koupelnapro.com\/index.php\/produkt\/osma-kgem-trubka-dn-200-2m-jen-po-omezenou-doba-53554\/#primaryimage"},"image":{"@id":"https:\/\/www.koupelnapro.com\/index.php\/produkt\/osma-kgem-trubka-dn-200-2m-jen-po-omezenou-doba-53554\/#primaryimage"},"thumbnailUrl":"https:\/\/www.koupelnapro.com\/wp-content\/uploads\/2026\/SK0003088-CZ20260425-093449-0-1777080895-osma-kgem-trubka-dn-200-2m.webp","datePublished":"2026-04-26T09:17:00+00:00","breadcrumb":{"@id":"https:\/\/www.koupelnapro.com\/index.php\/produkt\/osma-kgem-trubka-dn-200-2m-jen-po-omezenou-doba-53554\/#breadcrumb"},"inLanguage":"cs","potentialAction":[{"@type":"ReadAction","target":["https:\/\/www.koupelnapro.com\/index.php\/produkt\/osma-kgem-trubka-dn-200-2m-jen-po-omezenou-doba-53554\/"]}]},{"@type":"ImageObject","inLanguage":"cs","@id":"https:\/\/www.koupelnapro.com\/index.php\/produkt\/osma-kgem-trubka-dn-200-2m-jen-po-omezenou-doba-53554\/#primaryimage","url":"https:\/\/www.koupelnapro.com\/wp-content\/uploads\/2026\/SK0003088-CZ20260425-093449-0-1777080895-osma-kgem-trubka-dn-200-2m.webp","contentUrl":"https:\/\/www.koupelnapro.com\/wp-content\/uploads\/2026\/SK0003088-CZ20260425-093449-0-1777080895-osma-kgem-trubka-dn-200-2m.webp","width":1000,"height":525},{"@type":"BreadcrumbList","@id":"https:\/\/www.koupelnapro.com\/index.php\/produkt\/osma-kgem-trubka-dn-200-2m-jen-po-omezenou-doba-53554\/#breadcrumb","itemListElement":[{"@type":"ListItem","position":1,"name":"Home","item":"https:\/\/www.koupelnapro.com\/"},{"@type":"ListItem","position":2,"name":"Products","item":"https:\/\/www.koupelnapro.com\/products\/"},{"@type":"ListItem","position":3,"name":"Osma KGEM trubka DN 200 &#8211; 2m Jen Po Omezenou Doba"}]},{"@type":"WebSite","@id":"https:\/\/www.koupelnapro.com\/#website","url":"https:\/\/www.koupelnapro.com\/","name":"Vybaven\u00ed pro d\u016fm","description":"Vybaven\u00ed pro d\u016fm","publisher":{"@id":"https:\/\/www.koupelnapro.com\/#organization"},"potentialAction":[{"@type":"SearchAction","target":{"@type":"EntryPoint","urlTemplate":"https:\/\/www.koupelnapro.com\/?s={search_term_string}"},"query-input":{"@type":"PropertyValueSpecification","valueRequired":true,"valueName":"search_term_string"}}],"inLanguage":"cs"},{"@type":"Organization","@id":"https:\/\/www.koupelnapro.com\/#organization","name":"Vybaven\u00ed pro d\u016fm","url":"https:\/\/www.koupelnapro.com\/","logo":{"@type":"ImageObject","inLanguage":"cs","@id":"https:\/\/www.koupelnapro.com\/#\/schema\/logo\/image\/","url":"https:\/\/www.koupelnapro.com\/wp-content\/uploads\/2026\/04\/koupelnapro-logo-deep-green.svg","contentUrl":"https:\/\/www.koupelnapro.com\/wp-content\/uploads\/2026\/04\/koupelnapro-logo-deep-green.svg","width":920,"height":160,"caption":"Vybaven\u00ed pro d\u016fm"},"image":{"@id":"https:\/\/www.koupelnapro.com\/#\/schema\/logo\/image\/"}}]}},"_links":{"self":[{"href":"https:\/\/www.koupelnapro.com\/wp-json\/wp\/v2\/product\/53554","targetHints":{"allow":["GET"]}}],"collection":[{"href":"https:\/\/www.koupelnapro.com\/wp-json\/wp\/v2\/product"}],"about":[{"href":"https:\/\/www.koupelnapro.com\/wp-json\/wp\/v2\/types\/product"}],"wp:featuredmedia":[{"embeddable":true,"href":"https:\/\/www.koupelnapro.com\/wp-json\/wp\/v2\/media\/53654"}],"wp:attachment":[{"href":"https:\/\/www.koupelnapro.com\/wp-json\/wp\/v2\/media?parent=53554"}],"wp:term":[{"taxonomy":"product_brand","embeddable":true,"href":"https:\/\/www.koupelnapro.com\/wp-json\/wp\/v2\/product_brand?post=53554"},{"taxonomy":"product_cat","embeddable":true,"href":"https:\/\/www.koupelnapro.com\/wp-json\/wp\/v2\/product_cat?post=53554"},{"taxonomy":"product_tag","embeddable":true,"href":"https:\/\/www.koupelnapro.com\/wp-json\/wp\/v2\/product_tag?post=53554"}],"curies":[{"name":"wp","href":"https:\/\/api.w.org\/{rel}","templated":true}]}}