{"id":53308,"date":"2026-04-26T09:16:58","date_gmt":"2026-04-26T09:16:58","guid":{"rendered":""},"modified":"2026-04-26T09:16:58","modified_gmt":"2026-04-26T09:16:58","slug":"pojistny-ventil-k-bojleru-3-4-quot-6-bar-vnitrni-vnejsi-zavit-se-zpetnou-klapkou-omezena-nabidka-53308","status":"publish","type":"product","link":"https:\/\/www.koupelnapro.com\/index.php\/produkt\/pojistny-ventil-k-bojleru-3-4-quot-6-bar-vnitrni-vnejsi-zavit-se-zpetnou-klapkou-omezena-nabidka-53308\/","title":{"rendered":"Pojistn\u00fd ventil k bojleru 3\/4&quot; &#8211; 6 bar, vnit\u0159n\u00ed vn\u011bj\u0161\u00ed z\u00e1vit &#8211; se zp\u011btnou klapkou Omezen\u00e1 Nab\u00eddka"},"content":{"rendered":"<div id=\"e18362351\" class=\"pages\">\n<div>\n<div id=\"PDDescription\" class=\"UserContentView userContent v1a v1 bs-view dcon dc159 PDDescription\" ><dc-con><dc-con><bs-empty><\/bs-empty><\/dc-con><dc-con>        <\/p>\n<div class=\"customDescription\">                    <\/div>\n<p><\/dc-con><dc-con><\/p>\n<div>Pojistn\u00fd ventil z kvalitn\u00ed poniklovan\u00e9 mosazi slou\u017e\u00ed jako p\u0159ipojen\u00ed k oh\u0159\u00edva\u010d\u016fm vody &#8211; bojler\u016fm. Pojistn\u00fd ventil je pro p\u0159ipojen\u00ed odpadn\u00ed hadi\u010dky. Ventil m\u00e1 zabudovanou zp\u011btnou klapku. Mont\u00e1\u017e se prov\u00e1d\u00ed za\u0161roubov\u00e1n\u00edm pomoc\u00ed z\u00e1vitu G. Ventil slou\u017e\u00ed k odvzdu\u0161n\u011bn\u00ed nahromad\u011bn\u00e9ho vzduchu v z\u00e1hybech nebo kaps\u00e1ch na potrubn\u00edch syst\u00e9mech rozvodu topen\u00ed a je rozd\u011blen na automatickou a ru\u010dn\u00ed. Pojistn\u00fd ventil je vyroben se z\u00e1vitem podle evropsk\u00fdch standard\u016f ISO 228.<\/div>\n<table class='techparam_table'>\n<tr>\n<td>Typ<\/td>\n<td>Ventily<\/td>\n<\/tr>\n<tr>\n<td>\u0160\u00ed\u0159ka<\/td>\n<td>55 mm<\/td>\n<\/tr>\n<tr>\n<td>Hloubka<\/td>\n<td>35 mm<\/td>\n<\/tr>\n<tr>\n<td>Materi\u00e1l<\/td>\n<td>Niklovan\u00e1 mosaz<\/td>\n<\/tr>\n<tr>\n<td>Velikost<\/td>\n<td>M 3\/4&#8243;<\/td>\n<\/tr>\n<tr>\n<td>D\u00e9lka\/V\u00fd\u0161ka<\/td>\n<td>80 mm<\/td>\n<\/tr>\n<tr>\n<td>Provozn\u00ed tlak<\/td>\n<td>6 bar<\/td>\n<\/tr>\n<tr>\n<td>Provozn\u00ed teplota<\/td>\n<td>max. 110 \u00b0C<\/td>\n<\/tr>\n<\/table>\n<p><\/dc-con><\/dc-con><\/div>\n<\/p><\/div>\n<div id=\"PDTable3\" class=\"ProductDetailTableView v3a v3 bs-view dcon dc180 PDTable3\" >\n<table>\n<thead><\/thead>\n<tbody>\n<tr class=\"attribute attr_typ\">\n<td class=\"caption\">Typ<\/td>\n<td class=\"value\">Pojistn\u00fd ventil k bojleru<\/td>\n<\/tr>\n<tr class=\"attribute attr_dimenze2\">\n<td class=\"caption\">Dimenze DN<\/td>\n<td class=\"value\">20 &#8211; 3\/4&#8243;<\/td>\n<\/tr>\n<tr class=\"attribute attr_Oteviraci attr_tlak attr_v attr_barech\">\n<td class=\"caption\">Otev\u00edrac\u00ed tlak v barech<\/td>\n<td class=\"value\">6<\/td>\n<\/tr>\n<tr class=\"attribute attr_bsshop_maker\">\n<td class=\"caption\">V\u00fdrobce<\/td>\n<td class=\"value\">Mereo<\/td>\n<\/tr>\n<\/tbody>\n<\/table>\n<\/div>\n<div id=\"ProductMedia\" class=\"ProductMediaView MediaViewBase v1a v1 bs-view dcon dc404 ProductMedia\" ><bs-empty><\/bs-empty><\/p>\n<div class=\"files\">\n<div class=\"title sub\">Soubory<\/div>\n<p><a href=\"\/media\/8546\/t-215-002-cr188b-technicky-list.pdf?&amp;key=ZGpmIyQwNUZfODU0Ng==\" class=\"pdf\">T_215_002_CR188B_technicky_list.pdf<\/a><a href=\"\/media\/12189\/t-215-005-cr188b-technicky-list.pdf?&amp;key=ZGpmIyQwNUZfMTIxODk=\" class=\"pdf\">T_215_005_CR188B_technicky_list.pdf<\/a><a href=\"\/media\/42617\/j67b53420b8779-t-215-005-cr188b-technicky-list-pdf-2025-02-18-13-03-29.pdf?&amp;key=ZGpmIyQwNUZfNDI2MTc=\" class=\"pdf\">j67b53420b8779-t-215-005-cr188b-technicky-list-pdf-2025-02-18-13-03-29.pdf<\/a><\/div>\n<p><bs-empty><\/bs-empty><\/div>\n<div id=\"PdProductGpsr\" class=\"ProductGpsrView v1a v1 bs-view dcon dc212 PdProductGpsr\" >\n<div class=\"subject\"><dc-root class=\"dcon dc214\"><span class=\"title\">Zodpov\u011bdn&#253; subjekt:<\/span><dc-con><dc-con><span class=\"company\">MSO Trade a.s.<\/span><span class=\"name\">MSO Trade<\/span><\/dc-con><dc-con><span class=\"street\">Svatoborsk&#225; 1431\/87c<\/span><span class=\"city\">Kyjov<\/span><span class=\"zip\">697 01<\/span><span class=\"country\">\u010cesko<\/span><\/dc-con><span class=\"email\">objednavky@msotrade.cz<\/span><span class=\"phone\">518 398 831<\/span><bs-empty><\/bs-empty><a href=\"https:\/\/www.msotrade.cz\/kontakt\/\" class=\"link\" target=\"_blank\">https:\/\/www.msotrade.cz\/kontakt\/<\/a><\/dc-con><bs-empty><\/bs-empty><\/dc-root><\/div>\n<p><bs-empty><\/bs-empty><\/div>\n<\/div>\n<div id=\"e18362352\" class=\"tabs\">\n","protected":false},"excerpt":{"rendered":"<p>Pojistn\u00fd ventil z kvalitn\u00ed poniklovan\u00e9 mosazi slou\u017e\u00ed jako p\u0159ipojen\u00ed k oh\u0159\u00edva\u010d\u016fm vody &#8211; bojler\u016fm. Pojistn\u00fd ventil je pro p\u0159ipojen\u00ed odpadn\u00ed hadi\u010dky. Ventil m\u00e1 zabudovanou zp\u011btnou klapku. Mont\u00e1\u017e se prov\u00e1d\u00ed za\u0161roubov\u00e1n\u00edm pomoc\u00ed z\u00e1vitu G. Ventil slou\u017e\u00ed k odvzdu\u0161n\u011bn\u00ed nahromad\u011bn\u00e9ho vzduchu v z\u00e1hybech nebo kaps\u00e1ch na potrubn\u00edch syst\u00e9mech rozvodu topen\u00ed a je rozd\u011blen na automatickou a ru\u010dn\u00ed. [&hellip;]<\/p>\n","protected":false},"featured_media":53408,"comment_status":"open","ping_status":"open","template":"","meta":[],"product_brand":[],"product_cat":[170],"product_tag":[],"class_list":{"0":"post-53308","1":"product","2":"type-product","3":"status-publish","4":"has-post-thumbnail","6":"product_cat-armatury","8":"first","9":"instock","10":"sale","11":"shipping-taxable","12":"purchasable","13":"product-type-simple"},"yoast_head":"<!-- This site is optimized with the Yoast SEO plugin v26.8 - https:\/\/yoast.com\/product\/yoast-seo-wordpress\/ -->\n<title>Pojistn\u00fd ventil k bojleru 3\/4&quot; - 6 bar, vnit\u0159n\u00ed vn\u011bj\u0161\u00ed z\u00e1vit - se zp\u011btnou klapkou Omezen\u00e1 Nab\u00eddka -<\/title>\n<meta name=\"robots\" content=\"index, follow, max-snippet:-1, max-image-preview:large, max-video-preview:-1\" \/>\n<link rel=\"canonical\" href=\"https:\/\/www.koupelnapro.com\/index.php\/produkt\/pojistny-ventil-k-bojleru-3-4-quot-6-bar-vnitrni-vnejsi-zavit-se-zpetnou-klapkou-omezena-nabidka-53308\/\" \/>\n<meta property=\"og:locale\" content=\"cs_CZ\" \/>\n<meta property=\"og:type\" content=\"article\" \/>\n<meta property=\"og:title\" content=\"Pojistn\u00fd ventil k bojleru 3\/4&quot; - 6 bar, vnit\u0159n\u00ed vn\u011bj\u0161\u00ed z\u00e1vit - se zp\u011btnou klapkou Omezen\u00e1 Nab\u00eddka -\" \/>\n<meta property=\"og:description\" content=\"Pojistn\u00fd ventil z kvalitn\u00ed poniklovan\u00e9 mosazi slou\u017e\u00ed jako p\u0159ipojen\u00ed k oh\u0159\u00edva\u010d\u016fm vody &#8211; bojler\u016fm. Pojistn\u00fd ventil je pro p\u0159ipojen\u00ed odpadn\u00ed hadi\u010dky. Ventil m\u00e1 zabudovanou zp\u011btnou klapku. Mont\u00e1\u017e se prov\u00e1d\u00ed za\u0161roubov\u00e1n\u00edm pomoc\u00ed z\u00e1vitu G. Ventil slou\u017e\u00ed k odvzdu\u0161n\u011bn\u00ed nahromad\u011bn\u00e9ho vzduchu v z\u00e1hybech nebo kaps\u00e1ch na potrubn\u00edch syst\u00e9mech rozvodu topen\u00ed a je rozd\u011blen na automatickou a ru\u010dn\u00ed. [&hellip;]\" \/>\n<meta property=\"og:url\" content=\"https:\/\/www.koupelnapro.com\/index.php\/produkt\/pojistny-ventil-k-bojleru-3-4-quot-6-bar-vnitrni-vnejsi-zavit-se-zpetnou-klapkou-omezena-nabidka-53308\/\" \/>\n<meta property=\"og:image\" content=\"https:\/\/www.koupelnapro.com\/wp-content\/uploads\/2026\/SK0002938-CZ20260425-093449-0-1777080895-pojistny-ventil-k-bojleru-3-4-6-bar-vnitrni-vnejsi-zavit-se.webp\" \/>\n\t<meta property=\"og:image:width\" content=\"1000\" \/>\n\t<meta property=\"og:image:height\" content=\"525\" \/>\n\t<meta property=\"og:image:type\" content=\"image\/webp\" \/>\n<meta name=\"twitter:card\" content=\"summary_large_image\" \/>\n<meta name=\"twitter:label1\" content=\"Odhadovan\u00e1 doba \u010dten\u00ed\" \/>\n\t<meta name=\"twitter:data1\" content=\"1 minuta\" \/>\n<script type=\"application\/ld+json\" class=\"yoast-schema-graph\">{\"@context\":\"https:\/\/schema.org\",\"@graph\":[{\"@type\":\"WebPage\",\"@id\":\"https:\/\/www.koupelnapro.com\/index.php\/produkt\/pojistny-ventil-k-bojleru-3-4-quot-6-bar-vnitrni-vnejsi-zavit-se-zpetnou-klapkou-omezena-nabidka-53308\/\",\"url\":\"https:\/\/www.koupelnapro.com\/index.php\/produkt\/pojistny-ventil-k-bojleru-3-4-quot-6-bar-vnitrni-vnejsi-zavit-se-zpetnou-klapkou-omezena-nabidka-53308\/\",\"name\":\"Pojistn\u00fd ventil k bojleru 3\/4&quot; - 6 bar, vnit\u0159n\u00ed vn\u011bj\u0161\u00ed z\u00e1vit - se zp\u011btnou klapkou Omezen\u00e1 Nab\u00eddka -\",\"isPartOf\":{\"@id\":\"https:\/\/www.koupelnapro.com\/#website\"},\"primaryImageOfPage\":{\"@id\":\"https:\/\/www.koupelnapro.com\/index.php\/produkt\/pojistny-ventil-k-bojleru-3-4-quot-6-bar-vnitrni-vnejsi-zavit-se-zpetnou-klapkou-omezena-nabidka-53308\/#primaryimage\"},\"image\":{\"@id\":\"https:\/\/www.koupelnapro.com\/index.php\/produkt\/pojistny-ventil-k-bojleru-3-4-quot-6-bar-vnitrni-vnejsi-zavit-se-zpetnou-klapkou-omezena-nabidka-53308\/#primaryimage\"},\"thumbnailUrl\":\"https:\/\/www.koupelnapro.com\/wp-content\/uploads\/2026\/SK0002938-CZ20260425-093449-0-1777080895-pojistny-ventil-k-bojleru-3-4-6-bar-vnitrni-vnejsi-zavit-se.webp\",\"datePublished\":\"2026-04-26T09:16:58+00:00\",\"breadcrumb\":{\"@id\":\"https:\/\/www.koupelnapro.com\/index.php\/produkt\/pojistny-ventil-k-bojleru-3-4-quot-6-bar-vnitrni-vnejsi-zavit-se-zpetnou-klapkou-omezena-nabidka-53308\/#breadcrumb\"},\"inLanguage\":\"cs\",\"potentialAction\":[{\"@type\":\"ReadAction\",\"target\":[\"https:\/\/www.koupelnapro.com\/index.php\/produkt\/pojistny-ventil-k-bojleru-3-4-quot-6-bar-vnitrni-vnejsi-zavit-se-zpetnou-klapkou-omezena-nabidka-53308\/\"]}]},{\"@type\":\"ImageObject\",\"inLanguage\":\"cs\",\"@id\":\"https:\/\/www.koupelnapro.com\/index.php\/produkt\/pojistny-ventil-k-bojleru-3-4-quot-6-bar-vnitrni-vnejsi-zavit-se-zpetnou-klapkou-omezena-nabidka-53308\/#primaryimage\",\"url\":\"https:\/\/www.koupelnapro.com\/wp-content\/uploads\/2026\/SK0002938-CZ20260425-093449-0-1777080895-pojistny-ventil-k-bojleru-3-4-6-bar-vnitrni-vnejsi-zavit-se.webp\",\"contentUrl\":\"https:\/\/www.koupelnapro.com\/wp-content\/uploads\/2026\/SK0002938-CZ20260425-093449-0-1777080895-pojistny-ventil-k-bojleru-3-4-6-bar-vnitrni-vnejsi-zavit-se.webp\",\"width\":1000,\"height\":525},{\"@type\":\"BreadcrumbList\",\"@id\":\"https:\/\/www.koupelnapro.com\/index.php\/produkt\/pojistny-ventil-k-bojleru-3-4-quot-6-bar-vnitrni-vnejsi-zavit-se-zpetnou-klapkou-omezena-nabidka-53308\/#breadcrumb\",\"itemListElement\":[{\"@type\":\"ListItem\",\"position\":1,\"name\":\"Home\",\"item\":\"https:\/\/www.koupelnapro.com\/\"},{\"@type\":\"ListItem\",\"position\":2,\"name\":\"Products\",\"item\":\"https:\/\/www.koupelnapro.com\/index.php\/products\/\"},{\"@type\":\"ListItem\",\"position\":3,\"name\":\"Pojistn\u00fd ventil k bojleru 3\/4&quot; &#8211; 6 bar, vnit\u0159n\u00ed vn\u011bj\u0161\u00ed z\u00e1vit &#8211; se zp\u011btnou klapkou Omezen\u00e1 Nab\u00eddka\"}]},{\"@type\":\"WebSite\",\"@id\":\"https:\/\/www.koupelnapro.com\/#website\",\"url\":\"https:\/\/www.koupelnapro.com\/\",\"name\":\"\",\"description\":\"\",\"potentialAction\":[{\"@type\":\"SearchAction\",\"target\":{\"@type\":\"EntryPoint\",\"urlTemplate\":\"https:\/\/www.koupelnapro.com\/?s={search_term_string}\"},\"query-input\":{\"@type\":\"PropertyValueSpecification\",\"valueRequired\":true,\"valueName\":\"search_term_string\"}}],\"inLanguage\":\"cs\"}]}<\/script>\n<!-- \/ Yoast SEO plugin. -->","yoast_head_json":{"title":"Pojistn\u00fd ventil k bojleru 3\/4&quot; - 6 bar, vnit\u0159n\u00ed vn\u011bj\u0161\u00ed z\u00e1vit - se zp\u011btnou klapkou Omezen\u00e1 Nab\u00eddka -","robots":{"index":"index","follow":"follow","max-snippet":"max-snippet:-1","max-image-preview":"max-image-preview:large","max-video-preview":"max-video-preview:-1"},"canonical":"https:\/\/www.koupelnapro.com\/index.php\/produkt\/pojistny-ventil-k-bojleru-3-4-quot-6-bar-vnitrni-vnejsi-zavit-se-zpetnou-klapkou-omezena-nabidka-53308\/","og_locale":"cs_CZ","og_type":"article","og_title":"Pojistn\u00fd ventil k bojleru 3\/4&quot; - 6 bar, vnit\u0159n\u00ed vn\u011bj\u0161\u00ed z\u00e1vit - se zp\u011btnou klapkou Omezen\u00e1 Nab\u00eddka -","og_description":"Pojistn\u00fd ventil z kvalitn\u00ed poniklovan\u00e9 mosazi slou\u017e\u00ed jako p\u0159ipojen\u00ed k oh\u0159\u00edva\u010d\u016fm vody &#8211; bojler\u016fm. Pojistn\u00fd ventil je pro p\u0159ipojen\u00ed odpadn\u00ed hadi\u010dky. Ventil m\u00e1 zabudovanou zp\u011btnou klapku. Mont\u00e1\u017e se prov\u00e1d\u00ed za\u0161roubov\u00e1n\u00edm pomoc\u00ed z\u00e1vitu G. Ventil slou\u017e\u00ed k odvzdu\u0161n\u011bn\u00ed nahromad\u011bn\u00e9ho vzduchu v z\u00e1hybech nebo kaps\u00e1ch na potrubn\u00edch syst\u00e9mech rozvodu topen\u00ed a je rozd\u011blen na automatickou a ru\u010dn\u00ed. [&hellip;]","og_url":"https:\/\/www.koupelnapro.com\/index.php\/produkt\/pojistny-ventil-k-bojleru-3-4-quot-6-bar-vnitrni-vnejsi-zavit-se-zpetnou-klapkou-omezena-nabidka-53308\/","og_image":[{"width":1000,"height":525,"url":"https:\/\/www.koupelnapro.com\/wp-content\/uploads\/2026\/SK0002938-CZ20260425-093449-0-1777080895-pojistny-ventil-k-bojleru-3-4-6-bar-vnitrni-vnejsi-zavit-se.webp","type":"image\/webp"}],"twitter_card":"summary_large_image","twitter_misc":{"Odhadovan\u00e1 doba \u010dten\u00ed":"1 minuta"},"schema":{"@context":"https:\/\/schema.org","@graph":[{"@type":"WebPage","@id":"https:\/\/www.koupelnapro.com\/index.php\/produkt\/pojistny-ventil-k-bojleru-3-4-quot-6-bar-vnitrni-vnejsi-zavit-se-zpetnou-klapkou-omezena-nabidka-53308\/","url":"https:\/\/www.koupelnapro.com\/index.php\/produkt\/pojistny-ventil-k-bojleru-3-4-quot-6-bar-vnitrni-vnejsi-zavit-se-zpetnou-klapkou-omezena-nabidka-53308\/","name":"Pojistn\u00fd ventil k bojleru 3\/4&quot; - 6 bar, vnit\u0159n\u00ed vn\u011bj\u0161\u00ed z\u00e1vit - se zp\u011btnou klapkou Omezen\u00e1 Nab\u00eddka -","isPartOf":{"@id":"https:\/\/www.koupelnapro.com\/#website"},"primaryImageOfPage":{"@id":"https:\/\/www.koupelnapro.com\/index.php\/produkt\/pojistny-ventil-k-bojleru-3-4-quot-6-bar-vnitrni-vnejsi-zavit-se-zpetnou-klapkou-omezena-nabidka-53308\/#primaryimage"},"image":{"@id":"https:\/\/www.koupelnapro.com\/index.php\/produkt\/pojistny-ventil-k-bojleru-3-4-quot-6-bar-vnitrni-vnejsi-zavit-se-zpetnou-klapkou-omezena-nabidka-53308\/#primaryimage"},"thumbnailUrl":"https:\/\/www.koupelnapro.com\/wp-content\/uploads\/2026\/SK0002938-CZ20260425-093449-0-1777080895-pojistny-ventil-k-bojleru-3-4-6-bar-vnitrni-vnejsi-zavit-se.webp","datePublished":"2026-04-26T09:16:58+00:00","breadcrumb":{"@id":"https:\/\/www.koupelnapro.com\/index.php\/produkt\/pojistny-ventil-k-bojleru-3-4-quot-6-bar-vnitrni-vnejsi-zavit-se-zpetnou-klapkou-omezena-nabidka-53308\/#breadcrumb"},"inLanguage":"cs","potentialAction":[{"@type":"ReadAction","target":["https:\/\/www.koupelnapro.com\/index.php\/produkt\/pojistny-ventil-k-bojleru-3-4-quot-6-bar-vnitrni-vnejsi-zavit-se-zpetnou-klapkou-omezena-nabidka-53308\/"]}]},{"@type":"ImageObject","inLanguage":"cs","@id":"https:\/\/www.koupelnapro.com\/index.php\/produkt\/pojistny-ventil-k-bojleru-3-4-quot-6-bar-vnitrni-vnejsi-zavit-se-zpetnou-klapkou-omezena-nabidka-53308\/#primaryimage","url":"https:\/\/www.koupelnapro.com\/wp-content\/uploads\/2026\/SK0002938-CZ20260425-093449-0-1777080895-pojistny-ventil-k-bojleru-3-4-6-bar-vnitrni-vnejsi-zavit-se.webp","contentUrl":"https:\/\/www.koupelnapro.com\/wp-content\/uploads\/2026\/SK0002938-CZ20260425-093449-0-1777080895-pojistny-ventil-k-bojleru-3-4-6-bar-vnitrni-vnejsi-zavit-se.webp","width":1000,"height":525},{"@type":"BreadcrumbList","@id":"https:\/\/www.koupelnapro.com\/index.php\/produkt\/pojistny-ventil-k-bojleru-3-4-quot-6-bar-vnitrni-vnejsi-zavit-se-zpetnou-klapkou-omezena-nabidka-53308\/#breadcrumb","itemListElement":[{"@type":"ListItem","position":1,"name":"Home","item":"https:\/\/www.koupelnapro.com\/"},{"@type":"ListItem","position":2,"name":"Products","item":"https:\/\/www.koupelnapro.com\/index.php\/products\/"},{"@type":"ListItem","position":3,"name":"Pojistn\u00fd ventil k bojleru 3\/4&quot; &#8211; 6 bar, vnit\u0159n\u00ed vn\u011bj\u0161\u00ed z\u00e1vit &#8211; se zp\u011btnou klapkou Omezen\u00e1 Nab\u00eddka"}]},{"@type":"WebSite","@id":"https:\/\/www.koupelnapro.com\/#website","url":"https:\/\/www.koupelnapro.com\/","name":"","description":"","potentialAction":[{"@type":"SearchAction","target":{"@type":"EntryPoint","urlTemplate":"https:\/\/www.koupelnapro.com\/?s={search_term_string}"},"query-input":{"@type":"PropertyValueSpecification","valueRequired":true,"valueName":"search_term_string"}}],"inLanguage":"cs"}]}},"_links":{"self":[{"href":"https:\/\/www.koupelnapro.com\/index.php\/wp-json\/wp\/v2\/product\/53308","targetHints":{"allow":["GET"]}}],"collection":[{"href":"https:\/\/www.koupelnapro.com\/index.php\/wp-json\/wp\/v2\/product"}],"about":[{"href":"https:\/\/www.koupelnapro.com\/index.php\/wp-json\/wp\/v2\/types\/product"}],"replies":[{"embeddable":true,"href":"https:\/\/www.koupelnapro.com\/index.php\/wp-json\/wp\/v2\/comments?post=53308"}],"wp:featuredmedia":[{"embeddable":true,"href":"https:\/\/www.koupelnapro.com\/index.php\/wp-json\/wp\/v2\/media\/53408"}],"wp:attachment":[{"href":"https:\/\/www.koupelnapro.com\/index.php\/wp-json\/wp\/v2\/media?parent=53308"}],"wp:term":[{"taxonomy":"product_brand","embeddable":true,"href":"https:\/\/www.koupelnapro.com\/index.php\/wp-json\/wp\/v2\/product_brand?post=53308"},{"taxonomy":"product_cat","embeddable":true,"href":"https:\/\/www.koupelnapro.com\/index.php\/wp-json\/wp\/v2\/product_cat?post=53308"},{"taxonomy":"product_tag","embeddable":true,"href":"https:\/\/www.koupelnapro.com\/index.php\/wp-json\/wp\/v2\/product_tag?post=53308"}],"curies":[{"name":"wp","href":"https:\/\/api.w.org\/{rel}","templated":true}]}}