{"id":53302,"date":"2026-04-26T09:16:58","date_gmt":"2026-04-26T09:16:58","guid":{"rendered":""},"modified":"2026-04-26T09:16:58","modified_gmt":"2026-04-26T09:16:58","slug":"horka-nabidka-regulator-tlaku-vody-dn-25-1-quot-53302","status":"publish","type":"product","link":"https:\/\/www.koupelnapro.com\/index.php\/produkt\/horka-nabidka-regulator-tlaku-vody-dn-25-1-quot-53302\/","title":{"rendered":"Hork\u00e1 Nab\u00eddka Regul\u00e1tor tlaku vody DN 25 &#8211; 1&quot;"},"content":{"rendered":"<div id=\"e6999649\" class=\"pages\">\n<div>\n<div id=\"PDDescription\" class=\"UserContentView userContent v1a v1 bs-view dcon dc159 PDDescription\" ><dc-con><dc-con><bs-empty><\/bs-empty><\/dc-con><dc-con>        <\/p>\n<div class=\"customDescription\">                    <\/div>\n<p><\/dc-con><dc-con><\/p>\n<div>Reduk\u010dn\u00ed ventil v\u010detn\u011b \u0161rouben\u00ed se pou\u017e\u00edv\u00e1 k regulaci kol\u00edsav\u00e9ho tlaku na konstantn\u00ed v\u00fdstupn\u00ed tlak jako prvek ochrany bojler\u016f, vodovodn\u00edch armatur a dal\u0161\u00edch za\u0159\u00edzen\u00ed. Montuje se p\u0159i velk\u00e9m tlaku v\u00a0hlavn\u00edm vodovodn\u00edm \u0159\u00e1du nebo\u00a0p\u0159i velk\u00fdch v\u00fdkyvech tlaku.\u00a0Sni\u017euje tlak podle nastaven\u00e9 hodnoty.\u00a0 Mo\u017enost p\u0159ipojen\u00ed manometru. Maxim\u00e1ln\u00ed vstupn\u00ed tlak je 25 bar\u016f, regula\u010dn\u00ed rozsah tlaku na v\u00fdstupu 0,5 &#8211; 6 bar\u016f a p\u0159ednastaven\u00fd tlak 3 bary. Maxim\u00e1ln\u00ed provozn\u00ed teplota 80 \u00b0C.<\/div>\n<table class='techparam_table'>\n<tr>\n<td>Typ<\/td>\n<td>Ventily<\/td>\n<\/tr>\n<tr>\n<td>Materi\u00e1l<\/td>\n<td>Mosaz<\/td>\n<\/tr>\n<tr>\n<td>Velikost<\/td>\n<td>M 1&#8243;<\/td>\n<\/tr>\n<tr>\n<td>Provozn\u00ed tlak<\/td>\n<td>P\u0159ednastaven\u00fd 3 bar<\/td>\n<\/tr>\n<tr>\n<td>Tlak na vstupu<\/td>\n<td>max. 25 bar<\/td>\n<\/tr>\n<tr>\n<td>Provozn\u00ed teplota<\/td>\n<td>max. 80 \u00b0C<\/td>\n<\/tr>\n<tr>\n<td>Regula\u010dn\u00ed rozsah na v\u00fdstupu<\/td>\n<td>0,5 &#8211; 6 bar<\/td>\n<\/tr>\n<\/table>\n<p><\/dc-con><\/dc-con><\/div>\n<\/p><\/div>\n<div id=\"PDTable3\" class=\"ProductDetailTableView v3a v3 bs-view dcon dc180 PDTable3\" >\n<table>\n<thead><\/thead>\n<tbody>\n<tr class=\"attribute attr_typ\">\n<td class=\"caption\">Typ<\/td>\n<td class=\"value\">Regul\u00e1tory tlaku vody<\/td>\n<\/tr>\n<tr class=\"attribute attr_bsshop_maker\">\n<td class=\"caption\">V\u00fdrobce<\/td>\n<td class=\"value\">Mereo<\/td>\n<\/tr>\n<\/tbody>\n<\/table>\n<\/div>\n<div id=\"ProductMedia\" class=\"ProductMediaView MediaViewBase v1a v1 bs-view dcon dc404 ProductMedia\" ><bs-empty><\/bs-empty><\/p>\n<div class=\"files\">\n<div class=\"title sub\">Soubory<\/div>\n<p><a href=\"\/media\/8547\/t-150-028-wa48-technicky-list.pdf?&amp;key=ZGpmIyQwNUZfODU0Nw==\" class=\"pdf\">T_150_028_WA48_technicky_list.pdf<\/a><a href=\"\/media\/42620\/26756481f7509e-t-150-028-wa48-technicky-list-pdf-2023-11-10-08-34-59.pdf?&amp;key=ZGpmIyQwNUZfNDI2MjA=\" class=\"pdf\">26756481f7509e-t-150-028-wa48-technicky-list-pdf-2023-11-10-08-34-59.pdf<\/a><\/div>\n<p><bs-empty><\/bs-empty><\/div>\n<div id=\"PdProductGpsr\" class=\"ProductGpsrView v1a v1 bs-view dcon dc212 PdProductGpsr\" >\n<div class=\"subject\"><dc-root class=\"dcon dc214\"><span class=\"title\">Zodpov\u011bdn&#253; subjekt:<\/span><dc-con><dc-con><span class=\"company\">MSO Trade a.s.<\/span><span class=\"name\">MSO Trade<\/span><\/dc-con><dc-con><span class=\"street\">Svatoborsk&#225; 1431\/87c<\/span><span class=\"city\">Kyjov<\/span><span class=\"zip\">697 01<\/span><span class=\"country\">\u010cesko<\/span><\/dc-con><span class=\"email\">objednavky@msotrade.cz<\/span><span class=\"phone\">518 398 831<\/span><bs-empty><\/bs-empty><a href=\"https:\/\/www.msotrade.cz\/kontakt\/\" class=\"link\" target=\"_blank\">https:\/\/www.msotrade.cz\/kontakt\/<\/a><\/dc-con><bs-empty><\/bs-empty><\/dc-root><\/div>\n<p><bs-empty><\/bs-empty><\/div>\n<\/div>\n<div id=\"e6999650\" class=\"tabs\">\n","protected":false},"excerpt":{"rendered":"<p>Reduk\u010dn\u00ed ventil v\u010detn\u011b \u0161rouben\u00ed se pou\u017e\u00edv\u00e1 k regulaci kol\u00edsav\u00e9ho tlaku na konstantn\u00ed v\u00fdstupn\u00ed tlak jako prvek ochrany bojler\u016f, vodovodn\u00edch armatur a dal\u0161\u00edch za\u0159\u00edzen\u00ed. Montuje se p\u0159i velk\u00e9m tlaku v\u00a0hlavn\u00edm vodovodn\u00edm \u0159\u00e1du nebo\u00a0p\u0159i velk\u00fdch v\u00fdkyvech tlaku.\u00a0Sni\u017euje tlak podle nastaven\u00e9 hodnoty.\u00a0 Mo\u017enost p\u0159ipojen\u00ed manometru. Maxim\u00e1ln\u00ed vstupn\u00ed tlak je 25 bar\u016f, regula\u010dn\u00ed rozsah tlaku na v\u00fdstupu 0,5 &#8211; [&hellip;]<\/p>\n","protected":false},"featured_media":53402,"comment_status":"open","ping_status":"open","template":"","meta":[],"product_brand":[],"product_cat":[170],"product_tag":[],"class_list":{"0":"post-53302","1":"product","2":"type-product","3":"status-publish","4":"has-post-thumbnail","6":"product_cat-armatury","8":"first","9":"instock","10":"sale","11":"shipping-taxable","12":"purchasable","13":"product-type-simple"},"yoast_head":"<!-- This site is optimized with the Yoast SEO plugin v26.8 - https:\/\/yoast.com\/product\/yoast-seo-wordpress\/ -->\n<title>Hork\u00e1 Nab\u00eddka Regul\u00e1tor tlaku vody DN 25 - 1&quot; -<\/title>\n<meta name=\"robots\" content=\"index, follow, max-snippet:-1, max-image-preview:large, max-video-preview:-1\" \/>\n<link rel=\"canonical\" href=\"https:\/\/www.koupelnapro.com\/index.php\/produkt\/horka-nabidka-regulator-tlaku-vody-dn-25-1-quot-53302\/\" \/>\n<meta property=\"og:locale\" content=\"cs_CZ\" \/>\n<meta property=\"og:type\" content=\"article\" \/>\n<meta property=\"og:title\" content=\"Hork\u00e1 Nab\u00eddka Regul\u00e1tor tlaku vody DN 25 - 1&quot; -\" \/>\n<meta property=\"og:description\" content=\"Reduk\u010dn\u00ed ventil v\u010detn\u011b \u0161rouben\u00ed se pou\u017e\u00edv\u00e1 k regulaci kol\u00edsav\u00e9ho tlaku na konstantn\u00ed v\u00fdstupn\u00ed tlak jako prvek ochrany bojler\u016f, vodovodn\u00edch armatur a dal\u0161\u00edch za\u0159\u00edzen\u00ed. Montuje se p\u0159i velk\u00e9m tlaku v\u00a0hlavn\u00edm vodovodn\u00edm \u0159\u00e1du nebo\u00a0p\u0159i velk\u00fdch v\u00fdkyvech tlaku.\u00a0Sni\u017euje tlak podle nastaven\u00e9 hodnoty.\u00a0 Mo\u017enost p\u0159ipojen\u00ed manometru. Maxim\u00e1ln\u00ed vstupn\u00ed tlak je 25 bar\u016f, regula\u010dn\u00ed rozsah tlaku na v\u00fdstupu 0,5 &#8211; [&hellip;]\" \/>\n<meta property=\"og:url\" content=\"https:\/\/www.koupelnapro.com\/index.php\/produkt\/horka-nabidka-regulator-tlaku-vody-dn-25-1-quot-53302\/\" \/>\n<meta property=\"og:image\" content=\"https:\/\/www.koupelnapro.com\/wp-content\/uploads\/2026\/SK0002932-CZ20260425-093449-0-1777080895-regulator-tlaku-vody-dn-25-1.webp\" \/>\n\t<meta property=\"og:image:width\" content=\"1000\" \/>\n\t<meta property=\"og:image:height\" content=\"525\" \/>\n\t<meta property=\"og:image:type\" content=\"image\/webp\" \/>\n<meta name=\"twitter:card\" content=\"summary_large_image\" \/>\n<meta name=\"twitter:label1\" content=\"Odhadovan\u00e1 doba \u010dten\u00ed\" \/>\n\t<meta name=\"twitter:data1\" content=\"1 minuta\" \/>\n<script type=\"application\/ld+json\" class=\"yoast-schema-graph\">{\"@context\":\"https:\/\/schema.org\",\"@graph\":[{\"@type\":\"WebPage\",\"@id\":\"https:\/\/www.koupelnapro.com\/index.php\/produkt\/horka-nabidka-regulator-tlaku-vody-dn-25-1-quot-53302\/\",\"url\":\"https:\/\/www.koupelnapro.com\/index.php\/produkt\/horka-nabidka-regulator-tlaku-vody-dn-25-1-quot-53302\/\",\"name\":\"Hork\u00e1 Nab\u00eddka Regul\u00e1tor tlaku vody DN 25 - 1&quot; -\",\"isPartOf\":{\"@id\":\"https:\/\/www.koupelnapro.com\/#website\"},\"primaryImageOfPage\":{\"@id\":\"https:\/\/www.koupelnapro.com\/index.php\/produkt\/horka-nabidka-regulator-tlaku-vody-dn-25-1-quot-53302\/#primaryimage\"},\"image\":{\"@id\":\"https:\/\/www.koupelnapro.com\/index.php\/produkt\/horka-nabidka-regulator-tlaku-vody-dn-25-1-quot-53302\/#primaryimage\"},\"thumbnailUrl\":\"https:\/\/www.koupelnapro.com\/wp-content\/uploads\/2026\/SK0002932-CZ20260425-093449-0-1777080895-regulator-tlaku-vody-dn-25-1.webp\",\"datePublished\":\"2026-04-26T09:16:58+00:00\",\"breadcrumb\":{\"@id\":\"https:\/\/www.koupelnapro.com\/index.php\/produkt\/horka-nabidka-regulator-tlaku-vody-dn-25-1-quot-53302\/#breadcrumb\"},\"inLanguage\":\"cs\",\"potentialAction\":[{\"@type\":\"ReadAction\",\"target\":[\"https:\/\/www.koupelnapro.com\/index.php\/produkt\/horka-nabidka-regulator-tlaku-vody-dn-25-1-quot-53302\/\"]}]},{\"@type\":\"ImageObject\",\"inLanguage\":\"cs\",\"@id\":\"https:\/\/www.koupelnapro.com\/index.php\/produkt\/horka-nabidka-regulator-tlaku-vody-dn-25-1-quot-53302\/#primaryimage\",\"url\":\"https:\/\/www.koupelnapro.com\/wp-content\/uploads\/2026\/SK0002932-CZ20260425-093449-0-1777080895-regulator-tlaku-vody-dn-25-1.webp\",\"contentUrl\":\"https:\/\/www.koupelnapro.com\/wp-content\/uploads\/2026\/SK0002932-CZ20260425-093449-0-1777080895-regulator-tlaku-vody-dn-25-1.webp\",\"width\":1000,\"height\":525},{\"@type\":\"BreadcrumbList\",\"@id\":\"https:\/\/www.koupelnapro.com\/index.php\/produkt\/horka-nabidka-regulator-tlaku-vody-dn-25-1-quot-53302\/#breadcrumb\",\"itemListElement\":[{\"@type\":\"ListItem\",\"position\":1,\"name\":\"Home\",\"item\":\"https:\/\/www.koupelnapro.com\/\"},{\"@type\":\"ListItem\",\"position\":2,\"name\":\"Products\",\"item\":\"https:\/\/www.koupelnapro.com\/index.php\/products\/\"},{\"@type\":\"ListItem\",\"position\":3,\"name\":\"Hork\u00e1 Nab\u00eddka Regul\u00e1tor tlaku vody DN 25 &#8211; 1&quot;\"}]},{\"@type\":\"WebSite\",\"@id\":\"https:\/\/www.koupelnapro.com\/#website\",\"url\":\"https:\/\/www.koupelnapro.com\/\",\"name\":\"\",\"description\":\"\",\"potentialAction\":[{\"@type\":\"SearchAction\",\"target\":{\"@type\":\"EntryPoint\",\"urlTemplate\":\"https:\/\/www.koupelnapro.com\/?s={search_term_string}\"},\"query-input\":{\"@type\":\"PropertyValueSpecification\",\"valueRequired\":true,\"valueName\":\"search_term_string\"}}],\"inLanguage\":\"cs\"}]}<\/script>\n<!-- \/ Yoast SEO plugin. -->","yoast_head_json":{"title":"Hork\u00e1 Nab\u00eddka Regul\u00e1tor tlaku vody DN 25 - 1&quot; -","robots":{"index":"index","follow":"follow","max-snippet":"max-snippet:-1","max-image-preview":"max-image-preview:large","max-video-preview":"max-video-preview:-1"},"canonical":"https:\/\/www.koupelnapro.com\/index.php\/produkt\/horka-nabidka-regulator-tlaku-vody-dn-25-1-quot-53302\/","og_locale":"cs_CZ","og_type":"article","og_title":"Hork\u00e1 Nab\u00eddka Regul\u00e1tor tlaku vody DN 25 - 1&quot; -","og_description":"Reduk\u010dn\u00ed ventil v\u010detn\u011b \u0161rouben\u00ed se pou\u017e\u00edv\u00e1 k regulaci kol\u00edsav\u00e9ho tlaku na konstantn\u00ed v\u00fdstupn\u00ed tlak jako prvek ochrany bojler\u016f, vodovodn\u00edch armatur a dal\u0161\u00edch za\u0159\u00edzen\u00ed. Montuje se p\u0159i velk\u00e9m tlaku v\u00a0hlavn\u00edm vodovodn\u00edm \u0159\u00e1du nebo\u00a0p\u0159i velk\u00fdch v\u00fdkyvech tlaku.\u00a0Sni\u017euje tlak podle nastaven\u00e9 hodnoty.\u00a0 Mo\u017enost p\u0159ipojen\u00ed manometru. Maxim\u00e1ln\u00ed vstupn\u00ed tlak je 25 bar\u016f, regula\u010dn\u00ed rozsah tlaku na v\u00fdstupu 0,5 &#8211; [&hellip;]","og_url":"https:\/\/www.koupelnapro.com\/index.php\/produkt\/horka-nabidka-regulator-tlaku-vody-dn-25-1-quot-53302\/","og_image":[{"width":1000,"height":525,"url":"https:\/\/www.koupelnapro.com\/wp-content\/uploads\/2026\/SK0002932-CZ20260425-093449-0-1777080895-regulator-tlaku-vody-dn-25-1.webp","type":"image\/webp"}],"twitter_card":"summary_large_image","twitter_misc":{"Odhadovan\u00e1 doba \u010dten\u00ed":"1 minuta"},"schema":{"@context":"https:\/\/schema.org","@graph":[{"@type":"WebPage","@id":"https:\/\/www.koupelnapro.com\/index.php\/produkt\/horka-nabidka-regulator-tlaku-vody-dn-25-1-quot-53302\/","url":"https:\/\/www.koupelnapro.com\/index.php\/produkt\/horka-nabidka-regulator-tlaku-vody-dn-25-1-quot-53302\/","name":"Hork\u00e1 Nab\u00eddka Regul\u00e1tor tlaku vody DN 25 - 1&quot; -","isPartOf":{"@id":"https:\/\/www.koupelnapro.com\/#website"},"primaryImageOfPage":{"@id":"https:\/\/www.koupelnapro.com\/index.php\/produkt\/horka-nabidka-regulator-tlaku-vody-dn-25-1-quot-53302\/#primaryimage"},"image":{"@id":"https:\/\/www.koupelnapro.com\/index.php\/produkt\/horka-nabidka-regulator-tlaku-vody-dn-25-1-quot-53302\/#primaryimage"},"thumbnailUrl":"https:\/\/www.koupelnapro.com\/wp-content\/uploads\/2026\/SK0002932-CZ20260425-093449-0-1777080895-regulator-tlaku-vody-dn-25-1.webp","datePublished":"2026-04-26T09:16:58+00:00","breadcrumb":{"@id":"https:\/\/www.koupelnapro.com\/index.php\/produkt\/horka-nabidka-regulator-tlaku-vody-dn-25-1-quot-53302\/#breadcrumb"},"inLanguage":"cs","potentialAction":[{"@type":"ReadAction","target":["https:\/\/www.koupelnapro.com\/index.php\/produkt\/horka-nabidka-regulator-tlaku-vody-dn-25-1-quot-53302\/"]}]},{"@type":"ImageObject","inLanguage":"cs","@id":"https:\/\/www.koupelnapro.com\/index.php\/produkt\/horka-nabidka-regulator-tlaku-vody-dn-25-1-quot-53302\/#primaryimage","url":"https:\/\/www.koupelnapro.com\/wp-content\/uploads\/2026\/SK0002932-CZ20260425-093449-0-1777080895-regulator-tlaku-vody-dn-25-1.webp","contentUrl":"https:\/\/www.koupelnapro.com\/wp-content\/uploads\/2026\/SK0002932-CZ20260425-093449-0-1777080895-regulator-tlaku-vody-dn-25-1.webp","width":1000,"height":525},{"@type":"BreadcrumbList","@id":"https:\/\/www.koupelnapro.com\/index.php\/produkt\/horka-nabidka-regulator-tlaku-vody-dn-25-1-quot-53302\/#breadcrumb","itemListElement":[{"@type":"ListItem","position":1,"name":"Home","item":"https:\/\/www.koupelnapro.com\/"},{"@type":"ListItem","position":2,"name":"Products","item":"https:\/\/www.koupelnapro.com\/index.php\/products\/"},{"@type":"ListItem","position":3,"name":"Hork\u00e1 Nab\u00eddka Regul\u00e1tor tlaku vody DN 25 &#8211; 1&quot;"}]},{"@type":"WebSite","@id":"https:\/\/www.koupelnapro.com\/#website","url":"https:\/\/www.koupelnapro.com\/","name":"","description":"","potentialAction":[{"@type":"SearchAction","target":{"@type":"EntryPoint","urlTemplate":"https:\/\/www.koupelnapro.com\/?s={search_term_string}"},"query-input":{"@type":"PropertyValueSpecification","valueRequired":true,"valueName":"search_term_string"}}],"inLanguage":"cs"}]}},"_links":{"self":[{"href":"https:\/\/www.koupelnapro.com\/index.php\/wp-json\/wp\/v2\/product\/53302","targetHints":{"allow":["GET"]}}],"collection":[{"href":"https:\/\/www.koupelnapro.com\/index.php\/wp-json\/wp\/v2\/product"}],"about":[{"href":"https:\/\/www.koupelnapro.com\/index.php\/wp-json\/wp\/v2\/types\/product"}],"replies":[{"embeddable":true,"href":"https:\/\/www.koupelnapro.com\/index.php\/wp-json\/wp\/v2\/comments?post=53302"}],"wp:featuredmedia":[{"embeddable":true,"href":"https:\/\/www.koupelnapro.com\/index.php\/wp-json\/wp\/v2\/media\/53402"}],"wp:attachment":[{"href":"https:\/\/www.koupelnapro.com\/index.php\/wp-json\/wp\/v2\/media?parent=53302"}],"wp:term":[{"taxonomy":"product_brand","embeddable":true,"href":"https:\/\/www.koupelnapro.com\/index.php\/wp-json\/wp\/v2\/product_brand?post=53302"},{"taxonomy":"product_cat","embeddable":true,"href":"https:\/\/www.koupelnapro.com\/index.php\/wp-json\/wp\/v2\/product_cat?post=53302"},{"taxonomy":"product_tag","embeddable":true,"href":"https:\/\/www.koupelnapro.com\/index.php\/wp-json\/wp\/v2\/product_tag?post=53302"}],"curies":[{"name":"wp","href":"https:\/\/api.w.org\/{rel}","templated":true}]}}