{"id":5315,"date":"2026-04-26T09:13:09","date_gmt":"2026-04-26T09:13:09","guid":{"rendered":""},"modified":"2026-04-26T09:13:09","modified_gmt":"2026-04-26T09:13:09","slug":"click-spojka-l-pro-rgb-led-pasek-o-sirce-10-mm-vikendova-akce-5315","status":"publish","type":"product","link":"https:\/\/www.koupelnapro.com\/index.php\/produkt\/click-spojka-l-pro-rgb-led-pasek-o-sirce-10-mm-vikendova-akce-5315\/","title":{"rendered":"Click spojka L pro RGB LED p\u00e1sek o \u0161\u00ed\u0159ce 10 mm V\u00edkendov\u00e1 Akce"},"content":{"rendered":"<div id=\"e9234739\" class=\"pages\">\n<div id=\"PDDescription\" class=\"UserContentView userContent v1a v1 bs-view dcon dc150 PDDescription\" >\n<h2><span style=\"color: #008080;\">Click spojka L pro RGB LED p\u00e1sek o \u0161\u00ed\u0159ce 10 mm<\/span><\/h2>\n<p>Tabulka n\u00ed\u017ee v\u00e1m porad\u00ed, jestli se spojka do profilu vejde.<\/p>\n<p>\u00a0<\/p>\n<table dir=\"ltr\" border=\"1\" frame=\"border\" rules=\"all\" align=\"center\">\n<tbody>\n<tr>\n<td colspan=\"3\">P\u0159ehled pou\u017eit\u00ed spojek pro profily<\/td>\n<\/tr>\n<tr>\n<td>\u00a0<\/td>\n<td>Spojka 8mm<\/td>\n<td>Spojka 10mm<\/td>\n<\/tr>\n<tr>\n<td>K<\/td>\n<td>ANO<\/td>\n<td>NE<\/td>\n<\/tr>\n<tr>\n<td>\n<p>Mikro<\/p>\n<\/td>\n<td>NE<\/td>\n<td>NE<\/td>\n<\/tr>\n<tr>\n<td>Mikro 2<\/td>\n<td>NE<\/td>\n<td>NE<\/td>\n<\/tr>\n<tr>\n<td>N2<\/td>\n<td>ANO<\/td>\n<td>NE<\/td>\n<\/tr>\n<tr>\n<td>N3<\/td>\n<td>ANO<\/td>\n<td>NE<\/td>\n<\/tr>\n<tr>\n<td>N4<\/td>\n<td>ANO<\/td>\n<td>NE<\/td>\n<\/tr>\n<tr>\n<td>N5<\/td>\n<td>ANO<\/td>\n<td>NE<\/td>\n<\/tr>\n<tr>\n<td>N6B<\/td>\n<td>ANO<\/td>\n<td>NE<\/td>\n<\/tr>\n<tr>\n<td>N7<\/td>\n<td>NE<\/td>\n<td>NE<\/td>\n<\/tr>\n<tr>\n<td>N8<\/td>\n<td>ANO<\/td>\n<td>NE<\/td>\n<\/tr>\n<tr>\n<td>Pochoz\u00ed HR<\/td>\n<td>NE<\/td>\n<td>NE<\/td>\n<\/tr>\n<tr>\n<td>R1<\/td>\n<td>NE<\/td>\n<td>NE<\/td>\n<\/tr>\n<tr>\n<td>R4<\/td>\n<td>ANO<\/td>\n<td>ANO<\/td>\n<\/tr>\n<tr>\n<td>S<\/td>\n<td>NE<\/td>\n<td>NE<\/td>\n<\/tr>\n<tr>\n<td>TRIANGEL<\/td>\n<td>ANO<\/td>\n<td>NE<\/td>\n<\/tr>\n<tr>\n<td>TUBE<\/td>\n<td>NE<\/td>\n<td>NE<\/td>\n<\/tr>\n<tr>\n<td>V3B<\/td>\n<td>ANO<\/td>\n<td>NE<\/td>\n<\/tr>\n<tr>\n<td>V4 mini<\/td>\n<td>NE<\/td>\n<td>NE<\/td>\n<\/tr>\n<tr>\n<td>V5<\/td>\n<td>ANO<\/td>\n<td>NE<\/td>\n<\/tr>\n<\/tbody>\n<\/table>\n<p>\u00a0<\/p>\n<div id=\"PDTable3\" class=\"ProductDetailTableView v3a v3 bs-view dcon dc175 PDTable3\" >\n<table>\n<thead><\/thead>\n<tbody>\n<tr class=\"attribute attr_bsshop_maker\">\n<td class=\"caption\">V\u00fdrobce<\/td>\n<td class=\"value\">T-LED s.r.o.<\/td>\n<\/tr>\n<\/tbody>\n<\/table><\/div>\n<\/div>\n<div id=\"ProductMedia\" class=\"ProductMediaView MediaViewBase v1a v1 bs-view dcon dc398 ProductMedia\" ><bs-empty><\/bs-empty><\/p>\n<div class=\"files\">\n<div class=\"title sub\">Soubory<\/div>\n<p>Prohl&#225;\u0161en&#237; o shod\u011b konektory<\/p><\/div>\n<p><bs-empty><\/bs-empty><\/div>\n<\/div>\n<div id=\"e9234740\" class=\"tabs\">\n","protected":false},"excerpt":{"rendered":"<p>Click spojka L pro RGB LED p\u00e1sek o \u0161\u00ed\u0159ce 10 mm Tabulka n\u00ed\u017ee v\u00e1m porad\u00ed, jestli se spojka do profilu vejde. \u00a0 P\u0159ehled pou\u017eit\u00ed spojek pro profily \u00a0 Spojka 8mm Spojka 10mm K ANO NE Mikro NE NE Mikro 2 NE NE N2 ANO NE N3 ANO NE N4 ANO NE N5 ANO NE N6B [&hellip;]<\/p>\n","protected":false},"featured_media":5415,"comment_status":"open","ping_status":"open","template":"","meta":[],"product_brand":[],"product_cat":[37],"product_tag":[],"class_list":{"0":"post-5315","1":"product","2":"type-product","3":"status-publish","4":"has-post-thumbnail","6":"product_cat-sv-237-tidla-a-led","8":"first","9":"instock","10":"sale","11":"shipping-taxable","12":"purchasable","13":"product-type-simple"},"yoast_head":"<!-- This site is optimized with the Yoast SEO plugin v26.8 - https:\/\/yoast.com\/product\/yoast-seo-wordpress\/ -->\n<title>Click spojka L pro RGB LED p\u00e1sek o \u0161\u00ed\u0159ce 10 mm V\u00edkendov\u00e1 Akce -<\/title>\n<meta name=\"robots\" content=\"index, follow, max-snippet:-1, max-image-preview:large, max-video-preview:-1\" \/>\n<link rel=\"canonical\" href=\"https:\/\/www.koupelnapro.com\/index.php\/produkt\/click-spojka-l-pro-rgb-led-pasek-o-sirce-10-mm-vikendova-akce-5315\/\" \/>\n<meta property=\"og:locale\" content=\"cs_CZ\" \/>\n<meta property=\"og:type\" content=\"article\" \/>\n<meta property=\"og:title\" content=\"Click spojka L pro RGB LED p\u00e1sek o \u0161\u00ed\u0159ce 10 mm V\u00edkendov\u00e1 Akce -\" \/>\n<meta property=\"og:description\" content=\"Click spojka L pro RGB LED p\u00e1sek o \u0161\u00ed\u0159ce 10 mm Tabulka n\u00ed\u017ee v\u00e1m porad\u00ed, jestli se spojka do profilu vejde. \u00a0 P\u0159ehled pou\u017eit\u00ed spojek pro profily \u00a0 Spojka 8mm Spojka 10mm K ANO NE Mikro NE NE Mikro 2 NE NE N2 ANO NE N3 ANO NE N4 ANO NE N5 ANO NE N6B [&hellip;]\" \/>\n<meta property=\"og:url\" content=\"https:\/\/www.koupelnapro.com\/index.php\/produkt\/click-spojka-l-pro-rgb-led-pasek-o-sirce-10-mm-vikendova-akce-5315\/\" \/>\n<meta property=\"og:image\" content=\"https:\/\/www.koupelnapro.com\/wp-content\/uploads\/2026\/SK0003889-CZ20260425-091623-0-1777079785-click-spojka-l-pro-rgb-led-pasek-o-sirce-10-mm.webp\" \/>\n\t<meta property=\"og:image:width\" content=\"1000\" \/>\n\t<meta property=\"og:image:height\" content=\"525\" \/>\n\t<meta property=\"og:image:type\" content=\"image\/webp\" \/>\n<meta name=\"twitter:card\" content=\"summary_large_image\" \/>\n<script type=\"application\/ld+json\" class=\"yoast-schema-graph\">{\"@context\":\"https:\/\/schema.org\",\"@graph\":[{\"@type\":\"WebPage\",\"@id\":\"https:\/\/www.koupelnapro.com\/index.php\/produkt\/click-spojka-l-pro-rgb-led-pasek-o-sirce-10-mm-vikendova-akce-5315\/\",\"url\":\"https:\/\/www.koupelnapro.com\/index.php\/produkt\/click-spojka-l-pro-rgb-led-pasek-o-sirce-10-mm-vikendova-akce-5315\/\",\"name\":\"Click spojka L pro RGB LED p\u00e1sek o \u0161\u00ed\u0159ce 10 mm V\u00edkendov\u00e1 Akce -\",\"isPartOf\":{\"@id\":\"https:\/\/www.koupelnapro.com\/#website\"},\"primaryImageOfPage\":{\"@id\":\"https:\/\/www.koupelnapro.com\/index.php\/produkt\/click-spojka-l-pro-rgb-led-pasek-o-sirce-10-mm-vikendova-akce-5315\/#primaryimage\"},\"image\":{\"@id\":\"https:\/\/www.koupelnapro.com\/index.php\/produkt\/click-spojka-l-pro-rgb-led-pasek-o-sirce-10-mm-vikendova-akce-5315\/#primaryimage\"},\"thumbnailUrl\":\"https:\/\/www.koupelnapro.com\/wp-content\/uploads\/2026\/SK0003889-CZ20260425-091623-0-1777079785-click-spojka-l-pro-rgb-led-pasek-o-sirce-10-mm.webp\",\"datePublished\":\"2026-04-26T09:13:09+00:00\",\"breadcrumb\":{\"@id\":\"https:\/\/www.koupelnapro.com\/index.php\/produkt\/click-spojka-l-pro-rgb-led-pasek-o-sirce-10-mm-vikendova-akce-5315\/#breadcrumb\"},\"inLanguage\":\"cs\",\"potentialAction\":[{\"@type\":\"ReadAction\",\"target\":[\"https:\/\/www.koupelnapro.com\/index.php\/produkt\/click-spojka-l-pro-rgb-led-pasek-o-sirce-10-mm-vikendova-akce-5315\/\"]}]},{\"@type\":\"ImageObject\",\"inLanguage\":\"cs\",\"@id\":\"https:\/\/www.koupelnapro.com\/index.php\/produkt\/click-spojka-l-pro-rgb-led-pasek-o-sirce-10-mm-vikendova-akce-5315\/#primaryimage\",\"url\":\"https:\/\/www.koupelnapro.com\/wp-content\/uploads\/2026\/SK0003889-CZ20260425-091623-0-1777079785-click-spojka-l-pro-rgb-led-pasek-o-sirce-10-mm.webp\",\"contentUrl\":\"https:\/\/www.koupelnapro.com\/wp-content\/uploads\/2026\/SK0003889-CZ20260425-091623-0-1777079785-click-spojka-l-pro-rgb-led-pasek-o-sirce-10-mm.webp\",\"width\":1000,\"height\":525},{\"@type\":\"BreadcrumbList\",\"@id\":\"https:\/\/www.koupelnapro.com\/index.php\/produkt\/click-spojka-l-pro-rgb-led-pasek-o-sirce-10-mm-vikendova-akce-5315\/#breadcrumb\",\"itemListElement\":[{\"@type\":\"ListItem\",\"position\":1,\"name\":\"Home\",\"item\":\"https:\/\/www.koupelnapro.com\/\"},{\"@type\":\"ListItem\",\"position\":2,\"name\":\"Products\",\"item\":\"https:\/\/www.koupelnapro.com\/index.php\/products\/\"},{\"@type\":\"ListItem\",\"position\":3,\"name\":\"Click spojka L pro RGB LED p\u00e1sek o \u0161\u00ed\u0159ce 10 mm V\u00edkendov\u00e1 Akce\"}]},{\"@type\":\"WebSite\",\"@id\":\"https:\/\/www.koupelnapro.com\/#website\",\"url\":\"https:\/\/www.koupelnapro.com\/\",\"name\":\"\",\"description\":\"\",\"potentialAction\":[{\"@type\":\"SearchAction\",\"target\":{\"@type\":\"EntryPoint\",\"urlTemplate\":\"https:\/\/www.koupelnapro.com\/?s={search_term_string}\"},\"query-input\":{\"@type\":\"PropertyValueSpecification\",\"valueRequired\":true,\"valueName\":\"search_term_string\"}}],\"inLanguage\":\"cs\"}]}<\/script>\n<!-- \/ Yoast SEO plugin. -->","yoast_head_json":{"title":"Click spojka L pro RGB LED p\u00e1sek o \u0161\u00ed\u0159ce 10 mm V\u00edkendov\u00e1 Akce -","robots":{"index":"index","follow":"follow","max-snippet":"max-snippet:-1","max-image-preview":"max-image-preview:large","max-video-preview":"max-video-preview:-1"},"canonical":"https:\/\/www.koupelnapro.com\/index.php\/produkt\/click-spojka-l-pro-rgb-led-pasek-o-sirce-10-mm-vikendova-akce-5315\/","og_locale":"cs_CZ","og_type":"article","og_title":"Click spojka L pro RGB LED p\u00e1sek o \u0161\u00ed\u0159ce 10 mm V\u00edkendov\u00e1 Akce -","og_description":"Click spojka L pro RGB LED p\u00e1sek o \u0161\u00ed\u0159ce 10 mm Tabulka n\u00ed\u017ee v\u00e1m porad\u00ed, jestli se spojka do profilu vejde. \u00a0 P\u0159ehled pou\u017eit\u00ed spojek pro profily \u00a0 Spojka 8mm Spojka 10mm K ANO NE Mikro NE NE Mikro 2 NE NE N2 ANO NE N3 ANO NE N4 ANO NE N5 ANO NE N6B [&hellip;]","og_url":"https:\/\/www.koupelnapro.com\/index.php\/produkt\/click-spojka-l-pro-rgb-led-pasek-o-sirce-10-mm-vikendova-akce-5315\/","og_image":[{"width":1000,"height":525,"url":"https:\/\/www.koupelnapro.com\/wp-content\/uploads\/2026\/SK0003889-CZ20260425-091623-0-1777079785-click-spojka-l-pro-rgb-led-pasek-o-sirce-10-mm.webp","type":"image\/webp"}],"twitter_card":"summary_large_image","schema":{"@context":"https:\/\/schema.org","@graph":[{"@type":"WebPage","@id":"https:\/\/www.koupelnapro.com\/index.php\/produkt\/click-spojka-l-pro-rgb-led-pasek-o-sirce-10-mm-vikendova-akce-5315\/","url":"https:\/\/www.koupelnapro.com\/index.php\/produkt\/click-spojka-l-pro-rgb-led-pasek-o-sirce-10-mm-vikendova-akce-5315\/","name":"Click spojka L pro RGB LED p\u00e1sek o \u0161\u00ed\u0159ce 10 mm V\u00edkendov\u00e1 Akce -","isPartOf":{"@id":"https:\/\/www.koupelnapro.com\/#website"},"primaryImageOfPage":{"@id":"https:\/\/www.koupelnapro.com\/index.php\/produkt\/click-spojka-l-pro-rgb-led-pasek-o-sirce-10-mm-vikendova-akce-5315\/#primaryimage"},"image":{"@id":"https:\/\/www.koupelnapro.com\/index.php\/produkt\/click-spojka-l-pro-rgb-led-pasek-o-sirce-10-mm-vikendova-akce-5315\/#primaryimage"},"thumbnailUrl":"https:\/\/www.koupelnapro.com\/wp-content\/uploads\/2026\/SK0003889-CZ20260425-091623-0-1777079785-click-spojka-l-pro-rgb-led-pasek-o-sirce-10-mm.webp","datePublished":"2026-04-26T09:13:09+00:00","breadcrumb":{"@id":"https:\/\/www.koupelnapro.com\/index.php\/produkt\/click-spojka-l-pro-rgb-led-pasek-o-sirce-10-mm-vikendova-akce-5315\/#breadcrumb"},"inLanguage":"cs","potentialAction":[{"@type":"ReadAction","target":["https:\/\/www.koupelnapro.com\/index.php\/produkt\/click-spojka-l-pro-rgb-led-pasek-o-sirce-10-mm-vikendova-akce-5315\/"]}]},{"@type":"ImageObject","inLanguage":"cs","@id":"https:\/\/www.koupelnapro.com\/index.php\/produkt\/click-spojka-l-pro-rgb-led-pasek-o-sirce-10-mm-vikendova-akce-5315\/#primaryimage","url":"https:\/\/www.koupelnapro.com\/wp-content\/uploads\/2026\/SK0003889-CZ20260425-091623-0-1777079785-click-spojka-l-pro-rgb-led-pasek-o-sirce-10-mm.webp","contentUrl":"https:\/\/www.koupelnapro.com\/wp-content\/uploads\/2026\/SK0003889-CZ20260425-091623-0-1777079785-click-spojka-l-pro-rgb-led-pasek-o-sirce-10-mm.webp","width":1000,"height":525},{"@type":"BreadcrumbList","@id":"https:\/\/www.koupelnapro.com\/index.php\/produkt\/click-spojka-l-pro-rgb-led-pasek-o-sirce-10-mm-vikendova-akce-5315\/#breadcrumb","itemListElement":[{"@type":"ListItem","position":1,"name":"Home","item":"https:\/\/www.koupelnapro.com\/"},{"@type":"ListItem","position":2,"name":"Products","item":"https:\/\/www.koupelnapro.com\/index.php\/products\/"},{"@type":"ListItem","position":3,"name":"Click spojka L pro RGB LED p\u00e1sek o \u0161\u00ed\u0159ce 10 mm V\u00edkendov\u00e1 Akce"}]},{"@type":"WebSite","@id":"https:\/\/www.koupelnapro.com\/#website","url":"https:\/\/www.koupelnapro.com\/","name":"","description":"","potentialAction":[{"@type":"SearchAction","target":{"@type":"EntryPoint","urlTemplate":"https:\/\/www.koupelnapro.com\/?s={search_term_string}"},"query-input":{"@type":"PropertyValueSpecification","valueRequired":true,"valueName":"search_term_string"}}],"inLanguage":"cs"}]}},"_links":{"self":[{"href":"https:\/\/www.koupelnapro.com\/index.php\/wp-json\/wp\/v2\/product\/5315","targetHints":{"allow":["GET"]}}],"collection":[{"href":"https:\/\/www.koupelnapro.com\/index.php\/wp-json\/wp\/v2\/product"}],"about":[{"href":"https:\/\/www.koupelnapro.com\/index.php\/wp-json\/wp\/v2\/types\/product"}],"replies":[{"embeddable":true,"href":"https:\/\/www.koupelnapro.com\/index.php\/wp-json\/wp\/v2\/comments?post=5315"}],"wp:featuredmedia":[{"embeddable":true,"href":"https:\/\/www.koupelnapro.com\/index.php\/wp-json\/wp\/v2\/media\/5415"}],"wp:attachment":[{"href":"https:\/\/www.koupelnapro.com\/index.php\/wp-json\/wp\/v2\/media?parent=5315"}],"wp:term":[{"taxonomy":"product_brand","embeddable":true,"href":"https:\/\/www.koupelnapro.com\/index.php\/wp-json\/wp\/v2\/product_brand?post=5315"},{"taxonomy":"product_cat","embeddable":true,"href":"https:\/\/www.koupelnapro.com\/index.php\/wp-json\/wp\/v2\/product_cat?post=5315"},{"taxonomy":"product_tag","embeddable":true,"href":"https:\/\/www.koupelnapro.com\/index.php\/wp-json\/wp\/v2\/product_tag?post=5315"}],"curies":[{"name":"wp","href":"https:\/\/api.w.org\/{rel}","templated":true}]}}