{"id":53147,"date":"2026-04-26T09:16:58","date_gmt":"2026-04-26T09:16:58","guid":{"rendered":""},"modified":"2026-04-26T09:16:58","modified_gmt":"2026-04-26T09:16:58","slug":"must-have-termostaticka-hlavice-com-senso-53147","status":"publish","type":"product","link":"https:\/\/www.koupelnapro.com\/index.php\/produkt\/must-have-termostaticka-hlavice-com-senso-53147\/","title":{"rendered":"Must-Have Termostatick\u00e1 hlavice COM SENSO"},"content":{"rendered":"<div id=\"e6958256\" class=\"pages\">\n<div>\n<div id=\"PDDescription\" class=\"UserContentView userContent v1a v1 bs-view dcon dc159 PDDescription\" ><dc-con><dc-con><bs-empty><\/bs-empty><\/dc-con><dc-con>        <\/p>\n<div class=\"customDescription\">                    <\/div>\n<p><\/dc-con><dc-con><\/p>\n<p><strong>Termostatick\u00e1 hlavice COM SENSO (M30x1,5)<\/strong><\/p>\n<p>Hlavice s kapalinov\u00fdm \u010didlem a z\u00e1mkem pro hrani\u010dn\u00ed hodnoty.<\/p>\n<p style=\"text-align: justify;\">Tato termostatick\u00e1 hlavice je kapalinov\u00e1, to znamen\u00e1, \u017ee citliv\u00fd element, kter\u00fd reaguje na teplotu, m\u00e1 kapalinovou n\u00e1pl\u0148, proto je reakce hlavice velmi rychl\u00e1, p\u0159esn\u00e1 a m\u00e1 malou hysterezi. Hlavice odpov\u00edd\u00e1 velmi p\u0159\u00edsn\u00e9 norm\u011b \u010cSN EN 215, v\u00fdrobn\u00ed postupy jsou certifikov\u00e1ny podle ISO 9001:2000.<\/p>\n<p>Termostatick\u00e1 hlavice je v\u017edy namontov\u00e1na na termostatick\u00fd ventil. <\/p>\n<p>Rozsah teplot: od 6\u00b0C do 28\u00b0C<br \/>P\u0159ipojovac\u00ed z\u00e1vit M30<br \/>S\u00edla na ventil 2 kg<\/p>\n<p><\/dc-con><\/dc-con><\/div>\n<\/p><\/div>\n<div id=\"PDTable3\" class=\"ProductDetailTableView v3a v3 bs-view dcon dc180 PDTable3\" >\n<table>\n<thead><\/thead>\n<tbody>\n<tr class=\"attribute attr_bsshop_maker\">\n<td class=\"caption\">V\u00fdrobce<\/td>\n<td class=\"value\">EU<\/td>\n<\/tr>\n<\/tbody>\n<\/table>\n<\/div>\n<\/div>\n<div id=\"e6958257\" class=\"tabs\">\n","protected":false},"excerpt":{"rendered":"<p>Termostatick\u00e1 hlavice COM SENSO (M30x1,5) Hlavice s kapalinov\u00fdm \u010didlem a z\u00e1mkem pro hrani\u010dn\u00ed hodnoty. Tato termostatick\u00e1 hlavice je kapalinov\u00e1, to znamen\u00e1, \u017ee citliv\u00fd element, kter\u00fd reaguje na teplotu, m\u00e1 kapalinovou n\u00e1pl\u0148, proto je reakce hlavice velmi rychl\u00e1, p\u0159esn\u00e1 a m\u00e1 malou hysterezi. Hlavice odpov\u00edd\u00e1 velmi p\u0159\u00edsn\u00e9 norm\u011b \u010cSN EN 215, v\u00fdrobn\u00ed postupy jsou certifikov\u00e1ny podle [&hellip;]<\/p>\n","protected":false},"featured_media":53247,"comment_status":"open","ping_status":"open","template":"","meta":[],"product_brand":[],"product_cat":[170],"product_tag":[],"class_list":{"0":"post-53147","1":"product","2":"type-product","3":"status-publish","4":"has-post-thumbnail","6":"product_cat-armatury","8":"first","9":"instock","10":"sale","11":"shipping-taxable","12":"purchasable","13":"product-type-simple"},"yoast_head":"<!-- This site is optimized with the Yoast SEO plugin v26.8 - https:\/\/yoast.com\/product\/yoast-seo-wordpress\/ -->\n<title>Must-Have Termostatick\u00e1 hlavice COM SENSO -<\/title>\n<meta name=\"robots\" content=\"index, follow, max-snippet:-1, max-image-preview:large, max-video-preview:-1\" \/>\n<link rel=\"canonical\" href=\"https:\/\/www.koupelnapro.com\/index.php\/produkt\/must-have-termostaticka-hlavice-com-senso-53147\/\" \/>\n<meta property=\"og:locale\" content=\"cs_CZ\" \/>\n<meta property=\"og:type\" content=\"article\" \/>\n<meta property=\"og:title\" content=\"Must-Have Termostatick\u00e1 hlavice COM SENSO -\" \/>\n<meta property=\"og:description\" content=\"Termostatick\u00e1 hlavice COM SENSO (M30x1,5) Hlavice s kapalinov\u00fdm \u010didlem a z\u00e1mkem pro hrani\u010dn\u00ed hodnoty. Tato termostatick\u00e1 hlavice je kapalinov\u00e1, to znamen\u00e1, \u017ee citliv\u00fd element, kter\u00fd reaguje na teplotu, m\u00e1 kapalinovou n\u00e1pl\u0148, proto je reakce hlavice velmi rychl\u00e1, p\u0159esn\u00e1 a m\u00e1 malou hysterezi. Hlavice odpov\u00edd\u00e1 velmi p\u0159\u00edsn\u00e9 norm\u011b \u010cSN EN 215, v\u00fdrobn\u00ed postupy jsou certifikov\u00e1ny podle [&hellip;]\" \/>\n<meta property=\"og:url\" content=\"https:\/\/www.koupelnapro.com\/index.php\/produkt\/must-have-termostaticka-hlavice-com-senso-53147\/\" \/>\n<meta property=\"og:image\" content=\"https:\/\/www.koupelnapro.com\/wp-content\/uploads\/2026\/SK0002877-CZ20260425-093449-0-1777080895-termostaticka-hlavice-com-senso.webp\" \/>\n\t<meta property=\"og:image:width\" content=\"1000\" \/>\n\t<meta property=\"og:image:height\" content=\"525\" \/>\n\t<meta property=\"og:image:type\" content=\"image\/webp\" \/>\n<meta name=\"twitter:card\" content=\"summary_large_image\" \/>\n<script type=\"application\/ld+json\" class=\"yoast-schema-graph\">{\"@context\":\"https:\/\/schema.org\",\"@graph\":[{\"@type\":\"WebPage\",\"@id\":\"https:\/\/www.koupelnapro.com\/index.php\/produkt\/must-have-termostaticka-hlavice-com-senso-53147\/\",\"url\":\"https:\/\/www.koupelnapro.com\/index.php\/produkt\/must-have-termostaticka-hlavice-com-senso-53147\/\",\"name\":\"Must-Have Termostatick\u00e1 hlavice COM SENSO -\",\"isPartOf\":{\"@id\":\"https:\/\/www.koupelnapro.com\/#website\"},\"primaryImageOfPage\":{\"@id\":\"https:\/\/www.koupelnapro.com\/index.php\/produkt\/must-have-termostaticka-hlavice-com-senso-53147\/#primaryimage\"},\"image\":{\"@id\":\"https:\/\/www.koupelnapro.com\/index.php\/produkt\/must-have-termostaticka-hlavice-com-senso-53147\/#primaryimage\"},\"thumbnailUrl\":\"https:\/\/www.koupelnapro.com\/wp-content\/uploads\/2026\/SK0002877-CZ20260425-093449-0-1777080895-termostaticka-hlavice-com-senso.webp\",\"datePublished\":\"2026-04-26T09:16:58+00:00\",\"breadcrumb\":{\"@id\":\"https:\/\/www.koupelnapro.com\/index.php\/produkt\/must-have-termostaticka-hlavice-com-senso-53147\/#breadcrumb\"},\"inLanguage\":\"cs\",\"potentialAction\":[{\"@type\":\"ReadAction\",\"target\":[\"https:\/\/www.koupelnapro.com\/index.php\/produkt\/must-have-termostaticka-hlavice-com-senso-53147\/\"]}]},{\"@type\":\"ImageObject\",\"inLanguage\":\"cs\",\"@id\":\"https:\/\/www.koupelnapro.com\/index.php\/produkt\/must-have-termostaticka-hlavice-com-senso-53147\/#primaryimage\",\"url\":\"https:\/\/www.koupelnapro.com\/wp-content\/uploads\/2026\/SK0002877-CZ20260425-093449-0-1777080895-termostaticka-hlavice-com-senso.webp\",\"contentUrl\":\"https:\/\/www.koupelnapro.com\/wp-content\/uploads\/2026\/SK0002877-CZ20260425-093449-0-1777080895-termostaticka-hlavice-com-senso.webp\",\"width\":1000,\"height\":525},{\"@type\":\"BreadcrumbList\",\"@id\":\"https:\/\/www.koupelnapro.com\/index.php\/produkt\/must-have-termostaticka-hlavice-com-senso-53147\/#breadcrumb\",\"itemListElement\":[{\"@type\":\"ListItem\",\"position\":1,\"name\":\"Home\",\"item\":\"https:\/\/www.koupelnapro.com\/\"},{\"@type\":\"ListItem\",\"position\":2,\"name\":\"Products\",\"item\":\"https:\/\/www.koupelnapro.com\/index.php\/products\/\"},{\"@type\":\"ListItem\",\"position\":3,\"name\":\"Must-Have Termostatick\u00e1 hlavice COM SENSO\"}]},{\"@type\":\"WebSite\",\"@id\":\"https:\/\/www.koupelnapro.com\/#website\",\"url\":\"https:\/\/www.koupelnapro.com\/\",\"name\":\"\",\"description\":\"\",\"potentialAction\":[{\"@type\":\"SearchAction\",\"target\":{\"@type\":\"EntryPoint\",\"urlTemplate\":\"https:\/\/www.koupelnapro.com\/?s={search_term_string}\"},\"query-input\":{\"@type\":\"PropertyValueSpecification\",\"valueRequired\":true,\"valueName\":\"search_term_string\"}}],\"inLanguage\":\"cs\"}]}<\/script>\n<!-- \/ Yoast SEO plugin. -->","yoast_head_json":{"title":"Must-Have Termostatick\u00e1 hlavice COM SENSO -","robots":{"index":"index","follow":"follow","max-snippet":"max-snippet:-1","max-image-preview":"max-image-preview:large","max-video-preview":"max-video-preview:-1"},"canonical":"https:\/\/www.koupelnapro.com\/index.php\/produkt\/must-have-termostaticka-hlavice-com-senso-53147\/","og_locale":"cs_CZ","og_type":"article","og_title":"Must-Have Termostatick\u00e1 hlavice COM SENSO -","og_description":"Termostatick\u00e1 hlavice COM SENSO (M30x1,5) Hlavice s kapalinov\u00fdm \u010didlem a z\u00e1mkem pro hrani\u010dn\u00ed hodnoty. Tato termostatick\u00e1 hlavice je kapalinov\u00e1, to znamen\u00e1, \u017ee citliv\u00fd element, kter\u00fd reaguje na teplotu, m\u00e1 kapalinovou n\u00e1pl\u0148, proto je reakce hlavice velmi rychl\u00e1, p\u0159esn\u00e1 a m\u00e1 malou hysterezi. Hlavice odpov\u00edd\u00e1 velmi p\u0159\u00edsn\u00e9 norm\u011b \u010cSN EN 215, v\u00fdrobn\u00ed postupy jsou certifikov\u00e1ny podle [&hellip;]","og_url":"https:\/\/www.koupelnapro.com\/index.php\/produkt\/must-have-termostaticka-hlavice-com-senso-53147\/","og_image":[{"width":1000,"height":525,"url":"https:\/\/www.koupelnapro.com\/wp-content\/uploads\/2026\/SK0002877-CZ20260425-093449-0-1777080895-termostaticka-hlavice-com-senso.webp","type":"image\/webp"}],"twitter_card":"summary_large_image","schema":{"@context":"https:\/\/schema.org","@graph":[{"@type":"WebPage","@id":"https:\/\/www.koupelnapro.com\/index.php\/produkt\/must-have-termostaticka-hlavice-com-senso-53147\/","url":"https:\/\/www.koupelnapro.com\/index.php\/produkt\/must-have-termostaticka-hlavice-com-senso-53147\/","name":"Must-Have Termostatick\u00e1 hlavice COM SENSO -","isPartOf":{"@id":"https:\/\/www.koupelnapro.com\/#website"},"primaryImageOfPage":{"@id":"https:\/\/www.koupelnapro.com\/index.php\/produkt\/must-have-termostaticka-hlavice-com-senso-53147\/#primaryimage"},"image":{"@id":"https:\/\/www.koupelnapro.com\/index.php\/produkt\/must-have-termostaticka-hlavice-com-senso-53147\/#primaryimage"},"thumbnailUrl":"https:\/\/www.koupelnapro.com\/wp-content\/uploads\/2026\/SK0002877-CZ20260425-093449-0-1777080895-termostaticka-hlavice-com-senso.webp","datePublished":"2026-04-26T09:16:58+00:00","breadcrumb":{"@id":"https:\/\/www.koupelnapro.com\/index.php\/produkt\/must-have-termostaticka-hlavice-com-senso-53147\/#breadcrumb"},"inLanguage":"cs","potentialAction":[{"@type":"ReadAction","target":["https:\/\/www.koupelnapro.com\/index.php\/produkt\/must-have-termostaticka-hlavice-com-senso-53147\/"]}]},{"@type":"ImageObject","inLanguage":"cs","@id":"https:\/\/www.koupelnapro.com\/index.php\/produkt\/must-have-termostaticka-hlavice-com-senso-53147\/#primaryimage","url":"https:\/\/www.koupelnapro.com\/wp-content\/uploads\/2026\/SK0002877-CZ20260425-093449-0-1777080895-termostaticka-hlavice-com-senso.webp","contentUrl":"https:\/\/www.koupelnapro.com\/wp-content\/uploads\/2026\/SK0002877-CZ20260425-093449-0-1777080895-termostaticka-hlavice-com-senso.webp","width":1000,"height":525},{"@type":"BreadcrumbList","@id":"https:\/\/www.koupelnapro.com\/index.php\/produkt\/must-have-termostaticka-hlavice-com-senso-53147\/#breadcrumb","itemListElement":[{"@type":"ListItem","position":1,"name":"Home","item":"https:\/\/www.koupelnapro.com\/"},{"@type":"ListItem","position":2,"name":"Products","item":"https:\/\/www.koupelnapro.com\/index.php\/products\/"},{"@type":"ListItem","position":3,"name":"Must-Have Termostatick\u00e1 hlavice COM SENSO"}]},{"@type":"WebSite","@id":"https:\/\/www.koupelnapro.com\/#website","url":"https:\/\/www.koupelnapro.com\/","name":"","description":"","potentialAction":[{"@type":"SearchAction","target":{"@type":"EntryPoint","urlTemplate":"https:\/\/www.koupelnapro.com\/?s={search_term_string}"},"query-input":{"@type":"PropertyValueSpecification","valueRequired":true,"valueName":"search_term_string"}}],"inLanguage":"cs"}]}},"_links":{"self":[{"href":"https:\/\/www.koupelnapro.com\/index.php\/wp-json\/wp\/v2\/product\/53147","targetHints":{"allow":["GET"]}}],"collection":[{"href":"https:\/\/www.koupelnapro.com\/index.php\/wp-json\/wp\/v2\/product"}],"about":[{"href":"https:\/\/www.koupelnapro.com\/index.php\/wp-json\/wp\/v2\/types\/product"}],"replies":[{"embeddable":true,"href":"https:\/\/www.koupelnapro.com\/index.php\/wp-json\/wp\/v2\/comments?post=53147"}],"wp:featuredmedia":[{"embeddable":true,"href":"https:\/\/www.koupelnapro.com\/index.php\/wp-json\/wp\/v2\/media\/53247"}],"wp:attachment":[{"href":"https:\/\/www.koupelnapro.com\/index.php\/wp-json\/wp\/v2\/media?parent=53147"}],"wp:term":[{"taxonomy":"product_brand","embeddable":true,"href":"https:\/\/www.koupelnapro.com\/index.php\/wp-json\/wp\/v2\/product_brand?post=53147"},{"taxonomy":"product_cat","embeddable":true,"href":"https:\/\/www.koupelnapro.com\/index.php\/wp-json\/wp\/v2\/product_cat?post=53147"},{"taxonomy":"product_tag","embeddable":true,"href":"https:\/\/www.koupelnapro.com\/index.php\/wp-json\/wp\/v2\/product_tag?post=53147"}],"curies":[{"name":"wp","href":"https:\/\/api.w.org\/{rel}","templated":true}]}}