{"id":5314,"date":"2026-04-26T09:13:09","date_gmt":"2026-04-26T09:13:09","guid":{"rendered":""},"modified":"2026-04-26T09:13:09","modified_gmt":"2026-04-26T09:13:09","slug":"lepici-paska-hs-alufix-delka-2m-vikendova-akce-5314","status":"publish","type":"product","link":"https:\/\/www.koupelnapro.com\/index.php\/produkt\/lepici-paska-hs-alufix-delka-2m-vikendova-akce-5314\/","title":{"rendered":"Lep\u00edc\u00ed p\u00e1ska HS-ALUFIX d\u00e9lka 2m V\u00edkendov\u00e1 Akce"},"content":{"rendered":"<div id=\"e9234662\" class=\"pages\">\n<div id=\"PDDescription\" class=\"UserContentView userContent v1a v1 bs-view dcon dc150 PDDescription\" >\n<h2><span style=\"color: #008080;\">HS-ALUFIX je oboustrann\u00e1 akrylov\u00e1 lep\u00edc\u00ed p\u00e1ska pro upevn\u011bn\u00ed ALU profil\u016f vysokou pevnost\u00ed.<\/span><\/h2>\n<p>P\u00e1sky HS\u00a0 jsou ide\u00e1ln\u00ed pro pou\u017eit\u00ed v\u00a0\u0159ad\u011b vnit\u0159n\u00edch a\u00a0venkovn\u00edch aplikac\u00ed lepen\u00ed, mohou nahradit n\u00fdty, bodov\u00e9 svary, tekut\u00e1 lepidla a\u00a0jin\u00e9 trval\u00e9 upevn\u011bn\u00ed.<br \/>HS p\u00e1ska se vyzna\u010duje velmi dobrou p\u0159ilnavost\u00ed k\u00a0materi\u00e1lu, konformitou, vysokou pevnost\u00ed v\u00a0tahu, vysokou adhez\u00ed ve\u00a0smyku a\u00a0p\u0159i odlupu, odolnost\u00ed proti migraci zm\u011bk\u010dovadel.<\/p>\n<p>Tyto p\u00e1sky jsou vyrobeny z\u00a0akrylov\u00e9 p\u011bny, kter\u00e1 je viskoelastick\u00e1., vyzna\u010duje se absorpc\u00ed energie a\u00a0relaxac\u00ed nap\u011bt\u00ed, \u010d\u00edm\u017e p\u00e1sky z\u00edsk\u00e1vaj\u00ed jedine\u010dn\u00e9 vlastnosti. Chemick\u00e9 slo\u017een\u00ed akrylov\u00fdch plastick\u00fdch hmot HS p\u00e1sky zaji\u0161\u0165uje mimo\u0159\u00e1dnou \u017eivotnost a\u00a0odolnost v\u016f\u010di rozpou\u0161t\u011bdl\u016fm a\u00a0vlhkosti<\/p>\n<p>\u00a0<\/p>\n<p>Rozm\u011bry:\u00a0v\u00fd\u0161ka 0,8mm, \u0161\u00ed\u0159ka 15mm, balen\u00ed d\u00e9lka 2m nebo 33m<\/p>\n<p>Barva:\u00a0sv\u011btle \u0161ed\u00e1<\/p>\n<p>Typick\u00e9 technick\u00e9 parametry:<br \/>N\u00e1sleduj\u00edc\u00ed technick\u00e9 informace a\u00a0\u00fadaje jsou pouze reprezentativn\u00ed nebo typick\u00e9 a\u00a0nem\u011bly by b\u00fdt pou\u017e\u00edv\u00e1ny pro \u00fa\u010dely specifikace.<\/p>\n<p>Pevnost p\u0159i odlupu 90\u00b0 100\/100mm<\/p>\n<p>Pevnost v\u00a0tahu kPa 600<\/p>\n<p>Max.prodlou\u017een\u00ed 200%<br \/>Provozn\u00ed teplota -20\u00b0C &#8211; 120\u00b0C<\/p>\n<p>Skladovac\u00ed doba je 24\u00a0m\u011bs\u00edc\u016f od data v\u00fdroby, za podm\u00ednek skladov\u00e1n\u00ed p\u0159i 4\u00a0\u00b0C a\u017e 38\u00a0\u00b0C<\/p>\n<p>a relativn\u00ed vlhkosti 0-95%. Optim\u00e1ln\u00ed podm\u00ednky skladov\u00e1n\u00ed jsou 22\u00a0\u00b0C a\u00a050% relativn\u00ed vlhkost.<\/p>\n<p>Technick\u00e9 parametry p\u00e1sek se nem\u011bn\u00ed ani po vypr\u0161en\u00ed skladovac\u00ed doby.Doporu\u010dujeme v\u0161ak, pokud je to mo\u017en\u00e9, pou\u017e\u00edvat p\u0159ed datem skladovac\u00ed doby.<\/p>\n<div id=\"PDTable3\" class=\"ProductDetailTableView v3a v3 bs-view dcon dc175 PDTable3\" >\n<table>\n<thead><\/thead>\n<tbody>\n<tr class=\"attribute attr_bsshop_maker\">\n<td class=\"caption\">V\u00fdrobce<\/td>\n<td class=\"value\">T-LED s.r.o.<\/td>\n<\/tr>\n<\/tbody>\n<\/table><\/div>\n<\/div>\n<\/div>\n<div id=\"e9234663\" class=\"tabs\">\n","protected":false},"excerpt":{"rendered":"<p>HS-ALUFIX je oboustrann\u00e1 akrylov\u00e1 lep\u00edc\u00ed p\u00e1ska pro upevn\u011bn\u00ed ALU profil\u016f vysokou pevnost\u00ed. P\u00e1sky HS\u00a0 jsou ide\u00e1ln\u00ed pro pou\u017eit\u00ed v\u00a0\u0159ad\u011b vnit\u0159n\u00edch a\u00a0venkovn\u00edch aplikac\u00ed lepen\u00ed, mohou nahradit n\u00fdty, bodov\u00e9 svary, tekut\u00e1 lepidla a\u00a0jin\u00e9 trval\u00e9 upevn\u011bn\u00ed.HS p\u00e1ska se vyzna\u010duje velmi dobrou p\u0159ilnavost\u00ed k\u00a0materi\u00e1lu, konformitou, vysokou pevnost\u00ed v\u00a0tahu, vysokou adhez\u00ed ve\u00a0smyku a\u00a0p\u0159i odlupu, odolnost\u00ed proti migraci zm\u011bk\u010dovadel. Tyto p\u00e1sky [&hellip;]<\/p>\n","protected":false},"featured_media":5414,"comment_status":"open","ping_status":"open","template":"","meta":[],"product_brand":[],"product_cat":[37],"product_tag":[],"class_list":{"0":"post-5314","1":"product","2":"type-product","3":"status-publish","4":"has-post-thumbnail","6":"product_cat-sv-237-tidla-a-led","8":"first","9":"instock","10":"sale","11":"shipping-taxable","12":"purchasable","13":"product-type-simple"},"yoast_head":"<!-- This site is optimized with the Yoast SEO plugin v26.8 - https:\/\/yoast.com\/product\/yoast-seo-wordpress\/ -->\n<title>Lep\u00edc\u00ed p\u00e1ska HS-ALUFIX d\u00e9lka 2m V\u00edkendov\u00e1 Akce -<\/title>\n<meta name=\"robots\" content=\"index, follow, max-snippet:-1, max-image-preview:large, max-video-preview:-1\" \/>\n<link rel=\"canonical\" href=\"https:\/\/www.koupelnapro.com\/index.php\/produkt\/lepici-paska-hs-alufix-delka-2m-vikendova-akce-5314\/\" \/>\n<meta property=\"og:locale\" content=\"cs_CZ\" \/>\n<meta property=\"og:type\" content=\"article\" \/>\n<meta property=\"og:title\" content=\"Lep\u00edc\u00ed p\u00e1ska HS-ALUFIX d\u00e9lka 2m V\u00edkendov\u00e1 Akce -\" \/>\n<meta property=\"og:description\" content=\"HS-ALUFIX je oboustrann\u00e1 akrylov\u00e1 lep\u00edc\u00ed p\u00e1ska pro upevn\u011bn\u00ed ALU profil\u016f vysokou pevnost\u00ed. P\u00e1sky HS\u00a0 jsou ide\u00e1ln\u00ed pro pou\u017eit\u00ed v\u00a0\u0159ad\u011b vnit\u0159n\u00edch a\u00a0venkovn\u00edch aplikac\u00ed lepen\u00ed, mohou nahradit n\u00fdty, bodov\u00e9 svary, tekut\u00e1 lepidla a\u00a0jin\u00e9 trval\u00e9 upevn\u011bn\u00ed.HS p\u00e1ska se vyzna\u010duje velmi dobrou p\u0159ilnavost\u00ed k\u00a0materi\u00e1lu, konformitou, vysokou pevnost\u00ed v\u00a0tahu, vysokou adhez\u00ed ve\u00a0smyku a\u00a0p\u0159i odlupu, odolnost\u00ed proti migraci zm\u011bk\u010dovadel. Tyto p\u00e1sky [&hellip;]\" \/>\n<meta property=\"og:url\" content=\"https:\/\/www.koupelnapro.com\/index.php\/produkt\/lepici-paska-hs-alufix-delka-2m-vikendova-akce-5314\/\" \/>\n<meta property=\"og:image\" content=\"https:\/\/www.koupelnapro.com\/wp-content\/uploads\/2026\/SK0003888-CZ20260425-091623-0-1777079785-lepici-paska-hs-alufix-delka-2m.webp\" \/>\n\t<meta property=\"og:image:width\" content=\"1000\" \/>\n\t<meta property=\"og:image:height\" content=\"525\" \/>\n\t<meta property=\"og:image:type\" content=\"image\/webp\" \/>\n<meta name=\"twitter:card\" content=\"summary_large_image\" \/>\n<meta name=\"twitter:label1\" content=\"Odhadovan\u00e1 doba \u010dten\u00ed\" \/>\n\t<meta name=\"twitter:data1\" content=\"1 minuta\" \/>\n<script type=\"application\/ld+json\" class=\"yoast-schema-graph\">{\"@context\":\"https:\/\/schema.org\",\"@graph\":[{\"@type\":\"WebPage\",\"@id\":\"https:\/\/www.koupelnapro.com\/index.php\/produkt\/lepici-paska-hs-alufix-delka-2m-vikendova-akce-5314\/\",\"url\":\"https:\/\/www.koupelnapro.com\/index.php\/produkt\/lepici-paska-hs-alufix-delka-2m-vikendova-akce-5314\/\",\"name\":\"Lep\u00edc\u00ed p\u00e1ska HS-ALUFIX d\u00e9lka 2m V\u00edkendov\u00e1 Akce -\",\"isPartOf\":{\"@id\":\"https:\/\/www.koupelnapro.com\/#website\"},\"primaryImageOfPage\":{\"@id\":\"https:\/\/www.koupelnapro.com\/index.php\/produkt\/lepici-paska-hs-alufix-delka-2m-vikendova-akce-5314\/#primaryimage\"},\"image\":{\"@id\":\"https:\/\/www.koupelnapro.com\/index.php\/produkt\/lepici-paska-hs-alufix-delka-2m-vikendova-akce-5314\/#primaryimage\"},\"thumbnailUrl\":\"https:\/\/www.koupelnapro.com\/wp-content\/uploads\/2026\/SK0003888-CZ20260425-091623-0-1777079785-lepici-paska-hs-alufix-delka-2m.webp\",\"datePublished\":\"2026-04-26T09:13:09+00:00\",\"breadcrumb\":{\"@id\":\"https:\/\/www.koupelnapro.com\/index.php\/produkt\/lepici-paska-hs-alufix-delka-2m-vikendova-akce-5314\/#breadcrumb\"},\"inLanguage\":\"cs\",\"potentialAction\":[{\"@type\":\"ReadAction\",\"target\":[\"https:\/\/www.koupelnapro.com\/index.php\/produkt\/lepici-paska-hs-alufix-delka-2m-vikendova-akce-5314\/\"]}]},{\"@type\":\"ImageObject\",\"inLanguage\":\"cs\",\"@id\":\"https:\/\/www.koupelnapro.com\/index.php\/produkt\/lepici-paska-hs-alufix-delka-2m-vikendova-akce-5314\/#primaryimage\",\"url\":\"https:\/\/www.koupelnapro.com\/wp-content\/uploads\/2026\/SK0003888-CZ20260425-091623-0-1777079785-lepici-paska-hs-alufix-delka-2m.webp\",\"contentUrl\":\"https:\/\/www.koupelnapro.com\/wp-content\/uploads\/2026\/SK0003888-CZ20260425-091623-0-1777079785-lepici-paska-hs-alufix-delka-2m.webp\",\"width\":1000,\"height\":525},{\"@type\":\"BreadcrumbList\",\"@id\":\"https:\/\/www.koupelnapro.com\/index.php\/produkt\/lepici-paska-hs-alufix-delka-2m-vikendova-akce-5314\/#breadcrumb\",\"itemListElement\":[{\"@type\":\"ListItem\",\"position\":1,\"name\":\"Home\",\"item\":\"https:\/\/www.koupelnapro.com\/\"},{\"@type\":\"ListItem\",\"position\":2,\"name\":\"Products\",\"item\":\"https:\/\/www.koupelnapro.com\/index.php\/products\/\"},{\"@type\":\"ListItem\",\"position\":3,\"name\":\"Lep\u00edc\u00ed p\u00e1ska HS-ALUFIX d\u00e9lka 2m V\u00edkendov\u00e1 Akce\"}]},{\"@type\":\"WebSite\",\"@id\":\"https:\/\/www.koupelnapro.com\/#website\",\"url\":\"https:\/\/www.koupelnapro.com\/\",\"name\":\"\",\"description\":\"\",\"potentialAction\":[{\"@type\":\"SearchAction\",\"target\":{\"@type\":\"EntryPoint\",\"urlTemplate\":\"https:\/\/www.koupelnapro.com\/?s={search_term_string}\"},\"query-input\":{\"@type\":\"PropertyValueSpecification\",\"valueRequired\":true,\"valueName\":\"search_term_string\"}}],\"inLanguage\":\"cs\"}]}<\/script>\n<!-- \/ Yoast SEO plugin. -->","yoast_head_json":{"title":"Lep\u00edc\u00ed p\u00e1ska HS-ALUFIX d\u00e9lka 2m V\u00edkendov\u00e1 Akce -","robots":{"index":"index","follow":"follow","max-snippet":"max-snippet:-1","max-image-preview":"max-image-preview:large","max-video-preview":"max-video-preview:-1"},"canonical":"https:\/\/www.koupelnapro.com\/index.php\/produkt\/lepici-paska-hs-alufix-delka-2m-vikendova-akce-5314\/","og_locale":"cs_CZ","og_type":"article","og_title":"Lep\u00edc\u00ed p\u00e1ska HS-ALUFIX d\u00e9lka 2m V\u00edkendov\u00e1 Akce -","og_description":"HS-ALUFIX je oboustrann\u00e1 akrylov\u00e1 lep\u00edc\u00ed p\u00e1ska pro upevn\u011bn\u00ed ALU profil\u016f vysokou pevnost\u00ed. P\u00e1sky HS\u00a0 jsou ide\u00e1ln\u00ed pro pou\u017eit\u00ed v\u00a0\u0159ad\u011b vnit\u0159n\u00edch a\u00a0venkovn\u00edch aplikac\u00ed lepen\u00ed, mohou nahradit n\u00fdty, bodov\u00e9 svary, tekut\u00e1 lepidla a\u00a0jin\u00e9 trval\u00e9 upevn\u011bn\u00ed.HS p\u00e1ska se vyzna\u010duje velmi dobrou p\u0159ilnavost\u00ed k\u00a0materi\u00e1lu, konformitou, vysokou pevnost\u00ed v\u00a0tahu, vysokou adhez\u00ed ve\u00a0smyku a\u00a0p\u0159i odlupu, odolnost\u00ed proti migraci zm\u011bk\u010dovadel. Tyto p\u00e1sky [&hellip;]","og_url":"https:\/\/www.koupelnapro.com\/index.php\/produkt\/lepici-paska-hs-alufix-delka-2m-vikendova-akce-5314\/","og_image":[{"width":1000,"height":525,"url":"https:\/\/www.koupelnapro.com\/wp-content\/uploads\/2026\/SK0003888-CZ20260425-091623-0-1777079785-lepici-paska-hs-alufix-delka-2m.webp","type":"image\/webp"}],"twitter_card":"summary_large_image","twitter_misc":{"Odhadovan\u00e1 doba \u010dten\u00ed":"1 minuta"},"schema":{"@context":"https:\/\/schema.org","@graph":[{"@type":"WebPage","@id":"https:\/\/www.koupelnapro.com\/index.php\/produkt\/lepici-paska-hs-alufix-delka-2m-vikendova-akce-5314\/","url":"https:\/\/www.koupelnapro.com\/index.php\/produkt\/lepici-paska-hs-alufix-delka-2m-vikendova-akce-5314\/","name":"Lep\u00edc\u00ed p\u00e1ska HS-ALUFIX d\u00e9lka 2m V\u00edkendov\u00e1 Akce -","isPartOf":{"@id":"https:\/\/www.koupelnapro.com\/#website"},"primaryImageOfPage":{"@id":"https:\/\/www.koupelnapro.com\/index.php\/produkt\/lepici-paska-hs-alufix-delka-2m-vikendova-akce-5314\/#primaryimage"},"image":{"@id":"https:\/\/www.koupelnapro.com\/index.php\/produkt\/lepici-paska-hs-alufix-delka-2m-vikendova-akce-5314\/#primaryimage"},"thumbnailUrl":"https:\/\/www.koupelnapro.com\/wp-content\/uploads\/2026\/SK0003888-CZ20260425-091623-0-1777079785-lepici-paska-hs-alufix-delka-2m.webp","datePublished":"2026-04-26T09:13:09+00:00","breadcrumb":{"@id":"https:\/\/www.koupelnapro.com\/index.php\/produkt\/lepici-paska-hs-alufix-delka-2m-vikendova-akce-5314\/#breadcrumb"},"inLanguage":"cs","potentialAction":[{"@type":"ReadAction","target":["https:\/\/www.koupelnapro.com\/index.php\/produkt\/lepici-paska-hs-alufix-delka-2m-vikendova-akce-5314\/"]}]},{"@type":"ImageObject","inLanguage":"cs","@id":"https:\/\/www.koupelnapro.com\/index.php\/produkt\/lepici-paska-hs-alufix-delka-2m-vikendova-akce-5314\/#primaryimage","url":"https:\/\/www.koupelnapro.com\/wp-content\/uploads\/2026\/SK0003888-CZ20260425-091623-0-1777079785-lepici-paska-hs-alufix-delka-2m.webp","contentUrl":"https:\/\/www.koupelnapro.com\/wp-content\/uploads\/2026\/SK0003888-CZ20260425-091623-0-1777079785-lepici-paska-hs-alufix-delka-2m.webp","width":1000,"height":525},{"@type":"BreadcrumbList","@id":"https:\/\/www.koupelnapro.com\/index.php\/produkt\/lepici-paska-hs-alufix-delka-2m-vikendova-akce-5314\/#breadcrumb","itemListElement":[{"@type":"ListItem","position":1,"name":"Home","item":"https:\/\/www.koupelnapro.com\/"},{"@type":"ListItem","position":2,"name":"Products","item":"https:\/\/www.koupelnapro.com\/index.php\/products\/"},{"@type":"ListItem","position":3,"name":"Lep\u00edc\u00ed p\u00e1ska HS-ALUFIX d\u00e9lka 2m V\u00edkendov\u00e1 Akce"}]},{"@type":"WebSite","@id":"https:\/\/www.koupelnapro.com\/#website","url":"https:\/\/www.koupelnapro.com\/","name":"","description":"","potentialAction":[{"@type":"SearchAction","target":{"@type":"EntryPoint","urlTemplate":"https:\/\/www.koupelnapro.com\/?s={search_term_string}"},"query-input":{"@type":"PropertyValueSpecification","valueRequired":true,"valueName":"search_term_string"}}],"inLanguage":"cs"}]}},"_links":{"self":[{"href":"https:\/\/www.koupelnapro.com\/index.php\/wp-json\/wp\/v2\/product\/5314","targetHints":{"allow":["GET"]}}],"collection":[{"href":"https:\/\/www.koupelnapro.com\/index.php\/wp-json\/wp\/v2\/product"}],"about":[{"href":"https:\/\/www.koupelnapro.com\/index.php\/wp-json\/wp\/v2\/types\/product"}],"replies":[{"embeddable":true,"href":"https:\/\/www.koupelnapro.com\/index.php\/wp-json\/wp\/v2\/comments?post=5314"}],"wp:featuredmedia":[{"embeddable":true,"href":"https:\/\/www.koupelnapro.com\/index.php\/wp-json\/wp\/v2\/media\/5414"}],"wp:attachment":[{"href":"https:\/\/www.koupelnapro.com\/index.php\/wp-json\/wp\/v2\/media?parent=5314"}],"wp:term":[{"taxonomy":"product_brand","embeddable":true,"href":"https:\/\/www.koupelnapro.com\/index.php\/wp-json\/wp\/v2\/product_brand?post=5314"},{"taxonomy":"product_cat","embeddable":true,"href":"https:\/\/www.koupelnapro.com\/index.php\/wp-json\/wp\/v2\/product_cat?post=5314"},{"taxonomy":"product_tag","embeddable":true,"href":"https:\/\/www.koupelnapro.com\/index.php\/wp-json\/wp\/v2\/product_tag?post=5314"}],"curies":[{"name":"wp","href":"https:\/\/api.w.org\/{rel}","templated":true}]}}