{"id":53120,"date":"2026-04-26T09:16:58","date_gmt":"2026-04-26T09:16:58","guid":{"rendered":""},"modified":"2026-04-26T09:16:58","modified_gmt":"2026-04-26T09:16:58","slug":"novaservis-vanova-panelakova-baterie-150-mm-metalia-55-chrom-55032-0-cenova-bomba-53120","status":"publish","type":"product","link":"https:\/\/www.koupelnapro.com\/index.php\/produkt\/novaservis-vanova-panelakova-baterie-150-mm-metalia-55-chrom-55032-0-cenova-bomba-53120\/","title":{"rendered":"NOVASERVIS Vanov\u00e1 panel\u00e1kov\u00e1 baterie 150 mm Metalia 55 chrom &#8211; 55032,0 Cenov\u00e1 Bomba"},"content":{"rendered":"<div id=\"e6944358\" class=\"pages\">\n<div>\n<div id=\"PDDescription\" class=\"UserContentView userContent v1a v1 bs-view dcon dc159 PDDescription\" ><dc-con><dc-con><bs-empty><\/bs-empty><\/dc-con><dc-con>        <\/p>\n<div class=\"customDescription\">                    <\/div>\n<p><\/dc-con><dc-con>Kvalitn\u00ed a odoln\u00e1 keramick\u00e1 kartu\u0161e KEROX 35 mm <b>s\u00a0prodlou\u017eenou z\u00e1rukou\u00a07\u00a0let<\/b>. Prvot\u0159\u00eddn\u00ed chromov\u00e9 proveden\u00ed. Panel\u00e1kov\u00e1 n\u00e1st\u011bnn\u00e1 vanov\u00e1 baterie s rozte\u010d\u00ed 150 mm s areta\u010dn\u00edm p\u0159ep\u00edna\u010dem a v\u00fdtokov\u00fdm ram\u00ednkem v d\u00e9lce a\u017e 360 mm. Sou\u010d\u00e1st\u00ed balen\u00ed je kovov\u00e1 sprchov\u00e1 v\u00edcez\u00e1mkov\u00e1 hadice 150 cm (pevn\u011bj\u0161\u00ed a odoln\u011bj\u0161\u00ed), kloubov\u00fd dr\u017e\u00e1k sprchy a samo\u010distic\u00ed ru\u010dn\u00ed sprcha.<\/dc-con><\/dc-con><\/div>\n<div id=\"PDDescription2\" class=\"UserContentView userContent v1a v1 bs-view dcon dc160 PDDescription2\" >Jedna z dlouhodob\u011b nejobl\u00edben\u011bj\u0161\u00edch \u0159ad vodovodn\u00edch bateri\u00ed v jednoduch\u00e9m a nad\u010dasov\u00e9m designu si najde sv\u00e9 m\u00edsto v jak\u00e9mkoliv interi\u00e9ru. S\u00e9rie METALIA 55 v\u00e1m nab\u00edz\u00ed mno\u017estv\u00ed variabilit jak pro koupelny, tak pro kuchyn\u011b v zaru\u010den\u00e9 kvalit\u011b a vysok\u00e9m u\u017eivatelsk\u00e9m komfortu. &lt;b&gt;Nejprod\u00e1van\u011bj\u0161\u00ed \u010desk\u00e9 vodovodn\u00ed baterie METALIA&lt;\/b&gt;. Tuto zna\u010dku rozhodn\u011b vystihuje &#8211; vysok\u00e1 kvalita, modern\u00ed design, funk\u010dnost a u\u017eivatelsk\u00fd komfort. &lt;br \/&gt;&lt;br \/&gt;Servis a\u017e k v\u00e1m dom\u016f.<\/div>\n<\/p><\/div>\n<div id=\"PDTable3\" class=\"ProductDetailTableView v3a v3 bs-view dcon dc180 PDTable3\" >\n<table>\n<thead><\/thead>\n<tbody>\n<tr class=\"attribute attr_ovladani\">\n<td class=\"caption\">Ovl\u00e1d\u00e1n\u00ed<\/td>\n<td class=\"value\">P\u00e1kov\u00e9<\/td>\n<\/tr>\n<tr class=\"attribute attr_pouziti\">\n<td class=\"caption\">Pou\u017eit\u00ed<\/td>\n<td class=\"value\">Vanov\u00e9 baterie<\/td>\n<\/tr>\n<tr class=\"attribute attr_typ\">\n<td class=\"caption\">Typ<\/td>\n<td class=\"value\">N\u00e1st\u011bnn\u00e9 baterie<\/td>\n<\/tr>\n<tr class=\"attribute attr_roztecpripojeni\">\n<td class=\"caption\">Rozte\u010d p\u0159ipojen\u00ed v mm<\/td>\n<td class=\"value\">150 mm<\/td>\n<\/tr>\n<tr class=\"attribute attr_bsshop_maker\">\n<td class=\"caption\">V\u00fdrobce<\/td>\n<td class=\"value\">Novaservis<\/td>\n<\/tr>\n<tr class=\"weight\">\n<td class=\"caption\"><span>Hmotnost<\/span><\/td>\n<td class=\"value\"><span>2,16 kg<\/span><\/td>\n<\/tr>\n<\/tbody>\n<\/table>\n<\/div>\n<div id=\"ProductMedia\" class=\"ProductMediaView MediaViewBase v1a v1 bs-view dcon dc404 ProductMedia\" ><bs-empty><\/bs-empty><\/p>\n<div class=\"files\">\n<div class=\"title sub\">Soubory<\/div>\n<p><a href=\"\/media\/6155\/202-c5-2016-b-30-01422-16-rev-2.pdf?&amp;key=ZGpmIyQwNUZfNjE1NQ==\" class=\"pdf\">202_C5_2016_B-30-01422-16-rev_2.pdf<\/a><a href=\"\/media\/6156\/55032.jpg?&amp;key=ZGpmIyQwNUZfNjE1Ng==\" class=\"jpg\">55032.jpg<\/a><\/div>\n<p><bs-empty><\/bs-empty><\/div>\n<div id=\"PdProductGpsr\" class=\"ProductGpsrView v1a v1 bs-view dcon dc212 PdProductGpsr\" >\n<div class=\"subject\"><dc-root class=\"dcon dc214\"><span class=\"title\">Zodpov\u011bdn&#253; subjekt:<\/span><dc-con><dc-con><span class=\"company\">NOVASERVIS spol. s r.o.<\/span><span class=\"name\">Novaservis<\/span><\/dc-con><dc-con><span class=\"street\">Dru\u017estevn&#237; 5<\/span><span class=\"city\">Znojmo<\/span><span class=\"zip\">669 02<\/span><span class=\"country\">\u010cesko<\/span><\/dc-con><span class=\"email\">shop@novaservis.cz<\/span><span class=\"phone\">515 282 111 <\/span><bs-empty><\/bs-empty><a href=\"https:\/\/www.novaservis.cz\/kontakt\/\" class=\"link\" target=\"_blank\">https:\/\/www.novaservis.cz\/kontakt\/<\/a><\/dc-con><bs-empty><\/bs-empty><\/dc-root><\/div>\n<p><bs-empty><\/bs-empty><\/div>\n<\/div>\n<div id=\"e6944359\" class=\"tabs\">\n","protected":false},"excerpt":{"rendered":"<p>Kvalitn\u00ed a odoln\u00e1 keramick\u00e1 kartu\u0161e KEROX 35 mm s\u00a0prodlou\u017eenou z\u00e1rukou\u00a07\u00a0let. Prvot\u0159\u00eddn\u00ed chromov\u00e9 proveden\u00ed. Panel\u00e1kov\u00e1 n\u00e1st\u011bnn\u00e1 vanov\u00e1 baterie s rozte\u010d\u00ed 150 mm s areta\u010dn\u00edm p\u0159ep\u00edna\u010dem a v\u00fdtokov\u00fdm ram\u00ednkem v d\u00e9lce a\u017e 360 mm. Sou\u010d\u00e1st\u00ed balen\u00ed je kovov\u00e1 sprchov\u00e1 v\u00edcez\u00e1mkov\u00e1 hadice 150 cm (pevn\u011bj\u0161\u00ed a odoln\u011bj\u0161\u00ed), kloubov\u00fd dr\u017e\u00e1k sprchy a samo\u010distic\u00ed ru\u010dn\u00ed sprcha. Jedna z dlouhodob\u011b nejobl\u00edben\u011bj\u0161\u00edch [&hellip;]<\/p>\n","protected":false},"featured_media":53220,"comment_status":"open","ping_status":"open","template":"","meta":[],"product_brand":[],"product_cat":[171],"product_tag":[],"class_list":{"0":"post-53120","1":"product","2":"type-product","3":"status-publish","4":"has-post-thumbnail","6":"product_cat-vybaven-237-koupelny","8":"first","9":"instock","10":"sale","11":"shipping-taxable","12":"purchasable","13":"product-type-simple"},"yoast_head":"<!-- This site is optimized with the Yoast SEO plugin v26.8 - https:\/\/yoast.com\/product\/yoast-seo-wordpress\/ -->\n<title>NOVASERVIS Vanov\u00e1 panel\u00e1kov\u00e1 baterie 150 mm Metalia 55 chrom - 55032,0 Cenov\u00e1 Bomba -<\/title>\n<meta name=\"robots\" content=\"index, follow, max-snippet:-1, max-image-preview:large, max-video-preview:-1\" \/>\n<link rel=\"canonical\" href=\"https:\/\/www.koupelnapro.com\/index.php\/produkt\/novaservis-vanova-panelakova-baterie-150-mm-metalia-55-chrom-55032-0-cenova-bomba-53120\/\" \/>\n<meta property=\"og:locale\" content=\"cs_CZ\" \/>\n<meta property=\"og:type\" content=\"article\" \/>\n<meta property=\"og:title\" content=\"NOVASERVIS Vanov\u00e1 panel\u00e1kov\u00e1 baterie 150 mm Metalia 55 chrom - 55032,0 Cenov\u00e1 Bomba -\" \/>\n<meta property=\"og:description\" content=\"Kvalitn\u00ed a odoln\u00e1 keramick\u00e1 kartu\u0161e KEROX 35 mm s\u00a0prodlou\u017eenou z\u00e1rukou\u00a07\u00a0let. Prvot\u0159\u00eddn\u00ed chromov\u00e9 proveden\u00ed. Panel\u00e1kov\u00e1 n\u00e1st\u011bnn\u00e1 vanov\u00e1 baterie s rozte\u010d\u00ed 150 mm s areta\u010dn\u00edm p\u0159ep\u00edna\u010dem a v\u00fdtokov\u00fdm ram\u00ednkem v d\u00e9lce a\u017e 360 mm. Sou\u010d\u00e1st\u00ed balen\u00ed je kovov\u00e1 sprchov\u00e1 v\u00edcez\u00e1mkov\u00e1 hadice 150 cm (pevn\u011bj\u0161\u00ed a odoln\u011bj\u0161\u00ed), kloubov\u00fd dr\u017e\u00e1k sprchy a samo\u010distic\u00ed ru\u010dn\u00ed sprcha. Jedna z dlouhodob\u011b nejobl\u00edben\u011bj\u0161\u00edch [&hellip;]\" \/>\n<meta property=\"og:url\" content=\"https:\/\/www.koupelnapro.com\/index.php\/produkt\/novaservis-vanova-panelakova-baterie-150-mm-metalia-55-chrom-55032-0-cenova-bomba-53120\/\" \/>\n<meta property=\"og:image\" content=\"https:\/\/www.koupelnapro.com\/wp-content\/uploads\/2026\/SK0002850-CZ20260425-093449-0-1777080895-novaservis-vanova-panelakova-baterie-150-mm-metalia-55-chro.webp\" \/>\n\t<meta property=\"og:image:width\" content=\"1000\" \/>\n\t<meta property=\"og:image:height\" content=\"525\" \/>\n\t<meta property=\"og:image:type\" content=\"image\/webp\" \/>\n<meta name=\"twitter:card\" content=\"summary_large_image\" \/>\n<meta name=\"twitter:label1\" content=\"Odhadovan\u00e1 doba \u010dten\u00ed\" \/>\n\t<meta name=\"twitter:data1\" content=\"1 minuta\" \/>\n<script type=\"application\/ld+json\" class=\"yoast-schema-graph\">{\"@context\":\"https:\/\/schema.org\",\"@graph\":[{\"@type\":\"WebPage\",\"@id\":\"https:\/\/www.koupelnapro.com\/index.php\/produkt\/novaservis-vanova-panelakova-baterie-150-mm-metalia-55-chrom-55032-0-cenova-bomba-53120\/\",\"url\":\"https:\/\/www.koupelnapro.com\/index.php\/produkt\/novaservis-vanova-panelakova-baterie-150-mm-metalia-55-chrom-55032-0-cenova-bomba-53120\/\",\"name\":\"NOVASERVIS Vanov\u00e1 panel\u00e1kov\u00e1 baterie 150 mm Metalia 55 chrom - 55032,0 Cenov\u00e1 Bomba -\",\"isPartOf\":{\"@id\":\"https:\/\/www.koupelnapro.com\/#website\"},\"primaryImageOfPage\":{\"@id\":\"https:\/\/www.koupelnapro.com\/index.php\/produkt\/novaservis-vanova-panelakova-baterie-150-mm-metalia-55-chrom-55032-0-cenova-bomba-53120\/#primaryimage\"},\"image\":{\"@id\":\"https:\/\/www.koupelnapro.com\/index.php\/produkt\/novaservis-vanova-panelakova-baterie-150-mm-metalia-55-chrom-55032-0-cenova-bomba-53120\/#primaryimage\"},\"thumbnailUrl\":\"https:\/\/www.koupelnapro.com\/wp-content\/uploads\/2026\/SK0002850-CZ20260425-093449-0-1777080895-novaservis-vanova-panelakova-baterie-150-mm-metalia-55-chro.webp\",\"datePublished\":\"2026-04-26T09:16:58+00:00\",\"breadcrumb\":{\"@id\":\"https:\/\/www.koupelnapro.com\/index.php\/produkt\/novaservis-vanova-panelakova-baterie-150-mm-metalia-55-chrom-55032-0-cenova-bomba-53120\/#breadcrumb\"},\"inLanguage\":\"cs\",\"potentialAction\":[{\"@type\":\"ReadAction\",\"target\":[\"https:\/\/www.koupelnapro.com\/index.php\/produkt\/novaservis-vanova-panelakova-baterie-150-mm-metalia-55-chrom-55032-0-cenova-bomba-53120\/\"]}]},{\"@type\":\"ImageObject\",\"inLanguage\":\"cs\",\"@id\":\"https:\/\/www.koupelnapro.com\/index.php\/produkt\/novaservis-vanova-panelakova-baterie-150-mm-metalia-55-chrom-55032-0-cenova-bomba-53120\/#primaryimage\",\"url\":\"https:\/\/www.koupelnapro.com\/wp-content\/uploads\/2026\/SK0002850-CZ20260425-093449-0-1777080895-novaservis-vanova-panelakova-baterie-150-mm-metalia-55-chro.webp\",\"contentUrl\":\"https:\/\/www.koupelnapro.com\/wp-content\/uploads\/2026\/SK0002850-CZ20260425-093449-0-1777080895-novaservis-vanova-panelakova-baterie-150-mm-metalia-55-chro.webp\",\"width\":1000,\"height\":525},{\"@type\":\"BreadcrumbList\",\"@id\":\"https:\/\/www.koupelnapro.com\/index.php\/produkt\/novaservis-vanova-panelakova-baterie-150-mm-metalia-55-chrom-55032-0-cenova-bomba-53120\/#breadcrumb\",\"itemListElement\":[{\"@type\":\"ListItem\",\"position\":1,\"name\":\"Home\",\"item\":\"https:\/\/www.koupelnapro.com\/\"},{\"@type\":\"ListItem\",\"position\":2,\"name\":\"Products\",\"item\":\"https:\/\/www.koupelnapro.com\/index.php\/products\/\"},{\"@type\":\"ListItem\",\"position\":3,\"name\":\"NOVASERVIS Vanov\u00e1 panel\u00e1kov\u00e1 baterie 150 mm Metalia 55 chrom &#8211; 55032,0 Cenov\u00e1 Bomba\"}]},{\"@type\":\"WebSite\",\"@id\":\"https:\/\/www.koupelnapro.com\/#website\",\"url\":\"https:\/\/www.koupelnapro.com\/\",\"name\":\"\",\"description\":\"\",\"potentialAction\":[{\"@type\":\"SearchAction\",\"target\":{\"@type\":\"EntryPoint\",\"urlTemplate\":\"https:\/\/www.koupelnapro.com\/?s={search_term_string}\"},\"query-input\":{\"@type\":\"PropertyValueSpecification\",\"valueRequired\":true,\"valueName\":\"search_term_string\"}}],\"inLanguage\":\"cs\"}]}<\/script>\n<!-- \/ Yoast SEO plugin. -->","yoast_head_json":{"title":"NOVASERVIS Vanov\u00e1 panel\u00e1kov\u00e1 baterie 150 mm Metalia 55 chrom - 55032,0 Cenov\u00e1 Bomba -","robots":{"index":"index","follow":"follow","max-snippet":"max-snippet:-1","max-image-preview":"max-image-preview:large","max-video-preview":"max-video-preview:-1"},"canonical":"https:\/\/www.koupelnapro.com\/index.php\/produkt\/novaservis-vanova-panelakova-baterie-150-mm-metalia-55-chrom-55032-0-cenova-bomba-53120\/","og_locale":"cs_CZ","og_type":"article","og_title":"NOVASERVIS Vanov\u00e1 panel\u00e1kov\u00e1 baterie 150 mm Metalia 55 chrom - 55032,0 Cenov\u00e1 Bomba -","og_description":"Kvalitn\u00ed a odoln\u00e1 keramick\u00e1 kartu\u0161e KEROX 35 mm s\u00a0prodlou\u017eenou z\u00e1rukou\u00a07\u00a0let. Prvot\u0159\u00eddn\u00ed chromov\u00e9 proveden\u00ed. Panel\u00e1kov\u00e1 n\u00e1st\u011bnn\u00e1 vanov\u00e1 baterie s rozte\u010d\u00ed 150 mm s areta\u010dn\u00edm p\u0159ep\u00edna\u010dem a v\u00fdtokov\u00fdm ram\u00ednkem v d\u00e9lce a\u017e 360 mm. Sou\u010d\u00e1st\u00ed balen\u00ed je kovov\u00e1 sprchov\u00e1 v\u00edcez\u00e1mkov\u00e1 hadice 150 cm (pevn\u011bj\u0161\u00ed a odoln\u011bj\u0161\u00ed), kloubov\u00fd dr\u017e\u00e1k sprchy a samo\u010distic\u00ed ru\u010dn\u00ed sprcha. Jedna z dlouhodob\u011b nejobl\u00edben\u011bj\u0161\u00edch [&hellip;]","og_url":"https:\/\/www.koupelnapro.com\/index.php\/produkt\/novaservis-vanova-panelakova-baterie-150-mm-metalia-55-chrom-55032-0-cenova-bomba-53120\/","og_image":[{"width":1000,"height":525,"url":"https:\/\/www.koupelnapro.com\/wp-content\/uploads\/2026\/SK0002850-CZ20260425-093449-0-1777080895-novaservis-vanova-panelakova-baterie-150-mm-metalia-55-chro.webp","type":"image\/webp"}],"twitter_card":"summary_large_image","twitter_misc":{"Odhadovan\u00e1 doba \u010dten\u00ed":"1 minuta"},"schema":{"@context":"https:\/\/schema.org","@graph":[{"@type":"WebPage","@id":"https:\/\/www.koupelnapro.com\/index.php\/produkt\/novaservis-vanova-panelakova-baterie-150-mm-metalia-55-chrom-55032-0-cenova-bomba-53120\/","url":"https:\/\/www.koupelnapro.com\/index.php\/produkt\/novaservis-vanova-panelakova-baterie-150-mm-metalia-55-chrom-55032-0-cenova-bomba-53120\/","name":"NOVASERVIS Vanov\u00e1 panel\u00e1kov\u00e1 baterie 150 mm Metalia 55 chrom - 55032,0 Cenov\u00e1 Bomba -","isPartOf":{"@id":"https:\/\/www.koupelnapro.com\/#website"},"primaryImageOfPage":{"@id":"https:\/\/www.koupelnapro.com\/index.php\/produkt\/novaservis-vanova-panelakova-baterie-150-mm-metalia-55-chrom-55032-0-cenova-bomba-53120\/#primaryimage"},"image":{"@id":"https:\/\/www.koupelnapro.com\/index.php\/produkt\/novaservis-vanova-panelakova-baterie-150-mm-metalia-55-chrom-55032-0-cenova-bomba-53120\/#primaryimage"},"thumbnailUrl":"https:\/\/www.koupelnapro.com\/wp-content\/uploads\/2026\/SK0002850-CZ20260425-093449-0-1777080895-novaservis-vanova-panelakova-baterie-150-mm-metalia-55-chro.webp","datePublished":"2026-04-26T09:16:58+00:00","breadcrumb":{"@id":"https:\/\/www.koupelnapro.com\/index.php\/produkt\/novaservis-vanova-panelakova-baterie-150-mm-metalia-55-chrom-55032-0-cenova-bomba-53120\/#breadcrumb"},"inLanguage":"cs","potentialAction":[{"@type":"ReadAction","target":["https:\/\/www.koupelnapro.com\/index.php\/produkt\/novaservis-vanova-panelakova-baterie-150-mm-metalia-55-chrom-55032-0-cenova-bomba-53120\/"]}]},{"@type":"ImageObject","inLanguage":"cs","@id":"https:\/\/www.koupelnapro.com\/index.php\/produkt\/novaservis-vanova-panelakova-baterie-150-mm-metalia-55-chrom-55032-0-cenova-bomba-53120\/#primaryimage","url":"https:\/\/www.koupelnapro.com\/wp-content\/uploads\/2026\/SK0002850-CZ20260425-093449-0-1777080895-novaservis-vanova-panelakova-baterie-150-mm-metalia-55-chro.webp","contentUrl":"https:\/\/www.koupelnapro.com\/wp-content\/uploads\/2026\/SK0002850-CZ20260425-093449-0-1777080895-novaservis-vanova-panelakova-baterie-150-mm-metalia-55-chro.webp","width":1000,"height":525},{"@type":"BreadcrumbList","@id":"https:\/\/www.koupelnapro.com\/index.php\/produkt\/novaservis-vanova-panelakova-baterie-150-mm-metalia-55-chrom-55032-0-cenova-bomba-53120\/#breadcrumb","itemListElement":[{"@type":"ListItem","position":1,"name":"Home","item":"https:\/\/www.koupelnapro.com\/"},{"@type":"ListItem","position":2,"name":"Products","item":"https:\/\/www.koupelnapro.com\/index.php\/products\/"},{"@type":"ListItem","position":3,"name":"NOVASERVIS Vanov\u00e1 panel\u00e1kov\u00e1 baterie 150 mm Metalia 55 chrom &#8211; 55032,0 Cenov\u00e1 Bomba"}]},{"@type":"WebSite","@id":"https:\/\/www.koupelnapro.com\/#website","url":"https:\/\/www.koupelnapro.com\/","name":"","description":"","potentialAction":[{"@type":"SearchAction","target":{"@type":"EntryPoint","urlTemplate":"https:\/\/www.koupelnapro.com\/?s={search_term_string}"},"query-input":{"@type":"PropertyValueSpecification","valueRequired":true,"valueName":"search_term_string"}}],"inLanguage":"cs"}]}},"_links":{"self":[{"href":"https:\/\/www.koupelnapro.com\/index.php\/wp-json\/wp\/v2\/product\/53120","targetHints":{"allow":["GET"]}}],"collection":[{"href":"https:\/\/www.koupelnapro.com\/index.php\/wp-json\/wp\/v2\/product"}],"about":[{"href":"https:\/\/www.koupelnapro.com\/index.php\/wp-json\/wp\/v2\/types\/product"}],"replies":[{"embeddable":true,"href":"https:\/\/www.koupelnapro.com\/index.php\/wp-json\/wp\/v2\/comments?post=53120"}],"wp:featuredmedia":[{"embeddable":true,"href":"https:\/\/www.koupelnapro.com\/index.php\/wp-json\/wp\/v2\/media\/53220"}],"wp:attachment":[{"href":"https:\/\/www.koupelnapro.com\/index.php\/wp-json\/wp\/v2\/media?parent=53120"}],"wp:term":[{"taxonomy":"product_brand","embeddable":true,"href":"https:\/\/www.koupelnapro.com\/index.php\/wp-json\/wp\/v2\/product_brand?post=53120"},{"taxonomy":"product_cat","embeddable":true,"href":"https:\/\/www.koupelnapro.com\/index.php\/wp-json\/wp\/v2\/product_cat?post=53120"},{"taxonomy":"product_tag","embeddable":true,"href":"https:\/\/www.koupelnapro.com\/index.php\/wp-json\/wp\/v2\/product_tag?post=53120"}],"curies":[{"name":"wp","href":"https:\/\/api.w.org\/{rel}","templated":true}]}}