{"id":5304,"date":"2026-04-26T09:13:09","date_gmt":"2026-04-26T09:13:09","guid":{"rendered":""},"modified":"2026-04-26T09:13:09","modified_gmt":"2026-04-26T09:13:09","slug":"kup-ted-narva-zarovka-15w-240v-e14-trubkova-do-digestore-nebo-lednice-371003000-5304","status":"publish","type":"product","link":"https:\/\/www.koupelnapro.com\/index.php\/produkt\/kup-ted-narva-zarovka-15w-240v-e14-trubkova-do-digestore-nebo-lednice-371003000-5304\/","title":{"rendered":"Kup Te\u010f Narva \u017e\u00e1rovka 15W 240V E14 trubkov\u00e1 do digesto\u0159e nebo lednice \/371003000\/"},"content":{"rendered":"<div id=\"e9232574\" class=\"pages\">\n<div id=\"PDDescription\" class=\"UserContentView userContent v1a v1 bs-view dcon dc150 PDDescription\" >\n<h2><span style=\"color: #008080;\">\u017d\u00e1rovka 15W 240V E14 trubkov\u00e1 do digesto\u0159e \/371003000\/<\/span><\/h2>\n<p>Z\u00e1rovka vhodn\u00e1 do \u0161ic\u00edch stroj\u016f, digesto\u0159\u00ed a lednic. S patic\u00ed E14.<\/p>\n<p>\u00a0<\/p>\n<p>\u00a0<\/p>\n<h2><span style=\"color: #008080;\">Parametry<\/span><\/h2>\n<table>\n<tbody>\n<tr>\n<th style=\"text-align: left;\">V\u00fdkon \u017e\u00e1rovky<\/th>\n<td>15\u00a0W<\/td>\n<\/tr>\n<tr>\n<th style=\"text-align: left;\">Jmenovit\u00fd proud<\/th>\n<td>62\u00a0mA<\/td>\n<\/tr>\n<tr>\n<th style=\"text-align: left;\">Sv\u011bteln\u00fd tok<\/th>\n<td>91\u00a0lm<\/td>\n<\/tr>\n<tr>\n<th style=\"text-align: left;\">Patice<\/th>\n<td>E14<\/td>\n<\/tr>\n<tr>\n<th style=\"text-align: left;\">Proveden\u00ed<\/th>\n<td>\u010cir\u00e1<\/td>\n<\/tr>\n<tr>\n<th style=\"text-align: left;\">Pr\u016fm\u011br<\/th>\n<td>18\u00a0mm<\/td>\n<\/tr>\n<tr>\n<th style=\"text-align: left;\">Celkov\u00e1 d\u00e9lka<\/th>\n<td>56\u00a0mm<\/td>\n<\/tr>\n<tr>\n<th style=\"text-align: left;\">Odoln\u00e9 proti n\u00e1raz\u016fm<\/th>\n<td>Ano<\/td>\n<\/tr>\n<tr>\n<th style=\"text-align: left;\">Vhodn\u00e9 pro pe\u010dic\u00ed trouby<\/th>\n<td>Ne<\/td>\n<\/tr>\n<tr>\n<th style=\"text-align: left;\">Vhodn\u00e9 pro lednici<\/th>\n<td>Ano<\/td>\n<\/tr>\n<tr>\n<th style=\"text-align: left;\">Uhl\u00edkov\u00e9 vl\u00e1kno<\/th>\n<td>Ne<\/td>\n<\/tr>\n<tr>\n<th style=\"text-align: left;\">T\u0159\u00edda energetick\u00e9 \u00fa\u010dinnosti<\/th>\n<td>E<\/td>\n<\/tr>\n<tr>\n<th style=\"text-align: left;\">Pr\u016fm\u011brn\u00e1 jmenovit\u00e1 \u017eivotnost<\/th>\n<td>1000\u00a0h<\/td>\n<\/tr>\n<tr>\n<th style=\"text-align: left;\">Hmotnost<\/th>\n<td>0,011 kg<\/td>\n<\/tr>\n<\/tbody>\n<\/table>\n<p>\u00a0<\/p>\n<div id=\"PDTable3\" class=\"ProductDetailTableView v3a v3 bs-view dcon dc175 PDTable3\" >\n<table>\n<thead><\/thead>\n<tbody>\n<tr class=\"attribute attr_bsshop_maker\">\n<td class=\"caption\">V\u00fdrobce<\/td>\n<td class=\"value\">Ostatn\u00ed<\/td>\n<\/tr>\n<\/tbody>\n<\/table><\/div>\n<\/div>\n<\/div>\n<div id=\"e9232575\" class=\"tabs\">\n","protected":false},"excerpt":{"rendered":"<p>\u017d\u00e1rovka 15W 240V E14 trubkov\u00e1 do digesto\u0159e \/371003000\/ Z\u00e1rovka vhodn\u00e1 do \u0161ic\u00edch stroj\u016f, digesto\u0159\u00ed a lednic. S patic\u00ed E14. \u00a0 \u00a0 Parametry V\u00fdkon \u017e\u00e1rovky 15\u00a0W Jmenovit\u00fd proud 62\u00a0mA Sv\u011bteln\u00fd tok 91\u00a0lm Patice E14 Proveden\u00ed \u010cir\u00e1 Pr\u016fm\u011br 18\u00a0mm Celkov\u00e1 d\u00e9lka 56\u00a0mm Odoln\u00e9 proti n\u00e1raz\u016fm Ano Vhodn\u00e9 pro pe\u010dic\u00ed trouby Ne Vhodn\u00e9 pro lednici Ano Uhl\u00edkov\u00e9 vl\u00e1kno [&hellip;]<\/p>\n","protected":false},"featured_media":5404,"comment_status":"open","ping_status":"open","template":"","meta":[],"product_brand":[],"product_cat":[37],"product_tag":[],"class_list":{"0":"post-5304","1":"product","2":"type-product","3":"status-publish","4":"has-post-thumbnail","6":"product_cat-sv-237-tidla-a-led","8":"first","9":"instock","10":"sale","11":"shipping-taxable","12":"purchasable","13":"product-type-simple"},"yoast_head":"<!-- This site is optimized with the Yoast SEO plugin v26.8 - https:\/\/yoast.com\/product\/yoast-seo-wordpress\/ -->\n<title>Kup Te\u010f Narva \u017e\u00e1rovka 15W 240V E14 trubkov\u00e1 do digesto\u0159e nebo lednice \/371003000\/ -<\/title>\n<meta name=\"robots\" content=\"index, follow, max-snippet:-1, max-image-preview:large, max-video-preview:-1\" \/>\n<link rel=\"canonical\" href=\"https:\/\/www.koupelnapro.com\/index.php\/produkt\/kup-ted-narva-zarovka-15w-240v-e14-trubkova-do-digestore-nebo-lednice-371003000-5304\/\" \/>\n<meta property=\"og:locale\" content=\"cs_CZ\" \/>\n<meta property=\"og:type\" content=\"article\" \/>\n<meta property=\"og:title\" content=\"Kup Te\u010f Narva \u017e\u00e1rovka 15W 240V E14 trubkov\u00e1 do digesto\u0159e nebo lednice \/371003000\/ -\" \/>\n<meta property=\"og:description\" content=\"\u017d\u00e1rovka 15W 240V E14 trubkov\u00e1 do digesto\u0159e \/371003000\/ Z\u00e1rovka vhodn\u00e1 do \u0161ic\u00edch stroj\u016f, digesto\u0159\u00ed a lednic. S patic\u00ed E14. \u00a0 \u00a0 Parametry V\u00fdkon \u017e\u00e1rovky 15\u00a0W Jmenovit\u00fd proud 62\u00a0mA Sv\u011bteln\u00fd tok 91\u00a0lm Patice E14 Proveden\u00ed \u010cir\u00e1 Pr\u016fm\u011br 18\u00a0mm Celkov\u00e1 d\u00e9lka 56\u00a0mm Odoln\u00e9 proti n\u00e1raz\u016fm Ano Vhodn\u00e9 pro pe\u010dic\u00ed trouby Ne Vhodn\u00e9 pro lednici Ano Uhl\u00edkov\u00e9 vl\u00e1kno [&hellip;]\" \/>\n<meta property=\"og:url\" content=\"https:\/\/www.koupelnapro.com\/index.php\/produkt\/kup-ted-narva-zarovka-15w-240v-e14-trubkova-do-digestore-nebo-lednice-371003000-5304\/\" \/>\n<meta property=\"og:image\" content=\"https:\/\/www.koupelnapro.com\/wp-content\/uploads\/2026\/SK0003878-CZ20260425-091623-0-1777079785-narva-zarovka-15w-240v-e14-trubkova-do-digestore-nebo-ledni.webp\" \/>\n\t<meta property=\"og:image:width\" content=\"1000\" \/>\n\t<meta property=\"og:image:height\" content=\"525\" \/>\n\t<meta property=\"og:image:type\" content=\"image\/webp\" \/>\n<meta name=\"twitter:card\" content=\"summary_large_image\" \/>\n<script type=\"application\/ld+json\" class=\"yoast-schema-graph\">{\"@context\":\"https:\/\/schema.org\",\"@graph\":[{\"@type\":\"WebPage\",\"@id\":\"https:\/\/www.koupelnapro.com\/index.php\/produkt\/kup-ted-narva-zarovka-15w-240v-e14-trubkova-do-digestore-nebo-lednice-371003000-5304\/\",\"url\":\"https:\/\/www.koupelnapro.com\/index.php\/produkt\/kup-ted-narva-zarovka-15w-240v-e14-trubkova-do-digestore-nebo-lednice-371003000-5304\/\",\"name\":\"Kup Te\u010f Narva \u017e\u00e1rovka 15W 240V E14 trubkov\u00e1 do digesto\u0159e nebo lednice \/371003000\/ -\",\"isPartOf\":{\"@id\":\"https:\/\/www.koupelnapro.com\/#website\"},\"primaryImageOfPage\":{\"@id\":\"https:\/\/www.koupelnapro.com\/index.php\/produkt\/kup-ted-narva-zarovka-15w-240v-e14-trubkova-do-digestore-nebo-lednice-371003000-5304\/#primaryimage\"},\"image\":{\"@id\":\"https:\/\/www.koupelnapro.com\/index.php\/produkt\/kup-ted-narva-zarovka-15w-240v-e14-trubkova-do-digestore-nebo-lednice-371003000-5304\/#primaryimage\"},\"thumbnailUrl\":\"https:\/\/www.koupelnapro.com\/wp-content\/uploads\/2026\/SK0003878-CZ20260425-091623-0-1777079785-narva-zarovka-15w-240v-e14-trubkova-do-digestore-nebo-ledni.webp\",\"datePublished\":\"2026-04-26T09:13:09+00:00\",\"breadcrumb\":{\"@id\":\"https:\/\/www.koupelnapro.com\/index.php\/produkt\/kup-ted-narva-zarovka-15w-240v-e14-trubkova-do-digestore-nebo-lednice-371003000-5304\/#breadcrumb\"},\"inLanguage\":\"cs\",\"potentialAction\":[{\"@type\":\"ReadAction\",\"target\":[\"https:\/\/www.koupelnapro.com\/index.php\/produkt\/kup-ted-narva-zarovka-15w-240v-e14-trubkova-do-digestore-nebo-lednice-371003000-5304\/\"]}]},{\"@type\":\"ImageObject\",\"inLanguage\":\"cs\",\"@id\":\"https:\/\/www.koupelnapro.com\/index.php\/produkt\/kup-ted-narva-zarovka-15w-240v-e14-trubkova-do-digestore-nebo-lednice-371003000-5304\/#primaryimage\",\"url\":\"https:\/\/www.koupelnapro.com\/wp-content\/uploads\/2026\/SK0003878-CZ20260425-091623-0-1777079785-narva-zarovka-15w-240v-e14-trubkova-do-digestore-nebo-ledni.webp\",\"contentUrl\":\"https:\/\/www.koupelnapro.com\/wp-content\/uploads\/2026\/SK0003878-CZ20260425-091623-0-1777079785-narva-zarovka-15w-240v-e14-trubkova-do-digestore-nebo-ledni.webp\",\"width\":1000,\"height\":525},{\"@type\":\"BreadcrumbList\",\"@id\":\"https:\/\/www.koupelnapro.com\/index.php\/produkt\/kup-ted-narva-zarovka-15w-240v-e14-trubkova-do-digestore-nebo-lednice-371003000-5304\/#breadcrumb\",\"itemListElement\":[{\"@type\":\"ListItem\",\"position\":1,\"name\":\"Home\",\"item\":\"https:\/\/www.koupelnapro.com\/\"},{\"@type\":\"ListItem\",\"position\":2,\"name\":\"Products\",\"item\":\"https:\/\/www.koupelnapro.com\/index.php\/products\/\"},{\"@type\":\"ListItem\",\"position\":3,\"name\":\"Kup Te\u010f Narva \u017e\u00e1rovka 15W 240V E14 trubkov\u00e1 do digesto\u0159e nebo lednice \/371003000\/\"}]},{\"@type\":\"WebSite\",\"@id\":\"https:\/\/www.koupelnapro.com\/#website\",\"url\":\"https:\/\/www.koupelnapro.com\/\",\"name\":\"\",\"description\":\"\",\"potentialAction\":[{\"@type\":\"SearchAction\",\"target\":{\"@type\":\"EntryPoint\",\"urlTemplate\":\"https:\/\/www.koupelnapro.com\/?s={search_term_string}\"},\"query-input\":{\"@type\":\"PropertyValueSpecification\",\"valueRequired\":true,\"valueName\":\"search_term_string\"}}],\"inLanguage\":\"cs\"}]}<\/script>\n<!-- \/ Yoast SEO plugin. -->","yoast_head_json":{"title":"Kup Te\u010f Narva \u017e\u00e1rovka 15W 240V E14 trubkov\u00e1 do digesto\u0159e nebo lednice \/371003000\/ -","robots":{"index":"index","follow":"follow","max-snippet":"max-snippet:-1","max-image-preview":"max-image-preview:large","max-video-preview":"max-video-preview:-1"},"canonical":"https:\/\/www.koupelnapro.com\/index.php\/produkt\/kup-ted-narva-zarovka-15w-240v-e14-trubkova-do-digestore-nebo-lednice-371003000-5304\/","og_locale":"cs_CZ","og_type":"article","og_title":"Kup Te\u010f Narva \u017e\u00e1rovka 15W 240V E14 trubkov\u00e1 do digesto\u0159e nebo lednice \/371003000\/ -","og_description":"\u017d\u00e1rovka 15W 240V E14 trubkov\u00e1 do digesto\u0159e \/371003000\/ Z\u00e1rovka vhodn\u00e1 do \u0161ic\u00edch stroj\u016f, digesto\u0159\u00ed a lednic. S patic\u00ed E14. \u00a0 \u00a0 Parametry V\u00fdkon \u017e\u00e1rovky 15\u00a0W Jmenovit\u00fd proud 62\u00a0mA Sv\u011bteln\u00fd tok 91\u00a0lm Patice E14 Proveden\u00ed \u010cir\u00e1 Pr\u016fm\u011br 18\u00a0mm Celkov\u00e1 d\u00e9lka 56\u00a0mm Odoln\u00e9 proti n\u00e1raz\u016fm Ano Vhodn\u00e9 pro pe\u010dic\u00ed trouby Ne Vhodn\u00e9 pro lednici Ano Uhl\u00edkov\u00e9 vl\u00e1kno [&hellip;]","og_url":"https:\/\/www.koupelnapro.com\/index.php\/produkt\/kup-ted-narva-zarovka-15w-240v-e14-trubkova-do-digestore-nebo-lednice-371003000-5304\/","og_image":[{"width":1000,"height":525,"url":"https:\/\/www.koupelnapro.com\/wp-content\/uploads\/2026\/SK0003878-CZ20260425-091623-0-1777079785-narva-zarovka-15w-240v-e14-trubkova-do-digestore-nebo-ledni.webp","type":"image\/webp"}],"twitter_card":"summary_large_image","schema":{"@context":"https:\/\/schema.org","@graph":[{"@type":"WebPage","@id":"https:\/\/www.koupelnapro.com\/index.php\/produkt\/kup-ted-narva-zarovka-15w-240v-e14-trubkova-do-digestore-nebo-lednice-371003000-5304\/","url":"https:\/\/www.koupelnapro.com\/index.php\/produkt\/kup-ted-narva-zarovka-15w-240v-e14-trubkova-do-digestore-nebo-lednice-371003000-5304\/","name":"Kup Te\u010f Narva \u017e\u00e1rovka 15W 240V E14 trubkov\u00e1 do digesto\u0159e nebo lednice \/371003000\/ -","isPartOf":{"@id":"https:\/\/www.koupelnapro.com\/#website"},"primaryImageOfPage":{"@id":"https:\/\/www.koupelnapro.com\/index.php\/produkt\/kup-ted-narva-zarovka-15w-240v-e14-trubkova-do-digestore-nebo-lednice-371003000-5304\/#primaryimage"},"image":{"@id":"https:\/\/www.koupelnapro.com\/index.php\/produkt\/kup-ted-narva-zarovka-15w-240v-e14-trubkova-do-digestore-nebo-lednice-371003000-5304\/#primaryimage"},"thumbnailUrl":"https:\/\/www.koupelnapro.com\/wp-content\/uploads\/2026\/SK0003878-CZ20260425-091623-0-1777079785-narva-zarovka-15w-240v-e14-trubkova-do-digestore-nebo-ledni.webp","datePublished":"2026-04-26T09:13:09+00:00","breadcrumb":{"@id":"https:\/\/www.koupelnapro.com\/index.php\/produkt\/kup-ted-narva-zarovka-15w-240v-e14-trubkova-do-digestore-nebo-lednice-371003000-5304\/#breadcrumb"},"inLanguage":"cs","potentialAction":[{"@type":"ReadAction","target":["https:\/\/www.koupelnapro.com\/index.php\/produkt\/kup-ted-narva-zarovka-15w-240v-e14-trubkova-do-digestore-nebo-lednice-371003000-5304\/"]}]},{"@type":"ImageObject","inLanguage":"cs","@id":"https:\/\/www.koupelnapro.com\/index.php\/produkt\/kup-ted-narva-zarovka-15w-240v-e14-trubkova-do-digestore-nebo-lednice-371003000-5304\/#primaryimage","url":"https:\/\/www.koupelnapro.com\/wp-content\/uploads\/2026\/SK0003878-CZ20260425-091623-0-1777079785-narva-zarovka-15w-240v-e14-trubkova-do-digestore-nebo-ledni.webp","contentUrl":"https:\/\/www.koupelnapro.com\/wp-content\/uploads\/2026\/SK0003878-CZ20260425-091623-0-1777079785-narva-zarovka-15w-240v-e14-trubkova-do-digestore-nebo-ledni.webp","width":1000,"height":525},{"@type":"BreadcrumbList","@id":"https:\/\/www.koupelnapro.com\/index.php\/produkt\/kup-ted-narva-zarovka-15w-240v-e14-trubkova-do-digestore-nebo-lednice-371003000-5304\/#breadcrumb","itemListElement":[{"@type":"ListItem","position":1,"name":"Home","item":"https:\/\/www.koupelnapro.com\/"},{"@type":"ListItem","position":2,"name":"Products","item":"https:\/\/www.koupelnapro.com\/index.php\/products\/"},{"@type":"ListItem","position":3,"name":"Kup Te\u010f Narva \u017e\u00e1rovka 15W 240V E14 trubkov\u00e1 do digesto\u0159e nebo lednice \/371003000\/"}]},{"@type":"WebSite","@id":"https:\/\/www.koupelnapro.com\/#website","url":"https:\/\/www.koupelnapro.com\/","name":"","description":"","potentialAction":[{"@type":"SearchAction","target":{"@type":"EntryPoint","urlTemplate":"https:\/\/www.koupelnapro.com\/?s={search_term_string}"},"query-input":{"@type":"PropertyValueSpecification","valueRequired":true,"valueName":"search_term_string"}}],"inLanguage":"cs"}]}},"_links":{"self":[{"href":"https:\/\/www.koupelnapro.com\/index.php\/wp-json\/wp\/v2\/product\/5304","targetHints":{"allow":["GET"]}}],"collection":[{"href":"https:\/\/www.koupelnapro.com\/index.php\/wp-json\/wp\/v2\/product"}],"about":[{"href":"https:\/\/www.koupelnapro.com\/index.php\/wp-json\/wp\/v2\/types\/product"}],"replies":[{"embeddable":true,"href":"https:\/\/www.koupelnapro.com\/index.php\/wp-json\/wp\/v2\/comments?post=5304"}],"wp:featuredmedia":[{"embeddable":true,"href":"https:\/\/www.koupelnapro.com\/index.php\/wp-json\/wp\/v2\/media\/5404"}],"wp:attachment":[{"href":"https:\/\/www.koupelnapro.com\/index.php\/wp-json\/wp\/v2\/media?parent=5304"}],"wp:term":[{"taxonomy":"product_brand","embeddable":true,"href":"https:\/\/www.koupelnapro.com\/index.php\/wp-json\/wp\/v2\/product_brand?post=5304"},{"taxonomy":"product_cat","embeddable":true,"href":"https:\/\/www.koupelnapro.com\/index.php\/wp-json\/wp\/v2\/product_cat?post=5304"},{"taxonomy":"product_tag","embeddable":true,"href":"https:\/\/www.koupelnapro.com\/index.php\/wp-json\/wp\/v2\/product_tag?post=5304"}],"curies":[{"name":"wp","href":"https:\/\/api.w.org\/{rel}","templated":true}]}}