{"id":52938,"date":"2026-04-26T09:16:57","date_gmt":"2026-04-26T09:16:57","guid":{"rendered":""},"modified":"2026-04-26T09:16:57","modified_gmt":"2026-04-26T09:16:57","slug":"oblibeny-pojistovaci-ventil-3-4-quot-6-bar-52938","status":"publish","type":"product","link":"https:\/\/www.koupelnapro.com\/index.php\/produkt\/oblibeny-pojistovaci-ventil-3-4-quot-6-bar-52938\/","title":{"rendered":"Obl\u00edben\u00fd Poji\u0161\u0165ovac\u00ed ventil  3\/4&quot; &#8211;  6 bar"},"content":{"rendered":"<div id=\"e6896302\" class=\"pages\">\n<div>\n<div id=\"PDDescription\" class=\"UserContentView userContent v1a v1 bs-view dcon dc159 PDDescription\" ><dc-con><dc-con><bs-empty><\/bs-empty><\/dc-con><dc-con>        <\/p>\n<div class=\"customDescription\">                    <\/div>\n<p><\/dc-con><dc-con><\/p>\n<p><strong>Poji\u0161\u0165ovac\u00ed ventil\u00a0<\/strong><\/p>\n<p><strong>Poji\u0161\u0165ovac\u00ed ventil s pevn\u011b nastaven\u00fdm tlakem<\/strong> 1,8 &#8211; 2,5 &#8211; 3 &#8211; 4 &#8211; 6 &#8211; 8 &#8211; 10 bar\u016f (+\/- 10% z nomin\u00e1ln\u00edho tlaku)<br \/>&#8211; max. provozn\u00ed teplota 120\u00b0C.<\/p>\n<p>Membr\u00e1na &#8211; ethylen-propylenu\u00a0<\/p>\n<p>T\u011bsn\u011bn\u00ed &#8211; fiber<\/p>\n<p>Rukoje\u0165 &#8211; nylon<\/p>\n<p>T\u011blo mosaz<\/p>\n<p>\u00a0<\/p>\n<p><\/dc-con><\/dc-con><\/div>\n<\/p><\/div>\n<div id=\"PDTable3\" class=\"ProductDetailTableView v3a v3 bs-view dcon dc180 PDTable3\" >\n<table>\n<thead><\/thead>\n<tbody>\n<tr class=\"attribute attr_typ\">\n<td class=\"caption\">Typ<\/td>\n<td class=\"value\">Pojistn\u00e9 ventily topen\u00ed<\/td>\n<\/tr>\n<tr class=\"attribute attr_dimenze2\">\n<td class=\"caption\">Dimenze DN<\/td>\n<td class=\"value\">20 &#8211; 3\/4&#8243;<\/td>\n<\/tr>\n<tr class=\"attribute attr_Oteviraci attr_tlak attr_v attr_barech\">\n<td class=\"caption\">Otev\u00edrac\u00ed tlak v barech<\/td>\n<td class=\"value\">6<\/td>\n<\/tr>\n<tr class=\"attribute attr_bsshop_maker\">\n<td class=\"caption\">V\u00fdrobce<\/td>\n<td class=\"value\">EU<\/td>\n<\/tr>\n<\/tbody>\n<\/table>\n<\/div>\n<\/div>\n<div id=\"e6896303\" class=\"tabs\">\n","protected":false},"excerpt":{"rendered":"<p>Poji\u0161\u0165ovac\u00ed ventil\u00a0 Poji\u0161\u0165ovac\u00ed ventil s pevn\u011b nastaven\u00fdm tlakem 1,8 &#8211; 2,5 &#8211; 3 &#8211; 4 &#8211; 6 &#8211; 8 &#8211; 10 bar\u016f (+\/- 10% z nomin\u00e1ln\u00edho tlaku)&#8211; max. provozn\u00ed teplota 120\u00b0C. Membr\u00e1na &#8211; ethylen-propylenu\u00a0 T\u011bsn\u011bn\u00ed &#8211; fiber Rukoje\u0165 &#8211; nylon T\u011blo mosaz \u00a0 Typ Pojistn\u00e9 ventily topen\u00ed Dimenze DN 20 &#8211; 3\/4&#8243; Otev\u00edrac\u00ed tlak v [&hellip;]<\/p>\n","protected":false},"featured_media":53038,"comment_status":"open","ping_status":"open","template":"","meta":[],"product_brand":[],"product_cat":[170],"product_tag":[],"class_list":{"0":"post-52938","1":"product","2":"type-product","3":"status-publish","4":"has-post-thumbnail","6":"product_cat-armatury","8":"first","9":"instock","10":"sale","11":"shipping-taxable","12":"purchasable","13":"product-type-simple"},"yoast_head":"<!-- This site is optimized with the Yoast SEO plugin v26.8 - https:\/\/yoast.com\/product\/yoast-seo-wordpress\/ -->\n<title>Obl\u00edben\u00fd Poji\u0161\u0165ovac\u00ed ventil 3\/4&quot; - 6 bar -<\/title>\n<meta name=\"robots\" content=\"index, follow, max-snippet:-1, max-image-preview:large, max-video-preview:-1\" \/>\n<link rel=\"canonical\" href=\"https:\/\/www.koupelnapro.com\/index.php\/produkt\/oblibeny-pojistovaci-ventil-3-4-quot-6-bar-52938\/\" \/>\n<meta property=\"og:locale\" content=\"cs_CZ\" \/>\n<meta property=\"og:type\" content=\"article\" \/>\n<meta property=\"og:title\" content=\"Obl\u00edben\u00fd Poji\u0161\u0165ovac\u00ed ventil 3\/4&quot; - 6 bar -\" \/>\n<meta property=\"og:description\" content=\"Poji\u0161\u0165ovac\u00ed ventil\u00a0 Poji\u0161\u0165ovac\u00ed ventil s pevn\u011b nastaven\u00fdm tlakem 1,8 &#8211; 2,5 &#8211; 3 &#8211; 4 &#8211; 6 &#8211; 8 &#8211; 10 bar\u016f (+\/- 10% z nomin\u00e1ln\u00edho tlaku)&#8211; max. provozn\u00ed teplota 120\u00b0C. Membr\u00e1na &#8211; ethylen-propylenu\u00a0 T\u011bsn\u011bn\u00ed &#8211; fiber Rukoje\u0165 &#8211; nylon T\u011blo mosaz \u00a0 Typ Pojistn\u00e9 ventily topen\u00ed Dimenze DN 20 &#8211; 3\/4&#8243; Otev\u00edrac\u00ed tlak v [&hellip;]\" \/>\n<meta property=\"og:url\" content=\"https:\/\/www.koupelnapro.com\/index.php\/produkt\/oblibeny-pojistovaci-ventil-3-4-quot-6-bar-52938\/\" \/>\n<meta property=\"og:image\" content=\"https:\/\/www.koupelnapro.com\/wp-content\/uploads\/2026\/SK0002768-CZ20260425-093449-0-1777080895-pojistovaci-ventil-3-4-6-bar.webp\" \/>\n\t<meta property=\"og:image:width\" content=\"1000\" \/>\n\t<meta property=\"og:image:height\" content=\"525\" \/>\n\t<meta property=\"og:image:type\" content=\"image\/webp\" \/>\n<meta name=\"twitter:card\" content=\"summary_large_image\" \/>\n<script type=\"application\/ld+json\" class=\"yoast-schema-graph\">{\"@context\":\"https:\/\/schema.org\",\"@graph\":[{\"@type\":\"WebPage\",\"@id\":\"https:\/\/www.koupelnapro.com\/index.php\/produkt\/oblibeny-pojistovaci-ventil-3-4-quot-6-bar-52938\/\",\"url\":\"https:\/\/www.koupelnapro.com\/index.php\/produkt\/oblibeny-pojistovaci-ventil-3-4-quot-6-bar-52938\/\",\"name\":\"Obl\u00edben\u00fd Poji\u0161\u0165ovac\u00ed ventil 3\/4&quot; - 6 bar -\",\"isPartOf\":{\"@id\":\"https:\/\/www.koupelnapro.com\/#website\"},\"primaryImageOfPage\":{\"@id\":\"https:\/\/www.koupelnapro.com\/index.php\/produkt\/oblibeny-pojistovaci-ventil-3-4-quot-6-bar-52938\/#primaryimage\"},\"image\":{\"@id\":\"https:\/\/www.koupelnapro.com\/index.php\/produkt\/oblibeny-pojistovaci-ventil-3-4-quot-6-bar-52938\/#primaryimage\"},\"thumbnailUrl\":\"https:\/\/www.koupelnapro.com\/wp-content\/uploads\/2026\/SK0002768-CZ20260425-093449-0-1777080895-pojistovaci-ventil-3-4-6-bar.webp\",\"datePublished\":\"2026-04-26T09:16:57+00:00\",\"breadcrumb\":{\"@id\":\"https:\/\/www.koupelnapro.com\/index.php\/produkt\/oblibeny-pojistovaci-ventil-3-4-quot-6-bar-52938\/#breadcrumb\"},\"inLanguage\":\"cs\",\"potentialAction\":[{\"@type\":\"ReadAction\",\"target\":[\"https:\/\/www.koupelnapro.com\/index.php\/produkt\/oblibeny-pojistovaci-ventil-3-4-quot-6-bar-52938\/\"]}]},{\"@type\":\"ImageObject\",\"inLanguage\":\"cs\",\"@id\":\"https:\/\/www.koupelnapro.com\/index.php\/produkt\/oblibeny-pojistovaci-ventil-3-4-quot-6-bar-52938\/#primaryimage\",\"url\":\"https:\/\/www.koupelnapro.com\/wp-content\/uploads\/2026\/SK0002768-CZ20260425-093449-0-1777080895-pojistovaci-ventil-3-4-6-bar.webp\",\"contentUrl\":\"https:\/\/www.koupelnapro.com\/wp-content\/uploads\/2026\/SK0002768-CZ20260425-093449-0-1777080895-pojistovaci-ventil-3-4-6-bar.webp\",\"width\":1000,\"height\":525},{\"@type\":\"BreadcrumbList\",\"@id\":\"https:\/\/www.koupelnapro.com\/index.php\/produkt\/oblibeny-pojistovaci-ventil-3-4-quot-6-bar-52938\/#breadcrumb\",\"itemListElement\":[{\"@type\":\"ListItem\",\"position\":1,\"name\":\"Home\",\"item\":\"https:\/\/www.koupelnapro.com\/\"},{\"@type\":\"ListItem\",\"position\":2,\"name\":\"Products\",\"item\":\"https:\/\/www.koupelnapro.com\/index.php\/products\/\"},{\"@type\":\"ListItem\",\"position\":3,\"name\":\"Obl\u00edben\u00fd Poji\u0161\u0165ovac\u00ed ventil 3\/4&quot; &#8211; 6 bar\"}]},{\"@type\":\"WebSite\",\"@id\":\"https:\/\/www.koupelnapro.com\/#website\",\"url\":\"https:\/\/www.koupelnapro.com\/\",\"name\":\"\",\"description\":\"\",\"potentialAction\":[{\"@type\":\"SearchAction\",\"target\":{\"@type\":\"EntryPoint\",\"urlTemplate\":\"https:\/\/www.koupelnapro.com\/?s={search_term_string}\"},\"query-input\":{\"@type\":\"PropertyValueSpecification\",\"valueRequired\":true,\"valueName\":\"search_term_string\"}}],\"inLanguage\":\"cs\"}]}<\/script>\n<!-- \/ Yoast SEO plugin. -->","yoast_head_json":{"title":"Obl\u00edben\u00fd Poji\u0161\u0165ovac\u00ed ventil 3\/4&quot; - 6 bar -","robots":{"index":"index","follow":"follow","max-snippet":"max-snippet:-1","max-image-preview":"max-image-preview:large","max-video-preview":"max-video-preview:-1"},"canonical":"https:\/\/www.koupelnapro.com\/index.php\/produkt\/oblibeny-pojistovaci-ventil-3-4-quot-6-bar-52938\/","og_locale":"cs_CZ","og_type":"article","og_title":"Obl\u00edben\u00fd Poji\u0161\u0165ovac\u00ed ventil 3\/4&quot; - 6 bar -","og_description":"Poji\u0161\u0165ovac\u00ed ventil\u00a0 Poji\u0161\u0165ovac\u00ed ventil s pevn\u011b nastaven\u00fdm tlakem 1,8 &#8211; 2,5 &#8211; 3 &#8211; 4 &#8211; 6 &#8211; 8 &#8211; 10 bar\u016f (+\/- 10% z nomin\u00e1ln\u00edho tlaku)&#8211; max. provozn\u00ed teplota 120\u00b0C. Membr\u00e1na &#8211; ethylen-propylenu\u00a0 T\u011bsn\u011bn\u00ed &#8211; fiber Rukoje\u0165 &#8211; nylon T\u011blo mosaz \u00a0 Typ Pojistn\u00e9 ventily topen\u00ed Dimenze DN 20 &#8211; 3\/4&#8243; Otev\u00edrac\u00ed tlak v [&hellip;]","og_url":"https:\/\/www.koupelnapro.com\/index.php\/produkt\/oblibeny-pojistovaci-ventil-3-4-quot-6-bar-52938\/","og_image":[{"width":1000,"height":525,"url":"https:\/\/www.koupelnapro.com\/wp-content\/uploads\/2026\/SK0002768-CZ20260425-093449-0-1777080895-pojistovaci-ventil-3-4-6-bar.webp","type":"image\/webp"}],"twitter_card":"summary_large_image","schema":{"@context":"https:\/\/schema.org","@graph":[{"@type":"WebPage","@id":"https:\/\/www.koupelnapro.com\/index.php\/produkt\/oblibeny-pojistovaci-ventil-3-4-quot-6-bar-52938\/","url":"https:\/\/www.koupelnapro.com\/index.php\/produkt\/oblibeny-pojistovaci-ventil-3-4-quot-6-bar-52938\/","name":"Obl\u00edben\u00fd Poji\u0161\u0165ovac\u00ed ventil 3\/4&quot; - 6 bar -","isPartOf":{"@id":"https:\/\/www.koupelnapro.com\/#website"},"primaryImageOfPage":{"@id":"https:\/\/www.koupelnapro.com\/index.php\/produkt\/oblibeny-pojistovaci-ventil-3-4-quot-6-bar-52938\/#primaryimage"},"image":{"@id":"https:\/\/www.koupelnapro.com\/index.php\/produkt\/oblibeny-pojistovaci-ventil-3-4-quot-6-bar-52938\/#primaryimage"},"thumbnailUrl":"https:\/\/www.koupelnapro.com\/wp-content\/uploads\/2026\/SK0002768-CZ20260425-093449-0-1777080895-pojistovaci-ventil-3-4-6-bar.webp","datePublished":"2026-04-26T09:16:57+00:00","breadcrumb":{"@id":"https:\/\/www.koupelnapro.com\/index.php\/produkt\/oblibeny-pojistovaci-ventil-3-4-quot-6-bar-52938\/#breadcrumb"},"inLanguage":"cs","potentialAction":[{"@type":"ReadAction","target":["https:\/\/www.koupelnapro.com\/index.php\/produkt\/oblibeny-pojistovaci-ventil-3-4-quot-6-bar-52938\/"]}]},{"@type":"ImageObject","inLanguage":"cs","@id":"https:\/\/www.koupelnapro.com\/index.php\/produkt\/oblibeny-pojistovaci-ventil-3-4-quot-6-bar-52938\/#primaryimage","url":"https:\/\/www.koupelnapro.com\/wp-content\/uploads\/2026\/SK0002768-CZ20260425-093449-0-1777080895-pojistovaci-ventil-3-4-6-bar.webp","contentUrl":"https:\/\/www.koupelnapro.com\/wp-content\/uploads\/2026\/SK0002768-CZ20260425-093449-0-1777080895-pojistovaci-ventil-3-4-6-bar.webp","width":1000,"height":525},{"@type":"BreadcrumbList","@id":"https:\/\/www.koupelnapro.com\/index.php\/produkt\/oblibeny-pojistovaci-ventil-3-4-quot-6-bar-52938\/#breadcrumb","itemListElement":[{"@type":"ListItem","position":1,"name":"Home","item":"https:\/\/www.koupelnapro.com\/"},{"@type":"ListItem","position":2,"name":"Products","item":"https:\/\/www.koupelnapro.com\/index.php\/products\/"},{"@type":"ListItem","position":3,"name":"Obl\u00edben\u00fd Poji\u0161\u0165ovac\u00ed ventil 3\/4&quot; &#8211; 6 bar"}]},{"@type":"WebSite","@id":"https:\/\/www.koupelnapro.com\/#website","url":"https:\/\/www.koupelnapro.com\/","name":"","description":"","potentialAction":[{"@type":"SearchAction","target":{"@type":"EntryPoint","urlTemplate":"https:\/\/www.koupelnapro.com\/?s={search_term_string}"},"query-input":{"@type":"PropertyValueSpecification","valueRequired":true,"valueName":"search_term_string"}}],"inLanguage":"cs"}]}},"_links":{"self":[{"href":"https:\/\/www.koupelnapro.com\/index.php\/wp-json\/wp\/v2\/product\/52938","targetHints":{"allow":["GET"]}}],"collection":[{"href":"https:\/\/www.koupelnapro.com\/index.php\/wp-json\/wp\/v2\/product"}],"about":[{"href":"https:\/\/www.koupelnapro.com\/index.php\/wp-json\/wp\/v2\/types\/product"}],"replies":[{"embeddable":true,"href":"https:\/\/www.koupelnapro.com\/index.php\/wp-json\/wp\/v2\/comments?post=52938"}],"wp:featuredmedia":[{"embeddable":true,"href":"https:\/\/www.koupelnapro.com\/index.php\/wp-json\/wp\/v2\/media\/53038"}],"wp:attachment":[{"href":"https:\/\/www.koupelnapro.com\/index.php\/wp-json\/wp\/v2\/media?parent=52938"}],"wp:term":[{"taxonomy":"product_brand","embeddable":true,"href":"https:\/\/www.koupelnapro.com\/index.php\/wp-json\/wp\/v2\/product_brand?post=52938"},{"taxonomy":"product_cat","embeddable":true,"href":"https:\/\/www.koupelnapro.com\/index.php\/wp-json\/wp\/v2\/product_cat?post=52938"},{"taxonomy":"product_tag","embeddable":true,"href":"https:\/\/www.koupelnapro.com\/index.php\/wp-json\/wp\/v2\/product_tag?post=52938"}],"curies":[{"name":"wp","href":"https:\/\/api.w.org\/{rel}","templated":true}]}}