{"id":52917,"date":"2026-04-26T09:16:57","date_gmt":"2026-04-26T09:16:57","guid":{"rendered":""},"modified":"2026-04-26T09:16:57","modified_gmt":"2026-04-26T09:16:57","slug":"vysoce-kvalitni-varna-redukce-dn-80-x-dn-50-88-9-x-60-3-52917","status":"publish","type":"product","link":"https:\/\/www.koupelnapro.com\/produkt\/vysoce-kvalitni-varna-redukce-dn-80-x-dn-50-88-9-x-60-3-52917\/","title":{"rendered":"Vysoce Kvalitn\u00ed Varn\u00e1 redukce DN 80 x DN 50 &#8211; 88,9 x 60,3"},"content":{"rendered":"<div id=\"e18224244\" class=\"pages\">\n<div>\n<div id=\"PDDescription\" class=\"UserContentView userContent v1a v1 bs-view dcon dc159 PDDescription\" ><dc-con><dc-con><bs-empty><\/bs-empty><\/dc-con><dc-con>        <\/p>\n<div class=\"customDescription\">                    <\/div>\n<p><\/dc-con><dc-con><\/p>\n<p><strong>Varn\u00e1 redukce DN 80 x DN 50 &#8211; 88,9 x 57,5<\/strong><\/p>\n<p>Potrubn\u00ed tvarovka z uhl\u00edkov\u00e9 oceli ur\u010den\u00e1 pro spojov\u00e1n\u00ed p\u0159iva\u0159en\u00edm tup\u00fdm svarem. <br \/>Druh &#8211; redukce koncentrick\u00e1 (souos\u00e1), tvar 1. Dod\u00e1vaj\u00ed se v \u010dern\u00e9m stavu opat\u0159en\u00e9 tenkou vrstvou konzerva\u010dn\u00edho oleje. <br \/>Vyrobeno podle normy EN 10253-1.<\/p>\n<p><strong>Pou\u017eit\u00ed:<\/strong> <br \/>Tvarovky se pou\u017e\u00edvaj\u00ed pro p\u0159epravu tekutin a plyn\u016f (u\u017eitkov\u00e1 voda, vzduch, zemn\u00ed plyn, propan, butan, sm\u011bs propan-butan, neabrazivn\u00ed a neagresivn\u00ed tekutiny)<\/p>\n<p><strong>Pracovn\u00ed parametry:<\/strong><br \/>Maxim\u00e1ln\u00ed provozn\u00ed tlak 2,0 Mpa p\u0159i teplot\u011b od -20\u00b0C do +120\u00b0C, p\u0159epravovan\u00e1 l\u00e1tka nesm\u00ed zamrznout<\/p>\n<p><\/dc-con><\/dc-con><\/div>\n<\/p><\/div>\n<div id=\"PDTable3\" class=\"ProductDetailTableView v3a v3 bs-view dcon dc180 PDTable3\" >\n<table>\n<thead><\/thead>\n<tbody>\n<tr class=\"attribute attr_typ\">\n<td class=\"caption\">Typ<\/td>\n<td class=\"value\">Redukce varn\u00e9 &#8211; p\u0159iva\u0159ovac\u00ed<\/td>\n<\/tr>\n<tr class=\"attribute attr_material\">\n<td class=\"caption\">Materi\u00e1l<\/td>\n<td class=\"value\">Fitinky varn\u00e9<\/td>\n<\/tr>\n<tr class=\"attribute attr_rozmervarnych\">\n<td class=\"caption\">Rozm\u011br p\u0159iva\u0159ovac\u00edch tvarovek<\/td>\n<td class=\"value\">DN 50 &#8211; 2&#8243; &#8211; 60,3 mm, DN 80 &#8211; 3&#8243; &#8211; 88,9 mm<\/td>\n<\/tr>\n<tr class=\"attribute attr_bsshop_maker\">\n<td class=\"caption\">V\u00fdrobce<\/td>\n<td class=\"value\">EU<\/td>\n<\/tr>\n<\/tbody>\n<\/table>\n<\/div>\n<\/div>\n<div id=\"e18224245\" class=\"tabs\">\n","protected":false},"excerpt":{"rendered":"<p>Varn\u00e1 redukce DN 80 x DN 50 &#8211; 88,9 x 57,5 Potrubn\u00ed tvarovka z uhl\u00edkov\u00e9 oceli ur\u010den\u00e1 pro spojov\u00e1n\u00ed p\u0159iva\u0159en\u00edm tup\u00fdm svarem. Druh &#8211; redukce koncentrick\u00e1 (souos\u00e1), tvar 1. Dod\u00e1vaj\u00ed se v \u010dern\u00e9m stavu opat\u0159en\u00e9 tenkou vrstvou konzerva\u010dn\u00edho oleje. Vyrobeno podle normy EN 10253-1. Pou\u017eit\u00ed: Tvarovky se pou\u017e\u00edvaj\u00ed pro p\u0159epravu tekutin a plyn\u016f (u\u017eitkov\u00e1 voda, [&hellip;]<\/p>\n","protected":false},"featured_media":53017,"comment_status":"open","ping_status":"open","template":"","meta":[],"product_brand":[],"product_cat":[167],"product_tag":[],"class_list":{"0":"post-52917","1":"product","2":"type-product","3":"status-publish","4":"has-post-thumbnail","6":"product_cat-tvarovky-fitinky","8":"first","9":"instock","10":"sale","11":"shipping-taxable","12":"purchasable","13":"product-type-simple"},"yoast_head":"<!-- This site is optimized with the Yoast SEO plugin v26.8 - https:\/\/yoast.com\/product\/yoast-seo-wordpress\/ -->\n<title>Vysoce Kvalitn\u00ed Varn\u00e1 redukce DN 80 x DN 50 - 88,9 x 60,3 - Vybaven\u00ed pro d\u016fm<\/title>\n<meta name=\"robots\" content=\"index, follow, max-snippet:-1, max-image-preview:large, max-video-preview:-1\" \/>\n<link rel=\"canonical\" href=\"https:\/\/www.koupelnapro.com\/index.php\/produkt\/vysoce-kvalitni-varna-redukce-dn-80-x-dn-50-88-9-x-60-3-52917\/\" \/>\n<meta property=\"og:locale\" content=\"cs_CZ\" \/>\n<meta property=\"og:type\" content=\"article\" \/>\n<meta property=\"og:title\" content=\"Vysoce Kvalitn\u00ed Varn\u00e1 redukce DN 80 x DN 50 - 88,9 x 60,3 - Vybaven\u00ed pro d\u016fm\" \/>\n<meta property=\"og:description\" content=\"Varn\u00e1 redukce DN 80 x DN 50 &#8211; 88,9 x 57,5 Potrubn\u00ed tvarovka z uhl\u00edkov\u00e9 oceli ur\u010den\u00e1 pro spojov\u00e1n\u00ed p\u0159iva\u0159en\u00edm tup\u00fdm svarem. Druh &#8211; redukce koncentrick\u00e1 (souos\u00e1), tvar 1. Dod\u00e1vaj\u00ed se v \u010dern\u00e9m stavu opat\u0159en\u00e9 tenkou vrstvou konzerva\u010dn\u00edho oleje. Vyrobeno podle normy EN 10253-1. Pou\u017eit\u00ed: Tvarovky se pou\u017e\u00edvaj\u00ed pro p\u0159epravu tekutin a plyn\u016f (u\u017eitkov\u00e1 voda, [&hellip;]\" \/>\n<meta property=\"og:url\" content=\"https:\/\/www.koupelnapro.com\/index.php\/produkt\/vysoce-kvalitni-varna-redukce-dn-80-x-dn-50-88-9-x-60-3-52917\/\" \/>\n<meta property=\"og:site_name\" content=\"Vybaven\u00ed pro d\u016fm\" \/>\n<meta property=\"og:image\" content=\"https:\/\/www.koupelnapro.com\/wp-content\/uploads\/2026\/SK0002747-CZ20260425-093449-0-1777080895-varna-redukce-dn-80-x-dn-50-88-9-x-60-3.webp\" \/>\n\t<meta property=\"og:image:width\" content=\"1000\" \/>\n\t<meta property=\"og:image:height\" content=\"525\" \/>\n\t<meta property=\"og:image:type\" content=\"image\/webp\" \/>\n<meta name=\"twitter:card\" content=\"summary_large_image\" \/>\n<meta name=\"twitter:label1\" content=\"Odhadovan\u00e1 doba \u010dten\u00ed\" \/>\n\t<meta name=\"twitter:data1\" content=\"1 minuta\" \/>\n<script type=\"application\/ld+json\" class=\"yoast-schema-graph\">{\"@context\":\"https:\/\/schema.org\",\"@graph\":[{\"@type\":\"WebPage\",\"@id\":\"https:\/\/www.koupelnapro.com\/index.php\/produkt\/vysoce-kvalitni-varna-redukce-dn-80-x-dn-50-88-9-x-60-3-52917\/\",\"url\":\"https:\/\/www.koupelnapro.com\/index.php\/produkt\/vysoce-kvalitni-varna-redukce-dn-80-x-dn-50-88-9-x-60-3-52917\/\",\"name\":\"Vysoce Kvalitn\u00ed Varn\u00e1 redukce DN 80 x DN 50 - 88,9 x 60,3 - Vybaven\u00ed pro d\u016fm\",\"isPartOf\":{\"@id\":\"https:\/\/www.koupelnapro.com\/#website\"},\"primaryImageOfPage\":{\"@id\":\"https:\/\/www.koupelnapro.com\/index.php\/produkt\/vysoce-kvalitni-varna-redukce-dn-80-x-dn-50-88-9-x-60-3-52917\/#primaryimage\"},\"image\":{\"@id\":\"https:\/\/www.koupelnapro.com\/index.php\/produkt\/vysoce-kvalitni-varna-redukce-dn-80-x-dn-50-88-9-x-60-3-52917\/#primaryimage\"},\"thumbnailUrl\":\"https:\/\/www.koupelnapro.com\/wp-content\/uploads\/2026\/SK0002747-CZ20260425-093449-0-1777080895-varna-redukce-dn-80-x-dn-50-88-9-x-60-3.webp\",\"datePublished\":\"2026-04-26T09:16:57+00:00\",\"breadcrumb\":{\"@id\":\"https:\/\/www.koupelnapro.com\/index.php\/produkt\/vysoce-kvalitni-varna-redukce-dn-80-x-dn-50-88-9-x-60-3-52917\/#breadcrumb\"},\"inLanguage\":\"cs\",\"potentialAction\":[{\"@type\":\"ReadAction\",\"target\":[\"https:\/\/www.koupelnapro.com\/index.php\/produkt\/vysoce-kvalitni-varna-redukce-dn-80-x-dn-50-88-9-x-60-3-52917\/\"]}]},{\"@type\":\"ImageObject\",\"inLanguage\":\"cs\",\"@id\":\"https:\/\/www.koupelnapro.com\/index.php\/produkt\/vysoce-kvalitni-varna-redukce-dn-80-x-dn-50-88-9-x-60-3-52917\/#primaryimage\",\"url\":\"https:\/\/www.koupelnapro.com\/wp-content\/uploads\/2026\/SK0002747-CZ20260425-093449-0-1777080895-varna-redukce-dn-80-x-dn-50-88-9-x-60-3.webp\",\"contentUrl\":\"https:\/\/www.koupelnapro.com\/wp-content\/uploads\/2026\/SK0002747-CZ20260425-093449-0-1777080895-varna-redukce-dn-80-x-dn-50-88-9-x-60-3.webp\",\"width\":1000,\"height\":525},{\"@type\":\"BreadcrumbList\",\"@id\":\"https:\/\/www.koupelnapro.com\/index.php\/produkt\/vysoce-kvalitni-varna-redukce-dn-80-x-dn-50-88-9-x-60-3-52917\/#breadcrumb\",\"itemListElement\":[{\"@type\":\"ListItem\",\"position\":1,\"name\":\"Home\",\"item\":\"https:\/\/www.koupelnapro.com\/\"},{\"@type\":\"ListItem\",\"position\":2,\"name\":\"Products\",\"item\":\"https:\/\/www.koupelnapro.com\/products\/\"},{\"@type\":\"ListItem\",\"position\":3,\"name\":\"Vysoce Kvalitn\u00ed Varn\u00e1 redukce DN 80 x DN 50 &#8211; 88,9 x 60,3\"}]},{\"@type\":\"WebSite\",\"@id\":\"https:\/\/www.koupelnapro.com\/#website\",\"url\":\"https:\/\/www.koupelnapro.com\/\",\"name\":\"Vybaven\u00ed pro d\u016fm\",\"description\":\"Vybaven\u00ed pro d\u016fm\",\"publisher\":{\"@id\":\"https:\/\/www.koupelnapro.com\/#organization\"},\"potentialAction\":[{\"@type\":\"SearchAction\",\"target\":{\"@type\":\"EntryPoint\",\"urlTemplate\":\"https:\/\/www.koupelnapro.com\/?s={search_term_string}\"},\"query-input\":{\"@type\":\"PropertyValueSpecification\",\"valueRequired\":true,\"valueName\":\"search_term_string\"}}],\"inLanguage\":\"cs\"},{\"@type\":\"Organization\",\"@id\":\"https:\/\/www.koupelnapro.com\/#organization\",\"name\":\"Vybaven\u00ed pro d\u016fm\",\"url\":\"https:\/\/www.koupelnapro.com\/\",\"logo\":{\"@type\":\"ImageObject\",\"inLanguage\":\"cs\",\"@id\":\"https:\/\/www.koupelnapro.com\/#\/schema\/logo\/image\/\",\"url\":\"https:\/\/www.koupelnapro.com\/wp-content\/uploads\/2026\/04\/koupelnapro-logo-deep-green.svg\",\"contentUrl\":\"https:\/\/www.koupelnapro.com\/wp-content\/uploads\/2026\/04\/koupelnapro-logo-deep-green.svg\",\"width\":920,\"height\":160,\"caption\":\"Vybaven\u00ed pro d\u016fm\"},\"image\":{\"@id\":\"https:\/\/www.koupelnapro.com\/#\/schema\/logo\/image\/\"}}]}<\/script>\n<!-- \/ Yoast SEO plugin. -->","yoast_head_json":{"title":"Vysoce Kvalitn\u00ed Varn\u00e1 redukce DN 80 x DN 50 - 88,9 x 60,3 - Vybaven\u00ed pro d\u016fm","robots":{"index":"index","follow":"follow","max-snippet":"max-snippet:-1","max-image-preview":"max-image-preview:large","max-video-preview":"max-video-preview:-1"},"canonical":"https:\/\/www.koupelnapro.com\/index.php\/produkt\/vysoce-kvalitni-varna-redukce-dn-80-x-dn-50-88-9-x-60-3-52917\/","og_locale":"cs_CZ","og_type":"article","og_title":"Vysoce Kvalitn\u00ed Varn\u00e1 redukce DN 80 x DN 50 - 88,9 x 60,3 - Vybaven\u00ed pro d\u016fm","og_description":"Varn\u00e1 redukce DN 80 x DN 50 &#8211; 88,9 x 57,5 Potrubn\u00ed tvarovka z uhl\u00edkov\u00e9 oceli ur\u010den\u00e1 pro spojov\u00e1n\u00ed p\u0159iva\u0159en\u00edm tup\u00fdm svarem. Druh &#8211; redukce koncentrick\u00e1 (souos\u00e1), tvar 1. Dod\u00e1vaj\u00ed se v \u010dern\u00e9m stavu opat\u0159en\u00e9 tenkou vrstvou konzerva\u010dn\u00edho oleje. Vyrobeno podle normy EN 10253-1. Pou\u017eit\u00ed: Tvarovky se pou\u017e\u00edvaj\u00ed pro p\u0159epravu tekutin a plyn\u016f (u\u017eitkov\u00e1 voda, [&hellip;]","og_url":"https:\/\/www.koupelnapro.com\/index.php\/produkt\/vysoce-kvalitni-varna-redukce-dn-80-x-dn-50-88-9-x-60-3-52917\/","og_site_name":"Vybaven\u00ed pro d\u016fm","og_image":[{"width":1000,"height":525,"url":"https:\/\/www.koupelnapro.com\/wp-content\/uploads\/2026\/SK0002747-CZ20260425-093449-0-1777080895-varna-redukce-dn-80-x-dn-50-88-9-x-60-3.webp","type":"image\/webp"}],"twitter_card":"summary_large_image","twitter_misc":{"Odhadovan\u00e1 doba \u010dten\u00ed":"1 minuta"},"schema":{"@context":"https:\/\/schema.org","@graph":[{"@type":"WebPage","@id":"https:\/\/www.koupelnapro.com\/index.php\/produkt\/vysoce-kvalitni-varna-redukce-dn-80-x-dn-50-88-9-x-60-3-52917\/","url":"https:\/\/www.koupelnapro.com\/index.php\/produkt\/vysoce-kvalitni-varna-redukce-dn-80-x-dn-50-88-9-x-60-3-52917\/","name":"Vysoce Kvalitn\u00ed Varn\u00e1 redukce DN 80 x DN 50 - 88,9 x 60,3 - Vybaven\u00ed pro d\u016fm","isPartOf":{"@id":"https:\/\/www.koupelnapro.com\/#website"},"primaryImageOfPage":{"@id":"https:\/\/www.koupelnapro.com\/index.php\/produkt\/vysoce-kvalitni-varna-redukce-dn-80-x-dn-50-88-9-x-60-3-52917\/#primaryimage"},"image":{"@id":"https:\/\/www.koupelnapro.com\/index.php\/produkt\/vysoce-kvalitni-varna-redukce-dn-80-x-dn-50-88-9-x-60-3-52917\/#primaryimage"},"thumbnailUrl":"https:\/\/www.koupelnapro.com\/wp-content\/uploads\/2026\/SK0002747-CZ20260425-093449-0-1777080895-varna-redukce-dn-80-x-dn-50-88-9-x-60-3.webp","datePublished":"2026-04-26T09:16:57+00:00","breadcrumb":{"@id":"https:\/\/www.koupelnapro.com\/index.php\/produkt\/vysoce-kvalitni-varna-redukce-dn-80-x-dn-50-88-9-x-60-3-52917\/#breadcrumb"},"inLanguage":"cs","potentialAction":[{"@type":"ReadAction","target":["https:\/\/www.koupelnapro.com\/index.php\/produkt\/vysoce-kvalitni-varna-redukce-dn-80-x-dn-50-88-9-x-60-3-52917\/"]}]},{"@type":"ImageObject","inLanguage":"cs","@id":"https:\/\/www.koupelnapro.com\/index.php\/produkt\/vysoce-kvalitni-varna-redukce-dn-80-x-dn-50-88-9-x-60-3-52917\/#primaryimage","url":"https:\/\/www.koupelnapro.com\/wp-content\/uploads\/2026\/SK0002747-CZ20260425-093449-0-1777080895-varna-redukce-dn-80-x-dn-50-88-9-x-60-3.webp","contentUrl":"https:\/\/www.koupelnapro.com\/wp-content\/uploads\/2026\/SK0002747-CZ20260425-093449-0-1777080895-varna-redukce-dn-80-x-dn-50-88-9-x-60-3.webp","width":1000,"height":525},{"@type":"BreadcrumbList","@id":"https:\/\/www.koupelnapro.com\/index.php\/produkt\/vysoce-kvalitni-varna-redukce-dn-80-x-dn-50-88-9-x-60-3-52917\/#breadcrumb","itemListElement":[{"@type":"ListItem","position":1,"name":"Home","item":"https:\/\/www.koupelnapro.com\/"},{"@type":"ListItem","position":2,"name":"Products","item":"https:\/\/www.koupelnapro.com\/products\/"},{"@type":"ListItem","position":3,"name":"Vysoce Kvalitn\u00ed Varn\u00e1 redukce DN 80 x DN 50 &#8211; 88,9 x 60,3"}]},{"@type":"WebSite","@id":"https:\/\/www.koupelnapro.com\/#website","url":"https:\/\/www.koupelnapro.com\/","name":"Vybaven\u00ed pro d\u016fm","description":"Vybaven\u00ed pro d\u016fm","publisher":{"@id":"https:\/\/www.koupelnapro.com\/#organization"},"potentialAction":[{"@type":"SearchAction","target":{"@type":"EntryPoint","urlTemplate":"https:\/\/www.koupelnapro.com\/?s={search_term_string}"},"query-input":{"@type":"PropertyValueSpecification","valueRequired":true,"valueName":"search_term_string"}}],"inLanguage":"cs"},{"@type":"Organization","@id":"https:\/\/www.koupelnapro.com\/#organization","name":"Vybaven\u00ed pro d\u016fm","url":"https:\/\/www.koupelnapro.com\/","logo":{"@type":"ImageObject","inLanguage":"cs","@id":"https:\/\/www.koupelnapro.com\/#\/schema\/logo\/image\/","url":"https:\/\/www.koupelnapro.com\/wp-content\/uploads\/2026\/04\/koupelnapro-logo-deep-green.svg","contentUrl":"https:\/\/www.koupelnapro.com\/wp-content\/uploads\/2026\/04\/koupelnapro-logo-deep-green.svg","width":920,"height":160,"caption":"Vybaven\u00ed pro d\u016fm"},"image":{"@id":"https:\/\/www.koupelnapro.com\/#\/schema\/logo\/image\/"}}]}},"_links":{"self":[{"href":"https:\/\/www.koupelnapro.com\/wp-json\/wp\/v2\/product\/52917","targetHints":{"allow":["GET"]}}],"collection":[{"href":"https:\/\/www.koupelnapro.com\/wp-json\/wp\/v2\/product"}],"about":[{"href":"https:\/\/www.koupelnapro.com\/wp-json\/wp\/v2\/types\/product"}],"replies":[{"embeddable":true,"href":"https:\/\/www.koupelnapro.com\/wp-json\/wp\/v2\/comments?post=52917"}],"wp:featuredmedia":[{"embeddable":true,"href":"https:\/\/www.koupelnapro.com\/wp-json\/wp\/v2\/media\/53017"}],"wp:attachment":[{"href":"https:\/\/www.koupelnapro.com\/wp-json\/wp\/v2\/media?parent=52917"}],"wp:term":[{"taxonomy":"product_brand","embeddable":true,"href":"https:\/\/www.koupelnapro.com\/wp-json\/wp\/v2\/product_brand?post=52917"},{"taxonomy":"product_cat","embeddable":true,"href":"https:\/\/www.koupelnapro.com\/wp-json\/wp\/v2\/product_cat?post=52917"},{"taxonomy":"product_tag","embeddable":true,"href":"https:\/\/www.koupelnapro.com\/wp-json\/wp\/v2\/product_tag?post=52917"}],"curies":[{"name":"wp","href":"https:\/\/api.w.org\/{rel}","templated":true}]}}