{"id":52904,"date":"2026-04-26T09:16:57","date_gmt":"2026-04-26T09:16:57","guid":{"rendered":""},"modified":"2026-04-26T09:16:57","modified_gmt":"2026-04-26T09:16:57","slug":"akce-protherm-ruzice-100-mm-epdm-venkovni-sr1d-52904","status":"publish","type":"product","link":"https:\/\/www.koupelnapro.com\/index.php\/produkt\/akce-protherm-ruzice-100-mm-epdm-venkovni-sr1d-52904\/","title":{"rendered":"Akce Protherm r\u016f\u017eice 100 mm EPDM &#8211; venkovn\u00ed SR1D"},"content":{"rendered":"<div id=\"e18217224\" class=\"pages\">\n<div>\n<div id=\"PDDescription\" class=\"UserContentView userContent v1a v1 bs-view dcon dc159 PDDescription\" ><dc-con><dc-con><bs-empty><\/bs-empty><\/dc-con><dc-con>        <\/p>\n<div class=\"customDescription\">                    <\/div>\n<p><\/dc-con><dc-con><\/p>\n<p style=\"text-align: left;\"><strong>Protherm r\u016f\u017eice 100 mm EPDM &#8211; venkovn\u00ed SR1D<\/p>\n<p><\/strong>R\u016f\u017eice je ur\u010den\u00e1 pro ut\u011bsn\u011bn\u00ed i estetick\u00e9 zakryt\u00ed pr\u016fchodu\u00a0 zd\u00ed souos\u00e9ho potrub\u00ed s\u00e1n\u00ed a v\u00fdfuku pr\u016fm\u011br 60\/100 mm\u00a0 z venkovn\u00ed strany.<strong><br \/><\/strong><\/p>\n<p><\/dc-con><\/dc-con><\/div>\n<\/p><\/div>\n<div id=\"PDTable3\" class=\"ProductDetailTableView v3a v3 bs-view dcon dc180 PDTable3\" >\n<table>\n<thead><\/thead>\n<tbody>\n<tr class=\"attribute attr_prumer\">\n<td class=\"caption\">Pr\u016fm\u011br<\/td>\n<td class=\"value\">100 mm<\/td>\n<\/tr>\n<tr class=\"attribute attr_typ\">\n<td class=\"caption\">Typ<\/td>\n<td class=\"value\">R\u016f\u017eice<\/td>\n<\/tr>\n<tr class=\"attribute attr_bsshop_maker\">\n<td class=\"caption\">V\u00fdrobce<\/td>\n<td class=\"value\">Protherm<\/td>\n<\/tr>\n<\/tbody>\n<\/table>\n<\/div>\n<\/div>\n<div id=\"e18217225\" class=\"tabs\">\n","protected":false},"excerpt":{"rendered":"<p>Protherm r\u016f\u017eice 100 mm EPDM &#8211; venkovn\u00ed SR1D R\u016f\u017eice je ur\u010den\u00e1 pro ut\u011bsn\u011bn\u00ed i estetick\u00e9 zakryt\u00ed pr\u016fchodu\u00a0 zd\u00ed souos\u00e9ho potrub\u00ed s\u00e1n\u00ed a v\u00fdfuku pr\u016fm\u011br 60\/100 mm\u00a0 z venkovn\u00ed strany. Pr\u016fm\u011br 100 mm Typ R\u016f\u017eice V\u00fdrobce Protherm<\/p>\n","protected":false},"featured_media":53004,"comment_status":"open","ping_status":"open","template":"","meta":[],"product_brand":[],"product_cat":[166],"product_tag":[],"class_list":{"0":"post-52904","1":"product","2":"type-product","3":"status-publish","4":"has-post-thumbnail","6":"product_cat-kotle","8":"first","9":"instock","10":"sale","11":"shipping-taxable","12":"purchasable","13":"product-type-simple"},"yoast_head":"<!-- This site is optimized with the Yoast SEO plugin v26.8 - https:\/\/yoast.com\/product\/yoast-seo-wordpress\/ -->\n<title>Akce Protherm r\u016f\u017eice 100 mm EPDM - venkovn\u00ed SR1D -<\/title>\n<meta name=\"robots\" content=\"index, follow, max-snippet:-1, max-image-preview:large, max-video-preview:-1\" \/>\n<link rel=\"canonical\" href=\"https:\/\/www.koupelnapro.com\/index.php\/produkt\/akce-protherm-ruzice-100-mm-epdm-venkovni-sr1d-52904\/\" \/>\n<meta property=\"og:locale\" content=\"cs_CZ\" \/>\n<meta property=\"og:type\" content=\"article\" \/>\n<meta property=\"og:title\" content=\"Akce Protherm r\u016f\u017eice 100 mm EPDM - venkovn\u00ed SR1D -\" \/>\n<meta property=\"og:description\" content=\"Protherm r\u016f\u017eice 100 mm EPDM &#8211; venkovn\u00ed SR1D R\u016f\u017eice je ur\u010den\u00e1 pro ut\u011bsn\u011bn\u00ed i estetick\u00e9 zakryt\u00ed pr\u016fchodu\u00a0 zd\u00ed souos\u00e9ho potrub\u00ed s\u00e1n\u00ed a v\u00fdfuku pr\u016fm\u011br 60\/100 mm\u00a0 z venkovn\u00ed strany. Pr\u016fm\u011br 100 mm Typ R\u016f\u017eice V\u00fdrobce Protherm\" \/>\n<meta property=\"og:url\" content=\"https:\/\/www.koupelnapro.com\/index.php\/produkt\/akce-protherm-ruzice-100-mm-epdm-venkovni-sr1d-52904\/\" \/>\n<meta property=\"og:image\" content=\"https:\/\/www.koupelnapro.com\/wp-content\/uploads\/2026\/SK0002734-CZ20260425-093449-0-1777080895-protherm-ruzice-100-mm-epdm-venkovni-sr1d.webp\" \/>\n\t<meta property=\"og:image:width\" content=\"1000\" \/>\n\t<meta property=\"og:image:height\" content=\"525\" \/>\n\t<meta property=\"og:image:type\" content=\"image\/webp\" \/>\n<meta name=\"twitter:card\" content=\"summary_large_image\" \/>\n<script type=\"application\/ld+json\" class=\"yoast-schema-graph\">{\"@context\":\"https:\/\/schema.org\",\"@graph\":[{\"@type\":\"WebPage\",\"@id\":\"https:\/\/www.koupelnapro.com\/index.php\/produkt\/akce-protherm-ruzice-100-mm-epdm-venkovni-sr1d-52904\/\",\"url\":\"https:\/\/www.koupelnapro.com\/index.php\/produkt\/akce-protherm-ruzice-100-mm-epdm-venkovni-sr1d-52904\/\",\"name\":\"Akce Protherm r\u016f\u017eice 100 mm EPDM - venkovn\u00ed SR1D -\",\"isPartOf\":{\"@id\":\"https:\/\/www.koupelnapro.com\/#website\"},\"primaryImageOfPage\":{\"@id\":\"https:\/\/www.koupelnapro.com\/index.php\/produkt\/akce-protherm-ruzice-100-mm-epdm-venkovni-sr1d-52904\/#primaryimage\"},\"image\":{\"@id\":\"https:\/\/www.koupelnapro.com\/index.php\/produkt\/akce-protherm-ruzice-100-mm-epdm-venkovni-sr1d-52904\/#primaryimage\"},\"thumbnailUrl\":\"https:\/\/www.koupelnapro.com\/wp-content\/uploads\/2026\/SK0002734-CZ20260425-093449-0-1777080895-protherm-ruzice-100-mm-epdm-venkovni-sr1d.webp\",\"datePublished\":\"2026-04-26T09:16:57+00:00\",\"breadcrumb\":{\"@id\":\"https:\/\/www.koupelnapro.com\/index.php\/produkt\/akce-protherm-ruzice-100-mm-epdm-venkovni-sr1d-52904\/#breadcrumb\"},\"inLanguage\":\"cs\",\"potentialAction\":[{\"@type\":\"ReadAction\",\"target\":[\"https:\/\/www.koupelnapro.com\/index.php\/produkt\/akce-protherm-ruzice-100-mm-epdm-venkovni-sr1d-52904\/\"]}]},{\"@type\":\"ImageObject\",\"inLanguage\":\"cs\",\"@id\":\"https:\/\/www.koupelnapro.com\/index.php\/produkt\/akce-protherm-ruzice-100-mm-epdm-venkovni-sr1d-52904\/#primaryimage\",\"url\":\"https:\/\/www.koupelnapro.com\/wp-content\/uploads\/2026\/SK0002734-CZ20260425-093449-0-1777080895-protherm-ruzice-100-mm-epdm-venkovni-sr1d.webp\",\"contentUrl\":\"https:\/\/www.koupelnapro.com\/wp-content\/uploads\/2026\/SK0002734-CZ20260425-093449-0-1777080895-protherm-ruzice-100-mm-epdm-venkovni-sr1d.webp\",\"width\":1000,\"height\":525},{\"@type\":\"BreadcrumbList\",\"@id\":\"https:\/\/www.koupelnapro.com\/index.php\/produkt\/akce-protherm-ruzice-100-mm-epdm-venkovni-sr1d-52904\/#breadcrumb\",\"itemListElement\":[{\"@type\":\"ListItem\",\"position\":1,\"name\":\"Home\",\"item\":\"https:\/\/www.koupelnapro.com\/\"},{\"@type\":\"ListItem\",\"position\":2,\"name\":\"Products\",\"item\":\"https:\/\/www.koupelnapro.com\/index.php\/products\/\"},{\"@type\":\"ListItem\",\"position\":3,\"name\":\"Akce Protherm r\u016f\u017eice 100 mm EPDM &#8211; venkovn\u00ed SR1D\"}]},{\"@type\":\"WebSite\",\"@id\":\"https:\/\/www.koupelnapro.com\/#website\",\"url\":\"https:\/\/www.koupelnapro.com\/\",\"name\":\"\",\"description\":\"\",\"potentialAction\":[{\"@type\":\"SearchAction\",\"target\":{\"@type\":\"EntryPoint\",\"urlTemplate\":\"https:\/\/www.koupelnapro.com\/?s={search_term_string}\"},\"query-input\":{\"@type\":\"PropertyValueSpecification\",\"valueRequired\":true,\"valueName\":\"search_term_string\"}}],\"inLanguage\":\"cs\"}]}<\/script>\n<!-- \/ Yoast SEO plugin. -->","yoast_head_json":{"title":"Akce Protherm r\u016f\u017eice 100 mm EPDM - venkovn\u00ed SR1D -","robots":{"index":"index","follow":"follow","max-snippet":"max-snippet:-1","max-image-preview":"max-image-preview:large","max-video-preview":"max-video-preview:-1"},"canonical":"https:\/\/www.koupelnapro.com\/index.php\/produkt\/akce-protherm-ruzice-100-mm-epdm-venkovni-sr1d-52904\/","og_locale":"cs_CZ","og_type":"article","og_title":"Akce Protherm r\u016f\u017eice 100 mm EPDM - venkovn\u00ed SR1D -","og_description":"Protherm r\u016f\u017eice 100 mm EPDM &#8211; venkovn\u00ed SR1D R\u016f\u017eice je ur\u010den\u00e1 pro ut\u011bsn\u011bn\u00ed i estetick\u00e9 zakryt\u00ed pr\u016fchodu\u00a0 zd\u00ed souos\u00e9ho potrub\u00ed s\u00e1n\u00ed a v\u00fdfuku pr\u016fm\u011br 60\/100 mm\u00a0 z venkovn\u00ed strany. Pr\u016fm\u011br 100 mm Typ R\u016f\u017eice V\u00fdrobce Protherm","og_url":"https:\/\/www.koupelnapro.com\/index.php\/produkt\/akce-protherm-ruzice-100-mm-epdm-venkovni-sr1d-52904\/","og_image":[{"width":1000,"height":525,"url":"https:\/\/www.koupelnapro.com\/wp-content\/uploads\/2026\/SK0002734-CZ20260425-093449-0-1777080895-protherm-ruzice-100-mm-epdm-venkovni-sr1d.webp","type":"image\/webp"}],"twitter_card":"summary_large_image","schema":{"@context":"https:\/\/schema.org","@graph":[{"@type":"WebPage","@id":"https:\/\/www.koupelnapro.com\/index.php\/produkt\/akce-protherm-ruzice-100-mm-epdm-venkovni-sr1d-52904\/","url":"https:\/\/www.koupelnapro.com\/index.php\/produkt\/akce-protherm-ruzice-100-mm-epdm-venkovni-sr1d-52904\/","name":"Akce Protherm r\u016f\u017eice 100 mm EPDM - venkovn\u00ed SR1D -","isPartOf":{"@id":"https:\/\/www.koupelnapro.com\/#website"},"primaryImageOfPage":{"@id":"https:\/\/www.koupelnapro.com\/index.php\/produkt\/akce-protherm-ruzice-100-mm-epdm-venkovni-sr1d-52904\/#primaryimage"},"image":{"@id":"https:\/\/www.koupelnapro.com\/index.php\/produkt\/akce-protherm-ruzice-100-mm-epdm-venkovni-sr1d-52904\/#primaryimage"},"thumbnailUrl":"https:\/\/www.koupelnapro.com\/wp-content\/uploads\/2026\/SK0002734-CZ20260425-093449-0-1777080895-protherm-ruzice-100-mm-epdm-venkovni-sr1d.webp","datePublished":"2026-04-26T09:16:57+00:00","breadcrumb":{"@id":"https:\/\/www.koupelnapro.com\/index.php\/produkt\/akce-protherm-ruzice-100-mm-epdm-venkovni-sr1d-52904\/#breadcrumb"},"inLanguage":"cs","potentialAction":[{"@type":"ReadAction","target":["https:\/\/www.koupelnapro.com\/index.php\/produkt\/akce-protherm-ruzice-100-mm-epdm-venkovni-sr1d-52904\/"]}]},{"@type":"ImageObject","inLanguage":"cs","@id":"https:\/\/www.koupelnapro.com\/index.php\/produkt\/akce-protherm-ruzice-100-mm-epdm-venkovni-sr1d-52904\/#primaryimage","url":"https:\/\/www.koupelnapro.com\/wp-content\/uploads\/2026\/SK0002734-CZ20260425-093449-0-1777080895-protherm-ruzice-100-mm-epdm-venkovni-sr1d.webp","contentUrl":"https:\/\/www.koupelnapro.com\/wp-content\/uploads\/2026\/SK0002734-CZ20260425-093449-0-1777080895-protherm-ruzice-100-mm-epdm-venkovni-sr1d.webp","width":1000,"height":525},{"@type":"BreadcrumbList","@id":"https:\/\/www.koupelnapro.com\/index.php\/produkt\/akce-protherm-ruzice-100-mm-epdm-venkovni-sr1d-52904\/#breadcrumb","itemListElement":[{"@type":"ListItem","position":1,"name":"Home","item":"https:\/\/www.koupelnapro.com\/"},{"@type":"ListItem","position":2,"name":"Products","item":"https:\/\/www.koupelnapro.com\/index.php\/products\/"},{"@type":"ListItem","position":3,"name":"Akce Protherm r\u016f\u017eice 100 mm EPDM &#8211; venkovn\u00ed SR1D"}]},{"@type":"WebSite","@id":"https:\/\/www.koupelnapro.com\/#website","url":"https:\/\/www.koupelnapro.com\/","name":"","description":"","potentialAction":[{"@type":"SearchAction","target":{"@type":"EntryPoint","urlTemplate":"https:\/\/www.koupelnapro.com\/?s={search_term_string}"},"query-input":{"@type":"PropertyValueSpecification","valueRequired":true,"valueName":"search_term_string"}}],"inLanguage":"cs"}]}},"_links":{"self":[{"href":"https:\/\/www.koupelnapro.com\/index.php\/wp-json\/wp\/v2\/product\/52904","targetHints":{"allow":["GET"]}}],"collection":[{"href":"https:\/\/www.koupelnapro.com\/index.php\/wp-json\/wp\/v2\/product"}],"about":[{"href":"https:\/\/www.koupelnapro.com\/index.php\/wp-json\/wp\/v2\/types\/product"}],"replies":[{"embeddable":true,"href":"https:\/\/www.koupelnapro.com\/index.php\/wp-json\/wp\/v2\/comments?post=52904"}],"wp:featuredmedia":[{"embeddable":true,"href":"https:\/\/www.koupelnapro.com\/index.php\/wp-json\/wp\/v2\/media\/53004"}],"wp:attachment":[{"href":"https:\/\/www.koupelnapro.com\/index.php\/wp-json\/wp\/v2\/media?parent=52904"}],"wp:term":[{"taxonomy":"product_brand","embeddable":true,"href":"https:\/\/www.koupelnapro.com\/index.php\/wp-json\/wp\/v2\/product_brand?post=52904"},{"taxonomy":"product_cat","embeddable":true,"href":"https:\/\/www.koupelnapro.com\/index.php\/wp-json\/wp\/v2\/product_cat?post=52904"},{"taxonomy":"product_tag","embeddable":true,"href":"https:\/\/www.koupelnapro.com\/index.php\/wp-json\/wp\/v2\/product_tag?post=52904"}],"curies":[{"name":"wp","href":"https:\/\/api.w.org\/{rel}","templated":true}]}}