{"id":5151,"date":"2026-04-26T09:13:09","date_gmt":"2026-04-26T09:13:09","guid":{"rendered":""},"modified":"2026-04-26T09:13:09","modified_gmt":"2026-04-26T09:13:09","slug":"jimka-pro-termostat-th-163-s-vnejsimi-zavity-pouze-dnes-5151","status":"publish","type":"product","link":"https:\/\/www.koupelnapro.com\/index.php\/produkt\/jimka-pro-termostat-th-163-s-vnejsimi-zavity-pouze-dnes-5151\/","title":{"rendered":"j\u00edmka pro termostat TH 163 s vn\u011bj\u0161\u00edmi z\u00e1vity Pouze Dnes"},"content":{"rendered":"<div id=\"e9226233\" class=\"pages\">\n<div id=\"PDDescription\" class=\"UserContentView userContent v1a v1 bs-view dcon dc150 PDDescription\" >\n<h2><span style=\"color: #008080;\">J\u00edmka pro termostat TH 163 s vn\u011bj\u0161\u00edmi z\u00e1vity<\/span><\/h2>\n<p>Termostatov\u00e9 j\u00edmky jsou ur\u010deny k ochran\u011b stonku termostatu p\u0159ed vlivy prost\u0159ed\u00ed v m\u00edst\u011b z\u00e1stavby (p\u0159ed tlakem, mechanick\u00fdm po\u0161kozen\u00edm, chemick\u00fdmi l\u00e1tkami, proud\u011bn\u00edm kapalin, koroz\u00ed, vibracemi, apod.).<br \/>Povrchov\u00e1 ochrana j\u00edmek je provedena chromov\u00e1n\u00edm.<\/p>\n<p>J\u00edmka je ur\u010dena k zabudov\u00e1n\u00ed do ur\u010den\u00e9ho za\u0159\u00edzen\u00ed (nap\u0159. elektrick\u00fd kotel, oh\u0159\u00edva\u010d vody). Mont\u00e1\u017e j\u00edmky se prov\u00e1d\u00ed za\u0161roubov\u00e1n\u00edm hrdla j\u00edmky do pl\u00e1\u0161t\u011b za\u0159\u00edzen\u00ed p\u0159i pou\u017eit\u00ed vhodn\u00e9ho t\u011bsn\u011bn\u00ed. Instalace termostatu se prov\u00e1d\u00ed nasunut\u00edm stonku termostatu do j\u00edmky ur\u010den\u00e9 velikosti a zaji\u0161t\u011bn\u00edm \u0161roubem M4 (termostaty \u0159ady TH 160). U termostat\u016f \u0159ady TH 140 je nutno polohu hlavice termostatu stanovit p\u0159ed dota\u017een\u00edm p\u0159evle\u010dn\u00e9 matice. Ot\u00e1\u010den\u00edm hlavice po dota\u017een\u00ed p\u0159evle\u010dn\u00e9 matice by se mohl termostat po\u0161kodit.<\/p>\n<p>Maxim\u00e1ln\u00ed pracovn\u00ed p\u0159etlak j\u00edmek je PN 6 podle \u010cSN 130010. Tlakov\u00e1 zkou\u0161ka t\u011bsnosti se p\u0159i v\u00fdrob\u011b prov\u00e1d\u00ed vzduchem pod vodn\u00ed hladinou u v\u0161ech vyroben\u00fdch j\u00edmek.<\/p>\n<h3><span style=\"color: #008080;\">Rozm\u011bry:<\/span><\/h3>\n<p>D\u00e9lka L = 110 mm<br \/>D\u00e9lka L1 = 122 mm<\/p>\n<div id=\"PDTable3\" class=\"ProductDetailTableView v3a v3 bs-view dcon dc175 PDTable3\" >\n<table>\n<thead><\/thead>\n<tbody>\n<tr class=\"attribute attr_bsshop_maker\">\n<td class=\"caption\">V\u00fdrobce<\/td>\n<td class=\"value\">Ostatn\u00ed<\/td>\n<\/tr>\n<\/tbody>\n<\/table><\/div>\n<\/div>\n<\/div>\n<div id=\"e9226234\" class=\"tabs\">\n","protected":false},"excerpt":{"rendered":"<p>J\u00edmka pro termostat TH 163 s vn\u011bj\u0161\u00edmi z\u00e1vity Termostatov\u00e9 j\u00edmky jsou ur\u010deny k ochran\u011b stonku termostatu p\u0159ed vlivy prost\u0159ed\u00ed v m\u00edst\u011b z\u00e1stavby (p\u0159ed tlakem, mechanick\u00fdm po\u0161kozen\u00edm, chemick\u00fdmi l\u00e1tkami, proud\u011bn\u00edm kapalin, koroz\u00ed, vibracemi, apod.).Povrchov\u00e1 ochrana j\u00edmek je provedena chromov\u00e1n\u00edm. J\u00edmka je ur\u010dena k zabudov\u00e1n\u00ed do ur\u010den\u00e9ho za\u0159\u00edzen\u00ed (nap\u0159. elektrick\u00fd kotel, oh\u0159\u00edva\u010d vody). Mont\u00e1\u017e j\u00edmky se prov\u00e1d\u00ed [&hellip;]<\/p>\n","protected":false},"featured_media":5251,"comment_status":"open","ping_status":"open","template":"","meta":[],"product_brand":[],"product_cat":[39],"product_tag":[],"class_list":{"0":"post-5151","1":"product","2":"type-product","3":"status-publish","4":"has-post-thumbnail","6":"product_cat-topn-233-syst-233-my","8":"first","9":"instock","10":"sale","11":"shipping-taxable","12":"purchasable","13":"product-type-simple"},"yoast_head":"<!-- This site is optimized with the Yoast SEO plugin v26.8 - https:\/\/yoast.com\/product\/yoast-seo-wordpress\/ -->\n<title>j\u00edmka pro termostat TH 163 s vn\u011bj\u0161\u00edmi z\u00e1vity Pouze Dnes -<\/title>\n<meta name=\"robots\" content=\"index, follow, max-snippet:-1, max-image-preview:large, max-video-preview:-1\" \/>\n<link rel=\"canonical\" href=\"https:\/\/www.koupelnapro.com\/index.php\/produkt\/jimka-pro-termostat-th-163-s-vnejsimi-zavity-pouze-dnes-5151\/\" \/>\n<meta property=\"og:locale\" content=\"cs_CZ\" \/>\n<meta property=\"og:type\" content=\"article\" \/>\n<meta property=\"og:title\" content=\"j\u00edmka pro termostat TH 163 s vn\u011bj\u0161\u00edmi z\u00e1vity Pouze Dnes -\" \/>\n<meta property=\"og:description\" content=\"J\u00edmka pro termostat TH 163 s vn\u011bj\u0161\u00edmi z\u00e1vity Termostatov\u00e9 j\u00edmky jsou ur\u010deny k ochran\u011b stonku termostatu p\u0159ed vlivy prost\u0159ed\u00ed v m\u00edst\u011b z\u00e1stavby (p\u0159ed tlakem, mechanick\u00fdm po\u0161kozen\u00edm, chemick\u00fdmi l\u00e1tkami, proud\u011bn\u00edm kapalin, koroz\u00ed, vibracemi, apod.).Povrchov\u00e1 ochrana j\u00edmek je provedena chromov\u00e1n\u00edm. J\u00edmka je ur\u010dena k zabudov\u00e1n\u00ed do ur\u010den\u00e9ho za\u0159\u00edzen\u00ed (nap\u0159. elektrick\u00fd kotel, oh\u0159\u00edva\u010d vody). Mont\u00e1\u017e j\u00edmky se prov\u00e1d\u00ed [&hellip;]\" \/>\n<meta property=\"og:url\" content=\"https:\/\/www.koupelnapro.com\/index.php\/produkt\/jimka-pro-termostat-th-163-s-vnejsimi-zavity-pouze-dnes-5151\/\" \/>\n<meta property=\"og:image\" content=\"https:\/\/www.koupelnapro.com\/wp-content\/uploads\/2026\/SK0003825-CZ20260425-091623-0-1777079785-jimka-pro-termostat-th-163-s-vnejsimi-zavity.webp\" \/>\n\t<meta property=\"og:image:width\" content=\"1000\" \/>\n\t<meta property=\"og:image:height\" content=\"525\" \/>\n\t<meta property=\"og:image:type\" content=\"image\/webp\" \/>\n<meta name=\"twitter:card\" content=\"summary_large_image\" \/>\n<meta name=\"twitter:label1\" content=\"Odhadovan\u00e1 doba \u010dten\u00ed\" \/>\n\t<meta name=\"twitter:data1\" content=\"1 minuta\" \/>\n<script type=\"application\/ld+json\" class=\"yoast-schema-graph\">{\"@context\":\"https:\/\/schema.org\",\"@graph\":[{\"@type\":\"WebPage\",\"@id\":\"https:\/\/www.koupelnapro.com\/index.php\/produkt\/jimka-pro-termostat-th-163-s-vnejsimi-zavity-pouze-dnes-5151\/\",\"url\":\"https:\/\/www.koupelnapro.com\/index.php\/produkt\/jimka-pro-termostat-th-163-s-vnejsimi-zavity-pouze-dnes-5151\/\",\"name\":\"j\u00edmka pro termostat TH 163 s vn\u011bj\u0161\u00edmi z\u00e1vity Pouze Dnes -\",\"isPartOf\":{\"@id\":\"https:\/\/www.koupelnapro.com\/#website\"},\"primaryImageOfPage\":{\"@id\":\"https:\/\/www.koupelnapro.com\/index.php\/produkt\/jimka-pro-termostat-th-163-s-vnejsimi-zavity-pouze-dnes-5151\/#primaryimage\"},\"image\":{\"@id\":\"https:\/\/www.koupelnapro.com\/index.php\/produkt\/jimka-pro-termostat-th-163-s-vnejsimi-zavity-pouze-dnes-5151\/#primaryimage\"},\"thumbnailUrl\":\"https:\/\/www.koupelnapro.com\/wp-content\/uploads\/2026\/SK0003825-CZ20260425-091623-0-1777079785-jimka-pro-termostat-th-163-s-vnejsimi-zavity.webp\",\"datePublished\":\"2026-04-26T09:13:09+00:00\",\"breadcrumb\":{\"@id\":\"https:\/\/www.koupelnapro.com\/index.php\/produkt\/jimka-pro-termostat-th-163-s-vnejsimi-zavity-pouze-dnes-5151\/#breadcrumb\"},\"inLanguage\":\"cs\",\"potentialAction\":[{\"@type\":\"ReadAction\",\"target\":[\"https:\/\/www.koupelnapro.com\/index.php\/produkt\/jimka-pro-termostat-th-163-s-vnejsimi-zavity-pouze-dnes-5151\/\"]}]},{\"@type\":\"ImageObject\",\"inLanguage\":\"cs\",\"@id\":\"https:\/\/www.koupelnapro.com\/index.php\/produkt\/jimka-pro-termostat-th-163-s-vnejsimi-zavity-pouze-dnes-5151\/#primaryimage\",\"url\":\"https:\/\/www.koupelnapro.com\/wp-content\/uploads\/2026\/SK0003825-CZ20260425-091623-0-1777079785-jimka-pro-termostat-th-163-s-vnejsimi-zavity.webp\",\"contentUrl\":\"https:\/\/www.koupelnapro.com\/wp-content\/uploads\/2026\/SK0003825-CZ20260425-091623-0-1777079785-jimka-pro-termostat-th-163-s-vnejsimi-zavity.webp\",\"width\":1000,\"height\":525},{\"@type\":\"BreadcrumbList\",\"@id\":\"https:\/\/www.koupelnapro.com\/index.php\/produkt\/jimka-pro-termostat-th-163-s-vnejsimi-zavity-pouze-dnes-5151\/#breadcrumb\",\"itemListElement\":[{\"@type\":\"ListItem\",\"position\":1,\"name\":\"Home\",\"item\":\"https:\/\/www.koupelnapro.com\/\"},{\"@type\":\"ListItem\",\"position\":2,\"name\":\"Products\",\"item\":\"https:\/\/www.koupelnapro.com\/index.php\/products\/\"},{\"@type\":\"ListItem\",\"position\":3,\"name\":\"j\u00edmka pro termostat TH 163 s vn\u011bj\u0161\u00edmi z\u00e1vity Pouze Dnes\"}]},{\"@type\":\"WebSite\",\"@id\":\"https:\/\/www.koupelnapro.com\/#website\",\"url\":\"https:\/\/www.koupelnapro.com\/\",\"name\":\"\",\"description\":\"\",\"potentialAction\":[{\"@type\":\"SearchAction\",\"target\":{\"@type\":\"EntryPoint\",\"urlTemplate\":\"https:\/\/www.koupelnapro.com\/?s={search_term_string}\"},\"query-input\":{\"@type\":\"PropertyValueSpecification\",\"valueRequired\":true,\"valueName\":\"search_term_string\"}}],\"inLanguage\":\"cs\"}]}<\/script>\n<!-- \/ Yoast SEO plugin. -->","yoast_head_json":{"title":"j\u00edmka pro termostat TH 163 s vn\u011bj\u0161\u00edmi z\u00e1vity Pouze Dnes -","robots":{"index":"index","follow":"follow","max-snippet":"max-snippet:-1","max-image-preview":"max-image-preview:large","max-video-preview":"max-video-preview:-1"},"canonical":"https:\/\/www.koupelnapro.com\/index.php\/produkt\/jimka-pro-termostat-th-163-s-vnejsimi-zavity-pouze-dnes-5151\/","og_locale":"cs_CZ","og_type":"article","og_title":"j\u00edmka pro termostat TH 163 s vn\u011bj\u0161\u00edmi z\u00e1vity Pouze Dnes -","og_description":"J\u00edmka pro termostat TH 163 s vn\u011bj\u0161\u00edmi z\u00e1vity Termostatov\u00e9 j\u00edmky jsou ur\u010deny k ochran\u011b stonku termostatu p\u0159ed vlivy prost\u0159ed\u00ed v m\u00edst\u011b z\u00e1stavby (p\u0159ed tlakem, mechanick\u00fdm po\u0161kozen\u00edm, chemick\u00fdmi l\u00e1tkami, proud\u011bn\u00edm kapalin, koroz\u00ed, vibracemi, apod.).Povrchov\u00e1 ochrana j\u00edmek je provedena chromov\u00e1n\u00edm. J\u00edmka je ur\u010dena k zabudov\u00e1n\u00ed do ur\u010den\u00e9ho za\u0159\u00edzen\u00ed (nap\u0159. elektrick\u00fd kotel, oh\u0159\u00edva\u010d vody). Mont\u00e1\u017e j\u00edmky se prov\u00e1d\u00ed [&hellip;]","og_url":"https:\/\/www.koupelnapro.com\/index.php\/produkt\/jimka-pro-termostat-th-163-s-vnejsimi-zavity-pouze-dnes-5151\/","og_image":[{"width":1000,"height":525,"url":"https:\/\/www.koupelnapro.com\/wp-content\/uploads\/2026\/SK0003825-CZ20260425-091623-0-1777079785-jimka-pro-termostat-th-163-s-vnejsimi-zavity.webp","type":"image\/webp"}],"twitter_card":"summary_large_image","twitter_misc":{"Odhadovan\u00e1 doba \u010dten\u00ed":"1 minuta"},"schema":{"@context":"https:\/\/schema.org","@graph":[{"@type":"WebPage","@id":"https:\/\/www.koupelnapro.com\/index.php\/produkt\/jimka-pro-termostat-th-163-s-vnejsimi-zavity-pouze-dnes-5151\/","url":"https:\/\/www.koupelnapro.com\/index.php\/produkt\/jimka-pro-termostat-th-163-s-vnejsimi-zavity-pouze-dnes-5151\/","name":"j\u00edmka pro termostat TH 163 s vn\u011bj\u0161\u00edmi z\u00e1vity Pouze Dnes -","isPartOf":{"@id":"https:\/\/www.koupelnapro.com\/#website"},"primaryImageOfPage":{"@id":"https:\/\/www.koupelnapro.com\/index.php\/produkt\/jimka-pro-termostat-th-163-s-vnejsimi-zavity-pouze-dnes-5151\/#primaryimage"},"image":{"@id":"https:\/\/www.koupelnapro.com\/index.php\/produkt\/jimka-pro-termostat-th-163-s-vnejsimi-zavity-pouze-dnes-5151\/#primaryimage"},"thumbnailUrl":"https:\/\/www.koupelnapro.com\/wp-content\/uploads\/2026\/SK0003825-CZ20260425-091623-0-1777079785-jimka-pro-termostat-th-163-s-vnejsimi-zavity.webp","datePublished":"2026-04-26T09:13:09+00:00","breadcrumb":{"@id":"https:\/\/www.koupelnapro.com\/index.php\/produkt\/jimka-pro-termostat-th-163-s-vnejsimi-zavity-pouze-dnes-5151\/#breadcrumb"},"inLanguage":"cs","potentialAction":[{"@type":"ReadAction","target":["https:\/\/www.koupelnapro.com\/index.php\/produkt\/jimka-pro-termostat-th-163-s-vnejsimi-zavity-pouze-dnes-5151\/"]}]},{"@type":"ImageObject","inLanguage":"cs","@id":"https:\/\/www.koupelnapro.com\/index.php\/produkt\/jimka-pro-termostat-th-163-s-vnejsimi-zavity-pouze-dnes-5151\/#primaryimage","url":"https:\/\/www.koupelnapro.com\/wp-content\/uploads\/2026\/SK0003825-CZ20260425-091623-0-1777079785-jimka-pro-termostat-th-163-s-vnejsimi-zavity.webp","contentUrl":"https:\/\/www.koupelnapro.com\/wp-content\/uploads\/2026\/SK0003825-CZ20260425-091623-0-1777079785-jimka-pro-termostat-th-163-s-vnejsimi-zavity.webp","width":1000,"height":525},{"@type":"BreadcrumbList","@id":"https:\/\/www.koupelnapro.com\/index.php\/produkt\/jimka-pro-termostat-th-163-s-vnejsimi-zavity-pouze-dnes-5151\/#breadcrumb","itemListElement":[{"@type":"ListItem","position":1,"name":"Home","item":"https:\/\/www.koupelnapro.com\/"},{"@type":"ListItem","position":2,"name":"Products","item":"https:\/\/www.koupelnapro.com\/index.php\/products\/"},{"@type":"ListItem","position":3,"name":"j\u00edmka pro termostat TH 163 s vn\u011bj\u0161\u00edmi z\u00e1vity Pouze Dnes"}]},{"@type":"WebSite","@id":"https:\/\/www.koupelnapro.com\/#website","url":"https:\/\/www.koupelnapro.com\/","name":"","description":"","potentialAction":[{"@type":"SearchAction","target":{"@type":"EntryPoint","urlTemplate":"https:\/\/www.koupelnapro.com\/?s={search_term_string}"},"query-input":{"@type":"PropertyValueSpecification","valueRequired":true,"valueName":"search_term_string"}}],"inLanguage":"cs"}]}},"_links":{"self":[{"href":"https:\/\/www.koupelnapro.com\/index.php\/wp-json\/wp\/v2\/product\/5151","targetHints":{"allow":["GET"]}}],"collection":[{"href":"https:\/\/www.koupelnapro.com\/index.php\/wp-json\/wp\/v2\/product"}],"about":[{"href":"https:\/\/www.koupelnapro.com\/index.php\/wp-json\/wp\/v2\/types\/product"}],"replies":[{"embeddable":true,"href":"https:\/\/www.koupelnapro.com\/index.php\/wp-json\/wp\/v2\/comments?post=5151"}],"wp:featuredmedia":[{"embeddable":true,"href":"https:\/\/www.koupelnapro.com\/index.php\/wp-json\/wp\/v2\/media\/5251"}],"wp:attachment":[{"href":"https:\/\/www.koupelnapro.com\/index.php\/wp-json\/wp\/v2\/media?parent=5151"}],"wp:term":[{"taxonomy":"product_brand","embeddable":true,"href":"https:\/\/www.koupelnapro.com\/index.php\/wp-json\/wp\/v2\/product_brand?post=5151"},{"taxonomy":"product_cat","embeddable":true,"href":"https:\/\/www.koupelnapro.com\/index.php\/wp-json\/wp\/v2\/product_cat?post=5151"},{"taxonomy":"product_tag","embeddable":true,"href":"https:\/\/www.koupelnapro.com\/index.php\/wp-json\/wp\/v2\/product_tag?post=5151"}],"curies":[{"name":"wp","href":"https:\/\/api.w.org\/{rel}","templated":true}]}}