{"id":50929,"date":"2026-04-26T09:16:47","date_gmt":"2026-04-26T09:16:47","guid":{"rendered":""},"modified":"2026-04-26T09:16:47","modified_gmt":"2026-04-26T09:16:47","slug":"znackovy-ronal-divera-rohovy-vstup-s-dvoudilnymi-posuvnymi-dvermi-nerovnostranne-provedeni-fixni-dil-vpravo-d22se2br1205088-50929","status":"publish","type":"product","link":"https:\/\/www.koupelnapro.com\/index.php\/produkt\/znackovy-ronal-divera-rohovy-vstup-s-dvoudilnymi-posuvnymi-dvermi-nerovnostranne-provedeni-fixni-dil-vpravo-d22se2br1205088-50929\/","title":{"rendered":"Zna\u010dkov\u00fd RONAL DIVERA Rohov\u00fd vstup s dvoud\u00edln\u00fdmi posuvn\u00fdmi dve\u0159mi &#8211; nerovnostrann\u00e9 proveden\u00ed, fixn\u00ed d\u00edl vpravo D22SE2BR1205088"},"content":{"rendered":"<div class=\"basic-description\">\n<h3>Detailn\u00ed popis produktu<\/h3>\n<p>                                    DIVERA od RONAL spl\u0148uje ve\u0161ker\u00e9 po\u017eadavky na modern\u00ed sprchov\u00fd kout. Rohov\u00fd vstup s dvoud\u00edln\u00fdmi posuvn\u00fdmi dve\u0159mi nab\u00edz\u00ed prvot\u0159\u00eddn\u00ed kvalitu, vysokou flexibilitu a promy\u0161lenou funk\u010dnost. 6mm bezpe\u010dnostn\u00ed Screen sklo s antiplakovou \u00fapravou AQUAPERLE pro snadn\u00e9 \u010di\u0161t\u011bn\u00ed. Magnetick\u00e9 t\u011bsn\u011bn\u00ed. Doraz pojezdu dve\u0159\u00ed zabra\u0148uje n\u00e1razu dve\u0159\u00ed na konci otv\u00edr\u00e1n\u00ed. Dvojit\u00e1 pojezdov\u00e1 kole\u010dka pro lehk\u00fd a tich\u00fd chod p\u0159i otv\u00edr\u00e1n\u00ed sprchov\u00fdch dve\u0159\u00ed. Posuvn\u00e9 dve\u0159e disponuj\u00ed naklap\u00e1vac\u00edm syst\u00e9mem se spodn\u00edm vodic\u00edm d\u00edlem pro velmi snadn\u00e9 a rychl\u00e9 \u010di\u0161t\u011bn\u00ed. N\u00edzk\u00e1 15mm prahov\u00e1 li\u0161ta nab\u00edz\u00ed optim\u00e1ln\u00ed t\u011bsnost. Aluchromov\u00fd vyrovn\u00e1vac\u00ed profil umo\u017e\u0148uje p\u0159estavnost a\u017e 60 mm. Ergonomick\u00e1 madla pro komfortn\u00ed otv\u00edr\u00e1n\u00ed a zav\u00edr\u00e1n\u00ed dve\u0159\u00ed. Elegantn\u00ed chromovan\u00e9 krytky podtrhuj\u00ed celkov\u00fd design. Sprchov\u00fd kout je dod\u00e1v\u00e1n v 1 balen\u00ed. Rohov\u00fd vstup s dvoud\u00edln\u00fdmi posuvn\u00fdmi dve\u0159mi lze kombinovat s bo\u010dn\u00ed st\u011bnou D22F1 (U-mont\u00e1\u017e) &#8211; pro U-mont\u00e1\u017e je nutn\u00e9 objednat rohovou vzp\u011bru D22EV1.10.500 pro zaji\u0161t\u011bn\u00ed stability. Sprchov\u00e9 dve\u0159e lze tak\u00e9 kombinovat s pevnou st\u011bnou D22FF &#8211; pro velkorysou \u0161\u00ed\u0159ku. Jedn\u00e1 se o nerovnostrann\u00e9 proveden\u00ed &#8211; prav\u00fd d\u00edl, pro lev\u00fd d\u00edl objednejte D22SE2BL.                            <\/p><\/div>\n","protected":false},"excerpt":{"rendered":"<p>Detailn\u00ed popis produktu DIVERA od RONAL spl\u0148uje ve\u0161ker\u00e9 po\u017eadavky na modern\u00ed sprchov\u00fd kout. Rohov\u00fd vstup s dvoud\u00edln\u00fdmi posuvn\u00fdmi dve\u0159mi nab\u00edz\u00ed prvot\u0159\u00eddn\u00ed kvalitu, vysokou flexibilitu a promy\u0161lenou funk\u010dnost. 6mm bezpe\u010dnostn\u00ed Screen sklo s antiplakovou \u00fapravou AQUAPERLE pro snadn\u00e9 \u010di\u0161t\u011bn\u00ed. Magnetick\u00e9 t\u011bsn\u011bn\u00ed. Doraz pojezdu dve\u0159\u00ed zabra\u0148uje n\u00e1razu dve\u0159\u00ed na konci otv\u00edr\u00e1n\u00ed. Dvojit\u00e1 pojezdov\u00e1 kole\u010dka pro lehk\u00fd a [&hellip;]<\/p>\n","protected":false},"featured_media":51029,"comment_status":"open","ping_status":"open","template":"","meta":[],"product_brand":[],"product_cat":[165],"product_tag":[],"class_list":{"0":"post-50929","1":"product","2":"type-product","3":"status-publish","4":"has-post-thumbnail","6":"product_cat-koupelny-a-sanitarni-technika","8":"first","9":"instock","10":"sale","11":"shipping-taxable","12":"purchasable","13":"product-type-simple"},"yoast_head":"<!-- This site is optimized with the Yoast SEO plugin v26.8 - https:\/\/yoast.com\/product\/yoast-seo-wordpress\/ -->\n<title>Zna\u010dkov\u00fd RONAL DIVERA Rohov\u00fd vstup s dvoud\u00edln\u00fdmi posuvn\u00fdmi dve\u0159mi - nerovnostrann\u00e9 proveden\u00ed, fixn\u00ed d\u00edl vpravo D22SE2BR1205088 -<\/title>\n<meta name=\"robots\" content=\"index, follow, max-snippet:-1, max-image-preview:large, max-video-preview:-1\" \/>\n<link rel=\"canonical\" href=\"https:\/\/www.koupelnapro.com\/index.php\/produkt\/znackovy-ronal-divera-rohovy-vstup-s-dvoudilnymi-posuvnymi-dvermi-nerovnostranne-provedeni-fixni-dil-vpravo-d22se2br1205088-50929\/\" \/>\n<meta property=\"og:locale\" content=\"cs_CZ\" \/>\n<meta property=\"og:type\" content=\"article\" \/>\n<meta property=\"og:title\" content=\"Zna\u010dkov\u00fd RONAL DIVERA Rohov\u00fd vstup s dvoud\u00edln\u00fdmi posuvn\u00fdmi dve\u0159mi - nerovnostrann\u00e9 proveden\u00ed, fixn\u00ed d\u00edl vpravo D22SE2BR1205088 -\" \/>\n<meta property=\"og:description\" content=\"Detailn\u00ed popis produktu DIVERA od RONAL spl\u0148uje ve\u0161ker\u00e9 po\u017eadavky na modern\u00ed sprchov\u00fd kout. Rohov\u00fd vstup s dvoud\u00edln\u00fdmi posuvn\u00fdmi dve\u0159mi nab\u00edz\u00ed prvot\u0159\u00eddn\u00ed kvalitu, vysokou flexibilitu a promy\u0161lenou funk\u010dnost. 6mm bezpe\u010dnostn\u00ed Screen sklo s antiplakovou \u00fapravou AQUAPERLE pro snadn\u00e9 \u010di\u0161t\u011bn\u00ed. Magnetick\u00e9 t\u011bsn\u011bn\u00ed. Doraz pojezdu dve\u0159\u00ed zabra\u0148uje n\u00e1razu dve\u0159\u00ed na konci otv\u00edr\u00e1n\u00ed. Dvojit\u00e1 pojezdov\u00e1 kole\u010dka pro lehk\u00fd a [&hellip;]\" \/>\n<meta property=\"og:url\" content=\"https:\/\/www.koupelnapro.com\/index.php\/produkt\/znackovy-ronal-divera-rohovy-vstup-s-dvoudilnymi-posuvnymi-dvermi-nerovnostranne-provedeni-fixni-dil-vpravo-d22se2br1205088-50929\/\" \/>\n<meta property=\"og:image\" content=\"https:\/\/www.koupelnapro.com\/wp-content\/uploads\/2026\/SK0003698-CZ20260425-093351-0-1777080837-1282596_ronal-divera-rohovy-vstup-s-dvoudilnymi-posuvnymi-d.webp\" \/>\n\t<meta property=\"og:image:width\" content=\"1000\" \/>\n\t<meta property=\"og:image:height\" content=\"750\" \/>\n\t<meta property=\"og:image:type\" content=\"image\/webp\" \/>\n<meta name=\"twitter:card\" content=\"summary_large_image\" \/>\n<meta name=\"twitter:label1\" content=\"Odhadovan\u00e1 doba \u010dten\u00ed\" \/>\n\t<meta name=\"twitter:data1\" content=\"1 minuta\" \/>\n<script type=\"application\/ld+json\" class=\"yoast-schema-graph\">{\"@context\":\"https:\/\/schema.org\",\"@graph\":[{\"@type\":\"WebPage\",\"@id\":\"https:\/\/www.koupelnapro.com\/index.php\/produkt\/znackovy-ronal-divera-rohovy-vstup-s-dvoudilnymi-posuvnymi-dvermi-nerovnostranne-provedeni-fixni-dil-vpravo-d22se2br1205088-50929\/\",\"url\":\"https:\/\/www.koupelnapro.com\/index.php\/produkt\/znackovy-ronal-divera-rohovy-vstup-s-dvoudilnymi-posuvnymi-dvermi-nerovnostranne-provedeni-fixni-dil-vpravo-d22se2br1205088-50929\/\",\"name\":\"Zna\u010dkov\u00fd RONAL DIVERA Rohov\u00fd vstup s dvoud\u00edln\u00fdmi posuvn\u00fdmi dve\u0159mi - nerovnostrann\u00e9 proveden\u00ed, fixn\u00ed d\u00edl vpravo D22SE2BR1205088 -\",\"isPartOf\":{\"@id\":\"https:\/\/www.koupelnapro.com\/#website\"},\"primaryImageOfPage\":{\"@id\":\"https:\/\/www.koupelnapro.com\/index.php\/produkt\/znackovy-ronal-divera-rohovy-vstup-s-dvoudilnymi-posuvnymi-dvermi-nerovnostranne-provedeni-fixni-dil-vpravo-d22se2br1205088-50929\/#primaryimage\"},\"image\":{\"@id\":\"https:\/\/www.koupelnapro.com\/index.php\/produkt\/znackovy-ronal-divera-rohovy-vstup-s-dvoudilnymi-posuvnymi-dvermi-nerovnostranne-provedeni-fixni-dil-vpravo-d22se2br1205088-50929\/#primaryimage\"},\"thumbnailUrl\":\"https:\/\/www.koupelnapro.com\/wp-content\/uploads\/2026\/SK0003698-CZ20260425-093351-0-1777080837-1282596_ronal-divera-rohovy-vstup-s-dvoudilnymi-posuvnymi-d.webp\",\"datePublished\":\"2026-04-26T09:16:47+00:00\",\"breadcrumb\":{\"@id\":\"https:\/\/www.koupelnapro.com\/index.php\/produkt\/znackovy-ronal-divera-rohovy-vstup-s-dvoudilnymi-posuvnymi-dvermi-nerovnostranne-provedeni-fixni-dil-vpravo-d22se2br1205088-50929\/#breadcrumb\"},\"inLanguage\":\"cs\",\"potentialAction\":[{\"@type\":\"ReadAction\",\"target\":[\"https:\/\/www.koupelnapro.com\/index.php\/produkt\/znackovy-ronal-divera-rohovy-vstup-s-dvoudilnymi-posuvnymi-dvermi-nerovnostranne-provedeni-fixni-dil-vpravo-d22se2br1205088-50929\/\"]}]},{\"@type\":\"ImageObject\",\"inLanguage\":\"cs\",\"@id\":\"https:\/\/www.koupelnapro.com\/index.php\/produkt\/znackovy-ronal-divera-rohovy-vstup-s-dvoudilnymi-posuvnymi-dvermi-nerovnostranne-provedeni-fixni-dil-vpravo-d22se2br1205088-50929\/#primaryimage\",\"url\":\"https:\/\/www.koupelnapro.com\/wp-content\/uploads\/2026\/SK0003698-CZ20260425-093351-0-1777080837-1282596_ronal-divera-rohovy-vstup-s-dvoudilnymi-posuvnymi-d.webp\",\"contentUrl\":\"https:\/\/www.koupelnapro.com\/wp-content\/uploads\/2026\/SK0003698-CZ20260425-093351-0-1777080837-1282596_ronal-divera-rohovy-vstup-s-dvoudilnymi-posuvnymi-d.webp\",\"width\":1000,\"height\":750},{\"@type\":\"BreadcrumbList\",\"@id\":\"https:\/\/www.koupelnapro.com\/index.php\/produkt\/znackovy-ronal-divera-rohovy-vstup-s-dvoudilnymi-posuvnymi-dvermi-nerovnostranne-provedeni-fixni-dil-vpravo-d22se2br1205088-50929\/#breadcrumb\",\"itemListElement\":[{\"@type\":\"ListItem\",\"position\":1,\"name\":\"Home\",\"item\":\"https:\/\/www.koupelnapro.com\/\"},{\"@type\":\"ListItem\",\"position\":2,\"name\":\"Products\",\"item\":\"https:\/\/www.koupelnapro.com\/index.php\/products\/\"},{\"@type\":\"ListItem\",\"position\":3,\"name\":\"Zna\u010dkov\u00fd RONAL DIVERA Rohov\u00fd vstup s dvoud\u00edln\u00fdmi posuvn\u00fdmi dve\u0159mi &#8211; nerovnostrann\u00e9 proveden\u00ed, fixn\u00ed d\u00edl vpravo D22SE2BR1205088\"}]},{\"@type\":\"WebSite\",\"@id\":\"https:\/\/www.koupelnapro.com\/#website\",\"url\":\"https:\/\/www.koupelnapro.com\/\",\"name\":\"\",\"description\":\"\",\"potentialAction\":[{\"@type\":\"SearchAction\",\"target\":{\"@type\":\"EntryPoint\",\"urlTemplate\":\"https:\/\/www.koupelnapro.com\/?s={search_term_string}\"},\"query-input\":{\"@type\":\"PropertyValueSpecification\",\"valueRequired\":true,\"valueName\":\"search_term_string\"}}],\"inLanguage\":\"cs\"}]}<\/script>\n<!-- \/ Yoast SEO plugin. -->","yoast_head_json":{"title":"Zna\u010dkov\u00fd RONAL DIVERA Rohov\u00fd vstup s dvoud\u00edln\u00fdmi posuvn\u00fdmi dve\u0159mi - nerovnostrann\u00e9 proveden\u00ed, fixn\u00ed d\u00edl vpravo D22SE2BR1205088 -","robots":{"index":"index","follow":"follow","max-snippet":"max-snippet:-1","max-image-preview":"max-image-preview:large","max-video-preview":"max-video-preview:-1"},"canonical":"https:\/\/www.koupelnapro.com\/index.php\/produkt\/znackovy-ronal-divera-rohovy-vstup-s-dvoudilnymi-posuvnymi-dvermi-nerovnostranne-provedeni-fixni-dil-vpravo-d22se2br1205088-50929\/","og_locale":"cs_CZ","og_type":"article","og_title":"Zna\u010dkov\u00fd RONAL DIVERA Rohov\u00fd vstup s dvoud\u00edln\u00fdmi posuvn\u00fdmi dve\u0159mi - nerovnostrann\u00e9 proveden\u00ed, fixn\u00ed d\u00edl vpravo D22SE2BR1205088 -","og_description":"Detailn\u00ed popis produktu DIVERA od RONAL spl\u0148uje ve\u0161ker\u00e9 po\u017eadavky na modern\u00ed sprchov\u00fd kout. Rohov\u00fd vstup s dvoud\u00edln\u00fdmi posuvn\u00fdmi dve\u0159mi nab\u00edz\u00ed prvot\u0159\u00eddn\u00ed kvalitu, vysokou flexibilitu a promy\u0161lenou funk\u010dnost. 6mm bezpe\u010dnostn\u00ed Screen sklo s antiplakovou \u00fapravou AQUAPERLE pro snadn\u00e9 \u010di\u0161t\u011bn\u00ed. Magnetick\u00e9 t\u011bsn\u011bn\u00ed. Doraz pojezdu dve\u0159\u00ed zabra\u0148uje n\u00e1razu dve\u0159\u00ed na konci otv\u00edr\u00e1n\u00ed. Dvojit\u00e1 pojezdov\u00e1 kole\u010dka pro lehk\u00fd a [&hellip;]","og_url":"https:\/\/www.koupelnapro.com\/index.php\/produkt\/znackovy-ronal-divera-rohovy-vstup-s-dvoudilnymi-posuvnymi-dvermi-nerovnostranne-provedeni-fixni-dil-vpravo-d22se2br1205088-50929\/","og_image":[{"width":1000,"height":750,"url":"https:\/\/www.koupelnapro.com\/wp-content\/uploads\/2026\/SK0003698-CZ20260425-093351-0-1777080837-1282596_ronal-divera-rohovy-vstup-s-dvoudilnymi-posuvnymi-d.webp","type":"image\/webp"}],"twitter_card":"summary_large_image","twitter_misc":{"Odhadovan\u00e1 doba \u010dten\u00ed":"1 minuta"},"schema":{"@context":"https:\/\/schema.org","@graph":[{"@type":"WebPage","@id":"https:\/\/www.koupelnapro.com\/index.php\/produkt\/znackovy-ronal-divera-rohovy-vstup-s-dvoudilnymi-posuvnymi-dvermi-nerovnostranne-provedeni-fixni-dil-vpravo-d22se2br1205088-50929\/","url":"https:\/\/www.koupelnapro.com\/index.php\/produkt\/znackovy-ronal-divera-rohovy-vstup-s-dvoudilnymi-posuvnymi-dvermi-nerovnostranne-provedeni-fixni-dil-vpravo-d22se2br1205088-50929\/","name":"Zna\u010dkov\u00fd RONAL DIVERA Rohov\u00fd vstup s dvoud\u00edln\u00fdmi posuvn\u00fdmi dve\u0159mi - nerovnostrann\u00e9 proveden\u00ed, fixn\u00ed d\u00edl vpravo D22SE2BR1205088 -","isPartOf":{"@id":"https:\/\/www.koupelnapro.com\/#website"},"primaryImageOfPage":{"@id":"https:\/\/www.koupelnapro.com\/index.php\/produkt\/znackovy-ronal-divera-rohovy-vstup-s-dvoudilnymi-posuvnymi-dvermi-nerovnostranne-provedeni-fixni-dil-vpravo-d22se2br1205088-50929\/#primaryimage"},"image":{"@id":"https:\/\/www.koupelnapro.com\/index.php\/produkt\/znackovy-ronal-divera-rohovy-vstup-s-dvoudilnymi-posuvnymi-dvermi-nerovnostranne-provedeni-fixni-dil-vpravo-d22se2br1205088-50929\/#primaryimage"},"thumbnailUrl":"https:\/\/www.koupelnapro.com\/wp-content\/uploads\/2026\/SK0003698-CZ20260425-093351-0-1777080837-1282596_ronal-divera-rohovy-vstup-s-dvoudilnymi-posuvnymi-d.webp","datePublished":"2026-04-26T09:16:47+00:00","breadcrumb":{"@id":"https:\/\/www.koupelnapro.com\/index.php\/produkt\/znackovy-ronal-divera-rohovy-vstup-s-dvoudilnymi-posuvnymi-dvermi-nerovnostranne-provedeni-fixni-dil-vpravo-d22se2br1205088-50929\/#breadcrumb"},"inLanguage":"cs","potentialAction":[{"@type":"ReadAction","target":["https:\/\/www.koupelnapro.com\/index.php\/produkt\/znackovy-ronal-divera-rohovy-vstup-s-dvoudilnymi-posuvnymi-dvermi-nerovnostranne-provedeni-fixni-dil-vpravo-d22se2br1205088-50929\/"]}]},{"@type":"ImageObject","inLanguage":"cs","@id":"https:\/\/www.koupelnapro.com\/index.php\/produkt\/znackovy-ronal-divera-rohovy-vstup-s-dvoudilnymi-posuvnymi-dvermi-nerovnostranne-provedeni-fixni-dil-vpravo-d22se2br1205088-50929\/#primaryimage","url":"https:\/\/www.koupelnapro.com\/wp-content\/uploads\/2026\/SK0003698-CZ20260425-093351-0-1777080837-1282596_ronal-divera-rohovy-vstup-s-dvoudilnymi-posuvnymi-d.webp","contentUrl":"https:\/\/www.koupelnapro.com\/wp-content\/uploads\/2026\/SK0003698-CZ20260425-093351-0-1777080837-1282596_ronal-divera-rohovy-vstup-s-dvoudilnymi-posuvnymi-d.webp","width":1000,"height":750},{"@type":"BreadcrumbList","@id":"https:\/\/www.koupelnapro.com\/index.php\/produkt\/znackovy-ronal-divera-rohovy-vstup-s-dvoudilnymi-posuvnymi-dvermi-nerovnostranne-provedeni-fixni-dil-vpravo-d22se2br1205088-50929\/#breadcrumb","itemListElement":[{"@type":"ListItem","position":1,"name":"Home","item":"https:\/\/www.koupelnapro.com\/"},{"@type":"ListItem","position":2,"name":"Products","item":"https:\/\/www.koupelnapro.com\/index.php\/products\/"},{"@type":"ListItem","position":3,"name":"Zna\u010dkov\u00fd RONAL DIVERA Rohov\u00fd vstup s dvoud\u00edln\u00fdmi posuvn\u00fdmi dve\u0159mi &#8211; nerovnostrann\u00e9 proveden\u00ed, fixn\u00ed d\u00edl vpravo D22SE2BR1205088"}]},{"@type":"WebSite","@id":"https:\/\/www.koupelnapro.com\/#website","url":"https:\/\/www.koupelnapro.com\/","name":"","description":"","potentialAction":[{"@type":"SearchAction","target":{"@type":"EntryPoint","urlTemplate":"https:\/\/www.koupelnapro.com\/?s={search_term_string}"},"query-input":{"@type":"PropertyValueSpecification","valueRequired":true,"valueName":"search_term_string"}}],"inLanguage":"cs"}]}},"_links":{"self":[{"href":"https:\/\/www.koupelnapro.com\/index.php\/wp-json\/wp\/v2\/product\/50929","targetHints":{"allow":["GET"]}}],"collection":[{"href":"https:\/\/www.koupelnapro.com\/index.php\/wp-json\/wp\/v2\/product"}],"about":[{"href":"https:\/\/www.koupelnapro.com\/index.php\/wp-json\/wp\/v2\/types\/product"}],"replies":[{"embeddable":true,"href":"https:\/\/www.koupelnapro.com\/index.php\/wp-json\/wp\/v2\/comments?post=50929"}],"wp:featuredmedia":[{"embeddable":true,"href":"https:\/\/www.koupelnapro.com\/index.php\/wp-json\/wp\/v2\/media\/51029"}],"wp:attachment":[{"href":"https:\/\/www.koupelnapro.com\/index.php\/wp-json\/wp\/v2\/media?parent=50929"}],"wp:term":[{"taxonomy":"product_brand","embeddable":true,"href":"https:\/\/www.koupelnapro.com\/index.php\/wp-json\/wp\/v2\/product_brand?post=50929"},{"taxonomy":"product_cat","embeddable":true,"href":"https:\/\/www.koupelnapro.com\/index.php\/wp-json\/wp\/v2\/product_cat?post=50929"},{"taxonomy":"product_tag","embeddable":true,"href":"https:\/\/www.koupelnapro.com\/index.php\/wp-json\/wp\/v2\/product_tag?post=50929"}],"curies":[{"name":"wp","href":"https:\/\/api.w.org\/{rel}","templated":true}]}}