{"id":49187,"date":"2026-04-26T09:16:39","date_gmt":"2026-04-26T09:16:39","guid":{"rendered":""},"modified":"2026-04-26T09:16:39","modified_gmt":"2026-04-26T09:16:39","slug":"znackovy-sapho-tailor-rockstone-deska-190x50-cm-provedeni-limce-c-tr190c-49187","status":"publish","type":"product","link":"https:\/\/www.koupelnapro.com\/index.php\/produkt\/znackovy-sapho-tailor-rockstone-deska-190x50-cm-provedeni-limce-c-tr190c-49187\/","title":{"rendered":"Zna\u010dkov\u00fd Sapho TAILOR rockstone deska 190&#215;50 cm, proveden\u00ed l\u00edmce C TR190C"},"content":{"rendered":"<h3>Dopl\u0148kov\u00e9 parametry<\/h3>\n<table class=\"detail-parameters\">\n<tbody>\n<tr>\n<th>        <span class=\"row-header-label\">            Kategorie<span class=\"row-header-label-colon\">:<\/span>        <\/span>    <\/th>\n<td>        D\u00e9lka 181 &#8211; 250 cm    <\/td>\n<\/tr>\n<tr>\n<th>            <span class=\"row-header-label\">                Hmotnost<span class=\"row-header-label-colon\">:<\/span>            <\/span>        <\/th>\n<td>            45.526 kg        <\/td>\n<\/tr>\n<tr class=\"productEan\">\n<th>          <span class=\"row-header-label productEan__label\">              EAN<span class=\"row-header-label-colon\">:<\/span>          <\/span>      <\/th>\n<td>          <span class=\"productEan__value\">8590913849275<\/span>      <\/td>\n<\/tr>\n<tr>\n<th>                <span class=\"row-header-label\">                                            Balen\u00ed<span class=\"row-header-label-colon\">:<\/span>                                    <\/span>            <\/th>\n<td>                                                            1 ks                                                <\/td>\n<\/tr>\n<tr>\n<th>                <span class=\"row-header-label\">                                            Hloubka<span class=\"row-header-label-colon\">:<\/span>                                    <\/span>            <\/th>\n<td>                                                            500 mm                                                <\/td>\n<\/tr>\n<tr>\n<th>                <span class=\"row-header-label\">                                            Hmotnost<span class=\"row-header-label-colon\">:<\/span>                                    <\/span>            <\/th>\n<td>                                                            45.526 kg                                                <\/td>\n<\/tr>\n<tr>\n<th>                <span class=\"row-header-label\">                                            Jin\u00e9 barevn\u00e9 proveden\u00ed<span class=\"row-header-label-colon\">:<\/span>                                    <\/span>            <\/th>\n<td>                                                            Dle vzorn\u00edku                                                <\/td>\n<\/tr>\n<tr>\n<th>                <span class=\"row-header-label\">                                            Materi\u00e1l<span class=\"row-header-label-colon\">:<\/span>                                    <\/span>            <\/th>\n<td>                                                            Solid Surface                                                <\/td>\n<\/tr>\n<tr>\n<th>                <span class=\"row-header-label\">                                            Rozm\u011br<span class=\"row-header-label-colon\">:<\/span>                                    <\/span>            <\/th>\n<td>                                                            190&#215;50 cm                                                <\/td>\n<\/tr>\n<tr>\n<th>                <span class=\"row-header-label\">                                            S\u00e9rie<span class=\"row-header-label-colon\">:<\/span>                                    <\/span>            <\/th>\n<td>                                                            TAILOR desky                                                <\/td>\n<\/tr>\n<tr>\n<th>                <span class=\"row-header-label\">                                            \u0160\u00ed\u0159ka<span class=\"row-header-label-colon\">:<\/span>                                    <\/span>            <\/th>\n<td>                                                            1900 mm                                                <\/td>\n<\/tr>\n<tr>\n<th>                <span class=\"row-header-label\">                                            Typ l\u00edmce<span class=\"row-header-label-colon\">:<\/span>                                    <\/span>            <\/th>\n<td>                                                            Proveden\u00ed l\u00edmce C                                                <\/td>\n<\/tr>\n<tr>\n<th>                <span class=\"row-header-label\">                                            Typ sk\u0159\u00ed\u0148ky<span class=\"row-header-label-colon\">:<\/span>                                    <\/span>            <\/th>\n<td>                                                            Deska                                                <\/td>\n<\/tr>\n<tr>\n<th>                <span class=\"row-header-label\">                                            Typ umyvadla<span class=\"row-header-label-colon\">:<\/span>                                    <\/span>            <\/th>\n<td>                                                            Umyvadlo na desku                                                <\/td>\n<\/tr>\n<tr>\n<th>                <span class=\"row-header-label\">                                            V\u00fd\u0161ka<span class=\"row-header-label-colon\">:<\/span>                                    <\/span>            <\/th>\n<td>                                                            110 mm                                                <\/td>\n<\/tr>\n<tr>\n<th>                <span class=\"row-header-label\">                                            Z\u00e1ru\u010dn\u00ed doba<span class=\"row-header-label-colon\">:<\/span>                                    <\/span>            <\/th>\n<td>                                                            2 roky                                                <\/td>\n<\/tr>\n<tr>\n<th>                <span class=\"row-header-label\">                                            Instalace<span class=\"row-header-label-colon\">:<\/span>                                    <\/span>            <\/th>\n<td>                                                            Z\u00e1v\u011bsn\u00e9 na st\u011bnu                                                <\/td>\n<\/tr>\n<tr>\n<th>                <span class=\"row-header-label\">                                            Balen\u00ed &#8211; hmotnost<span class=\"row-header-label-colon\">:<\/span>                                    <\/span>            <\/th>\n<td>                                                            45.526 kg                                                <\/td>\n<\/tr>\n<tr>\n<th>                <span class=\"row-header-label\">                                            Balen\u00ed &#8211; \u0161\u00ed\u0159ka<span class=\"row-header-label-colon\">:<\/span>                                    <\/span>            <\/th>\n<td>                                                            1925 mm                                                <\/td>\n<\/tr>\n<tr>\n<th>                <span class=\"row-header-label\">                                            Balen\u00ed &#8211; tlou\u0161\u0165ka<span class=\"row-header-label-colon\">:<\/span>                                    <\/span>            <\/th>\n<td>                                                            525 mm                                                <\/td>\n<\/tr>\n<tr>\n<th>                <span class=\"row-header-label\">                                            Balen\u00ed &#8211; v\u00fd\u0161ka<span class=\"row-header-label-colon\">:<\/span>                                    <\/span>            <\/th>\n<td>                                                            160 mm                                                <\/td>\n<\/tr>\n<\/tbody>\n<\/table><\/div>\n<\/p><\/div>\n<\/p><\/div>\n","protected":false},"excerpt":{"rendered":"<p>Dopl\u0148kov\u00e9 parametry Kategorie: D\u00e9lka 181 &#8211; 250 cm Hmotnost: 45.526 kg EAN: 8590913849275 Balen\u00ed: 1 ks Hloubka: 500 mm Hmotnost: 45.526 kg Jin\u00e9 barevn\u00e9 proveden\u00ed: Dle vzorn\u00edku Materi\u00e1l: Solid Surface Rozm\u011br: 190&#215;50 cm S\u00e9rie: TAILOR desky \u0160\u00ed\u0159ka: 1900 mm Typ l\u00edmce: Proveden\u00ed l\u00edmce C Typ sk\u0159\u00ed\u0148ky: Deska Typ umyvadla: Umyvadlo na desku V\u00fd\u0161ka: 110 mm [&hellip;]<\/p>\n","protected":false},"featured_media":49287,"comment_status":"open","ping_status":"open","template":"","meta":[],"product_brand":[],"product_cat":[145],"product_tag":[],"class_list":{"0":"post-49187","1":"product","2":"type-product","3":"status-publish","4":"has-post-thumbnail","6":"product_cat-koupelny","8":"first","9":"instock","10":"sale","11":"shipping-taxable","12":"purchasable","13":"product-type-simple"},"yoast_head":"<!-- This site is optimized with the Yoast SEO plugin v26.8 - https:\/\/yoast.com\/product\/yoast-seo-wordpress\/ -->\n<title>Zna\u010dkov\u00fd Sapho TAILOR rockstone deska 190x50 cm, proveden\u00ed l\u00edmce C TR190C -<\/title>\n<meta name=\"robots\" content=\"index, follow, max-snippet:-1, max-image-preview:large, max-video-preview:-1\" \/>\n<link rel=\"canonical\" href=\"https:\/\/www.koupelnapro.com\/index.php\/produkt\/znackovy-sapho-tailor-rockstone-deska-190x50-cm-provedeni-limce-c-tr190c-49187\/\" \/>\n<meta property=\"og:locale\" content=\"cs_CZ\" \/>\n<meta property=\"og:type\" content=\"article\" \/>\n<meta property=\"og:title\" content=\"Zna\u010dkov\u00fd Sapho TAILOR rockstone deska 190x50 cm, proveden\u00ed l\u00edmce C TR190C -\" \/>\n<meta property=\"og:description\" content=\"Dopl\u0148kov\u00e9 parametry Kategorie: D\u00e9lka 181 &#8211; 250 cm Hmotnost: 45.526 kg EAN: 8590913849275 Balen\u00ed: 1 ks Hloubka: 500 mm Hmotnost: 45.526 kg Jin\u00e9 barevn\u00e9 proveden\u00ed: Dle vzorn\u00edku Materi\u00e1l: Solid Surface Rozm\u011br: 190&#215;50 cm S\u00e9rie: TAILOR desky \u0160\u00ed\u0159ka: 1900 mm Typ l\u00edmce: Proveden\u00ed l\u00edmce C Typ sk\u0159\u00ed\u0148ky: Deska Typ umyvadla: Umyvadlo na desku V\u00fd\u0161ka: 110 mm [&hellip;]\" \/>\n<meta property=\"og:url\" content=\"https:\/\/www.koupelnapro.com\/index.php\/produkt\/znackovy-sapho-tailor-rockstone-deska-190x50-cm-provedeni-limce-c-tr190c-49187\/\" \/>\n<meta property=\"og:image\" content=\"https:\/\/www.koupelnapro.com\/wp-content\/uploads\/2026\/SK0003603-CZ20260425-093136-0-1777080698-44970-2_tr190c-137417478689169.webp\" \/>\n\t<meta property=\"og:image:width\" content=\"1000\" \/>\n\t<meta property=\"og:image:height\" content=\"750\" \/>\n\t<meta property=\"og:image:type\" content=\"image\/webp\" \/>\n<meta name=\"twitter:card\" content=\"summary_large_image\" \/>\n<script type=\"application\/ld+json\" class=\"yoast-schema-graph\">{\"@context\":\"https:\/\/schema.org\",\"@graph\":[{\"@type\":\"WebPage\",\"@id\":\"https:\/\/www.koupelnapro.com\/index.php\/produkt\/znackovy-sapho-tailor-rockstone-deska-190x50-cm-provedeni-limce-c-tr190c-49187\/\",\"url\":\"https:\/\/www.koupelnapro.com\/index.php\/produkt\/znackovy-sapho-tailor-rockstone-deska-190x50-cm-provedeni-limce-c-tr190c-49187\/\",\"name\":\"Zna\u010dkov\u00fd Sapho TAILOR rockstone deska 190x50 cm, proveden\u00ed l\u00edmce C TR190C -\",\"isPartOf\":{\"@id\":\"https:\/\/www.koupelnapro.com\/#website\"},\"primaryImageOfPage\":{\"@id\":\"https:\/\/www.koupelnapro.com\/index.php\/produkt\/znackovy-sapho-tailor-rockstone-deska-190x50-cm-provedeni-limce-c-tr190c-49187\/#primaryimage\"},\"image\":{\"@id\":\"https:\/\/www.koupelnapro.com\/index.php\/produkt\/znackovy-sapho-tailor-rockstone-deska-190x50-cm-provedeni-limce-c-tr190c-49187\/#primaryimage\"},\"thumbnailUrl\":\"https:\/\/www.koupelnapro.com\/wp-content\/uploads\/2026\/SK0003603-CZ20260425-093136-0-1777080698-44970-2_tr190c-137417478689169.webp\",\"datePublished\":\"2026-04-26T09:16:39+00:00\",\"breadcrumb\":{\"@id\":\"https:\/\/www.koupelnapro.com\/index.php\/produkt\/znackovy-sapho-tailor-rockstone-deska-190x50-cm-provedeni-limce-c-tr190c-49187\/#breadcrumb\"},\"inLanguage\":\"cs\",\"potentialAction\":[{\"@type\":\"ReadAction\",\"target\":[\"https:\/\/www.koupelnapro.com\/index.php\/produkt\/znackovy-sapho-tailor-rockstone-deska-190x50-cm-provedeni-limce-c-tr190c-49187\/\"]}]},{\"@type\":\"ImageObject\",\"inLanguage\":\"cs\",\"@id\":\"https:\/\/www.koupelnapro.com\/index.php\/produkt\/znackovy-sapho-tailor-rockstone-deska-190x50-cm-provedeni-limce-c-tr190c-49187\/#primaryimage\",\"url\":\"https:\/\/www.koupelnapro.com\/wp-content\/uploads\/2026\/SK0003603-CZ20260425-093136-0-1777080698-44970-2_tr190c-137417478689169.webp\",\"contentUrl\":\"https:\/\/www.koupelnapro.com\/wp-content\/uploads\/2026\/SK0003603-CZ20260425-093136-0-1777080698-44970-2_tr190c-137417478689169.webp\",\"width\":1000,\"height\":750},{\"@type\":\"BreadcrumbList\",\"@id\":\"https:\/\/www.koupelnapro.com\/index.php\/produkt\/znackovy-sapho-tailor-rockstone-deska-190x50-cm-provedeni-limce-c-tr190c-49187\/#breadcrumb\",\"itemListElement\":[{\"@type\":\"ListItem\",\"position\":1,\"name\":\"Home\",\"item\":\"https:\/\/www.koupelnapro.com\/\"},{\"@type\":\"ListItem\",\"position\":2,\"name\":\"Products\",\"item\":\"https:\/\/www.koupelnapro.com\/index.php\/products\/\"},{\"@type\":\"ListItem\",\"position\":3,\"name\":\"Zna\u010dkov\u00fd Sapho TAILOR rockstone deska 190&#215;50 cm, proveden\u00ed l\u00edmce C TR190C\"}]},{\"@type\":\"WebSite\",\"@id\":\"https:\/\/www.koupelnapro.com\/#website\",\"url\":\"https:\/\/www.koupelnapro.com\/\",\"name\":\"\",\"description\":\"\",\"potentialAction\":[{\"@type\":\"SearchAction\",\"target\":{\"@type\":\"EntryPoint\",\"urlTemplate\":\"https:\/\/www.koupelnapro.com\/?s={search_term_string}\"},\"query-input\":{\"@type\":\"PropertyValueSpecification\",\"valueRequired\":true,\"valueName\":\"search_term_string\"}}],\"inLanguage\":\"cs\"}]}<\/script>\n<!-- \/ Yoast SEO plugin. -->","yoast_head_json":{"title":"Zna\u010dkov\u00fd Sapho TAILOR rockstone deska 190x50 cm, proveden\u00ed l\u00edmce C TR190C -","robots":{"index":"index","follow":"follow","max-snippet":"max-snippet:-1","max-image-preview":"max-image-preview:large","max-video-preview":"max-video-preview:-1"},"canonical":"https:\/\/www.koupelnapro.com\/index.php\/produkt\/znackovy-sapho-tailor-rockstone-deska-190x50-cm-provedeni-limce-c-tr190c-49187\/","og_locale":"cs_CZ","og_type":"article","og_title":"Zna\u010dkov\u00fd Sapho TAILOR rockstone deska 190x50 cm, proveden\u00ed l\u00edmce C TR190C -","og_description":"Dopl\u0148kov\u00e9 parametry Kategorie: D\u00e9lka 181 &#8211; 250 cm Hmotnost: 45.526 kg EAN: 8590913849275 Balen\u00ed: 1 ks Hloubka: 500 mm Hmotnost: 45.526 kg Jin\u00e9 barevn\u00e9 proveden\u00ed: Dle vzorn\u00edku Materi\u00e1l: Solid Surface Rozm\u011br: 190&#215;50 cm S\u00e9rie: TAILOR desky \u0160\u00ed\u0159ka: 1900 mm Typ l\u00edmce: Proveden\u00ed l\u00edmce C Typ sk\u0159\u00ed\u0148ky: Deska Typ umyvadla: Umyvadlo na desku V\u00fd\u0161ka: 110 mm [&hellip;]","og_url":"https:\/\/www.koupelnapro.com\/index.php\/produkt\/znackovy-sapho-tailor-rockstone-deska-190x50-cm-provedeni-limce-c-tr190c-49187\/","og_image":[{"width":1000,"height":750,"url":"https:\/\/www.koupelnapro.com\/wp-content\/uploads\/2026\/SK0003603-CZ20260425-093136-0-1777080698-44970-2_tr190c-137417478689169.webp","type":"image\/webp"}],"twitter_card":"summary_large_image","schema":{"@context":"https:\/\/schema.org","@graph":[{"@type":"WebPage","@id":"https:\/\/www.koupelnapro.com\/index.php\/produkt\/znackovy-sapho-tailor-rockstone-deska-190x50-cm-provedeni-limce-c-tr190c-49187\/","url":"https:\/\/www.koupelnapro.com\/index.php\/produkt\/znackovy-sapho-tailor-rockstone-deska-190x50-cm-provedeni-limce-c-tr190c-49187\/","name":"Zna\u010dkov\u00fd Sapho TAILOR rockstone deska 190x50 cm, proveden\u00ed l\u00edmce C TR190C -","isPartOf":{"@id":"https:\/\/www.koupelnapro.com\/#website"},"primaryImageOfPage":{"@id":"https:\/\/www.koupelnapro.com\/index.php\/produkt\/znackovy-sapho-tailor-rockstone-deska-190x50-cm-provedeni-limce-c-tr190c-49187\/#primaryimage"},"image":{"@id":"https:\/\/www.koupelnapro.com\/index.php\/produkt\/znackovy-sapho-tailor-rockstone-deska-190x50-cm-provedeni-limce-c-tr190c-49187\/#primaryimage"},"thumbnailUrl":"https:\/\/www.koupelnapro.com\/wp-content\/uploads\/2026\/SK0003603-CZ20260425-093136-0-1777080698-44970-2_tr190c-137417478689169.webp","datePublished":"2026-04-26T09:16:39+00:00","breadcrumb":{"@id":"https:\/\/www.koupelnapro.com\/index.php\/produkt\/znackovy-sapho-tailor-rockstone-deska-190x50-cm-provedeni-limce-c-tr190c-49187\/#breadcrumb"},"inLanguage":"cs","potentialAction":[{"@type":"ReadAction","target":["https:\/\/www.koupelnapro.com\/index.php\/produkt\/znackovy-sapho-tailor-rockstone-deska-190x50-cm-provedeni-limce-c-tr190c-49187\/"]}]},{"@type":"ImageObject","inLanguage":"cs","@id":"https:\/\/www.koupelnapro.com\/index.php\/produkt\/znackovy-sapho-tailor-rockstone-deska-190x50-cm-provedeni-limce-c-tr190c-49187\/#primaryimage","url":"https:\/\/www.koupelnapro.com\/wp-content\/uploads\/2026\/SK0003603-CZ20260425-093136-0-1777080698-44970-2_tr190c-137417478689169.webp","contentUrl":"https:\/\/www.koupelnapro.com\/wp-content\/uploads\/2026\/SK0003603-CZ20260425-093136-0-1777080698-44970-2_tr190c-137417478689169.webp","width":1000,"height":750},{"@type":"BreadcrumbList","@id":"https:\/\/www.koupelnapro.com\/index.php\/produkt\/znackovy-sapho-tailor-rockstone-deska-190x50-cm-provedeni-limce-c-tr190c-49187\/#breadcrumb","itemListElement":[{"@type":"ListItem","position":1,"name":"Home","item":"https:\/\/www.koupelnapro.com\/"},{"@type":"ListItem","position":2,"name":"Products","item":"https:\/\/www.koupelnapro.com\/index.php\/products\/"},{"@type":"ListItem","position":3,"name":"Zna\u010dkov\u00fd Sapho TAILOR rockstone deska 190&#215;50 cm, proveden\u00ed l\u00edmce C TR190C"}]},{"@type":"WebSite","@id":"https:\/\/www.koupelnapro.com\/#website","url":"https:\/\/www.koupelnapro.com\/","name":"","description":"","potentialAction":[{"@type":"SearchAction","target":{"@type":"EntryPoint","urlTemplate":"https:\/\/www.koupelnapro.com\/?s={search_term_string}"},"query-input":{"@type":"PropertyValueSpecification","valueRequired":true,"valueName":"search_term_string"}}],"inLanguage":"cs"}]}},"_links":{"self":[{"href":"https:\/\/www.koupelnapro.com\/index.php\/wp-json\/wp\/v2\/product\/49187","targetHints":{"allow":["GET"]}}],"collection":[{"href":"https:\/\/www.koupelnapro.com\/index.php\/wp-json\/wp\/v2\/product"}],"about":[{"href":"https:\/\/www.koupelnapro.com\/index.php\/wp-json\/wp\/v2\/types\/product"}],"replies":[{"embeddable":true,"href":"https:\/\/www.koupelnapro.com\/index.php\/wp-json\/wp\/v2\/comments?post=49187"}],"wp:featuredmedia":[{"embeddable":true,"href":"https:\/\/www.koupelnapro.com\/index.php\/wp-json\/wp\/v2\/media\/49287"}],"wp:attachment":[{"href":"https:\/\/www.koupelnapro.com\/index.php\/wp-json\/wp\/v2\/media?parent=49187"}],"wp:term":[{"taxonomy":"product_brand","embeddable":true,"href":"https:\/\/www.koupelnapro.com\/index.php\/wp-json\/wp\/v2\/product_brand?post=49187"},{"taxonomy":"product_cat","embeddable":true,"href":"https:\/\/www.koupelnapro.com\/index.php\/wp-json\/wp\/v2\/product_cat?post=49187"},{"taxonomy":"product_tag","embeddable":true,"href":"https:\/\/www.koupelnapro.com\/index.php\/wp-json\/wp\/v2\/product_tag?post=49187"}],"curies":[{"name":"wp","href":"https:\/\/api.w.org\/{rel}","templated":true}]}}