{"id":47390,"date":"2026-04-26T09:16:31","date_gmt":"2026-04-26T09:16:31","guid":{"rendered":""},"modified":"2026-04-26T09:16:31","modified_gmt":"2026-04-26T09:16:31","slug":"17079-kle-scaron-t-283-siko-250mm-automatick-eacute-0-50mm-festa-akcni-cena-47390","status":"publish","type":"product","link":"https:\/\/www.koupelnapro.com\/index.php\/produkt\/17079-kle-scaron-t-283-siko-250mm-automatick-eacute-0-50mm-festa-akcni-cena-47390\/","title":{"rendered":"17079 | kle&scaron;t&#283; SIKO 250mm automatick&eacute; | 0-50mm | FESTA Ak\u010dn\u00ed Cena"},"content":{"rendered":"<p><!-- More info -->\t\t\t\t\t<\/p>\n<section id=\"idTab1\" class=\"page-product-box tab-pane active\" role=\"tabpanel\" aria-labelledby=\"idTab1\">\t\t\t\t\t\t<!-- full description -->\t\t\t\t\t\t<\/p>\n<div class=\"rte\">Profesion\u00e1ln\u00ed posuvn\u00e9 SIKO kle\u0161t\u011b velmi vysok\u00e9 kvality, materi\u00e1l CrV, jejich\u017e p\u0159ednost\u00ed je automatick\u00e9 nastaven\u00ed pru\u017einou v po\u017eadovan\u00e9 poloze p\u0159i dosa\u017een\u00ed pot\u0159ebn\u00e9 rozte\u010de p\u0159i stisku utahovan\u00e9ho materi\u00e1lu. Jednoduch\u00e1 manipulace bez slo\u017eit\u00e9ho vyhled\u00e1v\u00e1n\u00ed pot\u0159ebn\u00e9 \u0161\u00ed\u0159ky \u010delist\u00ed jako u klasick\u00fdch posuvn\u00fdch kle\u0161t\u00ed. Pogumovan\u00e1 rukoje\u0165. D\u00e9lka 250 mm.<\/div>\n<\/section>\n<p>\t\t\t\t\t<!--end  More info -->\t\t\t\t\t\t\t\t\t\t\t\t\t\t\t\t\t\t\t\t\t\t\t\t\t\t\t\t\t\t\t<\/div>\n<\/p><\/div>\n<p><!--QTR Accessories --><\/p>\n","protected":false},"excerpt":{"rendered":"<p>Profesion\u00e1ln\u00ed posuvn\u00e9 SIKO kle\u0161t\u011b velmi vysok\u00e9 kvality, materi\u00e1l CrV, jejich\u017e p\u0159ednost\u00ed je automatick\u00e9 nastaven\u00ed pru\u017einou v po\u017eadovan\u00e9 poloze p\u0159i dosa\u017een\u00ed pot\u0159ebn\u00e9 rozte\u010de p\u0159i stisku utahovan\u00e9ho materi\u00e1lu. Jednoduch\u00e1 manipulace bez slo\u017eit\u00e9ho vyhled\u00e1v\u00e1n\u00ed pot\u0159ebn\u00e9 \u0161\u00ed\u0159ky \u010delist\u00ed jako u klasick\u00fdch posuvn\u00fdch kle\u0161t\u00ed. Pogumovan\u00e1 rukoje\u0165. D\u00e9lka 250 mm.<\/p>\n","protected":false},"featured_media":47490,"comment_status":"open","ping_status":"open","template":"","meta":[],"product_brand":[],"product_cat":[153],"product_tag":[],"class_list":{"0":"post-47390","1":"product","2":"type-product","3":"status-publish","4":"has-post-thumbnail","6":"product_cat-n-aacute-rad-iacute","8":"first","9":"instock","10":"sale","11":"shipping-taxable","12":"purchasable","13":"product-type-simple"},"yoast_head":"<!-- This site is optimized with the Yoast SEO plugin v26.8 - https:\/\/yoast.com\/product\/yoast-seo-wordpress\/ -->\n<title>17079 | kle&scaron;t&#283; SIKO 250mm automatick&eacute; | 0-50mm | FESTA Ak\u010dn\u00ed Cena -<\/title>\n<meta name=\"robots\" content=\"index, follow, max-snippet:-1, max-image-preview:large, max-video-preview:-1\" \/>\n<link rel=\"canonical\" href=\"https:\/\/www.koupelnapro.com\/index.php\/produkt\/17079-kle-scaron-t-283-siko-250mm-automatick-eacute-0-50mm-festa-akcni-cena-47390\/\" \/>\n<meta property=\"og:locale\" content=\"cs_CZ\" \/>\n<meta property=\"og:type\" content=\"article\" \/>\n<meta property=\"og:title\" content=\"17079 | kle&scaron;t&#283; SIKO 250mm automatick&eacute; | 0-50mm | FESTA Ak\u010dn\u00ed Cena -\" \/>\n<meta property=\"og:description\" content=\"Profesion\u00e1ln\u00ed posuvn\u00e9 SIKO kle\u0161t\u011b velmi vysok\u00e9 kvality, materi\u00e1l CrV, jejich\u017e p\u0159ednost\u00ed je automatick\u00e9 nastaven\u00ed pru\u017einou v po\u017eadovan\u00e9 poloze p\u0159i dosa\u017een\u00ed pot\u0159ebn\u00e9 rozte\u010de p\u0159i stisku utahovan\u00e9ho materi\u00e1lu. Jednoduch\u00e1 manipulace bez slo\u017eit\u00e9ho vyhled\u00e1v\u00e1n\u00ed pot\u0159ebn\u00e9 \u0161\u00ed\u0159ky \u010delist\u00ed jako u klasick\u00fdch posuvn\u00fdch kle\u0161t\u00ed. Pogumovan\u00e1 rukoje\u0165. D\u00e9lka 250 mm.\" \/>\n<meta property=\"og:url\" content=\"https:\/\/www.koupelnapro.com\/index.php\/produkt\/17079-kle-scaron-t-283-siko-250mm-automatick-eacute-0-50mm-festa-akcni-cena-47390\/\" \/>\n<meta property=\"og:image\" content=\"https:\/\/www.koupelnapro.com\/wp-content\/uploads\/2026\/SK0003896-CZ20260425-093107-0-1777080667-66697-large_default.webp\" \/>\n\t<meta property=\"og:image:width\" content=\"470\" \/>\n\t<meta property=\"og:image:height\" content=\"470\" \/>\n\t<meta property=\"og:image:type\" content=\"image\/webp\" \/>\n<meta name=\"twitter:card\" content=\"summary_large_image\" \/>\n<script type=\"application\/ld+json\" class=\"yoast-schema-graph\">{\"@context\":\"https:\/\/schema.org\",\"@graph\":[{\"@type\":\"WebPage\",\"@id\":\"https:\/\/www.koupelnapro.com\/index.php\/produkt\/17079-kle-scaron-t-283-siko-250mm-automatick-eacute-0-50mm-festa-akcni-cena-47390\/\",\"url\":\"https:\/\/www.koupelnapro.com\/index.php\/produkt\/17079-kle-scaron-t-283-siko-250mm-automatick-eacute-0-50mm-festa-akcni-cena-47390\/\",\"name\":\"17079 | kle&scaron;t&#283; SIKO 250mm automatick&eacute; | 0-50mm | FESTA Ak\u010dn\u00ed Cena -\",\"isPartOf\":{\"@id\":\"https:\/\/www.koupelnapro.com\/#website\"},\"primaryImageOfPage\":{\"@id\":\"https:\/\/www.koupelnapro.com\/index.php\/produkt\/17079-kle-scaron-t-283-siko-250mm-automatick-eacute-0-50mm-festa-akcni-cena-47390\/#primaryimage\"},\"image\":{\"@id\":\"https:\/\/www.koupelnapro.com\/index.php\/produkt\/17079-kle-scaron-t-283-siko-250mm-automatick-eacute-0-50mm-festa-akcni-cena-47390\/#primaryimage\"},\"thumbnailUrl\":\"https:\/\/www.koupelnapro.com\/wp-content\/uploads\/2026\/SK0003896-CZ20260425-093107-0-1777080667-66697-large_default.webp\",\"datePublished\":\"2026-04-26T09:16:31+00:00\",\"breadcrumb\":{\"@id\":\"https:\/\/www.koupelnapro.com\/index.php\/produkt\/17079-kle-scaron-t-283-siko-250mm-automatick-eacute-0-50mm-festa-akcni-cena-47390\/#breadcrumb\"},\"inLanguage\":\"cs\",\"potentialAction\":[{\"@type\":\"ReadAction\",\"target\":[\"https:\/\/www.koupelnapro.com\/index.php\/produkt\/17079-kle-scaron-t-283-siko-250mm-automatick-eacute-0-50mm-festa-akcni-cena-47390\/\"]}]},{\"@type\":\"ImageObject\",\"inLanguage\":\"cs\",\"@id\":\"https:\/\/www.koupelnapro.com\/index.php\/produkt\/17079-kle-scaron-t-283-siko-250mm-automatick-eacute-0-50mm-festa-akcni-cena-47390\/#primaryimage\",\"url\":\"https:\/\/www.koupelnapro.com\/wp-content\/uploads\/2026\/SK0003896-CZ20260425-093107-0-1777080667-66697-large_default.webp\",\"contentUrl\":\"https:\/\/www.koupelnapro.com\/wp-content\/uploads\/2026\/SK0003896-CZ20260425-093107-0-1777080667-66697-large_default.webp\",\"width\":470,\"height\":470},{\"@type\":\"BreadcrumbList\",\"@id\":\"https:\/\/www.koupelnapro.com\/index.php\/produkt\/17079-kle-scaron-t-283-siko-250mm-automatick-eacute-0-50mm-festa-akcni-cena-47390\/#breadcrumb\",\"itemListElement\":[{\"@type\":\"ListItem\",\"position\":1,\"name\":\"Home\",\"item\":\"https:\/\/www.koupelnapro.com\/\"},{\"@type\":\"ListItem\",\"position\":2,\"name\":\"Products\",\"item\":\"https:\/\/www.koupelnapro.com\/index.php\/products\/\"},{\"@type\":\"ListItem\",\"position\":3,\"name\":\"17079 | kle&scaron;t&#283; SIKO 250mm automatick&eacute; | 0-50mm | FESTA Ak\u010dn\u00ed Cena\"}]},{\"@type\":\"WebSite\",\"@id\":\"https:\/\/www.koupelnapro.com\/#website\",\"url\":\"https:\/\/www.koupelnapro.com\/\",\"name\":\"\",\"description\":\"\",\"potentialAction\":[{\"@type\":\"SearchAction\",\"target\":{\"@type\":\"EntryPoint\",\"urlTemplate\":\"https:\/\/www.koupelnapro.com\/?s={search_term_string}\"},\"query-input\":{\"@type\":\"PropertyValueSpecification\",\"valueRequired\":true,\"valueName\":\"search_term_string\"}}],\"inLanguage\":\"cs\"}]}<\/script>\n<!-- \/ Yoast SEO plugin. -->","yoast_head_json":{"title":"17079 | kle&scaron;t&#283; SIKO 250mm automatick&eacute; | 0-50mm | FESTA Ak\u010dn\u00ed Cena -","robots":{"index":"index","follow":"follow","max-snippet":"max-snippet:-1","max-image-preview":"max-image-preview:large","max-video-preview":"max-video-preview:-1"},"canonical":"https:\/\/www.koupelnapro.com\/index.php\/produkt\/17079-kle-scaron-t-283-siko-250mm-automatick-eacute-0-50mm-festa-akcni-cena-47390\/","og_locale":"cs_CZ","og_type":"article","og_title":"17079 | kle&scaron;t&#283; SIKO 250mm automatick&eacute; | 0-50mm | FESTA Ak\u010dn\u00ed Cena -","og_description":"Profesion\u00e1ln\u00ed posuvn\u00e9 SIKO kle\u0161t\u011b velmi vysok\u00e9 kvality, materi\u00e1l CrV, jejich\u017e p\u0159ednost\u00ed je automatick\u00e9 nastaven\u00ed pru\u017einou v po\u017eadovan\u00e9 poloze p\u0159i dosa\u017een\u00ed pot\u0159ebn\u00e9 rozte\u010de p\u0159i stisku utahovan\u00e9ho materi\u00e1lu. Jednoduch\u00e1 manipulace bez slo\u017eit\u00e9ho vyhled\u00e1v\u00e1n\u00ed pot\u0159ebn\u00e9 \u0161\u00ed\u0159ky \u010delist\u00ed jako u klasick\u00fdch posuvn\u00fdch kle\u0161t\u00ed. Pogumovan\u00e1 rukoje\u0165. D\u00e9lka 250 mm.","og_url":"https:\/\/www.koupelnapro.com\/index.php\/produkt\/17079-kle-scaron-t-283-siko-250mm-automatick-eacute-0-50mm-festa-akcni-cena-47390\/","og_image":[{"width":470,"height":470,"url":"https:\/\/www.koupelnapro.com\/wp-content\/uploads\/2026\/SK0003896-CZ20260425-093107-0-1777080667-66697-large_default.webp","type":"image\/webp"}],"twitter_card":"summary_large_image","schema":{"@context":"https:\/\/schema.org","@graph":[{"@type":"WebPage","@id":"https:\/\/www.koupelnapro.com\/index.php\/produkt\/17079-kle-scaron-t-283-siko-250mm-automatick-eacute-0-50mm-festa-akcni-cena-47390\/","url":"https:\/\/www.koupelnapro.com\/index.php\/produkt\/17079-kle-scaron-t-283-siko-250mm-automatick-eacute-0-50mm-festa-akcni-cena-47390\/","name":"17079 | kle&scaron;t&#283; SIKO 250mm automatick&eacute; | 0-50mm | FESTA Ak\u010dn\u00ed Cena -","isPartOf":{"@id":"https:\/\/www.koupelnapro.com\/#website"},"primaryImageOfPage":{"@id":"https:\/\/www.koupelnapro.com\/index.php\/produkt\/17079-kle-scaron-t-283-siko-250mm-automatick-eacute-0-50mm-festa-akcni-cena-47390\/#primaryimage"},"image":{"@id":"https:\/\/www.koupelnapro.com\/index.php\/produkt\/17079-kle-scaron-t-283-siko-250mm-automatick-eacute-0-50mm-festa-akcni-cena-47390\/#primaryimage"},"thumbnailUrl":"https:\/\/www.koupelnapro.com\/wp-content\/uploads\/2026\/SK0003896-CZ20260425-093107-0-1777080667-66697-large_default.webp","datePublished":"2026-04-26T09:16:31+00:00","breadcrumb":{"@id":"https:\/\/www.koupelnapro.com\/index.php\/produkt\/17079-kle-scaron-t-283-siko-250mm-automatick-eacute-0-50mm-festa-akcni-cena-47390\/#breadcrumb"},"inLanguage":"cs","potentialAction":[{"@type":"ReadAction","target":["https:\/\/www.koupelnapro.com\/index.php\/produkt\/17079-kle-scaron-t-283-siko-250mm-automatick-eacute-0-50mm-festa-akcni-cena-47390\/"]}]},{"@type":"ImageObject","inLanguage":"cs","@id":"https:\/\/www.koupelnapro.com\/index.php\/produkt\/17079-kle-scaron-t-283-siko-250mm-automatick-eacute-0-50mm-festa-akcni-cena-47390\/#primaryimage","url":"https:\/\/www.koupelnapro.com\/wp-content\/uploads\/2026\/SK0003896-CZ20260425-093107-0-1777080667-66697-large_default.webp","contentUrl":"https:\/\/www.koupelnapro.com\/wp-content\/uploads\/2026\/SK0003896-CZ20260425-093107-0-1777080667-66697-large_default.webp","width":470,"height":470},{"@type":"BreadcrumbList","@id":"https:\/\/www.koupelnapro.com\/index.php\/produkt\/17079-kle-scaron-t-283-siko-250mm-automatick-eacute-0-50mm-festa-akcni-cena-47390\/#breadcrumb","itemListElement":[{"@type":"ListItem","position":1,"name":"Home","item":"https:\/\/www.koupelnapro.com\/"},{"@type":"ListItem","position":2,"name":"Products","item":"https:\/\/www.koupelnapro.com\/index.php\/products\/"},{"@type":"ListItem","position":3,"name":"17079 | kle&scaron;t&#283; SIKO 250mm automatick&eacute; | 0-50mm | FESTA Ak\u010dn\u00ed Cena"}]},{"@type":"WebSite","@id":"https:\/\/www.koupelnapro.com\/#website","url":"https:\/\/www.koupelnapro.com\/","name":"","description":"","potentialAction":[{"@type":"SearchAction","target":{"@type":"EntryPoint","urlTemplate":"https:\/\/www.koupelnapro.com\/?s={search_term_string}"},"query-input":{"@type":"PropertyValueSpecification","valueRequired":true,"valueName":"search_term_string"}}],"inLanguage":"cs"}]}},"_links":{"self":[{"href":"https:\/\/www.koupelnapro.com\/index.php\/wp-json\/wp\/v2\/product\/47390","targetHints":{"allow":["GET"]}}],"collection":[{"href":"https:\/\/www.koupelnapro.com\/index.php\/wp-json\/wp\/v2\/product"}],"about":[{"href":"https:\/\/www.koupelnapro.com\/index.php\/wp-json\/wp\/v2\/types\/product"}],"replies":[{"embeddable":true,"href":"https:\/\/www.koupelnapro.com\/index.php\/wp-json\/wp\/v2\/comments?post=47390"}],"wp:featuredmedia":[{"embeddable":true,"href":"https:\/\/www.koupelnapro.com\/index.php\/wp-json\/wp\/v2\/media\/47490"}],"wp:attachment":[{"href":"https:\/\/www.koupelnapro.com\/index.php\/wp-json\/wp\/v2\/media?parent=47390"}],"wp:term":[{"taxonomy":"product_brand","embeddable":true,"href":"https:\/\/www.koupelnapro.com\/index.php\/wp-json\/wp\/v2\/product_brand?post=47390"},{"taxonomy":"product_cat","embeddable":true,"href":"https:\/\/www.koupelnapro.com\/index.php\/wp-json\/wp\/v2\/product_cat?post=47390"},{"taxonomy":"product_tag","embeddable":true,"href":"https:\/\/www.koupelnapro.com\/index.php\/wp-json\/wp\/v2\/product_tag?post=47390"}],"curies":[{"name":"wp","href":"https:\/\/api.w.org\/{rel}","templated":true}]}}