{"id":46899,"date":"2026-04-26T09:16:30","date_gmt":"2026-04-26T09:16:30","guid":{"rendered":""},"modified":"2026-04-26T09:16:30","modified_gmt":"2026-04-26T09:16:30","slug":"22160-kotou-269-brusn-yacute-fibrov-yacute-pr-125-hr-p40-festa-bal-3ks-ihned-k-objednani-46899","status":"publish","type":"product","link":"https:\/\/www.koupelnapro.com\/index.php\/produkt\/22160-kotou-269-brusn-yacute-fibrov-yacute-pr-125-hr-p40-festa-bal-3ks-ihned-k-objednani-46899\/","title":{"rendered":"22160 | kotou&#269; brusn&yacute; fibrov&yacute; | pr.125 | hr.P40 | FESTA | bal.3ks Ihned K Objedn\u00e1n\u00ed"},"content":{"rendered":"<p><!-- More info -->\t\t\t\t\t<\/p>\n<section id=\"idTab1\" class=\"page-product-box tab-pane active\" role=\"tabpanel\" aria-labelledby=\"idTab1\">\t\t\t\t\t\t<!-- full description -->\t\t\t\t\t\t<\/p>\n<div class=\"rte\">Kvalitn\u00ed fibrov\u00fd brusn\u00fd kotou\u010d na korundov\u00e9m zrnu. Pro v\u00fdkonn\u00fd a agresivn\u00ed brus, tlou\u0161\u0165ka 0,8 mm. Tuh\u00fd fibrov\u00fd podklad poskytuje trvanlivost a odolnost proti roztr\u017een\u00ed. Pou\u017eit\u00ed: na rychl\u00e9 a efektivn\u00ed brou\u0161en\u00ed oceli, litiny, odstra\u0148ov\u00e1n\u00ed sv\u00e1ru, okuj\u00ed, d\u016flk\u016f a povrchov\u00fdch vad, jako\u017e i zkosen\u00ed a sr\u00e1\u017een\u00ed hran.<\/div>\n<\/section>\n<p>\t\t\t\t\t<!--end  More info -->\t\t\t\t\t\t\t\t\t\t\t\t\t\t\t\t\t\t\t\t\t\t\t\t\t\t\t\t\t\t\t<\/div>\n<\/p><\/div>\n<p><!--QTR Accessories --><\/p>\n","protected":false},"excerpt":{"rendered":"<p>Kvalitn\u00ed fibrov\u00fd brusn\u00fd kotou\u010d na korundov\u00e9m zrnu. Pro v\u00fdkonn\u00fd a agresivn\u00ed brus, tlou\u0161\u0165ka 0,8 mm. Tuh\u00fd fibrov\u00fd podklad poskytuje trvanlivost a odolnost proti roztr\u017een\u00ed. Pou\u017eit\u00ed: na rychl\u00e9 a efektivn\u00ed brou\u0161en\u00ed oceli, litiny, odstra\u0148ov\u00e1n\u00ed sv\u00e1ru, okuj\u00ed, d\u016flk\u016f a povrchov\u00fdch vad, jako\u017e i zkosen\u00ed a sr\u00e1\u017een\u00ed hran.<\/p>\n","protected":false},"featured_media":46999,"comment_status":"open","ping_status":"open","template":"","meta":[],"product_brand":[],"product_cat":[153],"product_tag":[],"class_list":{"0":"post-46899","1":"product","2":"type-product","3":"status-publish","4":"has-post-thumbnail","6":"product_cat-n-aacute-rad-iacute","8":"first","9":"instock","10":"sale","11":"shipping-taxable","12":"purchasable","13":"product-type-simple"},"yoast_head":"<!-- This site is optimized with the Yoast SEO plugin v26.8 - https:\/\/yoast.com\/product\/yoast-seo-wordpress\/ -->\n<title>22160 | kotou&#269; brusn&yacute; fibrov&yacute; | pr.125 | hr.P40 | FESTA | bal.3ks Ihned K Objedn\u00e1n\u00ed -<\/title>\n<meta name=\"robots\" content=\"index, follow, max-snippet:-1, max-image-preview:large, max-video-preview:-1\" \/>\n<link rel=\"canonical\" href=\"https:\/\/www.koupelnapro.com\/index.php\/produkt\/22160-kotou-269-brusn-yacute-fibrov-yacute-pr-125-hr-p40-festa-bal-3ks-ihned-k-objednani-46899\/\" \/>\n<meta property=\"og:locale\" content=\"cs_CZ\" \/>\n<meta property=\"og:type\" content=\"article\" \/>\n<meta property=\"og:title\" content=\"22160 | kotou&#269; brusn&yacute; fibrov&yacute; | pr.125 | hr.P40 | FESTA | bal.3ks Ihned K Objedn\u00e1n\u00ed -\" \/>\n<meta property=\"og:description\" content=\"Kvalitn\u00ed fibrov\u00fd brusn\u00fd kotou\u010d na korundov\u00e9m zrnu. Pro v\u00fdkonn\u00fd a agresivn\u00ed brus, tlou\u0161\u0165ka 0,8 mm. Tuh\u00fd fibrov\u00fd podklad poskytuje trvanlivost a odolnost proti roztr\u017een\u00ed. Pou\u017eit\u00ed: na rychl\u00e9 a efektivn\u00ed brou\u0161en\u00ed oceli, litiny, odstra\u0148ov\u00e1n\u00ed sv\u00e1ru, okuj\u00ed, d\u016flk\u016f a povrchov\u00fdch vad, jako\u017e i zkosen\u00ed a sr\u00e1\u017een\u00ed hran.\" \/>\n<meta property=\"og:url\" content=\"https:\/\/www.koupelnapro.com\/index.php\/produkt\/22160-kotou-269-brusn-yacute-fibrov-yacute-pr-125-hr-p40-festa-bal-3ks-ihned-k-objednani-46899\/\" \/>\n<meta property=\"og:image\" content=\"https:\/\/www.koupelnapro.com\/wp-content\/uploads\/2026\/SK0003455-CZ20260425-093107-0-1777080667-65306-large_default.webp\" \/>\n\t<meta property=\"og:image:width\" content=\"470\" \/>\n\t<meta property=\"og:image:height\" content=\"470\" \/>\n\t<meta property=\"og:image:type\" content=\"image\/webp\" \/>\n<meta name=\"twitter:card\" content=\"summary_large_image\" \/>\n<script type=\"application\/ld+json\" class=\"yoast-schema-graph\">{\"@context\":\"https:\/\/schema.org\",\"@graph\":[{\"@type\":\"WebPage\",\"@id\":\"https:\/\/www.koupelnapro.com\/index.php\/produkt\/22160-kotou-269-brusn-yacute-fibrov-yacute-pr-125-hr-p40-festa-bal-3ks-ihned-k-objednani-46899\/\",\"url\":\"https:\/\/www.koupelnapro.com\/index.php\/produkt\/22160-kotou-269-brusn-yacute-fibrov-yacute-pr-125-hr-p40-festa-bal-3ks-ihned-k-objednani-46899\/\",\"name\":\"22160 | kotou&#269; brusn&yacute; fibrov&yacute; | pr.125 | hr.P40 | FESTA | bal.3ks Ihned K Objedn\u00e1n\u00ed -\",\"isPartOf\":{\"@id\":\"https:\/\/www.koupelnapro.com\/#website\"},\"primaryImageOfPage\":{\"@id\":\"https:\/\/www.koupelnapro.com\/index.php\/produkt\/22160-kotou-269-brusn-yacute-fibrov-yacute-pr-125-hr-p40-festa-bal-3ks-ihned-k-objednani-46899\/#primaryimage\"},\"image\":{\"@id\":\"https:\/\/www.koupelnapro.com\/index.php\/produkt\/22160-kotou-269-brusn-yacute-fibrov-yacute-pr-125-hr-p40-festa-bal-3ks-ihned-k-objednani-46899\/#primaryimage\"},\"thumbnailUrl\":\"https:\/\/www.koupelnapro.com\/wp-content\/uploads\/2026\/SK0003455-CZ20260425-093107-0-1777080667-65306-large_default.webp\",\"datePublished\":\"2026-04-26T09:16:30+00:00\",\"breadcrumb\":{\"@id\":\"https:\/\/www.koupelnapro.com\/index.php\/produkt\/22160-kotou-269-brusn-yacute-fibrov-yacute-pr-125-hr-p40-festa-bal-3ks-ihned-k-objednani-46899\/#breadcrumb\"},\"inLanguage\":\"cs\",\"potentialAction\":[{\"@type\":\"ReadAction\",\"target\":[\"https:\/\/www.koupelnapro.com\/index.php\/produkt\/22160-kotou-269-brusn-yacute-fibrov-yacute-pr-125-hr-p40-festa-bal-3ks-ihned-k-objednani-46899\/\"]}]},{\"@type\":\"ImageObject\",\"inLanguage\":\"cs\",\"@id\":\"https:\/\/www.koupelnapro.com\/index.php\/produkt\/22160-kotou-269-brusn-yacute-fibrov-yacute-pr-125-hr-p40-festa-bal-3ks-ihned-k-objednani-46899\/#primaryimage\",\"url\":\"https:\/\/www.koupelnapro.com\/wp-content\/uploads\/2026\/SK0003455-CZ20260425-093107-0-1777080667-65306-large_default.webp\",\"contentUrl\":\"https:\/\/www.koupelnapro.com\/wp-content\/uploads\/2026\/SK0003455-CZ20260425-093107-0-1777080667-65306-large_default.webp\",\"width\":470,\"height\":470},{\"@type\":\"BreadcrumbList\",\"@id\":\"https:\/\/www.koupelnapro.com\/index.php\/produkt\/22160-kotou-269-brusn-yacute-fibrov-yacute-pr-125-hr-p40-festa-bal-3ks-ihned-k-objednani-46899\/#breadcrumb\",\"itemListElement\":[{\"@type\":\"ListItem\",\"position\":1,\"name\":\"Home\",\"item\":\"https:\/\/www.koupelnapro.com\/\"},{\"@type\":\"ListItem\",\"position\":2,\"name\":\"Products\",\"item\":\"https:\/\/www.koupelnapro.com\/index.php\/products\/\"},{\"@type\":\"ListItem\",\"position\":3,\"name\":\"22160 | kotou&#269; brusn&yacute; fibrov&yacute; | pr.125 | hr.P40 | FESTA | bal.3ks Ihned K Objedn\u00e1n\u00ed\"}]},{\"@type\":\"WebSite\",\"@id\":\"https:\/\/www.koupelnapro.com\/#website\",\"url\":\"https:\/\/www.koupelnapro.com\/\",\"name\":\"\",\"description\":\"\",\"potentialAction\":[{\"@type\":\"SearchAction\",\"target\":{\"@type\":\"EntryPoint\",\"urlTemplate\":\"https:\/\/www.koupelnapro.com\/?s={search_term_string}\"},\"query-input\":{\"@type\":\"PropertyValueSpecification\",\"valueRequired\":true,\"valueName\":\"search_term_string\"}}],\"inLanguage\":\"cs\"}]}<\/script>\n<!-- \/ Yoast SEO plugin. -->","yoast_head_json":{"title":"22160 | kotou&#269; brusn&yacute; fibrov&yacute; | pr.125 | hr.P40 | FESTA | bal.3ks Ihned K Objedn\u00e1n\u00ed -","robots":{"index":"index","follow":"follow","max-snippet":"max-snippet:-1","max-image-preview":"max-image-preview:large","max-video-preview":"max-video-preview:-1"},"canonical":"https:\/\/www.koupelnapro.com\/index.php\/produkt\/22160-kotou-269-brusn-yacute-fibrov-yacute-pr-125-hr-p40-festa-bal-3ks-ihned-k-objednani-46899\/","og_locale":"cs_CZ","og_type":"article","og_title":"22160 | kotou&#269; brusn&yacute; fibrov&yacute; | pr.125 | hr.P40 | FESTA | bal.3ks Ihned K Objedn\u00e1n\u00ed -","og_description":"Kvalitn\u00ed fibrov\u00fd brusn\u00fd kotou\u010d na korundov\u00e9m zrnu. Pro v\u00fdkonn\u00fd a agresivn\u00ed brus, tlou\u0161\u0165ka 0,8 mm. Tuh\u00fd fibrov\u00fd podklad poskytuje trvanlivost a odolnost proti roztr\u017een\u00ed. Pou\u017eit\u00ed: na rychl\u00e9 a efektivn\u00ed brou\u0161en\u00ed oceli, litiny, odstra\u0148ov\u00e1n\u00ed sv\u00e1ru, okuj\u00ed, d\u016flk\u016f a povrchov\u00fdch vad, jako\u017e i zkosen\u00ed a sr\u00e1\u017een\u00ed hran.","og_url":"https:\/\/www.koupelnapro.com\/index.php\/produkt\/22160-kotou-269-brusn-yacute-fibrov-yacute-pr-125-hr-p40-festa-bal-3ks-ihned-k-objednani-46899\/","og_image":[{"width":470,"height":470,"url":"https:\/\/www.koupelnapro.com\/wp-content\/uploads\/2026\/SK0003455-CZ20260425-093107-0-1777080667-65306-large_default.webp","type":"image\/webp"}],"twitter_card":"summary_large_image","schema":{"@context":"https:\/\/schema.org","@graph":[{"@type":"WebPage","@id":"https:\/\/www.koupelnapro.com\/index.php\/produkt\/22160-kotou-269-brusn-yacute-fibrov-yacute-pr-125-hr-p40-festa-bal-3ks-ihned-k-objednani-46899\/","url":"https:\/\/www.koupelnapro.com\/index.php\/produkt\/22160-kotou-269-brusn-yacute-fibrov-yacute-pr-125-hr-p40-festa-bal-3ks-ihned-k-objednani-46899\/","name":"22160 | kotou&#269; brusn&yacute; fibrov&yacute; | pr.125 | hr.P40 | FESTA | bal.3ks Ihned K Objedn\u00e1n\u00ed -","isPartOf":{"@id":"https:\/\/www.koupelnapro.com\/#website"},"primaryImageOfPage":{"@id":"https:\/\/www.koupelnapro.com\/index.php\/produkt\/22160-kotou-269-brusn-yacute-fibrov-yacute-pr-125-hr-p40-festa-bal-3ks-ihned-k-objednani-46899\/#primaryimage"},"image":{"@id":"https:\/\/www.koupelnapro.com\/index.php\/produkt\/22160-kotou-269-brusn-yacute-fibrov-yacute-pr-125-hr-p40-festa-bal-3ks-ihned-k-objednani-46899\/#primaryimage"},"thumbnailUrl":"https:\/\/www.koupelnapro.com\/wp-content\/uploads\/2026\/SK0003455-CZ20260425-093107-0-1777080667-65306-large_default.webp","datePublished":"2026-04-26T09:16:30+00:00","breadcrumb":{"@id":"https:\/\/www.koupelnapro.com\/index.php\/produkt\/22160-kotou-269-brusn-yacute-fibrov-yacute-pr-125-hr-p40-festa-bal-3ks-ihned-k-objednani-46899\/#breadcrumb"},"inLanguage":"cs","potentialAction":[{"@type":"ReadAction","target":["https:\/\/www.koupelnapro.com\/index.php\/produkt\/22160-kotou-269-brusn-yacute-fibrov-yacute-pr-125-hr-p40-festa-bal-3ks-ihned-k-objednani-46899\/"]}]},{"@type":"ImageObject","inLanguage":"cs","@id":"https:\/\/www.koupelnapro.com\/index.php\/produkt\/22160-kotou-269-brusn-yacute-fibrov-yacute-pr-125-hr-p40-festa-bal-3ks-ihned-k-objednani-46899\/#primaryimage","url":"https:\/\/www.koupelnapro.com\/wp-content\/uploads\/2026\/SK0003455-CZ20260425-093107-0-1777080667-65306-large_default.webp","contentUrl":"https:\/\/www.koupelnapro.com\/wp-content\/uploads\/2026\/SK0003455-CZ20260425-093107-0-1777080667-65306-large_default.webp","width":470,"height":470},{"@type":"BreadcrumbList","@id":"https:\/\/www.koupelnapro.com\/index.php\/produkt\/22160-kotou-269-brusn-yacute-fibrov-yacute-pr-125-hr-p40-festa-bal-3ks-ihned-k-objednani-46899\/#breadcrumb","itemListElement":[{"@type":"ListItem","position":1,"name":"Home","item":"https:\/\/www.koupelnapro.com\/"},{"@type":"ListItem","position":2,"name":"Products","item":"https:\/\/www.koupelnapro.com\/index.php\/products\/"},{"@type":"ListItem","position":3,"name":"22160 | kotou&#269; brusn&yacute; fibrov&yacute; | pr.125 | hr.P40 | FESTA | bal.3ks Ihned K Objedn\u00e1n\u00ed"}]},{"@type":"WebSite","@id":"https:\/\/www.koupelnapro.com\/#website","url":"https:\/\/www.koupelnapro.com\/","name":"","description":"","potentialAction":[{"@type":"SearchAction","target":{"@type":"EntryPoint","urlTemplate":"https:\/\/www.koupelnapro.com\/?s={search_term_string}"},"query-input":{"@type":"PropertyValueSpecification","valueRequired":true,"valueName":"search_term_string"}}],"inLanguage":"cs"}]}},"_links":{"self":[{"href":"https:\/\/www.koupelnapro.com\/index.php\/wp-json\/wp\/v2\/product\/46899","targetHints":{"allow":["GET"]}}],"collection":[{"href":"https:\/\/www.koupelnapro.com\/index.php\/wp-json\/wp\/v2\/product"}],"about":[{"href":"https:\/\/www.koupelnapro.com\/index.php\/wp-json\/wp\/v2\/types\/product"}],"replies":[{"embeddable":true,"href":"https:\/\/www.koupelnapro.com\/index.php\/wp-json\/wp\/v2\/comments?post=46899"}],"wp:featuredmedia":[{"embeddable":true,"href":"https:\/\/www.koupelnapro.com\/index.php\/wp-json\/wp\/v2\/media\/46999"}],"wp:attachment":[{"href":"https:\/\/www.koupelnapro.com\/index.php\/wp-json\/wp\/v2\/media?parent=46899"}],"wp:term":[{"taxonomy":"product_brand","embeddable":true,"href":"https:\/\/www.koupelnapro.com\/index.php\/wp-json\/wp\/v2\/product_brand?post=46899"},{"taxonomy":"product_cat","embeddable":true,"href":"https:\/\/www.koupelnapro.com\/index.php\/wp-json\/wp\/v2\/product_cat?post=46899"},{"taxonomy":"product_tag","embeddable":true,"href":"https:\/\/www.koupelnapro.com\/index.php\/wp-json\/wp\/v2\/product_tag?post=46899"}],"curies":[{"name":"wp","href":"https:\/\/api.w.org\/{rel}","templated":true}]}}