{"id":46891,"date":"2026-04-26T09:16:30","date_gmt":"2026-04-26T09:16:30","guid":{"rendered":""},"modified":"2026-04-26T09:16:30","modified_gmt":"2026-04-26T09:16:30","slug":"21323-kotou-269-diamantov-yacute-segment-230x2-6x22-2mm-festa-vikendova-akce-46891","status":"publish","type":"product","link":"https:\/\/www.koupelnapro.com\/index.php\/produkt\/21323-kotou-269-diamantov-yacute-segment-230x2-6x22-2mm-festa-vikendova-akce-46891\/","title":{"rendered":"21323 | kotou&#269; diamantov&yacute; segment | 230&#215;2,6&#215;22,2mm | FESTA V\u00edkendov\u00e1 Akce"},"content":{"rendered":"<p><!-- More info -->\t\t\t\t\t<\/p>\n<section id=\"idTab1\" class=\"page-product-box tab-pane active\" role=\"tabpanel\" aria-labelledby=\"idTab1\">\t\t\t\t\t\t<!-- full description -->\t\t\t\t\t\t<\/p>\n<div class=\"rte\">Profesion\u00e1ln\u00ed diamantov\u00fd kotou\u010d FESTA, proveden\u00ed : SEGMENTOV\u00dd, kvalitn\u00ed materi\u00e1ly i zpracov\u00e1n\u00ed &#8211; vysoce pevn\u00e9 uchycen\u00ed diamantov\u00fdch segment\u016f k nosn\u00e9mu disku kotou\u010de, vysok\u00fd obsah diamantov\u00e9ho prachu v segmentech, pou\u017eit\u00ed : pro such\u00e9 \u0159ez\u00e1n\u00ed betonu, cihel, zdiva, kamene&#8230;..<\/div>\n<\/section>\n<p>\t\t\t\t\t<!--end  More info -->\t\t\t\t\t\t\t\t\t\t\t\t\t\t\t\t\t\t\t\t\t\t\t\t\t\t\t\t\t\t\t<\/div>\n<\/p><\/div>\n<p><!--QTR Accessories --><\/p>\n","protected":false},"excerpt":{"rendered":"<p>Profesion\u00e1ln\u00ed diamantov\u00fd kotou\u010d FESTA, proveden\u00ed : SEGMENTOV\u00dd, kvalitn\u00ed materi\u00e1ly i zpracov\u00e1n\u00ed &#8211; vysoce pevn\u00e9 uchycen\u00ed diamantov\u00fdch segment\u016f k nosn\u00e9mu disku kotou\u010de, vysok\u00fd obsah diamantov\u00e9ho prachu v segmentech, pou\u017eit\u00ed : pro such\u00e9 \u0159ez\u00e1n\u00ed betonu, cihel, zdiva, kamene&#8230;..<\/p>\n","protected":false},"featured_media":46991,"comment_status":"open","ping_status":"open","template":"","meta":[],"product_brand":[],"product_cat":[153],"product_tag":[],"class_list":{"0":"post-46891","1":"product","2":"type-product","3":"status-publish","4":"has-post-thumbnail","6":"product_cat-n-aacute-rad-iacute","8":"first","9":"instock","10":"sale","11":"shipping-taxable","12":"purchasable","13":"product-type-simple"},"yoast_head":"<!-- This site is optimized with the Yoast SEO plugin v26.8 - https:\/\/yoast.com\/product\/yoast-seo-wordpress\/ -->\n<title>21323 | kotou&#269; diamantov&yacute; segment | 230x2,6x22,2mm | FESTA V\u00edkendov\u00e1 Akce -<\/title>\n<meta name=\"robots\" content=\"index, follow, max-snippet:-1, max-image-preview:large, max-video-preview:-1\" \/>\n<link rel=\"canonical\" href=\"https:\/\/www.koupelnapro.com\/index.php\/produkt\/21323-kotou-269-diamantov-yacute-segment-230x2-6x22-2mm-festa-vikendova-akce-46891\/\" \/>\n<meta property=\"og:locale\" content=\"cs_CZ\" \/>\n<meta property=\"og:type\" content=\"article\" \/>\n<meta property=\"og:title\" content=\"21323 | kotou&#269; diamantov&yacute; segment | 230x2,6x22,2mm | FESTA V\u00edkendov\u00e1 Akce -\" \/>\n<meta property=\"og:description\" content=\"Profesion\u00e1ln\u00ed diamantov\u00fd kotou\u010d FESTA, proveden\u00ed : SEGMENTOV\u00dd, kvalitn\u00ed materi\u00e1ly i zpracov\u00e1n\u00ed &#8211; vysoce pevn\u00e9 uchycen\u00ed diamantov\u00fdch segment\u016f k nosn\u00e9mu disku kotou\u010de, vysok\u00fd obsah diamantov\u00e9ho prachu v segmentech, pou\u017eit\u00ed : pro such\u00e9 \u0159ez\u00e1n\u00ed betonu, cihel, zdiva, kamene&#8230;..\" \/>\n<meta property=\"og:url\" content=\"https:\/\/www.koupelnapro.com\/index.php\/produkt\/21323-kotou-269-diamantov-yacute-segment-230x2-6x22-2mm-festa-vikendova-akce-46891\/\" \/>\n<meta property=\"og:image\" content=\"https:\/\/www.koupelnapro.com\/wp-content\/uploads\/2026\/SK0003442-CZ20260425-093107-0-1777080667-65267-large_default.webp\" \/>\n\t<meta property=\"og:image:width\" content=\"470\" \/>\n\t<meta property=\"og:image:height\" content=\"470\" \/>\n\t<meta property=\"og:image:type\" content=\"image\/webp\" \/>\n<meta name=\"twitter:card\" content=\"summary_large_image\" \/>\n<script type=\"application\/ld+json\" class=\"yoast-schema-graph\">{\"@context\":\"https:\/\/schema.org\",\"@graph\":[{\"@type\":\"WebPage\",\"@id\":\"https:\/\/www.koupelnapro.com\/index.php\/produkt\/21323-kotou-269-diamantov-yacute-segment-230x2-6x22-2mm-festa-vikendova-akce-46891\/\",\"url\":\"https:\/\/www.koupelnapro.com\/index.php\/produkt\/21323-kotou-269-diamantov-yacute-segment-230x2-6x22-2mm-festa-vikendova-akce-46891\/\",\"name\":\"21323 | kotou&#269; diamantov&yacute; segment | 230x2,6x22,2mm | FESTA V\u00edkendov\u00e1 Akce -\",\"isPartOf\":{\"@id\":\"https:\/\/www.koupelnapro.com\/#website\"},\"primaryImageOfPage\":{\"@id\":\"https:\/\/www.koupelnapro.com\/index.php\/produkt\/21323-kotou-269-diamantov-yacute-segment-230x2-6x22-2mm-festa-vikendova-akce-46891\/#primaryimage\"},\"image\":{\"@id\":\"https:\/\/www.koupelnapro.com\/index.php\/produkt\/21323-kotou-269-diamantov-yacute-segment-230x2-6x22-2mm-festa-vikendova-akce-46891\/#primaryimage\"},\"thumbnailUrl\":\"https:\/\/www.koupelnapro.com\/wp-content\/uploads\/2026\/SK0003442-CZ20260425-093107-0-1777080667-65267-large_default.webp\",\"datePublished\":\"2026-04-26T09:16:30+00:00\",\"breadcrumb\":{\"@id\":\"https:\/\/www.koupelnapro.com\/index.php\/produkt\/21323-kotou-269-diamantov-yacute-segment-230x2-6x22-2mm-festa-vikendova-akce-46891\/#breadcrumb\"},\"inLanguage\":\"cs\",\"potentialAction\":[{\"@type\":\"ReadAction\",\"target\":[\"https:\/\/www.koupelnapro.com\/index.php\/produkt\/21323-kotou-269-diamantov-yacute-segment-230x2-6x22-2mm-festa-vikendova-akce-46891\/\"]}]},{\"@type\":\"ImageObject\",\"inLanguage\":\"cs\",\"@id\":\"https:\/\/www.koupelnapro.com\/index.php\/produkt\/21323-kotou-269-diamantov-yacute-segment-230x2-6x22-2mm-festa-vikendova-akce-46891\/#primaryimage\",\"url\":\"https:\/\/www.koupelnapro.com\/wp-content\/uploads\/2026\/SK0003442-CZ20260425-093107-0-1777080667-65267-large_default.webp\",\"contentUrl\":\"https:\/\/www.koupelnapro.com\/wp-content\/uploads\/2026\/SK0003442-CZ20260425-093107-0-1777080667-65267-large_default.webp\",\"width\":470,\"height\":470},{\"@type\":\"BreadcrumbList\",\"@id\":\"https:\/\/www.koupelnapro.com\/index.php\/produkt\/21323-kotou-269-diamantov-yacute-segment-230x2-6x22-2mm-festa-vikendova-akce-46891\/#breadcrumb\",\"itemListElement\":[{\"@type\":\"ListItem\",\"position\":1,\"name\":\"Home\",\"item\":\"https:\/\/www.koupelnapro.com\/\"},{\"@type\":\"ListItem\",\"position\":2,\"name\":\"Products\",\"item\":\"https:\/\/www.koupelnapro.com\/index.php\/products\/\"},{\"@type\":\"ListItem\",\"position\":3,\"name\":\"21323 | kotou&#269; diamantov&yacute; segment | 230&#215;2,6&#215;22,2mm | FESTA V\u00edkendov\u00e1 Akce\"}]},{\"@type\":\"WebSite\",\"@id\":\"https:\/\/www.koupelnapro.com\/#website\",\"url\":\"https:\/\/www.koupelnapro.com\/\",\"name\":\"\",\"description\":\"\",\"potentialAction\":[{\"@type\":\"SearchAction\",\"target\":{\"@type\":\"EntryPoint\",\"urlTemplate\":\"https:\/\/www.koupelnapro.com\/?s={search_term_string}\"},\"query-input\":{\"@type\":\"PropertyValueSpecification\",\"valueRequired\":true,\"valueName\":\"search_term_string\"}}],\"inLanguage\":\"cs\"}]}<\/script>\n<!-- \/ Yoast SEO plugin. -->","yoast_head_json":{"title":"21323 | kotou&#269; diamantov&yacute; segment | 230x2,6x22,2mm | FESTA V\u00edkendov\u00e1 Akce -","robots":{"index":"index","follow":"follow","max-snippet":"max-snippet:-1","max-image-preview":"max-image-preview:large","max-video-preview":"max-video-preview:-1"},"canonical":"https:\/\/www.koupelnapro.com\/index.php\/produkt\/21323-kotou-269-diamantov-yacute-segment-230x2-6x22-2mm-festa-vikendova-akce-46891\/","og_locale":"cs_CZ","og_type":"article","og_title":"21323 | kotou&#269; diamantov&yacute; segment | 230x2,6x22,2mm | FESTA V\u00edkendov\u00e1 Akce -","og_description":"Profesion\u00e1ln\u00ed diamantov\u00fd kotou\u010d FESTA, proveden\u00ed : SEGMENTOV\u00dd, kvalitn\u00ed materi\u00e1ly i zpracov\u00e1n\u00ed &#8211; vysoce pevn\u00e9 uchycen\u00ed diamantov\u00fdch segment\u016f k nosn\u00e9mu disku kotou\u010de, vysok\u00fd obsah diamantov\u00e9ho prachu v segmentech, pou\u017eit\u00ed : pro such\u00e9 \u0159ez\u00e1n\u00ed betonu, cihel, zdiva, kamene&#8230;..","og_url":"https:\/\/www.koupelnapro.com\/index.php\/produkt\/21323-kotou-269-diamantov-yacute-segment-230x2-6x22-2mm-festa-vikendova-akce-46891\/","og_image":[{"width":470,"height":470,"url":"https:\/\/www.koupelnapro.com\/wp-content\/uploads\/2026\/SK0003442-CZ20260425-093107-0-1777080667-65267-large_default.webp","type":"image\/webp"}],"twitter_card":"summary_large_image","schema":{"@context":"https:\/\/schema.org","@graph":[{"@type":"WebPage","@id":"https:\/\/www.koupelnapro.com\/index.php\/produkt\/21323-kotou-269-diamantov-yacute-segment-230x2-6x22-2mm-festa-vikendova-akce-46891\/","url":"https:\/\/www.koupelnapro.com\/index.php\/produkt\/21323-kotou-269-diamantov-yacute-segment-230x2-6x22-2mm-festa-vikendova-akce-46891\/","name":"21323 | kotou&#269; diamantov&yacute; segment | 230x2,6x22,2mm | FESTA V\u00edkendov\u00e1 Akce -","isPartOf":{"@id":"https:\/\/www.koupelnapro.com\/#website"},"primaryImageOfPage":{"@id":"https:\/\/www.koupelnapro.com\/index.php\/produkt\/21323-kotou-269-diamantov-yacute-segment-230x2-6x22-2mm-festa-vikendova-akce-46891\/#primaryimage"},"image":{"@id":"https:\/\/www.koupelnapro.com\/index.php\/produkt\/21323-kotou-269-diamantov-yacute-segment-230x2-6x22-2mm-festa-vikendova-akce-46891\/#primaryimage"},"thumbnailUrl":"https:\/\/www.koupelnapro.com\/wp-content\/uploads\/2026\/SK0003442-CZ20260425-093107-0-1777080667-65267-large_default.webp","datePublished":"2026-04-26T09:16:30+00:00","breadcrumb":{"@id":"https:\/\/www.koupelnapro.com\/index.php\/produkt\/21323-kotou-269-diamantov-yacute-segment-230x2-6x22-2mm-festa-vikendova-akce-46891\/#breadcrumb"},"inLanguage":"cs","potentialAction":[{"@type":"ReadAction","target":["https:\/\/www.koupelnapro.com\/index.php\/produkt\/21323-kotou-269-diamantov-yacute-segment-230x2-6x22-2mm-festa-vikendova-akce-46891\/"]}]},{"@type":"ImageObject","inLanguage":"cs","@id":"https:\/\/www.koupelnapro.com\/index.php\/produkt\/21323-kotou-269-diamantov-yacute-segment-230x2-6x22-2mm-festa-vikendova-akce-46891\/#primaryimage","url":"https:\/\/www.koupelnapro.com\/wp-content\/uploads\/2026\/SK0003442-CZ20260425-093107-0-1777080667-65267-large_default.webp","contentUrl":"https:\/\/www.koupelnapro.com\/wp-content\/uploads\/2026\/SK0003442-CZ20260425-093107-0-1777080667-65267-large_default.webp","width":470,"height":470},{"@type":"BreadcrumbList","@id":"https:\/\/www.koupelnapro.com\/index.php\/produkt\/21323-kotou-269-diamantov-yacute-segment-230x2-6x22-2mm-festa-vikendova-akce-46891\/#breadcrumb","itemListElement":[{"@type":"ListItem","position":1,"name":"Home","item":"https:\/\/www.koupelnapro.com\/"},{"@type":"ListItem","position":2,"name":"Products","item":"https:\/\/www.koupelnapro.com\/index.php\/products\/"},{"@type":"ListItem","position":3,"name":"21323 | kotou&#269; diamantov&yacute; segment | 230&#215;2,6&#215;22,2mm | FESTA V\u00edkendov\u00e1 Akce"}]},{"@type":"WebSite","@id":"https:\/\/www.koupelnapro.com\/#website","url":"https:\/\/www.koupelnapro.com\/","name":"","description":"","potentialAction":[{"@type":"SearchAction","target":{"@type":"EntryPoint","urlTemplate":"https:\/\/www.koupelnapro.com\/?s={search_term_string}"},"query-input":{"@type":"PropertyValueSpecification","valueRequired":true,"valueName":"search_term_string"}}],"inLanguage":"cs"}]}},"_links":{"self":[{"href":"https:\/\/www.koupelnapro.com\/index.php\/wp-json\/wp\/v2\/product\/46891","targetHints":{"allow":["GET"]}}],"collection":[{"href":"https:\/\/www.koupelnapro.com\/index.php\/wp-json\/wp\/v2\/product"}],"about":[{"href":"https:\/\/www.koupelnapro.com\/index.php\/wp-json\/wp\/v2\/types\/product"}],"replies":[{"embeddable":true,"href":"https:\/\/www.koupelnapro.com\/index.php\/wp-json\/wp\/v2\/comments?post=46891"}],"wp:featuredmedia":[{"embeddable":true,"href":"https:\/\/www.koupelnapro.com\/index.php\/wp-json\/wp\/v2\/media\/46991"}],"wp:attachment":[{"href":"https:\/\/www.koupelnapro.com\/index.php\/wp-json\/wp\/v2\/media?parent=46891"}],"wp:term":[{"taxonomy":"product_brand","embeddable":true,"href":"https:\/\/www.koupelnapro.com\/index.php\/wp-json\/wp\/v2\/product_brand?post=46891"},{"taxonomy":"product_cat","embeddable":true,"href":"https:\/\/www.koupelnapro.com\/index.php\/wp-json\/wp\/v2\/product_cat?post=46891"},{"taxonomy":"product_tag","embeddable":true,"href":"https:\/\/www.koupelnapro.com\/index.php\/wp-json\/wp\/v2\/product_tag?post=46891"}],"curies":[{"name":"wp","href":"https:\/\/api.w.org\/{rel}","templated":true}]}}