{"id":46744,"date":"2026-04-26T09:16:29","date_gmt":"2026-04-26T09:16:29","guid":{"rendered":""},"modified":"2026-04-26T09:16:29","modified_gmt":"2026-04-26T09:16:29","slug":"levny-d-344-evojas-reno-kr-osv-283-tlen-iacute-300-led-al-46744","status":"publish","type":"product","link":"https:\/\/www.koupelnapro.com\/index.php\/produkt\/levny-d-344-evojas-reno-kr-osv-283-tlen-iacute-300-led-al-46744\/","title":{"rendered":"Levn\u00fd D&#344;EVOJAS | RENO-KR osv&#283;tlen&iacute; 300 LED\/AL"},"content":{"rendered":"<p><!-- More info -->\t\t\t\t\t<\/p>\n<section id=\"idTab1\" class=\"page-product-box tab-pane active\" role=\"tabpanel\" aria-labelledby=\"idTab1\">\t\t\t\t\t\t<!-- full description -->\t\t\t\t\t\t<\/p>\n<div class=\"rte\">Osv\u011btlen\u00ed Reno je sv\u00fdm tvarem uzp\u016fsobeno na p\u0159id\u011bl\u00e1n\u00ed k zrcadlov\u00e9 sk\u0159\u00ed\u0148ce z vrchu. Sv\u011btlo nen\u00ed mo\u017en\u00e9 p\u0159id\u011blat ke zdi tak, aby osv\u011btlovalo umyvadlo. Je to v\u0161ak mo\u017en\u00e9 v takov\u00e9m p\u0159\u00edpad\u011b, \u017ee sv\u011btlo bude po p\u0159ichycen\u00ed na ze\u010f osv\u011btlovat pouze ze\u010f. <\/p>\n<p>Sv\u011btlo je ur\u010deno k zapojen\u00ed p\u0159\u00edmo do elekt\u0159iny (p\u0159es &#8222;\u010dokol\u00e1du&#8220;). Sv\u011btlo ji\u017e obsahuje transform\u00e1tor.<\/p><\/div>\n<\/section>\n<p>\t\t\t\t\t<!--end  More info -->\t\t\t\t\t\t\t\t\t\t\t\t\t<!-- Data sheet -->\t\t\t\t\t<\/p>\n<section id=\"idTab2\" class=\"page-product-box tab-pane\" role=\"tabpanel\" aria-labelledby=\"idTab2\">\n<table class=\"table-data-sheet\">\n<tr class=\"odd\">\n<td>Akce<\/td>\n<td>Ano <\/td>\n<\/tr>\n<tr class=\"even\">\n<td>Sleva<\/td>\n<td>Ano <\/td>\n<\/tr>\n<\/table>\n<\/section>\n<p>\t\t\t\t\t<!--end Data sheet -->\t\t\t\t\t\t\t\t\t\t\t\t\t\t\t\t\t\t\t\t\t\t\t\t\t\t\t<\/div>\n<\/p><\/div>\n<p><!--QTR Accessories --><\/p>\n","protected":false},"excerpt":{"rendered":"<p>Osv\u011btlen\u00ed Reno je sv\u00fdm tvarem uzp\u016fsobeno na p\u0159id\u011bl\u00e1n\u00ed k zrcadlov\u00e9 sk\u0159\u00ed\u0148ce z vrchu. Sv\u011btlo nen\u00ed mo\u017en\u00e9 p\u0159id\u011blat ke zdi tak, aby osv\u011btlovalo umyvadlo. Je to v\u0161ak mo\u017en\u00e9 v takov\u00e9m p\u0159\u00edpad\u011b, \u017ee sv\u011btlo bude po p\u0159ichycen\u00ed na ze\u010f osv\u011btlovat pouze ze\u010f. Sv\u011btlo je ur\u010deno k zapojen\u00ed p\u0159\u00edmo do elekt\u0159iny (p\u0159es &#8222;\u010dokol\u00e1du&#8220;). Sv\u011btlo ji\u017e obsahuje transform\u00e1tor. Akce [&hellip;]<\/p>\n","protected":false},"featured_media":46844,"comment_status":"open","ping_status":"open","template":"","meta":[],"product_brand":[],"product_cat":[160,159],"product_tag":[],"class_list":{"0":"post-46744","1":"product","2":"type-product","3":"status-publish","4":"has-post-thumbnail","6":"product_cat-sleva","7":"product_cat-v-yacute-prodej","9":"first","10":"instock","11":"sale","12":"shipping-taxable","13":"purchasable","14":"product-type-simple"},"yoast_head":"<!-- This site is optimized with the Yoast SEO plugin v26.8 - https:\/\/yoast.com\/product\/yoast-seo-wordpress\/ -->\n<title>Levn\u00fd D&#344;EVOJAS | RENO-KR osv&#283;tlen&iacute; 300 LED\/AL -<\/title>\n<meta name=\"robots\" content=\"index, follow, max-snippet:-1, max-image-preview:large, max-video-preview:-1\" \/>\n<link rel=\"canonical\" href=\"https:\/\/www.koupelnapro.com\/index.php\/produkt\/levny-d-344-evojas-reno-kr-osv-283-tlen-iacute-300-led-al-46744\/\" \/>\n<meta property=\"og:locale\" content=\"cs_CZ\" \/>\n<meta property=\"og:type\" content=\"article\" \/>\n<meta property=\"og:title\" content=\"Levn\u00fd D&#344;EVOJAS | RENO-KR osv&#283;tlen&iacute; 300 LED\/AL -\" \/>\n<meta property=\"og:description\" content=\"Osv\u011btlen\u00ed Reno je sv\u00fdm tvarem uzp\u016fsobeno na p\u0159id\u011bl\u00e1n\u00ed k zrcadlov\u00e9 sk\u0159\u00ed\u0148ce z vrchu. Sv\u011btlo nen\u00ed mo\u017en\u00e9 p\u0159id\u011blat ke zdi tak, aby osv\u011btlovalo umyvadlo. Je to v\u0161ak mo\u017en\u00e9 v takov\u00e9m p\u0159\u00edpad\u011b, \u017ee sv\u011btlo bude po p\u0159ichycen\u00ed na ze\u010f osv\u011btlovat pouze ze\u010f. Sv\u011btlo je ur\u010deno k zapojen\u00ed p\u0159\u00edmo do elekt\u0159iny (p\u0159es &#8222;\u010dokol\u00e1du&#8220;). Sv\u011btlo ji\u017e obsahuje transform\u00e1tor. Akce [&hellip;]\" \/>\n<meta property=\"og:url\" content=\"https:\/\/www.koupelnapro.com\/index.php\/produkt\/levny-d-344-evojas-reno-kr-osv-283-tlen-iacute-300-led-al-46744\/\" \/>\n<meta property=\"og:image\" content=\"https:\/\/www.koupelnapro.com\/wp-content\/uploads\/2026\/SK0003369-CZ20260425-093107-0-1777080667-64480-large_default.webp\" \/>\n\t<meta property=\"og:image:width\" content=\"470\" \/>\n\t<meta property=\"og:image:height\" content=\"470\" \/>\n\t<meta property=\"og:image:type\" content=\"image\/webp\" \/>\n<meta name=\"twitter:card\" content=\"summary_large_image\" \/>\n<script type=\"application\/ld+json\" class=\"yoast-schema-graph\">{\"@context\":\"https:\/\/schema.org\",\"@graph\":[{\"@type\":\"WebPage\",\"@id\":\"https:\/\/www.koupelnapro.com\/index.php\/produkt\/levny-d-344-evojas-reno-kr-osv-283-tlen-iacute-300-led-al-46744\/\",\"url\":\"https:\/\/www.koupelnapro.com\/index.php\/produkt\/levny-d-344-evojas-reno-kr-osv-283-tlen-iacute-300-led-al-46744\/\",\"name\":\"Levn\u00fd D&#344;EVOJAS | RENO-KR osv&#283;tlen&iacute; 300 LED\/AL -\",\"isPartOf\":{\"@id\":\"https:\/\/www.koupelnapro.com\/#website\"},\"primaryImageOfPage\":{\"@id\":\"https:\/\/www.koupelnapro.com\/index.php\/produkt\/levny-d-344-evojas-reno-kr-osv-283-tlen-iacute-300-led-al-46744\/#primaryimage\"},\"image\":{\"@id\":\"https:\/\/www.koupelnapro.com\/index.php\/produkt\/levny-d-344-evojas-reno-kr-osv-283-tlen-iacute-300-led-al-46744\/#primaryimage\"},\"thumbnailUrl\":\"https:\/\/www.koupelnapro.com\/wp-content\/uploads\/2026\/SK0003369-CZ20260425-093107-0-1777080667-64480-large_default.webp\",\"datePublished\":\"2026-04-26T09:16:29+00:00\",\"breadcrumb\":{\"@id\":\"https:\/\/www.koupelnapro.com\/index.php\/produkt\/levny-d-344-evojas-reno-kr-osv-283-tlen-iacute-300-led-al-46744\/#breadcrumb\"},\"inLanguage\":\"cs\",\"potentialAction\":[{\"@type\":\"ReadAction\",\"target\":[\"https:\/\/www.koupelnapro.com\/index.php\/produkt\/levny-d-344-evojas-reno-kr-osv-283-tlen-iacute-300-led-al-46744\/\"]}]},{\"@type\":\"ImageObject\",\"inLanguage\":\"cs\",\"@id\":\"https:\/\/www.koupelnapro.com\/index.php\/produkt\/levny-d-344-evojas-reno-kr-osv-283-tlen-iacute-300-led-al-46744\/#primaryimage\",\"url\":\"https:\/\/www.koupelnapro.com\/wp-content\/uploads\/2026\/SK0003369-CZ20260425-093107-0-1777080667-64480-large_default.webp\",\"contentUrl\":\"https:\/\/www.koupelnapro.com\/wp-content\/uploads\/2026\/SK0003369-CZ20260425-093107-0-1777080667-64480-large_default.webp\",\"width\":470,\"height\":470},{\"@type\":\"BreadcrumbList\",\"@id\":\"https:\/\/www.koupelnapro.com\/index.php\/produkt\/levny-d-344-evojas-reno-kr-osv-283-tlen-iacute-300-led-al-46744\/#breadcrumb\",\"itemListElement\":[{\"@type\":\"ListItem\",\"position\":1,\"name\":\"Home\",\"item\":\"https:\/\/www.koupelnapro.com\/\"},{\"@type\":\"ListItem\",\"position\":2,\"name\":\"Products\",\"item\":\"https:\/\/www.koupelnapro.com\/index.php\/products\/\"},{\"@type\":\"ListItem\",\"position\":3,\"name\":\"Levn\u00fd D&#344;EVOJAS | RENO-KR osv&#283;tlen&iacute; 300 LED\/AL\"}]},{\"@type\":\"WebSite\",\"@id\":\"https:\/\/www.koupelnapro.com\/#website\",\"url\":\"https:\/\/www.koupelnapro.com\/\",\"name\":\"\",\"description\":\"\",\"potentialAction\":[{\"@type\":\"SearchAction\",\"target\":{\"@type\":\"EntryPoint\",\"urlTemplate\":\"https:\/\/www.koupelnapro.com\/?s={search_term_string}\"},\"query-input\":{\"@type\":\"PropertyValueSpecification\",\"valueRequired\":true,\"valueName\":\"search_term_string\"}}],\"inLanguage\":\"cs\"}]}<\/script>\n<!-- \/ Yoast SEO plugin. -->","yoast_head_json":{"title":"Levn\u00fd D&#344;EVOJAS | RENO-KR osv&#283;tlen&iacute; 300 LED\/AL -","robots":{"index":"index","follow":"follow","max-snippet":"max-snippet:-1","max-image-preview":"max-image-preview:large","max-video-preview":"max-video-preview:-1"},"canonical":"https:\/\/www.koupelnapro.com\/index.php\/produkt\/levny-d-344-evojas-reno-kr-osv-283-tlen-iacute-300-led-al-46744\/","og_locale":"cs_CZ","og_type":"article","og_title":"Levn\u00fd D&#344;EVOJAS | RENO-KR osv&#283;tlen&iacute; 300 LED\/AL -","og_description":"Osv\u011btlen\u00ed Reno je sv\u00fdm tvarem uzp\u016fsobeno na p\u0159id\u011bl\u00e1n\u00ed k zrcadlov\u00e9 sk\u0159\u00ed\u0148ce z vrchu. Sv\u011btlo nen\u00ed mo\u017en\u00e9 p\u0159id\u011blat ke zdi tak, aby osv\u011btlovalo umyvadlo. Je to v\u0161ak mo\u017en\u00e9 v takov\u00e9m p\u0159\u00edpad\u011b, \u017ee sv\u011btlo bude po p\u0159ichycen\u00ed na ze\u010f osv\u011btlovat pouze ze\u010f. Sv\u011btlo je ur\u010deno k zapojen\u00ed p\u0159\u00edmo do elekt\u0159iny (p\u0159es &#8222;\u010dokol\u00e1du&#8220;). Sv\u011btlo ji\u017e obsahuje transform\u00e1tor. Akce [&hellip;]","og_url":"https:\/\/www.koupelnapro.com\/index.php\/produkt\/levny-d-344-evojas-reno-kr-osv-283-tlen-iacute-300-led-al-46744\/","og_image":[{"width":470,"height":470,"url":"https:\/\/www.koupelnapro.com\/wp-content\/uploads\/2026\/SK0003369-CZ20260425-093107-0-1777080667-64480-large_default.webp","type":"image\/webp"}],"twitter_card":"summary_large_image","schema":{"@context":"https:\/\/schema.org","@graph":[{"@type":"WebPage","@id":"https:\/\/www.koupelnapro.com\/index.php\/produkt\/levny-d-344-evojas-reno-kr-osv-283-tlen-iacute-300-led-al-46744\/","url":"https:\/\/www.koupelnapro.com\/index.php\/produkt\/levny-d-344-evojas-reno-kr-osv-283-tlen-iacute-300-led-al-46744\/","name":"Levn\u00fd D&#344;EVOJAS | RENO-KR osv&#283;tlen&iacute; 300 LED\/AL -","isPartOf":{"@id":"https:\/\/www.koupelnapro.com\/#website"},"primaryImageOfPage":{"@id":"https:\/\/www.koupelnapro.com\/index.php\/produkt\/levny-d-344-evojas-reno-kr-osv-283-tlen-iacute-300-led-al-46744\/#primaryimage"},"image":{"@id":"https:\/\/www.koupelnapro.com\/index.php\/produkt\/levny-d-344-evojas-reno-kr-osv-283-tlen-iacute-300-led-al-46744\/#primaryimage"},"thumbnailUrl":"https:\/\/www.koupelnapro.com\/wp-content\/uploads\/2026\/SK0003369-CZ20260425-093107-0-1777080667-64480-large_default.webp","datePublished":"2026-04-26T09:16:29+00:00","breadcrumb":{"@id":"https:\/\/www.koupelnapro.com\/index.php\/produkt\/levny-d-344-evojas-reno-kr-osv-283-tlen-iacute-300-led-al-46744\/#breadcrumb"},"inLanguage":"cs","potentialAction":[{"@type":"ReadAction","target":["https:\/\/www.koupelnapro.com\/index.php\/produkt\/levny-d-344-evojas-reno-kr-osv-283-tlen-iacute-300-led-al-46744\/"]}]},{"@type":"ImageObject","inLanguage":"cs","@id":"https:\/\/www.koupelnapro.com\/index.php\/produkt\/levny-d-344-evojas-reno-kr-osv-283-tlen-iacute-300-led-al-46744\/#primaryimage","url":"https:\/\/www.koupelnapro.com\/wp-content\/uploads\/2026\/SK0003369-CZ20260425-093107-0-1777080667-64480-large_default.webp","contentUrl":"https:\/\/www.koupelnapro.com\/wp-content\/uploads\/2026\/SK0003369-CZ20260425-093107-0-1777080667-64480-large_default.webp","width":470,"height":470},{"@type":"BreadcrumbList","@id":"https:\/\/www.koupelnapro.com\/index.php\/produkt\/levny-d-344-evojas-reno-kr-osv-283-tlen-iacute-300-led-al-46744\/#breadcrumb","itemListElement":[{"@type":"ListItem","position":1,"name":"Home","item":"https:\/\/www.koupelnapro.com\/"},{"@type":"ListItem","position":2,"name":"Products","item":"https:\/\/www.koupelnapro.com\/index.php\/products\/"},{"@type":"ListItem","position":3,"name":"Levn\u00fd D&#344;EVOJAS | RENO-KR osv&#283;tlen&iacute; 300 LED\/AL"}]},{"@type":"WebSite","@id":"https:\/\/www.koupelnapro.com\/#website","url":"https:\/\/www.koupelnapro.com\/","name":"","description":"","potentialAction":[{"@type":"SearchAction","target":{"@type":"EntryPoint","urlTemplate":"https:\/\/www.koupelnapro.com\/?s={search_term_string}"},"query-input":{"@type":"PropertyValueSpecification","valueRequired":true,"valueName":"search_term_string"}}],"inLanguage":"cs"}]}},"_links":{"self":[{"href":"https:\/\/www.koupelnapro.com\/index.php\/wp-json\/wp\/v2\/product\/46744","targetHints":{"allow":["GET"]}}],"collection":[{"href":"https:\/\/www.koupelnapro.com\/index.php\/wp-json\/wp\/v2\/product"}],"about":[{"href":"https:\/\/www.koupelnapro.com\/index.php\/wp-json\/wp\/v2\/types\/product"}],"replies":[{"embeddable":true,"href":"https:\/\/www.koupelnapro.com\/index.php\/wp-json\/wp\/v2\/comments?post=46744"}],"wp:featuredmedia":[{"embeddable":true,"href":"https:\/\/www.koupelnapro.com\/index.php\/wp-json\/wp\/v2\/media\/46844"}],"wp:attachment":[{"href":"https:\/\/www.koupelnapro.com\/index.php\/wp-json\/wp\/v2\/media?parent=46744"}],"wp:term":[{"taxonomy":"product_brand","embeddable":true,"href":"https:\/\/www.koupelnapro.com\/index.php\/wp-json\/wp\/v2\/product_brand?post=46744"},{"taxonomy":"product_cat","embeddable":true,"href":"https:\/\/www.koupelnapro.com\/index.php\/wp-json\/wp\/v2\/product_cat?post=46744"},{"taxonomy":"product_tag","embeddable":true,"href":"https:\/\/www.koupelnapro.com\/index.php\/wp-json\/wp\/v2\/product_tag?post=46744"}],"curies":[{"name":"wp","href":"https:\/\/api.w.org\/{rel}","templated":true}]}}