{"id":46738,"date":"2026-04-26T09:16:29","date_gmt":"2026-04-26T09:16:29","guid":{"rendered":""},"modified":"2026-04-26T09:16:29","modified_gmt":"2026-04-26T09:16:29","slug":"sapho-direct-otopn-yacute-382-eb-345-iacute-k-rovn-yacute-st-345-edov-eacute-p-345-ipojen-iacute-600x1680-b-iacute-l-aacute-cenove-vyhodny-46738","status":"publish","type":"product","link":"https:\/\/www.koupelnapro.com\/index.php\/produkt\/sapho-direct-otopn-yacute-382-eb-345-iacute-k-rovn-yacute-st-345-edov-eacute-p-345-ipojen-iacute-600x1680-b-iacute-l-aacute-cenove-vyhodny-46738\/","title":{"rendered":"SAPHO | DIRECT | otopn&yacute; &#382;eb&#345;&iacute;k | rovn&yacute; | st&#345;edov&eacute; p&#345;ipojen&iacute; | 600&#215;1680 | b&iacute;l&aacute; Cenov\u011b V\u00fdhodn\u00fd"},"content":{"rendered":"<p><!-- More info -->\t\t\t\t\t<\/p>\n<section id=\"idTab1\" class=\"page-product-box tab-pane active\" role=\"tabpanel\" aria-labelledby=\"idTab1\">\t\t\t\t\t\t<!-- full description -->\t\t\t\t\t\t<\/p>\n<div class=\"rte\">S\u00e9rie\t   \tDIRECT st\u0159edov\u00e9 p\u0159ipojen\u00ed<br \/>Rozm\u011br\t   \t600&#215;1680 mm<br \/>\u0160\u00ed\u0159ka\t   \t600 mm<br \/>V\u00fd\u0161ka\t   \t1680 mm<br \/>Objem\t   \t9.3 l<br \/>Barva\t   \tB\u00edl\u00e1 <br \/>Materi\u00e1l\t   \tOcel<br \/>Tvar\t   \tTvar H<br \/>Doporu\u010den\u00e1 el. topn\u00e1 ty\u010d\t1000 W<br \/>Mo\u017enost vyt\u00e1p\u011bn\u00ed\t   \tElektrick\u00e9 vyt\u00e1p\u011bn\u00ed, Kombinovan\u00e9 vyt\u00e1p\u011bn\u00ed, \u00dast\u0159edn\u00ed vyt\u00e1p\u011bn\u00ed<br \/>Um\u00edst\u011bn\u00ed p\u0159ipojen\u00ed 50 mm\tSymetrick\u00e9 (na st\u0159ed)<br \/>Rozte\u010d p\u0159ipojen\u00ed\t   \t50 mm<br \/>V\u00fdkon\t   \t                   1013 W<br \/>Teplotn\u00ed sp\u00e1d\t   \t75\/65\/20 \u00b0C<\/div>\n<\/section>\n<p>\t\t\t\t\t<!--end  More info -->\t\t\t\t\t\t\t\t\t\t\t\t\t<!-- Data sheet -->\t\t\t\t\t<\/p>\n<section id=\"idTab2\" class=\"page-product-box tab-pane\" role=\"tabpanel\" aria-labelledby=\"idTab2\">\n<table class=\"table-data-sheet\">\n<tr class=\"odd\">\n<td>Akce<\/td>\n<td>Ano <\/td>\n<\/tr>\n<tr class=\"even\">\n<td>Sleva<\/td>\n<td>Ano <\/td>\n<\/tr>\n<\/table>\n<\/section>\n<p>\t\t\t\t\t<!--end Data sheet -->\t\t\t\t\t\t\t\t\t\t\t\t\t\t\t\t\t\t\t\t\t\t\t\t\t\t\t<\/div>\n<\/p><\/div>\n<p><!--QTR Accessories --><\/p>\n","protected":false},"excerpt":{"rendered":"<p>S\u00e9rie DIRECT st\u0159edov\u00e9 p\u0159ipojen\u00edRozm\u011br 600&#215;1680 mm\u0160\u00ed\u0159ka 600 mmV\u00fd\u0161ka 1680 mmObjem 9.3 lBarva B\u00edl\u00e1 Materi\u00e1l OcelTvar Tvar HDoporu\u010den\u00e1 el. topn\u00e1 ty\u010d 1000 WMo\u017enost vyt\u00e1p\u011bn\u00ed Elektrick\u00e9 vyt\u00e1p\u011bn\u00ed, Kombinovan\u00e9 vyt\u00e1p\u011bn\u00ed, \u00dast\u0159edn\u00ed vyt\u00e1p\u011bn\u00edUm\u00edst\u011bn\u00ed p\u0159ipojen\u00ed 50 mm Symetrick\u00e9 (na st\u0159ed)Rozte\u010d p\u0159ipojen\u00ed 50 mmV\u00fdkon 1013 WTeplotn\u00ed sp\u00e1d 75\/65\/20 \u00b0C Akce Ano Sleva Ano<\/p>\n","protected":false},"featured_media":46838,"comment_status":"open","ping_status":"open","template":"","meta":[],"product_brand":[],"product_cat":[160,159],"product_tag":[],"class_list":{"0":"post-46738","1":"product","2":"type-product","3":"status-publish","4":"has-post-thumbnail","6":"product_cat-sleva","7":"product_cat-v-yacute-prodej","9":"first","10":"instock","11":"sale","12":"shipping-taxable","13":"purchasable","14":"product-type-simple"},"yoast_head":"<!-- This site is optimized with the Yoast SEO plugin v26.8 - https:\/\/yoast.com\/product\/yoast-seo-wordpress\/ -->\n<title>SAPHO | DIRECT | otopn&yacute; &#382;eb&#345;&iacute;k | rovn&yacute; | st&#345;edov&eacute; p&#345;ipojen&iacute; | 600x1680 | b&iacute;l&aacute; Cenov\u011b V\u00fdhodn\u00fd -<\/title>\n<meta name=\"robots\" content=\"index, follow, max-snippet:-1, max-image-preview:large, max-video-preview:-1\" \/>\n<link rel=\"canonical\" href=\"https:\/\/www.koupelnapro.com\/index.php\/produkt\/sapho-direct-otopn-yacute-382-eb-345-iacute-k-rovn-yacute-st-345-edov-eacute-p-345-ipojen-iacute-600x1680-b-iacute-l-aacute-cenove-vyhodny-46738\/\" \/>\n<meta property=\"og:locale\" content=\"cs_CZ\" \/>\n<meta property=\"og:type\" content=\"article\" \/>\n<meta property=\"og:title\" content=\"SAPHO | DIRECT | otopn&yacute; &#382;eb&#345;&iacute;k | rovn&yacute; | st&#345;edov&eacute; p&#345;ipojen&iacute; | 600x1680 | b&iacute;l&aacute; Cenov\u011b V\u00fdhodn\u00fd -\" \/>\n<meta property=\"og:description\" content=\"S\u00e9rie DIRECT st\u0159edov\u00e9 p\u0159ipojen\u00edRozm\u011br 600&#215;1680 mm\u0160\u00ed\u0159ka 600 mmV\u00fd\u0161ka 1680 mmObjem 9.3 lBarva B\u00edl\u00e1 Materi\u00e1l OcelTvar Tvar HDoporu\u010den\u00e1 el. topn\u00e1 ty\u010d 1000 WMo\u017enost vyt\u00e1p\u011bn\u00ed Elektrick\u00e9 vyt\u00e1p\u011bn\u00ed, Kombinovan\u00e9 vyt\u00e1p\u011bn\u00ed, \u00dast\u0159edn\u00ed vyt\u00e1p\u011bn\u00edUm\u00edst\u011bn\u00ed p\u0159ipojen\u00ed 50 mm Symetrick\u00e9 (na st\u0159ed)Rozte\u010d p\u0159ipojen\u00ed 50 mmV\u00fdkon 1013 WTeplotn\u00ed sp\u00e1d 75\/65\/20 \u00b0C Akce Ano Sleva Ano\" \/>\n<meta property=\"og:url\" content=\"https:\/\/www.koupelnapro.com\/index.php\/produkt\/sapho-direct-otopn-yacute-382-eb-345-iacute-k-rovn-yacute-st-345-edov-eacute-p-345-ipojen-iacute-600x1680-b-iacute-l-aacute-cenove-vyhodny-46738\/\" \/>\n<meta property=\"og:image\" content=\"https:\/\/www.koupelnapro.com\/wp-content\/uploads\/2026\/SK0003360-CZ20260425-093107-0-1777080667-64460-large_default.webp\" \/>\n\t<meta property=\"og:image:width\" content=\"470\" \/>\n\t<meta property=\"og:image:height\" content=\"470\" \/>\n\t<meta property=\"og:image:type\" content=\"image\/webp\" \/>\n<meta name=\"twitter:card\" content=\"summary_large_image\" \/>\n<script type=\"application\/ld+json\" class=\"yoast-schema-graph\">{\"@context\":\"https:\/\/schema.org\",\"@graph\":[{\"@type\":\"WebPage\",\"@id\":\"https:\/\/www.koupelnapro.com\/index.php\/produkt\/sapho-direct-otopn-yacute-382-eb-345-iacute-k-rovn-yacute-st-345-edov-eacute-p-345-ipojen-iacute-600x1680-b-iacute-l-aacute-cenove-vyhodny-46738\/\",\"url\":\"https:\/\/www.koupelnapro.com\/index.php\/produkt\/sapho-direct-otopn-yacute-382-eb-345-iacute-k-rovn-yacute-st-345-edov-eacute-p-345-ipojen-iacute-600x1680-b-iacute-l-aacute-cenove-vyhodny-46738\/\",\"name\":\"SAPHO | DIRECT | otopn&yacute; &#382;eb&#345;&iacute;k | rovn&yacute; | st&#345;edov&eacute; p&#345;ipojen&iacute; | 600x1680 | b&iacute;l&aacute; Cenov\u011b V\u00fdhodn\u00fd -\",\"isPartOf\":{\"@id\":\"https:\/\/www.koupelnapro.com\/#website\"},\"primaryImageOfPage\":{\"@id\":\"https:\/\/www.koupelnapro.com\/index.php\/produkt\/sapho-direct-otopn-yacute-382-eb-345-iacute-k-rovn-yacute-st-345-edov-eacute-p-345-ipojen-iacute-600x1680-b-iacute-l-aacute-cenove-vyhodny-46738\/#primaryimage\"},\"image\":{\"@id\":\"https:\/\/www.koupelnapro.com\/index.php\/produkt\/sapho-direct-otopn-yacute-382-eb-345-iacute-k-rovn-yacute-st-345-edov-eacute-p-345-ipojen-iacute-600x1680-b-iacute-l-aacute-cenove-vyhodny-46738\/#primaryimage\"},\"thumbnailUrl\":\"https:\/\/www.koupelnapro.com\/wp-content\/uploads\/2026\/SK0003360-CZ20260425-093107-0-1777080667-64460-large_default.webp\",\"datePublished\":\"2026-04-26T09:16:29+00:00\",\"breadcrumb\":{\"@id\":\"https:\/\/www.koupelnapro.com\/index.php\/produkt\/sapho-direct-otopn-yacute-382-eb-345-iacute-k-rovn-yacute-st-345-edov-eacute-p-345-ipojen-iacute-600x1680-b-iacute-l-aacute-cenove-vyhodny-46738\/#breadcrumb\"},\"inLanguage\":\"cs\",\"potentialAction\":[{\"@type\":\"ReadAction\",\"target\":[\"https:\/\/www.koupelnapro.com\/index.php\/produkt\/sapho-direct-otopn-yacute-382-eb-345-iacute-k-rovn-yacute-st-345-edov-eacute-p-345-ipojen-iacute-600x1680-b-iacute-l-aacute-cenove-vyhodny-46738\/\"]}]},{\"@type\":\"ImageObject\",\"inLanguage\":\"cs\",\"@id\":\"https:\/\/www.koupelnapro.com\/index.php\/produkt\/sapho-direct-otopn-yacute-382-eb-345-iacute-k-rovn-yacute-st-345-edov-eacute-p-345-ipojen-iacute-600x1680-b-iacute-l-aacute-cenove-vyhodny-46738\/#primaryimage\",\"url\":\"https:\/\/www.koupelnapro.com\/wp-content\/uploads\/2026\/SK0003360-CZ20260425-093107-0-1777080667-64460-large_default.webp\",\"contentUrl\":\"https:\/\/www.koupelnapro.com\/wp-content\/uploads\/2026\/SK0003360-CZ20260425-093107-0-1777080667-64460-large_default.webp\",\"width\":470,\"height\":470},{\"@type\":\"BreadcrumbList\",\"@id\":\"https:\/\/www.koupelnapro.com\/index.php\/produkt\/sapho-direct-otopn-yacute-382-eb-345-iacute-k-rovn-yacute-st-345-edov-eacute-p-345-ipojen-iacute-600x1680-b-iacute-l-aacute-cenove-vyhodny-46738\/#breadcrumb\",\"itemListElement\":[{\"@type\":\"ListItem\",\"position\":1,\"name\":\"Home\",\"item\":\"https:\/\/www.koupelnapro.com\/\"},{\"@type\":\"ListItem\",\"position\":2,\"name\":\"Products\",\"item\":\"https:\/\/www.koupelnapro.com\/index.php\/products\/\"},{\"@type\":\"ListItem\",\"position\":3,\"name\":\"SAPHO | DIRECT | otopn&yacute; &#382;eb&#345;&iacute;k | rovn&yacute; | st&#345;edov&eacute; p&#345;ipojen&iacute; | 600&#215;1680 | b&iacute;l&aacute; Cenov\u011b V\u00fdhodn\u00fd\"}]},{\"@type\":\"WebSite\",\"@id\":\"https:\/\/www.koupelnapro.com\/#website\",\"url\":\"https:\/\/www.koupelnapro.com\/\",\"name\":\"\",\"description\":\"\",\"potentialAction\":[{\"@type\":\"SearchAction\",\"target\":{\"@type\":\"EntryPoint\",\"urlTemplate\":\"https:\/\/www.koupelnapro.com\/?s={search_term_string}\"},\"query-input\":{\"@type\":\"PropertyValueSpecification\",\"valueRequired\":true,\"valueName\":\"search_term_string\"}}],\"inLanguage\":\"cs\"}]}<\/script>\n<!-- \/ Yoast SEO plugin. -->","yoast_head_json":{"title":"SAPHO | DIRECT | otopn&yacute; &#382;eb&#345;&iacute;k | rovn&yacute; | st&#345;edov&eacute; p&#345;ipojen&iacute; | 600x1680 | b&iacute;l&aacute; Cenov\u011b V\u00fdhodn\u00fd -","robots":{"index":"index","follow":"follow","max-snippet":"max-snippet:-1","max-image-preview":"max-image-preview:large","max-video-preview":"max-video-preview:-1"},"canonical":"https:\/\/www.koupelnapro.com\/index.php\/produkt\/sapho-direct-otopn-yacute-382-eb-345-iacute-k-rovn-yacute-st-345-edov-eacute-p-345-ipojen-iacute-600x1680-b-iacute-l-aacute-cenove-vyhodny-46738\/","og_locale":"cs_CZ","og_type":"article","og_title":"SAPHO | DIRECT | otopn&yacute; &#382;eb&#345;&iacute;k | rovn&yacute; | st&#345;edov&eacute; p&#345;ipojen&iacute; | 600x1680 | b&iacute;l&aacute; Cenov\u011b V\u00fdhodn\u00fd -","og_description":"S\u00e9rie DIRECT st\u0159edov\u00e9 p\u0159ipojen\u00edRozm\u011br 600&#215;1680 mm\u0160\u00ed\u0159ka 600 mmV\u00fd\u0161ka 1680 mmObjem 9.3 lBarva B\u00edl\u00e1 Materi\u00e1l OcelTvar Tvar HDoporu\u010den\u00e1 el. topn\u00e1 ty\u010d 1000 WMo\u017enost vyt\u00e1p\u011bn\u00ed Elektrick\u00e9 vyt\u00e1p\u011bn\u00ed, Kombinovan\u00e9 vyt\u00e1p\u011bn\u00ed, \u00dast\u0159edn\u00ed vyt\u00e1p\u011bn\u00edUm\u00edst\u011bn\u00ed p\u0159ipojen\u00ed 50 mm Symetrick\u00e9 (na st\u0159ed)Rozte\u010d p\u0159ipojen\u00ed 50 mmV\u00fdkon 1013 WTeplotn\u00ed sp\u00e1d 75\/65\/20 \u00b0C Akce Ano Sleva Ano","og_url":"https:\/\/www.koupelnapro.com\/index.php\/produkt\/sapho-direct-otopn-yacute-382-eb-345-iacute-k-rovn-yacute-st-345-edov-eacute-p-345-ipojen-iacute-600x1680-b-iacute-l-aacute-cenove-vyhodny-46738\/","og_image":[{"width":470,"height":470,"url":"https:\/\/www.koupelnapro.com\/wp-content\/uploads\/2026\/SK0003360-CZ20260425-093107-0-1777080667-64460-large_default.webp","type":"image\/webp"}],"twitter_card":"summary_large_image","schema":{"@context":"https:\/\/schema.org","@graph":[{"@type":"WebPage","@id":"https:\/\/www.koupelnapro.com\/index.php\/produkt\/sapho-direct-otopn-yacute-382-eb-345-iacute-k-rovn-yacute-st-345-edov-eacute-p-345-ipojen-iacute-600x1680-b-iacute-l-aacute-cenove-vyhodny-46738\/","url":"https:\/\/www.koupelnapro.com\/index.php\/produkt\/sapho-direct-otopn-yacute-382-eb-345-iacute-k-rovn-yacute-st-345-edov-eacute-p-345-ipojen-iacute-600x1680-b-iacute-l-aacute-cenove-vyhodny-46738\/","name":"SAPHO | DIRECT | otopn&yacute; &#382;eb&#345;&iacute;k | rovn&yacute; | st&#345;edov&eacute; p&#345;ipojen&iacute; | 600x1680 | b&iacute;l&aacute; Cenov\u011b V\u00fdhodn\u00fd -","isPartOf":{"@id":"https:\/\/www.koupelnapro.com\/#website"},"primaryImageOfPage":{"@id":"https:\/\/www.koupelnapro.com\/index.php\/produkt\/sapho-direct-otopn-yacute-382-eb-345-iacute-k-rovn-yacute-st-345-edov-eacute-p-345-ipojen-iacute-600x1680-b-iacute-l-aacute-cenove-vyhodny-46738\/#primaryimage"},"image":{"@id":"https:\/\/www.koupelnapro.com\/index.php\/produkt\/sapho-direct-otopn-yacute-382-eb-345-iacute-k-rovn-yacute-st-345-edov-eacute-p-345-ipojen-iacute-600x1680-b-iacute-l-aacute-cenove-vyhodny-46738\/#primaryimage"},"thumbnailUrl":"https:\/\/www.koupelnapro.com\/wp-content\/uploads\/2026\/SK0003360-CZ20260425-093107-0-1777080667-64460-large_default.webp","datePublished":"2026-04-26T09:16:29+00:00","breadcrumb":{"@id":"https:\/\/www.koupelnapro.com\/index.php\/produkt\/sapho-direct-otopn-yacute-382-eb-345-iacute-k-rovn-yacute-st-345-edov-eacute-p-345-ipojen-iacute-600x1680-b-iacute-l-aacute-cenove-vyhodny-46738\/#breadcrumb"},"inLanguage":"cs","potentialAction":[{"@type":"ReadAction","target":["https:\/\/www.koupelnapro.com\/index.php\/produkt\/sapho-direct-otopn-yacute-382-eb-345-iacute-k-rovn-yacute-st-345-edov-eacute-p-345-ipojen-iacute-600x1680-b-iacute-l-aacute-cenove-vyhodny-46738\/"]}]},{"@type":"ImageObject","inLanguage":"cs","@id":"https:\/\/www.koupelnapro.com\/index.php\/produkt\/sapho-direct-otopn-yacute-382-eb-345-iacute-k-rovn-yacute-st-345-edov-eacute-p-345-ipojen-iacute-600x1680-b-iacute-l-aacute-cenove-vyhodny-46738\/#primaryimage","url":"https:\/\/www.koupelnapro.com\/wp-content\/uploads\/2026\/SK0003360-CZ20260425-093107-0-1777080667-64460-large_default.webp","contentUrl":"https:\/\/www.koupelnapro.com\/wp-content\/uploads\/2026\/SK0003360-CZ20260425-093107-0-1777080667-64460-large_default.webp","width":470,"height":470},{"@type":"BreadcrumbList","@id":"https:\/\/www.koupelnapro.com\/index.php\/produkt\/sapho-direct-otopn-yacute-382-eb-345-iacute-k-rovn-yacute-st-345-edov-eacute-p-345-ipojen-iacute-600x1680-b-iacute-l-aacute-cenove-vyhodny-46738\/#breadcrumb","itemListElement":[{"@type":"ListItem","position":1,"name":"Home","item":"https:\/\/www.koupelnapro.com\/"},{"@type":"ListItem","position":2,"name":"Products","item":"https:\/\/www.koupelnapro.com\/index.php\/products\/"},{"@type":"ListItem","position":3,"name":"SAPHO | DIRECT | otopn&yacute; &#382;eb&#345;&iacute;k | rovn&yacute; | st&#345;edov&eacute; p&#345;ipojen&iacute; | 600&#215;1680 | b&iacute;l&aacute; Cenov\u011b V\u00fdhodn\u00fd"}]},{"@type":"WebSite","@id":"https:\/\/www.koupelnapro.com\/#website","url":"https:\/\/www.koupelnapro.com\/","name":"","description":"","potentialAction":[{"@type":"SearchAction","target":{"@type":"EntryPoint","urlTemplate":"https:\/\/www.koupelnapro.com\/?s={search_term_string}"},"query-input":{"@type":"PropertyValueSpecification","valueRequired":true,"valueName":"search_term_string"}}],"inLanguage":"cs"}]}},"_links":{"self":[{"href":"https:\/\/www.koupelnapro.com\/index.php\/wp-json\/wp\/v2\/product\/46738","targetHints":{"allow":["GET"]}}],"collection":[{"href":"https:\/\/www.koupelnapro.com\/index.php\/wp-json\/wp\/v2\/product"}],"about":[{"href":"https:\/\/www.koupelnapro.com\/index.php\/wp-json\/wp\/v2\/types\/product"}],"replies":[{"embeddable":true,"href":"https:\/\/www.koupelnapro.com\/index.php\/wp-json\/wp\/v2\/comments?post=46738"}],"wp:featuredmedia":[{"embeddable":true,"href":"https:\/\/www.koupelnapro.com\/index.php\/wp-json\/wp\/v2\/media\/46838"}],"wp:attachment":[{"href":"https:\/\/www.koupelnapro.com\/index.php\/wp-json\/wp\/v2\/media?parent=46738"}],"wp:term":[{"taxonomy":"product_brand","embeddable":true,"href":"https:\/\/www.koupelnapro.com\/index.php\/wp-json\/wp\/v2\/product_brand?post=46738"},{"taxonomy":"product_cat","embeddable":true,"href":"https:\/\/www.koupelnapro.com\/index.php\/wp-json\/wp\/v2\/product_cat?post=46738"},{"taxonomy":"product_tag","embeddable":true,"href":"https:\/\/www.koupelnapro.com\/index.php\/wp-json\/wp\/v2\/product_tag?post=46738"}],"curies":[{"name":"wp","href":"https:\/\/api.w.org\/{rel}","templated":true}]}}