{"id":46737,"date":"2026-04-26T09:16:29","date_gmt":"2026-04-26T09:16:29","guid":{"rendered":""},"modified":"2026-04-26T09:16:29","modified_gmt":"2026-04-26T09:16:29","slug":"casove-omezene-hg-metropol-vanov-aacute-n-aacute-st-283-nn-aacute-baterie-bez-p-345-iacute-slu-scaron-enstv-iacute-rozte-269-150mm-chrom-46737","status":"publish","type":"product","link":"https:\/\/www.koupelnapro.com\/index.php\/produkt\/casove-omezene-hg-metropol-vanov-aacute-n-aacute-st-283-nn-aacute-baterie-bez-p-345-iacute-slu-scaron-enstv-iacute-rozte-269-150mm-chrom-46737\/","title":{"rendered":"\u010casov\u011b Omezen\u00e9 HG | METROPOL | vanov&aacute; n&aacute;st&#283;nn&aacute; baterie bez p&#345;&iacute;slu&scaron;enstv&iacute; | rozte&#269; 150mm | chrom"},"content":{"rendered":"<p><!-- Data sheet -->\t\t\t\t\t<\/p>\n<section id=\"idTab2\" class=\"page-product-box tab-pane\" role=\"tabpanel\" aria-labelledby=\"idTab2\">\n<table class=\"table-data-sheet\">\n<tr class=\"odd\">\n<td>Akce<\/td>\n<td>Ano <\/td>\n<\/tr>\n<tr class=\"even\">\n<td>Sleva<\/td>\n<td>Ano <\/td>\n<\/tr>\n<\/table>\n<\/section>\n<p>\t\t\t\t\t<!--end Data sheet -->\t\t\t\t\t\t\t\t\t\t\t\t\t\t\t\t\t\t\t\t\t\t\t\t\t\t\t<\/div>\n<\/p><\/div>\n<p><!--QTR Accessories --><\/p>\n","protected":false},"excerpt":{"rendered":"<p>Akce Ano Sleva Ano<\/p>\n","protected":false},"featured_media":46837,"comment_status":"open","ping_status":"open","template":"","meta":[],"product_brand":[],"product_cat":[160,159],"product_tag":[],"class_list":{"0":"post-46737","1":"product","2":"type-product","3":"status-publish","4":"has-post-thumbnail","6":"product_cat-sleva","7":"product_cat-v-yacute-prodej","9":"first","10":"instock","11":"sale","12":"shipping-taxable","13":"purchasable","14":"product-type-simple"},"yoast_head":"<!-- This site is optimized with the Yoast SEO plugin v26.8 - https:\/\/yoast.com\/product\/yoast-seo-wordpress\/ -->\n<title>\u010casov\u011b Omezen\u00e9 HG | METROPOL | vanov&aacute; n&aacute;st&#283;nn&aacute; baterie bez p&#345;&iacute;slu&scaron;enstv&iacute; | rozte&#269; 150mm | chrom -<\/title>\n<meta name=\"robots\" content=\"index, follow, max-snippet:-1, max-image-preview:large, max-video-preview:-1\" \/>\n<link rel=\"canonical\" href=\"https:\/\/www.koupelnapro.com\/index.php\/produkt\/casove-omezene-hg-metropol-vanov-aacute-n-aacute-st-283-nn-aacute-baterie-bez-p-345-iacute-slu-scaron-enstv-iacute-rozte-269-150mm-chrom-46737\/\" \/>\n<meta property=\"og:locale\" content=\"cs_CZ\" \/>\n<meta property=\"og:type\" content=\"article\" \/>\n<meta property=\"og:title\" content=\"\u010casov\u011b Omezen\u00e9 HG | METROPOL | vanov&aacute; n&aacute;st&#283;nn&aacute; baterie bez p&#345;&iacute;slu&scaron;enstv&iacute; | rozte&#269; 150mm | chrom -\" \/>\n<meta property=\"og:description\" content=\"Akce Ano Sleva Ano\" \/>\n<meta property=\"og:url\" content=\"https:\/\/www.koupelnapro.com\/index.php\/produkt\/casove-omezene-hg-metropol-vanov-aacute-n-aacute-st-283-nn-aacute-baterie-bez-p-345-iacute-slu-scaron-enstv-iacute-rozte-269-150mm-chrom-46737\/\" \/>\n<meta property=\"og:image\" content=\"https:\/\/www.koupelnapro.com\/wp-content\/uploads\/2026\/SK0003359-CZ20260425-093107-0-1777080667-64459-large_default.webp\" \/>\n\t<meta property=\"og:image:width\" content=\"470\" \/>\n\t<meta property=\"og:image:height\" content=\"470\" \/>\n\t<meta property=\"og:image:type\" content=\"image\/webp\" \/>\n<meta name=\"twitter:card\" content=\"summary_large_image\" \/>\n<script type=\"application\/ld+json\" class=\"yoast-schema-graph\">{\"@context\":\"https:\/\/schema.org\",\"@graph\":[{\"@type\":\"WebPage\",\"@id\":\"https:\/\/www.koupelnapro.com\/index.php\/produkt\/casove-omezene-hg-metropol-vanov-aacute-n-aacute-st-283-nn-aacute-baterie-bez-p-345-iacute-slu-scaron-enstv-iacute-rozte-269-150mm-chrom-46737\/\",\"url\":\"https:\/\/www.koupelnapro.com\/index.php\/produkt\/casove-omezene-hg-metropol-vanov-aacute-n-aacute-st-283-nn-aacute-baterie-bez-p-345-iacute-slu-scaron-enstv-iacute-rozte-269-150mm-chrom-46737\/\",\"name\":\"\u010casov\u011b Omezen\u00e9 HG | METROPOL | vanov&aacute; n&aacute;st&#283;nn&aacute; baterie bez p&#345;&iacute;slu&scaron;enstv&iacute; | rozte&#269; 150mm | chrom -\",\"isPartOf\":{\"@id\":\"https:\/\/www.koupelnapro.com\/#website\"},\"primaryImageOfPage\":{\"@id\":\"https:\/\/www.koupelnapro.com\/index.php\/produkt\/casove-omezene-hg-metropol-vanov-aacute-n-aacute-st-283-nn-aacute-baterie-bez-p-345-iacute-slu-scaron-enstv-iacute-rozte-269-150mm-chrom-46737\/#primaryimage\"},\"image\":{\"@id\":\"https:\/\/www.koupelnapro.com\/index.php\/produkt\/casove-omezene-hg-metropol-vanov-aacute-n-aacute-st-283-nn-aacute-baterie-bez-p-345-iacute-slu-scaron-enstv-iacute-rozte-269-150mm-chrom-46737\/#primaryimage\"},\"thumbnailUrl\":\"https:\/\/www.koupelnapro.com\/wp-content\/uploads\/2026\/SK0003359-CZ20260425-093107-0-1777080667-64459-large_default.webp\",\"datePublished\":\"2026-04-26T09:16:29+00:00\",\"breadcrumb\":{\"@id\":\"https:\/\/www.koupelnapro.com\/index.php\/produkt\/casove-omezene-hg-metropol-vanov-aacute-n-aacute-st-283-nn-aacute-baterie-bez-p-345-iacute-slu-scaron-enstv-iacute-rozte-269-150mm-chrom-46737\/#breadcrumb\"},\"inLanguage\":\"cs\",\"potentialAction\":[{\"@type\":\"ReadAction\",\"target\":[\"https:\/\/www.koupelnapro.com\/index.php\/produkt\/casove-omezene-hg-metropol-vanov-aacute-n-aacute-st-283-nn-aacute-baterie-bez-p-345-iacute-slu-scaron-enstv-iacute-rozte-269-150mm-chrom-46737\/\"]}]},{\"@type\":\"ImageObject\",\"inLanguage\":\"cs\",\"@id\":\"https:\/\/www.koupelnapro.com\/index.php\/produkt\/casove-omezene-hg-metropol-vanov-aacute-n-aacute-st-283-nn-aacute-baterie-bez-p-345-iacute-slu-scaron-enstv-iacute-rozte-269-150mm-chrom-46737\/#primaryimage\",\"url\":\"https:\/\/www.koupelnapro.com\/wp-content\/uploads\/2026\/SK0003359-CZ20260425-093107-0-1777080667-64459-large_default.webp\",\"contentUrl\":\"https:\/\/www.koupelnapro.com\/wp-content\/uploads\/2026\/SK0003359-CZ20260425-093107-0-1777080667-64459-large_default.webp\",\"width\":470,\"height\":470},{\"@type\":\"BreadcrumbList\",\"@id\":\"https:\/\/www.koupelnapro.com\/index.php\/produkt\/casove-omezene-hg-metropol-vanov-aacute-n-aacute-st-283-nn-aacute-baterie-bez-p-345-iacute-slu-scaron-enstv-iacute-rozte-269-150mm-chrom-46737\/#breadcrumb\",\"itemListElement\":[{\"@type\":\"ListItem\",\"position\":1,\"name\":\"Home\",\"item\":\"https:\/\/www.koupelnapro.com\/\"},{\"@type\":\"ListItem\",\"position\":2,\"name\":\"Products\",\"item\":\"https:\/\/www.koupelnapro.com\/index.php\/products\/\"},{\"@type\":\"ListItem\",\"position\":3,\"name\":\"\u010casov\u011b Omezen\u00e9 HG | METROPOL | vanov&aacute; n&aacute;st&#283;nn&aacute; baterie bez p&#345;&iacute;slu&scaron;enstv&iacute; | rozte&#269; 150mm | chrom\"}]},{\"@type\":\"WebSite\",\"@id\":\"https:\/\/www.koupelnapro.com\/#website\",\"url\":\"https:\/\/www.koupelnapro.com\/\",\"name\":\"\",\"description\":\"\",\"potentialAction\":[{\"@type\":\"SearchAction\",\"target\":{\"@type\":\"EntryPoint\",\"urlTemplate\":\"https:\/\/www.koupelnapro.com\/?s={search_term_string}\"},\"query-input\":{\"@type\":\"PropertyValueSpecification\",\"valueRequired\":true,\"valueName\":\"search_term_string\"}}],\"inLanguage\":\"cs\"}]}<\/script>\n<!-- \/ Yoast SEO plugin. -->","yoast_head_json":{"title":"\u010casov\u011b Omezen\u00e9 HG | METROPOL | vanov&aacute; n&aacute;st&#283;nn&aacute; baterie bez p&#345;&iacute;slu&scaron;enstv&iacute; | rozte&#269; 150mm | chrom -","robots":{"index":"index","follow":"follow","max-snippet":"max-snippet:-1","max-image-preview":"max-image-preview:large","max-video-preview":"max-video-preview:-1"},"canonical":"https:\/\/www.koupelnapro.com\/index.php\/produkt\/casove-omezene-hg-metropol-vanov-aacute-n-aacute-st-283-nn-aacute-baterie-bez-p-345-iacute-slu-scaron-enstv-iacute-rozte-269-150mm-chrom-46737\/","og_locale":"cs_CZ","og_type":"article","og_title":"\u010casov\u011b Omezen\u00e9 HG | METROPOL | vanov&aacute; n&aacute;st&#283;nn&aacute; baterie bez p&#345;&iacute;slu&scaron;enstv&iacute; | rozte&#269; 150mm | chrom -","og_description":"Akce Ano Sleva Ano","og_url":"https:\/\/www.koupelnapro.com\/index.php\/produkt\/casove-omezene-hg-metropol-vanov-aacute-n-aacute-st-283-nn-aacute-baterie-bez-p-345-iacute-slu-scaron-enstv-iacute-rozte-269-150mm-chrom-46737\/","og_image":[{"width":470,"height":470,"url":"https:\/\/www.koupelnapro.com\/wp-content\/uploads\/2026\/SK0003359-CZ20260425-093107-0-1777080667-64459-large_default.webp","type":"image\/webp"}],"twitter_card":"summary_large_image","schema":{"@context":"https:\/\/schema.org","@graph":[{"@type":"WebPage","@id":"https:\/\/www.koupelnapro.com\/index.php\/produkt\/casove-omezene-hg-metropol-vanov-aacute-n-aacute-st-283-nn-aacute-baterie-bez-p-345-iacute-slu-scaron-enstv-iacute-rozte-269-150mm-chrom-46737\/","url":"https:\/\/www.koupelnapro.com\/index.php\/produkt\/casove-omezene-hg-metropol-vanov-aacute-n-aacute-st-283-nn-aacute-baterie-bez-p-345-iacute-slu-scaron-enstv-iacute-rozte-269-150mm-chrom-46737\/","name":"\u010casov\u011b Omezen\u00e9 HG | METROPOL | vanov&aacute; n&aacute;st&#283;nn&aacute; baterie bez p&#345;&iacute;slu&scaron;enstv&iacute; | rozte&#269; 150mm | chrom -","isPartOf":{"@id":"https:\/\/www.koupelnapro.com\/#website"},"primaryImageOfPage":{"@id":"https:\/\/www.koupelnapro.com\/index.php\/produkt\/casove-omezene-hg-metropol-vanov-aacute-n-aacute-st-283-nn-aacute-baterie-bez-p-345-iacute-slu-scaron-enstv-iacute-rozte-269-150mm-chrom-46737\/#primaryimage"},"image":{"@id":"https:\/\/www.koupelnapro.com\/index.php\/produkt\/casove-omezene-hg-metropol-vanov-aacute-n-aacute-st-283-nn-aacute-baterie-bez-p-345-iacute-slu-scaron-enstv-iacute-rozte-269-150mm-chrom-46737\/#primaryimage"},"thumbnailUrl":"https:\/\/www.koupelnapro.com\/wp-content\/uploads\/2026\/SK0003359-CZ20260425-093107-0-1777080667-64459-large_default.webp","datePublished":"2026-04-26T09:16:29+00:00","breadcrumb":{"@id":"https:\/\/www.koupelnapro.com\/index.php\/produkt\/casove-omezene-hg-metropol-vanov-aacute-n-aacute-st-283-nn-aacute-baterie-bez-p-345-iacute-slu-scaron-enstv-iacute-rozte-269-150mm-chrom-46737\/#breadcrumb"},"inLanguage":"cs","potentialAction":[{"@type":"ReadAction","target":["https:\/\/www.koupelnapro.com\/index.php\/produkt\/casove-omezene-hg-metropol-vanov-aacute-n-aacute-st-283-nn-aacute-baterie-bez-p-345-iacute-slu-scaron-enstv-iacute-rozte-269-150mm-chrom-46737\/"]}]},{"@type":"ImageObject","inLanguage":"cs","@id":"https:\/\/www.koupelnapro.com\/index.php\/produkt\/casove-omezene-hg-metropol-vanov-aacute-n-aacute-st-283-nn-aacute-baterie-bez-p-345-iacute-slu-scaron-enstv-iacute-rozte-269-150mm-chrom-46737\/#primaryimage","url":"https:\/\/www.koupelnapro.com\/wp-content\/uploads\/2026\/SK0003359-CZ20260425-093107-0-1777080667-64459-large_default.webp","contentUrl":"https:\/\/www.koupelnapro.com\/wp-content\/uploads\/2026\/SK0003359-CZ20260425-093107-0-1777080667-64459-large_default.webp","width":470,"height":470},{"@type":"BreadcrumbList","@id":"https:\/\/www.koupelnapro.com\/index.php\/produkt\/casove-omezene-hg-metropol-vanov-aacute-n-aacute-st-283-nn-aacute-baterie-bez-p-345-iacute-slu-scaron-enstv-iacute-rozte-269-150mm-chrom-46737\/#breadcrumb","itemListElement":[{"@type":"ListItem","position":1,"name":"Home","item":"https:\/\/www.koupelnapro.com\/"},{"@type":"ListItem","position":2,"name":"Products","item":"https:\/\/www.koupelnapro.com\/index.php\/products\/"},{"@type":"ListItem","position":3,"name":"\u010casov\u011b Omezen\u00e9 HG | METROPOL | vanov&aacute; n&aacute;st&#283;nn&aacute; baterie bez p&#345;&iacute;slu&scaron;enstv&iacute; | rozte&#269; 150mm | chrom"}]},{"@type":"WebSite","@id":"https:\/\/www.koupelnapro.com\/#website","url":"https:\/\/www.koupelnapro.com\/","name":"","description":"","potentialAction":[{"@type":"SearchAction","target":{"@type":"EntryPoint","urlTemplate":"https:\/\/www.koupelnapro.com\/?s={search_term_string}"},"query-input":{"@type":"PropertyValueSpecification","valueRequired":true,"valueName":"search_term_string"}}],"inLanguage":"cs"}]}},"_links":{"self":[{"href":"https:\/\/www.koupelnapro.com\/index.php\/wp-json\/wp\/v2\/product\/46737","targetHints":{"allow":["GET"]}}],"collection":[{"href":"https:\/\/www.koupelnapro.com\/index.php\/wp-json\/wp\/v2\/product"}],"about":[{"href":"https:\/\/www.koupelnapro.com\/index.php\/wp-json\/wp\/v2\/types\/product"}],"replies":[{"embeddable":true,"href":"https:\/\/www.koupelnapro.com\/index.php\/wp-json\/wp\/v2\/comments?post=46737"}],"wp:featuredmedia":[{"embeddable":true,"href":"https:\/\/www.koupelnapro.com\/index.php\/wp-json\/wp\/v2\/media\/46837"}],"wp:attachment":[{"href":"https:\/\/www.koupelnapro.com\/index.php\/wp-json\/wp\/v2\/media?parent=46737"}],"wp:term":[{"taxonomy":"product_brand","embeddable":true,"href":"https:\/\/www.koupelnapro.com\/index.php\/wp-json\/wp\/v2\/product_brand?post=46737"},{"taxonomy":"product_cat","embeddable":true,"href":"https:\/\/www.koupelnapro.com\/index.php\/wp-json\/wp\/v2\/product_cat?post=46737"},{"taxonomy":"product_tag","embeddable":true,"href":"https:\/\/www.koupelnapro.com\/index.php\/wp-json\/wp\/v2\/product_tag?post=46737"}],"curies":[{"name":"wp","href":"https:\/\/api.w.org\/{rel}","templated":true}]}}