{"id":46700,"date":"2026-04-26T09:16:29","date_gmt":"2026-04-26T09:16:29","guid":{"rendered":""},"modified":"2026-04-26T09:16:29","modified_gmt":"2026-04-26T09:16:29","slug":"34101-hlad-iacute-tko-styrohart-zkosen-eacute-80x350-super-cena-46700","status":"publish","type":"product","link":"https:\/\/www.koupelnapro.com\/index.php\/produkt\/34101-hlad-iacute-tko-styrohart-zkosen-eacute-80x350-super-cena-46700\/","title":{"rendered":"34101 | hlad&iacute;tko STYROHART zkosen&eacute; | 80&#215;350 Super Cena"},"content":{"rendered":"<p><!-- More info -->\t\t\t\t\t<\/p>\n<section id=\"idTab1\" class=\"page-product-box tab-pane active\" role=\"tabpanel\" aria-labelledby=\"idTab1\">\t\t\t\t\t\t<!-- full description -->\t\t\t\t\t\t<\/p>\n<div class=\"rte\">Hlad\u00edtko polystyrenov\u00e9 80 x 350 mm zkosen\u00e9. Je celo-polystyrenov\u00e9, plave na vod\u011b, nem\u011blo by se potopit v k\u00fdblu s vodou. Hlad\u00edtko se pou\u017e\u00edv\u00e1 k vyhlazov\u00e1n\u00ed a nan\u00e1\u0161en\u00ed om\u00edtek, lepidel, malty a dal\u0161\u00edch materi\u00e1l\u016f. Je vhodn\u00e9 pro uhlazov\u00e1n\u00ed r\u016fzn\u00fdch om\u00edtek a st\u011brek.<\/div>\n<\/section>\n<p>\t\t\t\t\t<!--end  More info -->\t\t\t\t\t\t\t\t\t\t\t\t\t\t\t\t\t\t\t\t\t\t\t\t\t\t\t\t\t\t\t<\/div>\n<\/p><\/div>\n<p><!--QTR Accessories --><\/p>\n","protected":false},"excerpt":{"rendered":"<p>Hlad\u00edtko polystyrenov\u00e9 80 x 350 mm zkosen\u00e9. Je celo-polystyrenov\u00e9, plave na vod\u011b, nem\u011blo by se potopit v k\u00fdblu s vodou. Hlad\u00edtko se pou\u017e\u00edv\u00e1 k vyhlazov\u00e1n\u00ed a nan\u00e1\u0161en\u00ed om\u00edtek, lepidel, malty a dal\u0161\u00edch materi\u00e1l\u016f. Je vhodn\u00e9 pro uhlazov\u00e1n\u00ed r\u016fzn\u00fdch om\u00edtek a st\u011brek.<\/p>\n","protected":false},"featured_media":46800,"comment_status":"open","ping_status":"open","template":"","meta":[],"product_brand":[],"product_cat":[153],"product_tag":[],"class_list":{"0":"post-46700","1":"product","2":"type-product","3":"status-publish","4":"has-post-thumbnail","6":"product_cat-n-aacute-rad-iacute","8":"first","9":"instock","10":"sale","11":"shipping-taxable","12":"purchasable","13":"product-type-simple"},"yoast_head":"<!-- This site is optimized with the Yoast SEO plugin v26.8 - https:\/\/yoast.com\/product\/yoast-seo-wordpress\/ -->\n<title>34101 | hlad&iacute;tko STYROHART zkosen&eacute; | 80x350 Super Cena -<\/title>\n<meta name=\"robots\" content=\"index, follow, max-snippet:-1, max-image-preview:large, max-video-preview:-1\" \/>\n<link rel=\"canonical\" href=\"https:\/\/www.koupelnapro.com\/index.php\/produkt\/34101-hlad-iacute-tko-styrohart-zkosen-eacute-80x350-super-cena-46700\/\" \/>\n<meta property=\"og:locale\" content=\"cs_CZ\" \/>\n<meta property=\"og:type\" content=\"article\" \/>\n<meta property=\"og:title\" content=\"34101 | hlad&iacute;tko STYROHART zkosen&eacute; | 80x350 Super Cena -\" \/>\n<meta property=\"og:description\" content=\"Hlad\u00edtko polystyrenov\u00e9 80 x 350 mm zkosen\u00e9. Je celo-polystyrenov\u00e9, plave na vod\u011b, nem\u011blo by se potopit v k\u00fdblu s vodou. Hlad\u00edtko se pou\u017e\u00edv\u00e1 k vyhlazov\u00e1n\u00ed a nan\u00e1\u0161en\u00ed om\u00edtek, lepidel, malty a dal\u0161\u00edch materi\u00e1l\u016f. Je vhodn\u00e9 pro uhlazov\u00e1n\u00ed r\u016fzn\u00fdch om\u00edtek a st\u011brek.\" \/>\n<meta property=\"og:url\" content=\"https:\/\/www.koupelnapro.com\/index.php\/produkt\/34101-hlad-iacute-tko-styrohart-zkosen-eacute-80x350-super-cena-46700\/\" \/>\n<meta property=\"og:image\" content=\"https:\/\/www.koupelnapro.com\/wp-content\/uploads\/2026\/SK0003303-CZ20260425-093107-0-1777080667-64345-large_default.webp\" \/>\n\t<meta property=\"og:image:width\" content=\"470\" \/>\n\t<meta property=\"og:image:height\" content=\"470\" \/>\n\t<meta property=\"og:image:type\" content=\"image\/webp\" \/>\n<meta name=\"twitter:card\" content=\"summary_large_image\" \/>\n<script type=\"application\/ld+json\" class=\"yoast-schema-graph\">{\"@context\":\"https:\/\/schema.org\",\"@graph\":[{\"@type\":\"WebPage\",\"@id\":\"https:\/\/www.koupelnapro.com\/index.php\/produkt\/34101-hlad-iacute-tko-styrohart-zkosen-eacute-80x350-super-cena-46700\/\",\"url\":\"https:\/\/www.koupelnapro.com\/index.php\/produkt\/34101-hlad-iacute-tko-styrohart-zkosen-eacute-80x350-super-cena-46700\/\",\"name\":\"34101 | hlad&iacute;tko STYROHART zkosen&eacute; | 80x350 Super Cena -\",\"isPartOf\":{\"@id\":\"https:\/\/www.koupelnapro.com\/#website\"},\"primaryImageOfPage\":{\"@id\":\"https:\/\/www.koupelnapro.com\/index.php\/produkt\/34101-hlad-iacute-tko-styrohart-zkosen-eacute-80x350-super-cena-46700\/#primaryimage\"},\"image\":{\"@id\":\"https:\/\/www.koupelnapro.com\/index.php\/produkt\/34101-hlad-iacute-tko-styrohart-zkosen-eacute-80x350-super-cena-46700\/#primaryimage\"},\"thumbnailUrl\":\"https:\/\/www.koupelnapro.com\/wp-content\/uploads\/2026\/SK0003303-CZ20260425-093107-0-1777080667-64345-large_default.webp\",\"datePublished\":\"2026-04-26T09:16:29+00:00\",\"breadcrumb\":{\"@id\":\"https:\/\/www.koupelnapro.com\/index.php\/produkt\/34101-hlad-iacute-tko-styrohart-zkosen-eacute-80x350-super-cena-46700\/#breadcrumb\"},\"inLanguage\":\"cs\",\"potentialAction\":[{\"@type\":\"ReadAction\",\"target\":[\"https:\/\/www.koupelnapro.com\/index.php\/produkt\/34101-hlad-iacute-tko-styrohart-zkosen-eacute-80x350-super-cena-46700\/\"]}]},{\"@type\":\"ImageObject\",\"inLanguage\":\"cs\",\"@id\":\"https:\/\/www.koupelnapro.com\/index.php\/produkt\/34101-hlad-iacute-tko-styrohart-zkosen-eacute-80x350-super-cena-46700\/#primaryimage\",\"url\":\"https:\/\/www.koupelnapro.com\/wp-content\/uploads\/2026\/SK0003303-CZ20260425-093107-0-1777080667-64345-large_default.webp\",\"contentUrl\":\"https:\/\/www.koupelnapro.com\/wp-content\/uploads\/2026\/SK0003303-CZ20260425-093107-0-1777080667-64345-large_default.webp\",\"width\":470,\"height\":470},{\"@type\":\"BreadcrumbList\",\"@id\":\"https:\/\/www.koupelnapro.com\/index.php\/produkt\/34101-hlad-iacute-tko-styrohart-zkosen-eacute-80x350-super-cena-46700\/#breadcrumb\",\"itemListElement\":[{\"@type\":\"ListItem\",\"position\":1,\"name\":\"Home\",\"item\":\"https:\/\/www.koupelnapro.com\/\"},{\"@type\":\"ListItem\",\"position\":2,\"name\":\"Products\",\"item\":\"https:\/\/www.koupelnapro.com\/index.php\/products\/\"},{\"@type\":\"ListItem\",\"position\":3,\"name\":\"34101 | hlad&iacute;tko STYROHART zkosen&eacute; | 80&#215;350 Super Cena\"}]},{\"@type\":\"WebSite\",\"@id\":\"https:\/\/www.koupelnapro.com\/#website\",\"url\":\"https:\/\/www.koupelnapro.com\/\",\"name\":\"\",\"description\":\"\",\"potentialAction\":[{\"@type\":\"SearchAction\",\"target\":{\"@type\":\"EntryPoint\",\"urlTemplate\":\"https:\/\/www.koupelnapro.com\/?s={search_term_string}\"},\"query-input\":{\"@type\":\"PropertyValueSpecification\",\"valueRequired\":true,\"valueName\":\"search_term_string\"}}],\"inLanguage\":\"cs\"}]}<\/script>\n<!-- \/ Yoast SEO plugin. -->","yoast_head_json":{"title":"34101 | hlad&iacute;tko STYROHART zkosen&eacute; | 80x350 Super Cena -","robots":{"index":"index","follow":"follow","max-snippet":"max-snippet:-1","max-image-preview":"max-image-preview:large","max-video-preview":"max-video-preview:-1"},"canonical":"https:\/\/www.koupelnapro.com\/index.php\/produkt\/34101-hlad-iacute-tko-styrohart-zkosen-eacute-80x350-super-cena-46700\/","og_locale":"cs_CZ","og_type":"article","og_title":"34101 | hlad&iacute;tko STYROHART zkosen&eacute; | 80x350 Super Cena -","og_description":"Hlad\u00edtko polystyrenov\u00e9 80 x 350 mm zkosen\u00e9. Je celo-polystyrenov\u00e9, plave na vod\u011b, nem\u011blo by se potopit v k\u00fdblu s vodou. Hlad\u00edtko se pou\u017e\u00edv\u00e1 k vyhlazov\u00e1n\u00ed a nan\u00e1\u0161en\u00ed om\u00edtek, lepidel, malty a dal\u0161\u00edch materi\u00e1l\u016f. Je vhodn\u00e9 pro uhlazov\u00e1n\u00ed r\u016fzn\u00fdch om\u00edtek a st\u011brek.","og_url":"https:\/\/www.koupelnapro.com\/index.php\/produkt\/34101-hlad-iacute-tko-styrohart-zkosen-eacute-80x350-super-cena-46700\/","og_image":[{"width":470,"height":470,"url":"https:\/\/www.koupelnapro.com\/wp-content\/uploads\/2026\/SK0003303-CZ20260425-093107-0-1777080667-64345-large_default.webp","type":"image\/webp"}],"twitter_card":"summary_large_image","schema":{"@context":"https:\/\/schema.org","@graph":[{"@type":"WebPage","@id":"https:\/\/www.koupelnapro.com\/index.php\/produkt\/34101-hlad-iacute-tko-styrohart-zkosen-eacute-80x350-super-cena-46700\/","url":"https:\/\/www.koupelnapro.com\/index.php\/produkt\/34101-hlad-iacute-tko-styrohart-zkosen-eacute-80x350-super-cena-46700\/","name":"34101 | hlad&iacute;tko STYROHART zkosen&eacute; | 80x350 Super Cena -","isPartOf":{"@id":"https:\/\/www.koupelnapro.com\/#website"},"primaryImageOfPage":{"@id":"https:\/\/www.koupelnapro.com\/index.php\/produkt\/34101-hlad-iacute-tko-styrohart-zkosen-eacute-80x350-super-cena-46700\/#primaryimage"},"image":{"@id":"https:\/\/www.koupelnapro.com\/index.php\/produkt\/34101-hlad-iacute-tko-styrohart-zkosen-eacute-80x350-super-cena-46700\/#primaryimage"},"thumbnailUrl":"https:\/\/www.koupelnapro.com\/wp-content\/uploads\/2026\/SK0003303-CZ20260425-093107-0-1777080667-64345-large_default.webp","datePublished":"2026-04-26T09:16:29+00:00","breadcrumb":{"@id":"https:\/\/www.koupelnapro.com\/index.php\/produkt\/34101-hlad-iacute-tko-styrohart-zkosen-eacute-80x350-super-cena-46700\/#breadcrumb"},"inLanguage":"cs","potentialAction":[{"@type":"ReadAction","target":["https:\/\/www.koupelnapro.com\/index.php\/produkt\/34101-hlad-iacute-tko-styrohart-zkosen-eacute-80x350-super-cena-46700\/"]}]},{"@type":"ImageObject","inLanguage":"cs","@id":"https:\/\/www.koupelnapro.com\/index.php\/produkt\/34101-hlad-iacute-tko-styrohart-zkosen-eacute-80x350-super-cena-46700\/#primaryimage","url":"https:\/\/www.koupelnapro.com\/wp-content\/uploads\/2026\/SK0003303-CZ20260425-093107-0-1777080667-64345-large_default.webp","contentUrl":"https:\/\/www.koupelnapro.com\/wp-content\/uploads\/2026\/SK0003303-CZ20260425-093107-0-1777080667-64345-large_default.webp","width":470,"height":470},{"@type":"BreadcrumbList","@id":"https:\/\/www.koupelnapro.com\/index.php\/produkt\/34101-hlad-iacute-tko-styrohart-zkosen-eacute-80x350-super-cena-46700\/#breadcrumb","itemListElement":[{"@type":"ListItem","position":1,"name":"Home","item":"https:\/\/www.koupelnapro.com\/"},{"@type":"ListItem","position":2,"name":"Products","item":"https:\/\/www.koupelnapro.com\/index.php\/products\/"},{"@type":"ListItem","position":3,"name":"34101 | hlad&iacute;tko STYROHART zkosen&eacute; | 80&#215;350 Super Cena"}]},{"@type":"WebSite","@id":"https:\/\/www.koupelnapro.com\/#website","url":"https:\/\/www.koupelnapro.com\/","name":"","description":"","potentialAction":[{"@type":"SearchAction","target":{"@type":"EntryPoint","urlTemplate":"https:\/\/www.koupelnapro.com\/?s={search_term_string}"},"query-input":{"@type":"PropertyValueSpecification","valueRequired":true,"valueName":"search_term_string"}}],"inLanguage":"cs"}]}},"_links":{"self":[{"href":"https:\/\/www.koupelnapro.com\/index.php\/wp-json\/wp\/v2\/product\/46700","targetHints":{"allow":["GET"]}}],"collection":[{"href":"https:\/\/www.koupelnapro.com\/index.php\/wp-json\/wp\/v2\/product"}],"about":[{"href":"https:\/\/www.koupelnapro.com\/index.php\/wp-json\/wp\/v2\/types\/product"}],"replies":[{"embeddable":true,"href":"https:\/\/www.koupelnapro.com\/index.php\/wp-json\/wp\/v2\/comments?post=46700"}],"wp:featuredmedia":[{"embeddable":true,"href":"https:\/\/www.koupelnapro.com\/index.php\/wp-json\/wp\/v2\/media\/46800"}],"wp:attachment":[{"href":"https:\/\/www.koupelnapro.com\/index.php\/wp-json\/wp\/v2\/media?parent=46700"}],"wp:term":[{"taxonomy":"product_brand","embeddable":true,"href":"https:\/\/www.koupelnapro.com\/index.php\/wp-json\/wp\/v2\/product_brand?post=46700"},{"taxonomy":"product_cat","embeddable":true,"href":"https:\/\/www.koupelnapro.com\/index.php\/wp-json\/wp\/v2\/product_cat?post=46700"},{"taxonomy":"product_tag","embeddable":true,"href":"https:\/\/www.koupelnapro.com\/index.php\/wp-json\/wp\/v2\/product_tag?post=46700"}],"curies":[{"name":"wp","href":"https:\/\/api.w.org\/{rel}","templated":true}]}}