{"id":46576,"date":"2026-04-26T09:16:28","date_gmt":"2026-04-26T09:16:28","guid":{"rendered":""},"modified":"2026-04-26T09:16:28","modified_gmt":"2026-04-26T09:16:28","slug":"15525-stahovac-iacute-la-357-2-libely-dl-250cm-horizont-objednat-nyni-46576","status":"publish","type":"product","link":"https:\/\/www.koupelnapro.com\/index.php\/produkt\/15525-stahovac-iacute-la-357-2-libely-dl-250cm-horizont-objednat-nyni-46576\/","title":{"rendered":"15525 | stahovac&iacute; la&#357; | 2 libely | dl.250cm | HORIZONT Objednat Nyn\u00ed"},"content":{"rendered":"<p><!-- More info -->\t\t\t\t\t<\/p>\n<section id=\"idTab1\" class=\"page-product-box tab-pane active\" role=\"tabpanel\" aria-labelledby=\"idTab1\">\t\t\t\t\t\t<!-- full description -->\t\t\t\t\t\t<\/p>\n<div class=\"rte\">stahovac\u00ed la\u0165 se dv\u011bma libelami<br \/>obdeln\u00edkov\u00fd profil se st\u0159edovou v\u00fdztuhou, plastov\u00e9 koncovky<br \/>2 libely horizont\u00e1ln\u00ed a vertuk\u00e1ln\u00ed) libely slou\u017e\u00ed jen pro orienta\u010dn\u00ed m\u011b\u0159en\u00ed, la\u0165 nesm\u00ed b\u00fdt pou\u017eita jako n\u00e1hrada vodov\u00e1hy!<br \/>pou\u017eit\u00ed zejm\u00e9na ve stavebnictv\u00ed &#8211; srovn\u00e1v\u00e1n\u00ed povrch\u016f, d\u00e1le lze pou\u017e\u00edt p\u0159i p\u0159\u00edpravn\u00fdch prac\u00edch p\u0159ed pokl\u00e1d\u00e1n\u00edm z\u00e1mkov\u00e9 dla\u017eby, srovn\u00e1v\u00e1n\u00ed v zahradnictv\u00ed, o\u0159ez podlahov\u00fdch krytin apod.<\/div>\n<\/section>\n<p>\t\t\t\t\t<!--end  More info -->\t\t\t\t\t\t\t\t\t\t\t\t\t\t\t\t\t\t\t\t\t\t\t\t\t\t\t\t\t\t\t<\/div>\n<\/p><\/div>\n<p><!--QTR Accessories --><\/p>\n","protected":false},"excerpt":{"rendered":"<p>stahovac\u00ed la\u0165 se dv\u011bma libelamiobdeln\u00edkov\u00fd profil se st\u0159edovou v\u00fdztuhou, plastov\u00e9 koncovky2 libely horizont\u00e1ln\u00ed a vertuk\u00e1ln\u00ed) libely slou\u017e\u00ed jen pro orienta\u010dn\u00ed m\u011b\u0159en\u00ed, la\u0165 nesm\u00ed b\u00fdt pou\u017eita jako n\u00e1hrada vodov\u00e1hy!pou\u017eit\u00ed zejm\u00e9na ve stavebnictv\u00ed &#8211; srovn\u00e1v\u00e1n\u00ed povrch\u016f, d\u00e1le lze pou\u017e\u00edt p\u0159i p\u0159\u00edpravn\u00fdch prac\u00edch p\u0159ed pokl\u00e1d\u00e1n\u00edm z\u00e1mkov\u00e9 dla\u017eby, srovn\u00e1v\u00e1n\u00ed v zahradnictv\u00ed, o\u0159ez podlahov\u00fdch krytin apod.<\/p>\n","protected":false},"featured_media":46676,"comment_status":"open","ping_status":"open","template":"","meta":[],"product_brand":[],"product_cat":[153],"product_tag":[],"class_list":{"0":"post-46576","1":"product","2":"type-product","3":"status-publish","4":"has-post-thumbnail","6":"product_cat-n-aacute-rad-iacute","8":"first","9":"instock","10":"sale","11":"shipping-taxable","12":"purchasable","13":"product-type-simple"},"yoast_head":"<!-- This site is optimized with the Yoast SEO plugin v26.8 - https:\/\/yoast.com\/product\/yoast-seo-wordpress\/ -->\n<title>15525 | stahovac&iacute; la&#357; | 2 libely | dl.250cm | HORIZONT Objednat Nyn\u00ed -<\/title>\n<meta name=\"robots\" content=\"index, follow, max-snippet:-1, max-image-preview:large, max-video-preview:-1\" \/>\n<link rel=\"canonical\" href=\"https:\/\/www.koupelnapro.com\/index.php\/produkt\/15525-stahovac-iacute-la-357-2-libely-dl-250cm-horizont-objednat-nyni-46576\/\" \/>\n<meta property=\"og:locale\" content=\"cs_CZ\" \/>\n<meta property=\"og:type\" content=\"article\" \/>\n<meta property=\"og:title\" content=\"15525 | stahovac&iacute; la&#357; | 2 libely | dl.250cm | HORIZONT Objednat Nyn\u00ed -\" \/>\n<meta property=\"og:description\" content=\"stahovac\u00ed la\u0165 se dv\u011bma libelamiobdeln\u00edkov\u00fd profil se st\u0159edovou v\u00fdztuhou, plastov\u00e9 koncovky2 libely horizont\u00e1ln\u00ed a vertuk\u00e1ln\u00ed) libely slou\u017e\u00ed jen pro orienta\u010dn\u00ed m\u011b\u0159en\u00ed, la\u0165 nesm\u00ed b\u00fdt pou\u017eita jako n\u00e1hrada vodov\u00e1hy!pou\u017eit\u00ed zejm\u00e9na ve stavebnictv\u00ed &#8211; srovn\u00e1v\u00e1n\u00ed povrch\u016f, d\u00e1le lze pou\u017e\u00edt p\u0159i p\u0159\u00edpravn\u00fdch prac\u00edch p\u0159ed pokl\u00e1d\u00e1n\u00edm z\u00e1mkov\u00e9 dla\u017eby, srovn\u00e1v\u00e1n\u00ed v zahradnictv\u00ed, o\u0159ez podlahov\u00fdch krytin apod.\" \/>\n<meta property=\"og:url\" content=\"https:\/\/www.koupelnapro.com\/index.php\/produkt\/15525-stahovac-iacute-la-357-2-libely-dl-250cm-horizont-objednat-nyni-46576\/\" \/>\n<meta property=\"og:image\" content=\"https:\/\/www.koupelnapro.com\/wp-content\/uploads\/2026\/SK0003269-CZ20260425-093107-0-1777080667-64310-large_default.webp\" \/>\n\t<meta property=\"og:image:width\" content=\"470\" \/>\n\t<meta property=\"og:image:height\" content=\"470\" \/>\n\t<meta property=\"og:image:type\" content=\"image\/webp\" \/>\n<meta name=\"twitter:card\" content=\"summary_large_image\" \/>\n<script type=\"application\/ld+json\" class=\"yoast-schema-graph\">{\"@context\":\"https:\/\/schema.org\",\"@graph\":[{\"@type\":\"WebPage\",\"@id\":\"https:\/\/www.koupelnapro.com\/index.php\/produkt\/15525-stahovac-iacute-la-357-2-libely-dl-250cm-horizont-objednat-nyni-46576\/\",\"url\":\"https:\/\/www.koupelnapro.com\/index.php\/produkt\/15525-stahovac-iacute-la-357-2-libely-dl-250cm-horizont-objednat-nyni-46576\/\",\"name\":\"15525 | stahovac&iacute; la&#357; | 2 libely | dl.250cm | HORIZONT Objednat Nyn\u00ed -\",\"isPartOf\":{\"@id\":\"https:\/\/www.koupelnapro.com\/#website\"},\"primaryImageOfPage\":{\"@id\":\"https:\/\/www.koupelnapro.com\/index.php\/produkt\/15525-stahovac-iacute-la-357-2-libely-dl-250cm-horizont-objednat-nyni-46576\/#primaryimage\"},\"image\":{\"@id\":\"https:\/\/www.koupelnapro.com\/index.php\/produkt\/15525-stahovac-iacute-la-357-2-libely-dl-250cm-horizont-objednat-nyni-46576\/#primaryimage\"},\"thumbnailUrl\":\"https:\/\/www.koupelnapro.com\/wp-content\/uploads\/2026\/SK0003269-CZ20260425-093107-0-1777080667-64310-large_default.webp\",\"datePublished\":\"2026-04-26T09:16:28+00:00\",\"breadcrumb\":{\"@id\":\"https:\/\/www.koupelnapro.com\/index.php\/produkt\/15525-stahovac-iacute-la-357-2-libely-dl-250cm-horizont-objednat-nyni-46576\/#breadcrumb\"},\"inLanguage\":\"cs\",\"potentialAction\":[{\"@type\":\"ReadAction\",\"target\":[\"https:\/\/www.koupelnapro.com\/index.php\/produkt\/15525-stahovac-iacute-la-357-2-libely-dl-250cm-horizont-objednat-nyni-46576\/\"]}]},{\"@type\":\"ImageObject\",\"inLanguage\":\"cs\",\"@id\":\"https:\/\/www.koupelnapro.com\/index.php\/produkt\/15525-stahovac-iacute-la-357-2-libely-dl-250cm-horizont-objednat-nyni-46576\/#primaryimage\",\"url\":\"https:\/\/www.koupelnapro.com\/wp-content\/uploads\/2026\/SK0003269-CZ20260425-093107-0-1777080667-64310-large_default.webp\",\"contentUrl\":\"https:\/\/www.koupelnapro.com\/wp-content\/uploads\/2026\/SK0003269-CZ20260425-093107-0-1777080667-64310-large_default.webp\",\"width\":470,\"height\":470},{\"@type\":\"BreadcrumbList\",\"@id\":\"https:\/\/www.koupelnapro.com\/index.php\/produkt\/15525-stahovac-iacute-la-357-2-libely-dl-250cm-horizont-objednat-nyni-46576\/#breadcrumb\",\"itemListElement\":[{\"@type\":\"ListItem\",\"position\":1,\"name\":\"Home\",\"item\":\"https:\/\/www.koupelnapro.com\/\"},{\"@type\":\"ListItem\",\"position\":2,\"name\":\"Products\",\"item\":\"https:\/\/www.koupelnapro.com\/index.php\/products\/\"},{\"@type\":\"ListItem\",\"position\":3,\"name\":\"15525 | stahovac&iacute; la&#357; | 2 libely | dl.250cm | HORIZONT Objednat Nyn\u00ed\"}]},{\"@type\":\"WebSite\",\"@id\":\"https:\/\/www.koupelnapro.com\/#website\",\"url\":\"https:\/\/www.koupelnapro.com\/\",\"name\":\"\",\"description\":\"\",\"potentialAction\":[{\"@type\":\"SearchAction\",\"target\":{\"@type\":\"EntryPoint\",\"urlTemplate\":\"https:\/\/www.koupelnapro.com\/?s={search_term_string}\"},\"query-input\":{\"@type\":\"PropertyValueSpecification\",\"valueRequired\":true,\"valueName\":\"search_term_string\"}}],\"inLanguage\":\"cs\"}]}<\/script>\n<!-- \/ Yoast SEO plugin. -->","yoast_head_json":{"title":"15525 | stahovac&iacute; la&#357; | 2 libely | dl.250cm | HORIZONT Objednat Nyn\u00ed -","robots":{"index":"index","follow":"follow","max-snippet":"max-snippet:-1","max-image-preview":"max-image-preview:large","max-video-preview":"max-video-preview:-1"},"canonical":"https:\/\/www.koupelnapro.com\/index.php\/produkt\/15525-stahovac-iacute-la-357-2-libely-dl-250cm-horizont-objednat-nyni-46576\/","og_locale":"cs_CZ","og_type":"article","og_title":"15525 | stahovac&iacute; la&#357; | 2 libely | dl.250cm | HORIZONT Objednat Nyn\u00ed -","og_description":"stahovac\u00ed la\u0165 se dv\u011bma libelamiobdeln\u00edkov\u00fd profil se st\u0159edovou v\u00fdztuhou, plastov\u00e9 koncovky2 libely horizont\u00e1ln\u00ed a vertuk\u00e1ln\u00ed) libely slou\u017e\u00ed jen pro orienta\u010dn\u00ed m\u011b\u0159en\u00ed, la\u0165 nesm\u00ed b\u00fdt pou\u017eita jako n\u00e1hrada vodov\u00e1hy!pou\u017eit\u00ed zejm\u00e9na ve stavebnictv\u00ed &#8211; srovn\u00e1v\u00e1n\u00ed povrch\u016f, d\u00e1le lze pou\u017e\u00edt p\u0159i p\u0159\u00edpravn\u00fdch prac\u00edch p\u0159ed pokl\u00e1d\u00e1n\u00edm z\u00e1mkov\u00e9 dla\u017eby, srovn\u00e1v\u00e1n\u00ed v zahradnictv\u00ed, o\u0159ez podlahov\u00fdch krytin apod.","og_url":"https:\/\/www.koupelnapro.com\/index.php\/produkt\/15525-stahovac-iacute-la-357-2-libely-dl-250cm-horizont-objednat-nyni-46576\/","og_image":[{"width":470,"height":470,"url":"https:\/\/www.koupelnapro.com\/wp-content\/uploads\/2026\/SK0003269-CZ20260425-093107-0-1777080667-64310-large_default.webp","type":"image\/webp"}],"twitter_card":"summary_large_image","schema":{"@context":"https:\/\/schema.org","@graph":[{"@type":"WebPage","@id":"https:\/\/www.koupelnapro.com\/index.php\/produkt\/15525-stahovac-iacute-la-357-2-libely-dl-250cm-horizont-objednat-nyni-46576\/","url":"https:\/\/www.koupelnapro.com\/index.php\/produkt\/15525-stahovac-iacute-la-357-2-libely-dl-250cm-horizont-objednat-nyni-46576\/","name":"15525 | stahovac&iacute; la&#357; | 2 libely | dl.250cm | HORIZONT Objednat Nyn\u00ed -","isPartOf":{"@id":"https:\/\/www.koupelnapro.com\/#website"},"primaryImageOfPage":{"@id":"https:\/\/www.koupelnapro.com\/index.php\/produkt\/15525-stahovac-iacute-la-357-2-libely-dl-250cm-horizont-objednat-nyni-46576\/#primaryimage"},"image":{"@id":"https:\/\/www.koupelnapro.com\/index.php\/produkt\/15525-stahovac-iacute-la-357-2-libely-dl-250cm-horizont-objednat-nyni-46576\/#primaryimage"},"thumbnailUrl":"https:\/\/www.koupelnapro.com\/wp-content\/uploads\/2026\/SK0003269-CZ20260425-093107-0-1777080667-64310-large_default.webp","datePublished":"2026-04-26T09:16:28+00:00","breadcrumb":{"@id":"https:\/\/www.koupelnapro.com\/index.php\/produkt\/15525-stahovac-iacute-la-357-2-libely-dl-250cm-horizont-objednat-nyni-46576\/#breadcrumb"},"inLanguage":"cs","potentialAction":[{"@type":"ReadAction","target":["https:\/\/www.koupelnapro.com\/index.php\/produkt\/15525-stahovac-iacute-la-357-2-libely-dl-250cm-horizont-objednat-nyni-46576\/"]}]},{"@type":"ImageObject","inLanguage":"cs","@id":"https:\/\/www.koupelnapro.com\/index.php\/produkt\/15525-stahovac-iacute-la-357-2-libely-dl-250cm-horizont-objednat-nyni-46576\/#primaryimage","url":"https:\/\/www.koupelnapro.com\/wp-content\/uploads\/2026\/SK0003269-CZ20260425-093107-0-1777080667-64310-large_default.webp","contentUrl":"https:\/\/www.koupelnapro.com\/wp-content\/uploads\/2026\/SK0003269-CZ20260425-093107-0-1777080667-64310-large_default.webp","width":470,"height":470},{"@type":"BreadcrumbList","@id":"https:\/\/www.koupelnapro.com\/index.php\/produkt\/15525-stahovac-iacute-la-357-2-libely-dl-250cm-horizont-objednat-nyni-46576\/#breadcrumb","itemListElement":[{"@type":"ListItem","position":1,"name":"Home","item":"https:\/\/www.koupelnapro.com\/"},{"@type":"ListItem","position":2,"name":"Products","item":"https:\/\/www.koupelnapro.com\/index.php\/products\/"},{"@type":"ListItem","position":3,"name":"15525 | stahovac&iacute; la&#357; | 2 libely | dl.250cm | HORIZONT Objednat Nyn\u00ed"}]},{"@type":"WebSite","@id":"https:\/\/www.koupelnapro.com\/#website","url":"https:\/\/www.koupelnapro.com\/","name":"","description":"","potentialAction":[{"@type":"SearchAction","target":{"@type":"EntryPoint","urlTemplate":"https:\/\/www.koupelnapro.com\/?s={search_term_string}"},"query-input":{"@type":"PropertyValueSpecification","valueRequired":true,"valueName":"search_term_string"}}],"inLanguage":"cs"}]}},"_links":{"self":[{"href":"https:\/\/www.koupelnapro.com\/index.php\/wp-json\/wp\/v2\/product\/46576","targetHints":{"allow":["GET"]}}],"collection":[{"href":"https:\/\/www.koupelnapro.com\/index.php\/wp-json\/wp\/v2\/product"}],"about":[{"href":"https:\/\/www.koupelnapro.com\/index.php\/wp-json\/wp\/v2\/types\/product"}],"replies":[{"embeddable":true,"href":"https:\/\/www.koupelnapro.com\/index.php\/wp-json\/wp\/v2\/comments?post=46576"}],"wp:featuredmedia":[{"embeddable":true,"href":"https:\/\/www.koupelnapro.com\/index.php\/wp-json\/wp\/v2\/media\/46676"}],"wp:attachment":[{"href":"https:\/\/www.koupelnapro.com\/index.php\/wp-json\/wp\/v2\/media?parent=46576"}],"wp:term":[{"taxonomy":"product_brand","embeddable":true,"href":"https:\/\/www.koupelnapro.com\/index.php\/wp-json\/wp\/v2\/product_brand?post=46576"},{"taxonomy":"product_cat","embeddable":true,"href":"https:\/\/www.koupelnapro.com\/index.php\/wp-json\/wp\/v2\/product_cat?post=46576"},{"taxonomy":"product_tag","embeddable":true,"href":"https:\/\/www.koupelnapro.com\/index.php\/wp-json\/wp\/v2\/product_tag?post=46576"}],"curies":[{"name":"wp","href":"https:\/\/api.w.org\/{rel}","templated":true}]}}