{"id":46523,"date":"2026-04-26T09:16:28","date_gmt":"2026-04-26T09:16:28","guid":{"rendered":""},"modified":"2026-04-26T09:16:28","modified_gmt":"2026-04-26T09:16:28","slug":"28086-nab-iacute-je-269-ka-share20v-4a-festa-vysoce-kvalitni-46523","status":"publish","type":"product","link":"https:\/\/www.koupelnapro.com\/index.php\/produkt\/28086-nab-iacute-je-269-ka-share20v-4a-festa-vysoce-kvalitni-46523\/","title":{"rendered":"28086 | nab&iacute;je&#269;ka SHARE20V 4A | FESTA Vysoce Kvalitn\u00ed"},"content":{"rendered":"<p><!-- More info -->\t\t\t\t\t<\/p>\n<section id=\"idTab1\" class=\"page-product-box tab-pane active\" role=\"tabpanel\" aria-labelledby=\"idTab1\">\t\t\t\t\t\t<!-- full description -->\t\t\t\t\t\t<\/p>\n<div class=\"rte\">nab\u00edje\u010dka pro AKU n\u00e1\u0159ad\u00ed FESTA Power x tools s ozna\u010den\u00edm SHARE 20 V<br \/>nab\u00edjec\u00ed \u010das baterie 2.0 Ah (28080) &#8211; 30 min, 4.0 Ah (28081) &#8211; 55 min<br \/>je mo\u017en\u00e9 nab\u00edjet i baterie jin\u00fdch v\u00fdrobc\u016f s kompatibiln\u00ed patic\u00ed baterie<\/div>\n<\/section>\n<p>\t\t\t\t\t<!--end  More info -->\t\t\t\t\t\t\t\t\t\t\t\t\t\t\t\t\t\t\t\t\t\t\t\t\t\t\t\t\t\t\t<\/div>\n<\/p><\/div>\n<p><!--QTR Accessories --><\/p>\n","protected":false},"excerpt":{"rendered":"<p>nab\u00edje\u010dka pro AKU n\u00e1\u0159ad\u00ed FESTA Power x tools s ozna\u010den\u00edm SHARE 20 Vnab\u00edjec\u00ed \u010das baterie 2.0 Ah (28080) &#8211; 30 min, 4.0 Ah (28081) &#8211; 55 minje mo\u017en\u00e9 nab\u00edjet i baterie jin\u00fdch v\u00fdrobc\u016f s kompatibiln\u00ed patic\u00ed baterie<\/p>\n","protected":false},"featured_media":46623,"comment_status":"open","ping_status":"open","template":"","meta":[],"product_brand":[],"product_cat":[153],"product_tag":[],"class_list":{"0":"post-46523","1":"product","2":"type-product","3":"status-publish","4":"has-post-thumbnail","6":"product_cat-n-aacute-rad-iacute","8":"first","9":"instock","10":"sale","11":"shipping-taxable","12":"purchasable","13":"product-type-simple"},"yoast_head":"<!-- This site is optimized with the Yoast SEO plugin v26.8 - https:\/\/yoast.com\/product\/yoast-seo-wordpress\/ -->\n<title>28086 | nab&iacute;je&#269;ka SHARE20V 4A | FESTA Vysoce Kvalitn\u00ed -<\/title>\n<meta name=\"robots\" content=\"index, follow, max-snippet:-1, max-image-preview:large, max-video-preview:-1\" \/>\n<link rel=\"canonical\" href=\"https:\/\/www.koupelnapro.com\/index.php\/produkt\/28086-nab-iacute-je-269-ka-share20v-4a-festa-vysoce-kvalitni-46523\/\" \/>\n<meta property=\"og:locale\" content=\"cs_CZ\" \/>\n<meta property=\"og:type\" content=\"article\" \/>\n<meta property=\"og:title\" content=\"28086 | nab&iacute;je&#269;ka SHARE20V 4A | FESTA Vysoce Kvalitn\u00ed -\" \/>\n<meta property=\"og:description\" content=\"nab\u00edje\u010dka pro AKU n\u00e1\u0159ad\u00ed FESTA Power x tools s ozna\u010den\u00edm SHARE 20 Vnab\u00edjec\u00ed \u010das baterie 2.0 Ah (28080) &#8211; 30 min, 4.0 Ah (28081) &#8211; 55 minje mo\u017en\u00e9 nab\u00edjet i baterie jin\u00fdch v\u00fdrobc\u016f s kompatibiln\u00ed patic\u00ed baterie\" \/>\n<meta property=\"og:url\" content=\"https:\/\/www.koupelnapro.com\/index.php\/produkt\/28086-nab-iacute-je-269-ka-share20v-4a-festa-vysoce-kvalitni-46523\/\" \/>\n<meta property=\"og:image\" content=\"https:\/\/www.koupelnapro.com\/wp-content\/uploads\/2026\/SK0003194-CZ20260425-093107-0-1777080667-64034-large_default.webp\" \/>\n\t<meta property=\"og:image:width\" content=\"470\" \/>\n\t<meta property=\"og:image:height\" content=\"470\" \/>\n\t<meta property=\"og:image:type\" content=\"image\/webp\" \/>\n<meta name=\"twitter:card\" content=\"summary_large_image\" \/>\n<script type=\"application\/ld+json\" class=\"yoast-schema-graph\">{\"@context\":\"https:\/\/schema.org\",\"@graph\":[{\"@type\":\"WebPage\",\"@id\":\"https:\/\/www.koupelnapro.com\/index.php\/produkt\/28086-nab-iacute-je-269-ka-share20v-4a-festa-vysoce-kvalitni-46523\/\",\"url\":\"https:\/\/www.koupelnapro.com\/index.php\/produkt\/28086-nab-iacute-je-269-ka-share20v-4a-festa-vysoce-kvalitni-46523\/\",\"name\":\"28086 | nab&iacute;je&#269;ka SHARE20V 4A | FESTA Vysoce Kvalitn\u00ed -\",\"isPartOf\":{\"@id\":\"https:\/\/www.koupelnapro.com\/#website\"},\"primaryImageOfPage\":{\"@id\":\"https:\/\/www.koupelnapro.com\/index.php\/produkt\/28086-nab-iacute-je-269-ka-share20v-4a-festa-vysoce-kvalitni-46523\/#primaryimage\"},\"image\":{\"@id\":\"https:\/\/www.koupelnapro.com\/index.php\/produkt\/28086-nab-iacute-je-269-ka-share20v-4a-festa-vysoce-kvalitni-46523\/#primaryimage\"},\"thumbnailUrl\":\"https:\/\/www.koupelnapro.com\/wp-content\/uploads\/2026\/SK0003194-CZ20260425-093107-0-1777080667-64034-large_default.webp\",\"datePublished\":\"2026-04-26T09:16:28+00:00\",\"breadcrumb\":{\"@id\":\"https:\/\/www.koupelnapro.com\/index.php\/produkt\/28086-nab-iacute-je-269-ka-share20v-4a-festa-vysoce-kvalitni-46523\/#breadcrumb\"},\"inLanguage\":\"cs\",\"potentialAction\":[{\"@type\":\"ReadAction\",\"target\":[\"https:\/\/www.koupelnapro.com\/index.php\/produkt\/28086-nab-iacute-je-269-ka-share20v-4a-festa-vysoce-kvalitni-46523\/\"]}]},{\"@type\":\"ImageObject\",\"inLanguage\":\"cs\",\"@id\":\"https:\/\/www.koupelnapro.com\/index.php\/produkt\/28086-nab-iacute-je-269-ka-share20v-4a-festa-vysoce-kvalitni-46523\/#primaryimage\",\"url\":\"https:\/\/www.koupelnapro.com\/wp-content\/uploads\/2026\/SK0003194-CZ20260425-093107-0-1777080667-64034-large_default.webp\",\"contentUrl\":\"https:\/\/www.koupelnapro.com\/wp-content\/uploads\/2026\/SK0003194-CZ20260425-093107-0-1777080667-64034-large_default.webp\",\"width\":470,\"height\":470},{\"@type\":\"BreadcrumbList\",\"@id\":\"https:\/\/www.koupelnapro.com\/index.php\/produkt\/28086-nab-iacute-je-269-ka-share20v-4a-festa-vysoce-kvalitni-46523\/#breadcrumb\",\"itemListElement\":[{\"@type\":\"ListItem\",\"position\":1,\"name\":\"Home\",\"item\":\"https:\/\/www.koupelnapro.com\/\"},{\"@type\":\"ListItem\",\"position\":2,\"name\":\"Products\",\"item\":\"https:\/\/www.koupelnapro.com\/index.php\/products\/\"},{\"@type\":\"ListItem\",\"position\":3,\"name\":\"28086 | nab&iacute;je&#269;ka SHARE20V 4A | FESTA Vysoce Kvalitn\u00ed\"}]},{\"@type\":\"WebSite\",\"@id\":\"https:\/\/www.koupelnapro.com\/#website\",\"url\":\"https:\/\/www.koupelnapro.com\/\",\"name\":\"\",\"description\":\"\",\"potentialAction\":[{\"@type\":\"SearchAction\",\"target\":{\"@type\":\"EntryPoint\",\"urlTemplate\":\"https:\/\/www.koupelnapro.com\/?s={search_term_string}\"},\"query-input\":{\"@type\":\"PropertyValueSpecification\",\"valueRequired\":true,\"valueName\":\"search_term_string\"}}],\"inLanguage\":\"cs\"}]}<\/script>\n<!-- \/ Yoast SEO plugin. -->","yoast_head_json":{"title":"28086 | nab&iacute;je&#269;ka SHARE20V 4A | FESTA Vysoce Kvalitn\u00ed -","robots":{"index":"index","follow":"follow","max-snippet":"max-snippet:-1","max-image-preview":"max-image-preview:large","max-video-preview":"max-video-preview:-1"},"canonical":"https:\/\/www.koupelnapro.com\/index.php\/produkt\/28086-nab-iacute-je-269-ka-share20v-4a-festa-vysoce-kvalitni-46523\/","og_locale":"cs_CZ","og_type":"article","og_title":"28086 | nab&iacute;je&#269;ka SHARE20V 4A | FESTA Vysoce Kvalitn\u00ed -","og_description":"nab\u00edje\u010dka pro AKU n\u00e1\u0159ad\u00ed FESTA Power x tools s ozna\u010den\u00edm SHARE 20 Vnab\u00edjec\u00ed \u010das baterie 2.0 Ah (28080) &#8211; 30 min, 4.0 Ah (28081) &#8211; 55 minje mo\u017en\u00e9 nab\u00edjet i baterie jin\u00fdch v\u00fdrobc\u016f s kompatibiln\u00ed patic\u00ed baterie","og_url":"https:\/\/www.koupelnapro.com\/index.php\/produkt\/28086-nab-iacute-je-269-ka-share20v-4a-festa-vysoce-kvalitni-46523\/","og_image":[{"width":470,"height":470,"url":"https:\/\/www.koupelnapro.com\/wp-content\/uploads\/2026\/SK0003194-CZ20260425-093107-0-1777080667-64034-large_default.webp","type":"image\/webp"}],"twitter_card":"summary_large_image","schema":{"@context":"https:\/\/schema.org","@graph":[{"@type":"WebPage","@id":"https:\/\/www.koupelnapro.com\/index.php\/produkt\/28086-nab-iacute-je-269-ka-share20v-4a-festa-vysoce-kvalitni-46523\/","url":"https:\/\/www.koupelnapro.com\/index.php\/produkt\/28086-nab-iacute-je-269-ka-share20v-4a-festa-vysoce-kvalitni-46523\/","name":"28086 | nab&iacute;je&#269;ka SHARE20V 4A | FESTA Vysoce Kvalitn\u00ed -","isPartOf":{"@id":"https:\/\/www.koupelnapro.com\/#website"},"primaryImageOfPage":{"@id":"https:\/\/www.koupelnapro.com\/index.php\/produkt\/28086-nab-iacute-je-269-ka-share20v-4a-festa-vysoce-kvalitni-46523\/#primaryimage"},"image":{"@id":"https:\/\/www.koupelnapro.com\/index.php\/produkt\/28086-nab-iacute-je-269-ka-share20v-4a-festa-vysoce-kvalitni-46523\/#primaryimage"},"thumbnailUrl":"https:\/\/www.koupelnapro.com\/wp-content\/uploads\/2026\/SK0003194-CZ20260425-093107-0-1777080667-64034-large_default.webp","datePublished":"2026-04-26T09:16:28+00:00","breadcrumb":{"@id":"https:\/\/www.koupelnapro.com\/index.php\/produkt\/28086-nab-iacute-je-269-ka-share20v-4a-festa-vysoce-kvalitni-46523\/#breadcrumb"},"inLanguage":"cs","potentialAction":[{"@type":"ReadAction","target":["https:\/\/www.koupelnapro.com\/index.php\/produkt\/28086-nab-iacute-je-269-ka-share20v-4a-festa-vysoce-kvalitni-46523\/"]}]},{"@type":"ImageObject","inLanguage":"cs","@id":"https:\/\/www.koupelnapro.com\/index.php\/produkt\/28086-nab-iacute-je-269-ka-share20v-4a-festa-vysoce-kvalitni-46523\/#primaryimage","url":"https:\/\/www.koupelnapro.com\/wp-content\/uploads\/2026\/SK0003194-CZ20260425-093107-0-1777080667-64034-large_default.webp","contentUrl":"https:\/\/www.koupelnapro.com\/wp-content\/uploads\/2026\/SK0003194-CZ20260425-093107-0-1777080667-64034-large_default.webp","width":470,"height":470},{"@type":"BreadcrumbList","@id":"https:\/\/www.koupelnapro.com\/index.php\/produkt\/28086-nab-iacute-je-269-ka-share20v-4a-festa-vysoce-kvalitni-46523\/#breadcrumb","itemListElement":[{"@type":"ListItem","position":1,"name":"Home","item":"https:\/\/www.koupelnapro.com\/"},{"@type":"ListItem","position":2,"name":"Products","item":"https:\/\/www.koupelnapro.com\/index.php\/products\/"},{"@type":"ListItem","position":3,"name":"28086 | nab&iacute;je&#269;ka SHARE20V 4A | FESTA Vysoce Kvalitn\u00ed"}]},{"@type":"WebSite","@id":"https:\/\/www.koupelnapro.com\/#website","url":"https:\/\/www.koupelnapro.com\/","name":"","description":"","potentialAction":[{"@type":"SearchAction","target":{"@type":"EntryPoint","urlTemplate":"https:\/\/www.koupelnapro.com\/?s={search_term_string}"},"query-input":{"@type":"PropertyValueSpecification","valueRequired":true,"valueName":"search_term_string"}}],"inLanguage":"cs"}]}},"_links":{"self":[{"href":"https:\/\/www.koupelnapro.com\/index.php\/wp-json\/wp\/v2\/product\/46523","targetHints":{"allow":["GET"]}}],"collection":[{"href":"https:\/\/www.koupelnapro.com\/index.php\/wp-json\/wp\/v2\/product"}],"about":[{"href":"https:\/\/www.koupelnapro.com\/index.php\/wp-json\/wp\/v2\/types\/product"}],"replies":[{"embeddable":true,"href":"https:\/\/www.koupelnapro.com\/index.php\/wp-json\/wp\/v2\/comments?post=46523"}],"wp:featuredmedia":[{"embeddable":true,"href":"https:\/\/www.koupelnapro.com\/index.php\/wp-json\/wp\/v2\/media\/46623"}],"wp:attachment":[{"href":"https:\/\/www.koupelnapro.com\/index.php\/wp-json\/wp\/v2\/media?parent=46523"}],"wp:term":[{"taxonomy":"product_brand","embeddable":true,"href":"https:\/\/www.koupelnapro.com\/index.php\/wp-json\/wp\/v2\/product_brand?post=46523"},{"taxonomy":"product_cat","embeddable":true,"href":"https:\/\/www.koupelnapro.com\/index.php\/wp-json\/wp\/v2\/product_cat?post=46523"},{"taxonomy":"product_tag","embeddable":true,"href":"https:\/\/www.koupelnapro.com\/index.php\/wp-json\/wp\/v2\/product_tag?post=46523"}],"curies":[{"name":"wp","href":"https:\/\/api.w.org\/{rel}","templated":true}]}}