{"id":46499,"date":"2026-04-26T09:16:28","date_gmt":"2026-04-26T09:16:28","guid":{"rendered":""},"modified":"2026-04-26T09:16:28","modified_gmt":"2026-04-26T09:16:28","slug":"24621-vykru-382-ovac-iacute-korunka-diamantov-aacute-pr-8mm-m14-pro-uacute-hlov-eacute-brusky-festa-ind-vikendova-akce-46499","status":"publish","type":"product","link":"https:\/\/www.koupelnapro.com\/index.php\/produkt\/24621-vykru-382-ovac-iacute-korunka-diamantov-aacute-pr-8mm-m14-pro-uacute-hlov-eacute-brusky-festa-ind-vikendova-akce-46499\/","title":{"rendered":"24621 | vykru&#382;ovac&iacute; korunka | diamantov&aacute; | pr.8mm | M14 &#8211; pro &uacute;hlov&eacute; brusky | FESTA IND. V\u00edkendov\u00e1 Akce"},"content":{"rendered":"<p><!-- More info -->\t\t\t\t\t<\/p>\n<section id=\"idTab1\" class=\"page-product-box tab-pane active\" role=\"tabpanel\" aria-labelledby=\"idTab1\">\t\t\t\t\t\t<!-- full description -->\t\t\t\t\t\t<\/p>\n<div class=\"rte\">diamantov\u00e9 korunky pod zna\u010dkou FESTA INDUSTRY roz\u0161i\u0159uj\u00ed \u0159adu produkt\u016f ur\u010den\u00fdch zejm\u00e9na pro profesion\u00e1ln\u00ed pou\u017eit\u00ed<\/p>\n<p>rychl\u00e9 a p\u0159esn\u00e9 vykru\u017eov\u00e1n\u00ed a dlouh\u00e1 \u017eivotnost &#8211; z\u00e1le\u017e\u00ed na druhu materi\u00e1lu a technice!<br \/>uchycen\u00ed &#8211; z\u00e1vitem M14 pro \u00fahlov\u00e9 brusky nebo s adapterem(22087) i do vrta\u010dky\/akuvrta\u010dky<br \/>pro &#8222;such\u00e9 i mokr\u00e9&#8220; p\u0159esn\u00e9 a rychl\u00e9 vrt\u00e1n\u00ed\/ vykru\u017eov\u00e1n\u00ed do kamene, tvrd\u00fdch dla\u017eeb, gresu, obklad\u016f, \u017euly, mramoru a jin\u00fdch extr\u00e9mn\u011b tvrd\u00fdch materi\u00e1l\u016f nejen ve stavebnictv\u00ed<br \/>v\u00fd\u0161ka vrstvy diamantu 10 mm, men\u0161\u00ed velikost diamantov\u00fdch zrn a t\u00edm p\u00e1dem v\u011bt\u0161\u00ed hustota diamantov\u00fdch zrn, chladic\u00ed vosk nebo u v\u011bt\u0161\u00edch pr\u016fm\u011br\u016f otvory pro rychlej\u0161\u00ed vykru\u017eov\u00e1n\u00ed a v\u00fdrazn\u011b del\u0161\u00ed \u017eivotnost<br \/>bez nutnosti pou\u017e\u00edt jak\u00fdkoli pomocn\u00fd n\u00e1stroj vykrou\u017e\u00edte p\u0159esn\u00fd otvor na po\u017eadovan\u00e9m m\u00edst\u011b<br \/>doporu\u010den\u00fd pracovn\u00ed postup &#8211; na\u0161roubujte korunku p\u0159\u00edmo na z\u00e1vit hlavy \u00fahlov\u00e9 brusky, pevn\u011b dot\u00e1hn\u011bte. Vykru\u017eovat po\u017eadovan\u00fd otvor za\u010dn\u011bte pod \u00fahlem 45\u00b0, korunka a rychlost brusky okam\u017eit\u011b zajist\u00ed uchycen\u00ed v po\u017eadovan\u00e9m m\u00edst\u011b, pomalu p\u0159i rovnom\u011brn\u011b vytvo\u0159en\u00e9m tlaku narovnejte sm\u011br vykru\u017eov\u00e1n\u00ed do svisl\u00e9 polohy. Men\u0161\u00ed pr\u016fm\u011bry 6 &#8211; 12 mm jsou napln\u011bny voskem, pro vy\u0161\u0161\u00ed \u017e\u00edvotnost korunky je vhodn\u00e9 vosk (24710) doplnit, nebo chladit vodou, pop\u0159. nechat v ot\u00e1\u010dk\u00e1ch ochladit vzduchem!<\/div>\n<\/section>\n<p>\t\t\t\t\t<!--end  More info -->\t\t\t\t\t\t\t\t\t\t\t\t\t\t\t\t\t\t\t\t\t\t\t\t\t\t\t\t\t\t\t<\/div>\n<\/p><\/div>\n<p><!--QTR Accessories --><\/p>\n","protected":false},"excerpt":{"rendered":"<p>diamantov\u00e9 korunky pod zna\u010dkou FESTA INDUSTRY roz\u0161i\u0159uj\u00ed \u0159adu produkt\u016f ur\u010den\u00fdch zejm\u00e9na pro profesion\u00e1ln\u00ed pou\u017eit\u00ed rychl\u00e9 a p\u0159esn\u00e9 vykru\u017eov\u00e1n\u00ed a dlouh\u00e1 \u017eivotnost &#8211; z\u00e1le\u017e\u00ed na druhu materi\u00e1lu a technice!uchycen\u00ed &#8211; z\u00e1vitem M14 pro \u00fahlov\u00e9 brusky nebo s adapterem(22087) i do vrta\u010dky\/akuvrta\u010dkypro &#8222;such\u00e9 i mokr\u00e9&#8220; p\u0159esn\u00e9 a rychl\u00e9 vrt\u00e1n\u00ed\/ vykru\u017eov\u00e1n\u00ed do kamene, tvrd\u00fdch dla\u017eeb, gresu, obklad\u016f, \u017euly, [&hellip;]<\/p>\n","protected":false},"featured_media":46599,"comment_status":"open","ping_status":"open","template":"","meta":[],"product_brand":[],"product_cat":[153],"product_tag":[],"class_list":{"0":"post-46499","1":"product","2":"type-product","3":"status-publish","4":"has-post-thumbnail","6":"product_cat-n-aacute-rad-iacute","8":"first","9":"instock","10":"sale","11":"shipping-taxable","12":"purchasable","13":"product-type-simple"},"yoast_head":"<!-- This site is optimized with the Yoast SEO plugin v26.8 - https:\/\/yoast.com\/product\/yoast-seo-wordpress\/ -->\n<title>24621 | vykru&#382;ovac&iacute; korunka | diamantov&aacute; | pr.8mm | M14 - pro &uacute;hlov&eacute; brusky | FESTA IND. V\u00edkendov\u00e1 Akce -<\/title>\n<meta name=\"robots\" content=\"index, follow, max-snippet:-1, max-image-preview:large, max-video-preview:-1\" \/>\n<link rel=\"canonical\" href=\"https:\/\/www.koupelnapro.com\/index.php\/produkt\/24621-vykru-382-ovac-iacute-korunka-diamantov-aacute-pr-8mm-m14-pro-uacute-hlov-eacute-brusky-festa-ind-vikendova-akce-46499\/\" \/>\n<meta property=\"og:locale\" content=\"cs_CZ\" \/>\n<meta property=\"og:type\" content=\"article\" \/>\n<meta property=\"og:title\" content=\"24621 | vykru&#382;ovac&iacute; korunka | diamantov&aacute; | pr.8mm | M14 - pro &uacute;hlov&eacute; brusky | FESTA IND. V\u00edkendov\u00e1 Akce -\" \/>\n<meta property=\"og:description\" content=\"diamantov\u00e9 korunky pod zna\u010dkou FESTA INDUSTRY roz\u0161i\u0159uj\u00ed \u0159adu produkt\u016f ur\u010den\u00fdch zejm\u00e9na pro profesion\u00e1ln\u00ed pou\u017eit\u00ed rychl\u00e9 a p\u0159esn\u00e9 vykru\u017eov\u00e1n\u00ed a dlouh\u00e1 \u017eivotnost &#8211; z\u00e1le\u017e\u00ed na druhu materi\u00e1lu a technice!uchycen\u00ed &#8211; z\u00e1vitem M14 pro \u00fahlov\u00e9 brusky nebo s adapterem(22087) i do vrta\u010dky\/akuvrta\u010dkypro &#8222;such\u00e9 i mokr\u00e9&#8220; p\u0159esn\u00e9 a rychl\u00e9 vrt\u00e1n\u00ed\/ vykru\u017eov\u00e1n\u00ed do kamene, tvrd\u00fdch dla\u017eeb, gresu, obklad\u016f, \u017euly, [&hellip;]\" \/>\n<meta property=\"og:url\" content=\"https:\/\/www.koupelnapro.com\/index.php\/produkt\/24621-vykru-382-ovac-iacute-korunka-diamantov-aacute-pr-8mm-m14-pro-uacute-hlov-eacute-brusky-festa-ind-vikendova-akce-46499\/\" \/>\n<meta property=\"og:image\" content=\"https:\/\/www.koupelnapro.com\/wp-content\/uploads\/2026\/SK0003155-CZ20260425-093107-0-1777080667-63893-large_default.webp\" \/>\n\t<meta property=\"og:image:width\" content=\"470\" \/>\n\t<meta property=\"og:image:height\" content=\"470\" \/>\n\t<meta property=\"og:image:type\" content=\"image\/webp\" \/>\n<meta name=\"twitter:card\" content=\"summary_large_image\" \/>\n<meta name=\"twitter:label1\" content=\"Odhadovan\u00e1 doba \u010dten\u00ed\" \/>\n\t<meta name=\"twitter:data1\" content=\"1 minuta\" \/>\n<script type=\"application\/ld+json\" class=\"yoast-schema-graph\">{\"@context\":\"https:\/\/schema.org\",\"@graph\":[{\"@type\":\"WebPage\",\"@id\":\"https:\/\/www.koupelnapro.com\/index.php\/produkt\/24621-vykru-382-ovac-iacute-korunka-diamantov-aacute-pr-8mm-m14-pro-uacute-hlov-eacute-brusky-festa-ind-vikendova-akce-46499\/\",\"url\":\"https:\/\/www.koupelnapro.com\/index.php\/produkt\/24621-vykru-382-ovac-iacute-korunka-diamantov-aacute-pr-8mm-m14-pro-uacute-hlov-eacute-brusky-festa-ind-vikendova-akce-46499\/\",\"name\":\"24621 | vykru&#382;ovac&iacute; korunka | diamantov&aacute; | pr.8mm | M14 - pro &uacute;hlov&eacute; brusky | FESTA IND. V\u00edkendov\u00e1 Akce -\",\"isPartOf\":{\"@id\":\"https:\/\/www.koupelnapro.com\/#website\"},\"primaryImageOfPage\":{\"@id\":\"https:\/\/www.koupelnapro.com\/index.php\/produkt\/24621-vykru-382-ovac-iacute-korunka-diamantov-aacute-pr-8mm-m14-pro-uacute-hlov-eacute-brusky-festa-ind-vikendova-akce-46499\/#primaryimage\"},\"image\":{\"@id\":\"https:\/\/www.koupelnapro.com\/index.php\/produkt\/24621-vykru-382-ovac-iacute-korunka-diamantov-aacute-pr-8mm-m14-pro-uacute-hlov-eacute-brusky-festa-ind-vikendova-akce-46499\/#primaryimage\"},\"thumbnailUrl\":\"https:\/\/www.koupelnapro.com\/wp-content\/uploads\/2026\/SK0003155-CZ20260425-093107-0-1777080667-63893-large_default.webp\",\"datePublished\":\"2026-04-26T09:16:28+00:00\",\"breadcrumb\":{\"@id\":\"https:\/\/www.koupelnapro.com\/index.php\/produkt\/24621-vykru-382-ovac-iacute-korunka-diamantov-aacute-pr-8mm-m14-pro-uacute-hlov-eacute-brusky-festa-ind-vikendova-akce-46499\/#breadcrumb\"},\"inLanguage\":\"cs\",\"potentialAction\":[{\"@type\":\"ReadAction\",\"target\":[\"https:\/\/www.koupelnapro.com\/index.php\/produkt\/24621-vykru-382-ovac-iacute-korunka-diamantov-aacute-pr-8mm-m14-pro-uacute-hlov-eacute-brusky-festa-ind-vikendova-akce-46499\/\"]}]},{\"@type\":\"ImageObject\",\"inLanguage\":\"cs\",\"@id\":\"https:\/\/www.koupelnapro.com\/index.php\/produkt\/24621-vykru-382-ovac-iacute-korunka-diamantov-aacute-pr-8mm-m14-pro-uacute-hlov-eacute-brusky-festa-ind-vikendova-akce-46499\/#primaryimage\",\"url\":\"https:\/\/www.koupelnapro.com\/wp-content\/uploads\/2026\/SK0003155-CZ20260425-093107-0-1777080667-63893-large_default.webp\",\"contentUrl\":\"https:\/\/www.koupelnapro.com\/wp-content\/uploads\/2026\/SK0003155-CZ20260425-093107-0-1777080667-63893-large_default.webp\",\"width\":470,\"height\":470},{\"@type\":\"BreadcrumbList\",\"@id\":\"https:\/\/www.koupelnapro.com\/index.php\/produkt\/24621-vykru-382-ovac-iacute-korunka-diamantov-aacute-pr-8mm-m14-pro-uacute-hlov-eacute-brusky-festa-ind-vikendova-akce-46499\/#breadcrumb\",\"itemListElement\":[{\"@type\":\"ListItem\",\"position\":1,\"name\":\"Home\",\"item\":\"https:\/\/www.koupelnapro.com\/\"},{\"@type\":\"ListItem\",\"position\":2,\"name\":\"Products\",\"item\":\"https:\/\/www.koupelnapro.com\/index.php\/products\/\"},{\"@type\":\"ListItem\",\"position\":3,\"name\":\"24621 | vykru&#382;ovac&iacute; korunka | diamantov&aacute; | pr.8mm | M14 &#8211; pro &uacute;hlov&eacute; brusky | FESTA IND. V\u00edkendov\u00e1 Akce\"}]},{\"@type\":\"WebSite\",\"@id\":\"https:\/\/www.koupelnapro.com\/#website\",\"url\":\"https:\/\/www.koupelnapro.com\/\",\"name\":\"\",\"description\":\"\",\"potentialAction\":[{\"@type\":\"SearchAction\",\"target\":{\"@type\":\"EntryPoint\",\"urlTemplate\":\"https:\/\/www.koupelnapro.com\/?s={search_term_string}\"},\"query-input\":{\"@type\":\"PropertyValueSpecification\",\"valueRequired\":true,\"valueName\":\"search_term_string\"}}],\"inLanguage\":\"cs\"}]}<\/script>\n<!-- \/ Yoast SEO plugin. -->","yoast_head_json":{"title":"24621 | vykru&#382;ovac&iacute; korunka | diamantov&aacute; | pr.8mm | M14 - pro &uacute;hlov&eacute; brusky | FESTA IND. V\u00edkendov\u00e1 Akce -","robots":{"index":"index","follow":"follow","max-snippet":"max-snippet:-1","max-image-preview":"max-image-preview:large","max-video-preview":"max-video-preview:-1"},"canonical":"https:\/\/www.koupelnapro.com\/index.php\/produkt\/24621-vykru-382-ovac-iacute-korunka-diamantov-aacute-pr-8mm-m14-pro-uacute-hlov-eacute-brusky-festa-ind-vikendova-akce-46499\/","og_locale":"cs_CZ","og_type":"article","og_title":"24621 | vykru&#382;ovac&iacute; korunka | diamantov&aacute; | pr.8mm | M14 - pro &uacute;hlov&eacute; brusky | FESTA IND. V\u00edkendov\u00e1 Akce -","og_description":"diamantov\u00e9 korunky pod zna\u010dkou FESTA INDUSTRY roz\u0161i\u0159uj\u00ed \u0159adu produkt\u016f ur\u010den\u00fdch zejm\u00e9na pro profesion\u00e1ln\u00ed pou\u017eit\u00ed rychl\u00e9 a p\u0159esn\u00e9 vykru\u017eov\u00e1n\u00ed a dlouh\u00e1 \u017eivotnost &#8211; z\u00e1le\u017e\u00ed na druhu materi\u00e1lu a technice!uchycen\u00ed &#8211; z\u00e1vitem M14 pro \u00fahlov\u00e9 brusky nebo s adapterem(22087) i do vrta\u010dky\/akuvrta\u010dkypro &#8222;such\u00e9 i mokr\u00e9&#8220; p\u0159esn\u00e9 a rychl\u00e9 vrt\u00e1n\u00ed\/ vykru\u017eov\u00e1n\u00ed do kamene, tvrd\u00fdch dla\u017eeb, gresu, obklad\u016f, \u017euly, [&hellip;]","og_url":"https:\/\/www.koupelnapro.com\/index.php\/produkt\/24621-vykru-382-ovac-iacute-korunka-diamantov-aacute-pr-8mm-m14-pro-uacute-hlov-eacute-brusky-festa-ind-vikendova-akce-46499\/","og_image":[{"width":470,"height":470,"url":"https:\/\/www.koupelnapro.com\/wp-content\/uploads\/2026\/SK0003155-CZ20260425-093107-0-1777080667-63893-large_default.webp","type":"image\/webp"}],"twitter_card":"summary_large_image","twitter_misc":{"Odhadovan\u00e1 doba \u010dten\u00ed":"1 minuta"},"schema":{"@context":"https:\/\/schema.org","@graph":[{"@type":"WebPage","@id":"https:\/\/www.koupelnapro.com\/index.php\/produkt\/24621-vykru-382-ovac-iacute-korunka-diamantov-aacute-pr-8mm-m14-pro-uacute-hlov-eacute-brusky-festa-ind-vikendova-akce-46499\/","url":"https:\/\/www.koupelnapro.com\/index.php\/produkt\/24621-vykru-382-ovac-iacute-korunka-diamantov-aacute-pr-8mm-m14-pro-uacute-hlov-eacute-brusky-festa-ind-vikendova-akce-46499\/","name":"24621 | vykru&#382;ovac&iacute; korunka | diamantov&aacute; | pr.8mm | M14 - pro &uacute;hlov&eacute; brusky | FESTA IND. V\u00edkendov\u00e1 Akce -","isPartOf":{"@id":"https:\/\/www.koupelnapro.com\/#website"},"primaryImageOfPage":{"@id":"https:\/\/www.koupelnapro.com\/index.php\/produkt\/24621-vykru-382-ovac-iacute-korunka-diamantov-aacute-pr-8mm-m14-pro-uacute-hlov-eacute-brusky-festa-ind-vikendova-akce-46499\/#primaryimage"},"image":{"@id":"https:\/\/www.koupelnapro.com\/index.php\/produkt\/24621-vykru-382-ovac-iacute-korunka-diamantov-aacute-pr-8mm-m14-pro-uacute-hlov-eacute-brusky-festa-ind-vikendova-akce-46499\/#primaryimage"},"thumbnailUrl":"https:\/\/www.koupelnapro.com\/wp-content\/uploads\/2026\/SK0003155-CZ20260425-093107-0-1777080667-63893-large_default.webp","datePublished":"2026-04-26T09:16:28+00:00","breadcrumb":{"@id":"https:\/\/www.koupelnapro.com\/index.php\/produkt\/24621-vykru-382-ovac-iacute-korunka-diamantov-aacute-pr-8mm-m14-pro-uacute-hlov-eacute-brusky-festa-ind-vikendova-akce-46499\/#breadcrumb"},"inLanguage":"cs","potentialAction":[{"@type":"ReadAction","target":["https:\/\/www.koupelnapro.com\/index.php\/produkt\/24621-vykru-382-ovac-iacute-korunka-diamantov-aacute-pr-8mm-m14-pro-uacute-hlov-eacute-brusky-festa-ind-vikendova-akce-46499\/"]}]},{"@type":"ImageObject","inLanguage":"cs","@id":"https:\/\/www.koupelnapro.com\/index.php\/produkt\/24621-vykru-382-ovac-iacute-korunka-diamantov-aacute-pr-8mm-m14-pro-uacute-hlov-eacute-brusky-festa-ind-vikendova-akce-46499\/#primaryimage","url":"https:\/\/www.koupelnapro.com\/wp-content\/uploads\/2026\/SK0003155-CZ20260425-093107-0-1777080667-63893-large_default.webp","contentUrl":"https:\/\/www.koupelnapro.com\/wp-content\/uploads\/2026\/SK0003155-CZ20260425-093107-0-1777080667-63893-large_default.webp","width":470,"height":470},{"@type":"BreadcrumbList","@id":"https:\/\/www.koupelnapro.com\/index.php\/produkt\/24621-vykru-382-ovac-iacute-korunka-diamantov-aacute-pr-8mm-m14-pro-uacute-hlov-eacute-brusky-festa-ind-vikendova-akce-46499\/#breadcrumb","itemListElement":[{"@type":"ListItem","position":1,"name":"Home","item":"https:\/\/www.koupelnapro.com\/"},{"@type":"ListItem","position":2,"name":"Products","item":"https:\/\/www.koupelnapro.com\/index.php\/products\/"},{"@type":"ListItem","position":3,"name":"24621 | vykru&#382;ovac&iacute; korunka | diamantov&aacute; | pr.8mm | M14 &#8211; pro &uacute;hlov&eacute; brusky | FESTA IND. V\u00edkendov\u00e1 Akce"}]},{"@type":"WebSite","@id":"https:\/\/www.koupelnapro.com\/#website","url":"https:\/\/www.koupelnapro.com\/","name":"","description":"","potentialAction":[{"@type":"SearchAction","target":{"@type":"EntryPoint","urlTemplate":"https:\/\/www.koupelnapro.com\/?s={search_term_string}"},"query-input":{"@type":"PropertyValueSpecification","valueRequired":true,"valueName":"search_term_string"}}],"inLanguage":"cs"}]}},"_links":{"self":[{"href":"https:\/\/www.koupelnapro.com\/index.php\/wp-json\/wp\/v2\/product\/46499","targetHints":{"allow":["GET"]}}],"collection":[{"href":"https:\/\/www.koupelnapro.com\/index.php\/wp-json\/wp\/v2\/product"}],"about":[{"href":"https:\/\/www.koupelnapro.com\/index.php\/wp-json\/wp\/v2\/types\/product"}],"replies":[{"embeddable":true,"href":"https:\/\/www.koupelnapro.com\/index.php\/wp-json\/wp\/v2\/comments?post=46499"}],"wp:featuredmedia":[{"embeddable":true,"href":"https:\/\/www.koupelnapro.com\/index.php\/wp-json\/wp\/v2\/media\/46599"}],"wp:attachment":[{"href":"https:\/\/www.koupelnapro.com\/index.php\/wp-json\/wp\/v2\/media?parent=46499"}],"wp:term":[{"taxonomy":"product_brand","embeddable":true,"href":"https:\/\/www.koupelnapro.com\/index.php\/wp-json\/wp\/v2\/product_brand?post=46499"},{"taxonomy":"product_cat","embeddable":true,"href":"https:\/\/www.koupelnapro.com\/index.php\/wp-json\/wp\/v2\/product_cat?post=46499"},{"taxonomy":"product_tag","embeddable":true,"href":"https:\/\/www.koupelnapro.com\/index.php\/wp-json\/wp\/v2\/product_tag?post=46499"}],"curies":[{"name":"wp","href":"https:\/\/api.w.org\/{rel}","templated":true}]}}