{"id":46163,"date":"2026-04-26T09:16:26","date_gmt":"2026-04-26T09:16:26","guid":{"rendered":""},"modified":"2026-04-26T09:16:26","modified_gmt":"2026-04-26T09:16:26","slug":"broussard-negro-60x60-01s-lesk-rekt-r9-nejlepsi-volba-46163","status":"publish","type":"product","link":"https:\/\/www.koupelnapro.com\/index.php\/produkt\/broussard-negro-60x60-01s-lesk-rekt-r9-nejlepsi-volba-46163\/","title":{"rendered":"BROUSSARD negro 60&#215;60 | 01S | lesk | rekt | R9 Nejlep\u0161\u00ed Volba"},"content":{"rendered":"<p><!-- Data sheet -->\t\t\t\t\t<\/p>\n<section id=\"idTab2\" class=\"page-product-box tab-pane\" role=\"tabpanel\" aria-labelledby=\"idTab2\">\n<table class=\"table-data-sheet\">\n<tr class=\"odd\">\n<td>Novinka<\/td>\n<td>Ano <\/td>\n<\/tr>\n<tr class=\"even\">\n<td>POVRCHOV\u00c1 \u00daPRAVA<\/td>\n<td>lesk <\/td>\n<\/tr>\n<tr class=\"odd\">\n<td>FORM\u00c1T | ROZM\u011aR<\/td>\n<td>VF = velk\u00fd form\u00e1t = XL <\/td>\n<\/tr>\n<tr class=\"even\">\n<td>PROTISKLUZNOST | HRUBOST<\/td>\n<td>R9 <\/td>\n<\/tr>\n<tr class=\"odd\">\n<td>TYP | POU\u017dIT\u00cd<\/td>\n<td>dla\u017eba &#8211; podlaha | st\u011bna <\/td>\n<\/tr>\n<tr class=\"even\">\n<td>REKTIFIKACE<\/td>\n<td>Ano <\/td>\n<\/tr>\n<tr class=\"odd\">\n<td>JAKOST<\/td>\n<td>01S <\/td>\n<\/tr>\n<tr class=\"even\">\n<td>VARIABILITA | ROZD\u00cdLNOST<\/td>\n<td>V2 <\/td>\n<\/tr>\n<tr class=\"odd\">\n<td>VZHLED | IMITACE<\/td>\n<td>mramor<\/td>\n<\/tr>\n<tr class=\"even\">\n<td>MRAZUVZDORNOST | EXTERI\u00c9R<\/td>\n<td>Ano <\/td>\n<\/tr>\n<tr class=\"odd\">\n<td>MOHS | TVRDOST<\/td>\n<td>5 <\/td>\n<\/tr>\n<\/table>\n<\/section>\n<p>\t\t\t\t\t<!--end Data sheet -->\t\t\t\t\t\t\t\t\t\t\t\t\t\t\t\t\t<!--Download -->\t\t\t\t\t<\/p>\n<section id=\"idTab4\" class=\"page-product-box tab-pane\" role=\"tabpanel\" aria-labelledby=\"idTab4\">\n<div class=\"row\">\n<div class=\"col-lg-4\">\n<h4>Keros-BROUSSARD_NEGRO-60.pdf<\/h4>\n<p class=\"text-muted\">Soubor<\/p>\n<p>\t\t\t\t\t\t\t\t\t\t\t\t\t\t\t\t\t\t\t<i class=\"fa fa-download\"><\/i>\t\t\t\t\t\t\t\t\t\tKe sta\u017een&iacute; (595.02k)\t\t\t\t\t\t\t\t\t\t\t\t\t\t\t\t\t\t<\/p>\n<hr \/><\/div>\n<\/p><\/div>\n<\/section>\n<p>\t\t\t\t\t<!--end Download -->\t\t\t\t\t\t\t\t\t\t\t\t\t\t\t\t\t\t\t<\/div>\n<\/p><\/div>\n<p><!--QTR Accessories --><\/p>\n","protected":false},"excerpt":{"rendered":"<p>Novinka Ano POVRCHOV\u00c1 \u00daPRAVA lesk FORM\u00c1T | ROZM\u011aR VF = velk\u00fd form\u00e1t = XL PROTISKLUZNOST | HRUBOST R9 TYP | POU\u017dIT\u00cd dla\u017eba &#8211; podlaha | st\u011bna REKTIFIKACE Ano JAKOST 01S VARIABILITA | ROZD\u00cdLNOST V2 VZHLED | IMITACE mramor MRAZUVZDORNOST | EXTERI\u00c9R Ano MOHS | TVRDOST 5 Keros-BROUSSARD_NEGRO-60.pdf Soubor Ke sta\u017een&iacute; (595.02k)<\/p>\n","protected":false},"featured_media":46263,"comment_status":"open","ping_status":"open","template":"","meta":[],"product_brand":[],"product_cat":[162,161],"product_tag":[],"class_list":{"0":"post-46163","1":"product","2":"type-product","3":"status-publish","4":"has-post-thumbnail","6":"product_cat-dlazby","7":"product_cat-obklady","9":"first","10":"instock","11":"sale","12":"shipping-taxable","13":"purchasable","14":"product-type-simple"},"yoast_head":"<!-- This site is optimized with the Yoast SEO plugin v26.8 - https:\/\/yoast.com\/product\/yoast-seo-wordpress\/ -->\n<title>BROUSSARD negro 60x60 | 01S | lesk | rekt | R9 Nejlep\u0161\u00ed Volba -<\/title>\n<meta name=\"robots\" content=\"index, follow, max-snippet:-1, max-image-preview:large, max-video-preview:-1\" \/>\n<link rel=\"canonical\" href=\"https:\/\/www.koupelnapro.com\/index.php\/produkt\/broussard-negro-60x60-01s-lesk-rekt-r9-nejlepsi-volba-46163\/\" \/>\n<meta property=\"og:locale\" content=\"cs_CZ\" \/>\n<meta property=\"og:type\" content=\"article\" \/>\n<meta property=\"og:title\" content=\"BROUSSARD negro 60x60 | 01S | lesk | rekt | R9 Nejlep\u0161\u00ed Volba -\" \/>\n<meta property=\"og:description\" content=\"Novinka Ano POVRCHOV\u00c1 \u00daPRAVA lesk FORM\u00c1T | ROZM\u011aR VF = velk\u00fd form\u00e1t = XL PROTISKLUZNOST | HRUBOST R9 TYP | POU\u017dIT\u00cd dla\u017eba &#8211; podlaha | st\u011bna REKTIFIKACE Ano JAKOST 01S VARIABILITA | ROZD\u00cdLNOST V2 VZHLED | IMITACE mramor MRAZUVZDORNOST | EXTERI\u00c9R Ano MOHS | TVRDOST 5 Keros-BROUSSARD_NEGRO-60.pdf Soubor Ke sta\u017een&iacute; (595.02k)\" \/>\n<meta property=\"og:url\" content=\"https:\/\/www.koupelnapro.com\/index.php\/produkt\/broussard-negro-60x60-01s-lesk-rekt-r9-nejlepsi-volba-46163\/\" \/>\n<meta property=\"og:image\" content=\"https:\/\/www.koupelnapro.com\/wp-content\/uploads\/2026\/SK0002932-CZ20260425-093107-0-1777080667-62958-large_default.webp\" \/>\n\t<meta property=\"og:image:width\" content=\"470\" \/>\n\t<meta property=\"og:image:height\" content=\"470\" \/>\n\t<meta property=\"og:image:type\" content=\"image\/webp\" \/>\n<meta name=\"twitter:card\" content=\"summary_large_image\" \/>\n<script type=\"application\/ld+json\" class=\"yoast-schema-graph\">{\"@context\":\"https:\/\/schema.org\",\"@graph\":[{\"@type\":\"WebPage\",\"@id\":\"https:\/\/www.koupelnapro.com\/index.php\/produkt\/broussard-negro-60x60-01s-lesk-rekt-r9-nejlepsi-volba-46163\/\",\"url\":\"https:\/\/www.koupelnapro.com\/index.php\/produkt\/broussard-negro-60x60-01s-lesk-rekt-r9-nejlepsi-volba-46163\/\",\"name\":\"BROUSSARD negro 60x60 | 01S | lesk | rekt | R9 Nejlep\u0161\u00ed Volba -\",\"isPartOf\":{\"@id\":\"https:\/\/www.koupelnapro.com\/#website\"},\"primaryImageOfPage\":{\"@id\":\"https:\/\/www.koupelnapro.com\/index.php\/produkt\/broussard-negro-60x60-01s-lesk-rekt-r9-nejlepsi-volba-46163\/#primaryimage\"},\"image\":{\"@id\":\"https:\/\/www.koupelnapro.com\/index.php\/produkt\/broussard-negro-60x60-01s-lesk-rekt-r9-nejlepsi-volba-46163\/#primaryimage\"},\"thumbnailUrl\":\"https:\/\/www.koupelnapro.com\/wp-content\/uploads\/2026\/SK0002932-CZ20260425-093107-0-1777080667-62958-large_default.webp\",\"datePublished\":\"2026-04-26T09:16:26+00:00\",\"breadcrumb\":{\"@id\":\"https:\/\/www.koupelnapro.com\/index.php\/produkt\/broussard-negro-60x60-01s-lesk-rekt-r9-nejlepsi-volba-46163\/#breadcrumb\"},\"inLanguage\":\"cs\",\"potentialAction\":[{\"@type\":\"ReadAction\",\"target\":[\"https:\/\/www.koupelnapro.com\/index.php\/produkt\/broussard-negro-60x60-01s-lesk-rekt-r9-nejlepsi-volba-46163\/\"]}]},{\"@type\":\"ImageObject\",\"inLanguage\":\"cs\",\"@id\":\"https:\/\/www.koupelnapro.com\/index.php\/produkt\/broussard-negro-60x60-01s-lesk-rekt-r9-nejlepsi-volba-46163\/#primaryimage\",\"url\":\"https:\/\/www.koupelnapro.com\/wp-content\/uploads\/2026\/SK0002932-CZ20260425-093107-0-1777080667-62958-large_default.webp\",\"contentUrl\":\"https:\/\/www.koupelnapro.com\/wp-content\/uploads\/2026\/SK0002932-CZ20260425-093107-0-1777080667-62958-large_default.webp\",\"width\":470,\"height\":470},{\"@type\":\"BreadcrumbList\",\"@id\":\"https:\/\/www.koupelnapro.com\/index.php\/produkt\/broussard-negro-60x60-01s-lesk-rekt-r9-nejlepsi-volba-46163\/#breadcrumb\",\"itemListElement\":[{\"@type\":\"ListItem\",\"position\":1,\"name\":\"Home\",\"item\":\"https:\/\/www.koupelnapro.com\/\"},{\"@type\":\"ListItem\",\"position\":2,\"name\":\"Products\",\"item\":\"https:\/\/www.koupelnapro.com\/index.php\/products\/\"},{\"@type\":\"ListItem\",\"position\":3,\"name\":\"BROUSSARD negro 60&#215;60 | 01S | lesk | rekt | R9 Nejlep\u0161\u00ed Volba\"}]},{\"@type\":\"WebSite\",\"@id\":\"https:\/\/www.koupelnapro.com\/#website\",\"url\":\"https:\/\/www.koupelnapro.com\/\",\"name\":\"\",\"description\":\"\",\"potentialAction\":[{\"@type\":\"SearchAction\",\"target\":{\"@type\":\"EntryPoint\",\"urlTemplate\":\"https:\/\/www.koupelnapro.com\/?s={search_term_string}\"},\"query-input\":{\"@type\":\"PropertyValueSpecification\",\"valueRequired\":true,\"valueName\":\"search_term_string\"}}],\"inLanguage\":\"cs\"}]}<\/script>\n<!-- \/ Yoast SEO plugin. -->","yoast_head_json":{"title":"BROUSSARD negro 60x60 | 01S | lesk | rekt | R9 Nejlep\u0161\u00ed Volba -","robots":{"index":"index","follow":"follow","max-snippet":"max-snippet:-1","max-image-preview":"max-image-preview:large","max-video-preview":"max-video-preview:-1"},"canonical":"https:\/\/www.koupelnapro.com\/index.php\/produkt\/broussard-negro-60x60-01s-lesk-rekt-r9-nejlepsi-volba-46163\/","og_locale":"cs_CZ","og_type":"article","og_title":"BROUSSARD negro 60x60 | 01S | lesk | rekt | R9 Nejlep\u0161\u00ed Volba -","og_description":"Novinka Ano POVRCHOV\u00c1 \u00daPRAVA lesk FORM\u00c1T | ROZM\u011aR VF = velk\u00fd form\u00e1t = XL PROTISKLUZNOST | HRUBOST R9 TYP | POU\u017dIT\u00cd dla\u017eba &#8211; podlaha | st\u011bna REKTIFIKACE Ano JAKOST 01S VARIABILITA | ROZD\u00cdLNOST V2 VZHLED | IMITACE mramor MRAZUVZDORNOST | EXTERI\u00c9R Ano MOHS | TVRDOST 5 Keros-BROUSSARD_NEGRO-60.pdf Soubor Ke sta\u017een&iacute; (595.02k)","og_url":"https:\/\/www.koupelnapro.com\/index.php\/produkt\/broussard-negro-60x60-01s-lesk-rekt-r9-nejlepsi-volba-46163\/","og_image":[{"width":470,"height":470,"url":"https:\/\/www.koupelnapro.com\/wp-content\/uploads\/2026\/SK0002932-CZ20260425-093107-0-1777080667-62958-large_default.webp","type":"image\/webp"}],"twitter_card":"summary_large_image","schema":{"@context":"https:\/\/schema.org","@graph":[{"@type":"WebPage","@id":"https:\/\/www.koupelnapro.com\/index.php\/produkt\/broussard-negro-60x60-01s-lesk-rekt-r9-nejlepsi-volba-46163\/","url":"https:\/\/www.koupelnapro.com\/index.php\/produkt\/broussard-negro-60x60-01s-lesk-rekt-r9-nejlepsi-volba-46163\/","name":"BROUSSARD negro 60x60 | 01S | lesk | rekt | R9 Nejlep\u0161\u00ed Volba -","isPartOf":{"@id":"https:\/\/www.koupelnapro.com\/#website"},"primaryImageOfPage":{"@id":"https:\/\/www.koupelnapro.com\/index.php\/produkt\/broussard-negro-60x60-01s-lesk-rekt-r9-nejlepsi-volba-46163\/#primaryimage"},"image":{"@id":"https:\/\/www.koupelnapro.com\/index.php\/produkt\/broussard-negro-60x60-01s-lesk-rekt-r9-nejlepsi-volba-46163\/#primaryimage"},"thumbnailUrl":"https:\/\/www.koupelnapro.com\/wp-content\/uploads\/2026\/SK0002932-CZ20260425-093107-0-1777080667-62958-large_default.webp","datePublished":"2026-04-26T09:16:26+00:00","breadcrumb":{"@id":"https:\/\/www.koupelnapro.com\/index.php\/produkt\/broussard-negro-60x60-01s-lesk-rekt-r9-nejlepsi-volba-46163\/#breadcrumb"},"inLanguage":"cs","potentialAction":[{"@type":"ReadAction","target":["https:\/\/www.koupelnapro.com\/index.php\/produkt\/broussard-negro-60x60-01s-lesk-rekt-r9-nejlepsi-volba-46163\/"]}]},{"@type":"ImageObject","inLanguage":"cs","@id":"https:\/\/www.koupelnapro.com\/index.php\/produkt\/broussard-negro-60x60-01s-lesk-rekt-r9-nejlepsi-volba-46163\/#primaryimage","url":"https:\/\/www.koupelnapro.com\/wp-content\/uploads\/2026\/SK0002932-CZ20260425-093107-0-1777080667-62958-large_default.webp","contentUrl":"https:\/\/www.koupelnapro.com\/wp-content\/uploads\/2026\/SK0002932-CZ20260425-093107-0-1777080667-62958-large_default.webp","width":470,"height":470},{"@type":"BreadcrumbList","@id":"https:\/\/www.koupelnapro.com\/index.php\/produkt\/broussard-negro-60x60-01s-lesk-rekt-r9-nejlepsi-volba-46163\/#breadcrumb","itemListElement":[{"@type":"ListItem","position":1,"name":"Home","item":"https:\/\/www.koupelnapro.com\/"},{"@type":"ListItem","position":2,"name":"Products","item":"https:\/\/www.koupelnapro.com\/index.php\/products\/"},{"@type":"ListItem","position":3,"name":"BROUSSARD negro 60&#215;60 | 01S | lesk | rekt | R9 Nejlep\u0161\u00ed Volba"}]},{"@type":"WebSite","@id":"https:\/\/www.koupelnapro.com\/#website","url":"https:\/\/www.koupelnapro.com\/","name":"","description":"","potentialAction":[{"@type":"SearchAction","target":{"@type":"EntryPoint","urlTemplate":"https:\/\/www.koupelnapro.com\/?s={search_term_string}"},"query-input":{"@type":"PropertyValueSpecification","valueRequired":true,"valueName":"search_term_string"}}],"inLanguage":"cs"}]}},"_links":{"self":[{"href":"https:\/\/www.koupelnapro.com\/index.php\/wp-json\/wp\/v2\/product\/46163","targetHints":{"allow":["GET"]}}],"collection":[{"href":"https:\/\/www.koupelnapro.com\/index.php\/wp-json\/wp\/v2\/product"}],"about":[{"href":"https:\/\/www.koupelnapro.com\/index.php\/wp-json\/wp\/v2\/types\/product"}],"replies":[{"embeddable":true,"href":"https:\/\/www.koupelnapro.com\/index.php\/wp-json\/wp\/v2\/comments?post=46163"}],"wp:featuredmedia":[{"embeddable":true,"href":"https:\/\/www.koupelnapro.com\/index.php\/wp-json\/wp\/v2\/media\/46263"}],"wp:attachment":[{"href":"https:\/\/www.koupelnapro.com\/index.php\/wp-json\/wp\/v2\/media?parent=46163"}],"wp:term":[{"taxonomy":"product_brand","embeddable":true,"href":"https:\/\/www.koupelnapro.com\/index.php\/wp-json\/wp\/v2\/product_brand?post=46163"},{"taxonomy":"product_cat","embeddable":true,"href":"https:\/\/www.koupelnapro.com\/index.php\/wp-json\/wp\/v2\/product_cat?post=46163"},{"taxonomy":"product_tag","embeddable":true,"href":"https:\/\/www.koupelnapro.com\/index.php\/wp-json\/wp\/v2\/product_tag?post=46163"}],"curies":[{"name":"wp","href":"https:\/\/api.w.org\/{rel}","templated":true}]}}