{"id":46137,"date":"2026-04-26T09:16:26","date_gmt":"2026-04-26T09:16:26","guid":{"rendered":""},"modified":"2026-04-26T09:16:26","modified_gmt":"2026-04-26T09:16:26","slug":"tovarni-cena-djado-grey-matt-35x75-01s-rekt-46137","status":"publish","type":"product","link":"https:\/\/www.koupelnapro.com\/index.php\/produkt\/tovarni-cena-djado-grey-matt-35x75-01s-rekt-46137\/","title":{"rendered":"Tov\u00e1rn\u00ed Cena DJADO grey matt 35&#215;75 | 01S | rekt"},"content":{"rendered":"<p><!-- More info -->\t\t\t\t\t<\/p>\n<section id=\"idTab1\" class=\"page-product-box tab-pane active\" role=\"tabpanel\" aria-labelledby=\"idTab1\">\t\t\t\t\t\t<!-- full description -->\t\t\t\t\t\t<\/p>\n<div class=\"rte\">Obklad ve form\u00e1tu 35&#215;75 se sametov\u00fdm povrchem.<\/p>\n<p>Pokud jste n\u011bkdy byli v pou\u0161ti, za\u017eili jste fascinuj\u00edc\u00ed efekty vzor\u016f v p\u00edsku. I kdy\u017e jste nikdy nebyli, st\u00e1le m\u016f\u017eete pochopit to okouzlen\u00ed. V\u00edtr vytv\u00e1\u0159\u00ed do\u010dasn\u00e9 um\u011bleck\u00e9 d\u00edlo t\u00edm, \u017ee pohybuje sypk\u00fdm p\u00edskem, neust\u00e1le a donekone\u010dna. Je to p\u0159irozen\u00e1 estetika, motiv pro klid a koncentraci na to podstatn\u00e9. Tento pocit zprost\u0159edkov\u00e1v\u00e1 nov\u00e1 s\u00e9rie obklad\u016f Djado, kter\u00e1 vykouzl\u00ed uklid\u0148uj\u00edc\u00ed pou\u0161tn\u00ed atmosf\u00e9ru v m\u00edstnosti, kde si m\u016f\u017eete b\u00fdt jisti, \u017ee nikdy nebude p\u0159\u00edli\u0161 horko.<\/p><\/div>\n<\/section>\n<p>\t\t\t\t\t<!--end  More info -->\t\t\t\t\t\t\t\t\t\t\t\t\t<!-- Data sheet -->\t\t\t\t\t<\/p>\n<section id=\"idTab2\" class=\"page-product-box tab-pane\" role=\"tabpanel\" aria-labelledby=\"idTab2\">\n<table class=\"table-data-sheet\">\n<tr class=\"odd\">\n<td>Novinka<\/td>\n<td>Ano <\/td>\n<\/tr>\n<tr class=\"even\">\n<td>POVRCHOV\u00c1 \u00daPRAVA<\/td>\n<td>mat <\/td>\n<\/tr>\n<tr class=\"odd\">\n<td>FORM\u00c1T | ROZM\u011aR<\/td>\n<td>SF = st\u0159edn\u00ed form\u00e1t = L <\/td>\n<\/tr>\n<tr class=\"even\">\n<td>TYP | POU\u017dIT\u00cd<\/td>\n<td>obklad &#8211; st\u011bna <\/td>\n<\/tr>\n<tr class=\"odd\">\n<td>REKTIFIKACE<\/td>\n<td>Ano <\/td>\n<\/tr>\n<tr class=\"even\">\n<td>JAKOST<\/td>\n<td>01S <\/td>\n<\/tr>\n<tr class=\"odd\">\n<td>VARIABILITA | ROZD\u00cdLNOST<\/td>\n<td>V2 <\/td>\n<\/tr>\n<tr class=\"even\">\n<td>VZHLED | IMITACE<\/td>\n<td>k\u00e1men <\/td>\n<\/tr>\n<\/table>\n<\/section>\n<p>\t\t\t\t\t<!--end Data sheet -->\t\t\t\t\t\t\t\t\t\t\t\t\t\t\t\t\t<!--Download -->\t\t\t\t\t<\/p>\n<section id=\"idTab4\" class=\"page-product-box tab-pane\" role=\"tabpanel\" aria-labelledby=\"idTab4\">\n<div class=\"row\">\n<div class=\"col-lg-4\">\n<h4>djado-prospekt.pdf<\/h4>\n<p class=\"text-muted\">Soubor<\/p>\n<p>\t\t\t\t\t\t\t\t\t\t\t\t\t\t\t\t\t\t\t<i class=\"fa fa-download\"><\/i>\t\t\t\t\t\t\t\t\t\tKe sta\u017een&iacute; (1.72M)\t\t\t\t\t\t\t\t\t\t\t\t\t\t\t\t\t\t<\/p>\n<hr \/><\/div>\n<\/p><\/div>\n<\/section>\n<p>\t\t\t\t\t<!--end Download -->\t\t\t\t\t\t\t\t\t\t\t\t\t\t\t\t\t\t\t<\/div>\n<\/p><\/div>\n<p><!--QTR Accessories --><\/p>\n","protected":false},"excerpt":{"rendered":"<p>Obklad ve form\u00e1tu 35&#215;75 se sametov\u00fdm povrchem. Pokud jste n\u011bkdy byli v pou\u0161ti, za\u017eili jste fascinuj\u00edc\u00ed efekty vzor\u016f v p\u00edsku. I kdy\u017e jste nikdy nebyli, st\u00e1le m\u016f\u017eete pochopit to okouzlen\u00ed. V\u00edtr vytv\u00e1\u0159\u00ed do\u010dasn\u00e9 um\u011bleck\u00e9 d\u00edlo t\u00edm, \u017ee pohybuje sypk\u00fdm p\u00edskem, neust\u00e1le a donekone\u010dna. Je to p\u0159irozen\u00e1 estetika, motiv pro klid a koncentraci na to podstatn\u00e9. [&hellip;]<\/p>\n","protected":false},"featured_media":46237,"comment_status":"open","ping_status":"open","template":"","meta":[],"product_brand":[],"product_cat":[162,161],"product_tag":[],"class_list":{"0":"post-46137","1":"product","2":"type-product","3":"status-publish","4":"has-post-thumbnail","6":"product_cat-dlazby","7":"product_cat-obklady","9":"first","10":"instock","11":"sale","12":"shipping-taxable","13":"purchasable","14":"product-type-simple"},"yoast_head":"<!-- This site is optimized with the Yoast SEO plugin v26.8 - https:\/\/yoast.com\/product\/yoast-seo-wordpress\/ -->\n<title>Tov\u00e1rn\u00ed Cena DJADO grey matt 35x75 | 01S | rekt -<\/title>\n<meta name=\"robots\" content=\"index, follow, max-snippet:-1, max-image-preview:large, max-video-preview:-1\" \/>\n<link rel=\"canonical\" href=\"https:\/\/www.koupelnapro.com\/index.php\/produkt\/tovarni-cena-djado-grey-matt-35x75-01s-rekt-46137\/\" \/>\n<meta property=\"og:locale\" content=\"cs_CZ\" \/>\n<meta property=\"og:type\" content=\"article\" \/>\n<meta property=\"og:title\" content=\"Tov\u00e1rn\u00ed Cena DJADO grey matt 35x75 | 01S | rekt -\" \/>\n<meta property=\"og:description\" content=\"Obklad ve form\u00e1tu 35&#215;75 se sametov\u00fdm povrchem. Pokud jste n\u011bkdy byli v pou\u0161ti, za\u017eili jste fascinuj\u00edc\u00ed efekty vzor\u016f v p\u00edsku. I kdy\u017e jste nikdy nebyli, st\u00e1le m\u016f\u017eete pochopit to okouzlen\u00ed. V\u00edtr vytv\u00e1\u0159\u00ed do\u010dasn\u00e9 um\u011bleck\u00e9 d\u00edlo t\u00edm, \u017ee pohybuje sypk\u00fdm p\u00edskem, neust\u00e1le a donekone\u010dna. Je to p\u0159irozen\u00e1 estetika, motiv pro klid a koncentraci na to podstatn\u00e9. [&hellip;]\" \/>\n<meta property=\"og:url\" content=\"https:\/\/www.koupelnapro.com\/index.php\/produkt\/tovarni-cena-djado-grey-matt-35x75-01s-rekt-46137\/\" \/>\n<meta property=\"og:image\" content=\"https:\/\/www.koupelnapro.com\/wp-content\/uploads\/2026\/SK0002897-CZ20260425-093107-0-1777080667-62805-large_default.webp\" \/>\n\t<meta property=\"og:image:width\" content=\"470\" \/>\n\t<meta property=\"og:image:height\" content=\"470\" \/>\n\t<meta property=\"og:image:type\" content=\"image\/webp\" \/>\n<meta name=\"twitter:card\" content=\"summary_large_image\" \/>\n<meta name=\"twitter:label1\" content=\"Odhadovan\u00e1 doba \u010dten\u00ed\" \/>\n\t<meta name=\"twitter:data1\" content=\"1 minuta\" \/>\n<script type=\"application\/ld+json\" class=\"yoast-schema-graph\">{\"@context\":\"https:\/\/schema.org\",\"@graph\":[{\"@type\":\"WebPage\",\"@id\":\"https:\/\/www.koupelnapro.com\/index.php\/produkt\/tovarni-cena-djado-grey-matt-35x75-01s-rekt-46137\/\",\"url\":\"https:\/\/www.koupelnapro.com\/index.php\/produkt\/tovarni-cena-djado-grey-matt-35x75-01s-rekt-46137\/\",\"name\":\"Tov\u00e1rn\u00ed Cena DJADO grey matt 35x75 | 01S | rekt -\",\"isPartOf\":{\"@id\":\"https:\/\/www.koupelnapro.com\/#website\"},\"primaryImageOfPage\":{\"@id\":\"https:\/\/www.koupelnapro.com\/index.php\/produkt\/tovarni-cena-djado-grey-matt-35x75-01s-rekt-46137\/#primaryimage\"},\"image\":{\"@id\":\"https:\/\/www.koupelnapro.com\/index.php\/produkt\/tovarni-cena-djado-grey-matt-35x75-01s-rekt-46137\/#primaryimage\"},\"thumbnailUrl\":\"https:\/\/www.koupelnapro.com\/wp-content\/uploads\/2026\/SK0002897-CZ20260425-093107-0-1777080667-62805-large_default.webp\",\"datePublished\":\"2026-04-26T09:16:26+00:00\",\"breadcrumb\":{\"@id\":\"https:\/\/www.koupelnapro.com\/index.php\/produkt\/tovarni-cena-djado-grey-matt-35x75-01s-rekt-46137\/#breadcrumb\"},\"inLanguage\":\"cs\",\"potentialAction\":[{\"@type\":\"ReadAction\",\"target\":[\"https:\/\/www.koupelnapro.com\/index.php\/produkt\/tovarni-cena-djado-grey-matt-35x75-01s-rekt-46137\/\"]}]},{\"@type\":\"ImageObject\",\"inLanguage\":\"cs\",\"@id\":\"https:\/\/www.koupelnapro.com\/index.php\/produkt\/tovarni-cena-djado-grey-matt-35x75-01s-rekt-46137\/#primaryimage\",\"url\":\"https:\/\/www.koupelnapro.com\/wp-content\/uploads\/2026\/SK0002897-CZ20260425-093107-0-1777080667-62805-large_default.webp\",\"contentUrl\":\"https:\/\/www.koupelnapro.com\/wp-content\/uploads\/2026\/SK0002897-CZ20260425-093107-0-1777080667-62805-large_default.webp\",\"width\":470,\"height\":470},{\"@type\":\"BreadcrumbList\",\"@id\":\"https:\/\/www.koupelnapro.com\/index.php\/produkt\/tovarni-cena-djado-grey-matt-35x75-01s-rekt-46137\/#breadcrumb\",\"itemListElement\":[{\"@type\":\"ListItem\",\"position\":1,\"name\":\"Home\",\"item\":\"https:\/\/www.koupelnapro.com\/\"},{\"@type\":\"ListItem\",\"position\":2,\"name\":\"Products\",\"item\":\"https:\/\/www.koupelnapro.com\/index.php\/products\/\"},{\"@type\":\"ListItem\",\"position\":3,\"name\":\"Tov\u00e1rn\u00ed Cena DJADO grey matt 35&#215;75 | 01S | rekt\"}]},{\"@type\":\"WebSite\",\"@id\":\"https:\/\/www.koupelnapro.com\/#website\",\"url\":\"https:\/\/www.koupelnapro.com\/\",\"name\":\"\",\"description\":\"\",\"potentialAction\":[{\"@type\":\"SearchAction\",\"target\":{\"@type\":\"EntryPoint\",\"urlTemplate\":\"https:\/\/www.koupelnapro.com\/?s={search_term_string}\"},\"query-input\":{\"@type\":\"PropertyValueSpecification\",\"valueRequired\":true,\"valueName\":\"search_term_string\"}}],\"inLanguage\":\"cs\"}]}<\/script>\n<!-- \/ Yoast SEO plugin. -->","yoast_head_json":{"title":"Tov\u00e1rn\u00ed Cena DJADO grey matt 35x75 | 01S | rekt -","robots":{"index":"index","follow":"follow","max-snippet":"max-snippet:-1","max-image-preview":"max-image-preview:large","max-video-preview":"max-video-preview:-1"},"canonical":"https:\/\/www.koupelnapro.com\/index.php\/produkt\/tovarni-cena-djado-grey-matt-35x75-01s-rekt-46137\/","og_locale":"cs_CZ","og_type":"article","og_title":"Tov\u00e1rn\u00ed Cena DJADO grey matt 35x75 | 01S | rekt -","og_description":"Obklad ve form\u00e1tu 35&#215;75 se sametov\u00fdm povrchem. Pokud jste n\u011bkdy byli v pou\u0161ti, za\u017eili jste fascinuj\u00edc\u00ed efekty vzor\u016f v p\u00edsku. I kdy\u017e jste nikdy nebyli, st\u00e1le m\u016f\u017eete pochopit to okouzlen\u00ed. V\u00edtr vytv\u00e1\u0159\u00ed do\u010dasn\u00e9 um\u011bleck\u00e9 d\u00edlo t\u00edm, \u017ee pohybuje sypk\u00fdm p\u00edskem, neust\u00e1le a donekone\u010dna. Je to p\u0159irozen\u00e1 estetika, motiv pro klid a koncentraci na to podstatn\u00e9. [&hellip;]","og_url":"https:\/\/www.koupelnapro.com\/index.php\/produkt\/tovarni-cena-djado-grey-matt-35x75-01s-rekt-46137\/","og_image":[{"width":470,"height":470,"url":"https:\/\/www.koupelnapro.com\/wp-content\/uploads\/2026\/SK0002897-CZ20260425-093107-0-1777080667-62805-large_default.webp","type":"image\/webp"}],"twitter_card":"summary_large_image","twitter_misc":{"Odhadovan\u00e1 doba \u010dten\u00ed":"1 minuta"},"schema":{"@context":"https:\/\/schema.org","@graph":[{"@type":"WebPage","@id":"https:\/\/www.koupelnapro.com\/index.php\/produkt\/tovarni-cena-djado-grey-matt-35x75-01s-rekt-46137\/","url":"https:\/\/www.koupelnapro.com\/index.php\/produkt\/tovarni-cena-djado-grey-matt-35x75-01s-rekt-46137\/","name":"Tov\u00e1rn\u00ed Cena DJADO grey matt 35x75 | 01S | rekt -","isPartOf":{"@id":"https:\/\/www.koupelnapro.com\/#website"},"primaryImageOfPage":{"@id":"https:\/\/www.koupelnapro.com\/index.php\/produkt\/tovarni-cena-djado-grey-matt-35x75-01s-rekt-46137\/#primaryimage"},"image":{"@id":"https:\/\/www.koupelnapro.com\/index.php\/produkt\/tovarni-cena-djado-grey-matt-35x75-01s-rekt-46137\/#primaryimage"},"thumbnailUrl":"https:\/\/www.koupelnapro.com\/wp-content\/uploads\/2026\/SK0002897-CZ20260425-093107-0-1777080667-62805-large_default.webp","datePublished":"2026-04-26T09:16:26+00:00","breadcrumb":{"@id":"https:\/\/www.koupelnapro.com\/index.php\/produkt\/tovarni-cena-djado-grey-matt-35x75-01s-rekt-46137\/#breadcrumb"},"inLanguage":"cs","potentialAction":[{"@type":"ReadAction","target":["https:\/\/www.koupelnapro.com\/index.php\/produkt\/tovarni-cena-djado-grey-matt-35x75-01s-rekt-46137\/"]}]},{"@type":"ImageObject","inLanguage":"cs","@id":"https:\/\/www.koupelnapro.com\/index.php\/produkt\/tovarni-cena-djado-grey-matt-35x75-01s-rekt-46137\/#primaryimage","url":"https:\/\/www.koupelnapro.com\/wp-content\/uploads\/2026\/SK0002897-CZ20260425-093107-0-1777080667-62805-large_default.webp","contentUrl":"https:\/\/www.koupelnapro.com\/wp-content\/uploads\/2026\/SK0002897-CZ20260425-093107-0-1777080667-62805-large_default.webp","width":470,"height":470},{"@type":"BreadcrumbList","@id":"https:\/\/www.koupelnapro.com\/index.php\/produkt\/tovarni-cena-djado-grey-matt-35x75-01s-rekt-46137\/#breadcrumb","itemListElement":[{"@type":"ListItem","position":1,"name":"Home","item":"https:\/\/www.koupelnapro.com\/"},{"@type":"ListItem","position":2,"name":"Products","item":"https:\/\/www.koupelnapro.com\/index.php\/products\/"},{"@type":"ListItem","position":3,"name":"Tov\u00e1rn\u00ed Cena DJADO grey matt 35&#215;75 | 01S | rekt"}]},{"@type":"WebSite","@id":"https:\/\/www.koupelnapro.com\/#website","url":"https:\/\/www.koupelnapro.com\/","name":"","description":"","potentialAction":[{"@type":"SearchAction","target":{"@type":"EntryPoint","urlTemplate":"https:\/\/www.koupelnapro.com\/?s={search_term_string}"},"query-input":{"@type":"PropertyValueSpecification","valueRequired":true,"valueName":"search_term_string"}}],"inLanguage":"cs"}]}},"_links":{"self":[{"href":"https:\/\/www.koupelnapro.com\/index.php\/wp-json\/wp\/v2\/product\/46137","targetHints":{"allow":["GET"]}}],"collection":[{"href":"https:\/\/www.koupelnapro.com\/index.php\/wp-json\/wp\/v2\/product"}],"about":[{"href":"https:\/\/www.koupelnapro.com\/index.php\/wp-json\/wp\/v2\/types\/product"}],"replies":[{"embeddable":true,"href":"https:\/\/www.koupelnapro.com\/index.php\/wp-json\/wp\/v2\/comments?post=46137"}],"wp:featuredmedia":[{"embeddable":true,"href":"https:\/\/www.koupelnapro.com\/index.php\/wp-json\/wp\/v2\/media\/46237"}],"wp:attachment":[{"href":"https:\/\/www.koupelnapro.com\/index.php\/wp-json\/wp\/v2\/media?parent=46137"}],"wp:term":[{"taxonomy":"product_brand","embeddable":true,"href":"https:\/\/www.koupelnapro.com\/index.php\/wp-json\/wp\/v2\/product_brand?post=46137"},{"taxonomy":"product_cat","embeddable":true,"href":"https:\/\/www.koupelnapro.com\/index.php\/wp-json\/wp\/v2\/product_cat?post=46137"},{"taxonomy":"product_tag","embeddable":true,"href":"https:\/\/www.koupelnapro.com\/index.php\/wp-json\/wp\/v2\/product_tag?post=46137"}],"curies":[{"name":"wp","href":"https:\/\/api.w.org\/{rel}","templated":true}]}}