{"id":46132,"date":"2026-04-26T09:16:26","date_gmt":"2026-04-26T09:16:26","guid":{"rendered":""},"modified":"2026-04-26T09:16:26","modified_gmt":"2026-04-26T09:16:26","slug":"18723-torzn-iacute-bit-t25-50mm-s2-1-4-quot-festa-industry-bal-2ks-finalni-vyprodej-46132","status":"publish","type":"product","link":"https:\/\/www.koupelnapro.com\/index.php\/produkt\/18723-torzn-iacute-bit-t25-50mm-s2-1-4-quot-festa-industry-bal-2ks-finalni-vyprodej-46132\/","title":{"rendered":"18723 | torzn&iacute; bit T25 50mm S2 1\/4&quot; | FESTA INDUSTRY | bal.2ks Fin\u00e1ln\u00ed V\u00fdprodej"},"content":{"rendered":"<p><!-- More info -->\t\t\t\t\t<\/p>\n<section id=\"idTab1\" class=\"page-product-box tab-pane active\" role=\"tabpanel\" aria-labelledby=\"idTab1\">\t\t\t\t\t\t<!-- full description -->\t\t\t\t\t\t<\/p>\n<div class=\"rte\">Torzn\u00ed bit z oceli S2, ur\u010den\u00fd zejm\u00e9na pro r\u00e1zov\u00e9 utahov\u00e1ky s velk\u00fdm krout\u00edc\u00edm momentem.<\/p>\n<p>Speci\u00e1ln\u00ed tepeln\u00e9 zpracov\u00e1n\u00ed a geometrie bitu sni\u017euj\u00ed pnut\u00ed v bitu &#8211; bit m\u00e1 v\u011bt\u0161\u00ed pru\u017enost v krutu a t\u00edm nedoch\u00e1z\u00ed, p\u0159i r\u00e1zech utahov\u00e1ku, k prask\u00e1n\u00ed.<br \/>Precizn\u00ed opracov\u00e1n\u00ed hrotu bitu zaji\u0161\u0165uje jeho p\u0159esn\u00e9 zapadnut\u00ed a dr\u017een\u00ed ve spojovac\u00edm materi\u00e1lu<br \/>bity vhodn\u00e9 pro konstruk\u010dn\u00ed vruty p\u0159i pr\u00e1ci s r\u00e1zov\u00fdmi utahov\u00e1ky.<\/div>\n<\/section>\n<p>\t\t\t\t\t<!--end  More info -->\t\t\t\t\t\t\t\t\t\t\t\t\t\t\t\t\t\t\t\t\t\t\t\t\t\t\t\t\t\t\t<\/div>\n<\/p><\/div>\n<p><!--QTR Accessories --><\/p>\n","protected":false},"excerpt":{"rendered":"<p>Torzn\u00ed bit z oceli S2, ur\u010den\u00fd zejm\u00e9na pro r\u00e1zov\u00e9 utahov\u00e1ky s velk\u00fdm krout\u00edc\u00edm momentem. Speci\u00e1ln\u00ed tepeln\u00e9 zpracov\u00e1n\u00ed a geometrie bitu sni\u017euj\u00ed pnut\u00ed v bitu &#8211; bit m\u00e1 v\u011bt\u0161\u00ed pru\u017enost v krutu a t\u00edm nedoch\u00e1z\u00ed, p\u0159i r\u00e1zech utahov\u00e1ku, k prask\u00e1n\u00ed.Precizn\u00ed opracov\u00e1n\u00ed hrotu bitu zaji\u0161\u0165uje jeho p\u0159esn\u00e9 zapadnut\u00ed a dr\u017een\u00ed ve spojovac\u00edm materi\u00e1lubity vhodn\u00e9 pro konstruk\u010dn\u00ed vruty [&hellip;]<\/p>\n","protected":false},"featured_media":46232,"comment_status":"open","ping_status":"open","template":"","meta":[],"product_brand":[],"product_cat":[153],"product_tag":[],"class_list":{"0":"post-46132","1":"product","2":"type-product","3":"status-publish","4":"has-post-thumbnail","6":"product_cat-n-aacute-rad-iacute","8":"first","9":"instock","10":"sale","11":"shipping-taxable","12":"purchasable","13":"product-type-simple"},"yoast_head":"<!-- This site is optimized with the Yoast SEO plugin v26.8 - https:\/\/yoast.com\/product\/yoast-seo-wordpress\/ -->\n<title>18723 | torzn&iacute; bit T25 50mm S2 1\/4&quot; | FESTA INDUSTRY | bal.2ks Fin\u00e1ln\u00ed V\u00fdprodej -<\/title>\n<meta name=\"robots\" content=\"index, follow, max-snippet:-1, max-image-preview:large, max-video-preview:-1\" \/>\n<link rel=\"canonical\" href=\"https:\/\/www.koupelnapro.com\/index.php\/produkt\/18723-torzn-iacute-bit-t25-50mm-s2-1-4-quot-festa-industry-bal-2ks-finalni-vyprodej-46132\/\" \/>\n<meta property=\"og:locale\" content=\"cs_CZ\" \/>\n<meta property=\"og:type\" content=\"article\" \/>\n<meta property=\"og:title\" content=\"18723 | torzn&iacute; bit T25 50mm S2 1\/4&quot; | FESTA INDUSTRY | bal.2ks Fin\u00e1ln\u00ed V\u00fdprodej -\" \/>\n<meta property=\"og:description\" content=\"Torzn\u00ed bit z oceli S2, ur\u010den\u00fd zejm\u00e9na pro r\u00e1zov\u00e9 utahov\u00e1ky s velk\u00fdm krout\u00edc\u00edm momentem. Speci\u00e1ln\u00ed tepeln\u00e9 zpracov\u00e1n\u00ed a geometrie bitu sni\u017euj\u00ed pnut\u00ed v bitu &#8211; bit m\u00e1 v\u011bt\u0161\u00ed pru\u017enost v krutu a t\u00edm nedoch\u00e1z\u00ed, p\u0159i r\u00e1zech utahov\u00e1ku, k prask\u00e1n\u00ed.Precizn\u00ed opracov\u00e1n\u00ed hrotu bitu zaji\u0161\u0165uje jeho p\u0159esn\u00e9 zapadnut\u00ed a dr\u017een\u00ed ve spojovac\u00edm materi\u00e1lubity vhodn\u00e9 pro konstruk\u010dn\u00ed vruty [&hellip;]\" \/>\n<meta property=\"og:url\" content=\"https:\/\/www.koupelnapro.com\/index.php\/produkt\/18723-torzn-iacute-bit-t25-50mm-s2-1-4-quot-festa-industry-bal-2ks-finalni-vyprodej-46132\/\" \/>\n<meta property=\"og:image\" content=\"https:\/\/www.koupelnapro.com\/wp-content\/uploads\/2026\/SK0002888-CZ20260425-093107-0-1777080667-62768-large_default.webp\" \/>\n\t<meta property=\"og:image:width\" content=\"470\" \/>\n\t<meta property=\"og:image:height\" content=\"470\" \/>\n\t<meta property=\"og:image:type\" content=\"image\/webp\" \/>\n<meta name=\"twitter:card\" content=\"summary_large_image\" \/>\n<script type=\"application\/ld+json\" class=\"yoast-schema-graph\">{\"@context\":\"https:\/\/schema.org\",\"@graph\":[{\"@type\":\"WebPage\",\"@id\":\"https:\/\/www.koupelnapro.com\/index.php\/produkt\/18723-torzn-iacute-bit-t25-50mm-s2-1-4-quot-festa-industry-bal-2ks-finalni-vyprodej-46132\/\",\"url\":\"https:\/\/www.koupelnapro.com\/index.php\/produkt\/18723-torzn-iacute-bit-t25-50mm-s2-1-4-quot-festa-industry-bal-2ks-finalni-vyprodej-46132\/\",\"name\":\"18723 | torzn&iacute; bit T25 50mm S2 1\/4&quot; | FESTA INDUSTRY | bal.2ks Fin\u00e1ln\u00ed V\u00fdprodej -\",\"isPartOf\":{\"@id\":\"https:\/\/www.koupelnapro.com\/#website\"},\"primaryImageOfPage\":{\"@id\":\"https:\/\/www.koupelnapro.com\/index.php\/produkt\/18723-torzn-iacute-bit-t25-50mm-s2-1-4-quot-festa-industry-bal-2ks-finalni-vyprodej-46132\/#primaryimage\"},\"image\":{\"@id\":\"https:\/\/www.koupelnapro.com\/index.php\/produkt\/18723-torzn-iacute-bit-t25-50mm-s2-1-4-quot-festa-industry-bal-2ks-finalni-vyprodej-46132\/#primaryimage\"},\"thumbnailUrl\":\"https:\/\/www.koupelnapro.com\/wp-content\/uploads\/2026\/SK0002888-CZ20260425-093107-0-1777080667-62768-large_default.webp\",\"datePublished\":\"2026-04-26T09:16:26+00:00\",\"breadcrumb\":{\"@id\":\"https:\/\/www.koupelnapro.com\/index.php\/produkt\/18723-torzn-iacute-bit-t25-50mm-s2-1-4-quot-festa-industry-bal-2ks-finalni-vyprodej-46132\/#breadcrumb\"},\"inLanguage\":\"cs\",\"potentialAction\":[{\"@type\":\"ReadAction\",\"target\":[\"https:\/\/www.koupelnapro.com\/index.php\/produkt\/18723-torzn-iacute-bit-t25-50mm-s2-1-4-quot-festa-industry-bal-2ks-finalni-vyprodej-46132\/\"]}]},{\"@type\":\"ImageObject\",\"inLanguage\":\"cs\",\"@id\":\"https:\/\/www.koupelnapro.com\/index.php\/produkt\/18723-torzn-iacute-bit-t25-50mm-s2-1-4-quot-festa-industry-bal-2ks-finalni-vyprodej-46132\/#primaryimage\",\"url\":\"https:\/\/www.koupelnapro.com\/wp-content\/uploads\/2026\/SK0002888-CZ20260425-093107-0-1777080667-62768-large_default.webp\",\"contentUrl\":\"https:\/\/www.koupelnapro.com\/wp-content\/uploads\/2026\/SK0002888-CZ20260425-093107-0-1777080667-62768-large_default.webp\",\"width\":470,\"height\":470},{\"@type\":\"BreadcrumbList\",\"@id\":\"https:\/\/www.koupelnapro.com\/index.php\/produkt\/18723-torzn-iacute-bit-t25-50mm-s2-1-4-quot-festa-industry-bal-2ks-finalni-vyprodej-46132\/#breadcrumb\",\"itemListElement\":[{\"@type\":\"ListItem\",\"position\":1,\"name\":\"Home\",\"item\":\"https:\/\/www.koupelnapro.com\/\"},{\"@type\":\"ListItem\",\"position\":2,\"name\":\"Products\",\"item\":\"https:\/\/www.koupelnapro.com\/index.php\/products\/\"},{\"@type\":\"ListItem\",\"position\":3,\"name\":\"18723 | torzn&iacute; bit T25 50mm S2 1\/4&quot; | FESTA INDUSTRY | bal.2ks Fin\u00e1ln\u00ed V\u00fdprodej\"}]},{\"@type\":\"WebSite\",\"@id\":\"https:\/\/www.koupelnapro.com\/#website\",\"url\":\"https:\/\/www.koupelnapro.com\/\",\"name\":\"\",\"description\":\"\",\"potentialAction\":[{\"@type\":\"SearchAction\",\"target\":{\"@type\":\"EntryPoint\",\"urlTemplate\":\"https:\/\/www.koupelnapro.com\/?s={search_term_string}\"},\"query-input\":{\"@type\":\"PropertyValueSpecification\",\"valueRequired\":true,\"valueName\":\"search_term_string\"}}],\"inLanguage\":\"cs\"}]}<\/script>\n<!-- \/ Yoast SEO plugin. -->","yoast_head_json":{"title":"18723 | torzn&iacute; bit T25 50mm S2 1\/4&quot; | FESTA INDUSTRY | bal.2ks Fin\u00e1ln\u00ed V\u00fdprodej -","robots":{"index":"index","follow":"follow","max-snippet":"max-snippet:-1","max-image-preview":"max-image-preview:large","max-video-preview":"max-video-preview:-1"},"canonical":"https:\/\/www.koupelnapro.com\/index.php\/produkt\/18723-torzn-iacute-bit-t25-50mm-s2-1-4-quot-festa-industry-bal-2ks-finalni-vyprodej-46132\/","og_locale":"cs_CZ","og_type":"article","og_title":"18723 | torzn&iacute; bit T25 50mm S2 1\/4&quot; | FESTA INDUSTRY | bal.2ks Fin\u00e1ln\u00ed V\u00fdprodej -","og_description":"Torzn\u00ed bit z oceli S2, ur\u010den\u00fd zejm\u00e9na pro r\u00e1zov\u00e9 utahov\u00e1ky s velk\u00fdm krout\u00edc\u00edm momentem. Speci\u00e1ln\u00ed tepeln\u00e9 zpracov\u00e1n\u00ed a geometrie bitu sni\u017euj\u00ed pnut\u00ed v bitu &#8211; bit m\u00e1 v\u011bt\u0161\u00ed pru\u017enost v krutu a t\u00edm nedoch\u00e1z\u00ed, p\u0159i r\u00e1zech utahov\u00e1ku, k prask\u00e1n\u00ed.Precizn\u00ed opracov\u00e1n\u00ed hrotu bitu zaji\u0161\u0165uje jeho p\u0159esn\u00e9 zapadnut\u00ed a dr\u017een\u00ed ve spojovac\u00edm materi\u00e1lubity vhodn\u00e9 pro konstruk\u010dn\u00ed vruty [&hellip;]","og_url":"https:\/\/www.koupelnapro.com\/index.php\/produkt\/18723-torzn-iacute-bit-t25-50mm-s2-1-4-quot-festa-industry-bal-2ks-finalni-vyprodej-46132\/","og_image":[{"width":470,"height":470,"url":"https:\/\/www.koupelnapro.com\/wp-content\/uploads\/2026\/SK0002888-CZ20260425-093107-0-1777080667-62768-large_default.webp","type":"image\/webp"}],"twitter_card":"summary_large_image","schema":{"@context":"https:\/\/schema.org","@graph":[{"@type":"WebPage","@id":"https:\/\/www.koupelnapro.com\/index.php\/produkt\/18723-torzn-iacute-bit-t25-50mm-s2-1-4-quot-festa-industry-bal-2ks-finalni-vyprodej-46132\/","url":"https:\/\/www.koupelnapro.com\/index.php\/produkt\/18723-torzn-iacute-bit-t25-50mm-s2-1-4-quot-festa-industry-bal-2ks-finalni-vyprodej-46132\/","name":"18723 | torzn&iacute; bit T25 50mm S2 1\/4&quot; | FESTA INDUSTRY | bal.2ks Fin\u00e1ln\u00ed V\u00fdprodej -","isPartOf":{"@id":"https:\/\/www.koupelnapro.com\/#website"},"primaryImageOfPage":{"@id":"https:\/\/www.koupelnapro.com\/index.php\/produkt\/18723-torzn-iacute-bit-t25-50mm-s2-1-4-quot-festa-industry-bal-2ks-finalni-vyprodej-46132\/#primaryimage"},"image":{"@id":"https:\/\/www.koupelnapro.com\/index.php\/produkt\/18723-torzn-iacute-bit-t25-50mm-s2-1-4-quot-festa-industry-bal-2ks-finalni-vyprodej-46132\/#primaryimage"},"thumbnailUrl":"https:\/\/www.koupelnapro.com\/wp-content\/uploads\/2026\/SK0002888-CZ20260425-093107-0-1777080667-62768-large_default.webp","datePublished":"2026-04-26T09:16:26+00:00","breadcrumb":{"@id":"https:\/\/www.koupelnapro.com\/index.php\/produkt\/18723-torzn-iacute-bit-t25-50mm-s2-1-4-quot-festa-industry-bal-2ks-finalni-vyprodej-46132\/#breadcrumb"},"inLanguage":"cs","potentialAction":[{"@type":"ReadAction","target":["https:\/\/www.koupelnapro.com\/index.php\/produkt\/18723-torzn-iacute-bit-t25-50mm-s2-1-4-quot-festa-industry-bal-2ks-finalni-vyprodej-46132\/"]}]},{"@type":"ImageObject","inLanguage":"cs","@id":"https:\/\/www.koupelnapro.com\/index.php\/produkt\/18723-torzn-iacute-bit-t25-50mm-s2-1-4-quot-festa-industry-bal-2ks-finalni-vyprodej-46132\/#primaryimage","url":"https:\/\/www.koupelnapro.com\/wp-content\/uploads\/2026\/SK0002888-CZ20260425-093107-0-1777080667-62768-large_default.webp","contentUrl":"https:\/\/www.koupelnapro.com\/wp-content\/uploads\/2026\/SK0002888-CZ20260425-093107-0-1777080667-62768-large_default.webp","width":470,"height":470},{"@type":"BreadcrumbList","@id":"https:\/\/www.koupelnapro.com\/index.php\/produkt\/18723-torzn-iacute-bit-t25-50mm-s2-1-4-quot-festa-industry-bal-2ks-finalni-vyprodej-46132\/#breadcrumb","itemListElement":[{"@type":"ListItem","position":1,"name":"Home","item":"https:\/\/www.koupelnapro.com\/"},{"@type":"ListItem","position":2,"name":"Products","item":"https:\/\/www.koupelnapro.com\/index.php\/products\/"},{"@type":"ListItem","position":3,"name":"18723 | torzn&iacute; bit T25 50mm S2 1\/4&quot; | FESTA INDUSTRY | bal.2ks Fin\u00e1ln\u00ed V\u00fdprodej"}]},{"@type":"WebSite","@id":"https:\/\/www.koupelnapro.com\/#website","url":"https:\/\/www.koupelnapro.com\/","name":"","description":"","potentialAction":[{"@type":"SearchAction","target":{"@type":"EntryPoint","urlTemplate":"https:\/\/www.koupelnapro.com\/?s={search_term_string}"},"query-input":{"@type":"PropertyValueSpecification","valueRequired":true,"valueName":"search_term_string"}}],"inLanguage":"cs"}]}},"_links":{"self":[{"href":"https:\/\/www.koupelnapro.com\/index.php\/wp-json\/wp\/v2\/product\/46132","targetHints":{"allow":["GET"]}}],"collection":[{"href":"https:\/\/www.koupelnapro.com\/index.php\/wp-json\/wp\/v2\/product"}],"about":[{"href":"https:\/\/www.koupelnapro.com\/index.php\/wp-json\/wp\/v2\/types\/product"}],"replies":[{"embeddable":true,"href":"https:\/\/www.koupelnapro.com\/index.php\/wp-json\/wp\/v2\/comments?post=46132"}],"wp:featuredmedia":[{"embeddable":true,"href":"https:\/\/www.koupelnapro.com\/index.php\/wp-json\/wp\/v2\/media\/46232"}],"wp:attachment":[{"href":"https:\/\/www.koupelnapro.com\/index.php\/wp-json\/wp\/v2\/media?parent=46132"}],"wp:term":[{"taxonomy":"product_brand","embeddable":true,"href":"https:\/\/www.koupelnapro.com\/index.php\/wp-json\/wp\/v2\/product_brand?post=46132"},{"taxonomy":"product_cat","embeddable":true,"href":"https:\/\/www.koupelnapro.com\/index.php\/wp-json\/wp\/v2\/product_cat?post=46132"},{"taxonomy":"product_tag","embeddable":true,"href":"https:\/\/www.koupelnapro.com\/index.php\/wp-json\/wp\/v2\/product_tag?post=46132"}],"curies":[{"name":"wp","href":"https:\/\/api.w.org\/{rel}","templated":true}]}}