{"id":46124,"date":"2026-04-26T09:16:26","date_gmt":"2026-04-26T09:16:26","guid":{"rendered":""},"modified":"2026-04-26T09:16:26","modified_gmt":"2026-04-26T09:16:26","slug":"autenticky-katan-anthracit-60x120-01s-rekt-r9-8mm-46124","status":"publish","type":"product","link":"https:\/\/www.koupelnapro.com\/index.php\/produkt\/autenticky-katan-anthracit-60x120-01s-rekt-r9-8mm-46124\/","title":{"rendered":"Autentick\u00fd KATAN anthracit 60&#215;120 | 01S | rekt | R9 | 8mm"},"content":{"rendered":"<p><!-- More info -->\t\t\t\t\t<\/p>\n<section id=\"idTab1\" class=\"page-product-box tab-pane active\" role=\"tabpanel\" aria-labelledby=\"idTab1\">\t\t\t\t\t\t<!-- full description -->\t\t\t\t\t\t<\/p>\n<div class=\"rte\">Univerz\u00e1ln\u00ed keramick\u00e1 dla\u017eba v atraktivn\u00edm designu kamene.<\/p>\n<p>Jemn\u00fd kamenit\u00fd design vhodn\u00fd do v\u0161ech va\u0161ich prostor. Velice dob\u0159e udr\u017eiteln\u00fd povrch a barevn\u00e1 prakti\u010dnost. Vhodn\u00e1 jak do mokr\u00e9ho procesu jako je koupelna nebo i jako dla\u017eba do kuchyn\u011b, ob\u00fdvac\u00edch pokoj\u016f nebo d\u00edky sv\u00e9 odolnosti, do vstupn\u00edch chodeb.<\/p><\/div>\n<\/section>\n<p>\t\t\t\t\t<!--end  More info -->\t\t\t\t\t\t\t\t\t\t\t\t\t<!-- Data sheet -->\t\t\t\t\t<\/p>\n<section id=\"idTab2\" class=\"page-product-box tab-pane\" role=\"tabpanel\" aria-labelledby=\"idTab2\">\n<table class=\"table-data-sheet\">\n<tr class=\"odd\">\n<td>Akce<\/td>\n<td>Ano <\/td>\n<\/tr>\n<tr class=\"even\">\n<td>Sleva<\/td>\n<td>Ano <\/td>\n<\/tr>\n<tr class=\"odd\">\n<td>POVRCHOV\u00c1 \u00daPRAVA<\/td>\n<td>mat <\/td>\n<\/tr>\n<tr class=\"even\">\n<td>FORM\u00c1T | ROZM\u011aR<\/td>\n<td>VF = velk\u00fd form\u00e1t = XL <\/td>\n<\/tr>\n<tr class=\"odd\">\n<td>ODOLNOST | ZAT\u00cd\u017dEN\u00cd<\/td>\n<td>PEI 5 <\/td>\n<\/tr>\n<tr class=\"even\">\n<td>PROTISKLUZNOST | HRUBOST<\/td>\n<td>R9 <\/td>\n<\/tr>\n<tr class=\"odd\">\n<td>TYP | POU\u017dIT\u00cd<\/td>\n<td>dla\u017eba &#8211; podlaha | st\u011bna <\/td>\n<\/tr>\n<tr class=\"even\">\n<td>REKTIFIKACE<\/td>\n<td>Ano <\/td>\n<\/tr>\n<tr class=\"odd\">\n<td>JAKOST<\/td>\n<td>01S <\/td>\n<\/tr>\n<tr class=\"even\">\n<td>VARIABILITA | ROZD\u00cdLNOST<\/td>\n<td>V2 <\/td>\n<\/tr>\n<tr class=\"odd\">\n<td>VZHLED | IMITACE<\/td>\n<td>k\u00e1men <\/td>\n<\/tr>\n<tr class=\"even\">\n<td>MRAZUVZDORNOST | EXTERI\u00c9R<\/td>\n<td>Ano <\/td>\n<\/tr>\n<tr class=\"odd\">\n<td>V\u00ddPRODEJ OBKLADY DLA\u017dBY<\/td>\n<td>Ano <\/td>\n<\/tr>\n<\/table>\n<\/section>\n<p>\t\t\t\t\t<!--end Data sheet -->\t\t\t\t\t\t\t\t\t\t\t\t\t\t\t\t\t\t\t\t\t\t\t\t\t\t\t<\/div>\n<\/p><\/div>\n<p><!--QTR Accessories --><\/p>\n","protected":false},"excerpt":{"rendered":"<p>Univerz\u00e1ln\u00ed keramick\u00e1 dla\u017eba v atraktivn\u00edm designu kamene. Jemn\u00fd kamenit\u00fd design vhodn\u00fd do v\u0161ech va\u0161ich prostor. Velice dob\u0159e udr\u017eiteln\u00fd povrch a barevn\u00e1 prakti\u010dnost. Vhodn\u00e1 jak do mokr\u00e9ho procesu jako je koupelna nebo i jako dla\u017eba do kuchyn\u011b, ob\u00fdvac\u00edch pokoj\u016f nebo d\u00edky sv\u00e9 odolnosti, do vstupn\u00edch chodeb. Akce Ano Sleva Ano POVRCHOV\u00c1 \u00daPRAVA mat FORM\u00c1T | ROZM\u011aR [&hellip;]<\/p>\n","protected":false},"featured_media":46224,"comment_status":"open","ping_status":"open","template":"","meta":[],"product_brand":[],"product_cat":[162,161],"product_tag":[],"class_list":{"0":"post-46124","1":"product","2":"type-product","3":"status-publish","4":"has-post-thumbnail","6":"product_cat-dlazby","7":"product_cat-obklady","9":"first","10":"instock","11":"sale","12":"shipping-taxable","13":"purchasable","14":"product-type-simple"},"yoast_head":"<!-- This site is optimized with the Yoast SEO plugin v26.8 - https:\/\/yoast.com\/product\/yoast-seo-wordpress\/ -->\n<title>Autentick\u00fd KATAN anthracit 60x120 | 01S | rekt | R9 | 8mm -<\/title>\n<meta name=\"robots\" content=\"index, follow, max-snippet:-1, max-image-preview:large, max-video-preview:-1\" \/>\n<link rel=\"canonical\" href=\"https:\/\/www.koupelnapro.com\/index.php\/produkt\/autenticky-katan-anthracit-60x120-01s-rekt-r9-8mm-46124\/\" \/>\n<meta property=\"og:locale\" content=\"cs_CZ\" \/>\n<meta property=\"og:type\" content=\"article\" \/>\n<meta property=\"og:title\" content=\"Autentick\u00fd KATAN anthracit 60x120 | 01S | rekt | R9 | 8mm -\" \/>\n<meta property=\"og:description\" content=\"Univerz\u00e1ln\u00ed keramick\u00e1 dla\u017eba v atraktivn\u00edm designu kamene. Jemn\u00fd kamenit\u00fd design vhodn\u00fd do v\u0161ech va\u0161ich prostor. Velice dob\u0159e udr\u017eiteln\u00fd povrch a barevn\u00e1 prakti\u010dnost. Vhodn\u00e1 jak do mokr\u00e9ho procesu jako je koupelna nebo i jako dla\u017eba do kuchyn\u011b, ob\u00fdvac\u00edch pokoj\u016f nebo d\u00edky sv\u00e9 odolnosti, do vstupn\u00edch chodeb. Akce Ano Sleva Ano POVRCHOV\u00c1 \u00daPRAVA mat FORM\u00c1T | ROZM\u011aR [&hellip;]\" \/>\n<meta property=\"og:url\" content=\"https:\/\/www.koupelnapro.com\/index.php\/produkt\/autenticky-katan-anthracit-60x120-01s-rekt-r9-8mm-46124\/\" \/>\n<meta property=\"og:image\" content=\"https:\/\/www.koupelnapro.com\/wp-content\/uploads\/2026\/SK0002871-CZ20260425-093107-0-1777080667-62570-large_default.webp\" \/>\n\t<meta property=\"og:image:width\" content=\"470\" \/>\n\t<meta property=\"og:image:height\" content=\"470\" \/>\n\t<meta property=\"og:image:type\" content=\"image\/webp\" \/>\n<meta name=\"twitter:card\" content=\"summary_large_image\" \/>\n<meta name=\"twitter:label1\" content=\"Odhadovan\u00e1 doba \u010dten\u00ed\" \/>\n\t<meta name=\"twitter:data1\" content=\"1 minuta\" \/>\n<script type=\"application\/ld+json\" class=\"yoast-schema-graph\">{\"@context\":\"https:\/\/schema.org\",\"@graph\":[{\"@type\":\"WebPage\",\"@id\":\"https:\/\/www.koupelnapro.com\/index.php\/produkt\/autenticky-katan-anthracit-60x120-01s-rekt-r9-8mm-46124\/\",\"url\":\"https:\/\/www.koupelnapro.com\/index.php\/produkt\/autenticky-katan-anthracit-60x120-01s-rekt-r9-8mm-46124\/\",\"name\":\"Autentick\u00fd KATAN anthracit 60x120 | 01S | rekt | R9 | 8mm -\",\"isPartOf\":{\"@id\":\"https:\/\/www.koupelnapro.com\/#website\"},\"primaryImageOfPage\":{\"@id\":\"https:\/\/www.koupelnapro.com\/index.php\/produkt\/autenticky-katan-anthracit-60x120-01s-rekt-r9-8mm-46124\/#primaryimage\"},\"image\":{\"@id\":\"https:\/\/www.koupelnapro.com\/index.php\/produkt\/autenticky-katan-anthracit-60x120-01s-rekt-r9-8mm-46124\/#primaryimage\"},\"thumbnailUrl\":\"https:\/\/www.koupelnapro.com\/wp-content\/uploads\/2026\/SK0002871-CZ20260425-093107-0-1777080667-62570-large_default.webp\",\"datePublished\":\"2026-04-26T09:16:26+00:00\",\"breadcrumb\":{\"@id\":\"https:\/\/www.koupelnapro.com\/index.php\/produkt\/autenticky-katan-anthracit-60x120-01s-rekt-r9-8mm-46124\/#breadcrumb\"},\"inLanguage\":\"cs\",\"potentialAction\":[{\"@type\":\"ReadAction\",\"target\":[\"https:\/\/www.koupelnapro.com\/index.php\/produkt\/autenticky-katan-anthracit-60x120-01s-rekt-r9-8mm-46124\/\"]}]},{\"@type\":\"ImageObject\",\"inLanguage\":\"cs\",\"@id\":\"https:\/\/www.koupelnapro.com\/index.php\/produkt\/autenticky-katan-anthracit-60x120-01s-rekt-r9-8mm-46124\/#primaryimage\",\"url\":\"https:\/\/www.koupelnapro.com\/wp-content\/uploads\/2026\/SK0002871-CZ20260425-093107-0-1777080667-62570-large_default.webp\",\"contentUrl\":\"https:\/\/www.koupelnapro.com\/wp-content\/uploads\/2026\/SK0002871-CZ20260425-093107-0-1777080667-62570-large_default.webp\",\"width\":470,\"height\":470},{\"@type\":\"BreadcrumbList\",\"@id\":\"https:\/\/www.koupelnapro.com\/index.php\/produkt\/autenticky-katan-anthracit-60x120-01s-rekt-r9-8mm-46124\/#breadcrumb\",\"itemListElement\":[{\"@type\":\"ListItem\",\"position\":1,\"name\":\"Home\",\"item\":\"https:\/\/www.koupelnapro.com\/\"},{\"@type\":\"ListItem\",\"position\":2,\"name\":\"Products\",\"item\":\"https:\/\/www.koupelnapro.com\/index.php\/products\/\"},{\"@type\":\"ListItem\",\"position\":3,\"name\":\"Autentick\u00fd KATAN anthracit 60&#215;120 | 01S | rekt | R9 | 8mm\"}]},{\"@type\":\"WebSite\",\"@id\":\"https:\/\/www.koupelnapro.com\/#website\",\"url\":\"https:\/\/www.koupelnapro.com\/\",\"name\":\"\",\"description\":\"\",\"potentialAction\":[{\"@type\":\"SearchAction\",\"target\":{\"@type\":\"EntryPoint\",\"urlTemplate\":\"https:\/\/www.koupelnapro.com\/?s={search_term_string}\"},\"query-input\":{\"@type\":\"PropertyValueSpecification\",\"valueRequired\":true,\"valueName\":\"search_term_string\"}}],\"inLanguage\":\"cs\"}]}<\/script>\n<!-- \/ Yoast SEO plugin. -->","yoast_head_json":{"title":"Autentick\u00fd KATAN anthracit 60x120 | 01S | rekt | R9 | 8mm -","robots":{"index":"index","follow":"follow","max-snippet":"max-snippet:-1","max-image-preview":"max-image-preview:large","max-video-preview":"max-video-preview:-1"},"canonical":"https:\/\/www.koupelnapro.com\/index.php\/produkt\/autenticky-katan-anthracit-60x120-01s-rekt-r9-8mm-46124\/","og_locale":"cs_CZ","og_type":"article","og_title":"Autentick\u00fd KATAN anthracit 60x120 | 01S | rekt | R9 | 8mm -","og_description":"Univerz\u00e1ln\u00ed keramick\u00e1 dla\u017eba v atraktivn\u00edm designu kamene. Jemn\u00fd kamenit\u00fd design vhodn\u00fd do v\u0161ech va\u0161ich prostor. Velice dob\u0159e udr\u017eiteln\u00fd povrch a barevn\u00e1 prakti\u010dnost. Vhodn\u00e1 jak do mokr\u00e9ho procesu jako je koupelna nebo i jako dla\u017eba do kuchyn\u011b, ob\u00fdvac\u00edch pokoj\u016f nebo d\u00edky sv\u00e9 odolnosti, do vstupn\u00edch chodeb. Akce Ano Sleva Ano POVRCHOV\u00c1 \u00daPRAVA mat FORM\u00c1T | ROZM\u011aR [&hellip;]","og_url":"https:\/\/www.koupelnapro.com\/index.php\/produkt\/autenticky-katan-anthracit-60x120-01s-rekt-r9-8mm-46124\/","og_image":[{"width":470,"height":470,"url":"https:\/\/www.koupelnapro.com\/wp-content\/uploads\/2026\/SK0002871-CZ20260425-093107-0-1777080667-62570-large_default.webp","type":"image\/webp"}],"twitter_card":"summary_large_image","twitter_misc":{"Odhadovan\u00e1 doba \u010dten\u00ed":"1 minuta"},"schema":{"@context":"https:\/\/schema.org","@graph":[{"@type":"WebPage","@id":"https:\/\/www.koupelnapro.com\/index.php\/produkt\/autenticky-katan-anthracit-60x120-01s-rekt-r9-8mm-46124\/","url":"https:\/\/www.koupelnapro.com\/index.php\/produkt\/autenticky-katan-anthracit-60x120-01s-rekt-r9-8mm-46124\/","name":"Autentick\u00fd KATAN anthracit 60x120 | 01S | rekt | R9 | 8mm -","isPartOf":{"@id":"https:\/\/www.koupelnapro.com\/#website"},"primaryImageOfPage":{"@id":"https:\/\/www.koupelnapro.com\/index.php\/produkt\/autenticky-katan-anthracit-60x120-01s-rekt-r9-8mm-46124\/#primaryimage"},"image":{"@id":"https:\/\/www.koupelnapro.com\/index.php\/produkt\/autenticky-katan-anthracit-60x120-01s-rekt-r9-8mm-46124\/#primaryimage"},"thumbnailUrl":"https:\/\/www.koupelnapro.com\/wp-content\/uploads\/2026\/SK0002871-CZ20260425-093107-0-1777080667-62570-large_default.webp","datePublished":"2026-04-26T09:16:26+00:00","breadcrumb":{"@id":"https:\/\/www.koupelnapro.com\/index.php\/produkt\/autenticky-katan-anthracit-60x120-01s-rekt-r9-8mm-46124\/#breadcrumb"},"inLanguage":"cs","potentialAction":[{"@type":"ReadAction","target":["https:\/\/www.koupelnapro.com\/index.php\/produkt\/autenticky-katan-anthracit-60x120-01s-rekt-r9-8mm-46124\/"]}]},{"@type":"ImageObject","inLanguage":"cs","@id":"https:\/\/www.koupelnapro.com\/index.php\/produkt\/autenticky-katan-anthracit-60x120-01s-rekt-r9-8mm-46124\/#primaryimage","url":"https:\/\/www.koupelnapro.com\/wp-content\/uploads\/2026\/SK0002871-CZ20260425-093107-0-1777080667-62570-large_default.webp","contentUrl":"https:\/\/www.koupelnapro.com\/wp-content\/uploads\/2026\/SK0002871-CZ20260425-093107-0-1777080667-62570-large_default.webp","width":470,"height":470},{"@type":"BreadcrumbList","@id":"https:\/\/www.koupelnapro.com\/index.php\/produkt\/autenticky-katan-anthracit-60x120-01s-rekt-r9-8mm-46124\/#breadcrumb","itemListElement":[{"@type":"ListItem","position":1,"name":"Home","item":"https:\/\/www.koupelnapro.com\/"},{"@type":"ListItem","position":2,"name":"Products","item":"https:\/\/www.koupelnapro.com\/index.php\/products\/"},{"@type":"ListItem","position":3,"name":"Autentick\u00fd KATAN anthracit 60&#215;120 | 01S | rekt | R9 | 8mm"}]},{"@type":"WebSite","@id":"https:\/\/www.koupelnapro.com\/#website","url":"https:\/\/www.koupelnapro.com\/","name":"","description":"","potentialAction":[{"@type":"SearchAction","target":{"@type":"EntryPoint","urlTemplate":"https:\/\/www.koupelnapro.com\/?s={search_term_string}"},"query-input":{"@type":"PropertyValueSpecification","valueRequired":true,"valueName":"search_term_string"}}],"inLanguage":"cs"}]}},"_links":{"self":[{"href":"https:\/\/www.koupelnapro.com\/index.php\/wp-json\/wp\/v2\/product\/46124","targetHints":{"allow":["GET"]}}],"collection":[{"href":"https:\/\/www.koupelnapro.com\/index.php\/wp-json\/wp\/v2\/product"}],"about":[{"href":"https:\/\/www.koupelnapro.com\/index.php\/wp-json\/wp\/v2\/types\/product"}],"replies":[{"embeddable":true,"href":"https:\/\/www.koupelnapro.com\/index.php\/wp-json\/wp\/v2\/comments?post=46124"}],"wp:featuredmedia":[{"embeddable":true,"href":"https:\/\/www.koupelnapro.com\/index.php\/wp-json\/wp\/v2\/media\/46224"}],"wp:attachment":[{"href":"https:\/\/www.koupelnapro.com\/index.php\/wp-json\/wp\/v2\/media?parent=46124"}],"wp:term":[{"taxonomy":"product_brand","embeddable":true,"href":"https:\/\/www.koupelnapro.com\/index.php\/wp-json\/wp\/v2\/product_brand?post=46124"},{"taxonomy":"product_cat","embeddable":true,"href":"https:\/\/www.koupelnapro.com\/index.php\/wp-json\/wp\/v2\/product_cat?post=46124"},{"taxonomy":"product_tag","embeddable":true,"href":"https:\/\/www.koupelnapro.com\/index.php\/wp-json\/wp\/v2\/product_tag?post=46124"}],"curies":[{"name":"wp","href":"https:\/\/api.w.org\/{rel}","templated":true}]}}