{"id":45978,"date":"2026-04-26T09:16:25","date_gmt":"2026-04-26T09:16:25","guid":{"rendered":""},"modified":"2026-04-26T09:16:25","modified_gmt":"2026-04-26T09:16:25","slug":"tecno-stone-anthracite-60x120-01s-rekt-r10-8mm-tovarni-cena-45978","status":"publish","type":"product","link":"https:\/\/www.koupelnapro.com\/index.php\/produkt\/tecno-stone-anthracite-60x120-01s-rekt-r10-8mm-tovarni-cena-45978\/","title":{"rendered":"TECNO STONE anthracite 60&#215;120 | 01S | rekt | R10 \/ 8mm Tov\u00e1rn\u00ed Cena"},"content":{"rendered":"<p><!-- Data sheet -->\t\t\t\t\t<\/p>\n<section id=\"idTab2\" class=\"page-product-box tab-pane\" role=\"tabpanel\" aria-labelledby=\"idTab2\">\n<table class=\"table-data-sheet\">\n<tr class=\"odd\">\n<td>Sleva<\/td>\n<td>Ano <\/td>\n<\/tr>\n<tr class=\"even\">\n<td>POVRCHOV\u00c1 \u00daPRAVA<\/td>\n<td>mat <\/td>\n<\/tr>\n<tr class=\"odd\">\n<td>FORM\u00c1T | ROZM\u011aR<\/td>\n<td>VF = velk\u00fd form\u00e1t = XL <\/td>\n<\/tr>\n<tr class=\"even\">\n<td>ODOLNOST | ZAT\u00cd\u017dEN\u00cd<\/td>\n<td>PEI 5 <\/td>\n<\/tr>\n<tr class=\"odd\">\n<td>PROTISKLUZNOST | HRUBOST<\/td>\n<td>R10 <\/td>\n<\/tr>\n<tr class=\"even\">\n<td>TYP | POU\u017dIT\u00cd<\/td>\n<td>dla\u017eba &#8211; podlaha | st\u011bna <\/td>\n<\/tr>\n<tr class=\"odd\">\n<td>REKTIFIKACE<\/td>\n<td>Ano <\/td>\n<\/tr>\n<tr class=\"even\">\n<td>JAKOST<\/td>\n<td>01S <\/td>\n<\/tr>\n<tr class=\"odd\">\n<td>VARIABILITA | ROZD\u00cdLNOST<\/td>\n<td>V4 <\/td>\n<\/tr>\n<tr class=\"even\">\n<td>VZHLED | IMITACE<\/td>\n<td>k\u00e1men <\/td>\n<\/tr>\n<tr class=\"odd\">\n<td>MRAZUVZDORNOST | EXTERI\u00c9R<\/td>\n<td>Ano <\/td>\n<\/tr>\n<tr class=\"even\">\n<td>V\u00ddPRODEJ OBKLADY DLA\u017dBY<\/td>\n<td>Ano <\/td>\n<\/tr>\n<\/table>\n<\/section>\n<p>\t\t\t\t\t<!--end Data sheet -->\t\t\t\t\t\t\t\t\t\t\t\t\t\t\t\t\t\t\t\t\t\t\t\t\t\t\t<\/div>\n<\/p><\/div>\n<p><!--QTR Accessories --><\/p>\n","protected":false},"excerpt":{"rendered":"<p>Sleva Ano POVRCHOV\u00c1 \u00daPRAVA mat FORM\u00c1T | ROZM\u011aR VF = velk\u00fd form\u00e1t = XL ODOLNOST | ZAT\u00cd\u017dEN\u00cd PEI 5 PROTISKLUZNOST | HRUBOST R10 TYP | POU\u017dIT\u00cd dla\u017eba &#8211; podlaha | st\u011bna REKTIFIKACE Ano JAKOST 01S VARIABILITA | ROZD\u00cdLNOST V4 VZHLED | IMITACE k\u00e1men MRAZUVZDORNOST | EXTERI\u00c9R Ano V\u00ddPRODEJ OBKLADY DLA\u017dBY Ano<\/p>\n","protected":false},"featured_media":46078,"comment_status":"open","ping_status":"open","template":"","meta":[],"product_brand":[],"product_cat":[162,161],"product_tag":[],"class_list":{"0":"post-45978","1":"product","2":"type-product","3":"status-publish","4":"has-post-thumbnail","6":"product_cat-dlazby","7":"product_cat-obklady","9":"first","10":"instock","11":"sale","12":"shipping-taxable","13":"purchasable","14":"product-type-simple"},"yoast_head":"<!-- This site is optimized with the Yoast SEO plugin v26.8 - https:\/\/yoast.com\/product\/yoast-seo-wordpress\/ -->\n<title>TECNO STONE anthracite 60x120 | 01S | rekt | R10 \/ 8mm Tov\u00e1rn\u00ed Cena -<\/title>\n<meta name=\"robots\" content=\"index, follow, max-snippet:-1, max-image-preview:large, max-video-preview:-1\" \/>\n<link rel=\"canonical\" href=\"https:\/\/www.koupelnapro.com\/index.php\/produkt\/tecno-stone-anthracite-60x120-01s-rekt-r10-8mm-tovarni-cena-45978\/\" \/>\n<meta property=\"og:locale\" content=\"cs_CZ\" \/>\n<meta property=\"og:type\" content=\"article\" \/>\n<meta property=\"og:title\" content=\"TECNO STONE anthracite 60x120 | 01S | rekt | R10 \/ 8mm Tov\u00e1rn\u00ed Cena -\" \/>\n<meta property=\"og:description\" content=\"Sleva Ano POVRCHOV\u00c1 \u00daPRAVA mat FORM\u00c1T | ROZM\u011aR VF = velk\u00fd form\u00e1t = XL ODOLNOST | ZAT\u00cd\u017dEN\u00cd PEI 5 PROTISKLUZNOST | HRUBOST R10 TYP | POU\u017dIT\u00cd dla\u017eba &#8211; podlaha | st\u011bna REKTIFIKACE Ano JAKOST 01S VARIABILITA | ROZD\u00cdLNOST V4 VZHLED | IMITACE k\u00e1men MRAZUVZDORNOST | EXTERI\u00c9R Ano V\u00ddPRODEJ OBKLADY DLA\u017dBY Ano\" \/>\n<meta property=\"og:url\" content=\"https:\/\/www.koupelnapro.com\/index.php\/produkt\/tecno-stone-anthracite-60x120-01s-rekt-r10-8mm-tovarni-cena-45978\/\" \/>\n<meta property=\"og:image\" content=\"https:\/\/www.koupelnapro.com\/wp-content\/uploads\/2026\/SK0002795-CZ20260425-093107-0-1777080667-61649-large_default.webp\" \/>\n\t<meta property=\"og:image:width\" content=\"470\" \/>\n\t<meta property=\"og:image:height\" content=\"470\" \/>\n\t<meta property=\"og:image:type\" content=\"image\/webp\" \/>\n<meta name=\"twitter:card\" content=\"summary_large_image\" \/>\n<script type=\"application\/ld+json\" class=\"yoast-schema-graph\">{\"@context\":\"https:\/\/schema.org\",\"@graph\":[{\"@type\":\"WebPage\",\"@id\":\"https:\/\/www.koupelnapro.com\/index.php\/produkt\/tecno-stone-anthracite-60x120-01s-rekt-r10-8mm-tovarni-cena-45978\/\",\"url\":\"https:\/\/www.koupelnapro.com\/index.php\/produkt\/tecno-stone-anthracite-60x120-01s-rekt-r10-8mm-tovarni-cena-45978\/\",\"name\":\"TECNO STONE anthracite 60x120 | 01S | rekt | R10 \/ 8mm Tov\u00e1rn\u00ed Cena -\",\"isPartOf\":{\"@id\":\"https:\/\/www.koupelnapro.com\/#website\"},\"primaryImageOfPage\":{\"@id\":\"https:\/\/www.koupelnapro.com\/index.php\/produkt\/tecno-stone-anthracite-60x120-01s-rekt-r10-8mm-tovarni-cena-45978\/#primaryimage\"},\"image\":{\"@id\":\"https:\/\/www.koupelnapro.com\/index.php\/produkt\/tecno-stone-anthracite-60x120-01s-rekt-r10-8mm-tovarni-cena-45978\/#primaryimage\"},\"thumbnailUrl\":\"https:\/\/www.koupelnapro.com\/wp-content\/uploads\/2026\/SK0002795-CZ20260425-093107-0-1777080667-61649-large_default.webp\",\"datePublished\":\"2026-04-26T09:16:25+00:00\",\"breadcrumb\":{\"@id\":\"https:\/\/www.koupelnapro.com\/index.php\/produkt\/tecno-stone-anthracite-60x120-01s-rekt-r10-8mm-tovarni-cena-45978\/#breadcrumb\"},\"inLanguage\":\"cs\",\"potentialAction\":[{\"@type\":\"ReadAction\",\"target\":[\"https:\/\/www.koupelnapro.com\/index.php\/produkt\/tecno-stone-anthracite-60x120-01s-rekt-r10-8mm-tovarni-cena-45978\/\"]}]},{\"@type\":\"ImageObject\",\"inLanguage\":\"cs\",\"@id\":\"https:\/\/www.koupelnapro.com\/index.php\/produkt\/tecno-stone-anthracite-60x120-01s-rekt-r10-8mm-tovarni-cena-45978\/#primaryimage\",\"url\":\"https:\/\/www.koupelnapro.com\/wp-content\/uploads\/2026\/SK0002795-CZ20260425-093107-0-1777080667-61649-large_default.webp\",\"contentUrl\":\"https:\/\/www.koupelnapro.com\/wp-content\/uploads\/2026\/SK0002795-CZ20260425-093107-0-1777080667-61649-large_default.webp\",\"width\":470,\"height\":470},{\"@type\":\"BreadcrumbList\",\"@id\":\"https:\/\/www.koupelnapro.com\/index.php\/produkt\/tecno-stone-anthracite-60x120-01s-rekt-r10-8mm-tovarni-cena-45978\/#breadcrumb\",\"itemListElement\":[{\"@type\":\"ListItem\",\"position\":1,\"name\":\"Home\",\"item\":\"https:\/\/www.koupelnapro.com\/\"},{\"@type\":\"ListItem\",\"position\":2,\"name\":\"Products\",\"item\":\"https:\/\/www.koupelnapro.com\/index.php\/products\/\"},{\"@type\":\"ListItem\",\"position\":3,\"name\":\"TECNO STONE anthracite 60&#215;120 | 01S | rekt | R10 \/ 8mm Tov\u00e1rn\u00ed Cena\"}]},{\"@type\":\"WebSite\",\"@id\":\"https:\/\/www.koupelnapro.com\/#website\",\"url\":\"https:\/\/www.koupelnapro.com\/\",\"name\":\"\",\"description\":\"\",\"potentialAction\":[{\"@type\":\"SearchAction\",\"target\":{\"@type\":\"EntryPoint\",\"urlTemplate\":\"https:\/\/www.koupelnapro.com\/?s={search_term_string}\"},\"query-input\":{\"@type\":\"PropertyValueSpecification\",\"valueRequired\":true,\"valueName\":\"search_term_string\"}}],\"inLanguage\":\"cs\"}]}<\/script>\n<!-- \/ Yoast SEO plugin. -->","yoast_head_json":{"title":"TECNO STONE anthracite 60x120 | 01S | rekt | R10 \/ 8mm Tov\u00e1rn\u00ed Cena -","robots":{"index":"index","follow":"follow","max-snippet":"max-snippet:-1","max-image-preview":"max-image-preview:large","max-video-preview":"max-video-preview:-1"},"canonical":"https:\/\/www.koupelnapro.com\/index.php\/produkt\/tecno-stone-anthracite-60x120-01s-rekt-r10-8mm-tovarni-cena-45978\/","og_locale":"cs_CZ","og_type":"article","og_title":"TECNO STONE anthracite 60x120 | 01S | rekt | R10 \/ 8mm Tov\u00e1rn\u00ed Cena -","og_description":"Sleva Ano POVRCHOV\u00c1 \u00daPRAVA mat FORM\u00c1T | ROZM\u011aR VF = velk\u00fd form\u00e1t = XL ODOLNOST | ZAT\u00cd\u017dEN\u00cd PEI 5 PROTISKLUZNOST | HRUBOST R10 TYP | POU\u017dIT\u00cd dla\u017eba &#8211; podlaha | st\u011bna REKTIFIKACE Ano JAKOST 01S VARIABILITA | ROZD\u00cdLNOST V4 VZHLED | IMITACE k\u00e1men MRAZUVZDORNOST | EXTERI\u00c9R Ano V\u00ddPRODEJ OBKLADY DLA\u017dBY Ano","og_url":"https:\/\/www.koupelnapro.com\/index.php\/produkt\/tecno-stone-anthracite-60x120-01s-rekt-r10-8mm-tovarni-cena-45978\/","og_image":[{"width":470,"height":470,"url":"https:\/\/www.koupelnapro.com\/wp-content\/uploads\/2026\/SK0002795-CZ20260425-093107-0-1777080667-61649-large_default.webp","type":"image\/webp"}],"twitter_card":"summary_large_image","schema":{"@context":"https:\/\/schema.org","@graph":[{"@type":"WebPage","@id":"https:\/\/www.koupelnapro.com\/index.php\/produkt\/tecno-stone-anthracite-60x120-01s-rekt-r10-8mm-tovarni-cena-45978\/","url":"https:\/\/www.koupelnapro.com\/index.php\/produkt\/tecno-stone-anthracite-60x120-01s-rekt-r10-8mm-tovarni-cena-45978\/","name":"TECNO STONE anthracite 60x120 | 01S | rekt | R10 \/ 8mm Tov\u00e1rn\u00ed Cena -","isPartOf":{"@id":"https:\/\/www.koupelnapro.com\/#website"},"primaryImageOfPage":{"@id":"https:\/\/www.koupelnapro.com\/index.php\/produkt\/tecno-stone-anthracite-60x120-01s-rekt-r10-8mm-tovarni-cena-45978\/#primaryimage"},"image":{"@id":"https:\/\/www.koupelnapro.com\/index.php\/produkt\/tecno-stone-anthracite-60x120-01s-rekt-r10-8mm-tovarni-cena-45978\/#primaryimage"},"thumbnailUrl":"https:\/\/www.koupelnapro.com\/wp-content\/uploads\/2026\/SK0002795-CZ20260425-093107-0-1777080667-61649-large_default.webp","datePublished":"2026-04-26T09:16:25+00:00","breadcrumb":{"@id":"https:\/\/www.koupelnapro.com\/index.php\/produkt\/tecno-stone-anthracite-60x120-01s-rekt-r10-8mm-tovarni-cena-45978\/#breadcrumb"},"inLanguage":"cs","potentialAction":[{"@type":"ReadAction","target":["https:\/\/www.koupelnapro.com\/index.php\/produkt\/tecno-stone-anthracite-60x120-01s-rekt-r10-8mm-tovarni-cena-45978\/"]}]},{"@type":"ImageObject","inLanguage":"cs","@id":"https:\/\/www.koupelnapro.com\/index.php\/produkt\/tecno-stone-anthracite-60x120-01s-rekt-r10-8mm-tovarni-cena-45978\/#primaryimage","url":"https:\/\/www.koupelnapro.com\/wp-content\/uploads\/2026\/SK0002795-CZ20260425-093107-0-1777080667-61649-large_default.webp","contentUrl":"https:\/\/www.koupelnapro.com\/wp-content\/uploads\/2026\/SK0002795-CZ20260425-093107-0-1777080667-61649-large_default.webp","width":470,"height":470},{"@type":"BreadcrumbList","@id":"https:\/\/www.koupelnapro.com\/index.php\/produkt\/tecno-stone-anthracite-60x120-01s-rekt-r10-8mm-tovarni-cena-45978\/#breadcrumb","itemListElement":[{"@type":"ListItem","position":1,"name":"Home","item":"https:\/\/www.koupelnapro.com\/"},{"@type":"ListItem","position":2,"name":"Products","item":"https:\/\/www.koupelnapro.com\/index.php\/products\/"},{"@type":"ListItem","position":3,"name":"TECNO STONE anthracite 60&#215;120 | 01S | rekt | R10 \/ 8mm Tov\u00e1rn\u00ed Cena"}]},{"@type":"WebSite","@id":"https:\/\/www.koupelnapro.com\/#website","url":"https:\/\/www.koupelnapro.com\/","name":"","description":"","potentialAction":[{"@type":"SearchAction","target":{"@type":"EntryPoint","urlTemplate":"https:\/\/www.koupelnapro.com\/?s={search_term_string}"},"query-input":{"@type":"PropertyValueSpecification","valueRequired":true,"valueName":"search_term_string"}}],"inLanguage":"cs"}]}},"_links":{"self":[{"href":"https:\/\/www.koupelnapro.com\/index.php\/wp-json\/wp\/v2\/product\/45978","targetHints":{"allow":["GET"]}}],"collection":[{"href":"https:\/\/www.koupelnapro.com\/index.php\/wp-json\/wp\/v2\/product"}],"about":[{"href":"https:\/\/www.koupelnapro.com\/index.php\/wp-json\/wp\/v2\/types\/product"}],"replies":[{"embeddable":true,"href":"https:\/\/www.koupelnapro.com\/index.php\/wp-json\/wp\/v2\/comments?post=45978"}],"wp:featuredmedia":[{"embeddable":true,"href":"https:\/\/www.koupelnapro.com\/index.php\/wp-json\/wp\/v2\/media\/46078"}],"wp:attachment":[{"href":"https:\/\/www.koupelnapro.com\/index.php\/wp-json\/wp\/v2\/media?parent=45978"}],"wp:term":[{"taxonomy":"product_brand","embeddable":true,"href":"https:\/\/www.koupelnapro.com\/index.php\/wp-json\/wp\/v2\/product_brand?post=45978"},{"taxonomy":"product_cat","embeddable":true,"href":"https:\/\/www.koupelnapro.com\/index.php\/wp-json\/wp\/v2\/product_cat?post=45978"},{"taxonomy":"product_tag","embeddable":true,"href":"https:\/\/www.koupelnapro.com\/index.php\/wp-json\/wp\/v2\/product_tag?post=45978"}],"curies":[{"name":"wp","href":"https:\/\/api.w.org\/{rel}","templated":true}]}}